{"id":4352,"date":"2022-08-10T18:12:22","date_gmt":"2022-08-10T18:12:22","guid":{"rendered":"https:\/\/starlediluminacion.com\/?post_type=product&#038;p=4352"},"modified":"2022-08-19T20:36:43","modified_gmt":"2022-08-19T20:36:43","slug":"barra-lineal-led-integrado-superficie-texas-plata-24v-05m-1m-15m-2m","status":"publish","type":"product","link":"https:\/\/starlediluminacion.com\/pt\/product\/led-linear-bar-integrated-surface-texas-silver-24v-05m-1m-15m-2m\/","title":{"rendered":"<p>Barra Linear LED Integrada - Superf\u00edcie - TEXAS SILVER -24V- 0,5m - 1m - 1,5m - 2m<\/p>"},"content":{"rendered":"<div class=\"product-info-line\">\n<p id=\"product_reference\"><label>REFER\u00caNCIA: SL<span style=\"font-size: 16px;\">05015-P<\/span><\/label><\/p>\n<p>O nosso&nbsp;<strong>Lumin\u00e1ria profissional<\/strong>&nbsp;linear&nbsp;<strong>24V<\/strong>.<strong>&nbsp;<\/strong><strong>- TEXAS - PRATA ANODIZADA -<\/strong>&nbsp;foi concebido para uma utiliza\u00e7\u00e3o intensiva 24 horas ininterruptas. O nosso&nbsp;<strong>barra de superf\u00edcie<\/strong>&nbsp;\u00e9&nbsp;<strong>feito na Europa<\/strong>A fonte de luz \u00e9 feita \u00e0 medida das suas necessidades. Alum\u00ednio extrudido de 98% de pureza, a fonte de luz profissional \u00e9 - -&nbsp;<strong>SMD2010 12W\/M -<\/strong>&nbsp;entrega<strong>&nbsp;1188 l\u00famenes por metro<\/strong>&nbsp;-&nbsp;<strong>266 Leds\/metro<\/strong>. A lumin\u00e1ria LED integrada inclui clips de fixa\u00e7\u00e3o, fonte de alimenta\u00e7\u00e3o n\u00e3o inclu\u00edda. 2 metros de cabo.<strong>&nbsp;Garantia de 3 anos.&nbsp;<\/strong><\/p>\n<p><strong>O tempo de produ\u00e7\u00e3o \u00e9 de 5 a 7 dias \u00fateis.<\/strong><strong>&nbsp;<\/strong>(Segunda a sexta-feira).<\/p>\n<p>O nosso difusor \u00e9 branco opalino.<\/p>\n<h1>Barra Linear LED Integrada 24V TEXAS Prata - Superf\u00edcie<\/h1>\n<p>&nbsp;<\/p>\n<p>O nosso&nbsp;<strong>barra LED integrada<\/strong>&nbsp;foi concebido para uso profissional intensivo onde \u00e9 necess\u00e1ria uma alta qualidade de luz.&nbsp;<strong>- \u00cdNDICE DE DESEMPENHO CROM\u00c1TICO +90<\/strong>-e, ao mesmo tempo, uma boa vida \u00fatil.<\/p>\n<p>O nosso linear LED \u00e9 uma gama vers\u00e1til e intemporal, pode ser o protagonista na concep\u00e7\u00e3o interior de um espa\u00e7o ou adaptar-se a ele. Gra\u00e7as aos v\u00e1rios tamanhos e cores dispon\u00edveis, pode proporcionar uma grande variedade de sensa\u00e7\u00f5es visuais que definir\u00e3o o espa\u00e7o a partir de uma nova perspectiva.<\/p>\n<p>Dispon\u00edvel em v\u00e1rios comprimentos e em vers\u00f5es suspensas ou montadas no tecto para se adaptar a diferentes necessidades e alturas de instala\u00e7\u00e3o. As lumin\u00e1rias, com at\u00e9 2 metros de comprimento, tornam-se belos vest\u00edgios de luz que moldam o espa\u00e7o.<\/p>\n<p>O nosso&nbsp;<strong>perfil LED integrado<\/strong>&nbsp;desenha linhas homog\u00e9neas de luz que se adaptam a uma grande variedade de espa\u00e7os com impacto visual m\u00ednimo, resolvendo tanto as necessidades de ilumina\u00e7\u00e3o geral como a ilumina\u00e7\u00e3o de planos verticais e horizontais.<\/p>\n<p>O seu design combina difusores de alta transmit\u00e2ncia que proporcionam um elevado conforto visual e efici\u00eancia energ\u00e9tica.<\/p>\n<p>O nosso<strong>&nbsp;lumin\u00e1ria linear profissional LED<\/strong>&nbsp;tem um poder de&nbsp;<strong>12W\/metro.<\/strong><\/p>\n<p>A fonte de luz da nossa lumin\u00e1ria linear LED incorpora 266 Leds\/metro de&nbsp;<strong>alta luminosidade<\/strong>&nbsp;SMD2010 entregando1188Lm\/metro; os LEDs incorporam solda de fio de ouro para uma vida mais longa.<strong><br>\n<\/strong><\/p>\n<p>A lumin\u00e1ria LED integrada inclui 2 metros de cabo para uma f\u00e1cil liga\u00e7\u00e3o. O consumo da lumin\u00e1ria \u00e9 de 6W para 50cm; 12W para 100cm; 18W para 150cm; e 24W para 200cm. A lumin\u00e1ria LED \u00e9 feita de alum\u00ednio de alta pureza 6063\/6060 (98%), com tratamento t\u00e9rmico UNE EN 755 e UNE EN 12020-1.<\/p>\n<p>O revestimento da lumin\u00e1ria \u00e9 de&nbsp;<strong>alta resist\u00eancia e qualidade<\/strong>O revestimento de prata \u00e9 -Qualanod- 15 microns de espessura para uma longa vida \u00fatil. Difusor de alta transmit\u00e2ncia para minimizar a perda de l\u00famen.<\/p>\n<p>O nosso&nbsp;<strong>barra linear LED integrada<\/strong>&nbsp; tal como \u00e9 feita \u00e0 medida, oferece v\u00e1rias possibilidades de escolher entre uma ilumina\u00e7\u00e3o mais quente, neutra ou fria, e v\u00e1rias cores \u00e0 escolha.<\/p>\n<p>A lumin\u00e1ria \u00e9 fabricada na Europa \u00e0 medida desejada pelo cliente, pelo que este produto n\u00e3o admite devolu\u00e7\u00f5es de produtos, uma vez que \u00e9 um produto feito \u00e0 medida.<\/p>\n<p><strong>O tempo de produ\u00e7\u00e3o \u00e9 de 5 a 7 dias \u00fateis.<\/strong><\/p>\n<p>&nbsp;<\/p>\n<h2>Usos da Barra Linear LED Integrada - Superf\u00edcie - TEXAS SILVER<\/h2>\n<ul>\n<li>Lojas<\/li>\n<li>Exposi\u00e7\u00f5es<\/li>\n<li>Ind\u00fastrias<\/li>\n<li>Escrit\u00f3rios<\/li>\n<li>Agregados dom\u00e9sticos<\/li>\n<\/ul>\n<h3 class=\"page-product-heading\">DADOS T\u00c9CNICOS<\/h3>\n<div class=\"col-xs-12 col-md-6\">\n<table class=\"table table-data-sheet 1\">\n<tbody>\n<tr class=\"odd\">\n<td valign=\"middle\" width=\"32\"><\/td>\n<td valign=\"middle\">REFER\u00caNCIA :<\/td>\n<td valign=\"middle\">SL05015-P<\/td>\n<\/tr>\n<tr class=\"even\">\n<td valign=\"middle\" width=\"32\"><\/td>\n<td valign=\"middle\">Pot\u00eancia nominal :<\/td>\n<td valign=\"middle\">6W 0.5m -12W 1m -18W 1.5m-24W 2m<\/td>\n<\/tr>\n<tr class=\"odd\">\n<td valign=\"middle\" width=\"32\"><\/td>\n<td valign=\"middle\">Tens\u00e3o Nominal:<\/td>\n<td valign=\"middle\">24V DC<\/td>\n<\/tr>\n<tr class=\"even\">\n<td valign=\"middle\" width=\"32\"><\/td>\n<td valign=\"middle\">Temperatura ligeira:<\/td>\n<td valign=\"middle\">3000K-4000K-6000K -RED-GREEN-BLUE<\/td>\n<\/tr>\n<tr class=\"odd\">\n<td valign=\"middle\" width=\"32\"><\/td>\n<td valign=\"middle\">CRI - Colour Rendering Index:<\/td>\n<td valign=\"middle\">90<\/td>\n<\/tr>\n<tr class=\"even\">\n<td valign=\"middle\" width=\"32\"><\/td>\n<td valign=\"middle\">Material de constru\u00e7\u00e3o:<\/td>\n<td valign=\"middle\">Alum\u00ednio +PC<\/td>\n<\/tr>\n<tr class=\"odd\">\n<td valign=\"middle\" width=\"32\"><\/td>\n<td valign=\"middle\">Luminosidade-Lm:<\/td>\n<td valign=\"middle\">1M:1188Lm\/2M: 2376Lm<\/td>\n<\/tr>\n<tr class=\"even\">\n<td valign=\"middle\" width=\"32\"><\/td>\n<td valign=\"middle\">Tipo de LEDs:<\/td>\n<td valign=\"middle\">SMD2010 - 266 Fichas\/M<\/td>\n<\/tr>\n<tr class=\"odd\">\n<td valign=\"middle\" width=\"32\"><\/td>\n<td valign=\"middle\">\u00c2ngulo de abertura (\u00ba):<\/td>\n<td valign=\"middle\">120\u00ba<\/td>\n<\/tr>\n<tr class=\"even\">\n<td valign=\"middle\" width=\"32\"><\/td>\n<td valign=\"middle\">Efici\u00eancia dos d\u00edodos LED (Lm\/W):<\/td>\n<td valign=\"middle\">150Lm\/W<\/td>\n<\/tr>\n<tr class=\"odd\">\n<td valign=\"middle\" width=\"32\"><\/td>\n<td valign=\"middle\">Efic\u00e1cia luminosa (Lm\/W):<\/td>\n<td valign=\"middle\">100 Lm\/W<\/td>\n<\/tr>\n<tr class=\"even\">\n<td valign=\"middle\" width=\"32\"><\/td>\n<td valign=\"middle\">Certificados:<\/td>\n<td valign=\"middle\">CE - ROHS<\/td>\n<\/tr>\n<\/tbody>\n<\/table>\n<\/div>\n<div class=\"col-xs-12 col-md-6 2\">\n<table class=\"table table-data-sheet 2\">\n<tbody>\n<tr class=\"odd\">\n<td valign=\"middle\" width=\"32\"><\/td>\n<td valign=\"middle\">Classifica\u00e7\u00e3o IP:<\/td>\n<td valign=\"middle\">IP54<\/td>\n<\/tr>\n<tr class=\"even\">\n<td valign=\"middle\" width=\"32\"><\/td>\n<td valign=\"middle\">D\u00edodo LED de vida estimada (H):<\/td>\n<td valign=\"middle\">50.000<\/td>\n<\/tr>\n<tr class=\"odd\">\n<td valign=\"middle\" width=\"32\"><\/td>\n<td valign=\"middle\">Dimens\u00f5es (mm):<\/td>\n<td valign=\"middle\">L: 0,50m - 1m - 1,5m - 2m<\/td>\n<\/tr>\n<tr class=\"even\">\n<td valign=\"middle\" width=\"32\"><\/td>\n<td valign=\"middle\">Factor de pot\u00eancia (PF):<\/td>\n<td valign=\"middle\">0.97<\/td>\n<\/tr>\n<tr class=\"odd\">\n<td valign=\"middle\" width=\"32\"><\/td>\n<td valign=\"middle\">Frequ\u00eancia de trabalho (Hz):<\/td>\n<td valign=\"middle\">50\/60Hz<\/td>\n<\/tr>\n<tr class=\"even\">\n<td valign=\"middle\" width=\"32\"><\/td>\n<td valign=\"middle\">Gama de temperaturas (\u00baC):<\/td>\n<td valign=\"middle\">-20\u00b0C ~ +55\u00b0C<\/td>\n<\/tr>\n<tr class=\"odd\">\n<td valign=\"middle\" width=\"32\"><\/td>\n<td valign=\"middle\">Ciclos de Igni\u00e7\u00e3o:<\/td>\n<td valign=\"middle\">100.000<\/td>\n<\/tr>\n<tr class=\"even\">\n<td valign=\"middle\" width=\"32\"><\/td>\n<td valign=\"middle\">Tempo de arranque (s):<\/td>\n<td valign=\"middle\">0,2s<\/td>\n<\/tr>\n<tr class=\"even\">\n<td valign=\"middle\" width=\"32\"><\/td>\n<td valign=\"middle\">Classe energ\u00e9tica (2021-EU-2019\/2015):<\/td>\n<td valign=\"middle\">A+<\/td>\n<\/tr>\n<tr class=\"odd\">\n<td valign=\"middle\" width=\"32\"><\/td>\n<td valign=\"middle\">Anos de garantia:<\/td>\n<td valign=\"middle\">3<\/td>\n<\/tr>\n<\/tbody>\n<\/table>\n<p>&nbsp;<\/p>\n<\/div>\n<\/div>","protected":false},"excerpt":{"rendered":"<div class=\"col-md-12\"><i class=\"fa fa-truck\"><\/i>&nbsp;<span class=\"text-muted textprop\">Entrega em 24\/48 horas<\/span><div class=\"col-md-12\"><i class=\"fa fa-exchange\"><\/i>&nbsp;<span class=\"text-muted textprop\">Garantia do segurado<\/span><\/div><div class=\"col-md-12\"><i class=\"fa fa-box\"><\/i>&nbsp;<span class=\"text-muted textprop\">50 unidade(s) por Masterbox<\/span><\/div><div><strong>TEMPERATURA DE COR: 3000K\/4000K\/6000K ( AZUL\/VERMELHO\/VERDE )<\/strong><\/div><div><strong>COMPRIMENTO : 0.5M\/1M\/1.5\/2M<\/strong><\/div><\/div>","protected":false},"featured_media":4353,"template":"","meta":{"site-sidebar-layout":"default","site-content-layout":"default","ast-global-header-display":"","ast-main-header-display":"","ast-hfb-above-header-display":"","ast-hfb-below-header-display":"","ast-hfb-mobile-header-display":"","site-post-title":"","ast-breadcrumbs-content":"","ast-featured-img":"","footer-sml-layout":"","theme-transparent-header-meta":"default","adv-header-id-meta":"","stick-header-meta":"","header-above-stick-meta":"","header-main-stick-meta":"","header-below-stick-meta":""},"product_cat":[33,94,45],"product_tag":[],"class_list":["post-4352","product","type-product","status-publish","has-post-thumbnail","hentry","product_cat-barras-lineales-led","product_cat-perfiles-de-aluminio-led","product_cat-tiras-led-y-neon-flexible"],"yoast_head":"<!-- This site is optimized with the Yoast SEO plugin v27.4 - https:\/\/yoast.com\/product\/yoast-seo-wordpress\/ -->\n<title>Barra Lineal LED Integrado - Superficie - TEXAS PLATA -24V- 0,5m - 1m - 1,5m - 2m - STARLED Iluminacion<\/title>\n<meta name=\"robots\" content=\"index, follow, max-snippet:-1, max-image-preview:large, max-video-preview:-1\" \/>\n<link rel=\"canonical\" href=\"https:\/\/starlediluminacion.com\/pt\/product\/led-linear-bar-integrated-surface-texas-silver-24v-05m-1m-15m-2m\/\" \/>\n<meta property=\"og:locale\" content=\"pt_PT\" \/>\n<meta property=\"og:type\" content=\"article\" \/>\n<meta property=\"og:title\" content=\"Barra Lineal LED Integrado - Superficie - TEXAS PLATA -24V- 0,5m - 1m - 1,5m - 2m - STARLED Iluminacion\" \/>\n<meta property=\"og:description\" content=\"\u00a0Entrega en 24\/48 horas \u00a0Garant\u00eda asegurada \u00a050 unidad(es) por Masterbox TEMPERATURA DE COLOR: 3000K\/4000K\/6000K ( AZUL\/ROJO\/VERDE ) LARGO : 0.5M\/1M\/1.5\/2M\" \/>\n<meta property=\"og:url\" content=\"https:\/\/starlediluminacion.com\/pt\/product\/led-linear-bar-integrated-surface-texas-silver-24v-05m-1m-15m-2m\/\" \/>\n<meta property=\"og:site_name\" content=\"STARLED Iluminacion\" \/>\n<meta property=\"article:modified_time\" content=\"2022-08-19T20:36:43+00:00\" \/>\n<meta property=\"og:image\" content=\"https:\/\/starlediluminacion.com\/wp-content\/uploads\/2022\/08\/barra-lineal-led-integrado-superficie-texas-plata-24v-factorled-1.jpg\" \/>\n\t<meta property=\"og:image:width\" content=\"1000\" \/>\n\t<meta property=\"og:image:height\" content=\"1000\" \/>\n\t<meta property=\"og:image:type\" content=\"image\/jpeg\" \/>\n<meta name=\"twitter:card\" content=\"summary_large_image\" \/>\n<meta name=\"twitter:label1\" content=\"Tempo estimado de leitura\" \/>\n\t<meta name=\"twitter:data1\" content=\"3 minutos\" \/>\n<script type=\"application\/ld+json\" class=\"yoast-schema-graph\">{\"@context\":\"https:\\\/\\\/schema.org\",\"@graph\":[{\"@type\":\"WebPage\",\"@id\":\"https:\\\/\\\/starlediluminacion.com\\\/producto\\\/barra-lineal-led-integrado-superficie-texas-plata-24v-05m-1m-15m-2m\\\/\",\"url\":\"https:\\\/\\\/starlediluminacion.com\\\/producto\\\/barra-lineal-led-integrado-superficie-texas-plata-24v-05m-1m-15m-2m\\\/\",\"name\":\"Barra Lineal LED Integrado - Superficie - TEXAS PLATA -24V- 0,5m - 1m - 1,5m - 2m - STARLED Iluminacion\",\"isPartOf\":{\"@id\":\"https:\\\/\\\/starlediluminacion.com\\\/#website\"},\"primaryImageOfPage\":{\"@id\":\"https:\\\/\\\/starlediluminacion.com\\\/producto\\\/barra-lineal-led-integrado-superficie-texas-plata-24v-05m-1m-15m-2m\\\/#primaryimage\"},\"image\":{\"@id\":\"https:\\\/\\\/starlediluminacion.com\\\/producto\\\/barra-lineal-led-integrado-superficie-texas-plata-24v-05m-1m-15m-2m\\\/#primaryimage\"},\"thumbnailUrl\":\"https:\\\/\\\/starlediluminacion.com\\\/wp-content\\\/uploads\\\/2022\\\/08\\\/barra-lineal-led-integrado-superficie-texas-plata-24v-factorled-1.jpg\",\"datePublished\":\"2022-08-10T18:12:22+00:00\",\"dateModified\":\"2022-08-19T20:36:43+00:00\",\"breadcrumb\":{\"@id\":\"https:\\\/\\\/starlediluminacion.com\\\/producto\\\/barra-lineal-led-integrado-superficie-texas-plata-24v-05m-1m-15m-2m\\\/#breadcrumb\"},\"inLanguage\":\"pt-PT\",\"potentialAction\":[{\"@type\":\"ReadAction\",\"target\":[\"https:\\\/\\\/starlediluminacion.com\\\/producto\\\/barra-lineal-led-integrado-superficie-texas-plata-24v-05m-1m-15m-2m\\\/\"]}]},{\"@type\":\"ImageObject\",\"inLanguage\":\"pt-PT\",\"@id\":\"https:\\\/\\\/starlediluminacion.com\\\/producto\\\/barra-lineal-led-integrado-superficie-texas-plata-24v-05m-1m-15m-2m\\\/#primaryimage\",\"url\":\"https:\\\/\\\/starlediluminacion.com\\\/wp-content\\\/uploads\\\/2022\\\/08\\\/barra-lineal-led-integrado-superficie-texas-plata-24v-factorled-1.jpg\",\"contentUrl\":\"https:\\\/\\\/starlediluminacion.com\\\/wp-content\\\/uploads\\\/2022\\\/08\\\/barra-lineal-led-integrado-superficie-texas-plata-24v-factorled-1.jpg\",\"width\":1000,\"height\":1000},{\"@type\":\"BreadcrumbList\",\"@id\":\"https:\\\/\\\/starlediluminacion.com\\\/producto\\\/barra-lineal-led-integrado-superficie-texas-plata-24v-05m-1m-15m-2m\\\/#breadcrumb\",\"itemListElement\":[{\"@type\":\"ListItem\",\"position\":1,\"name\":\"Portada\",\"item\":\"https:\\\/\\\/starlediluminacion.com\\\/\"},{\"@type\":\"ListItem\",\"position\":2,\"name\":\"Shop\",\"item\":\"https:\\\/\\\/starlediluminacion.com\\\/shop-2\\\/\"},{\"@type\":\"ListItem\",\"position\":3,\"name\":\"Barra Lineal LED Integrado &#8211; Superficie &#8211; TEXAS PLATA -24V- 0,5m &#8211; 1m &#8211; 1,5m &#8211; 2m\"}]},{\"@type\":\"WebSite\",\"@id\":\"https:\\\/\\\/starlediluminacion.com\\\/#website\",\"url\":\"https:\\\/\\\/starlediluminacion.com\\\/\",\"name\":\"STARLED Iluminacion\",\"description\":\"\",\"potentialAction\":[{\"@type\":\"SearchAction\",\"target\":{\"@type\":\"EntryPoint\",\"urlTemplate\":\"https:\\\/\\\/starlediluminacion.com\\\/?s={search_term_string}\"},\"query-input\":{\"@type\":\"PropertyValueSpecification\",\"valueRequired\":true,\"valueName\":\"search_term_string\"}}],\"inLanguage\":\"pt-PT\"}]}<\/script>\n<!-- \/ Yoast SEO plugin. -->","yoast_head_json":{"title":"Barra Lineal LED Integrado - Superficie - TEXAS PLATA -24V- 0,5m - 1m - 1,5m - 2m - STARLED Iluminacion","robots":{"index":"index","follow":"follow","max-snippet":"max-snippet:-1","max-image-preview":"max-image-preview:large","max-video-preview":"max-video-preview:-1"},"canonical":"https:\/\/starlediluminacion.com\/pt\/product\/led-linear-bar-integrated-surface-texas-silver-24v-05m-1m-15m-2m\/","og_locale":"pt_PT","og_type":"article","og_title":"Barra Lineal LED Integrado - Superficie - TEXAS PLATA -24V- 0,5m - 1m - 1,5m - 2m - STARLED Iluminacion","og_description":"\u00a0Entrega en 24\/48 horas \u00a0Garant\u00eda asegurada \u00a050 unidad(es) por Masterbox TEMPERATURA DE COLOR: 3000K\/4000K\/6000K ( AZUL\/ROJO\/VERDE ) LARGO : 0.5M\/1M\/1.5\/2M","og_url":"https:\/\/starlediluminacion.com\/pt\/product\/led-linear-bar-integrated-surface-texas-silver-24v-05m-1m-15m-2m\/","og_site_name":"STARLED Iluminacion","article_modified_time":"2022-08-19T20:36:43+00:00","og_image":[{"width":1000,"height":1000,"url":"https:\/\/starlediluminacion.com\/wp-content\/uploads\/2022\/08\/barra-lineal-led-integrado-superficie-texas-plata-24v-factorled-1.jpg","type":"image\/jpeg"}],"twitter_card":"summary_large_image","twitter_misc":{"Tempo estimado de leitura":"3 minutos"},"schema":{"@context":"https:\/\/schema.org","@graph":[{"@type":"WebPage","@id":"https:\/\/starlediluminacion.com\/producto\/barra-lineal-led-integrado-superficie-texas-plata-24v-05m-1m-15m-2m\/","url":"https:\/\/starlediluminacion.com\/producto\/barra-lineal-led-integrado-superficie-texas-plata-24v-05m-1m-15m-2m\/","name":"Barra Lineal LED Integrado - Superficie - TEXAS PLATA -24V- 0,5m - 1m - 1,5m - 2m - STARLED Iluminacion","isPartOf":{"@id":"https:\/\/starlediluminacion.com\/#website"},"primaryImageOfPage":{"@id":"https:\/\/starlediluminacion.com\/producto\/barra-lineal-led-integrado-superficie-texas-plata-24v-05m-1m-15m-2m\/#primaryimage"},"image":{"@id":"https:\/\/starlediluminacion.com\/producto\/barra-lineal-led-integrado-superficie-texas-plata-24v-05m-1m-15m-2m\/#primaryimage"},"thumbnailUrl":"https:\/\/starlediluminacion.com\/wp-content\/uploads\/2022\/08\/barra-lineal-led-integrado-superficie-texas-plata-24v-factorled-1.jpg","datePublished":"2022-08-10T18:12:22+00:00","dateModified":"2022-08-19T20:36:43+00:00","breadcrumb":{"@id":"https:\/\/starlediluminacion.com\/producto\/barra-lineal-led-integrado-superficie-texas-plata-24v-05m-1m-15m-2m\/#breadcrumb"},"inLanguage":"pt-PT","potentialAction":[{"@type":"ReadAction","target":["https:\/\/starlediluminacion.com\/producto\/barra-lineal-led-integrado-superficie-texas-plata-24v-05m-1m-15m-2m\/"]}]},{"@type":"ImageObject","inLanguage":"pt-PT","@id":"https:\/\/starlediluminacion.com\/producto\/barra-lineal-led-integrado-superficie-texas-plata-24v-05m-1m-15m-2m\/#primaryimage","url":"https:\/\/starlediluminacion.com\/wp-content\/uploads\/2022\/08\/barra-lineal-led-integrado-superficie-texas-plata-24v-factorled-1.jpg","contentUrl":"https:\/\/starlediluminacion.com\/wp-content\/uploads\/2022\/08\/barra-lineal-led-integrado-superficie-texas-plata-24v-factorled-1.jpg","width":1000,"height":1000},{"@type":"BreadcrumbList","@id":"https:\/\/starlediluminacion.com\/producto\/barra-lineal-led-integrado-superficie-texas-plata-24v-05m-1m-15m-2m\/#breadcrumb","itemListElement":[{"@type":"ListItem","position":1,"name":"Portada","item":"https:\/\/starlediluminacion.com\/"},{"@type":"ListItem","position":2,"name":"Shop","item":"https:\/\/starlediluminacion.com\/shop-2\/"},{"@type":"ListItem","position":3,"name":"Barra Lineal LED Integrado &#8211; Superficie &#8211; TEXAS PLATA -24V- 0,5m &#8211; 1m &#8211; 1,5m &#8211; 2m"}]},{"@type":"WebSite","@id":"https:\/\/starlediluminacion.com\/#website","url":"https:\/\/starlediluminacion.com\/","name":"STARLED Iluminacion","description":"","potentialAction":[{"@type":"SearchAction","target":{"@type":"EntryPoint","urlTemplate":"https:\/\/starlediluminacion.com\/?s={search_term_string}"},"query-input":{"@type":"PropertyValueSpecification","valueRequired":true,"valueName":"search_term_string"}}],"inLanguage":"pt-PT"}]}},"_links":{"self":[{"href":"https:\/\/starlediluminacion.com\/pt\/wp-json\/wp\/v3\/product\/4352","targetHints":{"allow":["GET"]}}],"collection":[{"href":"https:\/\/starlediluminacion.com\/pt\/wp-json\/wp\/v3\/product"}],"about":[{"href":"https:\/\/starlediluminacion.com\/pt\/wp-json\/wp\/v2\/types\/product"}],"wp:featuredmedia":[{"embeddable":true,"href":"https:\/\/starlediluminacion.com\/pt\/wp-json\/wp\/v2\/media\/4353"}],"wp:attachment":[{"href":"https:\/\/starlediluminacion.com\/pt\/wp-json\/wp\/v2\/media?parent=4352"}],"wp:term":[{"taxonomy":"product_cat","embeddable":true,"href":"https:\/\/starlediluminacion.com\/pt\/wp-json\/wp\/v2\/product_cat?post=4352"},{"taxonomy":"product_tag","embeddable":true,"href":"https:\/\/starlediluminacion.com\/pt\/wp-json\/wp\/v2\/product_tag?post=4352"}],"curies":[{"name":"wp","href":"https:\/\/api.w.org\/{rel}","templated":true}]}}