{"id":4320,"date":"2022-08-09T20:44:02","date_gmt":"2022-08-09T20:44:02","guid":{"rendered":"https:\/\/starlediluminacion.com\/?post_type=product&#038;p=4320"},"modified":"2022-12-18T10:49:50","modified_gmt":"2022-12-18T10:49:50","slug":"detector-de-movimiento-para-campana-ufo-diamond","status":"publish","type":"product","link":"https:\/\/starlediluminacion.com\/pt\/product\/detector-de-movimiento-para-campana-ufo-diamond\/","title":{"rendered":"<p>Detetor de movimento para camp\u00e2nulas UFO DIAMOND<\/p>"},"content":{"rendered":"<p>REFERENCIA: SL960004<div class=\"hidden-xs parrafo\">\n<p>Detector de Movimiento para instalar en la Campana LED UFO DIAMOND. Para programar las opciones del sensor es necesario disponer del mando de control c&oacute;digo: 960005, con un solo mando podr&aacute;s controlar tus campanas LED. Comienza a ahorrar ya en tu factura el&eacute;ctrica.<\/p>\n<\/div><div id=\"views_block-1\" class=\"clearfix\">\n<div id=\"thumbs_list\">\n<h1>Detetor de movimento exclusivo para o&nbsp;<strong>Campana LED UFO&nbsp;DIAMOND&nbsp;<\/strong><\/h1>\n<p>&nbsp;<\/p>\n<p>Su instalaci&oacute;n es muy sencilla gracias a los pines de conexi&oacute;n que encajan perfectamente en la base de la Campana LED DIAMOND. Una vez metidos los pines s&oacute;lo hay que girar un poco para que quede completamente instalado.<\/p>\n<p>O detetor de movimento funciona com o controlo remoto que \u00e9 vendido separadamente.<\/p>\n<p>O nosso sensor de movimento que reduz a intensidade da ilumina\u00e7\u00e3o de alta para baixa consoante o movimento.<br>\nEste sensor est&aacute; dise&ntilde;ado para instalarse dentro de la parte inferior del cuerpo de un artefacto de iluminaci&oacute;n, UFO High Bay.<\/p>\n<p>Os sensores utilizam tecnologia de dete\u00e7\u00e3o de micro-ondas que reage a altera\u00e7\u00f5es de movimento dentro da \u00e1rea de cobertura.<\/p>\n<p>Quando o sensor deixar de detetar movimento e o tempo de atraso passar, as luzes passar\u00e3o do modo alto para o modo baixo e, eventualmente, para a posi\u00e7\u00e3o OFF, se desejado.<\/p>\n<p>Los sensores deben &laquo;ver&raquo; directamente el movimiento de una persona u objeto en movimiento para detectarlos, por lo que se debe prestar especial atenci&oacute;n a la ubicaci&oacute;n de la luminaria del sensor y la selecci&oacute;n de la lente.<\/p>\n<p>Evite colocar o sensor onde haja obstru\u00e7\u00f5es que possam bloquear a linha de vis\u00e3o do sensor.<\/p>\n<h3 class=\"page-product-heading\">DADOS T\u00c9CNICOS<\/h3>\n<div class=\"col-xs-12 col-md-6\">\n<table class=\"table table-data-sheet 1\">\n<tbody>\n<tr class=\"odd\">\n<td valign=\"middle\" width=\"32\"><\/td>\n<td valign=\"middle\">REFER\u00caNCIA :<\/td>\n<td valign=\"middle\">SL960004<\/td>\n<\/tr>\n<tr class=\"even\">\n<td valign=\"middle\" width=\"32\"><\/td>\n<td valign=\"middle\">Tens\u00e3o Nominal:<\/td>\n<td valign=\"middle\">12V 0,03A<\/td>\n<\/tr>\n<tr class=\"odd\">\n<td valign=\"middle\" width=\"32\"><\/td>\n<td valign=\"middle\">Material de constru\u00e7\u00e3o:<\/td>\n<td valign=\"middle\">Termopl\u00e1stico<\/td>\n<\/tr>\n<tr class=\"even\">\n<td valign=\"middle\" width=\"32\"><\/td>\n<td valign=\"middle\">\u00c2ngulo de abertura (\u00ba):<\/td>\n<td valign=\"middle\">150\u00ba<\/td>\n<\/tr>\n<tr class=\"odd\">\n<td valign=\"middle\" width=\"32\"><\/td>\n<td valign=\"middle\">Dimit\u00e1vel:<\/td>\n<td valign=\"middle\">SIM<\/td>\n<\/tr>\n<tr class=\"even\">\n<td valign=\"middle\" width=\"32\"><\/td>\n<td valign=\"middle\">Certificados:<\/td>\n<td valign=\"middle\">CE - ROHS<\/td>\n<\/tr>\n<tr class=\"odd\">\n<td valign=\"middle\" width=\"32\"><\/td>\n<td valign=\"middle\">Classifica\u00e7\u00e3o IP:<\/td>\n<td valign=\"middle\">IP65-Outdoor<\/td>\n<\/tr>\n<\/tbody>\n<\/table>\n<\/div>\n<div class=\"col-xs-12 col-md-6 2\">\n<table class=\"table table-data-sheet 2\">\n<tbody>\n<tr class=\"odd\">\n<td valign=\"middle\" width=\"32\"><\/td>\n<td valign=\"middle\">Dimens\u00f5es (mm):<\/td>\n<td valign=\"middle\">\u00d860H30mm<\/td>\n<\/tr>\n<tr class=\"even\">\n<td valign=\"middle\" width=\"32\"><\/td>\n<td valign=\"middle\">Informa\u00e7\u00e3o adicional:<\/td>\n<td valign=\"middle\">MICROWAVE 5.8GHz<\/td>\n<\/tr>\n<tr class=\"odd\">\n<td valign=\"middle\" width=\"32\"><\/td>\n<td valign=\"middle\">Classe energ\u00e9tica (2021-EU-2019\/2015):<\/td>\n<td valign=\"middle\">A+<\/td>\n<\/tr>\n<tr class=\"even\">\n<td valign=\"middle\" width=\"32\"><\/td>\n<td valign=\"middle\">Anos de garantia:<\/td>\n<td valign=\"middle\">5<\/td>\n<\/tr>\n<tr class=\"odd\">\n<td valign=\"middle\" width=\"32\"><\/td>\n<td valign=\"middle\">Acess\u00f3rios e Complementos:<\/td>\n<td valign=\"middle\">Controlo remoto<\/td>\n<\/tr>\n<tr class=\"even\">\n<td valign=\"middle\" width=\"32\"><\/td>\n<td valign=\"middle\">Alcance (m) :<\/td>\n<td valign=\"middle\">12m<\/td>\n<\/tr>\n<\/tbody>\n<\/table>\n<p>&nbsp;<\/p>\n<\/div>\n<\/div>\n<\/div><\/p>","protected":false},"excerpt":{"rendered":"<div class=\"col-md-12\"><i class=\"fa fa-truck\"><\/i>&nbsp;<span class=\"text-muted textprop\">Entrega em 24\/48 horas<\/span><div class=\"col-md-12\"><i class=\"fa fa-exchange\"><\/i>&nbsp;<span class=\"text-muted textprop\">Garantia do segurado<\/span><\/div><div class=\"col-md-12\"><i class=\"fa fa-box\"><\/i>&nbsp;<span class=\"text-muted textprop\">1 unidade(s) por Masterbox<\/span><\/div><\/div>","protected":false},"featured_media":4313,"template":"","meta":{"site-sidebar-layout":"default","site-content-layout":"default","ast-global-header-display":"","ast-main-header-display":"","ast-hfb-above-header-display":"","ast-hfb-below-header-display":"","ast-hfb-mobile-header-display":"","site-post-title":"","ast-breadcrumbs-content":"","ast-featured-img":"","footer-sml-layout":"","theme-transparent-header-meta":"default","adv-header-id-meta":"","stick-header-meta":"","header-above-stick-meta":"","header-main-stick-meta":"","header-below-stick-meta":""},"product_cat":[101,29],"product_tag":[],"class_list":["post-4320","product","type-product","status-publish","has-post-thumbnail","hentry","product_cat-accesorios-para-campanas-led","product_cat-iluminacion-industrial-led"],"yoast_head":"<!-- This site is optimized with the Yoast SEO plugin v27.4 - https:\/\/yoast.com\/product\/yoast-seo-wordpress\/ -->\n<title>Detector de Movimiento para Campana UFO DIAMOND - STARLED Iluminacion<\/title>\n<meta name=\"robots\" content=\"index, follow, max-snippet:-1, max-image-preview:large, max-video-preview:-1\" \/>\n<link rel=\"canonical\" href=\"https:\/\/starlediluminacion.com\/pt\/product\/detector-de-movimiento-para-campana-ufo-diamond\/\" \/>\n<meta property=\"og:locale\" content=\"pt_PT\" \/>\n<meta property=\"og:type\" content=\"article\" \/>\n<meta property=\"og:title\" content=\"Detector de Movimiento para Campana UFO DIAMOND - STARLED Iluminacion\" \/>\n<meta property=\"og:description\" content=\"\u00a0Entrega en 24\/48 horas \u00a0Garant\u00eda asegurada \u00a01 unidad(es) por Masterbox\" \/>\n<meta property=\"og:url\" content=\"https:\/\/starlediluminacion.com\/pt\/product\/detector-de-movimiento-para-campana-ufo-diamond\/\" \/>\n<meta property=\"og:site_name\" content=\"STARLED Iluminacion\" \/>\n<meta property=\"article:modified_time\" content=\"2022-12-18T10:49:50+00:00\" \/>\n<meta property=\"og:image\" content=\"https:\/\/starlediluminacion.com\/wp-content\/uploads\/2022\/08\/mando-a-distancia-para-sensor-de-campanas-diamond-factorled-1.jpg\" \/>\n\t<meta property=\"og:image:width\" content=\"1000\" \/>\n\t<meta property=\"og:image:height\" content=\"1000\" \/>\n\t<meta property=\"og:image:type\" content=\"image\/jpeg\" \/>\n<meta name=\"twitter:card\" content=\"summary_large_image\" \/>\n<meta name=\"twitter:label1\" content=\"Tempo estimado de leitura\" \/>\n\t<meta name=\"twitter:data1\" content=\"2 minutos\" \/>\n<script type=\"application\/ld+json\" class=\"yoast-schema-graph\">{\"@context\":\"https:\\\/\\\/schema.org\",\"@graph\":[{\"@type\":\"WebPage\",\"@id\":\"https:\\\/\\\/starlediluminacion.com\\\/producto\\\/detector-de-movimiento-para-campana-ufo-diamond\\\/\",\"url\":\"https:\\\/\\\/starlediluminacion.com\\\/producto\\\/detector-de-movimiento-para-campana-ufo-diamond\\\/\",\"name\":\"Detector de Movimiento para Campana UFO DIAMOND - STARLED Iluminacion\",\"isPartOf\":{\"@id\":\"https:\\\/\\\/starlediluminacion.com\\\/#website\"},\"primaryImageOfPage\":{\"@id\":\"https:\\\/\\\/starlediluminacion.com\\\/producto\\\/detector-de-movimiento-para-campana-ufo-diamond\\\/#primaryimage\"},\"image\":{\"@id\":\"https:\\\/\\\/starlediluminacion.com\\\/producto\\\/detector-de-movimiento-para-campana-ufo-diamond\\\/#primaryimage\"},\"thumbnailUrl\":\"https:\\\/\\\/starlediluminacion.com\\\/wp-content\\\/uploads\\\/2022\\\/08\\\/mando-a-distancia-para-sensor-de-campanas-diamond-factorled-1.jpg\",\"datePublished\":\"2022-08-09T20:44:02+00:00\",\"dateModified\":\"2022-12-18T10:49:50+00:00\",\"breadcrumb\":{\"@id\":\"https:\\\/\\\/starlediluminacion.com\\\/producto\\\/detector-de-movimiento-para-campana-ufo-diamond\\\/#breadcrumb\"},\"inLanguage\":\"pt-PT\",\"potentialAction\":[{\"@type\":\"ReadAction\",\"target\":[\"https:\\\/\\\/starlediluminacion.com\\\/producto\\\/detector-de-movimiento-para-campana-ufo-diamond\\\/\"]}]},{\"@type\":\"ImageObject\",\"inLanguage\":\"pt-PT\",\"@id\":\"https:\\\/\\\/starlediluminacion.com\\\/producto\\\/detector-de-movimiento-para-campana-ufo-diamond\\\/#primaryimage\",\"url\":\"https:\\\/\\\/starlediluminacion.com\\\/wp-content\\\/uploads\\\/2022\\\/08\\\/mando-a-distancia-para-sensor-de-campanas-diamond-factorled-1.jpg\",\"contentUrl\":\"https:\\\/\\\/starlediluminacion.com\\\/wp-content\\\/uploads\\\/2022\\\/08\\\/mando-a-distancia-para-sensor-de-campanas-diamond-factorled-1.jpg\",\"width\":1000,\"height\":1000},{\"@type\":\"BreadcrumbList\",\"@id\":\"https:\\\/\\\/starlediluminacion.com\\\/producto\\\/detector-de-movimiento-para-campana-ufo-diamond\\\/#breadcrumb\",\"itemListElement\":[{\"@type\":\"ListItem\",\"position\":1,\"name\":\"Portada\",\"item\":\"https:\\\/\\\/starlediluminacion.com\\\/\"},{\"@type\":\"ListItem\",\"position\":2,\"name\":\"Shop\",\"item\":\"https:\\\/\\\/starlediluminacion.com\\\/shop-2\\\/\"},{\"@type\":\"ListItem\",\"position\":3,\"name\":\"Detector de Movimiento para Campana UFO DIAMOND\"}]},{\"@type\":\"WebSite\",\"@id\":\"https:\\\/\\\/starlediluminacion.com\\\/#website\",\"url\":\"https:\\\/\\\/starlediluminacion.com\\\/\",\"name\":\"STARLED Iluminacion\",\"description\":\"\",\"potentialAction\":[{\"@type\":\"SearchAction\",\"target\":{\"@type\":\"EntryPoint\",\"urlTemplate\":\"https:\\\/\\\/starlediluminacion.com\\\/?s={search_term_string}\"},\"query-input\":{\"@type\":\"PropertyValueSpecification\",\"valueRequired\":true,\"valueName\":\"search_term_string\"}}],\"inLanguage\":\"pt-PT\"}]}<\/script>\n<!-- \/ Yoast SEO plugin. -->","yoast_head_json":{"title":"Detector de Movimiento para Campana UFO DIAMOND - STARLED Iluminacion","robots":{"index":"index","follow":"follow","max-snippet":"max-snippet:-1","max-image-preview":"max-image-preview:large","max-video-preview":"max-video-preview:-1"},"canonical":"https:\/\/starlediluminacion.com\/pt\/product\/detector-de-movimiento-para-campana-ufo-diamond\/","og_locale":"pt_PT","og_type":"article","og_title":"Detector de Movimiento para Campana UFO DIAMOND - STARLED Iluminacion","og_description":"\u00a0Entrega en 24\/48 horas \u00a0Garant\u00eda asegurada \u00a01 unidad(es) por Masterbox","og_url":"https:\/\/starlediluminacion.com\/pt\/product\/detector-de-movimiento-para-campana-ufo-diamond\/","og_site_name":"STARLED Iluminacion","article_modified_time":"2022-12-18T10:49:50+00:00","og_image":[{"width":1000,"height":1000,"url":"https:\/\/starlediluminacion.com\/wp-content\/uploads\/2022\/08\/mando-a-distancia-para-sensor-de-campanas-diamond-factorled-1.jpg","type":"image\/jpeg"}],"twitter_card":"summary_large_image","twitter_misc":{"Tempo estimado de leitura":"2 minutos"},"schema":{"@context":"https:\/\/schema.org","@graph":[{"@type":"WebPage","@id":"https:\/\/starlediluminacion.com\/producto\/detector-de-movimiento-para-campana-ufo-diamond\/","url":"https:\/\/starlediluminacion.com\/producto\/detector-de-movimiento-para-campana-ufo-diamond\/","name":"Detector de Movimiento para Campana UFO DIAMOND - STARLED Iluminacion","isPartOf":{"@id":"https:\/\/starlediluminacion.com\/#website"},"primaryImageOfPage":{"@id":"https:\/\/starlediluminacion.com\/producto\/detector-de-movimiento-para-campana-ufo-diamond\/#primaryimage"},"image":{"@id":"https:\/\/starlediluminacion.com\/producto\/detector-de-movimiento-para-campana-ufo-diamond\/#primaryimage"},"thumbnailUrl":"https:\/\/starlediluminacion.com\/wp-content\/uploads\/2022\/08\/mando-a-distancia-para-sensor-de-campanas-diamond-factorled-1.jpg","datePublished":"2022-08-09T20:44:02+00:00","dateModified":"2022-12-18T10:49:50+00:00","breadcrumb":{"@id":"https:\/\/starlediluminacion.com\/producto\/detector-de-movimiento-para-campana-ufo-diamond\/#breadcrumb"},"inLanguage":"pt-PT","potentialAction":[{"@type":"ReadAction","target":["https:\/\/starlediluminacion.com\/producto\/detector-de-movimiento-para-campana-ufo-diamond\/"]}]},{"@type":"ImageObject","inLanguage":"pt-PT","@id":"https:\/\/starlediluminacion.com\/producto\/detector-de-movimiento-para-campana-ufo-diamond\/#primaryimage","url":"https:\/\/starlediluminacion.com\/wp-content\/uploads\/2022\/08\/mando-a-distancia-para-sensor-de-campanas-diamond-factorled-1.jpg","contentUrl":"https:\/\/starlediluminacion.com\/wp-content\/uploads\/2022\/08\/mando-a-distancia-para-sensor-de-campanas-diamond-factorled-1.jpg","width":1000,"height":1000},{"@type":"BreadcrumbList","@id":"https:\/\/starlediluminacion.com\/producto\/detector-de-movimiento-para-campana-ufo-diamond\/#breadcrumb","itemListElement":[{"@type":"ListItem","position":1,"name":"Portada","item":"https:\/\/starlediluminacion.com\/"},{"@type":"ListItem","position":2,"name":"Shop","item":"https:\/\/starlediluminacion.com\/shop-2\/"},{"@type":"ListItem","position":3,"name":"Detector de Movimiento para Campana UFO DIAMOND"}]},{"@type":"WebSite","@id":"https:\/\/starlediluminacion.com\/#website","url":"https:\/\/starlediluminacion.com\/","name":"STARLED Iluminacion","description":"","potentialAction":[{"@type":"SearchAction","target":{"@type":"EntryPoint","urlTemplate":"https:\/\/starlediluminacion.com\/?s={search_term_string}"},"query-input":{"@type":"PropertyValueSpecification","valueRequired":true,"valueName":"search_term_string"}}],"inLanguage":"pt-PT"}]}},"_links":{"self":[{"href":"https:\/\/starlediluminacion.com\/pt\/wp-json\/wp\/v3\/product\/4320","targetHints":{"allow":["GET"]}}],"collection":[{"href":"https:\/\/starlediluminacion.com\/pt\/wp-json\/wp\/v3\/product"}],"about":[{"href":"https:\/\/starlediluminacion.com\/pt\/wp-json\/wp\/v2\/types\/product"}],"wp:featuredmedia":[{"embeddable":true,"href":"https:\/\/starlediluminacion.com\/pt\/wp-json\/wp\/v2\/media\/4313"}],"wp:attachment":[{"href":"https:\/\/starlediluminacion.com\/pt\/wp-json\/wp\/v2\/media?parent=4320"}],"wp:term":[{"taxonomy":"product_cat","embeddable":true,"href":"https:\/\/starlediluminacion.com\/pt\/wp-json\/wp\/v2\/product_cat?post=4320"},{"taxonomy":"product_tag","embeddable":true,"href":"https:\/\/starlediluminacion.com\/pt\/wp-json\/wp\/v2\/product_tag?post=4320"}],"curies":[{"name":"wp","href":"https:\/\/api.w.org\/{rel}","templated":true}]}}