{"id":4267,"date":"2022-08-09T20:08:04","date_gmt":"2022-08-09T20:08:04","guid":{"rendered":"https:\/\/starlediluminacion.com\/?post_type=product&#038;p=4267"},"modified":"2022-08-27T14:07:30","modified_gmt":"2022-08-27T14:07:30","slug":"campana-industrial-led-ufo-shark-150w-osram-chip-dimable-1-10v-150lm-w-ip65","status":"publish","type":"product","link":"https:\/\/starlediluminacion.com\/pt\/product\/campana-industrial-led-ufo-shark-150w-osram-chip-dimable-1-10v-150lm-w-ip65\/","title":{"rendered":"<p>LED Industrial UFO SHARK 150W OSRAM Chip - Regul\u00e1vel 1-10V - 150lm\/w IP65<\/p>"},"content":{"rendered":"<p><label>REFERENCIA: SL90523<\/label><p>Campainha LED industrial<strong>&nbsp;OSRAM CHIP UFO&nbsp;SHARK<\/strong>&nbsp;con DRIVER SOSEN de alta calidad con un rendimiento de 150lm\/W. Voltaje de 100-277V.&nbsp; Gracias a su grado de protecci&oacute;n IP65 se adapta tanto en interiores como exteriores.&nbsp;<strong>DIMM\u00c1VEL 1-10V<\/strong><\/p><h1 class=\"page-title\">Campana Industrial LED UFO&nbsp;SHARK 150W OSRAM Chip &ndash; Dimable 1-10V-&nbsp; 150lm\/w IP65<\/h1><p dir=\"ltr\">O nosso&nbsp;<strong>Capuzes ajust\u00e1veis<\/strong>&nbsp;<strong>LED<\/strong>&nbsp;<strong>150W OSRAM<\/strong>&nbsp;O chip \u00e9 ideal para iluminar grandes superf\u00edcies que requerem grande luminosidade. Tem 150w de pot\u00eancia, gerando uma luz de grande efici\u00eancia e qualidade.<\/p><p dir=\"ltr\">Tiene un alt&iacute;simo rendimiento lum&iacute;nico de SMD 150Lm\/W.<\/p><p dir=\"ltr\">A sua nova \u00f3tica de&nbsp;<strong>90\u00ba<\/strong>O sistema de lentes de vidro semi-transl\u00facido e altamente transparente ajuda a proteger-nos do encandeamento, ao mesmo tempo que permite a passagem da luz sem quase nenhuma perda de brilho.<\/p><p dir=\"ltr\">Gra\u00e7as ao seu grau de prote\u00e7\u00e3o<strong>&nbsp;IP65<\/strong>&nbsp;adapta-se tanto em&nbsp;<strong>interiores<\/strong>&nbsp;como&nbsp;<strong>ao ar livre.<\/strong><\/p><p dir=\"ltr\">Este exaustor LED \u00e9 fabricado em&nbsp;<strong>alum\u00ednio<\/strong>&nbsp;e uma longa vida \u00fatil de&nbsp;<strong>50.000 horas&nbsp;<\/strong>tem<strong>&nbsp;5 anos de garantia<\/strong><\/p><p dir=\"ltr\">Dispomos de diferentes tipos de temperatura, que lhe proporcionar\u00e3o diferentes tonalidades de luz, branco neutro e branco frio.<\/p><h2 dir=\"ltr\">Usos de la&nbsp;Campana LED UFO&nbsp;SHARK 150W OSRAM CHIP &ndash; INTELIGENTE IP65<\/h2><ul>\n<li>Edif\u00edcios industriais<\/li>\n<li>Workshops<\/li>\n<li>Postos de gasolina<\/li>\n<li>F\u00e1bricas<\/li>\n<li>Estacionamento<\/li>\n<li>Armaz\u00e9ns<\/li>\n<\/ul><h3 class=\"page-product-heading\">DADOS T\u00c9CNICOS<\/h3><div class=\"col-xs-12 col-md-6\">\n<table class=\"table table-data-sheet 1\">\n<tbody>\n<tr class=\"odd\">\n<td valign=\"middle\" width=\"32\"><\/td>\n<td valign=\"middle\">REFER\u00caNCIA :<\/td>\n<td valign=\"middle\">SL90523<\/td>\n<\/tr>\n<tr class=\"even\">\n<td valign=\"middle\" width=\"32\"><\/td>\n<td valign=\"middle\">Pot\u00eancia nominal :<\/td>\n<td valign=\"middle\">150W<\/td>\n<\/tr>\n<tr class=\"odd\">\n<td valign=\"middle\" width=\"32\"><\/td>\n<td valign=\"middle\">Tens\u00e3o Nominal:<\/td>\n<td valign=\"middle\">110-277V AC<\/td>\n<\/tr>\n<tr class=\"even\">\n<td valign=\"middle\" width=\"32\"><\/td>\n<td valign=\"middle\">Temperatura ligeira:<\/td>\n<td valign=\"middle\">4000K-6000K<\/td>\n<\/tr>\n<tr class=\"odd\">\n<td valign=\"middle\" width=\"32\"><\/td>\n<td valign=\"middle\">CRI - Colour Rendering Index:<\/td>\n<td valign=\"middle\">80<\/td>\n<\/tr>\n<tr class=\"even\">\n<td valign=\"middle\" width=\"32\"><\/td>\n<td valign=\"middle\">Material de constru\u00e7\u00e3o:<\/td>\n<td valign=\"middle\">Alum\u00ednio +PMMA<\/td>\n<\/tr>\n<tr class=\"odd\">\n<td valign=\"middle\" width=\"32\"><\/td>\n<td valign=\"middle\">Luminosidade-Lm:<\/td>\n<td valign=\"middle\">20204<\/td>\n<\/tr>\n<tr class=\"even\">\n<td valign=\"middle\" width=\"32\"><\/td>\n<td valign=\"middle\">Tipo de LEDs:<\/td>\n<td valign=\"middle\">SMD 2835 OSRAM CHIP<\/td>\n<\/tr>\n<tr class=\"odd\">\n<td valign=\"middle\" width=\"32\"><\/td>\n<td valign=\"middle\">\u00c2ngulo de abertura (\u00ba):<\/td>\n<td valign=\"middle\">90\u00b0<\/td>\n<\/tr>\n<tr class=\"even\">\n<td valign=\"middle\" width=\"32\"><\/td>\n<td valign=\"middle\">Efici\u00eancia dos d\u00edodos LED (Lm\/W):<\/td>\n<td valign=\"middle\">150Lm\/W<\/td>\n<\/tr>\n<tr class=\"odd\">\n<td valign=\"middle\" width=\"32\"><\/td>\n<td valign=\"middle\">Efic\u00e1cia luminosa (Lm\/W):<\/td>\n<td valign=\"middle\">135Lm\/W<\/td>\n<\/tr>\n<tr class=\"even\">\n<td valign=\"middle\" width=\"32\"><\/td>\n<td valign=\"middle\">Dimit\u00e1vel:<\/td>\n<td valign=\"middle\">SIM<\/td>\n<\/tr>\n<tr class=\"odd\">\n<td valign=\"middle\" width=\"32\"><\/td>\n<td valign=\"middle\">Certificados:<\/td>\n<td valign=\"middle\">CE - ROHS<\/td>\n<\/tr>\n<\/tbody>\n<\/table>\n<\/div><div class=\"col-xs-12 col-md-6 2\">\n<table class=\"table table-data-sheet 2\">\n<tbody>\n<tr class=\"odd\">\n<td valign=\"middle\" width=\"32\"><\/td>\n<td valign=\"middle\">Classifica\u00e7\u00e3o IP:<\/td>\n<td valign=\"middle\">IP65-Outdoor<\/td>\n<\/tr>\n<tr class=\"even\">\n<td valign=\"middle\" width=\"32\"><\/td>\n<td valign=\"middle\">D\u00edodo LED de vida estimada (H):<\/td>\n<td valign=\"middle\">50.000<\/td>\n<\/tr>\n<tr class=\"odd\">\n<td valign=\"middle\" width=\"32\"><\/td>\n<td valign=\"middle\">Dimens\u00f5es (mm):<\/td>\n<td valign=\"middle\">&Oslash;265mm * H155<\/td>\n<\/tr>\n<tr class=\"even\">\n<td valign=\"middle\" width=\"32\"><\/td>\n<td valign=\"middle\">Factor de pot\u00eancia (PF):<\/td>\n<td valign=\"middle\">0.98<\/td>\n<\/tr>\n<tr class=\"odd\">\n<td valign=\"middle\" width=\"32\"><\/td>\n<td valign=\"middle\">Frequ\u00eancia de trabalho (Hz):<\/td>\n<td valign=\"middle\">50\/60Hz<\/td>\n<\/tr>\n<tr class=\"even\">\n<td valign=\"middle\" width=\"32\"><\/td>\n<td valign=\"middle\">Gama de temperaturas (\u00baC):<\/td>\n<td valign=\"middle\">-20\u00b0C ~ +55\u00b0C<\/td>\n<\/tr>\n<tr class=\"odd\">\n<td valign=\"middle\" width=\"32\"><\/td>\n<td valign=\"middle\">Ciclos de Igni\u00e7\u00e3o:<\/td>\n<td valign=\"middle\">100.000<\/td>\n<\/tr>\n<tr class=\"even\">\n<td valign=\"middle\" width=\"32\"><\/td>\n<td valign=\"middle\">Tempo de arranque (s):<\/td>\n<td valign=\"middle\">0,2s<\/td>\n<\/tr>\n<tr class=\"odd\">\n<td valign=\"middle\" width=\"32\"><\/td>\n<td valign=\"middle\">Protec\u00e7\u00e3o contra impactos (IK):<\/td>\n<td valign=\"middle\">IK10<\/td>\n<\/tr>\n<tr class=\"even\">\n<td valign=\"middle\" width=\"32\"><\/td>\n<td valign=\"middle\">Condutor inclu\u00eddo:<\/td>\n<td valign=\"middle\">Driver SOSEN 5Y.Warranty<\/td>\n<\/tr>\n<tr class=\"odd\">\n<td valign=\"middle\" width=\"32\"><\/td>\n<td valign=\"middle\">Classe energ\u00e9tica (2021-EU-2019\/2015):<\/td>\n<td valign=\"middle\">A++<\/td>\n<\/tr>\n<tr class=\"even\">\n<td valign=\"middle\" width=\"32\"><\/td>\n<td valign=\"middle\">Anos de garantia:<\/td>\n<td valign=\"middle\">5<\/td>\n<\/tr>\n<tr class=\"odd\">\n<td valign=\"middle\" width=\"32\"><\/td>\n<td valign=\"middle\">Alcance (m) :<\/td>\n<td valign=\"middle\">15m<\/td>\n<\/tr>\n<\/tbody>\n<\/table>\n<p>&nbsp;<\/p>\n<\/div><\/p>","protected":false},"excerpt":{"rendered":"<div class=\"col-md-12\"><i class=\"fa fa-truck\"><\/i>&nbsp;<span class=\"text-muted textprop\">Entrega em 24\/48 horas<\/span><div class=\"col-md-12\"><i class=\"fa fa-exchange\"><\/i>&nbsp;<span class=\"text-muted textprop\">Garantia do segurado<\/span><\/div><div class=\"col-md-12\"><i class=\"fa fa-box\"><\/i>&nbsp;<span class=\"text-muted textprop\">1 unidade(s) por Masterbox<\/span><\/div><div><strong>TEMPERATURA DE COR: 4000K\/6000K<\/strong><\/div><\/div>","protected":false},"featured_media":4264,"template":"","meta":{"site-sidebar-layout":"default","site-content-layout":"default","ast-global-header-display":"","ast-main-header-display":"","ast-hfb-above-header-display":"","ast-hfb-below-header-display":"","ast-hfb-mobile-header-display":"","site-post-title":"","ast-breadcrumbs-content":"","ast-featured-img":"","footer-sml-layout":"","theme-transparent-header-meta":"default","adv-header-id-meta":"","stick-header-meta":"","header-above-stick-meta":"","header-main-stick-meta":"","header-below-stick-meta":""},"product_cat":[100,29],"product_tag":[],"class_list":["post-4267","product","type-product","status-publish","has-post-thumbnail","hentry","product_cat-campanas-industriales-pro-led-ufo","product_cat-iluminacion-industrial-led"],"_links":{"self":[{"href":"https:\/\/starlediluminacion.com\/pt\/wp-json\/wp\/v3\/product\/4267","targetHints":{"allow":["GET"]}}],"collection":[{"href":"https:\/\/starlediluminacion.com\/pt\/wp-json\/wp\/v3\/product"}],"about":[{"href":"https:\/\/starlediluminacion.com\/pt\/wp-json\/wp\/v2\/types\/product"}],"wp:featuredmedia":[{"embeddable":true,"href":"https:\/\/starlediluminacion.com\/pt\/wp-json\/wp\/v2\/media\/4264"}],"wp:attachment":[{"href":"https:\/\/starlediluminacion.com\/pt\/wp-json\/wp\/v2\/media?parent=4267"}],"wp:term":[{"taxonomy":"product_cat","embeddable":true,"href":"https:\/\/starlediluminacion.com\/pt\/wp-json\/wp\/v2\/product_cat?post=4267"},{"taxonomy":"product_tag","embeddable":true,"href":"https:\/\/starlediluminacion.com\/pt\/wp-json\/wp\/v2\/product_tag?post=4267"}],"curies":[{"name":"wp","href":"https:\/\/api.w.org\/{rel}","templated":true}]}}