{"id":4018,"date":"2022-08-09T13:08:35","date_gmt":"2022-08-09T13:08:35","guid":{"rendered":"https:\/\/starlediluminacion.com\/?post_type=product&#038;p=4018"},"modified":"2022-08-15T11:19:15","modified_gmt":"2022-08-15T11:19:15","slug":"farola-solar-led-100w-sunway-aluminio","status":"publish","type":"product","link":"https:\/\/starlediluminacion.com\/pt\/product\/candeeiro-de-rua-solar-led-100w-sunway-aluminio\/","title":{"rendered":"<p>SUNWAY Solar LED Streetlight 100W SUNWAY Alum\u00ednio<\/p>"},"content":{"rendered":"<div class=\"product-info-line\">\n<p id=\"product_reference\"><label>REFER\u00caNCIA:<span style=\"font-size: 16px;\"> SL<\/span><span class=\"editable\" style=\"font-size: 16px;\">FA-ILU10<\/span><\/label><\/p>\n<p>O&nbsp;<strong>Ilumina\u00e7\u00e3o p\u00fablica solar -SUNWAY- LED<\/strong>&nbsp;de alta pot\u00eancia&nbsp;<strong>Chip de 100W<\/strong>A l\u00e2mpada \u00e9 perfeita quando se quer poupar dinheiro e, ao mesmo tempo, n\u00e3o se quer instalar eletricidade, o que a torna perfeita para a ilumina\u00e7\u00e3o p\u00fablica em todos os tipos de \u00e1reas. O candeeiro de rua vem pr\u00e9-programado para maximizar a utiliza\u00e7\u00e3o do<strong>&nbsp;Bateria de l\u00edtio BYD<\/strong>&nbsp;com&nbsp;<strong>Tecnologia MPPT<\/strong>&nbsp;que carrega mesmo em dias nublados. Painel solar&nbsp;<strong>Monocristalino. PROGRAMA\u00c7\u00c3O AUTOM\u00c1TICA.<\/strong><\/p>\n<h1>Candeeiro de rua solar LED SUNWAY 100W - Tecnologia MPPT - Painel Monocristalino<\/h1>\n<p>&nbsp;<\/p>\n<p>O nosso candeeiro solar SUNWAY -SUNWAY- disp\u00f5e de um sistema de regula\u00e7\u00e3o de gest\u00e3o MPPT ?Maximum Power Point Tracker?, que \u00e9 o sistema de controlo de baterias mais eficiente, tanto para a prote\u00e7\u00e3o da bateria, prolongando a sua vida \u00fatil, como para o sistema de rendimento mais eficiente para obter mais l\u00famens da lumin\u00e1ria, o que permite alcan\u00e7ar a m\u00e1xima vida \u00fatil e maximizar o rendimento da bateria.<\/p>\n<p>O painel solar do candeeiro de rua solar \u00e9 monocristalino, que \u00e9 o mais eficiente do mercado, atingindo 20% de recolha, em compara\u00e7\u00e3o com os 15% dos pain\u00e9is policristalinos. O regulador MPPT \u00e9 capaz de separar a tens\u00e3o de funcionamento do painel solar da tens\u00e3o da bateria. Isto permite-lhe regular a tens\u00e3o dos pain\u00e9is solares no ponto \u00f3timo para obter a pot\u00eancia m\u00e1xima em cada momento de utiliza\u00e7\u00e3o da lumin\u00e1ria solar, carregando mesmo em dias nublados.<\/p>\n<p>&nbsp;<\/p>\n<p>O candeeiro de rua solar profissional est\u00e1 equipado com uma bateria de alta capacidade da BYD.<\/p>\n<p>&nbsp;<\/p>\n<p>Tamb\u00e9m pode beneficiar das vantagens deste candeeiro de rua profissional S, uma vez que algumas das suas vantagens s\u00e3o que, gra\u00e7as \u00e0 sua tecnologia LED avan\u00e7ada, conseguir\u00e1 uma grande emiss\u00e3o de luz.<\/p>\n<ul>\n<li>Economia nos custos de manuten\u00e7\u00e3o.<\/li>\n<li>Ideal como um substituto para l\u00e2mpadas de rua antigas.<\/li>\n<li>Est\u00e1 protegido para utiliza\u00e7\u00e3o no exterior&nbsp;<strong>IP65.<\/strong><\/li>\n<li>N\u00e3o \u00e9 necess\u00e1ria fonte de alimenta\u00e7\u00e3o externa.<\/li>\n<li>N\u00e3o \u00e9 necess\u00e1ria instala\u00e7\u00e3o de cablagem.<\/li>\n<li>Liga-se automaticamente ao cair da noite.<\/li>\n<li>Utiliza energia limpa e renov\u00e1vel porque este painel capta o calor produzido pelo sol durante o dia e converte-o em energia, carregando assim a sua bateria, e \u00e0 noite o m\u00f3dulo LED ilumina-se utilizando a energia armazenada.<\/li>\n<li>A instala\u00e7\u00e3o \u00e9 muito simples.<\/li>\n<\/ul>\n<p>Uma vez instalado, basta esperar que o sol carregue as suas baterias e, \u00e0 noite, ligar-se-\u00e1 automaticamente para lhe fornecer a luz de que necessita no local onde o instalou.<\/p>\n<p><strong>Funcionamento:<\/strong><\/p>\n<p>A lanterna est\u00e1 programada para funcionar de forma \u00f3ptima durante 7 horas. Disp\u00f5e de 4 fases de funcionamento autom\u00e1tico, que se iniciam ao cair da noite:<\/p>\n<p>1) Primeira fase: durante 1,5 horas: a luz deve ser ligada suavemente at\u00e9 100%.<\/p>\n<p>2) Segunda fase: durante 1,5 horas, a luz ser\u00e1 ligada suavemente at\u00e9 um 70%.<\/p>\n<p>3) Terceira fase: durante 1,5 horas, a luz ser\u00e1 ligada suavemente at\u00e9 50%.<\/p>\n<p>4) Quarta fase: no resto do tempo, arranca suavemente at\u00e9 um 30% para prolongar a vida \u00fatil da bateria de l\u00edtio.<\/p>\n<p>&nbsp;<\/p>\n<h2>Aplica\u00e7\u00f5es do candeeiro de ilumina\u00e7\u00e3o p\u00fablica solar LED SUNWAY 100W:<\/h2>\n<ul>\n<li>Jardins<\/li>\n<li>Parques p\u00fablicos<\/li>\n<li>Estradas<\/li>\n<li>Ruas<\/li>\n<li>Lugares?<\/li>\n<\/ul>\n<h3 class=\"page-product-heading\">DADOS T\u00c9CNICOS<\/h3>\n<div class=\"col-xs-12 col-md-6\">\n<table class=\"table table-data-sheet 1\">\n<tbody>\n<tr class=\"odd\">\n<td valign=\"middle\" width=\"32\"><\/td>\n<td valign=\"middle\">REFER\u00caNCIA :<\/td>\n<td valign=\"middle\">SLFA-ILU10<\/td>\n<\/tr>\n<tr class=\"even\">\n<td valign=\"middle\" width=\"32\"><\/td>\n<td valign=\"middle\">Pot\u00eancia nominal :<\/td>\n<td valign=\"middle\">Chip de 100W<\/td>\n<\/tr>\n<tr class=\"odd\">\n<td valign=\"middle\" width=\"32\"><\/td>\n<td valign=\"middle\">Temperatura ligeira:<\/td>\n<td valign=\"middle\">4000K<\/td>\n<\/tr>\n<tr class=\"even\">\n<td valign=\"middle\" width=\"32\"><\/td>\n<td valign=\"middle\">CRI - Colour Rendering Index:<\/td>\n<td valign=\"middle\">80<\/td>\n<\/tr>\n<tr class=\"odd\">\n<td valign=\"middle\" width=\"32\"><\/td>\n<td valign=\"middle\">Material de constru\u00e7\u00e3o:<\/td>\n<td valign=\"middle\">Alum\u00ednio +PC<\/td>\n<\/tr>\n<tr class=\"even\">\n<td valign=\"middle\" width=\"32\"><\/td>\n<td valign=\"middle\">Luminosidade-Lm:<\/td>\n<td valign=\"middle\">2700 Lm<\/td>\n<\/tr>\n<tr class=\"odd\">\n<td valign=\"middle\" width=\"32\"><\/td>\n<td valign=\"middle\">Tipo de LEDs:<\/td>\n<td valign=\"middle\">SMD 3030<\/td>\n<\/tr>\n<tr class=\"even\">\n<td valign=\"middle\" width=\"32\"><\/td>\n<td valign=\"middle\">\u00c2ngulo de abertura (\u00ba):<\/td>\n<td valign=\"middle\">360\u00ba<\/td>\n<\/tr>\n<tr class=\"odd\">\n<td valign=\"middle\" width=\"32\"><\/td>\n<td valign=\"middle\">Efici\u00eancia dos d\u00edodos LED (Lm\/W):<\/td>\n<td valign=\"middle\">190Lm\/W<\/td>\n<\/tr>\n<tr class=\"even\">\n<td valign=\"middle\" width=\"32\"><\/td>\n<td valign=\"middle\">Dimit\u00e1vel:<\/td>\n<td valign=\"middle\">SIM<\/td>\n<\/tr>\n<tr class=\"odd\">\n<td valign=\"middle\" width=\"32\"><\/td>\n<td valign=\"middle\">Certificados:<\/td>\n<td valign=\"middle\">CE - ROHS<\/td>\n<\/tr>\n<\/tbody>\n<\/table>\n<\/div>\n<div class=\"col-xs-12 col-md-6 2\">\n<table class=\"table table-data-sheet 2\">\n<tbody>\n<tr class=\"odd\">\n<td valign=\"middle\" width=\"32\"><\/td>\n<td valign=\"middle\">Classifica\u00e7\u00e3o IP:<\/td>\n<td valign=\"middle\">IP65-Outdoor<\/td>\n<\/tr>\n<tr class=\"even\">\n<td valign=\"middle\" width=\"32\"><\/td>\n<td valign=\"middle\">D\u00edodo LED de vida estimada (H):<\/td>\n<td valign=\"middle\">50.000<\/td>\n<\/tr>\n<tr class=\"odd\">\n<td valign=\"middle\" width=\"32\"><\/td>\n<td valign=\"middle\">Dimens\u00f5es (mm):<\/td>\n<td valign=\"middle\">433xH156<\/td>\n<\/tr>\n<tr class=\"even\">\n<td valign=\"middle\" width=\"32\"><\/td>\n<td valign=\"middle\">Gama de temperaturas (\u00baC):<\/td>\n<td valign=\"middle\">-10\u00ba +60\u00ba -10\u00ba +60\u00ba -10\u00ba +60\u00ba -10\u00ba +60\u00ba -10\u00ba +60\u00ba -10\u00ba +60\u00ba<\/td>\n<\/tr>\n<tr class=\"odd\">\n<td valign=\"middle\" width=\"32\"><\/td>\n<td valign=\"middle\">Informa\u00e7\u00e3o adicional:<\/td>\n<td valign=\"middle\">Painel solar: Monocristalino Classe: A 16,2V<\/td>\n<\/tr>\n<tr class=\"even\">\n<td valign=\"middle\" width=\"32\"><\/td>\n<td valign=\"middle\">Material da bateria :<\/td>\n<td valign=\"middle\">LiFePO4 - Fosfato de l\u00edtio -LPF 3.2V 38AH<\/td>\n<\/tr>\n<tr class=\"odd\">\n<td valign=\"middle\" width=\"32\"><\/td>\n<td valign=\"middle\">Tempo de descarga (h):<\/td>\n<td valign=\"middle\">Tempo de carregamento: 9h - Tempo de descarregamento: 7 horas<\/td>\n<\/tr>\n<tr class=\"even\">\n<td valign=\"middle\" width=\"32\"><\/td>\n<td valign=\"middle\">Classe energ\u00e9tica (2021-EU-2019\/2015):<\/td>\n<td valign=\"middle\">A++<\/td>\n<\/tr>\n<tr class=\"odd\">\n<td valign=\"middle\" width=\"32\"><\/td>\n<td valign=\"middle\">Anos de garantia:<\/td>\n<td valign=\"middle\">Bateria BYD 3 anos - LED 5 anos<\/td>\n<\/tr>\n<tr class=\"even\">\n<td valign=\"middle\" width=\"32\"><\/td>\n<td valign=\"middle\">Tempo de liga\u00e7\u00e3o :<\/td>\n<td valign=\"middle\">48h<\/td>\n<\/tr>\n<\/tbody>\n<\/table>\n<p>&nbsp;<\/p>\n<\/div>\n<\/div>","protected":false},"excerpt":{"rendered":"<div class=\"col-md-12\"><i class=\"fa fa-truck\"><\/i>&nbsp;<span class=\"text-muted textprop\">Entrega em 24\/48 horas<\/span><div class=\"col-md-12\"><i class=\"fa fa-exchange\"><\/i>&nbsp;<span class=\"text-muted textprop\">Garantia do segurado<\/span><\/div><div class=\"col-md-12\"><i class=\"fa fa-box\"><\/i>&nbsp;<span class=\"text-muted textprop\">1 unidade(s) por Masterbox<\/span><\/div><div class=\"col-md-12 certificados\"><\/div><\/div>","protected":false},"featured_media":4031,"template":"","meta":{"site-sidebar-layout":"default","site-content-layout":"default","ast-global-header-display":"","ast-main-header-display":"","ast-hfb-above-header-display":"","ast-hfb-below-header-display":"","ast-hfb-mobile-header-display":"","site-post-title":"","ast-breadcrumbs-content":"","ast-featured-img":"","footer-sml-layout":"","theme-transparent-header-meta":"default","adv-header-id-meta":"","stick-header-meta":"","header-above-stick-meta":"","header-main-stick-meta":"","header-below-stick-meta":""},"product_cat":[97,30,37,41],"product_tag":[],"class_list":["post-4018","product","type-product","status-publish","has-post-thumbnail","hentry","product_cat-farolas-led-solares","product_cat-iluminacion-publica-y-vial","product_cat-iluminacion-solar-led","product_cat-ofertas"],"_links":{"self":[{"href":"https:\/\/starlediluminacion.com\/pt\/wp-json\/wp\/v3\/product\/4018","targetHints":{"allow":["GET"]}}],"collection":[{"href":"https:\/\/starlediluminacion.com\/pt\/wp-json\/wp\/v3\/product"}],"about":[{"href":"https:\/\/starlediluminacion.com\/pt\/wp-json\/wp\/v2\/types\/product"}],"wp:featuredmedia":[{"embeddable":true,"href":"https:\/\/starlediluminacion.com\/pt\/wp-json\/wp\/v2\/media\/4031"}],"wp:attachment":[{"href":"https:\/\/starlediluminacion.com\/pt\/wp-json\/wp\/v2\/media?parent=4018"}],"wp:term":[{"taxonomy":"product_cat","embeddable":true,"href":"https:\/\/starlediluminacion.com\/pt\/wp-json\/wp\/v2\/product_cat?post=4018"},{"taxonomy":"product_tag","embeddable":true,"href":"https:\/\/starlediluminacion.com\/pt\/wp-json\/wp\/v2\/product_tag?post=4018"}],"curies":[{"name":"wp","href":"https:\/\/api.w.org\/{rel}","templated":true}]}}