{"id":3987,"date":"2022-08-09T12:45:34","date_gmt":"2022-08-09T12:45:34","guid":{"rendered":"https:\/\/starlediluminacion.com\/?post_type=product&#038;p=3987"},"modified":"2022-12-18T10:51:35","modified_gmt":"2022-12-18T10:51:35","slug":"foco-proyector-exterior-solar-led-300w-new-avant-5000k","status":"publish","type":"product","link":"https:\/\/starlediluminacion.com\/pt\/product\/projetor-de-luz-solar-para-exterior-300w-new-avant-5000k\/","title":{"rendered":"<p>Projector LED SOLAR 300W NOVO projector AVANT para exterior - 5000K<\/p>"},"content":{"rendered":"<div class=\"product-info-line\">\n<p id=\"product_reference\"><label>REFER\u00caNCIA: SL<span style=\"font-size: 16px;\">SFL300W-90728<\/span><\/label><\/p>\n<div class=\"hidden-xs parrafo\">\n<p>Isto&nbsp;<strong>Projetor solar LED 300W NOVO AVANT<\/strong>&nbsp;tem um&nbsp;<strong>painel solar<\/strong>&nbsp;que permite recarregar a sua bateria integrada. Este projetor solar n\u00e3o necessita de ser ligado \u00e0 rede el\u00e9ctrica. A sua instala\u00e7\u00e3o e funcionamento s\u00e3o muito simples, de modo a que, durante o dia, o painel seja alimentado e carregue a bateria integrada no projetor.&nbsp;<strong>Inclui controlo remoto<\/strong>&nbsp;sistema de controlo program\u00e1vel. Comece a poupar agora!<\/p>\n<\/div>\n<div id=\"views_block-1\" class=\"clearfix\">\n<div id=\"thumbs_list\">\n<h1>Projector LED SOLAR 300W NOVO projector AVANT para exterior - 5000K<\/h1>\n<p><strong>Projetor solar LED 3 00W<\/strong>&nbsp;com luz branca fria&nbsp;<strong>5000k<\/strong>O suporte do painel solar \u00e9 completamente aut\u00f3nomo com um painel solar policristalino e um cabo de liga\u00e7\u00e3o de 90 cm. O conte\u00fado da caixa \u00e9 o seguinte: Suporte para painel solar,&nbsp;<strong>Projetor solar LED<\/strong>O projetor, o controlo remoto e os acess\u00f3rios para a montagem do projetor e do painel solar.<\/p>\n<p>Tem uma bateria de i\u00f5es de l\u00edtio de alta capacidade e longa dura\u00e7\u00e3o.<\/p>\n<p><strong>Opera\u00e7\u00e3o f\u00e1cil:<\/strong>&nbsp;O projector LED pode ser utilizado ligado ao painel solar ou de forma independente. Neste \u00faltimo caso, n\u00e3o funciona em modo autom\u00e1tico, sendo ligado ou desligado a partir do telecomando.<\/p>\n<ul>\n<li><strong>Modo autom\u00e1tico:<\/strong>&nbsp;Este modo s\u00f3 \u00e9 poss\u00edvel com o painel solar permanentemente ligado, de modo que o projector LED s\u00f3 se liga quando detecta uma luminosidade inferior a 50lux, caso contr\u00e1rio desliga-se. Desta forma, liga-se automaticamente \u00e0 noite e desliga-se durante o dia.<\/li>\n<li><strong>Modo manual:<\/strong>&nbsp;Ao premir o bot\u00e3o ON\/OFF, o projector LED \u00e9 ligado e ao premir novamente o mesmo bot\u00e3o, o projector \u00e9 desligado. Independentemente da luminosidade ambiente.<\/li>\n<\/ul>\n<h3><strong>Controlo remoto:<\/strong><\/h3>\n<ul>\n<li>Bot\u00e3o ON\/OFF: o projetor LED \u00e9 ligado e, premindo novamente o mesmo bot\u00e3o, o projetor \u00e9 desligado. Independente da luminosidade ambiente.<\/li>\n<li>Bot\u00e3o OFF: ativa\/desactiva o modo de sensor de luz.<\/li>\n<li>Bot\u00e3o 3H: ativa o projetor LED durante um per\u00edodo cont\u00ednuo de 3 horas e repete o processo nos dias seguintes.<\/li>\n<li>Bot\u00e3o 5H: ativa o projetor LED durante um per\u00edodo cont\u00ednuo de 5 horas e repete o processo em dias sucessivos.<\/li>\n<li>Bot\u00e3o 8H: ativa o projetor LED durante um per\u00edodo cont\u00ednuo de 8 horas e repete o processo em dias sucessivos.<\/li>\n<li>Bot\u00e3o de luminosidade m\u00e1xima: Aumenta a luminosidade em passos de 20% at\u00e9 100%.<\/li>\n<li>Bot\u00e3o de brilho m\u00ednimo: Diminui o brilho em passos de 20% at\u00e9 atingir 20%.<\/li>\n<\/ul>\n<p>Recomenda-se a instala\u00e7\u00e3o a uma altura de 3-4 metros.<\/p>\n<h2>Utiliza\u00e7\u00f5es do projetor de exterior SOLAR LED 300W NEW Avant - LUMILEDS<\/h2>\n<ul>\n<li>Jardins<\/li>\n<li>Parques<\/li>\n<li>Lugares<\/li>\n<li>Rotunda<\/li>\n<li>Campos<\/li>\n<li>Caminhos<\/li>\n<\/ul>\n<h3 class=\"page-product-heading\">DADOS T\u00c9CNICOS<\/h3>\n<div class=\"col-xs-12 col-md-6\">\n<table class=\"table table-data-sheet 1\">\n<tbody>\n<tr class=\"odd\">\n<td valign=\"middle\" width=\"32\"><\/td>\n<td valign=\"middle\">REFER\u00caNCIA :<\/td>\n<td valign=\"middle\">SLSFL300W-90728<\/td>\n<\/tr>\n<tr class=\"even\">\n<td valign=\"middle\" width=\"32\"><\/td>\n<td valign=\"middle\">Pot\u00eancia nominal :<\/td>\n<td valign=\"middle\">Chip LUMILEDS de 300w<\/td>\n<\/tr>\n<tr class=\"odd\">\n<td valign=\"middle\" width=\"32\"><\/td>\n<td valign=\"middle\">Tens\u00e3o Nominal:<\/td>\n<td valign=\"middle\">DC 3,2V - 20000mA<\/td>\n<\/tr>\n<tr class=\"even\">\n<td valign=\"middle\" width=\"32\"><\/td>\n<td valign=\"middle\">Temperatura ligeira:<\/td>\n<td valign=\"middle\">5000K<\/td>\n<\/tr>\n<tr class=\"odd\">\n<td valign=\"middle\" width=\"32\"><\/td>\n<td valign=\"middle\">CRI - Colour Rendering Index:<\/td>\n<td valign=\"middle\">70<\/td>\n<\/tr>\n<tr class=\"even\">\n<td valign=\"middle\" width=\"32\"><\/td>\n<td valign=\"middle\">Material de constru\u00e7\u00e3o:<\/td>\n<td valign=\"middle\">Alum\u00ednio + Vidro<\/td>\n<\/tr>\n<tr class=\"odd\">\n<td valign=\"middle\" width=\"32\"><\/td>\n<td valign=\"middle\">Luminosidade-Lm:<\/td>\n<td valign=\"middle\">10200<\/td>\n<\/tr>\n<tr class=\"even\">\n<td valign=\"middle\" width=\"32\"><\/td>\n<td valign=\"middle\">Tipo de LEDs:<\/td>\n<td valign=\"middle\">SMD 2835<\/td>\n<\/tr>\n<tr class=\"odd\">\n<td valign=\"middle\" width=\"32\"><\/td>\n<td valign=\"middle\">\u00c2ngulo de abertura (\u00ba):<\/td>\n<td valign=\"middle\">120\u00b0<\/td>\n<\/tr>\n<tr class=\"even\">\n<td valign=\"middle\" width=\"32\"><\/td>\n<td valign=\"middle\">Efici\u00eancia dos d\u00edodos LED (Lm\/W):<\/td>\n<td valign=\"middle\">170Lm\/W<\/td>\n<\/tr>\n<tr class=\"odd\">\n<td valign=\"middle\" width=\"32\"><\/td>\n<td valign=\"middle\">Dimit\u00e1vel:<\/td>\n<td valign=\"middle\">SIM<\/td>\n<\/tr>\n<\/tbody>\n<\/table>\n<\/div>\n<div class=\"col-xs-12 col-md-6 2\">\n<table class=\"table table-data-sheet 2\">\n<tbody>\n<tr class=\"odd\">\n<td valign=\"middle\" width=\"32\"><\/td>\n<td valign=\"middle\">Certificados:<\/td>\n<td valign=\"middle\">CE - ROHS<\/td>\n<\/tr>\n<tr class=\"even\">\n<td valign=\"middle\" width=\"32\"><\/td>\n<td valign=\"middle\">Classifica\u00e7\u00e3o IP:<\/td>\n<td valign=\"middle\">IP65-Outdoor<\/td>\n<\/tr>\n<tr class=\"odd\">\n<td valign=\"middle\" width=\"32\"><\/td>\n<td valign=\"middle\">Gama de temperaturas (\u00baC):<\/td>\n<td valign=\"middle\">-10\u00baC ~ +45\u00baC<\/td>\n<\/tr>\n<tr class=\"even\">\n<td valign=\"middle\" width=\"32\"><\/td>\n<td valign=\"middle\">Informa\u00e7\u00e3o adicional:<\/td>\n<td valign=\"middle\">Painel policristalino de 20w 5V: 450x350mm<\/td>\n<\/tr>\n<tr class=\"odd\">\n<td valign=\"middle\" width=\"32\"><\/td>\n<td valign=\"middle\">Material da bateria :<\/td>\n<td valign=\"middle\">LiFePO4 - Fosfato de L\u00edtio -LPF - Bateria 30Ah - (30000mA). Carga e descarga: 1500 vezes<\/td>\n<\/tr>\n<tr class=\"even\">\n<td valign=\"middle\" width=\"32\"><\/td>\n<td valign=\"middle\">Tempo de descarga (h):<\/td>\n<td valign=\"middle\">13H<\/td>\n<\/tr>\n<tr class=\"odd\">\n<td valign=\"middle\" width=\"32\"><\/td>\n<td valign=\"middle\">Modos de controlo:<\/td>\n<td valign=\"middle\">UNIDADE DE CONTROLO + INFRAVERMELHO<\/td>\n<\/tr>\n<tr class=\"even\">\n<td valign=\"middle\" width=\"32\"><\/td>\n<td valign=\"middle\">Classe energ\u00e9tica (2021-EU-2019\/2015):<\/td>\n<td valign=\"middle\">A++<\/td>\n<\/tr>\n<tr class=\"odd\">\n<td valign=\"middle\" width=\"32\"><\/td>\n<td valign=\"middle\">Anos de garantia:<\/td>\n<td valign=\"middle\">3<\/td>\n<\/tr>\n<tr class=\"even\">\n<td valign=\"middle\" width=\"32\"><\/td>\n<td valign=\"middle\">Tempo de liga\u00e7\u00e3o :<\/td>\n<td valign=\"middle\">Autom\u00e1tico: 100% 1\u00aah.- 80% 2\u00aah. -60% 3\u00aah.- 50% 4\u00aah.- 30% 5\u00aa-8\u00aah.<\/td>\n<\/tr>\n<\/tbody>\n<\/table>\n<p>&nbsp;<\/p>\n<\/div>\n<\/div>\n<\/div>\n<\/div>","protected":false},"excerpt":{"rendered":"<div class=\"col-md-12\"><i class=\"fa fa-truck\"><\/i>&nbsp;<span class=\"text-muted textprop\">Entrega em 24\/48 horas<\/span><div class=\"col-md-12\"><i class=\"fa fa-exchange\"><\/i>&nbsp;<span class=\"text-muted textprop\">Garantia do segurado<\/span><\/div><div class=\"col-md-12\"><i class=\"fa fa-box\"><\/i>&nbsp;<span class=\"text-muted textprop\">5 unidade(s) por Masterbox<\/span><\/div><\/div>","protected":false},"featured_media":3978,"template":"","meta":{"site-sidebar-layout":"default","site-content-layout":"default","ast-global-header-display":"","ast-main-header-display":"","ast-hfb-above-header-display":"","ast-hfb-below-header-display":"","ast-hfb-mobile-header-display":"","site-post-title":"","ast-breadcrumbs-content":"","ast-featured-img":"","footer-sml-layout":"","theme-transparent-header-meta":"default","adv-header-id-meta":"","stick-header-meta":"","header-above-stick-meta":"","header-main-stick-meta":"","header-below-stick-meta":""},"product_cat":[80,37,28],"product_tag":[],"class_list":["post-3987","product","type-product","status-publish","has-post-thumbnail","hentry","product_cat-foco-proyector-serie-eco-y-solar","product_cat-iluminacion-solar-led","product_cat-proyectores-led-exterior-y-jardin"],"_links":{"self":[{"href":"https:\/\/starlediluminacion.com\/pt\/wp-json\/wp\/v3\/product\/3987","targetHints":{"allow":["GET"]}}],"collection":[{"href":"https:\/\/starlediluminacion.com\/pt\/wp-json\/wp\/v3\/product"}],"about":[{"href":"https:\/\/starlediluminacion.com\/pt\/wp-json\/wp\/v2\/types\/product"}],"wp:featuredmedia":[{"embeddable":true,"href":"https:\/\/starlediluminacion.com\/pt\/wp-json\/wp\/v2\/media\/3978"}],"wp:attachment":[{"href":"https:\/\/starlediluminacion.com\/pt\/wp-json\/wp\/v2\/media?parent=3987"}],"wp:term":[{"taxonomy":"product_cat","embeddable":true,"href":"https:\/\/starlediluminacion.com\/pt\/wp-json\/wp\/v2\/product_cat?post=3987"},{"taxonomy":"product_tag","embeddable":true,"href":"https:\/\/starlediluminacion.com\/pt\/wp-json\/wp\/v2\/product_tag?post=3987"}],"curies":[{"name":"wp","href":"https:\/\/api.w.org\/{rel}","templated":true}]}}