{"id":3687,"date":"2022-08-07T10:27:51","date_gmt":"2022-08-07T10:27:51","guid":{"rendered":"https:\/\/starlediluminacion.com\/?post_type=product&#038;p=3687"},"modified":"2022-08-27T13:46:12","modified_gmt":"2022-08-27T13:46:12","slug":"panel-led-60x30-24w-marco-blanco-cct","status":"publish","type":"product","link":"https:\/\/starlediluminacion.com\/pt\/product\/panel-led-60x30-24w-marco-blanco-cct\/","title":{"rendered":"<p>Painel LED 60X30 24W Moldura Branca - CCT<\/p>"},"content":{"rendered":"<div class=\"product-info-line\">\n<p id=\"product_reference\"><label>REFER\u00caNCIA: SL<span style=\"font-size: 16px;\">PN24W60X30<\/span><\/label><\/p>\n<p><strong>CAIXA DE 2 UNIDADES PARA EVITAR DANOS NO TRANSPORTE.<\/strong><\/p>\n<p><strong>Painel de LED 60\u00d730 24W CCT&nbsp;<\/strong>que<strong>&nbsp;permite regular a luz&nbsp;<\/strong>e criar ambientes personalizados em<strong>&nbsp;3000k-4000k-6000k.&nbsp;<\/strong>Medidas<strong>&nbsp;Ecr\u00e3 LED: 295 mm x 595 mm&nbsp;<\/strong>para tectos falsos. Tamb\u00e9m pode ser instalado \u00e0 face com o conversor ou suspenso com o nosso<strong> kit de suspens\u00e3o<\/strong>.<\/p>\n<h1><strong>Painel LED 60X30 cm 24W Moldura branca - CCT<\/strong><\/h1>\n<p><strong>Painel LED 60\u00d730 24W CCT BRANCO<\/strong>&nbsp;<strong>Fino 295 mm x 595 mm&nbsp;<\/strong>tem um acabamento elegante e um design moderno.<\/p>\n<p>O seu d\u00edodo eficiente&nbsp;<strong>SMD 2835<\/strong>&nbsp;<strong>SANAN<\/strong>&nbsp;alto brilho e a sua&nbsp;<strong>fator de pot\u00eancia de 0,96<\/strong>Isto, juntamente com o seu PC \u00f3tico de alta reflex\u00e3o, permite-lhe emitir uma luz uniforme em todo o painel, o que, juntamente com o seu PC \u00f3tico de alta reflex\u00e3o, aproveita ao m\u00e1ximo a luminosidade emitida pelo conjunto de d\u00edodos LED, o que permite compar\u00e1-lo com pain\u00e9is fluorescentes convencionais de at\u00e9 85W, conseguindo uma enorme poupan\u00e7a de energia.<\/p>\n<p>Com o seu sistema de arranque imediato e sem cintila\u00e7\u00e3o, este&nbsp;<strong>Painel LED<\/strong>&nbsp;\u00e9 ideal para locais onde se pretende maximizar o espa\u00e7o iluminado, projectando luz uniformemente e sem ofuscamento. O seu \u00e2ngulo de abertura de&nbsp;<strong>120\u00ba<\/strong>&nbsp;torna-o perfeito para utiliza\u00e7\u00e3o em espa\u00e7os interiores profissionais, bem como em cozinhas e casas de banho, uma vez que \u00e9 um&nbsp;<strong>IP40.<\/strong><\/p>\n<p>&nbsp;<\/p>\n<p>O<strong>&nbsp;Ecr\u00e3 LED 60\u00d730<\/strong>&nbsp;CCT de&nbsp;<strong>24W permite ajustar a luz&nbsp;<\/strong>e criar ambientes personalizados em<strong>&nbsp;3000k-4000k-6000k<\/strong>tamb\u00e9m pode ser suspenso.  Para ser instalado no teto, o painel necessita de&nbsp;<strong>kit de montagem \u00e0 superf\u00edcie ou kit de suspens\u00e3o.<\/strong><\/p>\n<h2>Utiliza\u00e7\u00f5es do Painel LED 60X30 cm 24W Moldura Branca - CCT<\/h2>\n<ul>\n<li>Escrit\u00f3rios<\/li>\n<li>Centros Comerciais<\/li>\n<li>Museus<\/li>\n<li>Hospitais<\/li>\n<li>Col\u00e9gios ou Universidades<\/li>\n<li>Armaz\u00e9ns<\/li>\n<li>Restaurantes<\/li>\n<\/ul>\n<h3 class=\"page-product-heading\">DADOS T\u00c9CNICOS<\/h3>\n<div class=\"col-xs-12 col-md-6\">\n<table class=\"table table-data-sheet 1\">\n<tbody>\n<tr class=\"odd\">\n<td valign=\"middle\" width=\"32\"><\/td>\n<td valign=\"middle\">REFER\u00caNCIA :<\/td>\n<td valign=\"middle\">SLPN24W60X30<\/td>\n<\/tr>\n<tr class=\"even\">\n<td valign=\"middle\" width=\"32\"><\/td>\n<td valign=\"middle\">Pot\u00eancia nominal :<\/td>\n<td valign=\"middle\">24w<\/td>\n<\/tr>\n<tr class=\"odd\">\n<td valign=\"middle\" width=\"32\"><\/td>\n<td valign=\"middle\">Tens\u00e3o Nominal:<\/td>\n<td valign=\"middle\">175-265V<\/td>\n<\/tr>\n<tr class=\"even\">\n<td valign=\"middle\" width=\"32\"><\/td>\n<td valign=\"middle\">Temperatura ligeira:<\/td>\n<td valign=\"middle\">COR SELECCION\u00c1VEL: 3000K-4000K-6000K<\/td>\n<\/tr>\n<tr class=\"odd\">\n<td valign=\"middle\" width=\"32\"><\/td>\n<td valign=\"middle\">CRI - Colour Rendering Index:<\/td>\n<td valign=\"middle\">82<\/td>\n<\/tr>\n<tr class=\"even\">\n<td valign=\"middle\" width=\"32\"><\/td>\n<td valign=\"middle\">Material de constru\u00e7\u00e3o:<\/td>\n<td valign=\"middle\">Alum\u00ednio +PC<\/td>\n<\/tr>\n<tr class=\"odd\">\n<td valign=\"middle\" width=\"32\"><\/td>\n<td valign=\"middle\">Luminosidade-Lm:<\/td>\n<td valign=\"middle\">2760<\/td>\n<\/tr>\n<tr class=\"even\">\n<td valign=\"middle\" width=\"32\"><\/td>\n<td valign=\"middle\">Tipo de LEDs:<\/td>\n<td valign=\"middle\">SMD 2835<\/td>\n<\/tr>\n<tr class=\"odd\">\n<td valign=\"middle\" width=\"32\"><\/td>\n<td valign=\"middle\">\u00c2ngulo de abertura (\u00ba):<\/td>\n<td valign=\"middle\">120\u00ba<\/td>\n<\/tr>\n<tr class=\"even\">\n<td valign=\"middle\" width=\"32\"><\/td>\n<td valign=\"middle\">Efici\u00eancia dos d\u00edodos LED (Lm\/W):<\/td>\n<td valign=\"middle\">160 Lm\/w<\/td>\n<\/tr>\n<tr class=\"odd\">\n<td valign=\"middle\" width=\"32\"><\/td>\n<td valign=\"middle\">Efic\u00e1cia luminosa (Lm\/W):<\/td>\n<td valign=\"middle\">115 Lm\/W<\/td>\n<\/tr>\n<tr class=\"even\">\n<td valign=\"middle\" width=\"32\"><\/td>\n<td valign=\"middle\">Certificados:<\/td>\n<td valign=\"middle\">CE - ROHS<\/td>\n<\/tr>\n<\/tbody>\n<\/table>\n<\/div>\n<div class=\"col-xs-12 col-md-6 2\">\n<table class=\"table table-data-sheet 2\">\n<tbody>\n<tr class=\"odd\">\n<td valign=\"middle\" width=\"32\"><\/td>\n<td valign=\"middle\">Classifica\u00e7\u00e3o IP:<\/td>\n<td valign=\"middle\">IP40<\/td>\n<\/tr>\n<tr class=\"even\">\n<td valign=\"middle\" width=\"32\"><\/td>\n<td valign=\"middle\">D\u00edodo LED de vida estimada (H):<\/td>\n<td valign=\"middle\">50.000<\/td>\n<\/tr>\n<tr class=\"odd\">\n<td valign=\"middle\" width=\"32\"><\/td>\n<td valign=\"middle\">Dimens\u00f5es (mm):<\/td>\n<td valign=\"middle\">595x295x30<\/td>\n<\/tr>\n<tr class=\"even\">\n<td valign=\"middle\" width=\"32\"><\/td>\n<td valign=\"middle\">Factor de pot\u00eancia (PF):<\/td>\n<td valign=\"middle\">0.96<\/td>\n<\/tr>\n<tr class=\"odd\">\n<td valign=\"middle\" width=\"32\"><\/td>\n<td valign=\"middle\">Frequ\u00eancia de trabalho (Hz):<\/td>\n<td valign=\"middle\">50\/60Hz<\/td>\n<\/tr>\n<tr class=\"even\">\n<td valign=\"middle\" width=\"32\"><\/td>\n<td valign=\"middle\">Gama de temperaturas (\u00baC):<\/td>\n<td valign=\"middle\">-20\u00b0C ~ +55\u00b0C<\/td>\n<\/tr>\n<tr class=\"odd\">\n<td valign=\"middle\" width=\"32\"><\/td>\n<td valign=\"middle\">Ciclos de Igni\u00e7\u00e3o:<\/td>\n<td valign=\"middle\">100.000<\/td>\n<\/tr>\n<tr class=\"even\">\n<td valign=\"middle\" width=\"32\"><\/td>\n<td valign=\"middle\">Tempo de arranque (s):<\/td>\n<td valign=\"middle\">0,2s<\/td>\n<\/tr>\n<tr class=\"odd\">\n<td valign=\"middle\" width=\"32\"><\/td>\n<td valign=\"middle\">Condutor inclu\u00eddo:<\/td>\n<td valign=\"middle\">SIM<\/td>\n<\/tr>\n<tr class=\"even\">\n<td valign=\"middle\" width=\"32\"><\/td>\n<td valign=\"middle\">Classe energ\u00e9tica (2021-EU-2019\/2015):<\/td>\n<td valign=\"middle\">A+<\/td>\n<\/tr>\n<tr class=\"odd\">\n<td valign=\"middle\" width=\"32\"><\/td>\n<td valign=\"middle\">Anos de garantia:<\/td>\n<td valign=\"middle\">3<\/td>\n<\/tr>\n<\/tbody>\n<\/table>\n<p>&nbsp;<\/p>\n<\/div>\n<\/div>","protected":false},"excerpt":{"rendered":"<div class=\"col-md-12\"><i class=\"fa fa-truck\"><\/i>&nbsp;<span class=\"text-muted textprop\">Entrega em 24\/48 horas<\/span><div class=\"col-md-12\"><i class=\"fa fa-exchange\"><\/i>&nbsp;<span class=\"text-muted textprop\">Garantia do segurado<\/span><\/div><div class=\"col-md-12\"><i class=\"fa fa-box\"><\/i>&nbsp;<span class=\"text-muted textprop\">8 unidade(s) por Masterbox<\/span><\/div><\/div>","protected":false},"featured_media":3688,"template":"","meta":{"site-sidebar-layout":"default","site-content-layout":"default","ast-global-header-display":"","ast-main-header-display":"","ast-hfb-above-header-display":"","ast-hfb-below-header-display":"","ast-hfb-mobile-header-display":"","site-post-title":"","ast-breadcrumbs-content":"","ast-featured-img":"","footer-sml-layout":"","theme-transparent-header-meta":"default","adv-header-id-meta":"","stick-header-meta":"","header-above-stick-meta":"","header-main-stick-meta":"","header-below-stick-meta":""},"product_cat":[31,104],"product_tag":[],"class_list":["post-3687","product","type-product","status-publish","has-post-thumbnail","hentry","product_cat-paneles-led","product_cat-paneles-led-paneles-led"],"_links":{"self":[{"href":"https:\/\/starlediluminacion.com\/pt\/wp-json\/wp\/v3\/product\/3687","targetHints":{"allow":["GET"]}}],"collection":[{"href":"https:\/\/starlediluminacion.com\/pt\/wp-json\/wp\/v3\/product"}],"about":[{"href":"https:\/\/starlediluminacion.com\/pt\/wp-json\/wp\/v2\/types\/product"}],"wp:featuredmedia":[{"embeddable":true,"href":"https:\/\/starlediluminacion.com\/pt\/wp-json\/wp\/v2\/media\/3688"}],"wp:attachment":[{"href":"https:\/\/starlediluminacion.com\/pt\/wp-json\/wp\/v2\/media?parent=3687"}],"wp:term":[{"taxonomy":"product_cat","embeddable":true,"href":"https:\/\/starlediluminacion.com\/pt\/wp-json\/wp\/v2\/product_cat?post=3687"},{"taxonomy":"product_tag","embeddable":true,"href":"https:\/\/starlediluminacion.com\/pt\/wp-json\/wp\/v2\/product_tag?post=3687"}],"curies":[{"name":"wp","href":"https:\/\/api.w.org\/{rel}","templated":true}]}}