{"id":3676,"date":"2022-08-07T10:23:47","date_gmt":"2022-08-07T10:23:47","guid":{"rendered":"https:\/\/starlediluminacion.com\/?post_type=product&#038;p=3676"},"modified":"2025-10-18T10:23:46","modified_gmt":"2025-10-18T10:23:46","slug":"panel-led-60x30-24w-certa-driver-philips-cct","status":"publish","type":"product","link":"https:\/\/starlediluminacion.com\/pt\/product\/panel-led-60x30-24w-certa-driver-philips-cct\/","title":{"rendered":"<p>painel led 60\u00d730 24w certa driver - cct<\/p>"},"content":{"rendered":"<div class=\"product-info-line\">\n<p id=\"product_reference\"><label>refer\u00eancia: sl<span style=\"font-size: 16px;\">90041cct<\/span><\/label><\/p>\n<p><strong>caja de 2 unidades para evitar da&ntilde;os de transporte.<\/strong><\/p>\n<p><strong>panel&nbsp; led 60&times;30 24w &ndash; cct &ndash;&nbsp;<\/strong>que permite<strong>&nbsp;seleccionar el color de la luz<\/strong>&nbsp;e criar ambientes personalizados em<strong>&nbsp;3000k-4000k-6000k.&nbsp;<\/strong>medidas&nbsp;<strong>pantalla led<\/strong>: 595mm x 295mm<strong>&nbsp;con driver <\/strong>. tambi&eacute;n puede ser instalado de forma empotrable con el convertidor, o inst&aacute;lala en suspensi&oacute;n con nuestro<strong> kit de suspensi&oacute;n.<\/strong><\/p>\n<p><strong>5 a&ntilde;os de garantia<\/strong><\/p>\n<h1><strong>painel led 60\u00d730 24w certa driver - cct<br>\n<\/strong><\/h1>\n<p><strong>panel led 60&times;30 24w cct marco blanco&nbsp;<\/strong>slim 595mm x 295mm<strong>&nbsp;<\/strong>tem um acabamento elegante e um design moderno.<\/p>\n<p>o seu d\u00edodo efetivo&nbsp;<strong>smd 2835<\/strong>&nbsp;<strong>sanan<\/strong>&nbsp;alto brilho e a sua&nbsp;<strong>factor de potencia de 0.97<\/strong>, le permite entregar una luz uniforme en todo el panel, lo que unido a su pc &oacute;ptico de alta reflexi&oacute;n aprovechar al m&aacute;ximo la luminosidad emitida por el conjunto de diodos led; esto le permite compararse con los paneles convencionales de fluorescencia de hasta 85w, consiguiendo un enorme ahorro energ&eacute;tico.<\/p>\n<p>com o seu sistema de arranque imediato e sem cintila\u00e7\u00e3o gra\u00e7as \u00e0&nbsp;<strong>driver certa de <\/strong>este&nbsp;<strong>pantalla led<\/strong>&nbsp;es ideal para lugares en donde se quiere maximizar el espacio iluminado, proyectando la luz de manera uniforme y sin deslumbramiento. su &aacute;ngulo de apertura de&nbsp;<strong>120\u00ba<\/strong>&nbsp;torna-o perfeito para utiliza\u00e7\u00e3o em espa\u00e7os interiores profissionais, bem como em cozinhas e casas de banho, uma vez que \u00e9 um&nbsp;<strong>ip40.<\/strong><\/p>\n<p>sobre<strong>&nbsp;driver certa de &nbsp;<\/strong>tiene 5 a&ntilde;os de garant&iacute;a y m&aacute;s de 50.000h de uso.<\/p>\n<p>sobre&nbsp;<strong>painel<\/strong>&nbsp;cct de&nbsp;<strong>24w<\/strong>&nbsp;<strong>permite ajustar la luz y crear ambientes personalizados en 3000k-4000k-6000k<\/strong>, tambi&eacute;n puede ser suspendido.&nbsp; para ser instalado en techo, el panel necesita el&nbsp;<strong>kit de superf\u00edcie ou kit de suspens\u00e3o<\/strong>.<\/p>\n<h2>usos del&nbsp;panel led 60&times;30 24w certa driver  &ndash; cct<\/h2>\n<ul>\n<li>escrit\u00f3rios<\/li>\n<li>centros comerciais<\/li>\n<li>museus<\/li>\n<li>hospitais<\/li>\n<li>escolas ou universidades<\/li>\n<li>armaz\u00e9ns<\/li>\n<li>restaurantes<\/li>\n<\/ul>\n<h3 class=\"page-product-heading\">pormenores t\u00e9cnicos<\/h3>\n<div class=\"col-xs-12 col-md-6\">\n<table class=\"table table-data-sheet 1\">\n<tbody>\n<tr class=\"odd\">\n<td valign=\"middle\" width=\"32\"><\/td>\n<td valign=\"middle\">refer\u00eancia :<\/td>\n<td valign=\"middle\">sl90041cct<\/td>\n<\/tr>\n<tr class=\"even\">\n<td valign=\"middle\" width=\"32\"><\/td>\n<td valign=\"middle\">pot\u00eancia nominal :<\/td>\n<td valign=\"middle\">24w<\/td>\n<\/tr>\n<tr class=\"odd\">\n<td valign=\"middle\" width=\"32\"><\/td>\n<td valign=\"middle\">tens\u00e3o nominal:<\/td>\n<td valign=\"middle\">175-265v<\/td>\n<\/tr>\n<tr class=\"even\">\n<td valign=\"middle\" width=\"32\"><\/td>\n<td valign=\"middle\">temperatura da luz:<\/td>\n<td valign=\"middle\">cor selecion\u00e1vel: 3000k-4000k-6000k<\/td>\n<\/tr>\n<tr class=\"odd\">\n<td valign=\"middle\" width=\"32\"><\/td>\n<td valign=\"middle\">cri - \u00edndice de reprodu\u00e7\u00e3o crom\u00e1tica:<\/td>\n<td valign=\"middle\">82<\/td>\n<\/tr>\n<tr class=\"even\">\n<td valign=\"middle\" width=\"32\"><\/td>\n<td valign=\"middle\">material de constru\u00e7\u00e3o:<\/td>\n<td valign=\"middle\">alum\u00ednio +pc<\/td>\n<\/tr>\n<tr class=\"odd\">\n<td valign=\"middle\" width=\"32\"><\/td>\n<td valign=\"middle\">luminosidade-lm:<\/td>\n<td valign=\"middle\">2760<\/td>\n<\/tr>\n<tr class=\"even\">\n<td valign=\"middle\" width=\"32\"><\/td>\n<td valign=\"middle\">tipo de LEDs:<\/td>\n<td valign=\"middle\">smd 2835<\/td>\n<\/tr>\n<tr class=\"odd\">\n<td valign=\"middle\" width=\"32\"><\/td>\n<td valign=\"middle\">\u00e2ngulo de abertura (\u00ba):<\/td>\n<td valign=\"middle\">120\u00ba<\/td>\n<\/tr>\n<tr class=\"even\">\n<td valign=\"middle\" width=\"32\"><\/td>\n<td valign=\"middle\">efici\u00eancia do d\u00edodo LED (lm\/w):<\/td>\n<td valign=\"middle\">160 lm\/w<\/td>\n<\/tr>\n<tr class=\"odd\">\n<td valign=\"middle\" width=\"32\"><\/td>\n<td valign=\"middle\">efic\u00e1cia luminosa (lm\/w):<\/td>\n<td valign=\"middle\">115 lm\/w<\/td>\n<\/tr>\n<tr class=\"even\">\n<td valign=\"middle\" width=\"32\"><\/td>\n<td valign=\"middle\">certificados:<\/td>\n<td valign=\"middle\">ce - rohs<\/td>\n<\/tr>\n<\/tbody>\n<\/table>\n<\/div>\n<div class=\"col-xs-12 col-md-6 2\">\n<table class=\"table table-data-sheet 2\">\n<tbody>\n<tr class=\"odd\">\n<td valign=\"middle\" width=\"32\"><\/td>\n<td valign=\"middle\">grau de ip:<\/td>\n<td valign=\"middle\">ip40<\/td>\n<\/tr>\n<tr class=\"even\">\n<td valign=\"middle\" width=\"32\"><\/td>\n<td valign=\"middle\">dura\u00e7\u00e3o estimada do d\u00edodo de led (h):<\/td>\n<td valign=\"middle\">50.000<\/td>\n<\/tr>\n<tr class=\"odd\">\n<td valign=\"middle\" width=\"32\"><\/td>\n<td valign=\"middle\">dimens\u00f5es (mm):<\/td>\n<td valign=\"middle\">595x295x30<\/td>\n<\/tr>\n<tr class=\"even\">\n<td valign=\"middle\" width=\"32\"><\/td>\n<td valign=\"middle\">fator de pot\u00eancia (pf):<\/td>\n<td valign=\"middle\">0.96<\/td>\n<\/tr>\n<tr class=\"odd\">\n<td valign=\"middle\" width=\"32\"><\/td>\n<td valign=\"middle\">frequ\u00eancia de funcionamento (hz):<\/td>\n<td valign=\"middle\">50\/60hz<\/td>\n<\/tr>\n<tr class=\"even\">\n<td valign=\"middle\" width=\"32\"><\/td>\n<td valign=\"middle\">gama de temperaturas (\u00baC):<\/td>\n<td valign=\"middle\">-20\u00b0c ~ +55\u00b0c<\/td>\n<\/tr>\n<tr class=\"odd\">\n<td valign=\"middle\" width=\"32\"><\/td>\n<td valign=\"middle\">ciclos de igni\u00e7\u00e3o:<\/td>\n<td valign=\"middle\">100.000<\/td>\n<\/tr>\n<tr class=\"even\">\n<td valign=\"middle\" width=\"32\"><\/td>\n<td valign=\"middle\">tempo de arranque (s):<\/td>\n<td valign=\"middle\">0,2s<\/td>\n<\/tr>\n<tr class=\"odd\">\n<td valign=\"middle\" width=\"32\"><\/td>\n<td valign=\"middle\">condutor inclu\u00eddo:<\/td>\n<td valign=\"middle\"> certadrive<\/td>\n<\/tr>\n<tr class=\"even\">\n<td valign=\"middle\" width=\"32\"><\/td>\n<td valign=\"middle\">classe energ\u00e9tica (2021-EU-2019\/2015):<\/td>\n<td valign=\"middle\">a+<\/td>\n<\/tr>\n<tr class=\"odd\">\n<td valign=\"middle\" width=\"32\"><\/td>\n<td valign=\"middle\">anos de garantia:<\/td>\n<td valign=\"middle\">5<\/td>\n<\/tr>\n<\/tbody>\n<\/table>\n<\/div>\n<p>&nbsp;<\/p>\n<p>&nbsp;<\/p>\n<\/div>","protected":false},"excerpt":{"rendered":"<div class=\"col-md-12\"><i class=\"fa fa-truck\"><\/i>&nbsp;<span class=\"text-muted textprop\">Entrega em 24\/48 horas<\/span><div class=\"col-md-12\"><i class=\"fa fa-exchange\"><\/i>&nbsp;<span class=\"text-muted textprop\">Garantia do segurado<\/span><\/div><div class=\"col-md-12\"><i class=\"fa fa-box\"><\/i>&nbsp;<span class=\"text-muted textprop\">8 unidade(s) por Masterbox<\/span><\/div><\/div>","protected":false},"featured_media":0,"template":"","meta":{"site-sidebar-layout":"default","site-content-layout":"default","ast-global-header-display":"","ast-main-header-display":"","ast-hfb-above-header-display":"","ast-hfb-below-header-display":"","ast-hfb-mobile-header-display":"","site-post-title":"","ast-breadcrumbs-content":"","ast-featured-img":"","footer-sml-layout":"","theme-transparent-header-meta":"default","adv-header-id-meta":"","stick-header-meta":"","header-above-stick-meta":"","header-main-stick-meta":"","header-below-stick-meta":""},"product_cat":[31,104],"product_tag":[],"class_list":["post-3676","product","type-product","status-publish","hentry","product_cat-paneles-led","product_cat-paneles-led-paneles-led"],"yoast_head":"<!-- This site is optimized with the Yoast SEO plugin v27.4 - https:\/\/yoast.com\/product\/yoast-seo-wordpress\/ -->\n<title>panel led 60x30 24w certa driver - cct - STARLED Iluminacion<\/title>\n<meta name=\"robots\" content=\"index, follow, max-snippet:-1, max-image-preview:large, max-video-preview:-1\" \/>\n<link rel=\"canonical\" href=\"https:\/\/starlediluminacion.com\/pt\/product\/panel-led-60x30-24w-certa-driver-philips-cct\/\" \/>\n<meta property=\"og:locale\" content=\"pt_PT\" \/>\n<meta property=\"og:type\" content=\"article\" \/>\n<meta property=\"og:title\" content=\"panel led 60x30 24w certa driver - cct - STARLED Iluminacion\" \/>\n<meta property=\"og:description\" content=\"\u00a0Entrega en 24\/48 horas \u00a0Garant\u00eda asegurada \u00a08 unidad(es) por Masterbox\" \/>\n<meta property=\"og:url\" content=\"https:\/\/starlediluminacion.com\/pt\/product\/panel-led-60x30-24w-certa-driver-philips-cct\/\" \/>\n<meta property=\"og:site_name\" content=\"STARLED Iluminacion\" \/>\n<meta property=\"article:modified_time\" content=\"2025-10-18T10:23:46+00:00\" \/>\n<meta name=\"twitter:card\" content=\"summary_large_image\" \/>\n<meta name=\"twitter:label1\" content=\"Tempo estimado de leitura\" \/>\n\t<meta name=\"twitter:data1\" content=\"2 minutos\" \/>\n<script type=\"application\/ld+json\" class=\"yoast-schema-graph\">{\"@context\":\"https:\\\/\\\/schema.org\",\"@graph\":[{\"@type\":\"WebPage\",\"@id\":\"https:\\\/\\\/starlediluminacion.com\\\/producto\\\/panel-led-60x30-24w-certa-driver-philips-cct\\\/\",\"url\":\"https:\\\/\\\/starlediluminacion.com\\\/producto\\\/panel-led-60x30-24w-certa-driver-philips-cct\\\/\",\"name\":\"panel led 60x30 24w certa driver - cct - STARLED Iluminacion\",\"isPartOf\":{\"@id\":\"https:\\\/\\\/starlediluminacion.com\\\/#website\"},\"datePublished\":\"2022-08-07T10:23:47+00:00\",\"dateModified\":\"2025-10-18T10:23:46+00:00\",\"breadcrumb\":{\"@id\":\"https:\\\/\\\/starlediluminacion.com\\\/producto\\\/panel-led-60x30-24w-certa-driver-philips-cct\\\/#breadcrumb\"},\"inLanguage\":\"pt-PT\",\"potentialAction\":[{\"@type\":\"ReadAction\",\"target\":[\"https:\\\/\\\/starlediluminacion.com\\\/producto\\\/panel-led-60x30-24w-certa-driver-philips-cct\\\/\"]}]},{\"@type\":\"BreadcrumbList\",\"@id\":\"https:\\\/\\\/starlediluminacion.com\\\/producto\\\/panel-led-60x30-24w-certa-driver-philips-cct\\\/#breadcrumb\",\"itemListElement\":[{\"@type\":\"ListItem\",\"position\":1,\"name\":\"Portada\",\"item\":\"https:\\\/\\\/starlediluminacion.com\\\/\"},{\"@type\":\"ListItem\",\"position\":2,\"name\":\"Shop\",\"item\":\"https:\\\/\\\/starlediluminacion.com\\\/shop-2\\\/\"},{\"@type\":\"ListItem\",\"position\":3,\"name\":\"panel led 60&#215;30 24w certa driver &#8211; cct\"}]},{\"@type\":\"WebSite\",\"@id\":\"https:\\\/\\\/starlediluminacion.com\\\/#website\",\"url\":\"https:\\\/\\\/starlediluminacion.com\\\/\",\"name\":\"STARLED Iluminacion\",\"description\":\"\",\"potentialAction\":[{\"@type\":\"SearchAction\",\"target\":{\"@type\":\"EntryPoint\",\"urlTemplate\":\"https:\\\/\\\/starlediluminacion.com\\\/?s={search_term_string}\"},\"query-input\":{\"@type\":\"PropertyValueSpecification\",\"valueRequired\":true,\"valueName\":\"search_term_string\"}}],\"inLanguage\":\"pt-PT\"}]}<\/script>\n<!-- \/ Yoast SEO plugin. -->","yoast_head_json":{"title":"panel led 60x30 24w certa driver - cct - STARLED Iluminacion","robots":{"index":"index","follow":"follow","max-snippet":"max-snippet:-1","max-image-preview":"max-image-preview:large","max-video-preview":"max-video-preview:-1"},"canonical":"https:\/\/starlediluminacion.com\/pt\/product\/panel-led-60x30-24w-certa-driver-philips-cct\/","og_locale":"pt_PT","og_type":"article","og_title":"panel led 60x30 24w certa driver - cct - STARLED Iluminacion","og_description":"\u00a0Entrega en 24\/48 horas \u00a0Garant\u00eda asegurada \u00a08 unidad(es) por Masterbox","og_url":"https:\/\/starlediluminacion.com\/pt\/product\/panel-led-60x30-24w-certa-driver-philips-cct\/","og_site_name":"STARLED Iluminacion","article_modified_time":"2025-10-18T10:23:46+00:00","twitter_card":"summary_large_image","twitter_misc":{"Tempo estimado de leitura":"2 minutos"},"schema":{"@context":"https:\/\/schema.org","@graph":[{"@type":"WebPage","@id":"https:\/\/starlediluminacion.com\/producto\/panel-led-60x30-24w-certa-driver-philips-cct\/","url":"https:\/\/starlediluminacion.com\/producto\/panel-led-60x30-24w-certa-driver-philips-cct\/","name":"panel led 60x30 24w certa driver - cct - STARLED Iluminacion","isPartOf":{"@id":"https:\/\/starlediluminacion.com\/#website"},"datePublished":"2022-08-07T10:23:47+00:00","dateModified":"2025-10-18T10:23:46+00:00","breadcrumb":{"@id":"https:\/\/starlediluminacion.com\/producto\/panel-led-60x30-24w-certa-driver-philips-cct\/#breadcrumb"},"inLanguage":"pt-PT","potentialAction":[{"@type":"ReadAction","target":["https:\/\/starlediluminacion.com\/producto\/panel-led-60x30-24w-certa-driver-philips-cct\/"]}]},{"@type":"BreadcrumbList","@id":"https:\/\/starlediluminacion.com\/producto\/panel-led-60x30-24w-certa-driver-philips-cct\/#breadcrumb","itemListElement":[{"@type":"ListItem","position":1,"name":"Portada","item":"https:\/\/starlediluminacion.com\/"},{"@type":"ListItem","position":2,"name":"Shop","item":"https:\/\/starlediluminacion.com\/shop-2\/"},{"@type":"ListItem","position":3,"name":"panel led 60&#215;30 24w certa driver &#8211; cct"}]},{"@type":"WebSite","@id":"https:\/\/starlediluminacion.com\/#website","url":"https:\/\/starlediluminacion.com\/","name":"STARLED Iluminacion","description":"","potentialAction":[{"@type":"SearchAction","target":{"@type":"EntryPoint","urlTemplate":"https:\/\/starlediluminacion.com\/?s={search_term_string}"},"query-input":{"@type":"PropertyValueSpecification","valueRequired":true,"valueName":"search_term_string"}}],"inLanguage":"pt-PT"}]}},"_links":{"self":[{"href":"https:\/\/starlediluminacion.com\/pt\/wp-json\/wp\/v3\/product\/3676","targetHints":{"allow":["GET"]}}],"collection":[{"href":"https:\/\/starlediluminacion.com\/pt\/wp-json\/wp\/v3\/product"}],"about":[{"href":"https:\/\/starlediluminacion.com\/pt\/wp-json\/wp\/v2\/types\/product"}],"wp:attachment":[{"href":"https:\/\/starlediluminacion.com\/pt\/wp-json\/wp\/v2\/media?parent=3676"}],"wp:term":[{"taxonomy":"product_cat","embeddable":true,"href":"https:\/\/starlediluminacion.com\/pt\/wp-json\/wp\/v2\/product_cat?post=3676"},{"taxonomy":"product_tag","embeddable":true,"href":"https:\/\/starlediluminacion.com\/pt\/wp-json\/wp\/v2\/product_tag?post=3676"}],"curies":[{"name":"wp","href":"https:\/\/api.w.org\/{rel}","templated":true}]}}