{"id":3625,"date":"2022-08-07T09:58:49","date_gmt":"2022-08-07T09:58:49","guid":{"rendered":"https:\/\/starlediluminacion.com\/?post_type=product&#038;p=3625"},"modified":"2025-10-18T10:21:57","modified_gmt":"2025-10-18T10:21:57","slug":"pack-10-panel-led-60x60-44w-philips-certadrive-cri92-enec05","status":"publish","type":"product","link":"https:\/\/starlediluminacion.com\/pt\/product\/pack-10-panel-led-60x60-44w-philips-certadrive-cri92-enec05\/","title":{"rendered":"<p>pack 10 painel led 60\u00d760 44w - certadrive - cri+92- enec05<\/p>"},"content":{"rendered":"<div class=\"product-info-line\">\n<p id=\"product_reference\"><label>refer\u00eancia: sl<span style=\"font-size: 16px;\">pn44wphl-pack10-57k<\/span><\/label><\/p>\n<h3>este produto \u00e9 vendido em caixas completas de 10 unidades.<strong>&nbsp;1 caixa = 10 pain\u00e9is LED<\/strong><\/h3>\n<p>sobre<strong>&nbsp;painel<\/strong>&nbsp;<strong>led&nbsp;&nbsp; certa driver 44w<\/strong>&nbsp;com d\u00edodos de alto brilho e medi\u00e7\u00e3o de&nbsp;<strong>60\u00d760<\/strong>&nbsp;(595\u00d7595 mm) \u00e9 o produto perfeito para&nbsp;<strong>tectos<\/strong>&nbsp;A lumin\u00e1ria pode ser instalada de forma desmont\u00e1vel.&nbsp;<strong>encastrada<\/strong>&nbsp;com o conversor, em&nbsp;<strong>superf\u00edcie<\/strong>&nbsp;e em suspens\u00e3o com o nosso<strong>&nbsp;<\/strong>kit de suspensi&oacute;n. 3 a&ntilde;os garantia + 2 a&ntilde;os adicionales =<strong>&nbsp;5 anos de garantia.<\/strong><\/p>\n<p><strong>&nbsp;opci&oacute;n unidades = 1 caja de 10 paneles led de 44wn&nbsp;<\/strong><\/p>\n<p><strong>opci&oacute;n pack pro 9 = 9 cajas de 10 paneles de 44w&nbsp;<\/strong><\/p>\n<p><strong>opci&oacute;n pack pro 12 = 12 cajas de 10 paneles de 44w&nbsp;&nbsp;<\/strong><\/p>\n<h1>pack 10 panel led 60&times;60&nbsp;44w &ndash;  certadrive &ndash; marco blanco- enec<\/h1>\n<p><strong>painel de led moldura branca<\/strong>&nbsp;<strong>44w<\/strong>&nbsp;595mm x 595mm<strong>&nbsp;<\/strong>tem um acabamento elegante em alum\u00ednio lacado.<\/p>\n<p>su eficaz diodo de alta luminosidad, le permite entregar una luz uniforme en todo el panel&nbsp; led; esto le permite compararse con los paneles convencionales de fluorescencia de hasta 90w, consiguiendo un enorme&nbsp;<strong>poupan\u00e7a de energia.<\/strong><\/p>\n<p>com o seu sistema de arranque imediato e sem cintila\u00e7\u00e3o gra\u00e7as \u00e0<strong>&nbsp;driver certa de ,<\/strong>&nbsp;este pantalla led es ideal para lugares en donde se quiere maximizar el espacio iluminado, proyectando la luz de manera uniforme y sin deslumbramiento. su &aacute;ngulo de apertura de 120&ordm; lo hace perfecto para su uso en zonas de interior profesionales, ya que es un producto ip40.<\/p>\n<p><strong>la pantalla led 60&times;60<\/strong>&nbsp;a partir de<strong>&nbsp;44w &ndash;  certa driver-&nbsp;<\/strong>&nbsp;marco blanco, tambi&eacute;n puede ser suspendido o colocado en superficie. para ser instalado en techo, el panel necesita el kit de superficie o el kit de suspensi&oacute;n (ver accesorios kits).<\/p>\n<p>&nbsp;<\/p>\n<h2><strong>usos del&nbsp;pack 10 panel led 60&times;60 44w &ndash;  certadrive-<\/strong>enec<\/h2>\n<h2><\/h2>\n<ul>\n<li>escrit\u00f3rios<\/li>\n<li>centros comerciais<\/li>\n<li>museus<\/li>\n<li>hospitais<\/li>\n<li>facultades y universidades<\/li>\n<li>armaz\u00e9ns<\/li>\n<li>restaurantes<\/li>\n<li>tiendas comerciales<\/li>\n<\/ul>\n<h3 class=\"page-product-heading\">pormenores t\u00e9cnicos<\/h3>\n<div class=\"col-xs-12 col-md-6\">\n<table class=\"table table-data-sheet 1\">\n<tbody>\n<tr class=\"odd\">\n<td valign=\"middle\" width=\"32\"><\/td>\n<td valign=\"middle\">refer\u00eancia :<\/td>\n<td valign=\"middle\">slpn44w-pack10-phil<\/td>\n<\/tr>\n<tr class=\"even\">\n<td valign=\"middle\" width=\"32\"><\/td>\n<td valign=\"middle\">pot\u00eancia nominal :<\/td>\n<td valign=\"middle\">44w<\/td>\n<\/tr>\n<tr class=\"odd\">\n<td valign=\"middle\" width=\"32\"><\/td>\n<td valign=\"middle\">tens\u00e3o nominal:<\/td>\n<td valign=\"middle\">220-265v<\/td>\n<\/tr>\n<tr class=\"even\">\n<td valign=\"middle\" width=\"32\"><\/td>\n<td valign=\"middle\">temperatura da luz:<\/td>\n<td valign=\"middle\">4000k-6000k<\/td>\n<\/tr>\n<tr class=\"odd\">\n<td valign=\"middle\" width=\"32\"><\/td>\n<td valign=\"middle\">cri - \u00edndice de reprodu\u00e7\u00e3o crom\u00e1tica:<\/td>\n<td valign=\"middle\">92<\/td>\n<\/tr>\n<tr class=\"even\">\n<td valign=\"middle\" width=\"32\"><\/td>\n<td valign=\"middle\">material de constru\u00e7\u00e3o:<\/td>\n<td valign=\"middle\">alum\u00ednio +pc<\/td>\n<\/tr>\n<tr class=\"odd\">\n<td valign=\"middle\" width=\"32\"><\/td>\n<td valign=\"middle\">luminosidade-lm:<\/td>\n<td valign=\"middle\">5280<\/td>\n<\/tr>\n<tr class=\"even\">\n<td valign=\"middle\" width=\"32\"><\/td>\n<td valign=\"middle\">tipo de LEDs:<\/td>\n<td valign=\"middle\">smd 2835<\/td>\n<\/tr>\n<tr class=\"odd\">\n<td valign=\"middle\" width=\"32\"><\/td>\n<td valign=\"middle\">\u00e2ngulo de abertura (\u00ba):<\/td>\n<td valign=\"middle\">120\u00ba<\/td>\n<\/tr>\n<tr class=\"even\">\n<td valign=\"middle\" width=\"32\"><\/td>\n<td valign=\"middle\">efici\u00eancia do d\u00edodo LED (lm\/w):<\/td>\n<td valign=\"middle\">160 lm\/w<\/td>\n<\/tr>\n<tr class=\"odd\">\n<td valign=\"middle\" width=\"32\"><\/td>\n<td valign=\"middle\">efic\u00e1cia luminosa (lm\/w):<\/td>\n<td valign=\"middle\">120 lm\/w<\/td>\n<\/tr>\n<tr class=\"even\">\n<td valign=\"middle\" width=\"32\"><\/td>\n<td valign=\"middle\">certificados:<\/td>\n<td valign=\"middle\">ce-rosh-t\u00fcv-enec<\/td>\n<\/tr>\n<\/tbody>\n<\/table>\n<\/div>\n<div class=\"col-xs-12 col-md-6 2\">\n<table class=\"table table-data-sheet 2\">\n<tbody>\n<tr class=\"odd\">\n<td valign=\"middle\" width=\"32\"><\/td>\n<td valign=\"middle\">grau de ip:<\/td>\n<td valign=\"middle\">ip40<\/td>\n<\/tr>\n<tr class=\"even\">\n<td valign=\"middle\" width=\"32\"><\/td>\n<td valign=\"middle\">dimens\u00f5es (mm):<\/td>\n<td valign=\"middle\">595x595mmh30mm<\/td>\n<\/tr>\n<tr class=\"odd\">\n<td valign=\"middle\" width=\"32\"><\/td>\n<td valign=\"middle\">fator de pot\u00eancia (pf):<\/td>\n<td valign=\"middle\">0,95<\/td>\n<\/tr>\n<tr class=\"even\">\n<td valign=\"middle\" width=\"32\"><\/td>\n<td valign=\"middle\">frequ\u00eancia de funcionamento (hz):<\/td>\n<td valign=\"middle\">50\/60hz<\/td>\n<\/tr>\n<tr class=\"odd\">\n<td valign=\"middle\" width=\"32\"><\/td>\n<td valign=\"middle\">gama de temperaturas (\u00baC):<\/td>\n<td valign=\"middle\">-20\u00b0c ~ +55\u00b0c<\/td>\n<\/tr>\n<tr class=\"even\">\n<td valign=\"middle\" width=\"32\"><\/td>\n<td valign=\"middle\">ciclos de igni\u00e7\u00e3o:<\/td>\n<td valign=\"middle\">100.000<\/td>\n<\/tr>\n<tr class=\"odd\">\n<td valign=\"middle\" width=\"32\"><\/td>\n<td valign=\"middle\">tempo de arranque (s):<\/td>\n<td valign=\"middle\">0,2s<\/td>\n<\/tr>\n<tr class=\"even\">\n<td valign=\"middle\" width=\"32\"><\/td>\n<td valign=\"middle\">prote\u00e7\u00e3o contra impactos (ik):<\/td>\n<td valign=\"middle\">ik05<\/td>\n<\/tr>\n<tr class=\"odd\">\n<td valign=\"middle\" width=\"32\"><\/td>\n<td valign=\"middle\">condutor inclu\u00eddo:<\/td>\n<td valign=\"middle\"> certadrive no flick<\/td>\n<\/tr>\n<tr class=\"even\">\n<td valign=\"middle\" width=\"32\"><\/td>\n<td valign=\"middle\">classe energ\u00e9tica (2021-EU-2019\/2015):<\/td>\n<td valign=\"middle\">a+<\/td>\n<\/tr>\n<tr class=\"odd\">\n<td valign=\"middle\" width=\"32\"><\/td>\n<td valign=\"middle\">anos de garantia:<\/td>\n<td valign=\"middle\">5<\/td>\n<\/tr>\n<\/tbody>\n<\/table>\n<p>&nbsp;<\/p>\n<\/div>\n<\/div>","protected":false},"excerpt":{"rendered":"<div class=\"col-md-12\"><i class=\"fa fa-truck\"><\/i>&nbsp;<span class=\"text-muted textprop\">Entrega em 24\/48 horas<\/span><div class=\"col-md-12\"><i class=\"fa fa-exchange\"><\/i>&nbsp;<span class=\"text-muted textprop\">Garantia do segurado<\/span><\/div><div class=\"col-md-12\"><i class=\"fa fa-box\"><\/i>&nbsp;<span class=\"text-muted textprop\">1 unidade(s) por Masterbox<\/span><\/div><div><strong>TEMPERATURA DE COR: 4000K\/5700K<\/strong><\/div><\/div>","protected":false},"featured_media":0,"template":"","meta":{"site-sidebar-layout":"default","site-content-layout":"default","ast-global-header-display":"","ast-main-header-display":"","ast-hfb-above-header-display":"","ast-hfb-below-header-display":"","ast-hfb-mobile-header-display":"","site-post-title":"","ast-breadcrumbs-content":"","ast-featured-img":"","footer-sml-layout":"","theme-transparent-header-meta":"default","adv-header-id-meta":"","stick-header-meta":"","header-above-stick-meta":"","header-main-stick-meta":"","header-below-stick-meta":""},"product_cat":[42,41,31,104],"product_tag":[106],"class_list":["post-3625","product","type-product","status-publish","hentry","product_cat-mas-vendidos","product_cat-ofertas","product_cat-paneles-led","product_cat-paneles-led-paneles-led","product_tag-oferta"],"_links":{"self":[{"href":"https:\/\/starlediluminacion.com\/pt\/wp-json\/wp\/v3\/product\/3625","targetHints":{"allow":["GET"]}}],"collection":[{"href":"https:\/\/starlediluminacion.com\/pt\/wp-json\/wp\/v3\/product"}],"about":[{"href":"https:\/\/starlediluminacion.com\/pt\/wp-json\/wp\/v2\/types\/product"}],"wp:attachment":[{"href":"https:\/\/starlediluminacion.com\/pt\/wp-json\/wp\/v2\/media?parent=3625"}],"wp:term":[{"taxonomy":"product_cat","embeddable":true,"href":"https:\/\/starlediluminacion.com\/pt\/wp-json\/wp\/v2\/product_cat?post=3625"},{"taxonomy":"product_tag","embeddable":true,"href":"https:\/\/starlediluminacion.com\/pt\/wp-json\/wp\/v2\/product_tag?post=3625"}],"curies":[{"name":"wp","href":"https:\/\/api.w.org\/{rel}","templated":true}]}}