{"id":3616,"date":"2022-08-07T09:53:29","date_gmt":"2022-08-07T09:53:29","guid":{"rendered":"https:\/\/starlediluminacion.com\/?post_type=product&#038;p=3616"},"modified":"2025-10-18T10:21:44","modified_gmt":"2025-10-18T10:21:44","slug":"fit-panel-led-60x60-44w-philips-certadrive-marco-luminoso-blanco-cct","status":"publish","type":"product","link":"https:\/\/starlediluminacion.com\/pt\/product\/fit-panel-led-60x60-44w-philips-certadrive-white-light-frame-white-cct\/","title":{"rendered":"<p>fit panel led 60&times;60 44w &ndash;  certadrive &ndash; marco luminoso blanco &ndash; cct<\/p>"},"content":{"rendered":"<div class=\"product-info-line\">\n<p id=\"product_reference\"><label>refer\u00eancia: sl<span style=\"font-size: 16px;\">90538<\/span><\/label><\/p>\n<p><strong>caja de 2 unidades para evitar da&ntilde;os de transporte<\/strong><\/p>\n<p>sobre&nbsp;<strong>marco luminoso&nbsp;panel led<\/strong>&nbsp;a partir de&nbsp;<strong>44w &ndash; cct<\/strong>&nbsp;-&nbsp;<strong> certa<\/strong>&nbsp;- para falso<strong>&nbsp;tectos<\/strong>&nbsp;a partir de&nbsp;<strong>60\u00d760<\/strong>, es un cerco luminoso led de aluminio perimetral cuadrado a modo de moldura led que descuelga para colocar sobre la perfiler&iacute;a de los falsos techos de 60&times;60. el&nbsp;<strong>painel de led de encaixe<\/strong>&nbsp;595x 595mm encaja perfectamente en los techos desmontables de 60&times;60.&nbsp;panel de&nbsp;<strong>cor selecion\u00e1vel<\/strong>&nbsp;con selector manual (blanco fr&iacute;o, blanco neutro, blanco c&aacute;lido)<\/p>\n<h1>fit panel led &ndash;  certa &ndash; 60&times;60 44w marco luminoso blanco &ndash; cct<\/h1>\n<p><strong>marco led<\/strong>&nbsp;a partir de&nbsp;<strong>44w cct<\/strong>&nbsp;&ndash;  certa -para&nbsp;<strong>aborrecido<\/strong>&nbsp;em falso&nbsp;<strong>tectos<\/strong>&nbsp;a partir de&nbsp;<strong>60\u00d760<\/strong>&nbsp;apresenta um acabamento elegante e um design ultrafino em alum\u00ednio lacado cozido.<\/p>\n<p>sobre&nbsp;<strong>painel<\/strong>&nbsp;dispone de un selector de color de la luz (6000k- blanco fr&iacute;o, 4000k -blanco neutro, 3000k &ndash; blanco c&aacute;lido), con el que podr&aacute;s adecuar la habitaci&oacute;n a tu color deseado, creando ambientes personalizados a tu gusto.<\/p>\n<p>su eficaz&nbsp;<strong>diodo smd 2835 de alta luminosidad<\/strong>&nbsp;de 4800 l&uacute;menes, le permite entregar una luz uniforme en todo el panel, lo que unido a su cubierta de policarbonato &oacute;ptico de alta calidad le permite aprovechar al m&aacute;ximo la luminosidad emitida por el conjunto de diodos led, esto le permite compararse con los paneles convencionales de fluorescencia de hasta 280w, consiguiendo un enorme ahorro energ&eacute;tico. con su sistema de un arranque inmediato y sin parpadeos.<\/p>\n<p>este&nbsp;<strong>fit panel led&nbsp;&ndash;  certa &ndash; 60&times;60<\/strong>&nbsp;es ideal para lugares en donde se quiere maximizar el espacio iluminado, proyectando la luz de manera uniforme. su &aacute;ngulo de apertura de 120&ordm; lo hace perfecto para su uso en oficinas, centros comerciales, museos, hospitales, almacenes, restaurantes, supermercados, , as&iacute; como en ascensores, comunidades, residencias y viviendas<\/p>\n<h2><strong>usos del&nbsp;fit panelled &ndash;  certa &ndash; 60&times;60 44w marco luminoso blanco &ndash; cct<\/strong><\/h2>\n<ul>\n<li>escrit\u00f3rios<\/li>\n<li>centros comerciais<\/li>\n<li>museus<\/li>\n<li>hospitais<\/li>\n<li>facultades y universidades<\/li>\n<li>armaz\u00e9ns<\/li>\n<li>restaurantes<\/li>\n<li>tiendas comerciales<\/li>\n<\/ul>\n<h3 class=\"page-product-heading\">pormenores t\u00e9cnicos<\/h3>\n<div class=\"col-xs-12 col-md-6\">\n<table class=\"table table-data-sheet 1\">\n<tbody>\n<tr class=\"odd\">\n<td valign=\"middle\" width=\"32\"><\/td>\n<td valign=\"middle\">refer\u00eancia :<\/td>\n<td valign=\"middle\">sl90538<\/td>\n<\/tr>\n<tr class=\"even\">\n<td valign=\"middle\" width=\"32\"><\/td>\n<td valign=\"middle\">pot\u00eancia nominal :<\/td>\n<td valign=\"middle\">44w<\/td>\n<\/tr>\n<tr class=\"odd\">\n<td valign=\"middle\" width=\"32\"><\/td>\n<td valign=\"middle\">tens\u00e3o nominal:<\/td>\n<td valign=\"middle\">85v-265v<\/td>\n<\/tr>\n<tr class=\"even\">\n<td valign=\"middle\" width=\"32\"><\/td>\n<td valign=\"middle\">temperatura da luz:<\/td>\n<td valign=\"middle\">cor selecion\u00e1vel: 3000k-4000k-6000k<\/td>\n<\/tr>\n<tr class=\"odd\">\n<td valign=\"middle\" width=\"32\"><\/td>\n<td valign=\"middle\">cri - \u00edndice de reprodu\u00e7\u00e3o crom\u00e1tica:<\/td>\n<td valign=\"middle\">85<\/td>\n<\/tr>\n<tr class=\"even\">\n<td valign=\"middle\" width=\"32\"><\/td>\n<td valign=\"middle\">material de constru\u00e7\u00e3o:<\/td>\n<td valign=\"middle\">alum\u00ednio +pc<\/td>\n<\/tr>\n<tr class=\"odd\">\n<td valign=\"middle\" width=\"32\"><\/td>\n<td valign=\"middle\">luminosidade-lm:<\/td>\n<td valign=\"middle\">4800<\/td>\n<\/tr>\n<tr class=\"even\">\n<td valign=\"middle\" width=\"32\"><\/td>\n<td valign=\"middle\">tipo de LEDs:<\/td>\n<td valign=\"middle\">smd 2835<\/td>\n<\/tr>\n<tr class=\"odd\">\n<td valign=\"middle\" width=\"32\"><\/td>\n<td valign=\"middle\">\u00e2ngulo de abertura (\u00ba):<\/td>\n<td valign=\"middle\">120\u00ba<\/td>\n<\/tr>\n<tr class=\"even\">\n<td valign=\"middle\" width=\"32\"><\/td>\n<td valign=\"middle\">efici\u00eancia do d\u00edodo LED (lm\/w):<\/td>\n<td valign=\"middle\">125lm\/w<\/td>\n<\/tr>\n<tr class=\"odd\">\n<td valign=\"middle\" width=\"32\"><\/td>\n<td valign=\"middle\">efic\u00e1cia luminosa (lm\/w):<\/td>\n<td valign=\"middle\">110 lm\/w<\/td>\n<\/tr>\n<\/tbody>\n<\/table>\n<\/div>\n<div class=\"col-xs-12 col-md-6 2\">\n<table class=\"table table-data-sheet 2\">\n<tbody>\n<tr class=\"odd\">\n<td valign=\"middle\" width=\"32\"><\/td>\n<td valign=\"middle\">certificados:<\/td>\n<td valign=\"middle\">ce - rohs<\/td>\n<\/tr>\n<tr class=\"even\">\n<td valign=\"middle\" width=\"32\"><\/td>\n<td valign=\"middle\">dura\u00e7\u00e3o estimada do d\u00edodo de led (h):<\/td>\n<td valign=\"middle\">50.000<\/td>\n<\/tr>\n<tr class=\"odd\">\n<td valign=\"middle\" width=\"32\"><\/td>\n<td valign=\"middle\">dimens\u00f5es (mm):<\/td>\n<td valign=\"middle\">595 mm x 595 mm<\/td>\n<\/tr>\n<tr class=\"even\">\n<td valign=\"middle\" width=\"32\"><\/td>\n<td valign=\"middle\">fator de pot\u00eancia (pf):<\/td>\n<td valign=\"middle\">0,91<\/td>\n<\/tr>\n<tr class=\"odd\">\n<td valign=\"middle\" width=\"32\"><\/td>\n<td valign=\"middle\">frequ\u00eancia de funcionamento (hz):<\/td>\n<td valign=\"middle\">50\/60hz<\/td>\n<\/tr>\n<tr class=\"even\">\n<td valign=\"middle\" width=\"32\"><\/td>\n<td valign=\"middle\">gama de temperaturas (\u00baC):<\/td>\n<td valign=\"middle\">-20&ordm;c ~ +40&ordm;c<\/td>\n<\/tr>\n<tr class=\"odd\">\n<td valign=\"middle\" width=\"32\"><\/td>\n<td valign=\"middle\">ciclos de igni\u00e7\u00e3o:<\/td>\n<td valign=\"middle\">100.000<\/td>\n<\/tr>\n<tr class=\"even\">\n<td valign=\"middle\" width=\"32\"><\/td>\n<td valign=\"middle\">tempo de arranque (s):<\/td>\n<td valign=\"middle\">0,2s<\/td>\n<\/tr>\n<tr class=\"odd\">\n<td valign=\"middle\" width=\"32\"><\/td>\n<td valign=\"middle\">informa\u00e7\u00f5es adicionais:<\/td>\n<td valign=\"middle\">no flick<\/td>\n<\/tr>\n<tr class=\"even\">\n<td valign=\"middle\" width=\"32\"><\/td>\n<td valign=\"middle\">classe energ\u00e9tica (2021-EU-2019\/2015):<\/td>\n<td valign=\"middle\">a+<\/td>\n<\/tr>\n<tr class=\"odd\">\n<td valign=\"middle\" width=\"32\"><\/td>\n<td valign=\"middle\">anos de garantia:<\/td>\n<td valign=\"middle\">3<\/td>\n<\/tr>\n<\/tbody>\n<\/table>\n<\/div>\n<\/div>","protected":false},"excerpt":{"rendered":"<div class=\"col-md-12\"><i class=\"fa fa-truck\"><\/i>&nbsp;<span class=\"text-muted textprop\">Entrega em 24\/48 horas<\/span><div class=\"col-md-12\"><i class=\"fa fa-exchange\"><\/i>&nbsp;<span class=\"text-muted textprop\">Garantia do segurado<\/span><\/div><div class=\"col-md-12\"><i class=\"fa fa-box\"><\/i>&nbsp;<span class=\"text-muted textprop\">10 unidade(s) por Masterbox<\/span><\/div><\/div>","protected":false},"featured_media":0,"template":"","meta":{"site-sidebar-layout":"default","site-content-layout":"default","ast-global-header-display":"","ast-main-header-display":"","ast-hfb-above-header-display":"","ast-hfb-below-header-display":"","ast-hfb-mobile-header-display":"","site-post-title":"","ast-breadcrumbs-content":"","ast-featured-img":"","footer-sml-layout":"","theme-transparent-header-meta":"default","adv-header-id-meta":"","stick-header-meta":"","header-above-stick-meta":"","header-main-stick-meta":"","header-below-stick-meta":""},"product_cat":[31,104],"product_tag":[],"class_list":["post-3616","product","type-product","status-publish","hentry","product_cat-paneles-led","product_cat-paneles-led-paneles-led"],"yoast_head":"<!-- This site is optimized with the Yoast SEO plugin v27.4 - https:\/\/yoast.com\/product\/yoast-seo-wordpress\/ -->\n<title>fit panel led 60x60 44w - certadrive - marco luminoso blanco - cct - STARLED Iluminacion<\/title>\n<meta name=\"robots\" content=\"index, follow, max-snippet:-1, max-image-preview:large, max-video-preview:-1\" \/>\n<link rel=\"canonical\" href=\"https:\/\/starlediluminacion.com\/pt\/product\/fit-panel-led-60x60-44w-philips-certadrive-white-light-frame-white-cct\/\" \/>\n<meta property=\"og:locale\" content=\"pt_PT\" \/>\n<meta property=\"og:type\" content=\"article\" \/>\n<meta property=\"og:title\" content=\"fit panel led 60x60 44w - certadrive - marco luminoso blanco - cct - STARLED Iluminacion\" \/>\n<meta property=\"og:description\" content=\"\u00a0Entrega en 24\/48 horas \u00a0Garant\u00eda asegurada \u00a010 unidad(es) por Masterbox\" \/>\n<meta property=\"og:url\" content=\"https:\/\/starlediluminacion.com\/pt\/product\/fit-panel-led-60x60-44w-philips-certadrive-white-light-frame-white-cct\/\" \/>\n<meta property=\"og:site_name\" content=\"STARLED Iluminacion\" \/>\n<meta property=\"article:modified_time\" content=\"2025-10-18T10:21:44+00:00\" \/>\n<meta name=\"twitter:card\" content=\"summary_large_image\" \/>\n<meta name=\"twitter:label1\" content=\"Tempo estimado de leitura\" \/>\n\t<meta name=\"twitter:data1\" content=\"2 minutos\" \/>\n<script type=\"application\/ld+json\" class=\"yoast-schema-graph\">{\"@context\":\"https:\\\/\\\/schema.org\",\"@graph\":[{\"@type\":\"WebPage\",\"@id\":\"https:\\\/\\\/starlediluminacion.com\\\/pt\\\/product\\\/fit-panel-led-60x60-44w-philips-certadrive-white-light-frame-white-cct\\\/\",\"url\":\"https:\\\/\\\/starlediluminacion.com\\\/pt\\\/product\\\/fit-panel-led-60x60-44w-philips-certadrive-white-light-frame-white-cct\\\/\",\"name\":\"fit panel led 60x60 44w - certadrive - marco luminoso blanco - cct - STARLED Iluminacion\",\"isPartOf\":{\"@id\":\"https:\\\/\\\/starlediluminacion.com\\\/#website\"},\"datePublished\":\"2022-08-07T09:53:29+00:00\",\"dateModified\":\"2025-10-18T10:21:44+00:00\",\"breadcrumb\":{\"@id\":\"https:\\\/\\\/starlediluminacion.com\\\/pt\\\/product\\\/fit-panel-led-60x60-44w-philips-certadrive-white-light-frame-white-cct\\\/#breadcrumb\"},\"inLanguage\":\"pt-PT\",\"potentialAction\":[{\"@type\":\"ReadAction\",\"target\":[\"https:\\\/\\\/starlediluminacion.com\\\/pt\\\/product\\\/fit-panel-led-60x60-44w-philips-certadrive-white-light-frame-white-cct\\\/\"]}]},{\"@type\":\"BreadcrumbList\",\"@id\":\"https:\\\/\\\/starlediluminacion.com\\\/pt\\\/product\\\/fit-panel-led-60x60-44w-philips-certadrive-white-light-frame-white-cct\\\/#breadcrumb\",\"itemListElement\":[{\"@type\":\"ListItem\",\"position\":1,\"name\":\"Portada\",\"item\":\"https:\\\/\\\/starlediluminacion.com\\\/\"},{\"@type\":\"ListItem\",\"position\":2,\"name\":\"Shop\",\"item\":\"https:\\\/\\\/starlediluminacion.com\\\/shop-2\\\/\"},{\"@type\":\"ListItem\",\"position\":3,\"name\":\"fit panel led 60&#215;60 44w &#8211; certadrive &#8211; marco luminoso blanco &#8211; cct\"}]},{\"@type\":\"WebSite\",\"@id\":\"https:\\\/\\\/starlediluminacion.com\\\/#website\",\"url\":\"https:\\\/\\\/starlediluminacion.com\\\/\",\"name\":\"STARLED Iluminacion\",\"description\":\"\",\"potentialAction\":[{\"@type\":\"SearchAction\",\"target\":{\"@type\":\"EntryPoint\",\"urlTemplate\":\"https:\\\/\\\/starlediluminacion.com\\\/?s={search_term_string}\"},\"query-input\":{\"@type\":\"PropertyValueSpecification\",\"valueRequired\":true,\"valueName\":\"search_term_string\"}}],\"inLanguage\":\"pt-PT\"}]}<\/script>\n<!-- \/ Yoast SEO plugin. -->","yoast_head_json":{"title":"fit panel led 60x60 44w - certadrive - marco luminoso blanco - cct - STARLED Iluminacion","robots":{"index":"index","follow":"follow","max-snippet":"max-snippet:-1","max-image-preview":"max-image-preview:large","max-video-preview":"max-video-preview:-1"},"canonical":"https:\/\/starlediluminacion.com\/pt\/product\/fit-panel-led-60x60-44w-philips-certadrive-white-light-frame-white-cct\/","og_locale":"pt_PT","og_type":"article","og_title":"fit panel led 60x60 44w - certadrive - marco luminoso blanco - cct - STARLED Iluminacion","og_description":"\u00a0Entrega en 24\/48 horas \u00a0Garant\u00eda asegurada \u00a010 unidad(es) por Masterbox","og_url":"https:\/\/starlediluminacion.com\/pt\/product\/fit-panel-led-60x60-44w-philips-certadrive-white-light-frame-white-cct\/","og_site_name":"STARLED Iluminacion","article_modified_time":"2025-10-18T10:21:44+00:00","twitter_card":"summary_large_image","twitter_misc":{"Tempo estimado de leitura":"2 minutos"},"schema":{"@context":"https:\/\/schema.org","@graph":[{"@type":"WebPage","@id":"https:\/\/starlediluminacion.com\/pt\/product\/fit-panel-led-60x60-44w-philips-certadrive-white-light-frame-white-cct\/","url":"https:\/\/starlediluminacion.com\/pt\/product\/fit-panel-led-60x60-44w-philips-certadrive-white-light-frame-white-cct\/","name":"fit panel led 60x60 44w - certadrive - marco luminoso blanco - cct - STARLED Iluminacion","isPartOf":{"@id":"https:\/\/starlediluminacion.com\/#website"},"datePublished":"2022-08-07T09:53:29+00:00","dateModified":"2025-10-18T10:21:44+00:00","breadcrumb":{"@id":"https:\/\/starlediluminacion.com\/pt\/product\/fit-panel-led-60x60-44w-philips-certadrive-white-light-frame-white-cct\/#breadcrumb"},"inLanguage":"pt-PT","potentialAction":[{"@type":"ReadAction","target":["https:\/\/starlediluminacion.com\/pt\/product\/fit-panel-led-60x60-44w-philips-certadrive-white-light-frame-white-cct\/"]}]},{"@type":"BreadcrumbList","@id":"https:\/\/starlediluminacion.com\/pt\/product\/fit-panel-led-60x60-44w-philips-certadrive-white-light-frame-white-cct\/#breadcrumb","itemListElement":[{"@type":"ListItem","position":1,"name":"Portada","item":"https:\/\/starlediluminacion.com\/"},{"@type":"ListItem","position":2,"name":"Shop","item":"https:\/\/starlediluminacion.com\/shop-2\/"},{"@type":"ListItem","position":3,"name":"fit panel led 60&#215;60 44w &#8211; certadrive &#8211; marco luminoso blanco &#8211; cct"}]},{"@type":"WebSite","@id":"https:\/\/starlediluminacion.com\/#website","url":"https:\/\/starlediluminacion.com\/","name":"STARLED Iluminacion","description":"","potentialAction":[{"@type":"SearchAction","target":{"@type":"EntryPoint","urlTemplate":"https:\/\/starlediluminacion.com\/?s={search_term_string}"},"query-input":{"@type":"PropertyValueSpecification","valueRequired":true,"valueName":"search_term_string"}}],"inLanguage":"pt-PT"}]}},"_links":{"self":[{"href":"https:\/\/starlediluminacion.com\/pt\/wp-json\/wp\/v3\/product\/3616","targetHints":{"allow":["GET"]}}],"collection":[{"href":"https:\/\/starlediluminacion.com\/pt\/wp-json\/wp\/v3\/product"}],"about":[{"href":"https:\/\/starlediluminacion.com\/pt\/wp-json\/wp\/v2\/types\/product"}],"wp:attachment":[{"href":"https:\/\/starlediluminacion.com\/pt\/wp-json\/wp\/v2\/media?parent=3616"}],"wp:term":[{"taxonomy":"product_cat","embeddable":true,"href":"https:\/\/starlediluminacion.com\/pt\/wp-json\/wp\/v2\/product_cat?post=3616"},{"taxonomy":"product_tag","embeddable":true,"href":"https:\/\/starlediluminacion.com\/pt\/wp-json\/wp\/v2\/product_tag?post=3616"}],"curies":[{"name":"wp","href":"https:\/\/api.w.org\/{rel}","templated":true}]}}