{"id":3583,"date":"2022-08-07T09:35:39","date_gmt":"2022-08-07T09:35:39","guid":{"rendered":"https:\/\/starlediluminacion.com\/?post_type=product&#038;p=3583"},"modified":"2025-10-18T10:29:53","modified_gmt":"2025-10-18T10:29:53","slug":"panel-colgante-led-doble-luz-120x20-40w-philips-certadrive-cct","status":"publish","type":"product","link":"https:\/\/starlediluminacion.com\/pt\/product\/painel-pendente-led-pendant-double-light-120x20-40w-philips-certadrive-cct\/","title":{"rendered":"<p>painel pendente led - luz dupla - 120\u00d720 - 40w - certadrive - cct<\/p>"},"content":{"rendered":"<div class=\"product-info-line\">\n<p id=\"product_reference\"><label>refer\u00eancia: sl<span class=\"editable\" style=\"font-size: 16px;\">90494<\/span><\/label><\/p>\n<p>nosso&nbsp;<strong>panel &ndash;  certadrive &ndash; led 40w<\/strong>&nbsp;a partir de&nbsp;<strong>suspens\u00e3o<\/strong>&nbsp;tem uma medida de&nbsp;<strong>195mm x 1195mm.<\/strong>&nbsp;su dise&ntilde;o limpio, simple y elegante es adecuado para su uso en pasillos, cocinas, oficinas y\/o espacios comerciales entre otros.<\/p>\n<p>a&nbsp;<strong>pain\u00e9is<\/strong>&nbsp;<strong>120\u00d720<\/strong>&nbsp;<strong>conduzido<\/strong>&nbsp;t\u00eam um design engenhoso que produz uma difus\u00e3o eficaz da luz, uma vez que os reflectores e difusores s\u00e3o capazes, mesmo com o seu design fino, de apresentar uma luz homog\u00e9nea nunca antes conseguida por um<strong>&nbsp;candeeiro de teto<\/strong>.&nbsp;<strong>cct<\/strong>: temperatura de color seleccionable.&nbsp;<strong>5 anos de garantia.<\/strong><\/p>\n<h1 dir=\"ltr\">PAINEL SUSPENSO DE LED&nbsp;<strong>&ndash;  certadrive &ndash;<\/strong>&nbsp;doble luz &ndash; 120&times;20 &ndash; 40w &ndash; marco blanco &ndash; cct: color seleccionable<\/h1>\n<p dir=\"ltr\">su dise&ntilde;o simple, limpio, y elegante es adecuado para su uso en pasillos, cocinas, oficinas y\/o espacios comerciales entre otros. el panel led tiene unas medidas de&nbsp;<strong>195 mm x 1195 mm<\/strong>. dispone de un&nbsp;<strong>certa driver<\/strong>&nbsp;de alta resist\u00eancia&nbsp;<strong><\/strong>o que aumenta a vida \u00fatil do painel.<\/p>\n<p dir=\"ltr\">sobre&nbsp;<strong>panel led 120&times;20<\/strong>&nbsp;dispone de un selector de color de la luz (6000k- blanco fr&iacute;o, 4000k -blanco neutro, 3000k &ndash; blanco c&aacute;lido), con el que podr&aacute;s adecuar la habitaci&oacute;n a tu color de luz deseado, creando ambientes personalizados a tu gusto.<\/p>\n<p dir=\"ltr\">su eficaz diodo de alta luminosidad, le permite entregar una luz uniforme en todo el panel, lo que unido a su pmma (metacrilato- no amarillea)&nbsp; &oacute;ptico de alta calidad aprovechar al m&aacute;ximo la luminosidad emitida por el conjunto de diodos led; esto le permite compararse con los paneles convencionales de fluorescencia de hasta 90w, consiguiendo un enorme ahorro energ&eacute;tico.<\/p>\n<p>con su sistema de un arranque inmediato y sin parpadeos, este panel led es ideal para lugares en donde se quiere maximizar el espacio iluminado, proyectando la luz de manera uniforme y sin deslumbramiento. su &aacute;ngulo de apertura de 120&ordm; lo hace perfecto para iluminar de manera eficaz.<\/p>\n<p dir=\"ltr\">su&nbsp;&iacute;ndice de reproducci&oacute;n crom&aacute;tico muy alto del 85, ofreciendo un color vivo y natural.<\/p>\n<h2>usos del panel colgante led&nbsp;<strong>&ndash;  certadrive &ndash;<\/strong>&nbsp;doble luz &ndash; 120&times;20 &ndash; 40w &ndash; marco blanco &ndash; cct<\/h2>\n<ul>\n<li>escrit\u00f3rios<\/li>\n<li>hospitais<\/li>\n<li>centros comerciais<\/li>\n<li>restaurantes<\/li>\n<li>supermercados<\/li>\n<li>hot\u00e9is<\/li>\n<\/ul>\n<h3 class=\"page-product-heading\">pormenores t\u00e9cnicos<\/h3>\n<div class=\"col-xs-12 col-md-6\">\n<table class=\"table table-data-sheet 1\">\n<tbody>\n<tr class=\"odd\">\n<td valign=\"middle\" width=\"32\"><\/td>\n<td valign=\"middle\">refer\u00eancia :<\/td>\n<td valign=\"middle\">sl90494<\/td>\n<\/tr>\n<tr class=\"even\">\n<td valign=\"middle\" width=\"32\"><\/td>\n<td valign=\"middle\">pot\u00eancia nominal :<\/td>\n<td valign=\"middle\">40w<\/td>\n<\/tr>\n<tr class=\"odd\">\n<td valign=\"middle\" width=\"32\"><\/td>\n<td valign=\"middle\">tens\u00e3o nominal:<\/td>\n<td valign=\"middle\">175-265v<\/td>\n<\/tr>\n<tr class=\"even\">\n<td valign=\"middle\" width=\"32\"><\/td>\n<td valign=\"middle\">temperatura da luz:<\/td>\n<td valign=\"middle\">cor selecion\u00e1vel: 3000k-4000k-6000k<\/td>\n<\/tr>\n<tr class=\"odd\">\n<td valign=\"middle\" width=\"32\"><\/td>\n<td valign=\"middle\">cri - \u00edndice de reprodu\u00e7\u00e3o crom\u00e1tica:<\/td>\n<td valign=\"middle\">85<\/td>\n<\/tr>\n<tr class=\"even\">\n<td valign=\"middle\" width=\"32\"><\/td>\n<td valign=\"middle\">material de constru\u00e7\u00e3o:<\/td>\n<td valign=\"middle\">alum\u00ednio +pc<\/td>\n<\/tr>\n<tr class=\"odd\">\n<td valign=\"middle\" width=\"32\"><\/td>\n<td valign=\"middle\">luminosidade-lm:<\/td>\n<td valign=\"middle\">4000<\/td>\n<\/tr>\n<tr class=\"even\">\n<td valign=\"middle\" width=\"32\"><\/td>\n<td valign=\"middle\">tipo de LEDs:<\/td>\n<td valign=\"middle\">smd 4014<\/td>\n<\/tr>\n<tr class=\"odd\">\n<td valign=\"middle\" width=\"32\"><\/td>\n<td valign=\"middle\">\u00e2ngulo de abertura (\u00ba):<\/td>\n<td valign=\"middle\">120\u00ba<\/td>\n<\/tr>\n<tr class=\"even\">\n<td valign=\"middle\" width=\"32\"><\/td>\n<td valign=\"middle\">efici\u00eancia do d\u00edodo LED (lm\/w):<\/td>\n<td valign=\"middle\">130lm\/w<\/td>\n<\/tr>\n<tr class=\"odd\">\n<td valign=\"middle\" width=\"32\"><\/td>\n<td valign=\"middle\">efic\u00e1cia luminosa (lm\/w):<\/td>\n<td valign=\"middle\">100lm\/w<\/td>\n<\/tr>\n<tr class=\"even\">\n<td valign=\"middle\" width=\"32\"><\/td>\n<td valign=\"middle\">certificados:<\/td>\n<td valign=\"middle\">ce - rohs<\/td>\n<\/tr>\n<\/tbody>\n<\/table>\n<\/div>\n<div class=\"col-xs-12 col-md-6 2\">\n<table class=\"table table-data-sheet 2\">\n<tbody>\n<tr class=\"odd\">\n<td valign=\"middle\" width=\"32\"><\/td>\n<td valign=\"middle\">grau de ip:<\/td>\n<td valign=\"middle\">ip40<\/td>\n<\/tr>\n<tr class=\"even\">\n<td valign=\"middle\" width=\"32\"><\/td>\n<td valign=\"middle\">dura\u00e7\u00e3o estimada do d\u00edodo de led (h):<\/td>\n<td valign=\"middle\">50.000<\/td>\n<\/tr>\n<tr class=\"odd\">\n<td valign=\"middle\" width=\"32\"><\/td>\n<td valign=\"middle\">dimens\u00f5es (mm):<\/td>\n<td valign=\"middle\">195x1195mm<\/td>\n<\/tr>\n<tr class=\"even\">\n<td valign=\"middle\" width=\"32\"><\/td>\n<td valign=\"middle\">fator de pot\u00eancia (pf):<\/td>\n<td valign=\"middle\">0.95<\/td>\n<\/tr>\n<tr class=\"odd\">\n<td valign=\"middle\" width=\"32\"><\/td>\n<td valign=\"middle\">frequ\u00eancia de funcionamento (hz):<\/td>\n<td valign=\"middle\">50\/60hz<\/td>\n<\/tr>\n<tr class=\"even\">\n<td valign=\"middle\" width=\"32\"><\/td>\n<td valign=\"middle\">gama de temperaturas (\u00baC):<\/td>\n<td valign=\"middle\">-20\u00b0c ~ +55\u00b0c<\/td>\n<\/tr>\n<tr class=\"odd\">\n<td valign=\"middle\" width=\"32\"><\/td>\n<td valign=\"middle\">ciclos de igni\u00e7\u00e3o:<\/td>\n<td valign=\"middle\">100.000<\/td>\n<\/tr>\n<tr class=\"even\">\n<td valign=\"middle\" width=\"32\"><\/td>\n<td valign=\"middle\">tempo de arranque (s):<\/td>\n<td valign=\"middle\">0,2s<\/td>\n<\/tr>\n<tr class=\"odd\">\n<td valign=\"middle\" width=\"32\"><\/td>\n<td valign=\"middle\">condutor inclu\u00eddo:<\/td>\n<td valign=\"middle\"> certadrive<\/td>\n<\/tr>\n<tr class=\"even\">\n<td valign=\"middle\" width=\"32\"><\/td>\n<td valign=\"middle\">classe energ\u00e9tica (2021-EU-2019\/2015):<\/td>\n<td valign=\"middle\">a+<\/td>\n<\/tr>\n<tr class=\"odd\">\n<td valign=\"middle\" width=\"32\"><\/td>\n<td valign=\"middle\">anos de garantia:<\/td>\n<td valign=\"middle\">5<\/td>\n<\/tr>\n<\/tbody>\n<\/table>\n<p>&nbsp;<\/p>\n<\/div>\n<\/div>","protected":false},"excerpt":{"rendered":"<div class=\"col-md-12\"><i class=\"fa fa-truck\"><\/i>&nbsp;<span class=\"text-muted textprop\">Entrega em 24\/48 horas<\/span><div class=\"col-md-12\"><i class=\"fa fa-exchange\"><\/i>&nbsp;<span class=\"text-muted textprop\">Garantia do segurado<\/span><\/div><div class=\"col-md-12\"><i class=\"fa fa-box\"><\/i>&nbsp;<span class=\"text-muted textprop\">5 unidade(s) por Masterbox<\/span><\/div><\/div>","protected":false},"featured_media":0,"template":"","meta":{"site-sidebar-layout":"default","site-content-layout":"default","ast-global-header-display":"","ast-main-header-display":"","ast-hfb-above-header-display":"","ast-hfb-below-header-display":"","ast-hfb-mobile-header-display":"","site-post-title":"","ast-breadcrumbs-content":"","ast-featured-img":"","footer-sml-layout":"","theme-transparent-header-meta":"default","adv-header-id-meta":"","stick-header-meta":"","header-above-stick-meta":"","header-main-stick-meta":"","header-below-stick-meta":""},"product_cat":[31,104],"product_tag":[],"class_list":["post-3583","product","type-product","status-publish","hentry","product_cat-paneles-led","product_cat-paneles-led-paneles-led"],"yoast_head":"<!-- This site is optimized with the Yoast SEO plugin v27.4 - https:\/\/yoast.com\/product\/yoast-seo-wordpress\/ -->\n<title>panel colgante led - doble luz - 120x20 - 40w - certadrive - cct - STARLED Iluminacion<\/title>\n<meta name=\"robots\" content=\"index, follow, max-snippet:-1, max-image-preview:large, max-video-preview:-1\" \/>\n<link rel=\"canonical\" href=\"https:\/\/starlediluminacion.com\/pt\/product\/panel-pendant-led-pendant-double-light-120x20-40w-philips-certadrive-cct\/\" \/>\n<meta property=\"og:locale\" content=\"pt_PT\" \/>\n<meta property=\"og:type\" content=\"article\" \/>\n<meta property=\"og:title\" content=\"panel colgante led - doble luz - 120x20 - 40w - certadrive - cct - STARLED Iluminacion\" \/>\n<meta property=\"og:description\" content=\"\u00a0Entrega en 24\/48 horas \u00a0Garant\u00eda asegurada \u00a05 unidad(es) por Masterbox\" \/>\n<meta property=\"og:url\" content=\"https:\/\/starlediluminacion.com\/pt\/product\/panel-pendant-led-pendant-double-light-120x20-40w-philips-certadrive-cct\/\" \/>\n<meta property=\"og:site_name\" content=\"STARLED Iluminacion\" \/>\n<meta property=\"article:modified_time\" content=\"2025-10-18T10:29:53+00:00\" \/>\n<meta name=\"twitter:card\" content=\"summary_large_image\" \/>\n<meta name=\"twitter:label1\" content=\"Tempo estimado de leitura\" \/>\n\t<meta name=\"twitter:data1\" content=\"2 minutos\" \/>\n<script type=\"application\/ld+json\" class=\"yoast-schema-graph\">{\"@context\":\"https:\\\/\\\/schema.org\",\"@graph\":[{\"@type\":\"WebPage\",\"@id\":\"https:\\\/\\\/starlediluminacion.com\\\/en\\\/product\\\/panel-pendant-led-pendant-double-light-120x20-40w-philips-certadrive-cct\\\/\",\"url\":\"https:\\\/\\\/starlediluminacion.com\\\/en\\\/product\\\/panel-pendant-led-pendant-double-light-120x20-40w-philips-certadrive-cct\\\/\",\"name\":\"panel colgante led - doble luz - 120x20 - 40w - certadrive - cct - STARLED Iluminacion\",\"isPartOf\":{\"@id\":\"https:\\\/\\\/starlediluminacion.com\\\/#website\"},\"datePublished\":\"2022-08-07T09:35:39+00:00\",\"dateModified\":\"2025-10-18T10:29:53+00:00\",\"breadcrumb\":{\"@id\":\"https:\\\/\\\/starlediluminacion.com\\\/en\\\/product\\\/panel-pendant-led-pendant-double-light-120x20-40w-philips-certadrive-cct\\\/#breadcrumb\"},\"inLanguage\":\"pt-PT\",\"potentialAction\":[{\"@type\":\"ReadAction\",\"target\":[\"https:\\\/\\\/starlediluminacion.com\\\/en\\\/product\\\/panel-pendant-led-pendant-double-light-120x20-40w-philips-certadrive-cct\\\/\"]}]},{\"@type\":\"BreadcrumbList\",\"@id\":\"https:\\\/\\\/starlediluminacion.com\\\/en\\\/product\\\/panel-pendant-led-pendant-double-light-120x20-40w-philips-certadrive-cct\\\/#breadcrumb\",\"itemListElement\":[{\"@type\":\"ListItem\",\"position\":1,\"name\":\"Portada\",\"item\":\"https:\\\/\\\/starlediluminacion.com\\\/\"},{\"@type\":\"ListItem\",\"position\":2,\"name\":\"Shop\",\"item\":\"https:\\\/\\\/starlediluminacion.com\\\/shop-2\\\/\"},{\"@type\":\"ListItem\",\"position\":3,\"name\":\"panel colgante led &#8211; doble luz &#8211; 120&#215;20 &#8211; 40w &#8211; certadrive &#8211; cct\"}]},{\"@type\":\"WebSite\",\"@id\":\"https:\\\/\\\/starlediluminacion.com\\\/#website\",\"url\":\"https:\\\/\\\/starlediluminacion.com\\\/\",\"name\":\"STARLED Iluminacion\",\"description\":\"\",\"potentialAction\":[{\"@type\":\"SearchAction\",\"target\":{\"@type\":\"EntryPoint\",\"urlTemplate\":\"https:\\\/\\\/starlediluminacion.com\\\/?s={search_term_string}\"},\"query-input\":{\"@type\":\"PropertyValueSpecification\",\"valueRequired\":true,\"valueName\":\"search_term_string\"}}],\"inLanguage\":\"pt-PT\"}]}<\/script>\n<!-- \/ Yoast SEO plugin. -->","yoast_head_json":{"title":"panel colgante led - doble luz - 120x20 - 40w - certadrive - cct - STARLED Iluminacion","robots":{"index":"index","follow":"follow","max-snippet":"max-snippet:-1","max-image-preview":"max-image-preview:large","max-video-preview":"max-video-preview:-1"},"canonical":"https:\/\/starlediluminacion.com\/pt\/product\/panel-pendant-led-pendant-double-light-120x20-40w-philips-certadrive-cct\/","og_locale":"pt_PT","og_type":"article","og_title":"panel colgante led - doble luz - 120x20 - 40w - certadrive - cct - STARLED Iluminacion","og_description":"\u00a0Entrega en 24\/48 horas \u00a0Garant\u00eda asegurada \u00a05 unidad(es) por Masterbox","og_url":"https:\/\/starlediluminacion.com\/pt\/product\/panel-pendant-led-pendant-double-light-120x20-40w-philips-certadrive-cct\/","og_site_name":"STARLED Iluminacion","article_modified_time":"2025-10-18T10:29:53+00:00","twitter_card":"summary_large_image","twitter_misc":{"Tempo estimado de leitura":"2 minutos"},"schema":{"@context":"https:\/\/schema.org","@graph":[{"@type":"WebPage","@id":"https:\/\/starlediluminacion.com\/en\/product\/panel-pendant-led-pendant-double-light-120x20-40w-philips-certadrive-cct\/","url":"https:\/\/starlediluminacion.com\/en\/product\/panel-pendant-led-pendant-double-light-120x20-40w-philips-certadrive-cct\/","name":"panel colgante led - doble luz - 120x20 - 40w - certadrive - cct - STARLED Iluminacion","isPartOf":{"@id":"https:\/\/starlediluminacion.com\/#website"},"datePublished":"2022-08-07T09:35:39+00:00","dateModified":"2025-10-18T10:29:53+00:00","breadcrumb":{"@id":"https:\/\/starlediluminacion.com\/en\/product\/panel-pendant-led-pendant-double-light-120x20-40w-philips-certadrive-cct\/#breadcrumb"},"inLanguage":"pt-PT","potentialAction":[{"@type":"ReadAction","target":["https:\/\/starlediluminacion.com\/en\/product\/panel-pendant-led-pendant-double-light-120x20-40w-philips-certadrive-cct\/"]}]},{"@type":"BreadcrumbList","@id":"https:\/\/starlediluminacion.com\/en\/product\/panel-pendant-led-pendant-double-light-120x20-40w-philips-certadrive-cct\/#breadcrumb","itemListElement":[{"@type":"ListItem","position":1,"name":"Portada","item":"https:\/\/starlediluminacion.com\/"},{"@type":"ListItem","position":2,"name":"Shop","item":"https:\/\/starlediluminacion.com\/shop-2\/"},{"@type":"ListItem","position":3,"name":"panel colgante led &#8211; doble luz &#8211; 120&#215;20 &#8211; 40w &#8211; certadrive &#8211; cct"}]},{"@type":"WebSite","@id":"https:\/\/starlediluminacion.com\/#website","url":"https:\/\/starlediluminacion.com\/","name":"STARLED Iluminacion","description":"","potentialAction":[{"@type":"SearchAction","target":{"@type":"EntryPoint","urlTemplate":"https:\/\/starlediluminacion.com\/?s={search_term_string}"},"query-input":{"@type":"PropertyValueSpecification","valueRequired":true,"valueName":"search_term_string"}}],"inLanguage":"pt-PT"}]}},"_links":{"self":[{"href":"https:\/\/starlediluminacion.com\/pt\/wp-json\/wp\/v3\/product\/3583","targetHints":{"allow":["GET"]}}],"collection":[{"href":"https:\/\/starlediluminacion.com\/pt\/wp-json\/wp\/v3\/product"}],"about":[{"href":"https:\/\/starlediluminacion.com\/pt\/wp-json\/wp\/v2\/types\/product"}],"wp:attachment":[{"href":"https:\/\/starlediluminacion.com\/pt\/wp-json\/wp\/v2\/media?parent=3583"}],"wp:term":[{"taxonomy":"product_cat","embeddable":true,"href":"https:\/\/starlediluminacion.com\/pt\/wp-json\/wp\/v2\/product_cat?post=3583"},{"taxonomy":"product_tag","embeddable":true,"href":"https:\/\/starlediluminacion.com\/pt\/wp-json\/wp\/v2\/product_tag?post=3583"}],"curies":[{"name":"wp","href":"https:\/\/api.w.org\/{rel}","templated":true}]}}