{"id":3428,"date":"2022-08-06T19:03:01","date_gmt":"2022-08-06T19:03:01","guid":{"rendered":"https:\/\/starlediluminacion.com\/?post_type=product&#038;p=3428"},"modified":"2022-10-23T09:36:39","modified_gmt":"2022-10-23T09:36:39","slug":"empotrable-led-7w-circular-blanco-osram-chip-cct","status":"publish","type":"product","link":"https:\/\/starlediluminacion.com\/pt\/product\/recesso-led-7w-circular-circular-branco-osram-chip-cct\/","title":{"rendered":"<p>Recessed LED 7W Circular Branco - OSRAM CHIP - CCT<\/p>"},"content":{"rendered":"<div class=\"product-info-line\">\n<p id=\"product_reference\"><label>REFER\u00caNCIA: SL<span style=\"font-size: 16px;\">8080<\/span><\/label><\/p>\n<p><strong>Projector LED de recesso circular<\/strong>&nbsp;endere\u00e7\u00e1vel com&nbsp;<strong>7W&nbsp;<\/strong>poder. Com um \u00e2ngulo de abertura de<strong>&nbsp;45\u00ba<\/strong>A ilumina\u00e7\u00e3o \u00e9 mais directa para concentrar a luz em pontos espec\u00edficos.<\/p>\n<p>Tecnologia&nbsp;<strong>CCT<\/strong>o&nbsp;<strong>luz<\/strong>&nbsp;branco pode ser seleccionado em&nbsp;<strong>3000K, 4000K e 6000K<\/strong>. F\u00e1cil montagem e instala\u00e7\u00e3o<\/p>\n<h1>LED de encastrar 7W Branco Circular - CCT<\/h1>\n<p>O nosso novo<strong>&nbsp;rebaixado led 7w&nbsp;<\/strong>circular<strong>&nbsp;CCT<\/strong>&nbsp;\u00e9 feito de PC \u00e0 prova de fogo, tem um design muito moderno com um acabamento branco de alta qualidade. Tem um \u00e2ngulo de abertura de&nbsp;<strong>45\u00ba<\/strong>&nbsp;torn\u00e1-la uma lumin\u00e1ria ideal para se concentrar em \u00e1reas muito espec\u00edficas.<\/p>\n<p>O seu assunto de&nbsp;<strong>termopl\u00e1stico<\/strong>&nbsp;tem grandes vantagens, uma vez que impede a oxida\u00e7\u00e3o a longo prazo, \u00e9 muito resistente a \u00e1reas h\u00famidas ou ambientes salinos. Caracteriza-se tamb\u00e9m pelo facto de ser um produto leve, flex\u00edvel e n\u00e3o t\u00f3xico, o que o torna f\u00e1cil e leve de transportar. At\u00e9 ajuda a poupar energia por v\u00e1rias raz\u00f5es:<\/p>\n<p>- Mais f\u00e1cil de transportar gra\u00e7as \u00e0 sua leveza<\/p>\n<p>- Pode reduzir a energia de aquecimento e arrefecimento devido ao seu poder isolante<\/p>\n<p>- Devido \u00e0 sua resist\u00eancia e versatilidade, \u00e9 capaz de substituir outros materiais, evitando a desfloresta\u00e7\u00e3o, a polui\u00e7\u00e3o e o abate de animais.<\/p>\n<p>Decore os seus espa\u00e7os interiores e comece a poupar nas suas contas de electricidade, com tecnologia LED pode&nbsp;<strong>reduzir<\/strong>&nbsp;at\u00e9&nbsp;<strong>80%<\/strong>&nbsp;em&nbsp;<strong>energia<\/strong>. Al\u00e9m disso, est\u00e1 a ajudar a cuidar do planeta, uma vez que s\u00e3o produtos n\u00e3o poluentes.<\/p>\n<p>&nbsp;<\/p>\n<h2>Utiliza LED de Recesso 7W Branco Circular - CCT<\/h2>\n<ul>\n<li>Cozinhas<\/li>\n<li>Retretes<\/li>\n<li>Corredores<\/li>\n<li>Sal\u00f5es<\/li>\n<li>Testers<\/li>\n<\/ul>\n<h3 class=\"page-product-heading\">DADOS T\u00c9CNICOS<\/h3>\n<div class=\"col-xs-12 col-md-6\">\n<table class=\"table table-data-sheet 1\">\n<tbody>\n<tr class=\"odd\">\n<td valign=\"middle\" width=\"32\"><\/td>\n<td valign=\"middle\">REFER\u00caNCIA :<\/td>\n<td valign=\"middle\">SL8080<\/td>\n<\/tr>\n<tr class=\"even\">\n<td valign=\"middle\" width=\"32\"><\/td>\n<td valign=\"middle\">Pot\u00eancia nominal :<\/td>\n<td valign=\"middle\">7W<\/td>\n<\/tr>\n<tr class=\"odd\">\n<td valign=\"middle\" width=\"32\"><\/td>\n<td valign=\"middle\">Tens\u00e3o Nominal:<\/td>\n<td valign=\"middle\">100\/240v<\/td>\n<\/tr>\n<tr class=\"even\">\n<td valign=\"middle\" width=\"32\"><\/td>\n<td valign=\"middle\">Temperatura ligeira:<\/td>\n<td valign=\"middle\">COR SELECCION\u00c1VEL: 3000K-4000K-6000K<\/td>\n<\/tr>\n<tr class=\"odd\">\n<td valign=\"middle\" width=\"32\"><\/td>\n<td valign=\"middle\">CRI - Colour Rendering Index:<\/td>\n<td valign=\"middle\">80<\/td>\n<\/tr>\n<tr class=\"even\">\n<td valign=\"middle\" width=\"32\"><\/td>\n<td valign=\"middle\">Material de constru\u00e7\u00e3o:<\/td>\n<td valign=\"middle\">Termopl\u00e1stico<\/td>\n<\/tr>\n<tr class=\"odd\">\n<td valign=\"middle\" width=\"32\"><\/td>\n<td valign=\"middle\">Luminosidade-Lm:<\/td>\n<td valign=\"middle\">500 Lm<\/td>\n<\/tr>\n<tr class=\"even\">\n<td valign=\"middle\" width=\"32\"><\/td>\n<td valign=\"middle\">Tipo de LEDs:<\/td>\n<td valign=\"middle\">SMD 2835 OSRAM CHIP<\/td>\n<\/tr>\n<tr class=\"odd\">\n<td valign=\"middle\" width=\"32\"><\/td>\n<td valign=\"middle\">\u00c2ngulo de abertura (\u00ba):<\/td>\n<td valign=\"middle\">45\u00ba<\/td>\n<\/tr>\n<tr class=\"even\">\n<td valign=\"middle\" width=\"32\"><\/td>\n<td valign=\"middle\">Dimit\u00e1vel:<\/td>\n<td valign=\"middle\">N\u00e3o<\/td>\n<\/tr>\n<tr class=\"odd\">\n<td valign=\"middle\" width=\"32\"><\/td>\n<td valign=\"middle\">Certificados:<\/td>\n<td valign=\"middle\">CE - ROHS<\/td>\n<\/tr>\n<\/tbody>\n<\/table>\n<\/div>\n<div class=\"col-xs-12 col-md-6 2\">\n<table class=\"table table-data-sheet 2\">\n<tbody>\n<tr class=\"odd\">\n<td valign=\"middle\" width=\"32\"><\/td>\n<td valign=\"middle\">Classifica\u00e7\u00e3o IP:<\/td>\n<td valign=\"middle\">IP20<\/td>\n<\/tr>\n<tr class=\"even\">\n<td valign=\"middle\" width=\"32\"><\/td>\n<td valign=\"middle\">D\u00edodo LED de vida estimada (H):<\/td>\n<td valign=\"middle\">25000<\/td>\n<\/tr>\n<tr class=\"odd\">\n<td valign=\"middle\" width=\"32\"><\/td>\n<td valign=\"middle\">Dimens\u00f5es (mm):<\/td>\n<td valign=\"middle\">\u00d885xH40mm<\/td>\n<\/tr>\n<tr class=\"even\">\n<td valign=\"middle\" width=\"32\"><\/td>\n<td valign=\"middle\">Frequ\u00eancia de trabalho (Hz):<\/td>\n<td valign=\"middle\">50\/60Hz<\/td>\n<\/tr>\n<tr class=\"odd\">\n<td valign=\"middle\" width=\"32\"><\/td>\n<td valign=\"middle\">Gama de temperaturas (\u00baC):<\/td>\n<td valign=\"middle\">25\u00baC ~ 45\u00baC<\/td>\n<\/tr>\n<tr class=\"even\">\n<td valign=\"middle\" width=\"32\"><\/td>\n<td valign=\"middle\">Ciclos de Igni\u00e7\u00e3o:<\/td>\n<td valign=\"middle\">100.000<\/td>\n<\/tr>\n<tr class=\"odd\">\n<td valign=\"middle\" width=\"32\"><\/td>\n<td valign=\"middle\">Tempo de arranque (s):<\/td>\n<td valign=\"middle\">0,2s<\/td>\n<\/tr>\n<tr class=\"even\">\n<td valign=\"middle\" width=\"32\"><\/td>\n<td valign=\"middle\">Corte de tecto (mm):<\/td>\n<td valign=\"middle\">\u00d8 70mm<\/td>\n<\/tr>\n<tr class=\"odd\">\n<td valign=\"middle\" width=\"32\"><\/td>\n<td valign=\"middle\">Condutor inclu\u00eddo:<\/td>\n<td valign=\"middle\">SIM<\/td>\n<\/tr>\n<tr class=\"even\">\n<td valign=\"middle\" width=\"32\"><\/td>\n<td valign=\"middle\">Classe energ\u00e9tica (2021-EU-2019\/2015):<\/td>\n<td valign=\"middle\">A+<\/td>\n<\/tr>\n<tr class=\"odd\">\n<td valign=\"middle\" width=\"32\"><\/td>\n<td valign=\"middle\">Anos de garantia:<\/td>\n<td valign=\"middle\">3<\/td>\n<\/tr>\n<\/tbody>\n<\/table>\n<\/div>\n<\/div>","protected":false},"excerpt":{"rendered":"<div class=\"col-md-12\"><i class=\"fa fa-truck\"><\/i>&nbsp;<span class=\"text-muted textprop\">Entrega em 24\/48 horas<\/span><div class=\"col-md-12\"><i class=\"fa fa-exchange\"><\/i>&nbsp;<span class=\"text-muted textprop\">Garantia do segurado<\/span><\/div><div class=\"col-md-12\"><i class=\"fa fa-box\"><\/i>&nbsp;<span class=\"text-muted textprop\">50 unidade(s) por Masterbox<\/span><\/div><\/div>","protected":false},"featured_media":3433,"template":"","meta":{"site-sidebar-layout":"default","site-content-layout":"default","ast-global-header-display":"","ast-main-header-display":"","ast-hfb-above-header-display":"","ast-hfb-below-header-display":"","ast-hfb-mobile-header-display":"","site-post-title":"","ast-breadcrumbs-content":"","ast-featured-img":"","footer-sml-layout":"","theme-transparent-header-meta":"default","adv-header-id-meta":"","stick-header-meta":"","header-above-stick-meta":"","header-main-stick-meta":"","header-below-stick-meta":""},"product_cat":[27,70],"product_tag":[],"class_list":["post-3428","product","type-product","status-publish","has-post-thumbnail","hentry","product_cat-downlight-plafones-y-placas-led","product_cat-focos-downlight-led"],"_links":{"self":[{"href":"https:\/\/starlediluminacion.com\/pt\/wp-json\/wp\/v3\/product\/3428","targetHints":{"allow":["GET"]}}],"collection":[{"href":"https:\/\/starlediluminacion.com\/pt\/wp-json\/wp\/v3\/product"}],"about":[{"href":"https:\/\/starlediluminacion.com\/pt\/wp-json\/wp\/v2\/types\/product"}],"wp:featuredmedia":[{"embeddable":true,"href":"https:\/\/starlediluminacion.com\/pt\/wp-json\/wp\/v2\/media\/3433"}],"wp:attachment":[{"href":"https:\/\/starlediluminacion.com\/pt\/wp-json\/wp\/v2\/media?parent=3428"}],"wp:term":[{"taxonomy":"product_cat","embeddable":true,"href":"https:\/\/starlediluminacion.com\/pt\/wp-json\/wp\/v2\/product_cat?post=3428"},{"taxonomy":"product_tag","embeddable":true,"href":"https:\/\/starlediluminacion.com\/pt\/wp-json\/wp\/v2\/product_tag?post=3428"}],"curies":[{"name":"wp","href":"https:\/\/api.w.org\/{rel}","templated":true}]}}