{"id":3396,"date":"2022-08-06T17:19:54","date_gmt":"2022-08-06T17:19:54","guid":{"rendered":"https:\/\/starlediluminacion.com\/?post_type=product&#038;p=3396"},"modified":"2022-10-23T09:31:56","modified_gmt":"2022-10-23T09:31:56","slug":"downlight-led-12w-frameless-quasar-osram-chip-duris-e-2835-cct","status":"publish","type":"product","link":"https:\/\/starlediluminacion.com\/pt\/product\/downlight-led-12w-frameless-quasar-osram-chip-duris-e-2835-cct\/","title":{"rendered":"<p>Downlight LED 12W Frameless QUASAR &ndash; OSRAM CHIP DURIS E 2835 &ndash; CCT<\/p>"},"content":{"rendered":"<div class=\"product-info-line\">\n<p id=\"product_reference\"><label>REFER\u00caNCIA: SL<span style=\"font-size: 16px;\">90801<\/span><\/label><\/p>\n<div class=\"hidden-xs parrafo\">\n<p><strong>COR SELECCION\u00c1VEL:<\/strong>&nbsp;O nosso&nbsp;<strong>Downlight - Sem moldura QUASAR - OSRAM&nbsp;<\/strong>DURIS E 2835 CHIP&nbsp;<strong>lumin\u00e1ria circular de encastrar<\/strong>&nbsp;<strong>LED<\/strong>&nbsp;a partir de&nbsp;<strong>12W<\/strong>&nbsp;possui um seletor de temperatura de cor, com uma escolha entre branco frio, branco neutro e branco quente. O \u00e2ngulo de abertura da lumin\u00e1ria \u00e9 de 120\u00ba. Pode ser convertida num candeeiro de teto de superf\u00edcie com o anel de downlight:<\/p>\n<h1>Downlight LED 12W Frameless QUASAR &ndash; OSRAM CHIP DURIS E 2835 &ndash; CCT<\/h1>\n<p>O nosso&nbsp;<strong>Downlight<\/strong>&nbsp;<strong>LED<\/strong>&nbsp;Sem moldura com pot\u00eancia de&nbsp;<strong>8W<\/strong>&nbsp;caracteriza-se pelo seu manuseamento simples, conseguindo uma ilumina\u00e7\u00e3o precisa e personalizada em qualquer espa\u00e7o interior. Com este tipo de lumin\u00e1ria LED, \u00e9 poss\u00edvel obter uma luz personalizada para qualquer tipo de neg\u00f3cio.<\/p>\n<p>Est\u00e1 em<strong>&nbsp;ilumina\u00e7\u00e3o embutida<\/strong>&nbsp;Como n\u00e3o t\u00eam moldura, o seu design moderno destaca-se e confere-lhes um estilo vanguardista.<\/p>\n<p>Gra\u00e7as ao seu sistema de selec\u00e7\u00e3o de cores, pode adapt\u00e1-lo \u00e0s necessidades do seu neg\u00f3cio ou da sua casa, escolhendo a cor desejada para cada divis\u00e3o ou sal\u00e3o.<\/p>\n<p>A fonte de luz de alta efici\u00eancia com&nbsp;<strong>Chip OSRAM SMD2835<\/strong>&nbsp;proporciona elevada lumin\u00e2ncia e substituir\u00e1 perfeitamente os projectores tradicionais por uma poupan\u00e7a superior \u00e0 do 80%.<\/p>\n<p>Com o seu design fino e funcional, a instala\u00e7\u00e3o \u00e9 muito mais f\u00e1cil.<\/p>\n<p>O seu elevado \u00edndice de restitui\u00e7\u00e3o de cor de mais de 85 assegura a reprodu\u00e7\u00e3o natural da cor.<\/p>\n<h2>Utiliza\u00e7\u00f5es da lumin\u00e1ria embutida LED 8W sem moldura QUASAR - OSRAM CHIP DURIS E 2835 - CCT<\/h2>\n<ul>\n<li>&nbsp;Lojas<\/li>\n<li>&nbsp;Restaurantes<\/li>\n<li>&nbsp;Museus<\/li>\n<li>&nbsp;Arcadas de compras<\/li>\n<li>&nbsp;Centros comerciais<\/li>\n<li>&nbsp;Escrit\u00f3rios<\/li>\n<li>&nbsp;Corredores<\/li>\n<li>&nbsp;Vitrina<\/li>\n<\/ul>\n<h3 class=\"page-product-heading\">DADOS T\u00c9CNICOS<\/h3>\n<div class=\"col-xs-12 col-md-6\">\n<table class=\"table table-data-sheet 1\">\n<tbody>\n<tr class=\"odd\">\n<td valign=\"middle\" width=\"32\"><\/td>\n<td valign=\"middle\">REFER\u00caNCIA :<\/td>\n<td valign=\"middle\">SL90801<\/td>\n<\/tr>\n<tr class=\"even\">\n<td valign=\"middle\" width=\"32\"><\/td>\n<td valign=\"middle\">Pot\u00eancia nominal :<\/td>\n<td valign=\"middle\">12w<\/td>\n<\/tr>\n<tr class=\"odd\">\n<td valign=\"middle\" width=\"32\"><\/td>\n<td valign=\"middle\">Tens\u00e3o Nominal:<\/td>\n<td valign=\"middle\">85V-265V<\/td>\n<\/tr>\n<tr class=\"even\">\n<td valign=\"middle\" width=\"32\"><\/td>\n<td valign=\"middle\">Temperatura ligeira:<\/td>\n<td valign=\"middle\">COR SELECCION\u00c1VEL: 3000K-4000K-6000K<\/td>\n<\/tr>\n<tr class=\"odd\">\n<td valign=\"middle\" width=\"32\"><\/td>\n<td valign=\"middle\">CRI - Colour Rendering Index:<\/td>\n<td valign=\"middle\">85<\/td>\n<\/tr>\n<tr class=\"even\">\n<td valign=\"middle\" width=\"32\"><\/td>\n<td valign=\"middle\">Material de constru\u00e7\u00e3o:<\/td>\n<td valign=\"middle\">Alum\u00ednio +PC<\/td>\n<\/tr>\n<tr class=\"odd\">\n<td valign=\"middle\" width=\"32\"><\/td>\n<td valign=\"middle\">Luminosidade-Lm:<\/td>\n<td valign=\"middle\">1440Lm<\/td>\n<\/tr>\n<tr class=\"even\">\n<td valign=\"middle\" width=\"32\"><\/td>\n<td valign=\"middle\">Tipo de LEDs:<\/td>\n<td valign=\"middle\">SMD 2835 OSRAM CHIP<\/td>\n<\/tr>\n<tr class=\"odd\">\n<td valign=\"middle\" width=\"32\"><\/td>\n<td valign=\"middle\">\u00c2ngulo de abertura (\u00ba):<\/td>\n<td valign=\"middle\">120\u00ba<\/td>\n<\/tr>\n<tr class=\"even\">\n<td valign=\"middle\" width=\"32\"><\/td>\n<td valign=\"middle\">Efici\u00eancia dos d\u00edodos LED (Lm\/W):<\/td>\n<td valign=\"middle\">140 Lm\/W<\/td>\n<\/tr>\n<tr class=\"odd\">\n<td valign=\"middle\" width=\"32\"><\/td>\n<td valign=\"middle\">Efic\u00e1cia luminosa (Lm\/W):<\/td>\n<td valign=\"middle\">120 Lm\/W<\/td>\n<\/tr>\n<\/tbody>\n<\/table>\n<\/div>\n<div class=\"col-xs-12 col-md-6 2\">\n<table class=\"table table-data-sheet 2\">\n<tbody>\n<tr class=\"odd\">\n<td valign=\"middle\" width=\"32\"><\/td>\n<td valign=\"middle\">Certificados:<\/td>\n<td valign=\"middle\">CE - ROHS<\/td>\n<\/tr>\n<tr class=\"even\">\n<td valign=\"middle\" width=\"32\"><\/td>\n<td valign=\"middle\">Classifica\u00e7\u00e3o IP:<\/td>\n<td valign=\"middle\">IP44<\/td>\n<\/tr>\n<tr class=\"odd\">\n<td valign=\"middle\" width=\"32\"><\/td>\n<td valign=\"middle\">D\u00edodo LED de vida estimada (H):<\/td>\n<td valign=\"middle\">40.000<\/td>\n<\/tr>\n<tr class=\"even\">\n<td valign=\"middle\" width=\"32\"><\/td>\n<td valign=\"middle\">Dimens\u00f5es (mm):<\/td>\n<td valign=\"middle\">?145mm H15mm<\/td>\n<\/tr>\n<tr class=\"odd\">\n<td valign=\"middle\" width=\"32\"><\/td>\n<td valign=\"middle\">Frequ\u00eancia de trabalho (Hz):<\/td>\n<td valign=\"middle\">50\/60Hz<\/td>\n<\/tr>\n<tr class=\"even\">\n<td valign=\"middle\" width=\"32\"><\/td>\n<td valign=\"middle\">Gama de temperaturas (\u00baC):<\/td>\n<td valign=\"middle\">-20\u00b0C ~ +55\u00b0C<\/td>\n<\/tr>\n<tr class=\"odd\">\n<td valign=\"middle\" width=\"32\"><\/td>\n<td valign=\"middle\">Ciclos de Igni\u00e7\u00e3o:<\/td>\n<td valign=\"middle\">100.000<\/td>\n<\/tr>\n<tr class=\"even\">\n<td valign=\"middle\" width=\"32\"><\/td>\n<td valign=\"middle\">Tempo de arranque (s):<\/td>\n<td valign=\"middle\">0,2s<\/td>\n<\/tr>\n<tr class=\"odd\">\n<td valign=\"middle\" width=\"32\"><\/td>\n<td valign=\"middle\">Corte de tecto (mm):<\/td>\n<td valign=\"middle\">?135mm H15mm<\/td>\n<\/tr>\n<tr class=\"even\">\n<td valign=\"middle\" width=\"32\"><\/td>\n<td valign=\"middle\">Classe energ\u00e9tica (2021-EU-2019\/2015):<\/td>\n<td valign=\"middle\">A+<\/td>\n<\/tr>\n<tr class=\"odd\">\n<td valign=\"middle\" width=\"32\"><\/td>\n<td valign=\"middle\">Anos de garantia:<\/td>\n<td valign=\"middle\">3<\/td>\n<\/tr>\n<\/tbody>\n<\/table>\n<\/div>\n<\/div>\n<\/div>","protected":false},"excerpt":{"rendered":"<div class=\"col-md-12\"><i class=\"fa fa-truck\"><\/i>&nbsp;<span class=\"text-muted textprop\">Entrega em 24\/48 horas<\/span><div class=\"col-md-12\"><i class=\"fa fa-exchange\"><\/i>&nbsp;<span class=\"text-muted textprop\">Garantia do segurado<\/span><\/div><div class=\"col-md-12\"><i class=\"fa fa-box\"><\/i>&nbsp;<span class=\"text-muted textprop\">20 unidade(s) por Masterbox<\/span><\/div><\/div>","protected":false},"featured_media":3398,"template":"","meta":{"site-sidebar-layout":"default","site-content-layout":"default","ast-global-header-display":"","ast-main-header-display":"","ast-hfb-above-header-display":"","ast-hfb-below-header-display":"","ast-hfb-mobile-header-display":"","site-post-title":"","ast-breadcrumbs-content":"","ast-featured-img":"","footer-sml-layout":"","theme-transparent-header-meta":"default","adv-header-id-meta":"","stick-header-meta":"","header-above-stick-meta":"","header-main-stick-meta":"","header-below-stick-meta":""},"product_cat":[27,70],"product_tag":[],"class_list":["post-3396","product","type-product","status-publish","has-post-thumbnail","hentry","product_cat-downlight-plafones-y-placas-led","product_cat-focos-downlight-led"],"_links":{"self":[{"href":"https:\/\/starlediluminacion.com\/pt\/wp-json\/wp\/v3\/product\/3396","targetHints":{"allow":["GET"]}}],"collection":[{"href":"https:\/\/starlediluminacion.com\/pt\/wp-json\/wp\/v3\/product"}],"about":[{"href":"https:\/\/starlediluminacion.com\/pt\/wp-json\/wp\/v2\/types\/product"}],"wp:featuredmedia":[{"embeddable":true,"href":"https:\/\/starlediluminacion.com\/pt\/wp-json\/wp\/v2\/media\/3398"}],"wp:attachment":[{"href":"https:\/\/starlediluminacion.com\/pt\/wp-json\/wp\/v2\/media?parent=3396"}],"wp:term":[{"taxonomy":"product_cat","embeddable":true,"href":"https:\/\/starlediluminacion.com\/pt\/wp-json\/wp\/v2\/product_cat?post=3396"},{"taxonomy":"product_tag","embeddable":true,"href":"https:\/\/starlediluminacion.com\/pt\/wp-json\/wp\/v2\/product_tag?post=3396"}],"curies":[{"name":"wp","href":"https:\/\/api.w.org\/{rel}","templated":true}]}}