{"id":3170,"date":"2022-08-06T14:39:56","date_gmt":"2022-08-06T14:39:56","guid":{"rendered":"https:\/\/starlediluminacion.com\/?post_type=product&#038;p=3170"},"modified":"2022-10-23T09:07:01","modified_gmt":"2022-10-23T09:07:01","slug":"empotrable-led-5w-8w-12w-cuadrado-blanco-bridgelux-chip-ugr11-cct-cri-92","status":"publish","type":"product","link":"https:\/\/starlediluminacion.com\/pt\/product\/empotrable-led-5w-8w-12w-cuadrado-blanco-bridgelux-chip-ugr11-cct-cri-92\/","title":{"rendered":"<p>Empotrable LED 5W &ndash; 8W -12W Cuadrado Blanco Bridgelux Chip &ndash; UGR11- CCT- CRI +92<\/p>"},"content":{"rendered":"<div class=\"product-info-line\">\n<p id=\"product_reference\"><label>REFER\u00caNCIA: SL<span style=\"font-size: 16px;\">90610<\/span><\/label><\/p>\n<div class=\"hidden-xs parrafo\">\n<p><strong>Projector LED de encastrar<\/strong>&nbsp;<strong>Quadrado<\/strong>&nbsp;<strong>BRANCO&nbsp;<\/strong>alum\u00ednio com&nbsp;<strong>5W - 8W - 12W (pot\u00eancia selecion\u00e1vel no condutor)<\/strong>. Com um \u00e2ngulo de abertura de&nbsp;<strong>40\u00ba<\/strong>A ilumina\u00e7\u00e3o \u00e9 mais direta para focar a luz em pontos espec\u00edficos. F\u00e1cil montagem e instala\u00e7\u00e3o. Elevado \u00edndice de restitui\u00e7\u00e3o de cor +92<strong>- Especialista em cores-&nbsp;<\/strong>. Baixo encandeamento&nbsp;<strong>UGR&lt;11<\/strong>.&nbsp;<strong>CCT: COR SELECCION\u00c1VEL: 3000K-4000K-6000K<\/strong>.<\/p>\n<\/div>\n<div id=\"views_block-1\" class=\"clearfix\">\n<div id=\"thumbs_list\">\n<h1>LED para encastrar 5W - 8W - 12W Branco Bridgelux Chip - UGR11 - CCT - CRI +92<\/h1>\n<p>O nosso novo<strong>&nbsp;Foco empotrable led 12w cuadrado 40<\/strong>\u00ba \u00e9 constitu\u00eddo por<strong>&nbsp;Alum\u00ednio<\/strong>tem um&nbsp;<strong>moderno<\/strong>&nbsp;com um acabamento de&nbsp;<strong>alta qualidade<\/strong>. Tem um \u00e2ngulo de abertura de&nbsp;<strong>40\u00ba<\/strong>&nbsp;fazem dela uma lumin\u00e1ria ideal para focar \u00e1reas muito espec\u00edficas para ilumina\u00e7\u00e3o profissional. O seu material em alum\u00ednio apresenta grandes vantagens, uma vez que&nbsp;<strong>previne a ferrugem<\/strong>&nbsp;a longo prazo, \u00e9 muito&nbsp;<strong>resistente<\/strong>&nbsp;a \u00e1reas h\u00famidas ou ambientes salinos.<\/p>\n<p>A lumin\u00e1ria LED monta um&nbsp;<strong>COB com chips Bridgelux 2630 DS-C30<\/strong>alta luminosidade, com um \u00edndice de&nbsp;<strong>reprodu\u00e7\u00e3o de cores de +93,<\/strong>&nbsp;Isto resulta numa reprodu\u00e7\u00e3o de cores de alta qualidade. Vale a pena mencionar a&nbsp;<strong>n\u00edvel muito elevado de LRC<\/strong>&nbsp;(\u00edndice de reprodu\u00e7\u00e3o de cores) superior a 92, resultando numa qualidade de luz com uma reprodu\u00e7\u00e3o de cores perfeita.<\/p>\n<p>O difusor e o seu design garantem uma ilumina\u00e7\u00e3o uniforme e sem encandeamento. Tem um baixo fator de encandeamento (UGR&lt;11), o que a torna perfeita para \u00e1reas de trabalho em escrit\u00f3rios, salas de confer\u00eancia, salas de aula, bibliotecas, etc.<\/p>\n<p>O encandeamento causado pela ilumina\u00e7\u00e3o pode ter uma influ\u00eancia negativa nas pessoas, uma vez que \u00e9 necess\u00e1rio um ambiente de ilumina\u00e7\u00e3o confort\u00e1vel para nos ajudar nas nossas tarefas,&nbsp;<strong>um bom n\u00edvel de ilumina\u00e7\u00e3o e um baixo n\u00edvel de UGR<\/strong>&nbsp;(\u00edndice de encandeamento) aumenta a sensa\u00e7\u00e3o de bem-estar dos trabalhadores, o que contribui diretamente para o n\u00edvel de produtividade.<\/p>\n<p><strong><br>\n<\/strong>Os baixos n\u00edveis de encandeamento s\u00e3o exigidos nos regulamentos relativos \u00e0s \u00e1reas de trabalho em todos os locais onde s\u00e3o passados longos per\u00edodos de tempo expostos \u00e0 luz artificial, sendo muito importantes em escrit\u00f3rios, centros educativos, \u00e1reas de trabalho, etc.<\/p>\n<p>A instala\u00e7\u00e3o \u00e9 muito simples e requer apenas um corte \u00e0 medida do produto na superf\u00edcie onde vai ser encastrado. Ao escolher a ilumina\u00e7\u00e3o LED, n\u00e3o s\u00f3 estamos a optar por poupar nas nossas contas de eletricidade, como tamb\u00e9m estamos a optar por uma tecnologia mais ecol\u00f3gica, de maior qualidade e que dura 10 vezes mais do que os sistemas de ilumina\u00e7\u00e3o tradicionais.<\/p>\n<p>Decore os seus espa\u00e7os interiores e comece a poupar na sua conta de electricidade, com tecnologia LED pode&nbsp;<strong>reduzir<\/strong>&nbsp;at\u00e9&nbsp;<strong>80%<\/strong>&nbsp;em&nbsp;<strong>energia<\/strong>. Para al\u00e9m de poupar dinheiro, est\u00e1 a ajudar a proteger o planeta, uma vez que se trata de produtos n\u00e3o poluentes.<\/p>\n<p>&nbsp;<\/p>\n<h2>Aplica\u00e7\u00f5es de Lumin\u00e1ria embutida LED 5W - 8W - 12W Branco Bridgelux Chip - UGR11- CCT- CRI +92<\/h2>\n<ul>\n<li>Cozinhas<\/li>\n<li>Retretes<\/li>\n<li>Corredores<\/li>\n<li>Sal\u00f5es<\/li>\n<li>Lojas<\/li>\n<li>Testers<\/li>\n<\/ul>\n<h3 class=\"page-product-heading\">DADOS T\u00c9CNICOS<\/h3>\n<div class=\"col-xs-12 col-md-6\">\n<table class=\"table table-data-sheet 1\">\n<tbody>\n<tr class=\"odd\">\n<td valign=\"middle\" width=\"32\"><\/td>\n<td valign=\"middle\">REFER\u00caNCIA :<\/td>\n<td valign=\"middle\">SL90610<\/td>\n<\/tr>\n<tr class=\"even\">\n<td valign=\"middle\" width=\"32\"><\/td>\n<td valign=\"middle\">Pot\u00eancia nominal :<\/td>\n<td valign=\"middle\">5W - 8W -12W<\/td>\n<\/tr>\n<tr class=\"odd\">\n<td valign=\"middle\" width=\"32\"><\/td>\n<td valign=\"middle\">Tens\u00e3o Nominal:<\/td>\n<td valign=\"middle\">85V-265V<\/td>\n<\/tr>\n<tr class=\"even\">\n<td valign=\"middle\" width=\"32\"><\/td>\n<td valign=\"middle\">Temperatura ligeira:<\/td>\n<td valign=\"middle\">COR SELECCION\u00c1VEL: 3000K-4000K-6000K<\/td>\n<\/tr>\n<tr class=\"odd\">\n<td valign=\"middle\" width=\"32\"><\/td>\n<td valign=\"middle\">CRI - Colour Rendering Index:<\/td>\n<td valign=\"middle\">92<\/td>\n<\/tr>\n<tr class=\"even\">\n<td valign=\"middle\" width=\"32\"><\/td>\n<td valign=\"middle\">Material de constru\u00e7\u00e3o:<\/td>\n<td valign=\"middle\">Alum\u00ednio +PC<\/td>\n<\/tr>\n<tr class=\"odd\">\n<td valign=\"middle\" width=\"32\"><\/td>\n<td valign=\"middle\">Luminosidade-Lm:<\/td>\n<td valign=\"middle\">1200Lm<\/td>\n<\/tr>\n<tr class=\"even\">\n<td valign=\"middle\" width=\"32\"><\/td>\n<td valign=\"middle\">Tipo de LEDs:<\/td>\n<td valign=\"middle\">Chip COB Bridgelux 2630 DS-C30<\/td>\n<\/tr>\n<tr class=\"odd\">\n<td valign=\"middle\" width=\"32\"><\/td>\n<td valign=\"middle\">\u00c2ngulo de abertura (\u00ba):<\/td>\n<td valign=\"middle\">40\u00ba<\/td>\n<\/tr>\n<tr class=\"even\">\n<td valign=\"middle\" width=\"32\"><\/td>\n<td valign=\"middle\">Efici\u00eancia dos d\u00edodos LED (Lm\/W):<\/td>\n<td valign=\"middle\">130Lm\/W<\/td>\n<\/tr>\n<tr class=\"odd\">\n<td valign=\"middle\" width=\"32\"><\/td>\n<td valign=\"middle\">Efic\u00e1cia luminosa (Lm\/W):<\/td>\n<td valign=\"middle\">100 Lm\/W<\/td>\n<\/tr>\n<tr class=\"even\">\n<td valign=\"middle\" width=\"32\"><\/td>\n<td valign=\"middle\">Certificados:<\/td>\n<td valign=\"middle\">CE - ROHS<\/td>\n<\/tr>\n<tr class=\"odd\">\n<td valign=\"middle\" width=\"32\"><\/td>\n<td valign=\"middle\">Classifica\u00e7\u00e3o IP:<\/td>\n<td valign=\"middle\">IP20<\/td>\n<\/tr>\n<\/tbody>\n<\/table>\n<\/div>\n<div class=\"col-xs-12 col-md-6 2\">\n<table class=\"table table-data-sheet 2\">\n<tbody>\n<tr class=\"odd\">\n<td valign=\"middle\" width=\"32\"><\/td>\n<td valign=\"middle\">D\u00edodo LED de vida estimada (H):<\/td>\n<td valign=\"middle\">35.000<\/td>\n<\/tr>\n<tr class=\"even\">\n<td valign=\"middle\" width=\"32\"><\/td>\n<td valign=\"middle\">Dimens\u00f5es (mm):<\/td>\n<td valign=\"middle\">90x84x66mm<\/td>\n<\/tr>\n<tr class=\"odd\">\n<td valign=\"middle\" width=\"32\"><\/td>\n<td valign=\"middle\">Frequ\u00eancia de trabalho (Hz):<\/td>\n<td valign=\"middle\">50\/60Hz<\/td>\n<\/tr>\n<tr class=\"even\">\n<td valign=\"middle\" width=\"32\"><\/td>\n<td valign=\"middle\">Gama de temperaturas (\u00baC):<\/td>\n<td valign=\"middle\">-20\u00b0C ~ +55\u00b0C<\/td>\n<\/tr>\n<tr class=\"odd\">\n<td valign=\"middle\" width=\"32\"><\/td>\n<td valign=\"middle\">Ciclos de Igni\u00e7\u00e3o:<\/td>\n<td valign=\"middle\">100.000<\/td>\n<\/tr>\n<tr class=\"even\">\n<td valign=\"middle\" width=\"32\"><\/td>\n<td valign=\"middle\">Tempo de arranque (s):<\/td>\n<td valign=\"middle\">0,2s<\/td>\n<\/tr>\n<tr class=\"odd\">\n<td valign=\"middle\" width=\"32\"><\/td>\n<td valign=\"middle\">Corte de tecto (mm):<\/td>\n<td valign=\"middle\">\u00d875mm<\/td>\n<\/tr>\n<tr class=\"even\">\n<td valign=\"middle\" width=\"32\"><\/td>\n<td valign=\"middle\">\u00cdndice de luminosidade (UGR):<\/td>\n<td valign=\"middle\">11<\/td>\n<\/tr>\n<tr class=\"odd\">\n<td valign=\"middle\" width=\"32\"><\/td>\n<td valign=\"middle\">Protec\u00e7\u00e3o contra impactos (IK):<\/td>\n<td valign=\"middle\">IK10<\/td>\n<\/tr>\n<tr class=\"even\">\n<td valign=\"middle\" width=\"32\"><\/td>\n<td valign=\"middle\">Condutor inclu\u00eddo:<\/td>\n<td valign=\"middle\">SIM<\/td>\n<\/tr>\n<tr class=\"odd\">\n<td valign=\"middle\" width=\"32\"><\/td>\n<td valign=\"middle\">Classe energ\u00e9tica (2021-EU-2019\/2015):<\/td>\n<td valign=\"middle\">A+<\/td>\n<\/tr>\n<tr class=\"even\">\n<td valign=\"middle\" width=\"32\"><\/td>\n<td valign=\"middle\">Classe energ\u00e9tica (2023 - EU-2019\/2015):<\/td>\n<td valign=\"middle\">F<\/td>\n<\/tr>\n<tr class=\"odd\">\n<td valign=\"middle\" width=\"32\"><\/td>\n<td valign=\"middle\">Anos de garantia:<\/td>\n<td valign=\"middle\">3<\/td>\n<\/tr>\n<\/tbody>\n<\/table>\n<\/div>\n<\/div>\n<\/div>\n<\/div>","protected":false},"excerpt":{"rendered":"<div class=\"col-md-12\"><i class=\"fa fa-truck\"><\/i>&nbsp;<span class=\"text-muted textprop\">Entrega em 24\/48 horas<\/span><div class=\"col-md-12\"><i class=\"fa fa-exchange\"><\/i>&nbsp;<span class=\"text-muted textprop\">Garantia do segurado<\/span><\/div><div class=\"col-md-12\"><i class=\"fa fa-box\"><\/i>&nbsp;<span class=\"text-muted textprop\">26 unidade(s) por Masterbox<\/span><\/div><div class=\"col-md-12 certificados\"><\/div><\/div>","protected":false},"featured_media":3171,"template":"","meta":{"site-sidebar-layout":"default","site-content-layout":"default","ast-global-header-display":"","ast-main-header-display":"","ast-hfb-above-header-display":"","ast-hfb-below-header-display":"","ast-hfb-mobile-header-display":"","site-post-title":"","ast-breadcrumbs-content":"","ast-featured-img":"","footer-sml-layout":"","theme-transparent-header-meta":"default","adv-header-id-meta":"","stick-header-meta":"","header-above-stick-meta":"","header-main-stick-meta":"","header-below-stick-meta":""},"product_cat":[27,70],"product_tag":[],"class_list":["post-3170","product","type-product","status-publish","has-post-thumbnail","hentry","product_cat-downlight-plafones-y-placas-led","product_cat-focos-downlight-led"],"_links":{"self":[{"href":"https:\/\/starlediluminacion.com\/pt\/wp-json\/wp\/v3\/product\/3170","targetHints":{"allow":["GET"]}}],"collection":[{"href":"https:\/\/starlediluminacion.com\/pt\/wp-json\/wp\/v3\/product"}],"about":[{"href":"https:\/\/starlediluminacion.com\/pt\/wp-json\/wp\/v2\/types\/product"}],"wp:featuredmedia":[{"embeddable":true,"href":"https:\/\/starlediluminacion.com\/pt\/wp-json\/wp\/v2\/media\/3171"}],"wp:attachment":[{"href":"https:\/\/starlediluminacion.com\/pt\/wp-json\/wp\/v2\/media?parent=3170"}],"wp:term":[{"taxonomy":"product_cat","embeddable":true,"href":"https:\/\/starlediluminacion.com\/pt\/wp-json\/wp\/v2\/product_cat?post=3170"},{"taxonomy":"product_tag","embeddable":true,"href":"https:\/\/starlediluminacion.com\/pt\/wp-json\/wp\/v2\/product_tag?post=3170"}],"curies":[{"name":"wp","href":"https:\/\/api.w.org\/{rel}","templated":true}]}}