{"id":3123,"date":"2022-08-06T14:04:57","date_gmt":"2022-08-06T14:04:57","guid":{"rendered":"https:\/\/starlediluminacion.com\/?post_type=product&#038;p=3123"},"modified":"2022-12-18T10:52:30","modified_gmt":"2022-12-18T10:52:30","slug":"empotrable-led-6w-blanco-bridgelux-chip-40-ugr11-cct","status":"publish","type":"product","link":"https:\/\/starlediluminacion.com\/pt\/product\/downlight-led-6w-branco-bridgelux-chip-40-ugr11-cct\/","title":{"rendered":"<p>Lumin\u00e1ria embutida LED downlight 6W White Bridgelux Chip - 40\u00b0 - UGR11- CCT<\/p>"},"content":{"rendered":"<div class=\"product-info-line\">\n<p id=\"product_reference\"><label>REFER\u00caNCIA: SL<span style=\"font-size: 16px;\">8051BRANCO<\/span><\/label><\/p>\n<div class=\"hidden-xs parrafo\">\n<p><strong>Projector LED de encastrar<\/strong>&nbsp;<strong>Circular<\/strong>&nbsp;<strong>BRANCO&nbsp;<\/strong>em alum\u00ednio com 6 W de pot\u00eancia. Com um \u00e2ngulo de abertura de&nbsp;<strong>40\u00ba<\/strong>A ilumina\u00e7\u00e3o \u00e9 mais directa para focar a luz em pontos espec\u00edficos. F\u00e1cil montagem e instala\u00e7\u00e3o.  Baixo encandeamento UGR&lt;11. CCT: COR SELECCION\u00c1VEL: 3000K-4000K-6000K.<\/p>\n<\/div>\n<div id=\"views_block-1\" class=\"clearfix\">\n<div id=\"thumbs_list\">\n<h1>LED de encastrar 6W Circular 40\u00b0 Bridgelux Chip BRANCO - UGR11- CCT: COR SELECCION\u00c1VEL:3000K-4000K-6000K.<\/h1>\n<p>O nosso&nbsp;<strong>nova lumin\u00e1ria embutida LED 6W circular 40<\/strong>\u00ba \u00e9 constitu\u00eddo por<strong>&nbsp;Alum\u00ednio<\/strong>tem um&nbsp;<strong>moderno<\/strong>&nbsp;com um acabamento de&nbsp;<strong>alta qualidade<\/strong>. Tem um \u00e2ngulo de abertura de&nbsp;<strong>40\u00ba<\/strong>&nbsp;tornam uma lumin\u00e1ria ideal para se concentrar em \u00e1reas muito espec\u00edficas para ilumina\u00e7\u00e3o profissional.<\/p>\n<p>O seu material de Alum\u00ednio tem grandes vantagens, uma vez que&nbsp;<strong>previne a ferrugem<\/strong>&nbsp;a longo prazo, \u00e9 muito&nbsp;<strong>resistente<\/strong>&nbsp;a \u00e1reas h\u00famidas ou ambientes salinos.<\/p>\n<p>A lumin\u00e1ria LED est\u00e1 equipada com um COB com Chips Bridgelux 2630 DS-C30, de alta lumin\u00e2ncia.<\/p>\n<p>Destaca-se o n\u00edvel CRI (\u00edndice de reprodu\u00e7\u00e3o de cores) muito elevado, superior a 95, que resulta numa qualidade de luz com uma reprodu\u00e7\u00e3o de cores perfeita.<\/p>\n<p>Decore os seus espa\u00e7os interiores e comece a poupar na sua conta de electricidade, com tecnologia LED pode&nbsp;<strong>reduzir<\/strong>&nbsp;at\u00e9&nbsp;<strong>80%<\/strong>&nbsp;em&nbsp;<strong>energia<\/strong>. Al\u00e9m disso, est\u00e1 a ajudar a cuidar do planeta, uma vez que s\u00e3o produtos n\u00e3o poluentes.<\/p>\n<h2>Utiliza LED de encastrar 6W BRANCO Circular Bridgelux Chip - 40\u00b0 - UGR11 CCT: COR SELECCION\u00c1VEL:3000K-4000K-6000K.<\/h2>\n<ul>\n<li>Cozinhas<\/li>\n<li>Retretes<\/li>\n<li>Corredores<\/li>\n<li>Sal\u00f5es<\/li>\n<li>Lojas<\/li>\n<li>Testers<\/li>\n<\/ul>\n<h3 class=\"page-product-heading\">DADOS T\u00c9CNICOS<\/h3>\n<div class=\"col-xs-12 col-md-6\">\n<table class=\"table table-data-sheet 1\">\n<tbody>\n<tr class=\"odd\">\n<td valign=\"middle\" width=\"32\"><\/td>\n<td valign=\"middle\">REFER\u00caNCIA :<\/td>\n<td valign=\"middle\">SL8051BRANCO<\/td>\n<\/tr>\n<tr class=\"even\">\n<td valign=\"middle\" width=\"32\"><\/td>\n<td valign=\"middle\">Pot\u00eancia nominal :<\/td>\n<td valign=\"middle\">6w<\/td>\n<\/tr>\n<tr class=\"odd\">\n<td valign=\"middle\" width=\"32\"><\/td>\n<td valign=\"middle\">Tens\u00e3o Nominal:<\/td>\n<td valign=\"middle\">85V-265V<\/td>\n<\/tr>\n<tr class=\"even\">\n<td valign=\"middle\" width=\"32\"><\/td>\n<td valign=\"middle\">Temperatura ligeira:<\/td>\n<td valign=\"middle\">3000K - 4000K - 6000K<\/td>\n<\/tr>\n<tr class=\"odd\">\n<td valign=\"middle\" width=\"32\"><\/td>\n<td valign=\"middle\">CRI - Colour Rendering Index:<\/td>\n<td valign=\"middle\">95<\/td>\n<\/tr>\n<tr class=\"even\">\n<td valign=\"middle\" width=\"32\"><\/td>\n<td valign=\"middle\">Material de constru\u00e7\u00e3o:<\/td>\n<td valign=\"middle\">Alum\u00ednio<\/td>\n<\/tr>\n<tr class=\"odd\">\n<td valign=\"middle\" width=\"32\"><\/td>\n<td valign=\"middle\">Luminosidade-Lm:<\/td>\n<td valign=\"middle\">690 Lm<\/td>\n<\/tr>\n<tr class=\"even\">\n<td valign=\"middle\" width=\"32\"><\/td>\n<td valign=\"middle\">Tipo de LEDs:<\/td>\n<td valign=\"middle\">Chip COB Bridgelux 2630 DS-C30<\/td>\n<\/tr>\n<tr class=\"odd\">\n<td valign=\"middle\" width=\"32\"><\/td>\n<td valign=\"middle\">\u00c2ngulo de abertura (\u00ba):<\/td>\n<td valign=\"middle\">40\u00ba<\/td>\n<\/tr>\n<tr class=\"even\">\n<td valign=\"middle\" width=\"32\"><\/td>\n<td valign=\"middle\">Efici\u00eancia dos d\u00edodos LED (Lm\/W):<\/td>\n<td valign=\"middle\">130Lm\/W<\/td>\n<\/tr>\n<tr class=\"odd\">\n<td valign=\"middle\" width=\"32\"><\/td>\n<td valign=\"middle\">Efic\u00e1cia luminosa (Lm\/W):<\/td>\n<td valign=\"middle\">115 Lm\/W<\/td>\n<\/tr>\n<tr class=\"even\">\n<td valign=\"middle\" width=\"32\"><\/td>\n<td valign=\"middle\">Certificados:<\/td>\n<td valign=\"middle\">CE - ROHS<\/td>\n<\/tr>\n<\/tbody>\n<\/table>\n<\/div>\n<div class=\"col-xs-12 col-md-6 2\">\n<table class=\"table table-data-sheet 2\">\n<tbody>\n<tr class=\"odd\">\n<td valign=\"middle\" width=\"32\"><\/td>\n<td valign=\"middle\">Classifica\u00e7\u00e3o IP:<\/td>\n<td valign=\"middle\">IP40<\/td>\n<\/tr>\n<tr class=\"even\">\n<td valign=\"middle\" width=\"32\"><\/td>\n<td valign=\"middle\">D\u00edodo LED de vida estimada (H):<\/td>\n<td valign=\"middle\">35.000<\/td>\n<\/tr>\n<tr class=\"odd\">\n<td valign=\"middle\" width=\"32\"><\/td>\n<td valign=\"middle\">Dimens\u00f5es (mm):<\/td>\n<td valign=\"middle\">\u00d840x55mm<\/td>\n<\/tr>\n<tr class=\"even\">\n<td valign=\"middle\" width=\"32\"><\/td>\n<td valign=\"middle\">Frequ\u00eancia de trabalho (Hz):<\/td>\n<td valign=\"middle\">50\/60Hz<\/td>\n<\/tr>\n<tr class=\"odd\">\n<td valign=\"middle\" width=\"32\"><\/td>\n<td valign=\"middle\">Gama de temperaturas (\u00baC):<\/td>\n<td valign=\"middle\">-20\u00b0C ~ +55\u00b0C<\/td>\n<\/tr>\n<tr class=\"even\">\n<td valign=\"middle\" width=\"32\"><\/td>\n<td valign=\"middle\">Ciclos de Igni\u00e7\u00e3o:<\/td>\n<td valign=\"middle\">100.000<\/td>\n<\/tr>\n<tr class=\"odd\">\n<td valign=\"middle\" width=\"32\"><\/td>\n<td valign=\"middle\">Tempo de arranque (s):<\/td>\n<td valign=\"middle\">0,2s<\/td>\n<\/tr>\n<tr class=\"even\">\n<td valign=\"middle\" width=\"32\"><\/td>\n<td valign=\"middle\">Corte de tecto (mm):<\/td>\n<td valign=\"middle\">\u00d8 35mm<\/td>\n<\/tr>\n<tr class=\"odd\">\n<td valign=\"middle\" width=\"32\"><\/td>\n<td valign=\"middle\">Condutor inclu\u00eddo:<\/td>\n<td valign=\"middle\">SIM<\/td>\n<\/tr>\n<tr class=\"even\">\n<td valign=\"middle\" width=\"32\"><\/td>\n<td valign=\"middle\">Classe energ\u00e9tica (2021-EU-2019\/2015):<\/td>\n<td valign=\"middle\">A+<\/td>\n<\/tr>\n<tr class=\"odd\">\n<td valign=\"middle\" width=\"32\"><\/td>\n<td valign=\"middle\">Anos de garantia:<\/td>\n<td valign=\"middle\">3<\/td>\n<\/tr>\n<\/tbody>\n<\/table>\n<p>&nbsp;<\/p>\n<\/div>\n<\/div>\n<\/div>\n<\/div>","protected":false},"excerpt":{"rendered":"<div class=\"col-md-12\"><span class=\"text-muted textprop\">Entrega em 24\/48 horas<\/span><div class=\"col-md-12\"><i class=\"fa fa-exchange\"><\/i>&nbsp;<span class=\"text-muted textprop\">Garantia do segurado<\/span><\/div><div class=\"col-md-12\"><i class=\"fa fa-box\"><\/i>&nbsp;<span class=\"text-muted textprop\">30 unidade(s) por Masterbox<\/span><\/div><div><strong>CORES: PRETO CROMADO\/P\u00c9ROLA\/OURO ROSA\/BRANCO<\/strong><\/div><\/div>","protected":false},"featured_media":3132,"template":"","meta":{"site-sidebar-layout":"default","site-content-layout":"default","ast-global-header-display":"","ast-main-header-display":"","ast-hfb-above-header-display":"","ast-hfb-below-header-display":"","ast-hfb-mobile-header-display":"","site-post-title":"","ast-breadcrumbs-content":"","ast-featured-img":"","footer-sml-layout":"","theme-transparent-header-meta":"default","adv-header-id-meta":"","stick-header-meta":"","header-above-stick-meta":"","header-main-stick-meta":"","header-below-stick-meta":""},"product_cat":[27,70],"product_tag":[],"class_list":["post-3123","product","type-product","status-publish","has-post-thumbnail","hentry","product_cat-downlight-plafones-y-placas-led","product_cat-focos-downlight-led"],"yoast_head":"<!-- This site is optimized with the Yoast SEO plugin v27.4 - https:\/\/yoast.com\/product\/yoast-seo-wordpress\/ -->\n<title>Empotrable LED 6W Blanco Bridgelux Chip - 40\u00b0 - UGR11- CCT - STARLED Iluminacion<\/title>\n<meta name=\"robots\" content=\"index, follow, max-snippet:-1, max-image-preview:large, max-video-preview:-1\" \/>\n<link rel=\"canonical\" href=\"https:\/\/starlediluminacion.com\/pt\/product\/downlight-led-6w-branco-bridgelux-chip-40-ugr11-cct\/\" \/>\n<meta property=\"og:locale\" content=\"pt_PT\" \/>\n<meta property=\"og:type\" content=\"article\" \/>\n<meta property=\"og:title\" content=\"Empotrable LED 6W Blanco Bridgelux Chip - 40\u00b0 - UGR11- CCT - STARLED Iluminacion\" \/>\n<meta property=\"og:description\" content=\"Entrega en 24\/48 horas \u00a0Garant\u00eda asegurada \u00a030 unidad(es) por Masterbox COLORES: BLACK CROMO\/PEARL\/ROSEGOLD\/WHITE\" \/>\n<meta property=\"og:url\" content=\"https:\/\/starlediluminacion.com\/pt\/product\/downlight-led-6w-branco-bridgelux-chip-40-ugr11-cct\/\" \/>\n<meta property=\"og:site_name\" content=\"STARLED Iluminacion\" \/>\n<meta property=\"article:modified_time\" content=\"2022-12-18T10:52:30+00:00\" \/>\n<meta property=\"og:image\" content=\"https:\/\/starlediluminacion.com\/wp-content\/uploads\/2022\/08\/empotrable-led-6w-blanco-bridgelux-chip-40-ugr11-cct-factorled.jpg\" \/>\n\t<meta property=\"og:image:width\" content=\"1000\" \/>\n\t<meta property=\"og:image:height\" content=\"1000\" \/>\n\t<meta property=\"og:image:type\" content=\"image\/jpeg\" \/>\n<meta name=\"twitter:card\" content=\"summary_large_image\" \/>\n<meta name=\"twitter:label1\" content=\"Tempo estimado de leitura\" \/>\n\t<meta name=\"twitter:data1\" content=\"2 minutos\" \/>\n<script type=\"application\/ld+json\" class=\"yoast-schema-graph\">{\"@context\":\"https:\\\/\\\/schema.org\",\"@graph\":[{\"@type\":\"WebPage\",\"@id\":\"https:\\\/\\\/starlediluminacion.com\\\/producto\\\/empotrable-led-6w-blanco-bridgelux-chip-40-ugr11-cct\\\/\",\"url\":\"https:\\\/\\\/starlediluminacion.com\\\/producto\\\/empotrable-led-6w-blanco-bridgelux-chip-40-ugr11-cct\\\/\",\"name\":\"Empotrable LED 6W Blanco Bridgelux Chip - 40\u00b0 - UGR11- CCT - STARLED Iluminacion\",\"isPartOf\":{\"@id\":\"https:\\\/\\\/starlediluminacion.com\\\/#website\"},\"primaryImageOfPage\":{\"@id\":\"https:\\\/\\\/starlediluminacion.com\\\/producto\\\/empotrable-led-6w-blanco-bridgelux-chip-40-ugr11-cct\\\/#primaryimage\"},\"image\":{\"@id\":\"https:\\\/\\\/starlediluminacion.com\\\/producto\\\/empotrable-led-6w-blanco-bridgelux-chip-40-ugr11-cct\\\/#primaryimage\"},\"thumbnailUrl\":\"https:\\\/\\\/starlediluminacion.com\\\/wp-content\\\/uploads\\\/2022\\\/08\\\/empotrable-led-6w-blanco-bridgelux-chip-40-ugr11-cct-factorled.jpg\",\"datePublished\":\"2022-08-06T14:04:57+00:00\",\"dateModified\":\"2022-12-18T10:52:30+00:00\",\"breadcrumb\":{\"@id\":\"https:\\\/\\\/starlediluminacion.com\\\/producto\\\/empotrable-led-6w-blanco-bridgelux-chip-40-ugr11-cct\\\/#breadcrumb\"},\"inLanguage\":\"pt-PT\",\"potentialAction\":[{\"@type\":\"ReadAction\",\"target\":[\"https:\\\/\\\/starlediluminacion.com\\\/producto\\\/empotrable-led-6w-blanco-bridgelux-chip-40-ugr11-cct\\\/\"]}]},{\"@type\":\"ImageObject\",\"inLanguage\":\"pt-PT\",\"@id\":\"https:\\\/\\\/starlediluminacion.com\\\/producto\\\/empotrable-led-6w-blanco-bridgelux-chip-40-ugr11-cct\\\/#primaryimage\",\"url\":\"https:\\\/\\\/starlediluminacion.com\\\/wp-content\\\/uploads\\\/2022\\\/08\\\/empotrable-led-6w-blanco-bridgelux-chip-40-ugr11-cct-factorled.jpg\",\"contentUrl\":\"https:\\\/\\\/starlediluminacion.com\\\/wp-content\\\/uploads\\\/2022\\\/08\\\/empotrable-led-6w-blanco-bridgelux-chip-40-ugr11-cct-factorled.jpg\",\"width\":1000,\"height\":1000},{\"@type\":\"BreadcrumbList\",\"@id\":\"https:\\\/\\\/starlediluminacion.com\\\/producto\\\/empotrable-led-6w-blanco-bridgelux-chip-40-ugr11-cct\\\/#breadcrumb\",\"itemListElement\":[{\"@type\":\"ListItem\",\"position\":1,\"name\":\"Portada\",\"item\":\"https:\\\/\\\/starlediluminacion.com\\\/\"},{\"@type\":\"ListItem\",\"position\":2,\"name\":\"Shop\",\"item\":\"https:\\\/\\\/starlediluminacion.com\\\/shop-2\\\/\"},{\"@type\":\"ListItem\",\"position\":3,\"name\":\"Empotrable LED 6W Blanco Bridgelux Chip &#8211; 40\u00b0 &#8211; UGR11- CCT\"}]},{\"@type\":\"WebSite\",\"@id\":\"https:\\\/\\\/starlediluminacion.com\\\/#website\",\"url\":\"https:\\\/\\\/starlediluminacion.com\\\/\",\"name\":\"STARLED Iluminacion\",\"description\":\"\",\"potentialAction\":[{\"@type\":\"SearchAction\",\"target\":{\"@type\":\"EntryPoint\",\"urlTemplate\":\"https:\\\/\\\/starlediluminacion.com\\\/?s={search_term_string}\"},\"query-input\":{\"@type\":\"PropertyValueSpecification\",\"valueRequired\":true,\"valueName\":\"search_term_string\"}}],\"inLanguage\":\"pt-PT\"}]}<\/script>\n<!-- \/ Yoast SEO plugin. -->","yoast_head_json":{"title":"Empotrable LED 6W Blanco Bridgelux Chip - 40\u00b0 - UGR11- CCT - STARLED Iluminacion","robots":{"index":"index","follow":"follow","max-snippet":"max-snippet:-1","max-image-preview":"max-image-preview:large","max-video-preview":"max-video-preview:-1"},"canonical":"https:\/\/starlediluminacion.com\/pt\/product\/downlight-led-6w-branco-bridgelux-chip-40-ugr11-cct\/","og_locale":"pt_PT","og_type":"article","og_title":"Empotrable LED 6W Blanco Bridgelux Chip - 40\u00b0 - UGR11- CCT - STARLED Iluminacion","og_description":"Entrega en 24\/48 horas \u00a0Garant\u00eda asegurada \u00a030 unidad(es) por Masterbox COLORES: BLACK CROMO\/PEARL\/ROSEGOLD\/WHITE","og_url":"https:\/\/starlediluminacion.com\/pt\/product\/downlight-led-6w-branco-bridgelux-chip-40-ugr11-cct\/","og_site_name":"STARLED Iluminacion","article_modified_time":"2022-12-18T10:52:30+00:00","og_image":[{"width":1000,"height":1000,"url":"https:\/\/starlediluminacion.com\/wp-content\/uploads\/2022\/08\/empotrable-led-6w-blanco-bridgelux-chip-40-ugr11-cct-factorled.jpg","type":"image\/jpeg"}],"twitter_card":"summary_large_image","twitter_misc":{"Tempo estimado de leitura":"2 minutos"},"schema":{"@context":"https:\/\/schema.org","@graph":[{"@type":"WebPage","@id":"https:\/\/starlediluminacion.com\/producto\/empotrable-led-6w-blanco-bridgelux-chip-40-ugr11-cct\/","url":"https:\/\/starlediluminacion.com\/producto\/empotrable-led-6w-blanco-bridgelux-chip-40-ugr11-cct\/","name":"Empotrable LED 6W Blanco Bridgelux Chip - 40\u00b0 - UGR11- CCT - STARLED Iluminacion","isPartOf":{"@id":"https:\/\/starlediluminacion.com\/#website"},"primaryImageOfPage":{"@id":"https:\/\/starlediluminacion.com\/producto\/empotrable-led-6w-blanco-bridgelux-chip-40-ugr11-cct\/#primaryimage"},"image":{"@id":"https:\/\/starlediluminacion.com\/producto\/empotrable-led-6w-blanco-bridgelux-chip-40-ugr11-cct\/#primaryimage"},"thumbnailUrl":"https:\/\/starlediluminacion.com\/wp-content\/uploads\/2022\/08\/empotrable-led-6w-blanco-bridgelux-chip-40-ugr11-cct-factorled.jpg","datePublished":"2022-08-06T14:04:57+00:00","dateModified":"2022-12-18T10:52:30+00:00","breadcrumb":{"@id":"https:\/\/starlediluminacion.com\/producto\/empotrable-led-6w-blanco-bridgelux-chip-40-ugr11-cct\/#breadcrumb"},"inLanguage":"pt-PT","potentialAction":[{"@type":"ReadAction","target":["https:\/\/starlediluminacion.com\/producto\/empotrable-led-6w-blanco-bridgelux-chip-40-ugr11-cct\/"]}]},{"@type":"ImageObject","inLanguage":"pt-PT","@id":"https:\/\/starlediluminacion.com\/producto\/empotrable-led-6w-blanco-bridgelux-chip-40-ugr11-cct\/#primaryimage","url":"https:\/\/starlediluminacion.com\/wp-content\/uploads\/2022\/08\/empotrable-led-6w-blanco-bridgelux-chip-40-ugr11-cct-factorled.jpg","contentUrl":"https:\/\/starlediluminacion.com\/wp-content\/uploads\/2022\/08\/empotrable-led-6w-blanco-bridgelux-chip-40-ugr11-cct-factorled.jpg","width":1000,"height":1000},{"@type":"BreadcrumbList","@id":"https:\/\/starlediluminacion.com\/producto\/empotrable-led-6w-blanco-bridgelux-chip-40-ugr11-cct\/#breadcrumb","itemListElement":[{"@type":"ListItem","position":1,"name":"Portada","item":"https:\/\/starlediluminacion.com\/"},{"@type":"ListItem","position":2,"name":"Shop","item":"https:\/\/starlediluminacion.com\/shop-2\/"},{"@type":"ListItem","position":3,"name":"Empotrable LED 6W Blanco Bridgelux Chip &#8211; 40\u00b0 &#8211; UGR11- CCT"}]},{"@type":"WebSite","@id":"https:\/\/starlediluminacion.com\/#website","url":"https:\/\/starlediluminacion.com\/","name":"STARLED Iluminacion","description":"","potentialAction":[{"@type":"SearchAction","target":{"@type":"EntryPoint","urlTemplate":"https:\/\/starlediluminacion.com\/?s={search_term_string}"},"query-input":{"@type":"PropertyValueSpecification","valueRequired":true,"valueName":"search_term_string"}}],"inLanguage":"pt-PT"}]}},"_links":{"self":[{"href":"https:\/\/starlediluminacion.com\/pt\/wp-json\/wp\/v3\/product\/3123","targetHints":{"allow":["GET"]}}],"collection":[{"href":"https:\/\/starlediluminacion.com\/pt\/wp-json\/wp\/v3\/product"}],"about":[{"href":"https:\/\/starlediluminacion.com\/pt\/wp-json\/wp\/v2\/types\/product"}],"wp:featuredmedia":[{"embeddable":true,"href":"https:\/\/starlediluminacion.com\/pt\/wp-json\/wp\/v2\/media\/3132"}],"wp:attachment":[{"href":"https:\/\/starlediluminacion.com\/pt\/wp-json\/wp\/v2\/media?parent=3123"}],"wp:term":[{"taxonomy":"product_cat","embeddable":true,"href":"https:\/\/starlediluminacion.com\/pt\/wp-json\/wp\/v2\/product_cat?post=3123"},{"taxonomy":"product_tag","embeddable":true,"href":"https:\/\/starlediluminacion.com\/pt\/wp-json\/wp\/v2\/product_tag?post=3123"}],"curies":[{"name":"wp","href":"https:\/\/api.w.org\/{rel}","templated":true}]}}