{"id":3060,"date":"2022-08-06T13:01:09","date_gmt":"2022-08-06T13:01:09","guid":{"rendered":"https:\/\/starlediluminacion.com\/?post_type=product&#038;p=3060"},"modified":"2022-12-18T10:56:32","modified_gmt":"2022-12-18T10:56:32","slug":"empotrable-led-8w-ip65-circular-blanco-dimable-cct-especial-banos-exterior-2","status":"publish","type":"product","link":"https:\/\/starlediluminacion.com\/pt\/product\/leds-8w-ip65-circular-branco-branco-regulavel-cct-especial-banheiros-exteriores-2\/","title":{"rendered":"<p>LED embutido 8W - IP65 - Branco circular - Regul\u00e1vel - CCT- Casas de banho especiais - Exterior<\/p>"},"content":{"rendered":"<div class=\"product-info-line\">\n<p id=\"product_reference\"><label>REFER\u00caNCIA: SL<span style=\"font-size: 16px;\">90884-CCT-A<\/span><\/label><\/p>\n<div class=\"hidden-xs parrafo\">\n<p>Projector LED de recesso circular<strong>&nbsp;IP65- \u00c0 prova de \u00e1gua,&nbsp;<\/strong>&nbsp;com 8<strong>W&nbsp;<\/strong>pot\u00eancia, e com cor seleccion\u00e1vel. Com um \u00e2ngulo de abertura de<strong>&nbsp;60\u00ba<\/strong>A ilumina\u00e7\u00e3o \u00e9 mais directa para concentrar a luz em pontos espec\u00edficos. Tecnologia&nbsp;<strong>CCT<\/strong>&nbsp; o&nbsp;<strong>luz<\/strong>&nbsp;pode ser seleccionado em&nbsp;<strong>3000K- Branco quente, 4000K- Branco neutro- Branco frio 6000K<\/strong>. F\u00e1cil montagem e instala\u00e7\u00e3o<\/p>\n<h1>LED 8W para encastrar - IP65 - Branco circular - CCT- Casas de banho especiais - Exterior - Regul\u00e1vel - Regul\u00e1vel - Regul\u00e1vel<\/h1>\n<p>O nosso novo<strong>&nbsp;encastrados 8W&nbsp;&nbsp;<\/strong>circular<strong>&nbsp;CCT<\/strong>&nbsp;Tem um design muito moderno com um acabamento branco de alta qualidade. Tem um \u00e2ngulo de abertura de 60<strong>\u00ba<\/strong>&nbsp;torn\u00e1-la uma lumin\u00e1ria ideal para se concentrar em \u00e1reas muito espec\u00edficas.<\/p>\n<p>O seu grau de prote\u00e7\u00e3o \u00e9 IP65, pelo que pode ser colocado em todos os tipos de instala\u00e7\u00f5es exteriores e em zonas de elevada humidade.<\/p>\n<p>O produto est\u00e1 equipado com&nbsp;<strong>CCT<\/strong>Pode ent\u00e3o seleccionar a cor do&nbsp;<strong>luz<\/strong>&nbsp;que desejar: pode seleccionar em&nbsp;<strong>3000K- Branco quente, 4000K- Branco neutro - Branco frio 6000K<\/strong><\/p>\n<p>&nbsp;<\/p>\n<p>O seu assunto de&nbsp;<strong>termopl\u00e1stico<\/strong>&nbsp;tem grandes vantagens, uma vez que impede a oxida\u00e7\u00e3o a longo prazo, \u00e9 muito resistente a \u00e1reas h\u00famidas ou ambientes salinos. Caracteriza-se tamb\u00e9m pelo facto de ser um produto leve, flex\u00edvel e n\u00e3o t\u00f3xico, o que o torna f\u00e1cil e leve de transportar. At\u00e9 ajuda a poupar energia por v\u00e1rias raz\u00f5es:<\/p>\n<p>- Mais f\u00e1cil de transportar gra\u00e7as \u00e0 sua leveza<\/p>\n<p>- Pode reduzir a energia de aquecimento e arrefecimento devido ao seu poder isolante<\/p>\n<p>- Devido \u00e0 sua resist\u00eancia e versatilidade, \u00e9 capaz de substituir outros materiais, evitando a desfloresta\u00e7\u00e3o e a polui\u00e7\u00e3o.<\/p>\n<p>Decore os seus espa\u00e7os interiores e comece a poupar nas suas contas de electricidade, com tecnologia LED pode&nbsp;<strong>reduzir<\/strong>&nbsp;at\u00e9&nbsp;<strong>80%<\/strong>&nbsp;em&nbsp;<strong>energia<\/strong>. Al\u00e9m disso, est\u00e1 a ajudar a cuidar do planeta, uma vez que s\u00e3o produtos n\u00e3o poluentes.<\/p>\n<p>&nbsp;<\/p>\n<h2>Utiliza LED embutido 8W - IP65 - Branco circular - CCT- Casas de banho especiais - Exterior - Regul\u00e1vel- Regul\u00e1vel:<\/h2>\n<p>&nbsp;<\/p>\n<ul>\n<li>Cozinhas<\/li>\n<li>Retretes<\/li>\n<li>Corredores<\/li>\n<li>Sal\u00f5es<\/li>\n<li>Testers<\/li>\n<\/ul>\n<h3 class=\"page-product-heading\">DADOS T\u00c9CNICOS<\/h3>\n<div class=\"col-xs-12 col-md-6\">\n<table class=\"table table-data-sheet 1\">\n<tbody>\n<tr class=\"odd\">\n<td valign=\"middle\" width=\"32\"><\/td>\n<td valign=\"middle\">REFER\u00caNCIA :<\/td>\n<td valign=\"middle\">SL90884-CCT-A<\/td>\n<\/tr>\n<tr class=\"even\">\n<td valign=\"middle\" width=\"32\"><\/td>\n<td valign=\"middle\">Pot\u00eancia nominal :<\/td>\n<td valign=\"middle\">8w<\/td>\n<\/tr>\n<tr class=\"odd\">\n<td valign=\"middle\" width=\"32\"><\/td>\n<td valign=\"middle\">Tens\u00e3o Nominal:<\/td>\n<td valign=\"middle\">220-240v<\/td>\n<\/tr>\n<tr class=\"even\">\n<td valign=\"middle\" width=\"32\"><\/td>\n<td valign=\"middle\">Temperatura ligeira:<\/td>\n<td valign=\"middle\">3000K - 4000K<\/td>\n<\/tr>\n<tr class=\"odd\">\n<td valign=\"middle\" width=\"32\"><\/td>\n<td valign=\"middle\">CRI - Colour Rendering Index:<\/td>\n<td valign=\"middle\">85<\/td>\n<\/tr>\n<tr class=\"even\">\n<td valign=\"middle\" width=\"32\"><\/td>\n<td valign=\"middle\">Material de constru\u00e7\u00e3o:<\/td>\n<td valign=\"middle\">Termopl\u00e1stico<\/td>\n<\/tr>\n<tr class=\"odd\">\n<td valign=\"middle\" width=\"32\"><\/td>\n<td valign=\"middle\">Luminosidade-Lm:<\/td>\n<td valign=\"middle\">800Lm<\/td>\n<\/tr>\n<tr class=\"even\">\n<td valign=\"middle\" width=\"32\"><\/td>\n<td valign=\"middle\">Tipo de LEDs:<\/td>\n<td valign=\"middle\">SMD 2835<\/td>\n<\/tr>\n<tr class=\"odd\">\n<td valign=\"middle\" width=\"32\"><\/td>\n<td valign=\"middle\">\u00c2ngulo de abertura (\u00ba):<\/td>\n<td valign=\"middle\">60\u00ba<\/td>\n<\/tr>\n<tr class=\"even\">\n<td valign=\"middle\" width=\"32\"><\/td>\n<td valign=\"middle\">Efici\u00eancia dos d\u00edodos LED (Lm\/W):<\/td>\n<td valign=\"middle\">130Lm\/W<\/td>\n<\/tr>\n<tr class=\"odd\">\n<td valign=\"middle\" width=\"32\"><\/td>\n<td valign=\"middle\">Efic\u00e1cia luminosa (Lm\/W):<\/td>\n<td valign=\"middle\">100 Lm\/W<\/td>\n<\/tr>\n<tr class=\"even\">\n<td valign=\"middle\" width=\"32\"><\/td>\n<td valign=\"middle\">Dimit\u00e1vel:<\/td>\n<td valign=\"middle\">TRIAC<\/td>\n<\/tr>\n<tr class=\"odd\">\n<td valign=\"middle\" width=\"32\"><\/td>\n<td valign=\"middle\">Certificados:<\/td>\n<td valign=\"middle\">CE - ROHS<\/td>\n<\/tr>\n<tr class=\"even\">\n<td valign=\"middle\" width=\"32\"><\/td>\n<td valign=\"middle\">Classifica\u00e7\u00e3o IP:<\/td>\n<td valign=\"middle\">IP65-Outdoor<\/td>\n<\/tr>\n<\/tbody>\n<\/table>\n<\/div>\n<div class=\"col-xs-12 col-md-6 2\">\n<table class=\"table table-data-sheet 2\">\n<tbody>\n<tr class=\"odd\">\n<td valign=\"middle\" width=\"32\"><\/td>\n<td valign=\"middle\">D\u00edodo LED de vida estimada (H):<\/td>\n<td valign=\"middle\">35.000<\/td>\n<\/tr>\n<tr class=\"even\">\n<td valign=\"middle\" width=\"32\"><\/td>\n<td valign=\"middle\">Dimens\u00f5es (mm):<\/td>\n<td valign=\"middle\">\u00d885xH48mm<\/td>\n<\/tr>\n<tr class=\"odd\">\n<td valign=\"middle\" width=\"32\"><\/td>\n<td valign=\"middle\">Factor de pot\u00eancia (PF):<\/td>\n<td valign=\"middle\">0.93<\/td>\n<\/tr>\n<tr class=\"even\">\n<td valign=\"middle\" width=\"32\"><\/td>\n<td valign=\"middle\">Frequ\u00eancia de trabalho (Hz):<\/td>\n<td valign=\"middle\">50\/60Hz<\/td>\n<\/tr>\n<tr class=\"odd\">\n<td valign=\"middle\" width=\"32\"><\/td>\n<td valign=\"middle\">Gama de temperaturas (\u00baC):<\/td>\n<td valign=\"middle\">-10\u00baC ~ +45\u00baC<\/td>\n<\/tr>\n<tr class=\"even\">\n<td valign=\"middle\" width=\"32\"><\/td>\n<td valign=\"middle\">Ciclos de Igni\u00e7\u00e3o:<\/td>\n<td valign=\"middle\">100.000<\/td>\n<\/tr>\n<tr class=\"odd\">\n<td valign=\"middle\" width=\"32\"><\/td>\n<td valign=\"middle\">Tempo de arranque (s):<\/td>\n<td valign=\"middle\">0,2s<\/td>\n<\/tr>\n<tr class=\"even\">\n<td valign=\"middle\" width=\"32\"><\/td>\n<td valign=\"middle\">Corte de tecto (mm):<\/td>\n<td valign=\"middle\">\u00d8 70mm<\/td>\n<\/tr>\n<tr class=\"odd\">\n<td valign=\"middle\" width=\"32\"><\/td>\n<td valign=\"middle\">Protec\u00e7\u00e3o contra impactos (IK):<\/td>\n<td valign=\"middle\">IK05<\/td>\n<\/tr>\n<tr class=\"even\">\n<td valign=\"middle\" width=\"32\"><\/td>\n<td valign=\"middle\">Condutor inclu\u00eddo:<\/td>\n<td valign=\"middle\">SIM<\/td>\n<\/tr>\n<tr class=\"odd\">\n<td valign=\"middle\" width=\"32\"><\/td>\n<td valign=\"middle\">Classe energ\u00e9tica (2021-EU-2019\/2015):<\/td>\n<td valign=\"middle\">A+<\/td>\n<\/tr>\n<tr class=\"even\">\n<td valign=\"middle\" width=\"32\"><\/td>\n<td valign=\"middle\">Classe energ\u00e9tica (2023 - EU-2019\/2015):<\/td>\n<td valign=\"middle\">D<\/td>\n<\/tr>\n<tr class=\"odd\">\n<td valign=\"middle\" width=\"32\"><\/td>\n<td valign=\"middle\">Anos de garantia:<\/td>\n<td valign=\"middle\">3<\/td>\n<\/tr>\n<\/tbody>\n<\/table>\n<\/div>\n<\/div>\n<\/div>","protected":false},"excerpt":{"rendered":"<div class=\"col-md-12\"><i class=\"fa fa-truck\"><\/i>&nbsp;<span class=\"text-muted textprop\">Entrega em 24\/48 horas<\/span><div class=\"col-md-12\"><i class=\"fa fa-exchange\"><\/i>&nbsp;<span class=\"text-muted textprop\">Garantia do segurado<\/span><\/div><div class=\"col-md-12\"><i class=\"fa fa-box\"><\/i>&nbsp;<span class=\"text-muted textprop\">20 unidade(s) por Masterbox<\/span><\/div><\/div>","protected":false},"featured_media":3067,"template":"","meta":{"site-sidebar-layout":"default","site-content-layout":"default","ast-global-header-display":"","ast-main-header-display":"","ast-hfb-above-header-display":"","ast-hfb-below-header-display":"","ast-hfb-mobile-header-display":"","site-post-title":"","ast-breadcrumbs-content":"","ast-featured-img":"","footer-sml-layout":"","theme-transparent-header-meta":"default","adv-header-id-meta":"","stick-header-meta":"","header-above-stick-meta":"","header-main-stick-meta":"","header-below-stick-meta":""},"product_cat":[27,70],"product_tag":[],"class_list":["post-3060","product","type-product","status-publish","has-post-thumbnail","hentry","product_cat-downlight-plafones-y-placas-led","product_cat-focos-downlight-led"],"yoast_head":"<!-- This site is optimized with the Yoast SEO plugin v27.4 - https:\/\/yoast.com\/product\/yoast-seo-wordpress\/ -->\n<title>Empotrable LED 8W - IP65 - Circular Blanco - Dimable - CCT- Especial Ba\u00f1os - Exterior - STARLED Iluminacion<\/title>\n<meta name=\"robots\" content=\"index, follow, max-snippet:-1, max-image-preview:large, max-video-preview:-1\" \/>\n<link rel=\"canonical\" href=\"https:\/\/starlediluminacion.com\/pt\/product\/leds-8w-ip65-circular-branco-branco-regulavel-cct-especial-banheiros-exteriores-2\/\" \/>\n<meta property=\"og:locale\" content=\"pt_PT\" \/>\n<meta property=\"og:type\" content=\"article\" \/>\n<meta property=\"og:title\" content=\"Empotrable LED 8W - IP65 - Circular Blanco - Dimable - CCT- Especial Ba\u00f1os - Exterior - STARLED Iluminacion\" \/>\n<meta property=\"og:description\" content=\"\u00a0Entrega en 24\/48 horas \u00a0Garant\u00eda asegurada \u00a020 unidad(es) por Masterbox\" \/>\n<meta property=\"og:url\" content=\"https:\/\/starlediluminacion.com\/pt\/product\/leds-8w-ip65-circular-branco-branco-regulavel-cct-especial-banheiros-exteriores-2\/\" \/>\n<meta property=\"og:site_name\" content=\"STARLED Iluminacion\" \/>\n<meta property=\"article:modified_time\" content=\"2022-12-18T10:56:32+00:00\" \/>\n<meta property=\"og:image\" content=\"https:\/\/starlediluminacion.com\/wp-content\/uploads\/2022\/08\/empotrable-led-8w-ip65-circular-blanco-dimable-cct-especial-banos-exterior-factorled-8.jpg\" \/>\n\t<meta property=\"og:image:width\" content=\"1000\" \/>\n\t<meta property=\"og:image:height\" content=\"1000\" \/>\n\t<meta property=\"og:image:type\" content=\"image\/jpeg\" \/>\n<meta name=\"twitter:card\" content=\"summary_large_image\" \/>\n<meta name=\"twitter:label1\" content=\"Tempo estimado de leitura\" \/>\n\t<meta name=\"twitter:data1\" content=\"2 minutos\" \/>\n<script type=\"application\/ld+json\" class=\"yoast-schema-graph\">{\"@context\":\"https:\\\/\\\/schema.org\",\"@graph\":[{\"@type\":\"WebPage\",\"@id\":\"https:\\\/\\\/starlediluminacion.com\\\/producto\\\/empotrable-led-8w-ip65-circular-blanco-dimable-cct-especial-banos-exterior-2\\\/\",\"url\":\"https:\\\/\\\/starlediluminacion.com\\\/producto\\\/empotrable-led-8w-ip65-circular-blanco-dimable-cct-especial-banos-exterior-2\\\/\",\"name\":\"Empotrable LED 8W - IP65 - Circular Blanco - Dimable - CCT- Especial Ba\u00f1os - Exterior - STARLED Iluminacion\",\"isPartOf\":{\"@id\":\"https:\\\/\\\/starlediluminacion.com\\\/#website\"},\"primaryImageOfPage\":{\"@id\":\"https:\\\/\\\/starlediluminacion.com\\\/producto\\\/empotrable-led-8w-ip65-circular-blanco-dimable-cct-especial-banos-exterior-2\\\/#primaryimage\"},\"image\":{\"@id\":\"https:\\\/\\\/starlediluminacion.com\\\/producto\\\/empotrable-led-8w-ip65-circular-blanco-dimable-cct-especial-banos-exterior-2\\\/#primaryimage\"},\"thumbnailUrl\":\"https:\\\/\\\/starlediluminacion.com\\\/wp-content\\\/uploads\\\/2022\\\/08\\\/empotrable-led-8w-ip65-circular-blanco-dimable-cct-especial-banos-exterior-factorled-8.jpg\",\"datePublished\":\"2022-08-06T13:01:09+00:00\",\"dateModified\":\"2022-12-18T10:56:32+00:00\",\"breadcrumb\":{\"@id\":\"https:\\\/\\\/starlediluminacion.com\\\/producto\\\/empotrable-led-8w-ip65-circular-blanco-dimable-cct-especial-banos-exterior-2\\\/#breadcrumb\"},\"inLanguage\":\"pt-PT\",\"potentialAction\":[{\"@type\":\"ReadAction\",\"target\":[\"https:\\\/\\\/starlediluminacion.com\\\/producto\\\/empotrable-led-8w-ip65-circular-blanco-dimable-cct-especial-banos-exterior-2\\\/\"]}]},{\"@type\":\"ImageObject\",\"inLanguage\":\"pt-PT\",\"@id\":\"https:\\\/\\\/starlediluminacion.com\\\/producto\\\/empotrable-led-8w-ip65-circular-blanco-dimable-cct-especial-banos-exterior-2\\\/#primaryimage\",\"url\":\"https:\\\/\\\/starlediluminacion.com\\\/wp-content\\\/uploads\\\/2022\\\/08\\\/empotrable-led-8w-ip65-circular-blanco-dimable-cct-especial-banos-exterior-factorled-8.jpg\",\"contentUrl\":\"https:\\\/\\\/starlediluminacion.com\\\/wp-content\\\/uploads\\\/2022\\\/08\\\/empotrable-led-8w-ip65-circular-blanco-dimable-cct-especial-banos-exterior-factorled-8.jpg\",\"width\":1000,\"height\":1000},{\"@type\":\"BreadcrumbList\",\"@id\":\"https:\\\/\\\/starlediluminacion.com\\\/producto\\\/empotrable-led-8w-ip65-circular-blanco-dimable-cct-especial-banos-exterior-2\\\/#breadcrumb\",\"itemListElement\":[{\"@type\":\"ListItem\",\"position\":1,\"name\":\"Portada\",\"item\":\"https:\\\/\\\/starlediluminacion.com\\\/\"},{\"@type\":\"ListItem\",\"position\":2,\"name\":\"Shop\",\"item\":\"https:\\\/\\\/starlediluminacion.com\\\/shop-2\\\/\"},{\"@type\":\"ListItem\",\"position\":3,\"name\":\"Empotrable LED 8W &#8211; IP65 &#8211; Circular Blanco &#8211; Dimable &#8211; CCT- Especial Ba\u00f1os &#8211; Exterior\"}]},{\"@type\":\"WebSite\",\"@id\":\"https:\\\/\\\/starlediluminacion.com\\\/#website\",\"url\":\"https:\\\/\\\/starlediluminacion.com\\\/\",\"name\":\"STARLED Iluminacion\",\"description\":\"\",\"potentialAction\":[{\"@type\":\"SearchAction\",\"target\":{\"@type\":\"EntryPoint\",\"urlTemplate\":\"https:\\\/\\\/starlediluminacion.com\\\/?s={search_term_string}\"},\"query-input\":{\"@type\":\"PropertyValueSpecification\",\"valueRequired\":true,\"valueName\":\"search_term_string\"}}],\"inLanguage\":\"pt-PT\"}]}<\/script>\n<!-- \/ Yoast SEO plugin. -->","yoast_head_json":{"title":"Empotrable LED 8W - IP65 - Circular Blanco - Dimable - CCT- Especial Ba\u00f1os - Exterior - STARLED Iluminacion","robots":{"index":"index","follow":"follow","max-snippet":"max-snippet:-1","max-image-preview":"max-image-preview:large","max-video-preview":"max-video-preview:-1"},"canonical":"https:\/\/starlediluminacion.com\/pt\/product\/leds-8w-ip65-circular-branco-branco-regulavel-cct-especial-banheiros-exteriores-2\/","og_locale":"pt_PT","og_type":"article","og_title":"Empotrable LED 8W - IP65 - Circular Blanco - Dimable - CCT- Especial Ba\u00f1os - Exterior - STARLED Iluminacion","og_description":"\u00a0Entrega en 24\/48 horas \u00a0Garant\u00eda asegurada \u00a020 unidad(es) por Masterbox","og_url":"https:\/\/starlediluminacion.com\/pt\/product\/leds-8w-ip65-circular-branco-branco-regulavel-cct-especial-banheiros-exteriores-2\/","og_site_name":"STARLED Iluminacion","article_modified_time":"2022-12-18T10:56:32+00:00","og_image":[{"width":1000,"height":1000,"url":"https:\/\/starlediluminacion.com\/wp-content\/uploads\/2022\/08\/empotrable-led-8w-ip65-circular-blanco-dimable-cct-especial-banos-exterior-factorled-8.jpg","type":"image\/jpeg"}],"twitter_card":"summary_large_image","twitter_misc":{"Tempo estimado de leitura":"2 minutos"},"schema":{"@context":"https:\/\/schema.org","@graph":[{"@type":"WebPage","@id":"https:\/\/starlediluminacion.com\/producto\/empotrable-led-8w-ip65-circular-blanco-dimable-cct-especial-banos-exterior-2\/","url":"https:\/\/starlediluminacion.com\/producto\/empotrable-led-8w-ip65-circular-blanco-dimable-cct-especial-banos-exterior-2\/","name":"Empotrable LED 8W - IP65 - Circular Blanco - Dimable - CCT- Especial Ba\u00f1os - Exterior - STARLED Iluminacion","isPartOf":{"@id":"https:\/\/starlediluminacion.com\/#website"},"primaryImageOfPage":{"@id":"https:\/\/starlediluminacion.com\/producto\/empotrable-led-8w-ip65-circular-blanco-dimable-cct-especial-banos-exterior-2\/#primaryimage"},"image":{"@id":"https:\/\/starlediluminacion.com\/producto\/empotrable-led-8w-ip65-circular-blanco-dimable-cct-especial-banos-exterior-2\/#primaryimage"},"thumbnailUrl":"https:\/\/starlediluminacion.com\/wp-content\/uploads\/2022\/08\/empotrable-led-8w-ip65-circular-blanco-dimable-cct-especial-banos-exterior-factorled-8.jpg","datePublished":"2022-08-06T13:01:09+00:00","dateModified":"2022-12-18T10:56:32+00:00","breadcrumb":{"@id":"https:\/\/starlediluminacion.com\/producto\/empotrable-led-8w-ip65-circular-blanco-dimable-cct-especial-banos-exterior-2\/#breadcrumb"},"inLanguage":"pt-PT","potentialAction":[{"@type":"ReadAction","target":["https:\/\/starlediluminacion.com\/producto\/empotrable-led-8w-ip65-circular-blanco-dimable-cct-especial-banos-exterior-2\/"]}]},{"@type":"ImageObject","inLanguage":"pt-PT","@id":"https:\/\/starlediluminacion.com\/producto\/empotrable-led-8w-ip65-circular-blanco-dimable-cct-especial-banos-exterior-2\/#primaryimage","url":"https:\/\/starlediluminacion.com\/wp-content\/uploads\/2022\/08\/empotrable-led-8w-ip65-circular-blanco-dimable-cct-especial-banos-exterior-factorled-8.jpg","contentUrl":"https:\/\/starlediluminacion.com\/wp-content\/uploads\/2022\/08\/empotrable-led-8w-ip65-circular-blanco-dimable-cct-especial-banos-exterior-factorled-8.jpg","width":1000,"height":1000},{"@type":"BreadcrumbList","@id":"https:\/\/starlediluminacion.com\/producto\/empotrable-led-8w-ip65-circular-blanco-dimable-cct-especial-banos-exterior-2\/#breadcrumb","itemListElement":[{"@type":"ListItem","position":1,"name":"Portada","item":"https:\/\/starlediluminacion.com\/"},{"@type":"ListItem","position":2,"name":"Shop","item":"https:\/\/starlediluminacion.com\/shop-2\/"},{"@type":"ListItem","position":3,"name":"Empotrable LED 8W &#8211; IP65 &#8211; Circular Blanco &#8211; Dimable &#8211; CCT- Especial Ba\u00f1os &#8211; Exterior"}]},{"@type":"WebSite","@id":"https:\/\/starlediluminacion.com\/#website","url":"https:\/\/starlediluminacion.com\/","name":"STARLED Iluminacion","description":"","potentialAction":[{"@type":"SearchAction","target":{"@type":"EntryPoint","urlTemplate":"https:\/\/starlediluminacion.com\/?s={search_term_string}"},"query-input":{"@type":"PropertyValueSpecification","valueRequired":true,"valueName":"search_term_string"}}],"inLanguage":"pt-PT"}]}},"_links":{"self":[{"href":"https:\/\/starlediluminacion.com\/pt\/wp-json\/wp\/v3\/product\/3060","targetHints":{"allow":["GET"]}}],"collection":[{"href":"https:\/\/starlediluminacion.com\/pt\/wp-json\/wp\/v3\/product"}],"about":[{"href":"https:\/\/starlediluminacion.com\/pt\/wp-json\/wp\/v2\/types\/product"}],"wp:featuredmedia":[{"embeddable":true,"href":"https:\/\/starlediluminacion.com\/pt\/wp-json\/wp\/v2\/media\/3067"}],"wp:attachment":[{"href":"https:\/\/starlediluminacion.com\/pt\/wp-json\/wp\/v2\/media?parent=3060"}],"wp:term":[{"taxonomy":"product_cat","embeddable":true,"href":"https:\/\/starlediluminacion.com\/pt\/wp-json\/wp\/v2\/product_cat?post=3060"},{"taxonomy":"product_tag","embeddable":true,"href":"https:\/\/starlediluminacion.com\/pt\/wp-json\/wp\/v2\/product_tag?post=3060"}],"curies":[{"name":"wp","href":"https:\/\/api.w.org\/{rel}","templated":true}]}}