{"id":3042,"date":"2022-08-06T12:47:31","date_gmt":"2022-08-06T12:47:31","guid":{"rendered":"https:\/\/starlediluminacion.com\/?post_type=product&#038;p=3042"},"modified":"2022-11-23T09:34:58","modified_gmt":"2022-11-23T09:34:58","slug":"downlight-led-12w-8w-5w-circular-osram-chip-duris-e-2835-cct-ugr17","status":"publish","type":"product","link":"https:\/\/starlediluminacion.com\/pt\/product\/downlight-led-12w-8w-5w-circular-osram-chip-duris-e-2835-cct-ugr17\/","title":{"rendered":"<p>Downlight LED 12W - Circular 8W- 5W - OSRAM CHIP DURIS E 2835 - CCT - UGR17<\/p>"},"content":{"rendered":"<div class=\"product-info-line\">\n<p id=\"product_reference\"><label>REFER\u00caNCIA: SL<span style=\"font-size: 16px;\">90777<\/span><\/label><\/p>\n<div class=\"hidden-xs parrafo\">\n<p><strong>COR SELECCION\u00c1VEL:<\/strong>&nbsp;O nosso&nbsp;<strong>Downlight<\/strong>&nbsp;<strong>OSRAM&nbsp;<\/strong>DURIS E 2835 CHIP&nbsp;<strong>LED circular de encastrar<\/strong>&nbsp;a partir de&nbsp;<strong>12W<\/strong>&nbsp;tem um selector de temperatura de cor, com uma escolha de branco frio, branco neutro e branco quente. O \u00e2ngulo de abertura da lumin\u00e1ria \u00e9 de 120\u00ba. Pot\u00eancia ajust\u00e1vel no selector do condutor. 5w-8w-12w<\/p>\n<\/div>\n<div id=\"views_block-1\" class=\"clearfix\">\n<div id=\"thumbs_list\">\n<h1>Downlight LED 12W Circular - OSRAM CHIP DURIS E 2835 - CCT - UGR17<\/h1>\n<p>O nosso&nbsp;<strong>Downlight<\/strong>&nbsp;com o poder de&nbsp;<strong>12W<\/strong>&nbsp;caracteriza-se pelo seu simples funcionamento, conseguindo uma ilumina\u00e7\u00e3o precisa e personalizada em qualquer espa\u00e7o interior. Com este tipo de&nbsp;<strong>Lumin\u00e1ria LED<\/strong>&nbsp;pode obter uma luz feita \u00e0 medida para qualquer tipo de neg\u00f3cio.<\/p>\n<p>Al\u00e9m disso, com a sua elevada UGR, n\u00e3o ter\u00e1 quaisquer problemas com o brilho, uma vez que apresenta um&nbsp;<strong>UGR17.<\/strong><\/p>\n<p>Gra\u00e7as ao seu sistema de selec\u00e7\u00e3o de cores, pode adapt\u00e1-lo \u00e0s necessidades do seu neg\u00f3cio ou da sua casa, escolhendo a cor desejada para cada divis\u00e3o ou sal\u00e3o.<\/p>\n<p>A fonte de luz de alta efici\u00eancia com&nbsp;<strong>SMD2835 OSRAM CHIP&nbsp;<\/strong>proporciona elevada lumin\u00e2ncia e substituir\u00e1 perfeitamente os projectores tradicionais por uma poupan\u00e7a superior \u00e0 do 80%.<\/p>\n<p>Com o seu design fino e funcional, a instala\u00e7\u00e3o \u00e9 muito mais f\u00e1cil.<\/p>\n<p>O seu elevado \u00edndice de restitui\u00e7\u00e3o de cor de mais de 85 assegura a reprodu\u00e7\u00e3o natural da cor.<\/p>\n<h2>Usos da Circular LED Downlight 120W - OSRAM CHIP DURIS E 2835 - CCT - UGR17<\/h2>\n<ul>\n<li>&nbsp;Lojas<\/li>\n<li>&nbsp;Restaurantes<\/li>\n<li>&nbsp;Museus<\/li>\n<li>&nbsp;Arcadas de compras<\/li>\n<li>&nbsp;Centros comerciais<\/li>\n<li>&nbsp;Escrit\u00f3rios<\/li>\n<li>&nbsp;Corredores<\/li>\n<li>&nbsp;Vitrina<\/li>\n<\/ul>\n<h3 class=\"page-product-heading\">DADOS T\u00c9CNICOS<\/h3>\n<div class=\"col-xs-12 col-md-6\">\n<table class=\"table table-data-sheet 1\">\n<tbody>\n<tr class=\"odd\">\n<td valign=\"middle\" width=\"32\"><\/td>\n<td valign=\"middle\">REFER\u00caNCIA :<\/td>\n<td valign=\"middle\">SL90777<\/td>\n<\/tr>\n<tr class=\"even\">\n<td valign=\"middle\" width=\"32\"><\/td>\n<td valign=\"middle\">Pot\u00eancia nominal :<\/td>\n<td valign=\"middle\">12W-8W-5W<\/td>\n<\/tr>\n<tr class=\"odd\">\n<td valign=\"middle\" width=\"32\"><\/td>\n<td valign=\"middle\">Tens\u00e3o Nominal:<\/td>\n<td valign=\"middle\">85V-265V<\/td>\n<\/tr>\n<tr class=\"even\">\n<td valign=\"middle\" width=\"32\"><\/td>\n<td valign=\"middle\">Temperatura ligeira:<\/td>\n<td valign=\"middle\">COR SELECCION\u00c1VEL: 3000K-4000K-6000K<\/td>\n<\/tr>\n<tr class=\"odd\">\n<td valign=\"middle\" width=\"32\"><\/td>\n<td valign=\"middle\">CRI - Colour Rendering Index:<\/td>\n<td valign=\"middle\">82<\/td>\n<\/tr>\n<tr class=\"even\">\n<td valign=\"middle\" width=\"32\"><\/td>\n<td valign=\"middle\">Material de constru\u00e7\u00e3o:<\/td>\n<td valign=\"middle\">Alum\u00ednio +PC<\/td>\n<\/tr>\n<tr class=\"odd\">\n<td valign=\"middle\" width=\"32\"><\/td>\n<td valign=\"middle\">Luminosidade-Lm:<\/td>\n<td valign=\"middle\">1440<\/td>\n<\/tr>\n<tr class=\"even\">\n<td valign=\"middle\" width=\"32\"><\/td>\n<td valign=\"middle\">Tipo de LEDs:<\/td>\n<td valign=\"middle\">SMD 2835 OSRAM CHIP<\/td>\n<\/tr>\n<tr class=\"odd\">\n<td valign=\"middle\" width=\"32\"><\/td>\n<td valign=\"middle\">\u00c2ngulo de abertura (\u00ba):<\/td>\n<td valign=\"middle\">120\u00ba<\/td>\n<\/tr>\n<tr class=\"even\">\n<td valign=\"middle\" width=\"32\"><\/td>\n<td valign=\"middle\">Efici\u00eancia dos d\u00edodos LED (Lm\/W):<\/td>\n<td valign=\"middle\">140 Lm\/W<\/td>\n<\/tr>\n<tr class=\"odd\">\n<td valign=\"middle\" width=\"32\"><\/td>\n<td valign=\"middle\">Efic\u00e1cia luminosa (Lm\/W):<\/td>\n<td valign=\"middle\">120 Lm\/W<\/td>\n<\/tr>\n<tr class=\"even\">\n<td valign=\"middle\" width=\"32\"><\/td>\n<td valign=\"middle\">Certificados:<\/td>\n<td valign=\"middle\">CE - ROHS<\/td>\n<\/tr>\n<\/tbody>\n<\/table>\n<\/div>\n<div class=\"col-xs-12 col-md-6 2\">\n<table class=\"table table-data-sheet 2\">\n<tbody>\n<tr class=\"odd\">\n<td valign=\"middle\" width=\"32\"><\/td>\n<td valign=\"middle\">Classifica\u00e7\u00e3o IP:<\/td>\n<td valign=\"middle\">IP44<\/td>\n<\/tr>\n<tr class=\"even\">\n<td valign=\"middle\" width=\"32\"><\/td>\n<td valign=\"middle\">D\u00edodo LED de vida estimada (H):<\/td>\n<td valign=\"middle\">40.000<\/td>\n<\/tr>\n<tr class=\"odd\">\n<td valign=\"middle\" width=\"32\"><\/td>\n<td valign=\"middle\">Dimens\u00f5es (mm):<\/td>\n<td valign=\"middle\">\u00d890mm * H36mm<\/td>\n<\/tr>\n<tr class=\"even\">\n<td valign=\"middle\" width=\"32\"><\/td>\n<td valign=\"middle\">Frequ\u00eancia de trabalho (Hz):<\/td>\n<td valign=\"middle\">50\/60Hz<\/td>\n<\/tr>\n<tr class=\"odd\">\n<td valign=\"middle\" width=\"32\"><\/td>\n<td valign=\"middle\">Gama de temperaturas (\u00baC):<\/td>\n<td valign=\"middle\">-20\u00b0C ~ +55\u00b0C<\/td>\n<\/tr>\n<tr class=\"even\">\n<td valign=\"middle\" width=\"32\"><\/td>\n<td valign=\"middle\">Ciclos de Igni\u00e7\u00e3o:<\/td>\n<td valign=\"middle\">100.000<\/td>\n<\/tr>\n<tr class=\"odd\">\n<td valign=\"middle\" width=\"32\"><\/td>\n<td valign=\"middle\">Tempo de arranque (s):<\/td>\n<td valign=\"middle\">0,2s<\/td>\n<\/tr>\n<tr class=\"even\">\n<td valign=\"middle\" width=\"32\"><\/td>\n<td valign=\"middle\">Corte de tecto (mm):<\/td>\n<td valign=\"middle\">\u00d872mm<\/td>\n<\/tr>\n<tr class=\"odd\">\n<td valign=\"middle\" width=\"32\"><\/td>\n<td valign=\"middle\">\u00cdndice de luminosidade (UGR):<\/td>\n<td valign=\"middle\">17<\/td>\n<\/tr>\n<tr class=\"even\">\n<td valign=\"middle\" width=\"32\"><\/td>\n<td valign=\"middle\">Condutor inclu\u00eddo:<\/td>\n<td valign=\"middle\">Motorista GXTronic<\/td>\n<\/tr>\n<tr class=\"odd\">\n<td valign=\"middle\" width=\"32\"><\/td>\n<td valign=\"middle\">Classe energ\u00e9tica (2021-EU-2019\/2015):<\/td>\n<td valign=\"middle\">A+<\/td>\n<\/tr>\n<tr class=\"even\">\n<td valign=\"middle\" width=\"32\"><\/td>\n<td valign=\"middle\">Anos de garantia:<\/td>\n<td valign=\"middle\">3<\/td>\n<\/tr>\n<\/tbody>\n<\/table>\n<p>&nbsp;<\/p>\n<\/div>\n<\/div>\n<\/div>\n<\/div>","protected":false},"excerpt":{"rendered":"<div class=\"col-md-12\"><i class=\"fa fa-truck\"><\/i>&nbsp;<span class=\"text-muted textprop\">Entrega em 24\/48 horas<\/span><div class=\"col-md-12\"><i class=\"fa fa-exchange\"><\/i>&nbsp;<span class=\"text-muted textprop\">Garantia do segurado<\/span><\/div><div class=\"col-md-12\"><i class=\"fa fa-box\"><\/i>&nbsp;<span class=\"text-muted textprop\">30 unidade(s) por Masterbox<\/span><\/div><div><\/div><\/div>","protected":false},"featured_media":3050,"template":"","meta":{"site-sidebar-layout":"default","site-content-layout":"default","ast-global-header-display":"","ast-main-header-display":"","ast-hfb-above-header-display":"","ast-hfb-below-header-display":"","ast-hfb-mobile-header-display":"","site-post-title":"","ast-breadcrumbs-content":"","ast-featured-img":"","footer-sml-layout":"","theme-transparent-header-meta":"default","adv-header-id-meta":"","stick-header-meta":"","header-above-stick-meta":"","header-main-stick-meta":"","header-below-stick-meta":""},"product_cat":[27,70],"product_tag":[],"class_list":["post-3042","product","type-product","status-publish","has-post-thumbnail","hentry","product_cat-downlight-plafones-y-placas-led","product_cat-focos-downlight-led"],"yoast_head":"<!-- This site is optimized with the Yoast SEO plugin v27.4 - https:\/\/yoast.com\/product\/yoast-seo-wordpress\/ -->\n<title>Downlight LED 12W - 8W- 5W Circular - OSRAM CHIP DURIS E 2835 - CCT - UGR17 - STARLED Iluminacion<\/title>\n<meta name=\"robots\" content=\"index, follow, max-snippet:-1, max-image-preview:large, max-video-preview:-1\" \/>\n<link rel=\"canonical\" href=\"https:\/\/starlediluminacion.com\/pt\/product\/downlight-led-12w-8w-5w-circular-osram-chip-duris-e-2835-cct-ugr17\/\" \/>\n<meta property=\"og:locale\" content=\"pt_PT\" \/>\n<meta property=\"og:type\" content=\"article\" \/>\n<meta property=\"og:title\" content=\"Downlight LED 12W - 8W- 5W Circular - OSRAM CHIP DURIS E 2835 - CCT - UGR17 - STARLED Iluminacion\" \/>\n<meta property=\"og:description\" content=\"\u00a0Entrega en 24\/48 horas \u00a0Garant\u00eda asegurada \u00a030 unidad(es) por Masterbox\" \/>\n<meta property=\"og:url\" content=\"https:\/\/starlediluminacion.com\/pt\/product\/downlight-led-12w-8w-5w-circular-osram-chip-duris-e-2835-cct-ugr17\/\" \/>\n<meta property=\"og:site_name\" content=\"STARLED Iluminacion\" \/>\n<meta property=\"article:modified_time\" content=\"2022-11-23T09:34:58+00:00\" \/>\n<meta property=\"og:image\" content=\"https:\/\/starlediluminacion.com\/wp-content\/uploads\/2022\/08\/downlight-led-10w-circular-osram-chip-cct-ugr17-factorled.jpg\" \/>\n\t<meta property=\"og:image:width\" content=\"1000\" \/>\n\t<meta property=\"og:image:height\" content=\"1000\" \/>\n\t<meta property=\"og:image:type\" content=\"image\/jpeg\" \/>\n<meta name=\"twitter:card\" content=\"summary_large_image\" \/>\n<meta name=\"twitter:label1\" content=\"Tempo estimado de leitura\" \/>\n\t<meta name=\"twitter:data1\" content=\"2 minutos\" \/>\n<script type=\"application\/ld+json\" class=\"yoast-schema-graph\">{\"@context\":\"https:\\\/\\\/schema.org\",\"@graph\":[{\"@type\":\"WebPage\",\"@id\":\"https:\\\/\\\/starlediluminacion.com\\\/en\\\/product\\\/downlight-led-12w-8w-5w-circular-osram-chip-duris-e-2835-cct-ugr17\\\/\",\"url\":\"https:\\\/\\\/starlediluminacion.com\\\/en\\\/product\\\/downlight-led-12w-8w-5w-circular-osram-chip-duris-e-2835-cct-ugr17\\\/\",\"name\":\"Downlight LED 12W - 8W- 5W Circular - OSRAM CHIP DURIS E 2835 - CCT - UGR17 - STARLED Iluminacion\",\"isPartOf\":{\"@id\":\"https:\\\/\\\/starlediluminacion.com\\\/#website\"},\"primaryImageOfPage\":{\"@id\":\"https:\\\/\\\/starlediluminacion.com\\\/en\\\/product\\\/downlight-led-12w-8w-5w-circular-osram-chip-duris-e-2835-cct-ugr17\\\/#primaryimage\"},\"image\":{\"@id\":\"https:\\\/\\\/starlediluminacion.com\\\/en\\\/product\\\/downlight-led-12w-8w-5w-circular-osram-chip-duris-e-2835-cct-ugr17\\\/#primaryimage\"},\"thumbnailUrl\":\"https:\\\/\\\/starlediluminacion.com\\\/wp-content\\\/uploads\\\/2022\\\/08\\\/downlight-led-10w-circular-osram-chip-cct-ugr17-factorled.jpg\",\"datePublished\":\"2022-08-06T12:47:31+00:00\",\"dateModified\":\"2022-11-23T09:34:58+00:00\",\"breadcrumb\":{\"@id\":\"https:\\\/\\\/starlediluminacion.com\\\/en\\\/product\\\/downlight-led-12w-8w-5w-circular-osram-chip-duris-e-2835-cct-ugr17\\\/#breadcrumb\"},\"inLanguage\":\"pt-PT\",\"potentialAction\":[{\"@type\":\"ReadAction\",\"target\":[\"https:\\\/\\\/starlediluminacion.com\\\/en\\\/product\\\/downlight-led-12w-8w-5w-circular-osram-chip-duris-e-2835-cct-ugr17\\\/\"]}]},{\"@type\":\"ImageObject\",\"inLanguage\":\"pt-PT\",\"@id\":\"https:\\\/\\\/starlediluminacion.com\\\/en\\\/product\\\/downlight-led-12w-8w-5w-circular-osram-chip-duris-e-2835-cct-ugr17\\\/#primaryimage\",\"url\":\"https:\\\/\\\/starlediluminacion.com\\\/wp-content\\\/uploads\\\/2022\\\/08\\\/downlight-led-10w-circular-osram-chip-cct-ugr17-factorled.jpg\",\"contentUrl\":\"https:\\\/\\\/starlediluminacion.com\\\/wp-content\\\/uploads\\\/2022\\\/08\\\/downlight-led-10w-circular-osram-chip-cct-ugr17-factorled.jpg\",\"width\":1000,\"height\":1000},{\"@type\":\"BreadcrumbList\",\"@id\":\"https:\\\/\\\/starlediluminacion.com\\\/en\\\/product\\\/downlight-led-12w-8w-5w-circular-osram-chip-duris-e-2835-cct-ugr17\\\/#breadcrumb\",\"itemListElement\":[{\"@type\":\"ListItem\",\"position\":1,\"name\":\"Portada\",\"item\":\"https:\\\/\\\/starlediluminacion.com\\\/\"},{\"@type\":\"ListItem\",\"position\":2,\"name\":\"Shop\",\"item\":\"https:\\\/\\\/starlediluminacion.com\\\/shop-2\\\/\"},{\"@type\":\"ListItem\",\"position\":3,\"name\":\"Downlight LED 12W &#8211; 8W- 5W Circular &#8211; OSRAM CHIP DURIS E 2835 &#8211; CCT &#8211; UGR17\"}]},{\"@type\":\"WebSite\",\"@id\":\"https:\\\/\\\/starlediluminacion.com\\\/#website\",\"url\":\"https:\\\/\\\/starlediluminacion.com\\\/\",\"name\":\"STARLED Iluminacion\",\"description\":\"\",\"potentialAction\":[{\"@type\":\"SearchAction\",\"target\":{\"@type\":\"EntryPoint\",\"urlTemplate\":\"https:\\\/\\\/starlediluminacion.com\\\/?s={search_term_string}\"},\"query-input\":{\"@type\":\"PropertyValueSpecification\",\"valueRequired\":true,\"valueName\":\"search_term_string\"}}],\"inLanguage\":\"pt-PT\"}]}<\/script>\n<!-- \/ Yoast SEO plugin. -->","yoast_head_json":{"title":"Downlight LED 12W - 8W- 5W Circular - OSRAM CHIP DURIS E 2835 - CCT - UGR17 - STARLED Iluminacion","robots":{"index":"index","follow":"follow","max-snippet":"max-snippet:-1","max-image-preview":"max-image-preview:large","max-video-preview":"max-video-preview:-1"},"canonical":"https:\/\/starlediluminacion.com\/pt\/product\/downlight-led-12w-8w-5w-circular-osram-chip-duris-e-2835-cct-ugr17\/","og_locale":"pt_PT","og_type":"article","og_title":"Downlight LED 12W - 8W- 5W Circular - OSRAM CHIP DURIS E 2835 - CCT - UGR17 - STARLED Iluminacion","og_description":"\u00a0Entrega en 24\/48 horas \u00a0Garant\u00eda asegurada \u00a030 unidad(es) por Masterbox","og_url":"https:\/\/starlediluminacion.com\/pt\/product\/downlight-led-12w-8w-5w-circular-osram-chip-duris-e-2835-cct-ugr17\/","og_site_name":"STARLED Iluminacion","article_modified_time":"2022-11-23T09:34:58+00:00","og_image":[{"width":1000,"height":1000,"url":"https:\/\/starlediluminacion.com\/wp-content\/uploads\/2022\/08\/downlight-led-10w-circular-osram-chip-cct-ugr17-factorled.jpg","type":"image\/jpeg"}],"twitter_card":"summary_large_image","twitter_misc":{"Tempo estimado de leitura":"2 minutos"},"schema":{"@context":"https:\/\/schema.org","@graph":[{"@type":"WebPage","@id":"https:\/\/starlediluminacion.com\/en\/product\/downlight-led-12w-8w-5w-circular-osram-chip-duris-e-2835-cct-ugr17\/","url":"https:\/\/starlediluminacion.com\/en\/product\/downlight-led-12w-8w-5w-circular-osram-chip-duris-e-2835-cct-ugr17\/","name":"Downlight LED 12W - 8W- 5W Circular - OSRAM CHIP DURIS E 2835 - CCT - UGR17 - STARLED Iluminacion","isPartOf":{"@id":"https:\/\/starlediluminacion.com\/#website"},"primaryImageOfPage":{"@id":"https:\/\/starlediluminacion.com\/en\/product\/downlight-led-12w-8w-5w-circular-osram-chip-duris-e-2835-cct-ugr17\/#primaryimage"},"image":{"@id":"https:\/\/starlediluminacion.com\/en\/product\/downlight-led-12w-8w-5w-circular-osram-chip-duris-e-2835-cct-ugr17\/#primaryimage"},"thumbnailUrl":"https:\/\/starlediluminacion.com\/wp-content\/uploads\/2022\/08\/downlight-led-10w-circular-osram-chip-cct-ugr17-factorled.jpg","datePublished":"2022-08-06T12:47:31+00:00","dateModified":"2022-11-23T09:34:58+00:00","breadcrumb":{"@id":"https:\/\/starlediluminacion.com\/en\/product\/downlight-led-12w-8w-5w-circular-osram-chip-duris-e-2835-cct-ugr17\/#breadcrumb"},"inLanguage":"pt-PT","potentialAction":[{"@type":"ReadAction","target":["https:\/\/starlediluminacion.com\/en\/product\/downlight-led-12w-8w-5w-circular-osram-chip-duris-e-2835-cct-ugr17\/"]}]},{"@type":"ImageObject","inLanguage":"pt-PT","@id":"https:\/\/starlediluminacion.com\/en\/product\/downlight-led-12w-8w-5w-circular-osram-chip-duris-e-2835-cct-ugr17\/#primaryimage","url":"https:\/\/starlediluminacion.com\/wp-content\/uploads\/2022\/08\/downlight-led-10w-circular-osram-chip-cct-ugr17-factorled.jpg","contentUrl":"https:\/\/starlediluminacion.com\/wp-content\/uploads\/2022\/08\/downlight-led-10w-circular-osram-chip-cct-ugr17-factorled.jpg","width":1000,"height":1000},{"@type":"BreadcrumbList","@id":"https:\/\/starlediluminacion.com\/en\/product\/downlight-led-12w-8w-5w-circular-osram-chip-duris-e-2835-cct-ugr17\/#breadcrumb","itemListElement":[{"@type":"ListItem","position":1,"name":"Portada","item":"https:\/\/starlediluminacion.com\/"},{"@type":"ListItem","position":2,"name":"Shop","item":"https:\/\/starlediluminacion.com\/shop-2\/"},{"@type":"ListItem","position":3,"name":"Downlight LED 12W &#8211; 8W- 5W Circular &#8211; OSRAM CHIP DURIS E 2835 &#8211; CCT &#8211; UGR17"}]},{"@type":"WebSite","@id":"https:\/\/starlediluminacion.com\/#website","url":"https:\/\/starlediluminacion.com\/","name":"STARLED Iluminacion","description":"","potentialAction":[{"@type":"SearchAction","target":{"@type":"EntryPoint","urlTemplate":"https:\/\/starlediluminacion.com\/?s={search_term_string}"},"query-input":{"@type":"PropertyValueSpecification","valueRequired":true,"valueName":"search_term_string"}}],"inLanguage":"pt-PT"}]}},"_links":{"self":[{"href":"https:\/\/starlediluminacion.com\/pt\/wp-json\/wp\/v3\/product\/3042","targetHints":{"allow":["GET"]}}],"collection":[{"href":"https:\/\/starlediluminacion.com\/pt\/wp-json\/wp\/v3\/product"}],"about":[{"href":"https:\/\/starlediluminacion.com\/pt\/wp-json\/wp\/v2\/types\/product"}],"wp:featuredmedia":[{"embeddable":true,"href":"https:\/\/starlediluminacion.com\/pt\/wp-json\/wp\/v2\/media\/3050"}],"wp:attachment":[{"href":"https:\/\/starlediluminacion.com\/pt\/wp-json\/wp\/v2\/media?parent=3042"}],"wp:term":[{"taxonomy":"product_cat","embeddable":true,"href":"https:\/\/starlediluminacion.com\/pt\/wp-json\/wp\/v2\/product_cat?post=3042"},{"taxonomy":"product_tag","embeddable":true,"href":"https:\/\/starlediluminacion.com\/pt\/wp-json\/wp\/v2\/product_tag?post=3042"}],"curies":[{"name":"wp","href":"https:\/\/api.w.org\/{rel}","templated":true}]}}