{"id":2864,"date":"2022-08-06T10:56:03","date_gmt":"2022-08-06T10:56:03","guid":{"rendered":"https:\/\/starlediluminacion.com\/?post_type=product&#038;p=2864"},"modified":"2022-10-23T08:48:25","modified_gmt":"2022-10-23T08:48:25","slug":"plafon-led-36w-oulu-dimable-cct-mando-control","status":"publish","type":"product","link":"https:\/\/starlediluminacion.com\/pt\/product\/plafon-led-36w-oulu-dimable-cct-mando-control\/","title":{"rendered":"<p>Plaf&oacute;n LED 36W OULU &ndash; Dimable &ndash; CCT + Mando Control<\/p>"},"content":{"rendered":"<div class=\"product-info-line\">\n<p id=\"product_reference\"><label>REFER\u00caNCIA: SL9<span style=\"font-size: 16px;\">0448<\/span><\/label><\/p>\n<p><strong>Teto<\/strong>&nbsp;<strong>36W&nbsp;OULU&nbsp;<\/strong>a partir de&nbsp;<strong>Superf\u00edcie LED<\/strong>&nbsp;<strong>ajust\u00e1vel<\/strong>A luz espalha-se uniformemente pelo espa\u00e7o. A lumin\u00e1ria tem todas as temperaturas de luz no mesmo foco (luz quente, natural e fria), para que possa seleccion\u00e1-la de acordo com as suas necessidades.<\/p>\n<p>O nosso&nbsp;<strong>Candeeiro de teto CCT de 36w<\/strong>&nbsp;vem com um&nbsp;<strong>controlo remoto com controlo remoto<\/strong>&nbsp;com uma frequ\u00eancia de&nbsp;<strong>2.4G&nbsp;<\/strong>com o qual pode mudar a cor sempre que quiser.<\/p>\n<h1>Plaf&oacute;n LED Superficie &ndash;&nbsp; Dimable36W OULU &ndash; CCT (Color seleccionable) + Mando Control.<\/h1>\n<p>O nosso&nbsp;<strong>Teto<\/strong>&nbsp;<strong>Circular LAHTI<\/strong>&nbsp;<strong>regul\u00e1vel<\/strong>&nbsp;destaca-se pelo seu aspeto elegante e moderno. Tem uma pot\u00eancia de&nbsp;<strong>36W,&nbsp;<\/strong>\u00e9 um produto especialmente adequado para se destacar em qualquer espa\u00e7o gra\u00e7as ao seu design elegante. Com o seu controlo remoto, pode escolher a temperatura de cor da sua prefer\u00eancia.&nbsp;<strong>(3000k - 4000k - 6000k)<\/strong>&nbsp;no momento da sua escolha.<\/p>\n<p>Reproduz ambientes ideais com uma ilumina\u00e7\u00e3o de alto brilho, de fria a quente.<\/p>\n<p>Com este&nbsp;<strong>L\u00e2mpada<\/strong>&nbsp;<strong>teto<\/strong>&nbsp;pode reduzir a poupan\u00e7a de energia at\u00e9 80%. \u00c9 considerado um produto n\u00e3o poluente, uma vez que possui uma classe energ\u00e9tica de&nbsp;<strong>A+.<\/strong><\/p>\n<p>A luz \u00e9 distribu\u00edda uniformemente por toda a \u00e1rea devido ao inv\u00f3lucro opalino e ao \u00e2ngulo do feixe de luz.&nbsp;<strong>120\u00ba<\/strong>. Gra\u00e7as ao seu design vanguardista e selecionado, pode criar atmosferas sofisticadas e uma ilumina\u00e7\u00e3o not\u00e1vel.<\/p>\n<h2>Instala\u00e7\u00e3o do Spotlight e configura\u00e7\u00e3o do controlo remoto:<\/h2>\n<ol>\n<li>Desligar o sistema el\u00e9trico<\/li>\n<li>Abrir o painel com uma tor\u00e7\u00e3o da tampa<\/li>\n<li>Junte os fios do projetor aos do sistema el\u00e9trico.<\/li>\n<li>Instalar o projetor no teto ou na parede com as ferramentas necess\u00e1rias.<\/li>\n<li>Liga\u00e7\u00e3o do sistema el\u00e9trico<\/li>\n<li>Ligar\/desligar a partir do interrutor 3 vezes<\/li>\n<li>Prima e mantenha premido o bot\u00e3o \"SETUP\" do telecomando e est\u00e1 configurado.<\/li>\n<\/ol>\n<p><strong>F\u00e1cil de instalar<\/strong>&nbsp;e com qualidade garantida. Atualmente, a instala\u00e7\u00e3o e o manuseamento do produto s\u00e3o mais confort\u00e1veis, facilitando a adapta\u00e7\u00e3o do produto \u00e0&nbsp;<strong>superf\u00edcies<\/strong>&nbsp;mais exactos e em menos tempo.<\/p>\n<p>&nbsp;<\/p>\n<h2>Usos del&nbsp;Plaf&oacute;n LED Superficie &ndash; 36W OULU &ndash; Dimmable &ndash; CCT + Mando Control<\/h2>\n<p>As suas aplica\u00e7\u00f5es podem ser muito variadas, mas para destacar algumas delas, seriam as&nbsp;<strong>ilumina\u00e7\u00e3o<\/strong>&nbsp;para:<\/p>\n<ul>\n<li>Empresas e escrit\u00f3rios<\/li>\n<li>Casas de banho e cozinhas<\/li>\n<li>Corredores, terra\u00e7os<\/li>\n<li>Varandas ou caves<\/li>\n<li>Abrange<\/li>\n<\/ul>\n<h3 class=\"page-product-heading\">DADOS T\u00c9CNICOS<\/h3>\n<div class=\"col-xs-12 col-md-6\">\n<table class=\"table table-data-sheet 1\">\n<tbody>\n<tr class=\"odd\">\n<td valign=\"middle\" width=\"32\"><\/td>\n<td valign=\"middle\"><\/td>\n<td valign=\"middle\">SL90448<\/td>\n<\/tr>\n<tr class=\"even\">\n<td valign=\"middle\" width=\"32\"><\/td>\n<td valign=\"middle\">Pot\u00eancia nominal :<\/td>\n<td valign=\"middle\">36w<\/td>\n<\/tr>\n<tr class=\"odd\">\n<td valign=\"middle\" width=\"32\"><\/td>\n<td valign=\"middle\">Tens\u00e3o Nominal:<\/td>\n<td valign=\"middle\">175-265V<\/td>\n<\/tr>\n<tr class=\"even\">\n<td valign=\"middle\" width=\"32\"><\/td>\n<td valign=\"middle\">Temperatura ligeira:<\/td>\n<td valign=\"middle\">COR SELECCION\u00c1VEL: 3000K-4000K-6000K<\/td>\n<\/tr>\n<tr class=\"odd\">\n<td valign=\"middle\" width=\"32\"><\/td>\n<td valign=\"middle\">CRI - Colour Rendering Index:<\/td>\n<td valign=\"middle\">80<\/td>\n<\/tr>\n<tr class=\"even\">\n<td valign=\"middle\" width=\"32\"><\/td>\n<td valign=\"middle\">Material de constru\u00e7\u00e3o:<\/td>\n<td valign=\"middle\">Alum\u00ednio +PC<\/td>\n<\/tr>\n<tr class=\"odd\">\n<td valign=\"middle\" width=\"32\"><\/td>\n<td valign=\"middle\">Luminosidade-Lm:<\/td>\n<td valign=\"middle\">5040Lm<\/td>\n<\/tr>\n<tr class=\"even\">\n<td valign=\"middle\" width=\"32\"><\/td>\n<td valign=\"middle\">\u00c2ngulo de abertura (\u00ba):<\/td>\n<td valign=\"middle\">120\u00ba<\/td>\n<\/tr>\n<tr class=\"odd\">\n<td valign=\"middle\" width=\"32\"><\/td>\n<td valign=\"middle\">Efic\u00e1cia luminosa (Lm\/W):<\/td>\n<td valign=\"middle\">140Lm\/W<\/td>\n<\/tr>\n<tr class=\"even\">\n<td valign=\"middle\" width=\"32\"><\/td>\n<td valign=\"middle\">Certificados:<\/td>\n<td valign=\"middle\">CE - ROHS<\/td>\n<\/tr>\n<tr class=\"odd\">\n<td valign=\"middle\" width=\"32\"><\/td>\n<td valign=\"middle\">Classifica\u00e7\u00e3o IP:<\/td>\n<td valign=\"middle\">IP20<\/td>\n<\/tr>\n<\/tbody>\n<\/table>\n<\/div>\n<div class=\"col-xs-12 col-md-6 2\">\n<table class=\"table table-data-sheet 2\">\n<tbody>\n<tr class=\"odd\">\n<td valign=\"middle\" width=\"32\"><\/td>\n<td valign=\"middle\">D\u00edodo LED de vida estimada (H):<\/td>\n<td valign=\"middle\">50.000<\/td>\n<\/tr>\n<tr class=\"even\">\n<td valign=\"middle\" width=\"32\"><\/td>\n<td valign=\"middle\">Dimens\u00f5es (mm):<\/td>\n<td valign=\"middle\">\u00d8500mm H70mm<\/td>\n<\/tr>\n<tr class=\"odd\">\n<td valign=\"middle\" width=\"32\"><\/td>\n<td valign=\"middle\">Factor de pot\u00eancia (PF):<\/td>\n<td valign=\"middle\">0.96<\/td>\n<\/tr>\n<tr class=\"even\">\n<td valign=\"middle\" width=\"32\"><\/td>\n<td valign=\"middle\">Frequ\u00eancia de trabalho (Hz):<\/td>\n<td valign=\"middle\">50\/60Hz<\/td>\n<\/tr>\n<tr class=\"odd\">\n<td valign=\"middle\" width=\"32\"><\/td>\n<td valign=\"middle\">Gama de temperaturas (\u00baC):<\/td>\n<td valign=\"middle\">-20\u00b0C ~ +55\u00b0C<\/td>\n<\/tr>\n<tr class=\"even\">\n<td valign=\"middle\" width=\"32\"><\/td>\n<td valign=\"middle\">Ciclos de Igni\u00e7\u00e3o:<\/td>\n<td valign=\"middle\">100.000<\/td>\n<\/tr>\n<tr class=\"odd\">\n<td valign=\"middle\" width=\"32\"><\/td>\n<td valign=\"middle\">Tempo de arranque (s):<\/td>\n<td valign=\"middle\">0,2s<\/td>\n<\/tr>\n<tr class=\"even\">\n<td valign=\"middle\" width=\"32\"><\/td>\n<td valign=\"middle\">Condutor inclu\u00eddo:<\/td>\n<td valign=\"middle\">SIM<\/td>\n<\/tr>\n<tr class=\"odd\">\n<td valign=\"middle\" width=\"32\"><\/td>\n<td valign=\"middle\">Classe energ\u00e9tica (2021-EU-2019\/2015):<\/td>\n<td valign=\"middle\">A+<\/td>\n<\/tr>\n<tr class=\"even\">\n<td valign=\"middle\" width=\"32\"><\/td>\n<td valign=\"middle\">Anos de garantia:<\/td>\n<td valign=\"middle\">2<\/td>\n<\/tr>\n<\/tbody>\n<\/table>\n<p>&nbsp;<\/p>\n<\/div>\n<\/div>","protected":false},"excerpt":{"rendered":"<div class=\"col-md-12\"><i class=\"fa fa-truck\"><\/i>&nbsp;<span class=\"text-muted textprop\">Entrega em 24\/48 horas<\/span><div class=\"col-md-12\"><i class=\"fa fa-exchange\"><\/i>&nbsp;<span class=\"text-muted textprop\">Garantia do segurado<\/span><\/div><div class=\"col-md-12\"><i class=\"fa fa-box\"><\/i>&nbsp;<span class=\"text-muted textprop\">1 unidade(s) por Masterbox<\/span><\/div><\/div>","protected":false},"featured_media":2872,"template":"","meta":{"site-sidebar-layout":"default","site-content-layout":"default","ast-global-header-display":"","ast-main-header-display":"","ast-hfb-above-header-display":"","ast-hfb-below-header-display":"","ast-hfb-mobile-header-display":"","site-post-title":"","ast-breadcrumbs-content":"","ast-featured-img":"","footer-sml-layout":"","theme-transparent-header-meta":"default","adv-header-id-meta":"","stick-header-meta":"","header-above-stick-meta":"","header-main-stick-meta":"","header-below-stick-meta":""},"product_cat":[27,69],"product_tag":[],"class_list":["post-2864","product","type-product","status-publish","has-post-thumbnail","hentry","product_cat-downlight-plafones-y-placas-led","product_cat-plafones-y-superficie-led"],"yoast_head":"<!-- This site is optimized with the Yoast SEO plugin v27.4 - https:\/\/yoast.com\/product\/yoast-seo-wordpress\/ -->\n<title>Plaf\u00f3n LED 36W OULU - Dimable - CCT + Mando Control - STARLED Iluminacion<\/title>\n<meta name=\"robots\" content=\"index, follow, max-snippet:-1, max-image-preview:large, max-video-preview:-1\" \/>\n<link rel=\"canonical\" href=\"https:\/\/starlediluminacion.com\/pt\/product\/decken-led-36w-oulu-dimable-cct-control-steuergerat\/\" \/>\n<meta property=\"og:locale\" content=\"pt_PT\" \/>\n<meta property=\"og:type\" content=\"article\" \/>\n<meta property=\"og:title\" content=\"Plaf\u00f3n LED 36W OULU - Dimable - CCT + Mando Control - STARLED Iluminacion\" \/>\n<meta property=\"og:description\" content=\"\u00a0Entrega en 24\/48 horas \u00a0Garant\u00eda asegurada \u00a01 unidad(es) por Masterbox\" \/>\n<meta property=\"og:url\" content=\"https:\/\/starlediluminacion.com\/pt\/product\/decken-led-36w-oulu-dimable-cct-control-steuergerat\/\" \/>\n<meta property=\"og:site_name\" content=\"STARLED Iluminacion\" \/>\n<meta property=\"article:modified_time\" content=\"2022-10-23T08:48:25+00:00\" \/>\n<meta property=\"og:image\" content=\"https:\/\/starlediluminacion.com\/wp-content\/uploads\/2022\/08\/plafon-led-36w-dimable-cct-mando-control-factorled-9.jpg\" \/>\n\t<meta property=\"og:image:width\" content=\"1000\" \/>\n\t<meta property=\"og:image:height\" content=\"1000\" \/>\n\t<meta property=\"og:image:type\" content=\"image\/jpeg\" \/>\n<meta name=\"twitter:card\" content=\"summary_large_image\" \/>\n<meta name=\"twitter:label1\" content=\"Tempo estimado de leitura\" \/>\n\t<meta name=\"twitter:data1\" content=\"3 minutos\" \/>\n<script type=\"application\/ld+json\" class=\"yoast-schema-graph\">{\"@context\":\"https:\\\/\\\/schema.org\",\"@graph\":[{\"@type\":\"WebPage\",\"@id\":\"https:\\\/\\\/starlediluminacion.com\\\/de\\\/product\\\/decken-led-36w-oulu-dimable-cct-control-steuergerat\\\/\",\"url\":\"https:\\\/\\\/starlediluminacion.com\\\/de\\\/product\\\/decken-led-36w-oulu-dimable-cct-control-steuergerat\\\/\",\"name\":\"Plaf\u00f3n LED 36W OULU - Dimable - CCT + Mando Control - STARLED Iluminacion\",\"isPartOf\":{\"@id\":\"https:\\\/\\\/starlediluminacion.com\\\/#website\"},\"primaryImageOfPage\":{\"@id\":\"https:\\\/\\\/starlediluminacion.com\\\/de\\\/product\\\/decken-led-36w-oulu-dimable-cct-control-steuergerat\\\/#primaryimage\"},\"image\":{\"@id\":\"https:\\\/\\\/starlediluminacion.com\\\/de\\\/product\\\/decken-led-36w-oulu-dimable-cct-control-steuergerat\\\/#primaryimage\"},\"thumbnailUrl\":\"https:\\\/\\\/starlediluminacion.com\\\/wp-content\\\/uploads\\\/2022\\\/08\\\/plafon-led-36w-dimable-cct-mando-control-factorled-9.jpg\",\"datePublished\":\"2022-08-06T10:56:03+00:00\",\"dateModified\":\"2022-10-23T08:48:25+00:00\",\"breadcrumb\":{\"@id\":\"https:\\\/\\\/starlediluminacion.com\\\/de\\\/product\\\/decken-led-36w-oulu-dimable-cct-control-steuergerat\\\/#breadcrumb\"},\"inLanguage\":\"pt-PT\",\"potentialAction\":[{\"@type\":\"ReadAction\",\"target\":[\"https:\\\/\\\/starlediluminacion.com\\\/de\\\/product\\\/decken-led-36w-oulu-dimable-cct-control-steuergerat\\\/\"]}]},{\"@type\":\"ImageObject\",\"inLanguage\":\"pt-PT\",\"@id\":\"https:\\\/\\\/starlediluminacion.com\\\/de\\\/product\\\/decken-led-36w-oulu-dimable-cct-control-steuergerat\\\/#primaryimage\",\"url\":\"https:\\\/\\\/starlediluminacion.com\\\/wp-content\\\/uploads\\\/2022\\\/08\\\/plafon-led-36w-dimable-cct-mando-control-factorled-9.jpg\",\"contentUrl\":\"https:\\\/\\\/starlediluminacion.com\\\/wp-content\\\/uploads\\\/2022\\\/08\\\/plafon-led-36w-dimable-cct-mando-control-factorled-9.jpg\",\"width\":1000,\"height\":1000},{\"@type\":\"BreadcrumbList\",\"@id\":\"https:\\\/\\\/starlediluminacion.com\\\/de\\\/product\\\/decken-led-36w-oulu-dimable-cct-control-steuergerat\\\/#breadcrumb\",\"itemListElement\":[{\"@type\":\"ListItem\",\"position\":1,\"name\":\"Portada\",\"item\":\"https:\\\/\\\/starlediluminacion.com\\\/\"},{\"@type\":\"ListItem\",\"position\":2,\"name\":\"Shop\",\"item\":\"https:\\\/\\\/starlediluminacion.com\\\/shop-2\\\/\"},{\"@type\":\"ListItem\",\"position\":3,\"name\":\"Plaf\u00f3n LED 36W OULU &#8211; Dimable &#8211; CCT + Mando Control\"}]},{\"@type\":\"WebSite\",\"@id\":\"https:\\\/\\\/starlediluminacion.com\\\/#website\",\"url\":\"https:\\\/\\\/starlediluminacion.com\\\/\",\"name\":\"STARLED Iluminacion\",\"description\":\"\",\"potentialAction\":[{\"@type\":\"SearchAction\",\"target\":{\"@type\":\"EntryPoint\",\"urlTemplate\":\"https:\\\/\\\/starlediluminacion.com\\\/?s={search_term_string}\"},\"query-input\":{\"@type\":\"PropertyValueSpecification\",\"valueRequired\":true,\"valueName\":\"search_term_string\"}}],\"inLanguage\":\"pt-PT\"}]}<\/script>\n<!-- \/ Yoast SEO plugin. -->","yoast_head_json":{"title":"Plaf\u00f3n LED 36W OULU - Dimable - CCT + Mando Control - STARLED Iluminacion","robots":{"index":"index","follow":"follow","max-snippet":"max-snippet:-1","max-image-preview":"max-image-preview:large","max-video-preview":"max-video-preview:-1"},"canonical":"https:\/\/starlediluminacion.com\/pt\/product\/decken-led-36w-oulu-dimable-cct-control-steuergerat\/","og_locale":"pt_PT","og_type":"article","og_title":"Plaf\u00f3n LED 36W OULU - Dimable - CCT + Mando Control - STARLED Iluminacion","og_description":"\u00a0Entrega en 24\/48 horas \u00a0Garant\u00eda asegurada \u00a01 unidad(es) por Masterbox","og_url":"https:\/\/starlediluminacion.com\/pt\/product\/decken-led-36w-oulu-dimable-cct-control-steuergerat\/","og_site_name":"STARLED Iluminacion","article_modified_time":"2022-10-23T08:48:25+00:00","og_image":[{"width":1000,"height":1000,"url":"https:\/\/starlediluminacion.com\/wp-content\/uploads\/2022\/08\/plafon-led-36w-dimable-cct-mando-control-factorled-9.jpg","type":"image\/jpeg"}],"twitter_card":"summary_large_image","twitter_misc":{"Tempo estimado de leitura":"3 minutos"},"schema":{"@context":"https:\/\/schema.org","@graph":[{"@type":"WebPage","@id":"https:\/\/starlediluminacion.com\/de\/product\/decken-led-36w-oulu-dimable-cct-control-steuergerat\/","url":"https:\/\/starlediluminacion.com\/de\/product\/decken-led-36w-oulu-dimable-cct-control-steuergerat\/","name":"Plaf\u00f3n LED 36W OULU - Dimable - CCT + Mando Control - STARLED Iluminacion","isPartOf":{"@id":"https:\/\/starlediluminacion.com\/#website"},"primaryImageOfPage":{"@id":"https:\/\/starlediluminacion.com\/de\/product\/decken-led-36w-oulu-dimable-cct-control-steuergerat\/#primaryimage"},"image":{"@id":"https:\/\/starlediluminacion.com\/de\/product\/decken-led-36w-oulu-dimable-cct-control-steuergerat\/#primaryimage"},"thumbnailUrl":"https:\/\/starlediluminacion.com\/wp-content\/uploads\/2022\/08\/plafon-led-36w-dimable-cct-mando-control-factorled-9.jpg","datePublished":"2022-08-06T10:56:03+00:00","dateModified":"2022-10-23T08:48:25+00:00","breadcrumb":{"@id":"https:\/\/starlediluminacion.com\/de\/product\/decken-led-36w-oulu-dimable-cct-control-steuergerat\/#breadcrumb"},"inLanguage":"pt-PT","potentialAction":[{"@type":"ReadAction","target":["https:\/\/starlediluminacion.com\/de\/product\/decken-led-36w-oulu-dimable-cct-control-steuergerat\/"]}]},{"@type":"ImageObject","inLanguage":"pt-PT","@id":"https:\/\/starlediluminacion.com\/de\/product\/decken-led-36w-oulu-dimable-cct-control-steuergerat\/#primaryimage","url":"https:\/\/starlediluminacion.com\/wp-content\/uploads\/2022\/08\/plafon-led-36w-dimable-cct-mando-control-factorled-9.jpg","contentUrl":"https:\/\/starlediluminacion.com\/wp-content\/uploads\/2022\/08\/plafon-led-36w-dimable-cct-mando-control-factorled-9.jpg","width":1000,"height":1000},{"@type":"BreadcrumbList","@id":"https:\/\/starlediluminacion.com\/de\/product\/decken-led-36w-oulu-dimable-cct-control-steuergerat\/#breadcrumb","itemListElement":[{"@type":"ListItem","position":1,"name":"Portada","item":"https:\/\/starlediluminacion.com\/"},{"@type":"ListItem","position":2,"name":"Shop","item":"https:\/\/starlediluminacion.com\/shop-2\/"},{"@type":"ListItem","position":3,"name":"Plaf\u00f3n LED 36W OULU &#8211; Dimable &#8211; CCT + Mando Control"}]},{"@type":"WebSite","@id":"https:\/\/starlediluminacion.com\/#website","url":"https:\/\/starlediluminacion.com\/","name":"STARLED Iluminacion","description":"","potentialAction":[{"@type":"SearchAction","target":{"@type":"EntryPoint","urlTemplate":"https:\/\/starlediluminacion.com\/?s={search_term_string}"},"query-input":{"@type":"PropertyValueSpecification","valueRequired":true,"valueName":"search_term_string"}}],"inLanguage":"pt-PT"}]}},"_links":{"self":[{"href":"https:\/\/starlediluminacion.com\/pt\/wp-json\/wp\/v3\/product\/2864","targetHints":{"allow":["GET"]}}],"collection":[{"href":"https:\/\/starlediluminacion.com\/pt\/wp-json\/wp\/v3\/product"}],"about":[{"href":"https:\/\/starlediluminacion.com\/pt\/wp-json\/wp\/v2\/types\/product"}],"wp:featuredmedia":[{"embeddable":true,"href":"https:\/\/starlediluminacion.com\/pt\/wp-json\/wp\/v2\/media\/2872"}],"wp:attachment":[{"href":"https:\/\/starlediluminacion.com\/pt\/wp-json\/wp\/v2\/media?parent=2864"}],"wp:term":[{"taxonomy":"product_cat","embeddable":true,"href":"https:\/\/starlediluminacion.com\/pt\/wp-json\/wp\/v2\/product_cat?post=2864"},{"taxonomy":"product_tag","embeddable":true,"href":"https:\/\/starlediluminacion.com\/pt\/wp-json\/wp\/v2\/product_tag?post=2864"}],"curies":[{"name":"wp","href":"https:\/\/api.w.org\/{rel}","templated":true}]}}