{"id":2824,"date":"2022-08-06T10:37:04","date_gmt":"2022-08-06T10:37:04","guid":{"rendered":"https:\/\/starlediluminacion.com\/?post_type=product&#038;p=2824"},"modified":"2022-10-23T08:45:02","modified_gmt":"2022-10-23T08:45:02","slug":"plafon-led-8w-cuadrado-acero-inox-cct-osram-chip-duris-e-2835","status":"publish","type":"product","link":"https:\/\/starlediluminacion.com\/pt\/product\/plafon-led-8w-cuadrado-acero-inox-cct-osram-chip-duris-e-2835\/","title":{"rendered":"<p>Plaf&oacute;n LED 8W Cuadrado Acero Inox &ndash; CCT &ndash; OSRAM CHIP DURIS E 2835<\/p>"},"content":{"rendered":"<div class=\"product-info-line\">\n<p id=\"product_reference\"><label>REFER\u00caNCIA: SL<span style=\"font-size: 16px;\">PSD8WB-CCT<\/span><\/label><\/p>\n<p><strong>Candeeiro de teto LED 8W - OSRAM CHIP&nbsp;<\/strong>DURIS E 2835<strong>-<\/strong>&nbsp;de alum\u00ednio e niquelado no&nbsp;<strong>a\u00e7o inoxid\u00e1vel<\/strong>. A nossa lumin\u00e1ria est\u00e1 equipada com um seletor&nbsp;<strong>CCT: COR SELECCION\u00c1VEL,<\/strong>&nbsp;Ou seja, pode escolher a cor de luz pretendida (Branco frio, Branco neutro, Branco quente).<\/p>\n<p>Apresenta uma est\u00e9tica simples e moderna. Concebida com&nbsp;<strong>LEDs<\/strong>&nbsp;SMD2835 de alto brilho&nbsp;<strong>OSRAM<\/strong>. \u00c9 muito f\u00e1cil de instalar. Recomendado para uso comercial e dom\u00e9stico.<\/p>\n<h1>Plaf&oacute;n LED 8W &ndash; Cuadrado Acero Inox &ndash; CCT &ndash; OSRAM CHIP DURIS E 2835<\/h1>\n<p>Isto&nbsp;<strong>Candeeiro de teto LED em a\u00e7o inoxid\u00e1vel<\/strong>&nbsp;a partir de&nbsp;<strong>8W CCT<\/strong>&nbsp;pot\u00eancia, tem um \u00e2ngulo de abertura de&nbsp;<strong>120\u00ba<\/strong>&nbsp;ideal para a ilumina\u00e7\u00e3o de todos os tipos de estabelecimentos comerciais, privados e profissionais.<\/p>\n<p>O&nbsp;<strong>Lumin\u00e1ria LED<\/strong>&nbsp;\u00e9 constru\u00eddo com d\u00edodos SMD2835 da prestigiada marca&nbsp;<strong>OSRAM<\/strong>.<\/p>\n<p>\u00c9 feito de alum\u00ednio niquelado em<strong>&nbsp;a\u00e7o inoxid\u00e1vel<\/strong>&nbsp;que contribui para melhorar a durabilidade da lumin\u00e1ria. A sua elevada efici\u00eancia luminosa \u00e9 confirmada pelo seu elevado n\u00edvel de restitui\u00e7\u00e3o de cor -CRI- que oferece uma elevada qualidade de luz, apresentando a cor de uma forma muito natural.<\/p>\n<p>Gra\u00e7as ao seu design moderno e atractivo, poder\u00e1 escolher entre diferentes tipos de decora\u00e7\u00e3o.<\/p>\n<p>Todos os&nbsp;<strong>Candeeiros de teto LED<\/strong>&nbsp;<strong>Telhado<\/strong>&nbsp;s\u00e3o instant\u00e2neas, permitindo-lhe tirar partido da sua ilumina\u00e7\u00e3o logo desde o in\u00edcio.<\/p>\n<p>O interior inclui LEDs&nbsp;<strong>Chip OSRAM<\/strong>&nbsp;alta luminosidade para conseguir uma ilumina\u00e7\u00e3o de qualidade, gra\u00e7as \u00e0 sua grande resist\u00eancia o projector tem uma maior durabilidade atingindo 100.000 ciclos de igni\u00e7\u00e3o ao mesmo tempo que alcan\u00e7a uma grande&nbsp;<strong>poupan\u00e7a de energia<\/strong>&nbsp;nas suas contas de electricidade.<\/p>\n<p>Comece a desfrutar de ilumina\u00e7\u00e3o de longa dura\u00e7\u00e3o, amiga do ambiente e de alta qualidade.<\/p>\n<p>O mesmo produto tem 3 tipos de temperaturas que podem ser selecionadas manualmente atrav\u00e9s de um interrutor na pr\u00f3pria lumin\u00e1ria, ou seja, pode escolher a cor de luz desejada: Branco Frio, Branco Neutro, Branco Quente.<\/p>\n<p>&nbsp;<\/p>\n<h2 dir=\"ltr\">Utiliza\u00e7\u00f5es do&nbsp;<strong>Plaf&oacute;n LED 8W &ndash; Cuadrado Acero Inox &ndash; CCT &ndash; OSRAM CHIP DURIS E 2835<\/strong><\/h2>\n<ul>\n<li>Centros de lazer<\/li>\n<li>Lojas<\/li>\n<li>Centros comerciais<\/li>\n<li>Hot\u00e9is<\/li>\n<li>Restaurantes<\/li>\n<li>In\u00edcio<\/li>\n<\/ul>\n<h3 class=\"page-product-heading\">DADOS T\u00c9CNICOS<\/h3>\n<div class=\"col-xs-12 col-md-6\">\n<table class=\"table table-data-sheet 1\">\n<tbody>\n<tr class=\"odd\">\n<td valign=\"middle\" width=\"32\"><\/td>\n<td valign=\"middle\">REFER\u00caNCIA :<\/td>\n<td valign=\"middle\">SLPSD8WB-CCT<\/td>\n<\/tr>\n<tr class=\"even\">\n<td valign=\"middle\" width=\"32\"><\/td>\n<td valign=\"middle\">Pot\u00eancia nominal :<\/td>\n<td valign=\"middle\">8w<\/td>\n<\/tr>\n<tr class=\"odd\">\n<td valign=\"middle\" width=\"32\"><\/td>\n<td valign=\"middle\">Tens\u00e3o Nominal:<\/td>\n<td valign=\"middle\">85V-265V<\/td>\n<\/tr>\n<tr class=\"even\">\n<td valign=\"middle\" width=\"32\"><\/td>\n<td valign=\"middle\">Temperatura ligeira:<\/td>\n<td valign=\"middle\">COR SELECCION\u00c1VEL: 3000K-4000K-6000K<\/td>\n<\/tr>\n<tr class=\"odd\">\n<td valign=\"middle\" width=\"32\"><\/td>\n<td valign=\"middle\">CRI - Colour Rendering Index:<\/td>\n<td valign=\"middle\">85<\/td>\n<\/tr>\n<tr class=\"even\">\n<td valign=\"middle\" width=\"32\"><\/td>\n<td valign=\"middle\">Material de constru\u00e7\u00e3o:<\/td>\n<td valign=\"middle\">Alum\u00ednio +PC<\/td>\n<\/tr>\n<tr class=\"odd\">\n<td valign=\"middle\" width=\"32\"><\/td>\n<td valign=\"middle\">Luminosidade-Lm:<\/td>\n<td valign=\"middle\">880<\/td>\n<\/tr>\n<tr class=\"even\">\n<td valign=\"middle\" width=\"32\"><\/td>\n<td valign=\"middle\">Tipo de LEDs:<\/td>\n<td valign=\"middle\">SMD 2835 OSRAM CHIP<\/td>\n<\/tr>\n<tr class=\"odd\">\n<td valign=\"middle\" width=\"32\"><\/td>\n<td valign=\"middle\">\u00c2ngulo de abertura (\u00ba):<\/td>\n<td valign=\"middle\">120\u00ba<\/td>\n<\/tr>\n<tr class=\"even\">\n<td valign=\"middle\" width=\"32\"><\/td>\n<td valign=\"middle\">Efici\u00eancia dos d\u00edodos LED (Lm\/W):<\/td>\n<td valign=\"middle\">140 Lm\/W<\/td>\n<\/tr>\n<tr class=\"odd\">\n<td valign=\"middle\" width=\"32\"><\/td>\n<td valign=\"middle\">Efic\u00e1cia luminosa (Lm\/W):<\/td>\n<td valign=\"middle\">110Lm\/W<\/td>\n<\/tr>\n<tr class=\"even\">\n<td valign=\"middle\" width=\"32\"><\/td>\n<td valign=\"middle\">Certificados:<\/td>\n<td valign=\"middle\">CE - ROHS<\/td>\n<\/tr>\n<\/tbody>\n<\/table>\n<\/div>\n<div class=\"col-xs-12 col-md-6 2\">\n<table class=\"table table-data-sheet 2\">\n<tbody>\n<tr class=\"odd\">\n<td valign=\"middle\" width=\"32\"><\/td>\n<td valign=\"middle\">Classifica\u00e7\u00e3o IP:<\/td>\n<td valign=\"middle\">IP44<\/td>\n<\/tr>\n<tr class=\"even\">\n<td valign=\"middle\" width=\"32\"><\/td>\n<td valign=\"middle\">D\u00edodo LED de vida estimada (H):<\/td>\n<td valign=\"middle\">40.000<\/td>\n<\/tr>\n<tr class=\"odd\">\n<td valign=\"middle\" width=\"32\"><\/td>\n<td valign=\"middle\">Dimens\u00f5es (mm):<\/td>\n<td valign=\"middle\">120x120mm H25mm<\/td>\n<\/tr>\n<tr class=\"even\">\n<td valign=\"middle\" width=\"32\"><\/td>\n<td valign=\"middle\">Frequ\u00eancia de trabalho (Hz):<\/td>\n<td valign=\"middle\">50\/60Hz<\/td>\n<\/tr>\n<tr class=\"odd\">\n<td valign=\"middle\" width=\"32\"><\/td>\n<td valign=\"middle\">Gama de temperaturas (\u00baC):<\/td>\n<td valign=\"middle\">-20\u00b0C ~ +55\u00b0C<\/td>\n<\/tr>\n<tr class=\"even\">\n<td valign=\"middle\" width=\"32\"><\/td>\n<td valign=\"middle\">Ciclos de Igni\u00e7\u00e3o:<\/td>\n<td valign=\"middle\">100.000<\/td>\n<\/tr>\n<tr class=\"odd\">\n<td valign=\"middle\" width=\"32\"><\/td>\n<td valign=\"middle\">Tempo de arranque (s):<\/td>\n<td valign=\"middle\">0,2s<\/td>\n<\/tr>\n<tr class=\"even\">\n<td valign=\"middle\" width=\"32\"><\/td>\n<td valign=\"middle\">Informa\u00e7\u00e3o adicional:<\/td>\n<td valign=\"middle\">SEM FLICK<\/td>\n<\/tr>\n<tr class=\"even\">\n<td valign=\"middle\" width=\"32\"><\/td>\n<td valign=\"middle\">Condutor inclu\u00eddo:<\/td>\n<td valign=\"middle\">SIM<\/td>\n<\/tr>\n<tr class=\"odd\">\n<td valign=\"middle\" width=\"32\"><\/td>\n<td valign=\"middle\">Classe energ\u00e9tica (2021-EU-2019\/2015):<\/td>\n<td valign=\"middle\">A+<\/td>\n<\/tr>\n<tr class=\"even\">\n<td valign=\"middle\" width=\"32\"><\/td>\n<td valign=\"middle\">Anos de garantia:<\/td>\n<td valign=\"middle\">3<\/td>\n<\/tr>\n<\/tbody>\n<\/table>\n<p>&nbsp;<\/p>\n<\/div>\n<\/div>","protected":false},"excerpt":{"rendered":"<div class=\"col-md-12\"><i class=\"fa fa-truck\"><\/i>&nbsp;<span class=\"text-muted textprop\">Entrega em 24\/48 horas<\/span><div class=\"col-md-12\"><i class=\"fa fa-exchange\"><\/i>&nbsp;<span class=\"text-muted textprop\">Garantia do segurado<\/span><\/div><div class=\"col-md-12\"><i class=\"fa fa-box\"><\/i>&nbsp;<span class=\"text-muted textprop\">30 unidade(s) por Masterbox<\/span><\/div><\/div>","protected":false},"featured_media":2825,"template":"","meta":{"site-sidebar-layout":"default","site-content-layout":"default","ast-global-header-display":"","ast-main-header-display":"","ast-hfb-above-header-display":"","ast-hfb-below-header-display":"","ast-hfb-mobile-header-display":"","site-post-title":"","ast-breadcrumbs-content":"","ast-featured-img":"","footer-sml-layout":"","theme-transparent-header-meta":"default","adv-header-id-meta":"","stick-header-meta":"","header-above-stick-meta":"","header-main-stick-meta":"","header-below-stick-meta":""},"product_cat":[27,69],"product_tag":[],"class_list":["post-2824","product","type-product","status-publish","has-post-thumbnail","hentry","product_cat-downlight-plafones-y-placas-led","product_cat-plafones-y-superficie-led"],"yoast_head":"<!-- This site is optimized with the Yoast SEO plugin v27.4 - https:\/\/yoast.com\/product\/yoast-seo-wordpress\/ -->\n<title>Plaf\u00f3n LED 8W Cuadrado Acero Inox - CCT - OSRAM CHIP DURIS E 2835 - STARLED Iluminacion<\/title>\n<meta name=\"robots\" content=\"index, follow, max-snippet:-1, max-image-preview:large, max-video-preview:-1\" \/>\n<link rel=\"canonical\" href=\"https:\/\/starlediluminacion.com\/pt\/product\/plafon-led-8w-cuadrado-acero-inox-cct-osram-chip-duris-e-2835\/\" \/>\n<meta property=\"og:locale\" content=\"pt_PT\" \/>\n<meta property=\"og:type\" content=\"article\" \/>\n<meta property=\"og:title\" content=\"Plaf\u00f3n LED 8W Cuadrado Acero Inox - CCT - OSRAM CHIP DURIS E 2835 - STARLED Iluminacion\" \/>\n<meta property=\"og:description\" content=\"\u00a0Entrega en 24\/48 horas \u00a0Garant\u00eda asegurada \u00a030 unidad(es) por Masterbox\" \/>\n<meta property=\"og:url\" content=\"https:\/\/starlediluminacion.com\/pt\/product\/plafon-led-8w-cuadrado-acero-inox-cct-osram-chip-duris-e-2835\/\" \/>\n<meta property=\"og:site_name\" content=\"STARLED Iluminacion\" \/>\n<meta property=\"article:modified_time\" content=\"2022-10-23T08:45:02+00:00\" \/>\n<meta property=\"og:image\" content=\"https:\/\/starlediluminacion.com\/wp-content\/uploads\/2022\/08\/plafon-led-20w-cuadrado-acero-inox-cct-osram-chip-factorled-1-1.jpg\" \/>\n\t<meta property=\"og:image:width\" content=\"1000\" \/>\n\t<meta property=\"og:image:height\" content=\"1000\" \/>\n\t<meta property=\"og:image:type\" content=\"image\/jpeg\" \/>\n<meta name=\"twitter:card\" content=\"summary_large_image\" \/>\n<meta name=\"twitter:label1\" content=\"Tempo estimado de leitura\" \/>\n\t<meta name=\"twitter:data1\" content=\"2 minutos\" \/>\n<script type=\"application\/ld+json\" class=\"yoast-schema-graph\">{\"@context\":\"https:\\\/\\\/schema.org\",\"@graph\":[{\"@type\":\"WebPage\",\"@id\":\"https:\\\/\\\/starlediluminacion.com\\\/pt\\\/product\\\/plafon-led-8w-cuadrado-acero-inox-cct-osram-chip-duris-e-2835\\\/\",\"url\":\"https:\\\/\\\/starlediluminacion.com\\\/pt\\\/product\\\/plafon-led-8w-cuadrado-acero-inox-cct-osram-chip-duris-e-2835\\\/\",\"name\":\"Plaf\u00f3n LED 8W Cuadrado Acero Inox - CCT - OSRAM CHIP DURIS E 2835 - STARLED Iluminacion\",\"isPartOf\":{\"@id\":\"https:\\\/\\\/starlediluminacion.com\\\/#website\"},\"primaryImageOfPage\":{\"@id\":\"https:\\\/\\\/starlediluminacion.com\\\/pt\\\/product\\\/plafon-led-8w-cuadrado-acero-inox-cct-osram-chip-duris-e-2835\\\/#primaryimage\"},\"image\":{\"@id\":\"https:\\\/\\\/starlediluminacion.com\\\/pt\\\/product\\\/plafon-led-8w-cuadrado-acero-inox-cct-osram-chip-duris-e-2835\\\/#primaryimage\"},\"thumbnailUrl\":\"https:\\\/\\\/starlediluminacion.com\\\/wp-content\\\/uploads\\\/2022\\\/08\\\/plafon-led-20w-cuadrado-acero-inox-cct-osram-chip-factorled-1-1.jpg\",\"datePublished\":\"2022-08-06T10:37:04+00:00\",\"dateModified\":\"2022-10-23T08:45:02+00:00\",\"breadcrumb\":{\"@id\":\"https:\\\/\\\/starlediluminacion.com\\\/pt\\\/product\\\/plafon-led-8w-cuadrado-acero-inox-cct-osram-chip-duris-e-2835\\\/#breadcrumb\"},\"inLanguage\":\"pt-PT\",\"potentialAction\":[{\"@type\":\"ReadAction\",\"target\":[\"https:\\\/\\\/starlediluminacion.com\\\/pt\\\/product\\\/plafon-led-8w-cuadrado-acero-inox-cct-osram-chip-duris-e-2835\\\/\"]}]},{\"@type\":\"ImageObject\",\"inLanguage\":\"pt-PT\",\"@id\":\"https:\\\/\\\/starlediluminacion.com\\\/pt\\\/product\\\/plafon-led-8w-cuadrado-acero-inox-cct-osram-chip-duris-e-2835\\\/#primaryimage\",\"url\":\"https:\\\/\\\/starlediluminacion.com\\\/wp-content\\\/uploads\\\/2022\\\/08\\\/plafon-led-20w-cuadrado-acero-inox-cct-osram-chip-factorled-1-1.jpg\",\"contentUrl\":\"https:\\\/\\\/starlediluminacion.com\\\/wp-content\\\/uploads\\\/2022\\\/08\\\/plafon-led-20w-cuadrado-acero-inox-cct-osram-chip-factorled-1-1.jpg\",\"width\":1000,\"height\":1000},{\"@type\":\"BreadcrumbList\",\"@id\":\"https:\\\/\\\/starlediluminacion.com\\\/pt\\\/product\\\/plafon-led-8w-cuadrado-acero-inox-cct-osram-chip-duris-e-2835\\\/#breadcrumb\",\"itemListElement\":[{\"@type\":\"ListItem\",\"position\":1,\"name\":\"Portada\",\"item\":\"https:\\\/\\\/starlediluminacion.com\\\/\"},{\"@type\":\"ListItem\",\"position\":2,\"name\":\"Shop\",\"item\":\"https:\\\/\\\/starlediluminacion.com\\\/shop-2\\\/\"},{\"@type\":\"ListItem\",\"position\":3,\"name\":\"Plaf\u00f3n LED 8W Cuadrado Acero Inox &#8211; CCT &#8211; OSRAM CHIP DURIS E 2835\"}]},{\"@type\":\"WebSite\",\"@id\":\"https:\\\/\\\/starlediluminacion.com\\\/#website\",\"url\":\"https:\\\/\\\/starlediluminacion.com\\\/\",\"name\":\"STARLED Iluminacion\",\"description\":\"\",\"potentialAction\":[{\"@type\":\"SearchAction\",\"target\":{\"@type\":\"EntryPoint\",\"urlTemplate\":\"https:\\\/\\\/starlediluminacion.com\\\/?s={search_term_string}\"},\"query-input\":{\"@type\":\"PropertyValueSpecification\",\"valueRequired\":true,\"valueName\":\"search_term_string\"}}],\"inLanguage\":\"pt-PT\"}]}<\/script>\n<!-- \/ Yoast SEO plugin. -->","yoast_head_json":{"title":"Plaf\u00f3n LED 8W Cuadrado Acero Inox - CCT - OSRAM CHIP DURIS E 2835 - STARLED Iluminacion","robots":{"index":"index","follow":"follow","max-snippet":"max-snippet:-1","max-image-preview":"max-image-preview:large","max-video-preview":"max-video-preview:-1"},"canonical":"https:\/\/starlediluminacion.com\/pt\/product\/plafon-led-8w-cuadrado-acero-inox-cct-osram-chip-duris-e-2835\/","og_locale":"pt_PT","og_type":"article","og_title":"Plaf\u00f3n LED 8W Cuadrado Acero Inox - CCT - OSRAM CHIP DURIS E 2835 - STARLED Iluminacion","og_description":"\u00a0Entrega en 24\/48 horas \u00a0Garant\u00eda asegurada \u00a030 unidad(es) por Masterbox","og_url":"https:\/\/starlediluminacion.com\/pt\/product\/plafon-led-8w-cuadrado-acero-inox-cct-osram-chip-duris-e-2835\/","og_site_name":"STARLED Iluminacion","article_modified_time":"2022-10-23T08:45:02+00:00","og_image":[{"width":1000,"height":1000,"url":"https:\/\/starlediluminacion.com\/wp-content\/uploads\/2022\/08\/plafon-led-20w-cuadrado-acero-inox-cct-osram-chip-factorled-1-1.jpg","type":"image\/jpeg"}],"twitter_card":"summary_large_image","twitter_misc":{"Tempo estimado de leitura":"2 minutos"},"schema":{"@context":"https:\/\/schema.org","@graph":[{"@type":"WebPage","@id":"https:\/\/starlediluminacion.com\/pt\/product\/plafon-led-8w-cuadrado-acero-inox-cct-osram-chip-duris-e-2835\/","url":"https:\/\/starlediluminacion.com\/pt\/product\/plafon-led-8w-cuadrado-acero-inox-cct-osram-chip-duris-e-2835\/","name":"Plaf\u00f3n LED 8W Cuadrado Acero Inox - CCT - OSRAM CHIP DURIS E 2835 - STARLED Iluminacion","isPartOf":{"@id":"https:\/\/starlediluminacion.com\/#website"},"primaryImageOfPage":{"@id":"https:\/\/starlediluminacion.com\/pt\/product\/plafon-led-8w-cuadrado-acero-inox-cct-osram-chip-duris-e-2835\/#primaryimage"},"image":{"@id":"https:\/\/starlediluminacion.com\/pt\/product\/plafon-led-8w-cuadrado-acero-inox-cct-osram-chip-duris-e-2835\/#primaryimage"},"thumbnailUrl":"https:\/\/starlediluminacion.com\/wp-content\/uploads\/2022\/08\/plafon-led-20w-cuadrado-acero-inox-cct-osram-chip-factorled-1-1.jpg","datePublished":"2022-08-06T10:37:04+00:00","dateModified":"2022-10-23T08:45:02+00:00","breadcrumb":{"@id":"https:\/\/starlediluminacion.com\/pt\/product\/plafon-led-8w-cuadrado-acero-inox-cct-osram-chip-duris-e-2835\/#breadcrumb"},"inLanguage":"pt-PT","potentialAction":[{"@type":"ReadAction","target":["https:\/\/starlediluminacion.com\/pt\/product\/plafon-led-8w-cuadrado-acero-inox-cct-osram-chip-duris-e-2835\/"]}]},{"@type":"ImageObject","inLanguage":"pt-PT","@id":"https:\/\/starlediluminacion.com\/pt\/product\/plafon-led-8w-cuadrado-acero-inox-cct-osram-chip-duris-e-2835\/#primaryimage","url":"https:\/\/starlediluminacion.com\/wp-content\/uploads\/2022\/08\/plafon-led-20w-cuadrado-acero-inox-cct-osram-chip-factorled-1-1.jpg","contentUrl":"https:\/\/starlediluminacion.com\/wp-content\/uploads\/2022\/08\/plafon-led-20w-cuadrado-acero-inox-cct-osram-chip-factorled-1-1.jpg","width":1000,"height":1000},{"@type":"BreadcrumbList","@id":"https:\/\/starlediluminacion.com\/pt\/product\/plafon-led-8w-cuadrado-acero-inox-cct-osram-chip-duris-e-2835\/#breadcrumb","itemListElement":[{"@type":"ListItem","position":1,"name":"Portada","item":"https:\/\/starlediluminacion.com\/"},{"@type":"ListItem","position":2,"name":"Shop","item":"https:\/\/starlediluminacion.com\/shop-2\/"},{"@type":"ListItem","position":3,"name":"Plaf\u00f3n LED 8W Cuadrado Acero Inox &#8211; CCT &#8211; OSRAM CHIP DURIS E 2835"}]},{"@type":"WebSite","@id":"https:\/\/starlediluminacion.com\/#website","url":"https:\/\/starlediluminacion.com\/","name":"STARLED Iluminacion","description":"","potentialAction":[{"@type":"SearchAction","target":{"@type":"EntryPoint","urlTemplate":"https:\/\/starlediluminacion.com\/?s={search_term_string}"},"query-input":{"@type":"PropertyValueSpecification","valueRequired":true,"valueName":"search_term_string"}}],"inLanguage":"pt-PT"}]}},"_links":{"self":[{"href":"https:\/\/starlediluminacion.com\/pt\/wp-json\/wp\/v3\/product\/2824","targetHints":{"allow":["GET"]}}],"collection":[{"href":"https:\/\/starlediluminacion.com\/pt\/wp-json\/wp\/v3\/product"}],"about":[{"href":"https:\/\/starlediluminacion.com\/pt\/wp-json\/wp\/v2\/types\/product"}],"wp:featuredmedia":[{"embeddable":true,"href":"https:\/\/starlediluminacion.com\/pt\/wp-json\/wp\/v2\/media\/2825"}],"wp:attachment":[{"href":"https:\/\/starlediluminacion.com\/pt\/wp-json\/wp\/v2\/media?parent=2824"}],"wp:term":[{"taxonomy":"product_cat","embeddable":true,"href":"https:\/\/starlediluminacion.com\/pt\/wp-json\/wp\/v2\/product_cat?post=2824"},{"taxonomy":"product_tag","embeddable":true,"href":"https:\/\/starlediluminacion.com\/pt\/wp-json\/wp\/v2\/product_tag?post=2824"}],"curies":[{"name":"wp","href":"https:\/\/api.w.org\/{rel}","templated":true}]}}