{"id":2762,"date":"2022-08-06T09:58:57","date_gmt":"2022-08-06T09:58:57","guid":{"rendered":"https:\/\/starlediluminacion.com\/?post_type=product&#038;p=2762"},"modified":"2022-10-23T08:52:20","modified_gmt":"2022-10-23T08:52:20","slug":"plafon-led-36w-frankfurt-dimable-cct-mando-control","status":"publish","type":"product","link":"https:\/\/starlediluminacion.com\/pt\/product\/teto-led-36w-frankfurt-dimmable-cct-control-controller\/","title":{"rendered":"<p>L\u00e2mpada de tecto LED 36W FRANKFURT - Regul\u00e1vel - CCT + Comando \u00e0 dist\u00e2ncia<\/p>"},"content":{"rendered":"<div class=\"product-info-line\">\n<p id=\"product_reference\"><label>REFER\u00caNCIA: SL8<span style=\"font-size: 16px;\">024<\/span><\/label><\/p>\n<p><strong>Teto<\/strong>&nbsp;<strong>36W FRANKFURT&nbsp;<\/strong>a partir de&nbsp;<strong>Superf\u00edcie LED<\/strong>&nbsp;<strong>ajust\u00e1vel<\/strong>A luz espalha-se uniformemente pelo espa\u00e7o. A lumin\u00e1ria tem todas as temperaturas de luz no mesmo foco (luz quente, natural e fria), para que possa seleccion\u00e1-la de acordo com as suas necessidades.<\/p>\n<div class=\"hidden-xs parrafo\">\n<p>O nosso&nbsp;<strong>Candeeiro de teto CCT de 36w<\/strong>&nbsp;vem com um&nbsp;<strong>controlo remoto com controlo remoto<\/strong>&nbsp;com uma frequ\u00eancia de&nbsp;<strong>2.4G&nbsp;<\/strong>com o qual pode mudar a cor sempre que quiser.<\/p>\n<\/div>\n<div id=\"views_block-1\" class=\"clearfix\">\n<div id=\"thumbs_list\">\n<h4><span style=\"font-size: 2em; font-weight: bold;\">Candeeiro de teto LED de montagem saliente - Regul\u00e1vel 36W <\/span><strong style=\"font-size: 2em;\">FRANKFURT<\/strong><span style=\"font-size: 2em; font-weight: bold;\">&nbsp;- CCT (cor selecion\u00e1vel) + Comando de controlo.<\/span><\/h4>\n<div class=\"rte\">\n<p>O nosso&nbsp;<strong>Teto<\/strong>&nbsp;<strong>circular FRANKFURT<\/strong>&nbsp;<strong>regul\u00e1vel<\/strong>&nbsp;destaca-se pelo seu aspeto elegante e moderno. Tem uma pot\u00eancia de&nbsp;<strong>36W,&nbsp;<\/strong>\u00e9 um produto especialmente adequado para se destacar em qualquer espa\u00e7o gra\u00e7as ao seu design elegante. Com o seu controlo remoto, pode escolher a temperatura de cor da sua prefer\u00eancia.&nbsp;<strong>(3000k - 4000k - 6000k)<\/strong>&nbsp;no momento da sua escolha.<\/p>\n<p>Reproduz ambientes ideais com uma ilumina\u00e7\u00e3o de alto brilho, de fria a quente.<\/p>\n<div class=\"rte\">\n<p>Com este&nbsp;<strong>L\u00e2mpada<\/strong>&nbsp;<strong>teto<\/strong>&nbsp;pode reduzir a poupan\u00e7a de energia at\u00e9 80%. \u00c9 considerado um produto n\u00e3o poluente, uma vez que possui uma classe energ\u00e9tica de&nbsp;<strong>A+.<\/strong><\/p>\n<p>A luz \u00e9 distribu\u00edda uniformemente por toda a \u00e1rea devido ao inv\u00f3lucro opalino e ao \u00e2ngulo do feixe de luz.&nbsp;<strong>120\u00ba<\/strong>. Gra\u00e7as ao seu design vanguardista e selecionado, pode criar atmosferas sofisticadas e uma ilumina\u00e7\u00e3o not\u00e1vel.<\/p>\n<h2>Instala\u00e7\u00e3o do Spotlight e configura\u00e7\u00e3o do controlo remoto:<\/h2>\n<ol>\n<li>Desligar o sistema el\u00e9trico<\/li>\n<li>Abrir o painel com uma tor\u00e7\u00e3o da tampa<\/li>\n<li>Junte os fios do projetor aos do sistema el\u00e9trico.<\/li>\n<li>Instalar o projetor no teto ou na parede com as ferramentas necess\u00e1rias.<\/li>\n<li>Liga\u00e7\u00e3o do sistema el\u00e9trico<\/li>\n<li>Ligar\/desligar a partir do interrutor 3 vezes<\/li>\n<li>Prima e mantenha premido o bot\u00e3o \"SETUP\" do telecomando e est\u00e1 configurado.<\/li>\n<\/ol>\n<p><strong>F\u00e1cil de instalar<\/strong>&nbsp;e com qualidade garantida. Atualmente, a instala\u00e7\u00e3o e o manuseamento do produto s\u00e3o mais confort\u00e1veis, facilitando a adapta\u00e7\u00e3o do produto \u00e0&nbsp;<strong>superf\u00edcies<\/strong>&nbsp;mais exactos e em menos tempo.<\/p>\n<p>&nbsp;<\/p>\n<h2>Utiliza\u00e7\u00f5es do Candeeiro de teto LED de montagem saliente - 36W&nbsp;<strong>FRANKFURT<\/strong>&nbsp;- Regul\u00e1vel - CCT + Comando de controlo<\/h2>\n<p>As suas aplica\u00e7\u00f5es podem ser muito variadas, mas para destacar algumas delas, seriam as&nbsp;<strong>ilumina\u00e7\u00e3o<\/strong>&nbsp;para:<\/p>\n<ul>\n<li>Empresas e escrit\u00f3rios<\/li>\n<li>Casas de banho e cozinhas<\/li>\n<li>Corredores, terra\u00e7os<\/li>\n<li>Varandas ou caves<\/li>\n<li>Abrange<\/li>\n<\/ul>\n<h3 class=\"page-product-heading\">DADOS T\u00c9CNICOS<\/h3>\n<div class=\"col-xs-12 col-md-6\">\n<table class=\"table table-data-sheet 1\">\n<tbody>\n<tr class=\"odd\">\n<td valign=\"middle\" width=\"32\"><\/td>\n<td valign=\"middle\">REFER\u00caNCIA :<\/td>\n<td valign=\"middle\">SL8024<\/td>\n<\/tr>\n<tr class=\"even\">\n<td valign=\"middle\" width=\"32\"><\/td>\n<td valign=\"middle\">Pot\u00eancia nominal :<\/td>\n<td valign=\"middle\">36w<\/td>\n<\/tr>\n<tr class=\"odd\">\n<td valign=\"middle\" width=\"32\"><\/td>\n<td valign=\"middle\">Tens\u00e3o Nominal:<\/td>\n<td valign=\"middle\">175-265V<\/td>\n<\/tr>\n<tr class=\"even\">\n<td valign=\"middle\" width=\"32\"><\/td>\n<td valign=\"middle\">Temperatura ligeira:<\/td>\n<td valign=\"middle\">COR SELECCION\u00c1VEL: 3000K-4000K-6000K<\/td>\n<\/tr>\n<tr class=\"odd\">\n<td valign=\"middle\" width=\"32\"><\/td>\n<td valign=\"middle\">CRI - Colour Rendering Index:<\/td>\n<td valign=\"middle\">80<\/td>\n<\/tr>\n<tr class=\"even\">\n<td valign=\"middle\" width=\"32\"><\/td>\n<td valign=\"middle\">Material de constru\u00e7\u00e3o:<\/td>\n<td valign=\"middle\">A\u00e7o +PC<\/td>\n<\/tr>\n<tr class=\"odd\">\n<td valign=\"middle\" width=\"32\"><\/td>\n<td valign=\"middle\">Luminosidade-Lm:<\/td>\n<td valign=\"middle\">5500<\/td>\n<\/tr>\n<tr class=\"even\">\n<td valign=\"middle\" width=\"32\"><\/td>\n<td valign=\"middle\">Tipo de LEDs:<\/td>\n<td valign=\"middle\">SMD<\/td>\n<\/tr>\n<tr class=\"odd\">\n<td valign=\"middle\" width=\"32\"><\/td>\n<td valign=\"middle\">\u00c2ngulo de abertura (\u00ba):<\/td>\n<td valign=\"middle\">120\u00b0<\/td>\n<\/tr>\n<tr class=\"even\">\n<td valign=\"middle\" width=\"32\"><\/td>\n<td valign=\"middle\">Efici\u00eancia dos d\u00edodos LED (Lm\/W):<\/td>\n<td valign=\"middle\">140 Lm\/W<\/td>\n<\/tr>\n<tr class=\"odd\">\n<td valign=\"middle\" width=\"32\"><\/td>\n<td valign=\"middle\">Dimit\u00e1vel:<\/td>\n<td valign=\"middle\">SIM<\/td>\n<\/tr>\n<tr class=\"even\">\n<td valign=\"middle\" width=\"32\"><\/td>\n<td valign=\"middle\">Certificados:<\/td>\n<td valign=\"middle\">CE - ROHS<\/td>\n<\/tr>\n<\/tbody>\n<\/table>\n<\/div>\n<div class=\"col-xs-12 col-md-6 2\">\n<table class=\"table table-data-sheet 2\">\n<tbody>\n<tr class=\"odd\">\n<td valign=\"middle\" width=\"32\"><\/td>\n<td valign=\"middle\">Classifica\u00e7\u00e3o IP:<\/td>\n<td valign=\"middle\">IP20<\/td>\n<\/tr>\n<tr class=\"even\">\n<td valign=\"middle\" width=\"32\"><\/td>\n<td valign=\"middle\">D\u00edodo LED de vida estimada (H):<\/td>\n<td valign=\"middle\">40.000<\/td>\n<\/tr>\n<tr class=\"odd\">\n<td valign=\"middle\" width=\"32\"><\/td>\n<td valign=\"middle\">Factor de pot\u00eancia (PF):<\/td>\n<td valign=\"middle\">0,95<\/td>\n<\/tr>\n<tr class=\"even\">\n<td valign=\"middle\" width=\"32\"><\/td>\n<td valign=\"middle\">Frequ\u00eancia de trabalho (Hz):<\/td>\n<td valign=\"middle\">50\/60Hz<\/td>\n<\/tr>\n<tr class=\"odd\">\n<td valign=\"middle\" width=\"32\"><\/td>\n<td valign=\"middle\">Gama de temperaturas (\u00baC):<\/td>\n<td valign=\"middle\">-20\u00b0C ~ +55\u00b0C<\/td>\n<\/tr>\n<tr class=\"even\">\n<td valign=\"middle\" width=\"32\"><\/td>\n<td valign=\"middle\">Ciclos de Igni\u00e7\u00e3o:<\/td>\n<td valign=\"middle\">100.000<\/td>\n<\/tr>\n<tr class=\"odd\">\n<td valign=\"middle\" width=\"32\"><\/td>\n<td valign=\"middle\">Tempo de arranque (s):<\/td>\n<td valign=\"middle\">0,2s<\/td>\n<\/tr>\n<tr class=\"even\">\n<td valign=\"middle\" width=\"32\"><\/td>\n<td valign=\"middle\">Modos de controlo:<\/td>\n<td valign=\"middle\">UNIDADE DE CONTROLO + INFRAVERMELHO<\/td>\n<\/tr>\n<tr class=\"odd\">\n<td valign=\"middle\" width=\"32\"><\/td>\n<td valign=\"middle\">Condutor inclu\u00eddo:<\/td>\n<td valign=\"middle\">SIM<\/td>\n<\/tr>\n<tr class=\"even\">\n<td valign=\"middle\" width=\"32\"><\/td>\n<td valign=\"middle\">Classe energ\u00e9tica (2021-EU-2019\/2015):<\/td>\n<td valign=\"middle\">A+<\/td>\n<\/tr>\n<tr class=\"odd\">\n<td valign=\"middle\" width=\"32\"><\/td>\n<td valign=\"middle\">Anos de garantia:<\/td>\n<td valign=\"middle\">2<\/td>\n<\/tr>\n<\/tbody>\n<\/table>\n<\/div>\n<\/div>\n<\/div>\n<\/div>\n<\/div>\n<\/div>","protected":false},"excerpt":{"rendered":"<div class=\"col-md-12\"><i class=\"fa fa-truck\"><\/i>&nbsp;<span class=\"text-muted textprop\">Entrega em 24\/48 horas<\/span><div class=\"col-md-12\"><i class=\"fa fa-exchange\"><\/i>&nbsp;<span class=\"text-muted textprop\">Garantia do segurado<\/span><\/div><div class=\"col-md-12\"><i class=\"fa fa-box\"><\/i>&nbsp;<span class=\"text-muted textprop\">1 unidade(s) por Masterbox<\/span><\/div><\/div>","protected":false},"featured_media":2770,"template":"","meta":{"site-sidebar-layout":"default","site-content-layout":"default","ast-global-header-display":"","ast-main-header-display":"","ast-hfb-above-header-display":"","ast-hfb-below-header-display":"","ast-hfb-mobile-header-display":"","site-post-title":"","ast-breadcrumbs-content":"","ast-featured-img":"","footer-sml-layout":"","theme-transparent-header-meta":"default","adv-header-id-meta":"","stick-header-meta":"","header-above-stick-meta":"","header-main-stick-meta":"","header-below-stick-meta":""},"product_cat":[27,69],"product_tag":[],"class_list":["post-2762","product","type-product","status-publish","has-post-thumbnail","hentry","product_cat-downlight-plafones-y-placas-led","product_cat-plafones-y-superficie-led"],"_links":{"self":[{"href":"https:\/\/starlediluminacion.com\/pt\/wp-json\/wp\/v3\/product\/2762","targetHints":{"allow":["GET"]}}],"collection":[{"href":"https:\/\/starlediluminacion.com\/pt\/wp-json\/wp\/v3\/product"}],"about":[{"href":"https:\/\/starlediluminacion.com\/pt\/wp-json\/wp\/v2\/types\/product"}],"wp:featuredmedia":[{"embeddable":true,"href":"https:\/\/starlediluminacion.com\/pt\/wp-json\/wp\/v2\/media\/2770"}],"wp:attachment":[{"href":"https:\/\/starlediluminacion.com\/pt\/wp-json\/wp\/v2\/media?parent=2762"}],"wp:term":[{"taxonomy":"product_cat","embeddable":true,"href":"https:\/\/starlediluminacion.com\/pt\/wp-json\/wp\/v2\/product_cat?post=2762"},{"taxonomy":"product_tag","embeddable":true,"href":"https:\/\/starlediluminacion.com\/pt\/wp-json\/wp\/v2\/product_tag?post=2762"}],"curies":[{"name":"wp","href":"https:\/\/api.w.org\/{rel}","templated":true}]}}