{"id":2731,"date":"2022-08-04T22:13:24","date_gmt":"2022-08-04T22:13:24","guid":{"rendered":"https:\/\/starlediluminacion.com\/?post_type=product&#038;p=2731"},"modified":"2022-10-23T08:38:57","modified_gmt":"2022-10-23T08:38:57","slug":"placa-slim-led-cuadrada-30w-osram-chip-duris-e-2835","status":"publish","type":"product","link":"https:\/\/starlediluminacion.com\/pt\/product\/placa-slim-led-cuadrada-30w-osram-chip-duris-e-2835\/","title":{"rendered":"<p>Slim LED Square 30W - OSRAM CHIP DURIS E 2835<\/p>"},"content":{"rendered":"<div class=\"product-info-line\">\n<p id=\"product_reference\"><label>REFER\u00caNCIA: SL<span style=\"font-size: 16px;\">PLC30WOSR<\/span><\/label><\/p>\n<div class=\"hidden-xs parrafo\">\n<p>Isto&nbsp;<strong>placa de LED<\/strong>&nbsp;a partir de&nbsp;<strong>30W&nbsp;<\/strong>incorpora o diodo<strong>&nbsp;OSRAM DURIS E 2835<\/strong>A alta luminosidade, alto brilho, tem um \u00e2ngulo de abertura de&nbsp;<strong>120\u00ba&nbsp;<\/strong>ideal para iluminar todos os tipos de estabelecimentos comerciais, tanto privados como profissionais. Gra\u00e7as ao seu design moderno e atrativo, pode ser utilizado em diferentes tipos de decora\u00e7\u00e3o.<\/p>\n<h1>Painel LED 30W Slim - OSRAM CHIP DURIS E 2835 - Alum\u00ednio IP40 - 120\u00ba.<\/h1>\n<p dir=\"ltr\">Isto&nbsp;<strong>Chip de placa LED da OSRAM<\/strong>&nbsp;a partir de&nbsp;<strong>30W<\/strong>&nbsp;pot\u00eancia, tem um \u00e2ngulo de abertura de&nbsp;<strong>120\u00ba<\/strong>&nbsp;ideal para a ilumina\u00e7\u00e3o de todos os tipos de estabelecimentos comerciais, tanto privados como profissionais.<\/p>\n<p dir=\"ltr\">\u00c9 fabricada em alum\u00ednio, o que contribui para aumentar a durabilidade da lumin\u00e1ria. A sua elevada efici\u00eancia luminosa oferece um tom de luz quente e acolhedor.<\/p>\n<p dir=\"ltr\">Gra\u00e7as ao seu design moderno e atractivo, poder\u00e1 escolher entre diferentes tipos de decora\u00e7\u00e3o.<\/p>\n<p dir=\"ltr\">Alto n\u00edvel de reprodu\u00e7\u00e3o de cores. Alto n\u00edvel de CRI.<\/p>\n<p dir=\"ltr\">Todas as placas&nbsp;<strong>LED fino<\/strong>&nbsp;s\u00e3o instant\u00e2neas, permitindo-lhe tirar partido da sua ilumina\u00e7\u00e3o logo desde o in\u00edcio.<\/p>\n<p dir=\"ltr\">O design deste tipo de painel permite a sua instala\u00e7\u00e3o em superf\u00edcies pouco profundas, e tamb\u00e9m tem abas de fixa\u00e7\u00e3o instaladas na placa para poupar tempo durante a instala\u00e7\u00e3o.<\/p>\n<p dir=\"ltr\">Comece a desfrutar de ilumina\u00e7\u00e3o de longa dura\u00e7\u00e3o, amiga do ambiente e de alta qualidade.<\/p>\n<p dir=\"ltr\">Temos 3 tipos de temperaturas, que lhe proporcionar\u00e3o diferentes tonalidades de luz. Branco Quente, Branco Natural, Branco Frio. Compre-os agora de uma forma simples, atrav\u00e9s da nossa loja.<\/p>\n<h2 dir=\"ltr\">Utiliza\u00e7\u00f5es do Painel LED Quadrado Fino de 30W - OSRAM CHIP DURISPCD30 E 2835<\/h2>\n<ul>\n<li>Centros de lazer<\/li>\n<li>Lojas<\/li>\n<li>Centros comerciais<\/li>\n<li>Hot\u00e9is<\/li>\n<li>Restaurantes<\/li>\n<li>In\u00edcio<\/li>\n<\/ul>\n<h3 class=\"page-product-heading\">DADOS T\u00c9CNICOS<\/h3>\n<div class=\"col-xs-12 col-md-6\">\n<table class=\"table table-data-sheet 1\">\n<tbody>\n<tr class=\"odd\">\n<td valign=\"middle\" width=\"32\"><\/td>\n<td valign=\"middle\">REFER\u00caNCIA :<\/td>\n<td valign=\"middle\">SLPLC30WOSR<\/td>\n<\/tr>\n<tr class=\"even\">\n<td valign=\"middle\" width=\"32\"><\/td>\n<td valign=\"middle\">Pot\u00eancia nominal :<\/td>\n<td valign=\"middle\">30W<\/td>\n<\/tr>\n<tr class=\"odd\">\n<td valign=\"middle\" width=\"32\"><\/td>\n<td valign=\"middle\">Tens\u00e3o Nominal:<\/td>\n<td valign=\"middle\">85V-265V<\/td>\n<\/tr>\n<tr class=\"even\">\n<td valign=\"middle\" width=\"32\"><\/td>\n<td valign=\"middle\">Temperatura ligeira:<\/td>\n<td valign=\"middle\">4000K-6000K<\/td>\n<\/tr>\n<tr class=\"odd\">\n<td valign=\"middle\" width=\"32\"><\/td>\n<td valign=\"middle\">CRI - Colour Rendering Index:<\/td>\n<td valign=\"middle\">80<\/td>\n<\/tr>\n<tr class=\"even\">\n<td valign=\"middle\" width=\"32\"><\/td>\n<td valign=\"middle\">Material de constru\u00e7\u00e3o:<\/td>\n<td valign=\"middle\">Alum\u00ednio +PC<\/td>\n<\/tr>\n<tr class=\"odd\">\n<td valign=\"middle\" width=\"32\"><\/td>\n<td valign=\"middle\">Luminosidade-Lm:<\/td>\n<td valign=\"middle\">3300<\/td>\n<\/tr>\n<tr class=\"even\">\n<td valign=\"middle\" width=\"32\"><\/td>\n<td valign=\"middle\">Tipo de LEDs:<\/td>\n<td valign=\"middle\">SMD 2835<\/td>\n<\/tr>\n<tr class=\"odd\">\n<td valign=\"middle\" width=\"32\"><\/td>\n<td valign=\"middle\">\u00c2ngulo de abertura (\u00ba):<\/td>\n<td valign=\"middle\">120\u00ba<\/td>\n<\/tr>\n<tr class=\"even\">\n<td valign=\"middle\" width=\"32\"><\/td>\n<td valign=\"middle\">Efici\u00eancia dos d\u00edodos LED (Lm\/W):<\/td>\n<td valign=\"middle\">140 Lm\/W<\/td>\n<\/tr>\n<tr class=\"odd\">\n<td valign=\"middle\" width=\"32\"><\/td>\n<td valign=\"middle\">Efic\u00e1cia luminosa (Lm\/W):<\/td>\n<td valign=\"middle\">110 Lm\/W<\/td>\n<\/tr>\n<tr class=\"even\">\n<td valign=\"middle\" width=\"32\"><\/td>\n<td valign=\"middle\">Dimit\u00e1vel:<\/td>\n<td valign=\"middle\">N\u00c3O<\/td>\n<\/tr>\n<tr class=\"odd\">\n<td valign=\"middle\" width=\"32\"><\/td>\n<td valign=\"middle\">Certificados:<\/td>\n<td valign=\"middle\">CE - ROHS<\/td>\n<\/tr>\n<\/tbody>\n<\/table>\n<\/div>\n<div class=\"col-xs-12 col-md-6 2\">\n<table class=\"table table-data-sheet 2\">\n<tbody>\n<tr class=\"odd\">\n<td valign=\"middle\" width=\"32\"><\/td>\n<td valign=\"middle\">Classifica\u00e7\u00e3o IP:<\/td>\n<td valign=\"middle\">IP40<\/td>\n<\/tr>\n<tr class=\"even\">\n<td valign=\"middle\" width=\"32\"><\/td>\n<td valign=\"middle\">D\u00edodo LED de vida estimada (H):<\/td>\n<td valign=\"middle\">40.000<\/td>\n<\/tr>\n<tr class=\"odd\">\n<td valign=\"middle\" width=\"32\"><\/td>\n<td valign=\"middle\">Dimens\u00f5es (mm):<\/td>\n<td valign=\"middle\">291x291mm<\/td>\n<\/tr>\n<tr class=\"even\">\n<td valign=\"middle\" width=\"32\"><\/td>\n<td valign=\"middle\">Frequ\u00eancia de trabalho (Hz):<\/td>\n<td valign=\"middle\">50\/60Hz<\/td>\n<\/tr>\n<tr class=\"odd\">\n<td valign=\"middle\" width=\"32\"><\/td>\n<td valign=\"middle\">Gama de temperaturas (\u00baC):<\/td>\n<td valign=\"middle\">-20\u00b0C ~ +55\u00b0C<\/td>\n<\/tr>\n<tr class=\"even\">\n<td valign=\"middle\" width=\"32\"><\/td>\n<td valign=\"middle\">Ciclos de Igni\u00e7\u00e3o:<\/td>\n<td valign=\"middle\">100.000<\/td>\n<\/tr>\n<tr class=\"odd\">\n<td valign=\"middle\" width=\"32\"><\/td>\n<td valign=\"middle\">Tempo de arranque (s):<\/td>\n<td valign=\"middle\">0,2s<\/td>\n<\/tr>\n<tr class=\"even\">\n<td valign=\"middle\" width=\"32\"><\/td>\n<td valign=\"middle\">Informa\u00e7\u00e3o adicional:<\/td>\n<td valign=\"middle\">Peso com a caixa: 720g<\/td>\n<\/tr>\n<tr class=\"odd\">\n<td valign=\"middle\" width=\"32\"><\/td>\n<td valign=\"middle\">Corte de tecto (mm):<\/td>\n<td valign=\"middle\">271x271mm<\/td>\n<\/tr>\n<tr class=\"even\">\n<td valign=\"middle\" width=\"32\"><\/td>\n<td valign=\"middle\">\u00cdndice de luminosidade (UGR):<\/td>\n<td valign=\"middle\">19<\/td>\n<\/tr>\n<tr class=\"odd\">\n<td valign=\"middle\" width=\"32\"><\/td>\n<td valign=\"middle\">Condutor inclu\u00eddo:<\/td>\n<td valign=\"middle\">SIM<\/td>\n<\/tr>\n<tr class=\"even\">\n<td valign=\"middle\" width=\"32\"><\/td>\n<td valign=\"middle\">Classe energ\u00e9tica (2021-EU-2019\/2015):<\/td>\n<td valign=\"middle\">A+<\/td>\n<\/tr>\n<tr class=\"odd\">\n<td valign=\"middle\" width=\"32\"><\/td>\n<td valign=\"middle\">Anos de garantia:<\/td>\n<td valign=\"middle\">3<\/td>\n<\/tr>\n<\/tbody>\n<\/table>\n<p>&nbsp;<\/p>\n<\/div>\n<\/div>\n<\/div>","protected":false},"excerpt":{"rendered":"<div class=\"col-md-12\"><i class=\"fa fa-truck\"><\/i>&nbsp;<span class=\"text-muted textprop\">Entrega em 24\/48 horas<\/span><div class=\"col-md-12\"><i class=\"fa fa-exchange\"><\/i>&nbsp;<span class=\"text-muted textprop\">Garantia do segurado<\/span><\/div><div class=\"col-md-12\"><i class=\"fa fa-box\"><\/i>&nbsp;<span class=\"text-muted textprop\">10 unidade(s) por Masterbox<\/span><\/div><div><strong>TEMPERATURA DE COR: 4000K\/6000K<\/strong><\/div><\/div>","protected":false},"featured_media":2733,"template":"","meta":{"site-sidebar-layout":"default","site-content-layout":"default","ast-global-header-display":"","ast-main-header-display":"","ast-hfb-above-header-display":"","ast-hfb-below-header-display":"","ast-hfb-mobile-header-display":"","site-post-title":"","ast-breadcrumbs-content":"","ast-featured-img":"","footer-sml-layout":"","theme-transparent-header-meta":"default","adv-header-id-meta":"","stick-header-meta":"","header-above-stick-meta":"","header-main-stick-meta":"","header-below-stick-meta":""},"product_cat":[68,27],"product_tag":[],"class_list":["post-2731","product","type-product","status-publish","has-post-thumbnail","hentry","product_cat-downlight-extraplano-slim-led","product_cat-downlight-plafones-y-placas-led"],"_links":{"self":[{"href":"https:\/\/starlediluminacion.com\/pt\/wp-json\/wp\/v3\/product\/2731","targetHints":{"allow":["GET"]}}],"collection":[{"href":"https:\/\/starlediluminacion.com\/pt\/wp-json\/wp\/v3\/product"}],"about":[{"href":"https:\/\/starlediluminacion.com\/pt\/wp-json\/wp\/v2\/types\/product"}],"wp:featuredmedia":[{"embeddable":true,"href":"https:\/\/starlediluminacion.com\/pt\/wp-json\/wp\/v2\/media\/2733"}],"wp:attachment":[{"href":"https:\/\/starlediluminacion.com\/pt\/wp-json\/wp\/v2\/media?parent=2731"}],"wp:term":[{"taxonomy":"product_cat","embeddable":true,"href":"https:\/\/starlediluminacion.com\/pt\/wp-json\/wp\/v2\/product_cat?post=2731"},{"taxonomy":"product_tag","embeddable":true,"href":"https:\/\/starlediluminacion.com\/pt\/wp-json\/wp\/v2\/product_tag?post=2731"}],"curies":[{"name":"wp","href":"https:\/\/api.w.org\/{rel}","templated":true}]}}