{"id":2645,"date":"2022-08-04T21:10:37","date_gmt":"2022-08-04T21:10:37","guid":{"rendered":"https:\/\/starlediluminacion.com\/?post_type=product&#038;p=2645"},"modified":"2022-08-04T21:10:37","modified_gmt":"2022-08-04T21:10:37","slug":"placa-led-slim-cuadrada-15w-acero-inox-cct-osram-chip-duris-e-2835","status":"publish","type":"product","link":"https:\/\/starlediluminacion.com\/pt\/product\/led-plate-slim-slim-square-15w-acero-inox-cct-osram-chip-duris-e-2835\/","title":{"rendered":"<p>Painel LED Quadrado Fino 15W A\u00e7o Inoxid\u00e1vel - CCT - OSRAM CHIP DURIS E 2835<\/p>"},"content":{"rendered":"<div class=\"product-info-line\">\n<p id=\"product_reference\"><label>REFER\u00caNCIA: SL<span style=\"font-size: 16px;\">90820<\/span><\/label><\/p>\n<div class=\"hidden-xs parrafo\">\n<p>Isto&nbsp;<strong>Painel quadrado LED 15W CCT OSRAM CHIP LED quadrado&nbsp;<\/strong>terminado em<strong>&nbsp;A\u00e7o inox&nbsp;<\/strong> tem um design elegante. A n\u00edvel dom\u00e9stico, \u00e9 perfeito para cozinhas e casas de banho. Perfeito para restaurantes, lojas, empresas e em casa, onde a poupan\u00e7a e a boa ilumina\u00e7\u00e3o s\u00e3o as coisas mais importantes. Feito de Alum\u00ednio.<\/p>\n<h1>Painel LED Quadrado Fino 15W A\u00e7o Inoxid\u00e1vel - CCT - OSRAM CHIP DURIS E 2835<\/h1>\n<p dir=\"ltr\">Isto&nbsp;<strong>Luz de encastrar LED<\/strong>&nbsp;a partir de&nbsp;<strong>15W OSRAM CHIP<\/strong>&nbsp;pot\u00eancia, tem um \u00e2ngulo de abertura de&nbsp;<strong>120\u00ba<\/strong>&nbsp;ideal para a ilumina\u00e7\u00e3o de todos os tipos de estabelecimentos comerciais, tanto privados como profissionais.<\/p>\n<p dir=\"ltr\">\u00c9 feito de&nbsp;<strong>a\u00e7o inoxid\u00e1vel<\/strong>&nbsp;o que contribui para a durabilidade da lumin\u00e1ria.<\/p>\n<p dir=\"ltr\">Gra\u00e7as ao seu design moderno e atractivo, poder\u00e1 escolher entre diferentes tipos de decora\u00e7\u00e3o.<\/p>\n<p dir=\"ltr\">Todos os&nbsp;<strong>Placas LED finas<\/strong>&nbsp;s\u00e3o instant\u00e2neas, permitindo-lhe tirar partido da sua ilumina\u00e7\u00e3o logo desde o in\u00edcio.<\/p>\n<p dir=\"ltr\">\u00cdndice de restitui\u00e7\u00e3o de cor do 80%, exibindo a cor de uma forma muito natural.<\/p>\n<p dir=\"ltr\">O desenho deste tipo de&nbsp;<strong>downlight<\/strong>&nbsp;permite a sua instala\u00e7\u00e3o em superf\u00edcies pouco profundas, tem tamb\u00e9m abas de fixa\u00e7\u00e3o montadas na placa para poupar tempo durante a instala\u00e7\u00e3o.<\/p>\n<p dir=\"ltr\">Comece a desfrutar de ilumina\u00e7\u00e3o de longa dura\u00e7\u00e3o, amiga do ambiente e de alta qualidade.<\/p>\n<p dir=\"ltr\">Temos 3 tipos de temperaturas, que lhe proporcionar\u00e3o diferentes tonalidades de luz. Branco Quente, Branco Natural, Branco Frio. Compre-os agora de uma forma simples, atrav\u00e9s da nossa loja.<\/p>\n<p dir=\"ltr\">\n<\/p><h2 dir=\"ltr\">Usos do Painel de LED Slim Square 15W em a\u00e7o inoxid\u00e1vel - CCT - OSRAM CHIP DURIS E 2835<\/h2>\n<ul>\n<li>Centros de lazer<\/li>\n<li>Lojas<\/li>\n<li>Centros comerciais<\/li>\n<li>Hot\u00e9is<\/li>\n<li>Restaurantes<\/li>\n<li>In\u00edcio<\/li>\n<\/ul>\n<h3 class=\"page-product-heading\">DADOS T\u00c9CNICOS<\/h3>\n<div class=\"col-xs-12 col-md-6\">\n<table class=\"table table-data-sheet 1\">\n<tbody>\n<tr class=\"odd\">\n<td valign=\"middle\" width=\"32\"><\/td>\n<td valign=\"middle\">REFER\u00caNCIA :<\/td>\n<td valign=\"middle\">SL90820<\/td>\n<\/tr>\n<tr class=\"even\">\n<td valign=\"middle\" width=\"32\"><\/td>\n<td valign=\"middle\">Pot\u00eancia nominal :<\/td>\n<td valign=\"middle\">15w<\/td>\n<\/tr>\n<tr class=\"odd\">\n<td valign=\"middle\" width=\"32\"><\/td>\n<td valign=\"middle\">Tens\u00e3o Nominal:<\/td>\n<td valign=\"middle\">85V-265V<\/td>\n<\/tr>\n<tr class=\"even\">\n<td valign=\"middle\" width=\"32\"><\/td>\n<td valign=\"middle\">Temperatura ligeira:<\/td>\n<td valign=\"middle\">COR SELECCION\u00c1VEL: 3000K-4000K-6000K<\/td>\n<\/tr>\n<tr class=\"odd\">\n<td valign=\"middle\" width=\"32\"><\/td>\n<td valign=\"middle\">CRI - Colour Rendering Index:<\/td>\n<td valign=\"middle\">85<\/td>\n<\/tr>\n<tr class=\"even\">\n<td valign=\"middle\" width=\"32\"><\/td>\n<td valign=\"middle\">Material de constru\u00e7\u00e3o:<\/td>\n<td valign=\"middle\">Alum\u00ednio +PC<\/td>\n<\/tr>\n<tr class=\"odd\">\n<td valign=\"middle\" width=\"32\"><\/td>\n<td valign=\"middle\">Luminosidade-Lm:<\/td>\n<td valign=\"middle\">1650Lm<\/td>\n<\/tr>\n<tr class=\"even\">\n<td valign=\"middle\" width=\"32\"><\/td>\n<td valign=\"middle\">Tipo de LEDs:<\/td>\n<td valign=\"middle\">SMD 2835<\/td>\n<\/tr>\n<tr class=\"odd\">\n<td valign=\"middle\" width=\"32\"><\/td>\n<td valign=\"middle\">\u00c2ngulo de abertura (\u00ba):<\/td>\n<td valign=\"middle\">120\u00ba<\/td>\n<\/tr>\n<tr class=\"even\">\n<td valign=\"middle\" width=\"32\"><\/td>\n<td valign=\"middle\">Efici\u00eancia dos d\u00edodos LED (Lm\/W):<\/td>\n<td valign=\"middle\">140 Lm\/W<\/td>\n<\/tr>\n<tr class=\"odd\">\n<td valign=\"middle\" width=\"32\"><\/td>\n<td valign=\"middle\">Efic\u00e1cia luminosa (Lm\/W):<\/td>\n<td valign=\"middle\">110Lm\/W<\/td>\n<\/tr>\n<\/tbody>\n<\/table>\n<\/div>\n<div class=\"col-xs-12 col-md-6 2\">\n<table class=\"table table-data-sheet 2\">\n<tbody>\n<tr class=\"odd\">\n<td valign=\"middle\" width=\"32\"><\/td>\n<td valign=\"middle\">Certificados:<\/td>\n<td valign=\"middle\">CE - ROHS<\/td>\n<\/tr>\n<tr class=\"even\">\n<td valign=\"middle\" width=\"32\"><\/td>\n<td valign=\"middle\">D\u00edodo LED de vida estimada (H):<\/td>\n<td valign=\"middle\">40.000<\/td>\n<\/tr>\n<tr class=\"odd\">\n<td valign=\"middle\" width=\"32\"><\/td>\n<td valign=\"middle\">Dimens\u00f5es (mm):<\/td>\n<td valign=\"middle\">175x175mm H25mm<\/td>\n<\/tr>\n<tr class=\"even\">\n<td valign=\"middle\" width=\"32\"><\/td>\n<td valign=\"middle\">Frequ\u00eancia de trabalho (Hz):<\/td>\n<td valign=\"middle\">50\/60Hz<\/td>\n<\/tr>\n<tr class=\"odd\">\n<td valign=\"middle\" width=\"32\"><\/td>\n<td valign=\"middle\">Gama de temperaturas (\u00baC):<\/td>\n<td valign=\"middle\">-20\u00b0C ~ +55\u00b0C<\/td>\n<\/tr>\n<tr class=\"even\">\n<td valign=\"middle\" width=\"32\"><\/td>\n<td valign=\"middle\">Ciclos de Igni\u00e7\u00e3o:<\/td>\n<td valign=\"middle\">100.000<\/td>\n<\/tr>\n<tr class=\"odd\">\n<td valign=\"middle\" width=\"32\"><\/td>\n<td valign=\"middle\">Tempo de arranque (s):<\/td>\n<td valign=\"middle\">0,2s<\/td>\n<\/tr>\n<tr class=\"even\">\n<td valign=\"middle\" width=\"32\"><\/td>\n<td valign=\"middle\">Corte de tecto (mm):<\/td>\n<td valign=\"middle\">155x155mm<\/td>\n<\/tr>\n<tr class=\"odd\">\n<td valign=\"middle\" width=\"32\"><\/td>\n<td valign=\"middle\">Condutor inclu\u00eddo:<\/td>\n<td valign=\"middle\">SIM<\/td>\n<\/tr>\n<tr class=\"even\">\n<td valign=\"middle\" width=\"32\"><\/td>\n<td valign=\"middle\">Classe energ\u00e9tica (2021-EU-2019\/2015):<\/td>\n<td valign=\"middle\">A+<\/td>\n<\/tr>\n<tr class=\"odd\">\n<td valign=\"middle\" width=\"32\"><\/td>\n<td valign=\"middle\">Anos de garantia:<\/td>\n<td valign=\"middle\">3<\/td>\n<\/tr>\n<\/tbody>\n<\/table>\n<\/div>\n<\/div>\n<\/div>","protected":false},"excerpt":{"rendered":"<div class=\"col-md-12\"><i class=\"fa fa-truck\"><\/i>&nbsp;<span class=\"text-muted textprop\">Entrega em 24\/48 horas<\/span><div class=\"col-md-12\"><i class=\"fa fa-exchange\"><\/i>&nbsp;<span class=\"text-muted textprop\">Garantia do segurado<\/span><\/div><div class=\"col-md-12\"><i class=\"fa fa-box\"><\/i>&nbsp;<span class=\"text-muted textprop\">20 unidade(s) por Masterbox<\/span><\/div><\/div>","protected":false},"featured_media":2646,"template":"","meta":{"site-sidebar-layout":"default","site-content-layout":"default","ast-global-header-display":"","ast-main-header-display":"","ast-hfb-above-header-display":"","ast-hfb-below-header-display":"","ast-hfb-mobile-header-display":"","site-post-title":"","ast-breadcrumbs-content":"","ast-featured-img":"","footer-sml-layout":"","theme-transparent-header-meta":"default","adv-header-id-meta":"","stick-header-meta":"","header-above-stick-meta":"","header-main-stick-meta":"","header-below-stick-meta":""},"product_cat":[27],"product_tag":[],"class_list":["post-2645","product","type-product","status-publish","has-post-thumbnail","hentry","product_cat-downlight-plafones-y-placas-led"],"yoast_head":"<!-- This site is optimized with the Yoast SEO plugin v27.4 - https:\/\/yoast.com\/product\/yoast-seo-wordpress\/ -->\n<title>Placa LED Slim Cuadrada 15W Acero Inox - CCT - OSRAM CHIP DURIS E 2835 - STARLED Iluminacion<\/title>\n<meta name=\"robots\" content=\"index, follow, max-snippet:-1, max-image-preview:large, max-video-preview:-1\" \/>\n<link rel=\"canonical\" href=\"https:\/\/starlediluminacion.com\/pt\/product\/led-platte-led-schlank-quadrat-15w-acero-inox-cct-osram-chip-duris-e-2835\/\" \/>\n<meta property=\"og:locale\" content=\"pt_PT\" \/>\n<meta property=\"og:type\" content=\"article\" \/>\n<meta property=\"og:title\" content=\"Placa LED Slim Cuadrada 15W Acero Inox - CCT - OSRAM CHIP DURIS E 2835 - STARLED Iluminacion\" \/>\n<meta property=\"og:description\" content=\"\u00a0Entrega en 24\/48 horas \u00a0Garant\u00eda asegurada \u00a020 unidad(es) por Masterbox\" \/>\n<meta property=\"og:url\" content=\"https:\/\/starlediluminacion.com\/pt\/product\/led-platte-led-schlank-quadrat-15w-acero-inox-cct-osram-chip-duris-e-2835\/\" \/>\n<meta property=\"og:site_name\" content=\"STARLED Iluminacion\" \/>\n<meta property=\"og:image\" content=\"https:\/\/starlediluminacion.com\/wp-content\/uploads\/2022\/08\/placa-led-slim-cuadrada-20w-acero-inox-cct-osram-chip-factorled-4.jpg\" \/>\n\t<meta property=\"og:image:width\" content=\"1000\" \/>\n\t<meta property=\"og:image:height\" content=\"1000\" \/>\n\t<meta property=\"og:image:type\" content=\"image\/jpeg\" \/>\n<meta name=\"twitter:card\" content=\"summary_large_image\" \/>\n<meta name=\"twitter:label1\" content=\"Tempo estimado de leitura\" \/>\n\t<meta name=\"twitter:data1\" content=\"2 minutos\" \/>\n<script type=\"application\/ld+json\" class=\"yoast-schema-graph\">{\"@context\":\"https:\\\/\\\/schema.org\",\"@graph\":[{\"@type\":\"WebPage\",\"@id\":\"https:\\\/\\\/starlediluminacion.com\\\/de\\\/product\\\/led-platte-led-schlank-quadrat-15w-acero-inox-cct-osram-chip-duris-e-2835\\\/\",\"url\":\"https:\\\/\\\/starlediluminacion.com\\\/de\\\/product\\\/led-platte-led-schlank-quadrat-15w-acero-inox-cct-osram-chip-duris-e-2835\\\/\",\"name\":\"Placa LED Slim Cuadrada 15W Acero Inox - CCT - OSRAM CHIP DURIS E 2835 - STARLED Iluminacion\",\"isPartOf\":{\"@id\":\"https:\\\/\\\/starlediluminacion.com\\\/#website\"},\"primaryImageOfPage\":{\"@id\":\"https:\\\/\\\/starlediluminacion.com\\\/de\\\/product\\\/led-platte-led-schlank-quadrat-15w-acero-inox-cct-osram-chip-duris-e-2835\\\/#primaryimage\"},\"image\":{\"@id\":\"https:\\\/\\\/starlediluminacion.com\\\/de\\\/product\\\/led-platte-led-schlank-quadrat-15w-acero-inox-cct-osram-chip-duris-e-2835\\\/#primaryimage\"},\"thumbnailUrl\":\"https:\\\/\\\/starlediluminacion.com\\\/wp-content\\\/uploads\\\/2022\\\/08\\\/placa-led-slim-cuadrada-20w-acero-inox-cct-osram-chip-factorled-4.jpg\",\"datePublished\":\"2022-08-04T21:10:37+00:00\",\"breadcrumb\":{\"@id\":\"https:\\\/\\\/starlediluminacion.com\\\/de\\\/product\\\/led-platte-led-schlank-quadrat-15w-acero-inox-cct-osram-chip-duris-e-2835\\\/#breadcrumb\"},\"inLanguage\":\"pt-PT\",\"potentialAction\":[{\"@type\":\"ReadAction\",\"target\":[\"https:\\\/\\\/starlediluminacion.com\\\/de\\\/product\\\/led-platte-led-schlank-quadrat-15w-acero-inox-cct-osram-chip-duris-e-2835\\\/\"]}]},{\"@type\":\"ImageObject\",\"inLanguage\":\"pt-PT\",\"@id\":\"https:\\\/\\\/starlediluminacion.com\\\/de\\\/product\\\/led-platte-led-schlank-quadrat-15w-acero-inox-cct-osram-chip-duris-e-2835\\\/#primaryimage\",\"url\":\"https:\\\/\\\/starlediluminacion.com\\\/wp-content\\\/uploads\\\/2022\\\/08\\\/placa-led-slim-cuadrada-20w-acero-inox-cct-osram-chip-factorled-4.jpg\",\"contentUrl\":\"https:\\\/\\\/starlediluminacion.com\\\/wp-content\\\/uploads\\\/2022\\\/08\\\/placa-led-slim-cuadrada-20w-acero-inox-cct-osram-chip-factorled-4.jpg\",\"width\":1000,\"height\":1000},{\"@type\":\"BreadcrumbList\",\"@id\":\"https:\\\/\\\/starlediluminacion.com\\\/de\\\/product\\\/led-platte-led-schlank-quadrat-15w-acero-inox-cct-osram-chip-duris-e-2835\\\/#breadcrumb\",\"itemListElement\":[{\"@type\":\"ListItem\",\"position\":1,\"name\":\"Portada\",\"item\":\"https:\\\/\\\/starlediluminacion.com\\\/\"},{\"@type\":\"ListItem\",\"position\":2,\"name\":\"Shop\",\"item\":\"https:\\\/\\\/starlediluminacion.com\\\/shop-2\\\/\"},{\"@type\":\"ListItem\",\"position\":3,\"name\":\"Placa LED Slim Cuadrada 15W Acero Inox &#8211; CCT &#8211; OSRAM CHIP DURIS E 2835\"}]},{\"@type\":\"WebSite\",\"@id\":\"https:\\\/\\\/starlediluminacion.com\\\/#website\",\"url\":\"https:\\\/\\\/starlediluminacion.com\\\/\",\"name\":\"STARLED Iluminacion\",\"description\":\"\",\"potentialAction\":[{\"@type\":\"SearchAction\",\"target\":{\"@type\":\"EntryPoint\",\"urlTemplate\":\"https:\\\/\\\/starlediluminacion.com\\\/?s={search_term_string}\"},\"query-input\":{\"@type\":\"PropertyValueSpecification\",\"valueRequired\":true,\"valueName\":\"search_term_string\"}}],\"inLanguage\":\"pt-PT\"}]}<\/script>\n<!-- \/ Yoast SEO plugin. -->","yoast_head_json":{"title":"Placa LED Slim Cuadrada 15W Acero Inox - CCT - OSRAM CHIP DURIS E 2835 - STARLED Iluminacion","robots":{"index":"index","follow":"follow","max-snippet":"max-snippet:-1","max-image-preview":"max-image-preview:large","max-video-preview":"max-video-preview:-1"},"canonical":"https:\/\/starlediluminacion.com\/pt\/product\/led-platte-led-schlank-quadrat-15w-acero-inox-cct-osram-chip-duris-e-2835\/","og_locale":"pt_PT","og_type":"article","og_title":"Placa LED Slim Cuadrada 15W Acero Inox - CCT - OSRAM CHIP DURIS E 2835 - STARLED Iluminacion","og_description":"\u00a0Entrega en 24\/48 horas \u00a0Garant\u00eda asegurada \u00a020 unidad(es) por Masterbox","og_url":"https:\/\/starlediluminacion.com\/pt\/product\/led-platte-led-schlank-quadrat-15w-acero-inox-cct-osram-chip-duris-e-2835\/","og_site_name":"STARLED Iluminacion","og_image":[{"width":1000,"height":1000,"url":"https:\/\/starlediluminacion.com\/wp-content\/uploads\/2022\/08\/placa-led-slim-cuadrada-20w-acero-inox-cct-osram-chip-factorled-4.jpg","type":"image\/jpeg"}],"twitter_card":"summary_large_image","twitter_misc":{"Tempo estimado de leitura":"2 minutos"},"schema":{"@context":"https:\/\/schema.org","@graph":[{"@type":"WebPage","@id":"https:\/\/starlediluminacion.com\/de\/product\/led-platte-led-schlank-quadrat-15w-acero-inox-cct-osram-chip-duris-e-2835\/","url":"https:\/\/starlediluminacion.com\/de\/product\/led-platte-led-schlank-quadrat-15w-acero-inox-cct-osram-chip-duris-e-2835\/","name":"Placa LED Slim Cuadrada 15W Acero Inox - CCT - OSRAM CHIP DURIS E 2835 - STARLED Iluminacion","isPartOf":{"@id":"https:\/\/starlediluminacion.com\/#website"},"primaryImageOfPage":{"@id":"https:\/\/starlediluminacion.com\/de\/product\/led-platte-led-schlank-quadrat-15w-acero-inox-cct-osram-chip-duris-e-2835\/#primaryimage"},"image":{"@id":"https:\/\/starlediluminacion.com\/de\/product\/led-platte-led-schlank-quadrat-15w-acero-inox-cct-osram-chip-duris-e-2835\/#primaryimage"},"thumbnailUrl":"https:\/\/starlediluminacion.com\/wp-content\/uploads\/2022\/08\/placa-led-slim-cuadrada-20w-acero-inox-cct-osram-chip-factorled-4.jpg","datePublished":"2022-08-04T21:10:37+00:00","breadcrumb":{"@id":"https:\/\/starlediluminacion.com\/de\/product\/led-platte-led-schlank-quadrat-15w-acero-inox-cct-osram-chip-duris-e-2835\/#breadcrumb"},"inLanguage":"pt-PT","potentialAction":[{"@type":"ReadAction","target":["https:\/\/starlediluminacion.com\/de\/product\/led-platte-led-schlank-quadrat-15w-acero-inox-cct-osram-chip-duris-e-2835\/"]}]},{"@type":"ImageObject","inLanguage":"pt-PT","@id":"https:\/\/starlediluminacion.com\/de\/product\/led-platte-led-schlank-quadrat-15w-acero-inox-cct-osram-chip-duris-e-2835\/#primaryimage","url":"https:\/\/starlediluminacion.com\/wp-content\/uploads\/2022\/08\/placa-led-slim-cuadrada-20w-acero-inox-cct-osram-chip-factorled-4.jpg","contentUrl":"https:\/\/starlediluminacion.com\/wp-content\/uploads\/2022\/08\/placa-led-slim-cuadrada-20w-acero-inox-cct-osram-chip-factorled-4.jpg","width":1000,"height":1000},{"@type":"BreadcrumbList","@id":"https:\/\/starlediluminacion.com\/de\/product\/led-platte-led-schlank-quadrat-15w-acero-inox-cct-osram-chip-duris-e-2835\/#breadcrumb","itemListElement":[{"@type":"ListItem","position":1,"name":"Portada","item":"https:\/\/starlediluminacion.com\/"},{"@type":"ListItem","position":2,"name":"Shop","item":"https:\/\/starlediluminacion.com\/shop-2\/"},{"@type":"ListItem","position":3,"name":"Placa LED Slim Cuadrada 15W Acero Inox &#8211; CCT &#8211; OSRAM CHIP DURIS E 2835"}]},{"@type":"WebSite","@id":"https:\/\/starlediluminacion.com\/#website","url":"https:\/\/starlediluminacion.com\/","name":"STARLED Iluminacion","description":"","potentialAction":[{"@type":"SearchAction","target":{"@type":"EntryPoint","urlTemplate":"https:\/\/starlediluminacion.com\/?s={search_term_string}"},"query-input":{"@type":"PropertyValueSpecification","valueRequired":true,"valueName":"search_term_string"}}],"inLanguage":"pt-PT"}]}},"_links":{"self":[{"href":"https:\/\/starlediluminacion.com\/pt\/wp-json\/wp\/v3\/product\/2645","targetHints":{"allow":["GET"]}}],"collection":[{"href":"https:\/\/starlediluminacion.com\/pt\/wp-json\/wp\/v3\/product"}],"about":[{"href":"https:\/\/starlediluminacion.com\/pt\/wp-json\/wp\/v2\/types\/product"}],"wp:featuredmedia":[{"embeddable":true,"href":"https:\/\/starlediluminacion.com\/pt\/wp-json\/wp\/v2\/media\/2646"}],"wp:attachment":[{"href":"https:\/\/starlediluminacion.com\/pt\/wp-json\/wp\/v2\/media?parent=2645"}],"wp:term":[{"taxonomy":"product_cat","embeddable":true,"href":"https:\/\/starlediluminacion.com\/pt\/wp-json\/wp\/v2\/product_cat?post=2645"},{"taxonomy":"product_tag","embeddable":true,"href":"https:\/\/starlediluminacion.com\/pt\/wp-json\/wp\/v2\/product_tag?post=2645"}],"curies":[{"name":"wp","href":"https:\/\/api.w.org\/{rel}","templated":true}]}}