{"id":2609,"date":"2022-08-04T20:49:06","date_gmt":"2022-08-04T20:49:06","guid":{"rendered":"https:\/\/starlediluminacion.com\/?post_type=product&#038;p=2609"},"modified":"2022-08-04T20:49:06","modified_gmt":"2022-08-04T20:49:06","slug":"placa-led-circular-20w-con-detector-de-movimiento-cct-osram-chip","status":"publish","type":"product","link":"https:\/\/starlediluminacion.com\/pt\/product\/placa-led-circular-20w-com-movimento-detector-cto-cto-corramico-chip\/","title":{"rendered":"<p>Painel LED circular de 20W com detector de movimento - CCT - OSRAM CHIP<\/p>"},"content":{"rendered":"<div class=\"product-info-line\">\n<p id=\"product_reference\"><label>REFER\u00caNCIA: SL<span style=\"font-size: 16px;\">90813-CCT<\/span><\/label><\/p>\n<p><strong>Painel LED OSRAM CHIP&nbsp;<\/strong>DURIS E 2835 com<strong>&nbsp;Sensor de movimento,&nbsp;<\/strong>pode ser ligado em fun\u00e7\u00e3o da luz exterior (todo o dia, crep\u00fasculo ou escurid\u00e3o total), al\u00e9m disso, pode ser ligado em fun\u00e7\u00e3o da luz exterior (todo o dia, crep\u00fasculo ou escurid\u00e3o total).&nbsp;<strong>downlight<\/strong>&nbsp;pode regular o tempo de igni\u00e7\u00e3o, conforme necess\u00e1rio.<\/p>\n<p>Feito de alum\u00ednio + PMMA, com um acabamento branco e uma sa\u00edda de&nbsp;<strong>20W<\/strong>&nbsp;\u00e9 um produto especialmente concebido para \u00e1reas de tr\u00e2nsito. Tem uma gama de&nbsp;<strong>alcance de 6 metros.&nbsp;<\/strong>&nbsp;Caracteriza-se pela sua&nbsp;<strong>Detector de presen\u00e7a<\/strong>&nbsp;e Luminosidade.<\/p>\n<h1>Painel LED circular de 20W com detector de movimento - CCT - OSRAM CHIP<\/h1>\n<p><strong>Placa LED CCT com MOTION SENSOR<\/strong>&nbsp;LED feito de alum\u00ednio + PMMA. Com um acabamento branco e um poder de&nbsp;<strong>20W<\/strong>&nbsp;\u00e9 um produto especialmente concebido para a detec\u00e7\u00e3o de passagens. Tem uma gama de&nbsp;<strong>alcance de 6 metros<\/strong>&nbsp;e um tempo de funcionamento de&nbsp;<strong>Detec\u00e7\u00e3o de 30-45-300 segundos<\/strong>. O sensor \u00e9 activado sempre que \u00e9 detectado movimento.<\/p>\n<p>Gra\u00e7as \u00e0s suas 3 op\u00e7\u00f5es de&nbsp;<strong>detector<\/strong>&nbsp;a partir de&nbsp;<strong>luminosidade<\/strong>O detector pode ser ajustado para funcionar de acordo com as suas necessidades. O detector tamb\u00e9m permite 3 ajustes de tempo: 15 segundos - 45 segundos - 5 minutos.<\/p>\n<p>O interior inclui LEDs&nbsp;<strong>Chip OSRAM<\/strong>&nbsp;alta luminosidade para conseguir uma ilumina\u00e7\u00e3o de qualidade, gra\u00e7as \u00e0 sua grande resist\u00eancia o projector tem uma maior durabilidade atingindo 100.000 ciclos de igni\u00e7\u00e3o ao mesmo tempo que alcan\u00e7a uma grande&nbsp;<strong>poupan\u00e7a de energia<\/strong>&nbsp;nas suas contas de electricidade.<\/p>\n<p>Este produto tem uma protec\u00e7\u00e3o&nbsp;<strong>IP40<\/strong>\u00c9, portanto, um produto para uso interior. Com o seu \u00e2ngulo prim\u00e1rio de&nbsp;<strong>120\u00ba<\/strong>&nbsp;A luz uniforme \u00e9 conseguida em qualquer espa\u00e7o, criando um ambiente uniforme.<\/p>\n<p>&nbsp;<\/p>\n<h2>Usos do Painel LED Circular 20W com Detector de Movimento - CCT - OSRAM CHIP<\/h2>\n<ul>\n<li>Ilumina\u00e7\u00e3o dom\u00e9stica: casas de banho, cozinhas, corredores, sala de estar.<\/li>\n<li>Ilumina\u00e7\u00e3o empresarial: casas de banho, hall, escrit\u00f3rios.<\/li>\n<li>Ilumina\u00e7\u00e3o comercial: Centros comerciais e pequenas lojas.<\/li>\n<\/ul>\n<p>Downligth 20W tecto circular com detector de movimento<\/p>\n<h3 class=\"page-product-heading\">DADOS T\u00c9CNICOS<\/h3>\n<div class=\"col-xs-12 col-md-6\">\n<table class=\"table table-data-sheet 1\">\n<tbody>\n<tr class=\"odd\">\n<td valign=\"middle\" width=\"32\"><\/td>\n<td valign=\"middle\">REFER\u00caNCIA :<\/td>\n<td valign=\"middle\">SL90813-CCT<\/td>\n<\/tr>\n<tr class=\"even\">\n<td valign=\"middle\" width=\"32\"><\/td>\n<td valign=\"middle\">Pot\u00eancia nominal :<\/td>\n<td valign=\"middle\">20w<\/td>\n<\/tr>\n<tr class=\"odd\">\n<td valign=\"middle\" width=\"32\"><\/td>\n<td valign=\"middle\">Tens\u00e3o Nominal:<\/td>\n<td valign=\"middle\">85V-265V<\/td>\n<\/tr>\n<tr class=\"even\">\n<td valign=\"middle\" width=\"32\"><\/td>\n<td valign=\"middle\">Temperatura ligeira:<\/td>\n<td valign=\"middle\">COR SELECCION\u00c1VEL: 3000K-4000K-6000K<\/td>\n<\/tr>\n<tr class=\"odd\">\n<td valign=\"middle\" width=\"32\"><\/td>\n<td valign=\"middle\">CRI - Colour Rendering Index:<\/td>\n<td valign=\"middle\">85<\/td>\n<\/tr>\n<tr class=\"even\">\n<td valign=\"middle\" width=\"32\"><\/td>\n<td valign=\"middle\">Material de constru\u00e7\u00e3o:<\/td>\n<td valign=\"middle\">Alum\u00ednio +PC<\/td>\n<\/tr>\n<tr class=\"odd\">\n<td valign=\"middle\" width=\"32\"><\/td>\n<td valign=\"middle\">Luminosidade-Lm:<\/td>\n<td valign=\"middle\">2200<\/td>\n<\/tr>\n<tr class=\"even\">\n<td valign=\"middle\" width=\"32\"><\/td>\n<td valign=\"middle\">Tipo de LEDs:<\/td>\n<td valign=\"middle\">SMD 2835<\/td>\n<\/tr>\n<tr class=\"odd\">\n<td valign=\"middle\" width=\"32\"><\/td>\n<td valign=\"middle\">\u00c2ngulo de abertura (\u00ba):<\/td>\n<td valign=\"middle\">120\u00ba<\/td>\n<\/tr>\n<tr class=\"even\">\n<td valign=\"middle\" width=\"32\"><\/td>\n<td valign=\"middle\">Efici\u00eancia dos d\u00edodos LED (Lm\/W):<\/td>\n<td valign=\"middle\">140 Lm\/W<\/td>\n<\/tr>\n<tr class=\"odd\">\n<td valign=\"middle\" width=\"32\"><\/td>\n<td valign=\"middle\">Efic\u00e1cia luminosa (Lm\/W):<\/td>\n<td valign=\"middle\">110 Lm\/W<\/td>\n<\/tr>\n<tr class=\"even\">\n<td valign=\"middle\" width=\"32\"><\/td>\n<td valign=\"middle\">Certificados:<\/td>\n<td valign=\"middle\">CE - ROHS<\/td>\n<\/tr>\n<tr class=\"odd\">\n<td valign=\"middle\" width=\"32\"><\/td>\n<td valign=\"middle\">D\u00edodo LED de vida estimada (H):<\/td>\n<td valign=\"middle\">40.000<\/td>\n<\/tr>\n<\/tbody>\n<\/table>\n<\/div>\n<div class=\"col-xs-12 col-md-6 2\">\n<table class=\"table table-data-sheet 2\">\n<tbody>\n<tr class=\"odd\">\n<td valign=\"middle\" width=\"32\"><\/td>\n<td valign=\"middle\">Dimens\u00f5es (mm):<\/td>\n<td valign=\"middle\">\u00d8225mm H25mm<\/td>\n<\/tr>\n<tr class=\"even\">\n<td valign=\"middle\" width=\"32\"><\/td>\n<td valign=\"middle\">Frequ\u00eancia de trabalho (Hz):<\/td>\n<td valign=\"middle\">50\/60Hz<\/td>\n<\/tr>\n<tr class=\"odd\">\n<td valign=\"middle\" width=\"32\"><\/td>\n<td valign=\"middle\">Gama de temperaturas (\u00baC):<\/td>\n<td valign=\"middle\">-20\u00b0C ~ +55\u00b0C<\/td>\n<\/tr>\n<tr class=\"even\">\n<td valign=\"middle\" width=\"32\"><\/td>\n<td valign=\"middle\">Ciclos de Igni\u00e7\u00e3o:<\/td>\n<td valign=\"middle\">100.000<\/td>\n<\/tr>\n<tr class=\"odd\">\n<td valign=\"middle\" width=\"32\"><\/td>\n<td valign=\"middle\">Tempo de arranque (s):<\/td>\n<td valign=\"middle\">0,2s<\/td>\n<\/tr>\n<tr class=\"even\">\n<td valign=\"middle\" width=\"32\"><\/td>\n<td valign=\"middle\">Corte de tecto (mm):<\/td>\n<td valign=\"middle\">\u00d8210mm<\/td>\n<\/tr>\n<tr class=\"odd\">\n<td valign=\"middle\" width=\"32\"><\/td>\n<td valign=\"middle\">Modos de controlo:<\/td>\n<td valign=\"middle\">INFRARED<\/td>\n<\/tr>\n<tr class=\"even\">\n<td valign=\"middle\" width=\"32\"><\/td>\n<td valign=\"middle\">Condutor inclu\u00eddo:<\/td>\n<td valign=\"middle\">SIM<\/td>\n<\/tr>\n<tr class=\"odd\">\n<td valign=\"middle\" width=\"32\"><\/td>\n<td valign=\"middle\">Classe energ\u00e9tica (2021-EU-2019\/2015):<\/td>\n<td valign=\"middle\">A+<\/td>\n<\/tr>\n<tr class=\"even\">\n<td valign=\"middle\" width=\"32\"><\/td>\n<td valign=\"middle\">Classe energ\u00e9tica (2023 - EU-2019\/2015):<\/td>\n<td valign=\"middle\">F<\/td>\n<\/tr>\n<tr class=\"odd\">\n<td valign=\"middle\" width=\"32\"><\/td>\n<td valign=\"middle\">Anos de garantia:<\/td>\n<td valign=\"middle\">3<\/td>\n<\/tr>\n<tr class=\"even\">\n<td valign=\"middle\" width=\"32\"><\/td>\n<td valign=\"middle\">Alcance (m) :<\/td>\n<td valign=\"middle\">6 m.<\/td>\n<\/tr>\n<tr class=\"odd\">\n<td valign=\"middle\" width=\"32\"><\/td>\n<td valign=\"middle\">Tempo de liga\u00e7\u00e3o :<\/td>\n<td valign=\"middle\">Program\u00e1vel: 15 Sec - 45 Sec -5Min<\/td>\n<\/tr>\n<\/tbody>\n<\/table>\n<\/div>\n<\/div>","protected":false},"excerpt":{"rendered":"<div class=\"col-md-12\"><i class=\"fa fa-truck\"><\/i>&nbsp;<span class=\"text-muted textprop\">Entrega em 24\/48 horas<\/span><div class=\"col-md-12\"><i class=\"fa fa-exchange\"><\/i>&nbsp;<span class=\"text-muted textprop\">Garantia do segurado<\/span><\/div><div class=\"col-md-12\"><i class=\"fa fa-box\"><\/i>&nbsp;<span class=\"text-muted textprop\">20 unidade(s) por Masterbox<\/span><\/div><\/div>","protected":false},"featured_media":2620,"template":"","meta":{"site-sidebar-layout":"default","site-content-layout":"default","ast-global-header-display":"","ast-main-header-display":"","ast-hfb-above-header-display":"","ast-hfb-below-header-display":"","ast-hfb-mobile-header-display":"","site-post-title":"","ast-breadcrumbs-content":"","ast-featured-img":"","footer-sml-layout":"","theme-transparent-header-meta":"default","adv-header-id-meta":"","stick-header-meta":"","header-above-stick-meta":"","header-main-stick-meta":"","header-below-stick-meta":""},"product_cat":[27],"product_tag":[],"class_list":["post-2609","product","type-product","status-publish","has-post-thumbnail","hentry","product_cat-downlight-plafones-y-placas-led"],"yoast_head":"<!-- This site is optimized with the Yoast SEO plugin v27.4 - https:\/\/yoast.com\/product\/yoast-seo-wordpress\/ -->\n<title>Placa LED Circular 20W con Detector de Movimiento - CCT - OSRAM CHIP - STARLED Iluminacion<\/title>\n<meta name=\"robots\" content=\"index, follow, max-snippet:-1, max-image-preview:large, max-video-preview:-1\" \/>\n<link rel=\"canonical\" href=\"https:\/\/starlediluminacion.com\/pt\/product\/placa-led-circular-20w-com-movimento-detector-cto-cto-corramico-chip\/\" \/>\n<meta property=\"og:locale\" content=\"pt_PT\" \/>\n<meta property=\"og:type\" content=\"article\" \/>\n<meta property=\"og:title\" content=\"Placa LED Circular 20W con Detector de Movimiento - CCT - OSRAM CHIP - STARLED Iluminacion\" \/>\n<meta property=\"og:description\" content=\"\u00a0Entrega en 24\/48 horas \u00a0Garant\u00eda asegurada \u00a020 unidad(es) por Masterbox\" \/>\n<meta property=\"og:url\" content=\"https:\/\/starlediluminacion.com\/pt\/product\/placa-led-circular-20w-com-movimento-detector-cto-cto-corramico-chip\/\" \/>\n<meta property=\"og:site_name\" content=\"STARLED Iluminacion\" \/>\n<meta property=\"og:image\" content=\"https:\/\/starlediluminacion.com\/wp-content\/uploads\/2022\/08\/placa-slim-led-circular-20w-osram-chip-factorled-9.jpg\" \/>\n\t<meta property=\"og:image:width\" content=\"1000\" \/>\n\t<meta property=\"og:image:height\" content=\"1000\" \/>\n\t<meta property=\"og:image:type\" content=\"image\/jpeg\" \/>\n<meta name=\"twitter:card\" content=\"summary_large_image\" \/>\n<meta name=\"twitter:label1\" content=\"Tempo estimado de leitura\" \/>\n\t<meta name=\"twitter:data1\" content=\"2 minutos\" \/>\n<script type=\"application\/ld+json\" class=\"yoast-schema-graph\">{\"@context\":\"https:\\\/\\\/schema.org\",\"@graph\":[{\"@type\":\"WebPage\",\"@id\":\"https:\\\/\\\/starlediluminacion.com\\\/producto\\\/placa-led-circular-20w-con-detector-de-movimiento-cct-osram-chip\\\/\",\"url\":\"https:\\\/\\\/starlediluminacion.com\\\/producto\\\/placa-led-circular-20w-con-detector-de-movimiento-cct-osram-chip\\\/\",\"name\":\"Placa LED Circular 20W con Detector de Movimiento - CCT - OSRAM CHIP - STARLED Iluminacion\",\"isPartOf\":{\"@id\":\"https:\\\/\\\/starlediluminacion.com\\\/#website\"},\"primaryImageOfPage\":{\"@id\":\"https:\\\/\\\/starlediluminacion.com\\\/producto\\\/placa-led-circular-20w-con-detector-de-movimiento-cct-osram-chip\\\/#primaryimage\"},\"image\":{\"@id\":\"https:\\\/\\\/starlediluminacion.com\\\/producto\\\/placa-led-circular-20w-con-detector-de-movimiento-cct-osram-chip\\\/#primaryimage\"},\"thumbnailUrl\":\"https:\\\/\\\/starlediluminacion.com\\\/wp-content\\\/uploads\\\/2022\\\/08\\\/placa-slim-led-circular-20w-osram-chip-factorled-9.jpg\",\"datePublished\":\"2022-08-04T20:49:06+00:00\",\"breadcrumb\":{\"@id\":\"https:\\\/\\\/starlediluminacion.com\\\/producto\\\/placa-led-circular-20w-con-detector-de-movimiento-cct-osram-chip\\\/#breadcrumb\"},\"inLanguage\":\"pt-PT\",\"potentialAction\":[{\"@type\":\"ReadAction\",\"target\":[\"https:\\\/\\\/starlediluminacion.com\\\/producto\\\/placa-led-circular-20w-con-detector-de-movimiento-cct-osram-chip\\\/\"]}]},{\"@type\":\"ImageObject\",\"inLanguage\":\"pt-PT\",\"@id\":\"https:\\\/\\\/starlediluminacion.com\\\/producto\\\/placa-led-circular-20w-con-detector-de-movimiento-cct-osram-chip\\\/#primaryimage\",\"url\":\"https:\\\/\\\/starlediluminacion.com\\\/wp-content\\\/uploads\\\/2022\\\/08\\\/placa-slim-led-circular-20w-osram-chip-factorled-9.jpg\",\"contentUrl\":\"https:\\\/\\\/starlediluminacion.com\\\/wp-content\\\/uploads\\\/2022\\\/08\\\/placa-slim-led-circular-20w-osram-chip-factorled-9.jpg\",\"width\":1000,\"height\":1000},{\"@type\":\"BreadcrumbList\",\"@id\":\"https:\\\/\\\/starlediluminacion.com\\\/producto\\\/placa-led-circular-20w-con-detector-de-movimiento-cct-osram-chip\\\/#breadcrumb\",\"itemListElement\":[{\"@type\":\"ListItem\",\"position\":1,\"name\":\"Portada\",\"item\":\"https:\\\/\\\/starlediluminacion.com\\\/\"},{\"@type\":\"ListItem\",\"position\":2,\"name\":\"Shop\",\"item\":\"https:\\\/\\\/starlediluminacion.com\\\/shop-2\\\/\"},{\"@type\":\"ListItem\",\"position\":3,\"name\":\"Placa LED Circular 20W con Detector de Movimiento &#8211; CCT &#8211; OSRAM CHIP\"}]},{\"@type\":\"WebSite\",\"@id\":\"https:\\\/\\\/starlediluminacion.com\\\/#website\",\"url\":\"https:\\\/\\\/starlediluminacion.com\\\/\",\"name\":\"STARLED Iluminacion\",\"description\":\"\",\"potentialAction\":[{\"@type\":\"SearchAction\",\"target\":{\"@type\":\"EntryPoint\",\"urlTemplate\":\"https:\\\/\\\/starlediluminacion.com\\\/?s={search_term_string}\"},\"query-input\":{\"@type\":\"PropertyValueSpecification\",\"valueRequired\":true,\"valueName\":\"search_term_string\"}}],\"inLanguage\":\"pt-PT\"}]}<\/script>\n<!-- \/ Yoast SEO plugin. -->","yoast_head_json":{"title":"Placa LED Circular 20W con Detector de Movimiento - CCT - OSRAM CHIP - STARLED Iluminacion","robots":{"index":"index","follow":"follow","max-snippet":"max-snippet:-1","max-image-preview":"max-image-preview:large","max-video-preview":"max-video-preview:-1"},"canonical":"https:\/\/starlediluminacion.com\/pt\/product\/placa-led-circular-20w-com-movimento-detector-cto-cto-corramico-chip\/","og_locale":"pt_PT","og_type":"article","og_title":"Placa LED Circular 20W con Detector de Movimiento - CCT - OSRAM CHIP - STARLED Iluminacion","og_description":"\u00a0Entrega en 24\/48 horas \u00a0Garant\u00eda asegurada \u00a020 unidad(es) por Masterbox","og_url":"https:\/\/starlediluminacion.com\/pt\/product\/placa-led-circular-20w-com-movimento-detector-cto-cto-corramico-chip\/","og_site_name":"STARLED Iluminacion","og_image":[{"width":1000,"height":1000,"url":"https:\/\/starlediluminacion.com\/wp-content\/uploads\/2022\/08\/placa-slim-led-circular-20w-osram-chip-factorled-9.jpg","type":"image\/jpeg"}],"twitter_card":"summary_large_image","twitter_misc":{"Tempo estimado de leitura":"2 minutos"},"schema":{"@context":"https:\/\/schema.org","@graph":[{"@type":"WebPage","@id":"https:\/\/starlediluminacion.com\/producto\/placa-led-circular-20w-con-detector-de-movimiento-cct-osram-chip\/","url":"https:\/\/starlediluminacion.com\/producto\/placa-led-circular-20w-con-detector-de-movimiento-cct-osram-chip\/","name":"Placa LED Circular 20W con Detector de Movimiento - CCT - OSRAM CHIP - STARLED Iluminacion","isPartOf":{"@id":"https:\/\/starlediluminacion.com\/#website"},"primaryImageOfPage":{"@id":"https:\/\/starlediluminacion.com\/producto\/placa-led-circular-20w-con-detector-de-movimiento-cct-osram-chip\/#primaryimage"},"image":{"@id":"https:\/\/starlediluminacion.com\/producto\/placa-led-circular-20w-con-detector-de-movimiento-cct-osram-chip\/#primaryimage"},"thumbnailUrl":"https:\/\/starlediluminacion.com\/wp-content\/uploads\/2022\/08\/placa-slim-led-circular-20w-osram-chip-factorled-9.jpg","datePublished":"2022-08-04T20:49:06+00:00","breadcrumb":{"@id":"https:\/\/starlediluminacion.com\/producto\/placa-led-circular-20w-con-detector-de-movimiento-cct-osram-chip\/#breadcrumb"},"inLanguage":"pt-PT","potentialAction":[{"@type":"ReadAction","target":["https:\/\/starlediluminacion.com\/producto\/placa-led-circular-20w-con-detector-de-movimiento-cct-osram-chip\/"]}]},{"@type":"ImageObject","inLanguage":"pt-PT","@id":"https:\/\/starlediluminacion.com\/producto\/placa-led-circular-20w-con-detector-de-movimiento-cct-osram-chip\/#primaryimage","url":"https:\/\/starlediluminacion.com\/wp-content\/uploads\/2022\/08\/placa-slim-led-circular-20w-osram-chip-factorled-9.jpg","contentUrl":"https:\/\/starlediluminacion.com\/wp-content\/uploads\/2022\/08\/placa-slim-led-circular-20w-osram-chip-factorled-9.jpg","width":1000,"height":1000},{"@type":"BreadcrumbList","@id":"https:\/\/starlediluminacion.com\/producto\/placa-led-circular-20w-con-detector-de-movimiento-cct-osram-chip\/#breadcrumb","itemListElement":[{"@type":"ListItem","position":1,"name":"Portada","item":"https:\/\/starlediluminacion.com\/"},{"@type":"ListItem","position":2,"name":"Shop","item":"https:\/\/starlediluminacion.com\/shop-2\/"},{"@type":"ListItem","position":3,"name":"Placa LED Circular 20W con Detector de Movimiento &#8211; CCT &#8211; OSRAM CHIP"}]},{"@type":"WebSite","@id":"https:\/\/starlediluminacion.com\/#website","url":"https:\/\/starlediluminacion.com\/","name":"STARLED Iluminacion","description":"","potentialAction":[{"@type":"SearchAction","target":{"@type":"EntryPoint","urlTemplate":"https:\/\/starlediluminacion.com\/?s={search_term_string}"},"query-input":{"@type":"PropertyValueSpecification","valueRequired":true,"valueName":"search_term_string"}}],"inLanguage":"pt-PT"}]}},"_links":{"self":[{"href":"https:\/\/starlediluminacion.com\/pt\/wp-json\/wp\/v3\/product\/2609","targetHints":{"allow":["GET"]}}],"collection":[{"href":"https:\/\/starlediluminacion.com\/pt\/wp-json\/wp\/v3\/product"}],"about":[{"href":"https:\/\/starlediluminacion.com\/pt\/wp-json\/wp\/v2\/types\/product"}],"wp:featuredmedia":[{"embeddable":true,"href":"https:\/\/starlediluminacion.com\/pt\/wp-json\/wp\/v2\/media\/2620"}],"wp:attachment":[{"href":"https:\/\/starlediluminacion.com\/pt\/wp-json\/wp\/v2\/media?parent=2609"}],"wp:term":[{"taxonomy":"product_cat","embeddable":true,"href":"https:\/\/starlediluminacion.com\/pt\/wp-json\/wp\/v2\/product_cat?post=2609"},{"taxonomy":"product_tag","embeddable":true,"href":"https:\/\/starlediluminacion.com\/pt\/wp-json\/wp\/v2\/product_tag?post=2609"}],"curies":[{"name":"wp","href":"https:\/\/api.w.org\/{rel}","templated":true}]}}