{"id":2478,"date":"2022-08-03T20:17:14","date_gmt":"2022-08-03T20:17:14","guid":{"rendered":"https:\/\/starlediluminacion.com\/?post_type=product&#038;p=2478"},"modified":"2025-10-18T10:28:28","modified_gmt":"2025-10-18T10:28:28","slug":"regleta-estanca-led-50w-philips-driver-coreplus-cct-150cm","status":"publish","type":"product","link":"https:\/\/starlediluminacion.com\/pt\/product\/power-strip-lever-led-50w-philips-driver-coreplus-cct-150cm\/","title":{"rendered":"<p>fita de led \u00e0 prova de \u00e1gua 50w driver coreplus - cct - 150cm<\/p>"},"content":{"rendered":"<p><label>referencia: slc<span style=\"font-size: 16px;\">rt150-8024cct<\/span><\/label><div class=\"hidden-xs parrafo\">\n<p><strong>regleta color seleccionable (cct 3000k-4000k-6000k) led integrado con driver  isolated<\/strong><strong>.&nbsp;<\/strong>la cubierta de la regleta es semi transparente fabricada en policarbonato y abs.<\/p>\n<h1><strong>fita de led \u00e0 prova de \u00e1gua 50w driver coreplus - cct - 150cm<\/strong><\/h1>\n<p><strong>la regleta led de 150cm<\/strong>&nbsp;em comprimento e&nbsp;<strong>50w&nbsp;<\/strong>de potencia presenta su conexi&oacute;n a un extremo previamente se&ntilde;alizado. se trata de una regleta opal fabricada en pc. su cobertura evita deslumbramientos.<\/p>\n<p>&aacute;ngulo de&nbsp;<strong>120\u00b0<\/strong>&nbsp;com projec\u00e7\u00e3o para luz distribu\u00edda de alta qualidade.<\/p>\n<p>el material de la cubierta es&nbsp;<strong>makrolon&reg; 2807<\/strong>. es un material de alt&iacute;sima calidad que aguanta temperaturas extremas (280-320&ordm;c) con&nbsp;<strong>certificado rohs y ul<\/strong>.&nbsp;<strong>cumple con la norma iso 7391-pc<\/strong><\/p>\n<p>su conexi&oacute;n directa a 170-265v permite eliminar el gasto que supone usar reactancia y cebador en los dispositivos de iluminaci&oacute;n tradicionales lo que repercute en un mejor rendimiento y vida &uacute;til m&aacute;s duradera.<\/p>\n<p>la regleta est&aacute; compuesto por el<strong>&nbsp;diodo smalite smd-2835 de alta luminosidad, calidad y eficiencia lm\/w,<\/strong><strong>&nbsp;<\/strong>com&nbsp;<strong>driver  isolated<\/strong>\u00e9 um avan\u00e7o tecnol\u00f3gico em&nbsp;<strong>high efficiency<\/strong>\u00c9 uma op\u00e7\u00e3o muito interessante para todo o tipo de aplica\u00e7\u00f5es interiores.<\/p>\n<p>consigue un mayor ahorro, evita parpadeos de la luz en el encendido de la luminaria y consigue de este modo un encendido instant&aacute;neo con esta regleta led.<\/p>\n<p>&nbsp;<\/p>\n<h2>usos de la&nbsp;regleta estanca led 50w  driver coreplus &ndash; cct &ndash; 150cm<strong><br>\n<\/strong><\/h2>\n<ul>\n<li>garajes<\/li>\n<li>pasillos<\/li>\n<li>centros comerciais<\/li>\n<li>hospitais<\/li>\n<li>f\u00e1bricas<\/li>\n<li>armaz\u00e9ns<\/li>\n<\/ul>\n<h3 class=\"page-product-heading\">pormenores t\u00e9cnicos<\/h3>\n<div class=\"col-xs-12 col-md-6\">\n<table class=\"table table-data-sheet 1\">\n<tbody>\n<tr class=\"odd\">\n<td valign=\"middle\" width=\"32\"><\/td>\n<td valign=\"middle\">refer\u00eancia :<\/td>\n<td valign=\"middle\">slcrt120-8023cct<\/td>\n<\/tr>\n<tr class=\"even\">\n<td valign=\"middle\" width=\"32\"><\/td>\n<td valign=\"middle\">pot\u00eancia nominal :<\/td>\n<td valign=\"middle\">50w<\/td>\n<\/tr>\n<tr class=\"odd\">\n<td valign=\"middle\" width=\"32\"><\/td>\n<td valign=\"middle\">tens\u00e3o nominal:<\/td>\n<td valign=\"middle\">170 &ndash; 265v<\/td>\n<\/tr>\n<tr class=\"even\">\n<td valign=\"middle\" width=\"32\"><\/td>\n<td valign=\"middle\">temperatura da luz:<\/td>\n<td valign=\"middle\">cor selecion\u00e1vel: 3000k-4000k-6000k<\/td>\n<\/tr>\n<tr class=\"odd\">\n<td valign=\"middle\" width=\"32\"><\/td>\n<td valign=\"middle\">cri - \u00edndice de reprodu\u00e7\u00e3o crom\u00e1tica:<\/td>\n<td valign=\"middle\">85<\/td>\n<\/tr>\n<tr class=\"even\">\n<td valign=\"middle\" width=\"32\"><\/td>\n<td valign=\"middle\">material de constru\u00e7\u00e3o:<\/td>\n<td valign=\"middle\">abs + makrolon\u00ae 2807<\/td>\n<\/tr>\n<tr class=\"odd\">\n<td valign=\"middle\" width=\"32\"><\/td>\n<td valign=\"middle\">luminosidade-lm:<\/td>\n<td valign=\"middle\">7000<\/td>\n<\/tr>\n<tr class=\"even\">\n<td valign=\"middle\" width=\"32\"><\/td>\n<td valign=\"middle\">tipo de LEDs:<\/td>\n<td valign=\"middle\">smd 2835<\/td>\n<\/tr>\n<tr class=\"odd\">\n<td valign=\"middle\" width=\"32\"><\/td>\n<td valign=\"middle\">\u00e2ngulo de abertura (\u00ba):<\/td>\n<td valign=\"middle\">150\u00ba<\/td>\n<\/tr>\n<tr class=\"even\">\n<td valign=\"middle\" width=\"32\"><\/td>\n<td valign=\"middle\">efici\u00eancia do d\u00edodo LED (lm\/w):<\/td>\n<td valign=\"middle\">160 lm\/w<\/td>\n<\/tr>\n<tr class=\"odd\">\n<td valign=\"middle\" width=\"32\"><\/td>\n<td valign=\"middle\">efic\u00e1cia luminosa (lm\/w):<\/td>\n<td valign=\"middle\">140lm\/w<\/td>\n<\/tr>\n<tr class=\"even\">\n<td valign=\"middle\" width=\"32\"><\/td>\n<td valign=\"middle\">certificados:<\/td>\n<td valign=\"middle\">ce - rohs - emc - ul<\/td>\n<\/tr>\n<\/tbody>\n<\/table>\n<\/div>\n<div class=\"col-xs-12 col-md-6 2\">\n<table class=\"table table-data-sheet 2\">\n<tbody>\n<tr class=\"odd\">\n<td valign=\"middle\" width=\"32\"><\/td>\n<td valign=\"middle\">grau de ip:<\/td>\n<td valign=\"middle\">ip65-externo<\/td>\n<\/tr>\n<tr class=\"even\">\n<td valign=\"middle\" width=\"32\"><\/td>\n<td valign=\"middle\">dura\u00e7\u00e3o estimada do d\u00edodo de led (h):<\/td>\n<td valign=\"middle\">100.000<\/td>\n<\/tr>\n<tr class=\"odd\">\n<td valign=\"middle\" width=\"32\"><\/td>\n<td valign=\"middle\">dimens\u00f5es (mm):<\/td>\n<td valign=\"middle\">l:1500 w:70 h:70 mm<\/td>\n<\/tr>\n<tr class=\"even\">\n<td valign=\"middle\" width=\"32\"><\/td>\n<td valign=\"middle\">fator de pot\u00eancia (pf):<\/td>\n<td valign=\"middle\">0.9<\/td>\n<\/tr>\n<tr class=\"odd\">\n<td valign=\"middle\" width=\"32\"><\/td>\n<td valign=\"middle\">frequ\u00eancia de funcionamento (hz):<\/td>\n<td valign=\"middle\">50\/60hz<\/td>\n<\/tr>\n<tr class=\"even\">\n<td valign=\"middle\" width=\"32\"><\/td>\n<td valign=\"middle\">gama de temperaturas (\u00baC):<\/td>\n<td valign=\"middle\">-20\u00b0c ~ +55\u00b0c<\/td>\n<\/tr>\n<tr class=\"odd\">\n<td valign=\"middle\" width=\"32\"><\/td>\n<td valign=\"middle\">ciclos de igni\u00e7\u00e3o:<\/td>\n<td valign=\"middle\">100.000<\/td>\n<\/tr>\n<tr class=\"even\">\n<td valign=\"middle\" width=\"32\"><\/td>\n<td valign=\"middle\">tempo de arranque (s):<\/td>\n<td valign=\"middle\">0,2s<\/td>\n<\/tr>\n<tr class=\"odd\">\n<td valign=\"middle\" width=\"32\"><\/td>\n<td valign=\"middle\">informa\u00e7\u00f5es adicionais:<\/td>\n<td valign=\"middle\">controladores de leds isolados lineares certadrive<\/td>\n<\/tr>\n<tr class=\"even\">\n<td valign=\"middle\" width=\"32\"><\/td>\n<td valign=\"middle\">prote\u00e7\u00e3o contra impactos (ik):<\/td>\n<td valign=\"middle\">ik08<\/td>\n<\/tr>\n<tr class=\"odd\">\n<td valign=\"middle\" width=\"32\"><\/td>\n<td valign=\"middle\">classe energ\u00e9tica (2021-EU-2019\/2015):<\/td>\n<td valign=\"middle\">a+<\/td>\n<\/tr>\n<tr class=\"even\">\n<td valign=\"middle\" width=\"32\"><\/td>\n<td valign=\"middle\">anos de garantia:<\/td>\n<td valign=\"middle\">3<\/td>\n<\/tr>\n<\/tbody>\n<\/table>\n<\/div>\n<\/div><\/p>","protected":false},"excerpt":{"rendered":"<div class=\"col-md-12\"><i class=\"fa fa-truck\"><\/i>&nbsp;<span class=\"text-muted textprop\">Entrega em 24\/48 horas<\/span><div class=\"col-md-12\"><i class=\"fa fa-exchange\"><\/i>&nbsp;<span class=\"text-muted textprop\">Garantia do segurado<\/span><\/div><div class=\"col-md-12\"><i class=\"fa fa-box\"><\/i>&nbsp;<span class=\"text-muted textprop\">6 unidade(s) por Masterbox<\/span><\/div><\/div>","protected":false},"featured_media":0,"template":"","meta":{"site-sidebar-layout":"default","site-content-layout":"default","ast-global-header-display":"","ast-main-header-display":"","ast-hfb-above-header-display":"","ast-hfb-below-header-display":"","ast-hfb-mobile-header-display":"","site-post-title":"","ast-breadcrumbs-content":"","ast-featured-img":"","footer-sml-layout":"","theme-transparent-header-meta":"default","adv-header-id-meta":"","stick-header-meta":"","header-above-stick-meta":"","header-main-stick-meta":"","header-below-stick-meta":""},"product_cat":[50,25],"product_tag":[],"class_list":["post-2478","product","type-product","status-publish","hentry","product_cat-pantallas-estancas-y-regletas","product_cat-tubos"],"yoast_head":"<!-- This site is optimized with the Yoast SEO plugin v27.4 - https:\/\/yoast.com\/product\/yoast-seo-wordpress\/ -->\n<title>regleta estanca led 50w driver coreplus - cct - 150cm - STARLED Iluminacion<\/title>\n<meta name=\"robots\" content=\"index, follow, max-snippet:-1, max-image-preview:large, max-video-preview:-1\" \/>\n<link rel=\"canonical\" href=\"https:\/\/starlediluminacion.com\/pt\/product\/regleta-estanca-led-50w-philips-driver-coreplus-cct-150cm\/\" \/>\n<meta property=\"og:locale\" content=\"pt_PT\" \/>\n<meta property=\"og:type\" content=\"article\" \/>\n<meta property=\"og:title\" content=\"regleta estanca led 50w driver coreplus - cct - 150cm - STARLED Iluminacion\" \/>\n<meta property=\"og:description\" content=\"\u00a0Entrega en 24\/48 horas \u00a0Garant\u00eda asegurada \u00a06 unidad(es) por Masterbox\" \/>\n<meta property=\"og:url\" content=\"https:\/\/starlediluminacion.com\/pt\/product\/regleta-estanca-led-50w-philips-driver-coreplus-cct-150cm\/\" \/>\n<meta property=\"og:site_name\" content=\"STARLED Iluminacion\" \/>\n<meta property=\"article:modified_time\" content=\"2025-10-18T10:28:28+00:00\" \/>\n<meta name=\"twitter:card\" content=\"summary_large_image\" \/>\n<meta name=\"twitter:label1\" content=\"Tempo estimado de leitura\" \/>\n\t<meta name=\"twitter:data1\" content=\"2 minutos\" \/>\n<script type=\"application\/ld+json\" class=\"yoast-schema-graph\">{\"@context\":\"https:\\\/\\\/schema.org\",\"@graph\":[{\"@type\":\"WebPage\",\"@id\":\"https:\\\/\\\/starlediluminacion.com\\\/de\\\/product\\\/regleta-estanca-led-50w-philips-driver-coreplus-cct-150cm\\\/\",\"url\":\"https:\\\/\\\/starlediluminacion.com\\\/de\\\/product\\\/regleta-estanca-led-50w-philips-driver-coreplus-cct-150cm\\\/\",\"name\":\"regleta estanca led 50w driver coreplus - cct - 150cm - STARLED Iluminacion\",\"isPartOf\":{\"@id\":\"https:\\\/\\\/starlediluminacion.com\\\/#website\"},\"datePublished\":\"2022-08-03T20:17:14+00:00\",\"dateModified\":\"2025-10-18T10:28:28+00:00\",\"breadcrumb\":{\"@id\":\"https:\\\/\\\/starlediluminacion.com\\\/de\\\/product\\\/regleta-estanca-led-50w-philips-driver-coreplus-cct-150cm\\\/#breadcrumb\"},\"inLanguage\":\"pt-PT\",\"potentialAction\":[{\"@type\":\"ReadAction\",\"target\":[\"https:\\\/\\\/starlediluminacion.com\\\/de\\\/product\\\/regleta-estanca-led-50w-philips-driver-coreplus-cct-150cm\\\/\"]}]},{\"@type\":\"BreadcrumbList\",\"@id\":\"https:\\\/\\\/starlediluminacion.com\\\/de\\\/product\\\/regleta-estanca-led-50w-philips-driver-coreplus-cct-150cm\\\/#breadcrumb\",\"itemListElement\":[{\"@type\":\"ListItem\",\"position\":1,\"name\":\"Portada\",\"item\":\"https:\\\/\\\/starlediluminacion.com\\\/\"},{\"@type\":\"ListItem\",\"position\":2,\"name\":\"Shop\",\"item\":\"https:\\\/\\\/starlediluminacion.com\\\/shop-2\\\/\"},{\"@type\":\"ListItem\",\"position\":3,\"name\":\"regleta estanca led 50w driver coreplus &#8211; cct &#8211; 150cm\"}]},{\"@type\":\"WebSite\",\"@id\":\"https:\\\/\\\/starlediluminacion.com\\\/#website\",\"url\":\"https:\\\/\\\/starlediluminacion.com\\\/\",\"name\":\"STARLED Iluminacion\",\"description\":\"\",\"potentialAction\":[{\"@type\":\"SearchAction\",\"target\":{\"@type\":\"EntryPoint\",\"urlTemplate\":\"https:\\\/\\\/starlediluminacion.com\\\/?s={search_term_string}\"},\"query-input\":{\"@type\":\"PropertyValueSpecification\",\"valueRequired\":true,\"valueName\":\"search_term_string\"}}],\"inLanguage\":\"pt-PT\"}]}<\/script>\n<!-- \/ Yoast SEO plugin. -->","yoast_head_json":{"title":"regleta estanca led 50w driver coreplus - cct - 150cm - STARLED Iluminacion","robots":{"index":"index","follow":"follow","max-snippet":"max-snippet:-1","max-image-preview":"max-image-preview:large","max-video-preview":"max-video-preview:-1"},"canonical":"https:\/\/starlediluminacion.com\/pt\/product\/regleta-estanca-led-50w-philips-driver-coreplus-cct-150cm\/","og_locale":"pt_PT","og_type":"article","og_title":"regleta estanca led 50w driver coreplus - cct - 150cm - STARLED Iluminacion","og_description":"\u00a0Entrega en 24\/48 horas \u00a0Garant\u00eda asegurada \u00a06 unidad(es) por Masterbox","og_url":"https:\/\/starlediluminacion.com\/pt\/product\/regleta-estanca-led-50w-philips-driver-coreplus-cct-150cm\/","og_site_name":"STARLED Iluminacion","article_modified_time":"2025-10-18T10:28:28+00:00","twitter_card":"summary_large_image","twitter_misc":{"Tempo estimado de leitura":"2 minutos"},"schema":{"@context":"https:\/\/schema.org","@graph":[{"@type":"WebPage","@id":"https:\/\/starlediluminacion.com\/de\/product\/regleta-estanca-led-50w-philips-driver-coreplus-cct-150cm\/","url":"https:\/\/starlediluminacion.com\/de\/product\/regleta-estanca-led-50w-philips-driver-coreplus-cct-150cm\/","name":"regleta estanca led 50w driver coreplus - cct - 150cm - STARLED Iluminacion","isPartOf":{"@id":"https:\/\/starlediluminacion.com\/#website"},"datePublished":"2022-08-03T20:17:14+00:00","dateModified":"2025-10-18T10:28:28+00:00","breadcrumb":{"@id":"https:\/\/starlediluminacion.com\/de\/product\/regleta-estanca-led-50w-philips-driver-coreplus-cct-150cm\/#breadcrumb"},"inLanguage":"pt-PT","potentialAction":[{"@type":"ReadAction","target":["https:\/\/starlediluminacion.com\/de\/product\/regleta-estanca-led-50w-philips-driver-coreplus-cct-150cm\/"]}]},{"@type":"BreadcrumbList","@id":"https:\/\/starlediluminacion.com\/de\/product\/regleta-estanca-led-50w-philips-driver-coreplus-cct-150cm\/#breadcrumb","itemListElement":[{"@type":"ListItem","position":1,"name":"Portada","item":"https:\/\/starlediluminacion.com\/"},{"@type":"ListItem","position":2,"name":"Shop","item":"https:\/\/starlediluminacion.com\/shop-2\/"},{"@type":"ListItem","position":3,"name":"regleta estanca led 50w driver coreplus &#8211; cct &#8211; 150cm"}]},{"@type":"WebSite","@id":"https:\/\/starlediluminacion.com\/#website","url":"https:\/\/starlediluminacion.com\/","name":"STARLED Iluminacion","description":"","potentialAction":[{"@type":"SearchAction","target":{"@type":"EntryPoint","urlTemplate":"https:\/\/starlediluminacion.com\/?s={search_term_string}"},"query-input":{"@type":"PropertyValueSpecification","valueRequired":true,"valueName":"search_term_string"}}],"inLanguage":"pt-PT"}]}},"_links":{"self":[{"href":"https:\/\/starlediluminacion.com\/pt\/wp-json\/wp\/v3\/product\/2478","targetHints":{"allow":["GET"]}}],"collection":[{"href":"https:\/\/starlediluminacion.com\/pt\/wp-json\/wp\/v3\/product"}],"about":[{"href":"https:\/\/starlediluminacion.com\/pt\/wp-json\/wp\/v2\/types\/product"}],"wp:attachment":[{"href":"https:\/\/starlediluminacion.com\/pt\/wp-json\/wp\/v2\/media?parent=2478"}],"wp:term":[{"taxonomy":"product_cat","embeddable":true,"href":"https:\/\/starlediluminacion.com\/pt\/wp-json\/wp\/v2\/product_cat?post=2478"},{"taxonomy":"product_tag","embeddable":true,"href":"https:\/\/starlediluminacion.com\/pt\/wp-json\/wp\/v2\/product_tag?post=2478"}],"curies":[{"name":"wp","href":"https:\/\/api.w.org\/{rel}","templated":true}]}}