{"id":2362,"date":"2022-08-03T18:27:24","date_gmt":"2022-08-03T18:27:24","guid":{"rendered":"https:\/\/starlediluminacion.com\/?post_type=product&#038;p=2362"},"modified":"2022-12-18T10:59:02","modified_gmt":"2022-12-18T10:59:02","slug":"tubo-led-18w-cristal-120cm-300o-alta-luminosidad-osram-chip","status":"publish","type":"product","link":"https:\/\/starlediluminacion.com\/pt\/product\/tubo-led-18w-cristal-120cm-300o-alta-luminosidad-osram-chip\/","title":{"rendered":"<p>Tubo LED 18W Crystal 120cm 300\u00ba - LUMINOSIDADE ALTA - OSRAM CHIP<\/p>"},"content":{"rendered":"<div class=\"product-info-line\">\n<p id=\"product_reference\"><label>REFER\u00caNCIA: SL<span style=\"font-size: 16px;\">TBGOSR18W-90739<\/span><\/label><\/p>\n<p>O<strong>&nbsp;TUBO LED DE ALTA LUMINOSIDADE&nbsp;<\/strong>de SMD 2835<strong>&nbsp;OSRAM&nbsp;<\/strong>CHIP 130 Lm\/W<strong>,<\/strong>&nbsp;com&nbsp;<strong>Factor de pot\u00eancia +0,90<\/strong>&nbsp;y&nbsp;<strong>18W de pot\u00eancia&nbsp;<\/strong>\u00e9 uma solu\u00e7\u00e3o excelente e econ\u00f3mica para a substitui\u00e7\u00e3o de l\u00e2mpadas fluorescentes T8. Inclui ponte de arranque. N\u00e3o \u00e9 necess\u00e1rio modificar o ecr\u00e3, substitua o arrancador pelo \"fus\u00edvel\". Poupa tempo e dinheiro. Liga\u00e7\u00e3o apenas de um lado.<\/p>\n<h1>Tubo LED 18W Cristal 120cm 300\u00ba - ALTA LUMINOSIDADE - OSRAM CHIP<\/h1>\n<p>O&nbsp;<strong>LED de ALTA LUZ T8 120cm LED TUBE<\/strong>&nbsp;SMD 2835<strong>&nbsp;OSRAM<\/strong>&nbsp;CHIP 130 Lm\/W e&nbsp;<strong>18W de pot\u00eancia&nbsp;<\/strong>\u00e9 uma solu\u00e7\u00e3o excelente e rent\u00e1vel para a substitui\u00e7\u00e3o dos tubos fluorescentes T8. A sua liga\u00e7\u00e3o directa \u00e0 rede elimina o consumo restante de balastros e estrangulamentos, permitindo uma vida \u00fatil mais longa, requisitos de manuten\u00e7\u00e3o reduzidos, igni\u00e7\u00e3o r\u00e1pida e efeito de cintila\u00e7\u00e3o.<strong>&nbsp;Inclui arranque com LED.<\/strong><\/p>\n<p>Este tubo T8 tem&nbsp;<strong>liga\u00e7\u00e3o com uma ponta<\/strong>que \u00e9 serigrafado. Para optimizar o consumo de energia, o arrancador deve ser substitu\u00eddo e o balastro das antigas l\u00e2mpadas fluorescentes deve ser retirado. Tem&nbsp;<strong>d\u00edodo&nbsp;<\/strong>SMD 2835 de<strong>&nbsp;OSRAM CHIP de 130Lm\/W&nbsp;&nbsp;<\/strong>e um revestimento de vidro com elevada transmiss\u00e3o de luz para uma distribui\u00e7\u00e3o uniforme da luz.&nbsp;<strong>\u00c2ngulo de 300\u00ba<\/strong>.<\/p>\n<p>Tem um&nbsp;<strong>factor de pot\u00eancia superior a 0,90.&nbsp;<\/strong>Funciona a 175-265V e tem um CRI superior a 80%. Revestimento opala que n\u00e3o produz brilho. Tem tamb\u00e9m protec\u00e7\u00e3o contra curto-circuitos e sobreaquecimento.<\/p>\n<p>Obtenha maiores poupan\u00e7as, evite a cintila\u00e7\u00e3o da luz ao ligar a lumin\u00e1ria e obtenha assim uma liga\u00e7\u00e3o instant\u00e2nea com este tubo LED.<\/p>\n<h2>Utiliza\u00e7\u00f5es do Tubo LED 18W Cristal 120cm 300\u00ba - ALTA LUMINOSIDADE - OSRAM CHIP<\/h2>\n<ul>\n<li>Cozinhas<\/li>\n<li>Lojas<\/li>\n<li>Escrit\u00f3rios<\/li>\n<li>Garagens<\/li>\n<\/ul>\n<h3 class=\"page-product-heading\">DADOS T\u00c9CNICOS<\/h3>\n<div class=\"col-xs-12 col-md-6\">\n<table class=\"table table-data-sheet 1\">\n<tbody>\n<tr class=\"odd\">\n<td valign=\"middle\" width=\"32\"><\/td>\n<td valign=\"middle\">REFER\u00caNCIA :<\/td>\n<td valign=\"middle\">SLTBGOSR18W<\/td>\n<\/tr>\n<tr class=\"even\">\n<td valign=\"middle\" width=\"32\"><\/td>\n<td valign=\"middle\">Pot\u00eancia nominal :<\/td>\n<td valign=\"middle\">18W<\/td>\n<\/tr>\n<tr class=\"odd\">\n<td valign=\"middle\" width=\"32\"><\/td>\n<td valign=\"middle\">Tens\u00e3o Nominal:<\/td>\n<td valign=\"middle\">175-265V<\/td>\n<\/tr>\n<tr class=\"even\">\n<td valign=\"middle\" width=\"32\"><\/td>\n<td valign=\"middle\">Temperatura ligeira:<\/td>\n<td valign=\"middle\">4000K-6000K<\/td>\n<\/tr>\n<tr class=\"odd\">\n<td valign=\"middle\" width=\"32\"><\/td>\n<td valign=\"middle\">CRI - Colour Rendering Index:<\/td>\n<td valign=\"middle\">80<\/td>\n<\/tr>\n<tr class=\"even\">\n<td valign=\"middle\" width=\"32\"><\/td>\n<td valign=\"middle\">Material de constru\u00e7\u00e3o:<\/td>\n<td valign=\"middle\">Vidro +PC<\/td>\n<\/tr>\n<tr class=\"odd\">\n<td valign=\"middle\" width=\"32\"><\/td>\n<td valign=\"middle\">Luminosidade-Lm:<\/td>\n<td valign=\"middle\">2080 Lm<\/td>\n<\/tr>\n<tr class=\"even\">\n<td valign=\"middle\" width=\"32\"><\/td>\n<td valign=\"middle\">Tipo de LEDs:<\/td>\n<td valign=\"middle\">SMD DURIS E 2835 OSRAM CHIPLED<\/td>\n<\/tr>\n<tr class=\"odd\">\n<td valign=\"middle\" width=\"32\"><\/td>\n<td valign=\"middle\">\u00c2ngulo de abertura (\u00ba):<\/td>\n<td valign=\"middle\">300\u00ba<\/td>\n<\/tr>\n<tr class=\"even\">\n<td valign=\"middle\" width=\"32\"><\/td>\n<td valign=\"middle\">Efici\u00eancia dos d\u00edodos LED (Lm\/W):<\/td>\n<td valign=\"middle\">150Lm\/W<\/td>\n<\/tr>\n<tr class=\"odd\">\n<td valign=\"middle\" width=\"32\"><\/td>\n<td valign=\"middle\">Efic\u00e1cia luminosa (Lm\/W):<\/td>\n<td valign=\"middle\">130 Lm\/W<\/td>\n<\/tr>\n<tr class=\"even\">\n<td valign=\"middle\" width=\"32\"><\/td>\n<td valign=\"middle\">Arbusto:<\/td>\n<td valign=\"middle\">T8<\/td>\n<\/tr>\n<tr class=\"odd\">\n<td valign=\"middle\" width=\"32\"><\/td>\n<td valign=\"middle\">Certificados:<\/td>\n<td valign=\"middle\">CE - ROHS<\/td>\n<\/tr>\n<\/tbody>\n<\/table>\n<\/div>\n<div class=\"col-xs-12 col-md-6 2\">\n<table class=\"table table-data-sheet 2\">\n<tbody>\n<tr class=\"odd\">\n<td valign=\"middle\" width=\"32\"><\/td>\n<td valign=\"middle\">Classifica\u00e7\u00e3o IP:<\/td>\n<td valign=\"middle\">IP20<\/td>\n<\/tr>\n<tr class=\"even\">\n<td valign=\"middle\" width=\"32\"><\/td>\n<td valign=\"middle\">D\u00edodo LED de vida estimada (H):<\/td>\n<td valign=\"middle\">25000<\/td>\n<\/tr>\n<tr class=\"odd\">\n<td valign=\"middle\" width=\"32\"><\/td>\n<td valign=\"middle\">Dimens\u00f5es (mm):<\/td>\n<td valign=\"middle\">120Cm<\/td>\n<\/tr>\n<tr class=\"even\">\n<td valign=\"middle\" width=\"32\"><\/td>\n<td valign=\"middle\">Factor de pot\u00eancia (PF):<\/td>\n<td valign=\"middle\">0.9<\/td>\n<\/tr>\n<tr class=\"odd\">\n<td valign=\"middle\" width=\"32\"><\/td>\n<td valign=\"middle\">Frequ\u00eancia de trabalho (Hz):<\/td>\n<td valign=\"middle\">50\/60Hz<\/td>\n<\/tr>\n<tr class=\"even\">\n<td valign=\"middle\" width=\"32\"><\/td>\n<td valign=\"middle\">Gama de temperaturas (\u00baC):<\/td>\n<td valign=\"middle\">-20\u00b0C ~ +55\u00b0C<\/td>\n<\/tr>\n<tr class=\"odd\">\n<td valign=\"middle\" width=\"32\"><\/td>\n<td valign=\"middle\">Ciclos de Igni\u00e7\u00e3o:<\/td>\n<td valign=\"middle\">100.000<\/td>\n<\/tr>\n<tr class=\"even\">\n<td valign=\"middle\" width=\"32\"><\/td>\n<td valign=\"middle\">Tempo de arranque (s):<\/td>\n<td valign=\"middle\">0,2s<\/td>\n<\/tr>\n<tr class=\"odd\">\n<td valign=\"middle\" width=\"32\"><\/td>\n<td valign=\"middle\">Informa\u00e7\u00e3o adicional:<\/td>\n<td valign=\"middle\">Liga\u00e7\u00e3o uma extremidade<\/td>\n<\/tr>\n<tr class=\"even\">\n<td valign=\"middle\" width=\"32\"><\/td>\n<td valign=\"middle\">Classe energ\u00e9tica (2021-EU-2019\/2015):<\/td>\n<td valign=\"middle\">A++<\/td>\n<\/tr>\n<tr class=\"odd\">\n<td valign=\"middle\" width=\"32\"><\/td>\n<td valign=\"middle\">Anos de garantia:<\/td>\n<td valign=\"middle\">3<\/td>\n<\/tr>\n<tr class=\"even\">\n<td valign=\"middle\" width=\"32\"><\/td>\n<td valign=\"middle\">Cor do corpo:<\/td>\n<td valign=\"middle\">Branco<\/td>\n<\/tr>\n<\/tbody>\n<\/table>\n<\/div>\n<\/div>","protected":false},"excerpt":{"rendered":"<div>\n<div class=\"col-md-12\"><i class=\"fa fa-truck\"><\/i>&nbsp;<span class=\"text-muted textprop\">Entrega em 24\/48 horas<\/span><\/div>\n<div class=\"col-md-12\"><i class=\"fa fa-exchange\"><\/i>&nbsp;<span class=\"text-muted textprop\">Garantia do segurado<\/span><\/div>\n<div class=\"col-md-12\"><strong style=\"font-size: 16px;\">PRO PACK <span class=\"text-muted textprop\">10\/50\/100\/200\/500 unidade(s) por Masterbox<\/span><\/strong><br>\n<i class=\"fa fa-box\"><\/i><\/div>\n<div><strong>TEMPERATURA DE COR: 4000K\/5700K<\/strong><\/div><\/div>","protected":false},"featured_media":2361,"template":"","meta":{"site-sidebar-layout":"default","site-content-layout":"default","ast-global-header-display":"","ast-main-header-display":"","ast-hfb-above-header-display":"","ast-hfb-below-header-display":"","ast-hfb-mobile-header-display":"","site-post-title":"","ast-breadcrumbs-content":"","ast-featured-img":"","footer-sml-layout":"","theme-transparent-header-meta":"default","adv-header-id-meta":"","stick-header-meta":"","header-above-stick-meta":"","header-main-stick-meta":"","header-below-stick-meta":""},"product_cat":[49,25],"product_tag":[],"class_list":["post-2362","product","type-product","status-publish","has-post-thumbnail","hentry","product_cat-tubos-led-cristal-t8","product_cat-tubos"],"_links":{"self":[{"href":"https:\/\/starlediluminacion.com\/pt\/wp-json\/wp\/v3\/product\/2362","targetHints":{"allow":["GET"]}}],"collection":[{"href":"https:\/\/starlediluminacion.com\/pt\/wp-json\/wp\/v3\/product"}],"about":[{"href":"https:\/\/starlediluminacion.com\/pt\/wp-json\/wp\/v2\/types\/product"}],"wp:featuredmedia":[{"embeddable":true,"href":"https:\/\/starlediluminacion.com\/pt\/wp-json\/wp\/v2\/media\/2361"}],"wp:attachment":[{"href":"https:\/\/starlediluminacion.com\/pt\/wp-json\/wp\/v2\/media?parent=2362"}],"wp:term":[{"taxonomy":"product_cat","embeddable":true,"href":"https:\/\/starlediluminacion.com\/pt\/wp-json\/wp\/v2\/product_cat?post=2362"},{"taxonomy":"product_tag","embeddable":true,"href":"https:\/\/starlediluminacion.com\/pt\/wp-json\/wp\/v2\/product_tag?post=2362"}],"curies":[{"name":"wp","href":"https:\/\/api.w.org\/{rel}","templated":true}]}}