{"id":2346,"date":"2022-08-03T18:16:28","date_gmt":"2022-08-03T18:16:28","guid":{"rendered":"https:\/\/starlediluminacion.com\/?post_type=product&#038;p=2346"},"modified":"2022-12-18T11:00:38","modified_gmt":"2022-12-18T11:00:38","slug":"pack-10-tubo-led-20w-cristal-120cm-t8-170-lm-w-pro-max-lumens-3400lm-no-flick","status":"publish","type":"product","link":"https:\/\/starlediluminacion.com\/pt\/product\/pack-10-tubo-led-20w-cristal-120cm-t8-170-lm-w-pro-max-lumens-3400lm-no-flick\/","title":{"rendered":"<p>PACK 10 - Tubo LED 20W Crystal 120cm T8 - 170 Lm\/W - PRO MAX LUMENS - 3400Lm - SEM FLICK<\/p>"},"content":{"rendered":"<p><label>REFER\u00caNCIA: <span style=\"font-size: 16px;\">SLTBGH20W-90773<\/span><\/label><p>O<strong>&nbsp;Tubo de LED 120cm - PROFISSIONAL - 3200Lm-&nbsp;<\/strong>SUPER ALTA LUMINOSIDADE de SMD 2835 - 190 Lm\/W- com&nbsp;<strong>Factor de pot\u00eancia +0,90<\/strong>&nbsp;e Poder de<strong>&nbsp;20W<\/strong>A produ\u00e7\u00e3o de 160Lm\/W \u00e9 uma solu\u00e7\u00e3o excelente e econ\u00f3mica para a substitui\u00e7\u00e3o dos tubos fluorescentes T8, que pode ser reduzida para metade gra\u00e7as \u00e0 sua elevada produ\u00e7\u00e3o de l\u00famen.<\/p><p>Inclui o jumper para inicia\u00e7\u00e3o. N\u00e3o h\u00e1 necessidade de modificar o ecr\u00e3, substituir o estrangulamento pelo 'fus\u00edvel'. Poupa tempo e dinheiro. Liga\u00e7\u00e3o apenas de um lado.&nbsp;<strong>Condutor sem cintila\u00e7\u00e3o (sem cintila\u00e7\u00e3o).&nbsp;<\/strong><\/p><h1>Tubo LED 20W Crystal 120cm T8 - 160 Lm\/W - MAX LUMENS - 3200Lm<\/h1><p>O&nbsp;<strong>LED de ALTA LUZ T8 120cm LED TUBE<\/strong>&nbsp;SMD 2835 - 190 Lm\/W e uma pot\u00eancia de<strong>&nbsp;20W<\/strong>&nbsp;\u00e9 uma solu\u00e7\u00e3o excelente e rent\u00e1vel para a substitui\u00e7\u00e3o dos tubos fluorescentes T8. A sua liga\u00e7\u00e3o directa \u00e0 rede elimina o consumo restante de balastros e estrangulamentos, permitindo uma vida \u00fatil mais longa, requisitos de manuten\u00e7\u00e3o reduzidos, igni\u00e7\u00e3o r\u00e1pida e efeito de cintila\u00e7\u00e3o.<strong>&nbsp;Inclui arranque com LED.<\/strong><\/p><p>Este tubo T8 tem&nbsp;<strong>liga\u00e7\u00e3o com uma ponta<\/strong>que \u00e9 serigrafada. Para optimizar o consumo de energia, o arrancador deve ser substitu\u00eddo e o lastro dos antigos tubos fluorescentes deve ser removido.<\/p><p>O nosso tubo profissional atinge um alto desempenho&nbsp;<strong>de 160 Lm\/W (diodo 190Lm\/W)<\/strong><\/p><p>Tem um&nbsp;<strong>factor de pot\u00eancia superior a 0,90.&nbsp;<\/strong>Funciona a 175-265V e tem um CRI superior a 80%. Revestimento opala que n\u00e3o produz brilho. Tem tamb\u00e9m protec\u00e7\u00e3o contra curto-circuitos e sobreaquecimento.<\/p><p>Conseguir uma maior poupan\u00e7a, evitar cintila\u00e7\u00e3o (NO FLICK) da luz ao ligar a lumin\u00e1ria e assim conseguir uma liga\u00e7\u00e3o instant\u00e2nea com este tubo LED.<\/p><h2>Utiliza\u00e7\u00e3o do Tubo LED 20W Crystal 120cm 300\u00ba - ALTA LUMINOSIDADE:<\/h2><ul>\n<li>Cozinhas<\/li>\n<li>Lojas<\/li>\n<li>Escrit\u00f3rios<\/li>\n<li>Garagens<\/li>\n<\/ul><h3 class=\"page-product-heading\">DADOS T\u00c9CNICOS<\/h3><div class=\"col-xs-12 col-md-6\">\n<table class=\"table table-data-sheet 1\">\n<tbody>\n<tr class=\"odd\">\n<td valign=\"middle\" width=\"32\"><\/td>\n<td valign=\"middle\">REFER\u00caNCIA :<\/td>\n<td valign=\"middle\">SLTBGHB20W<\/td>\n<\/tr>\n<tr class=\"even\">\n<td valign=\"middle\" width=\"32\"><\/td>\n<td valign=\"middle\">Pot\u00eancia nominal :<\/td>\n<td valign=\"middle\">20w<\/td>\n<\/tr>\n<tr class=\"odd\">\n<td valign=\"middle\" width=\"32\"><\/td>\n<td valign=\"middle\">Tens\u00e3o Nominal:<\/td>\n<td valign=\"middle\">175-265V<\/td>\n<\/tr>\n<tr class=\"even\">\n<td valign=\"middle\" width=\"32\"><\/td>\n<td valign=\"middle\">Temperatura ligeira:<\/td>\n<td valign=\"middle\">4000K - 5700K<\/td>\n<\/tr>\n<tr class=\"odd\">\n<td valign=\"middle\" width=\"32\"><\/td>\n<td valign=\"middle\">CRI - Colour Rendering Index:<\/td>\n<td valign=\"middle\">80<\/td>\n<\/tr>\n<tr class=\"even\">\n<td valign=\"middle\" width=\"32\"><\/td>\n<td valign=\"middle\">Material de constru\u00e7\u00e3o:<\/td>\n<td valign=\"middle\">Vidro +PC<\/td>\n<\/tr>\n<tr class=\"odd\">\n<td valign=\"middle\" width=\"32\"><\/td>\n<td valign=\"middle\">Luminosidade-Lm:<\/td>\n<td valign=\"middle\">3700Lm<\/td>\n<\/tr>\n<tr class=\"even\">\n<td valign=\"middle\" width=\"32\"><\/td>\n<td valign=\"middle\">Tipo de LEDs:<\/td>\n<td valign=\"middle\">SMD 2835<\/td>\n<\/tr>\n<tr class=\"odd\">\n<td valign=\"middle\" width=\"32\"><\/td>\n<td valign=\"middle\">\u00c2ngulo de abertura (\u00ba):<\/td>\n<td valign=\"middle\">300\u00ba<\/td>\n<\/tr>\n<tr class=\"even\">\n<td valign=\"middle\" width=\"32\"><\/td>\n<td valign=\"middle\">Efici\u00eancia dos d\u00edodos LED (Lm\/W):<\/td>\n<td valign=\"middle\">190 Lm\/W<\/td>\n<\/tr>\n<tr class=\"odd\">\n<td valign=\"middle\" width=\"32\"><\/td>\n<td valign=\"middle\">Efic\u00e1cia luminosa (Lm\/W):<\/td>\n<td valign=\"middle\">170 Lm\/W<\/td>\n<\/tr>\n<tr class=\"even\">\n<td valign=\"middle\" width=\"32\"><\/td>\n<td valign=\"middle\">Arbusto:<\/td>\n<td valign=\"middle\">T8<\/td>\n<\/tr>\n<tr class=\"odd\">\n<td valign=\"middle\" width=\"32\"><\/td>\n<td valign=\"middle\">Certificados:<\/td>\n<td valign=\"middle\">CE - ROHS<\/td>\n<\/tr>\n<\/tbody>\n<\/table>\n<\/div><div class=\"col-xs-12 col-md-6 2\">\n<table class=\"table table-data-sheet 2\">\n<tbody>\n<tr class=\"odd\">\n<td valign=\"middle\" width=\"32\"><\/td>\n<td valign=\"middle\">Classifica\u00e7\u00e3o IP:<\/td>\n<td valign=\"middle\">IP20<\/td>\n<\/tr>\n<tr class=\"even\">\n<td valign=\"middle\" width=\"32\"><\/td>\n<td valign=\"middle\">D\u00edodo LED de vida estimada (H):<\/td>\n<td valign=\"middle\">35.000<\/td>\n<\/tr>\n<tr class=\"odd\">\n<td valign=\"middle\" width=\"32\"><\/td>\n<td valign=\"middle\">Dimens\u00f5es (mm):<\/td>\n<td valign=\"middle\">1200<\/td>\n<\/tr>\n<tr class=\"even\">\n<td valign=\"middle\" width=\"32\"><\/td>\n<td valign=\"middle\">Factor de pot\u00eancia (PF):<\/td>\n<td valign=\"middle\">0.98<\/td>\n<\/tr>\n<tr class=\"odd\">\n<td valign=\"middle\" width=\"32\"><\/td>\n<td valign=\"middle\">Frequ\u00eancia de trabalho (Hz):<\/td>\n<td valign=\"middle\">50\/60Hz<\/td>\n<\/tr>\n<tr class=\"even\">\n<td valign=\"middle\" width=\"32\"><\/td>\n<td valign=\"middle\">Gama de temperaturas (\u00baC):<\/td>\n<td valign=\"middle\">-20\u00b0C ~ +55\u00b0C<\/td>\n<\/tr>\n<tr class=\"odd\">\n<td valign=\"middle\" width=\"32\"><\/td>\n<td valign=\"middle\">Ciclos de Igni\u00e7\u00e3o:<\/td>\n<td valign=\"middle\">100.000<\/td>\n<\/tr>\n<tr class=\"even\">\n<td valign=\"middle\" width=\"32\"><\/td>\n<td valign=\"middle\">Tempo de arranque (s):<\/td>\n<td valign=\"middle\">0,2s<\/td>\n<\/tr>\n<tr class=\"odd\">\n<td valign=\"middle\" width=\"32\"><\/td>\n<td valign=\"middle\">Informa\u00e7\u00e3o adicional:<\/td>\n<td valign=\"middle\">Liga\u00e7\u00e3o uma extremidade<\/td>\n<\/tr>\n<tr class=\"even\">\n<td valign=\"middle\" width=\"32\"><\/td>\n<td valign=\"middle\">Condutor inclu\u00eddo:<\/td>\n<td valign=\"middle\">Condutor sem Flick<\/td>\n<\/tr>\n<tr class=\"odd\">\n<td valign=\"middle\" width=\"32\"><\/td>\n<td valign=\"middle\">Classe energ\u00e9tica (2021-EU-2019\/2015):<\/td>\n<td valign=\"middle\">A++<\/td>\n<\/tr>\n<tr class=\"even\">\n<td valign=\"middle\" width=\"32\"><\/td>\n<td valign=\"middle\">Classe energ\u00e9tica (2023 - EU-2019\/2015):<\/td>\n<td valign=\"middle\">C<\/td>\n<\/tr>\n<tr class=\"odd\">\n<td valign=\"middle\" width=\"32\"><\/td>\n<td valign=\"middle\">Anos de garantia:<\/td>\n<td valign=\"middle\">5<\/td>\n<\/tr>\n<\/tbody>\n<\/table>\n<p>&nbsp;<\/p>\n<\/div><\/p>","protected":false},"excerpt":{"rendered":"<p>Entrega em 24\/48 horas<br>\nGarantia do segurado<br>\n10 unidade(s) por Masterbox<p><strong>TEMPERATURA DE COR: 4000K\/5700K<\/strong><\/p><\/p>","protected":false},"featured_media":2354,"template":"","meta":{"site-sidebar-layout":"default","site-content-layout":"default","ast-global-header-display":"","ast-main-header-display":"","ast-hfb-above-header-display":"","ast-hfb-below-header-display":"","ast-hfb-mobile-header-display":"","site-post-title":"","ast-breadcrumbs-content":"","ast-featured-img":"","footer-sml-layout":"","theme-transparent-header-meta":"default","adv-header-id-meta":"","stick-header-meta":"","header-above-stick-meta":"","header-main-stick-meta":"","header-below-stick-meta":""},"product_cat":[49,25],"product_tag":[],"class_list":["post-2346","product","type-product","status-publish","has-post-thumbnail","hentry","product_cat-tubos-led-cristal-t8","product_cat-tubos"],"yoast_head":"<!-- This site is optimized with the Yoast SEO plugin v27.4 - https:\/\/yoast.com\/product\/yoast-seo-wordpress\/ -->\n<title>PACK 10 - Tubo LED 20W Cristal 120cm T8 - 170 Lm\/W - PRO MAX LUMENS - 3400Lm - NO FLICK - STARLED Iluminacion<\/title>\n<meta name=\"robots\" content=\"index, follow, max-snippet:-1, max-image-preview:large, max-video-preview:-1\" \/>\n<link rel=\"canonical\" href=\"https:\/\/starlediluminacion.com\/pt\/product\/pack-10-tubo-led-20w-cristal-120cm-t8-170-lm-w-pro-max-lumens-3400lm-no-flick\/\" \/>\n<meta property=\"og:locale\" content=\"pt_PT\" \/>\n<meta property=\"og:type\" content=\"article\" \/>\n<meta property=\"og:title\" content=\"PACK 10 - Tubo LED 20W Cristal 120cm T8 - 170 Lm\/W - PRO MAX LUMENS - 3400Lm - NO FLICK - STARLED Iluminacion\" \/>\n<meta property=\"og:description\" content=\"Entrega en 24\/48 horas Garant\u00eda asegurada 10 unidad(es) por Masterbox  TEMPERATURA DE COLOR: 4000K\/5700K\" \/>\n<meta property=\"og:url\" content=\"https:\/\/starlediluminacion.com\/pt\/product\/pack-10-tubo-led-20w-cristal-120cm-t8-170-lm-w-pro-max-lumens-3400lm-no-flick\/\" \/>\n<meta property=\"og:site_name\" content=\"STARLED Iluminacion\" \/>\n<meta property=\"article:modified_time\" content=\"2022-12-18T11:00:38+00:00\" \/>\n<meta property=\"og:image\" content=\"https:\/\/starlediluminacion.com\/wp-content\/uploads\/2022\/08\/tubo-led-20w-cristal-120cm-t8-160-lmw-max-lumens-3200lm-factorled.jpg\" \/>\n\t<meta property=\"og:image:width\" content=\"1000\" \/>\n\t<meta property=\"og:image:height\" content=\"1000\" \/>\n\t<meta property=\"og:image:type\" content=\"image\/jpeg\" \/>\n<meta name=\"twitter:card\" content=\"summary_large_image\" \/>\n<meta name=\"twitter:label1\" content=\"Tempo estimado de leitura\" \/>\n\t<meta name=\"twitter:data1\" content=\"2 minutos\" \/>\n<script type=\"application\/ld+json\" class=\"yoast-schema-graph\">{\"@context\":\"https:\\\/\\\/schema.org\",\"@graph\":[{\"@type\":\"WebPage\",\"@id\":\"https:\\\/\\\/starlediluminacion.com\\\/producto\\\/pack-10-tubo-led-20w-cristal-120cm-t8-170-lm-w-pro-max-lumens-3400lm-no-flick\\\/\",\"url\":\"https:\\\/\\\/starlediluminacion.com\\\/producto\\\/pack-10-tubo-led-20w-cristal-120cm-t8-170-lm-w-pro-max-lumens-3400lm-no-flick\\\/\",\"name\":\"PACK 10 - Tubo LED 20W Cristal 120cm T8 - 170 Lm\\\/W - PRO MAX LUMENS - 3400Lm - NO FLICK - STARLED Iluminacion\",\"isPartOf\":{\"@id\":\"https:\\\/\\\/starlediluminacion.com\\\/#website\"},\"primaryImageOfPage\":{\"@id\":\"https:\\\/\\\/starlediluminacion.com\\\/producto\\\/pack-10-tubo-led-20w-cristal-120cm-t8-170-lm-w-pro-max-lumens-3400lm-no-flick\\\/#primaryimage\"},\"image\":{\"@id\":\"https:\\\/\\\/starlediluminacion.com\\\/producto\\\/pack-10-tubo-led-20w-cristal-120cm-t8-170-lm-w-pro-max-lumens-3400lm-no-flick\\\/#primaryimage\"},\"thumbnailUrl\":\"https:\\\/\\\/starlediluminacion.com\\\/wp-content\\\/uploads\\\/2022\\\/08\\\/tubo-led-20w-cristal-120cm-t8-160-lmw-max-lumens-3200lm-factorled.jpg\",\"datePublished\":\"2022-08-03T18:16:28+00:00\",\"dateModified\":\"2022-12-18T11:00:38+00:00\",\"breadcrumb\":{\"@id\":\"https:\\\/\\\/starlediluminacion.com\\\/producto\\\/pack-10-tubo-led-20w-cristal-120cm-t8-170-lm-w-pro-max-lumens-3400lm-no-flick\\\/#breadcrumb\"},\"inLanguage\":\"pt-PT\",\"potentialAction\":[{\"@type\":\"ReadAction\",\"target\":[\"https:\\\/\\\/starlediluminacion.com\\\/producto\\\/pack-10-tubo-led-20w-cristal-120cm-t8-170-lm-w-pro-max-lumens-3400lm-no-flick\\\/\"]}]},{\"@type\":\"ImageObject\",\"inLanguage\":\"pt-PT\",\"@id\":\"https:\\\/\\\/starlediluminacion.com\\\/producto\\\/pack-10-tubo-led-20w-cristal-120cm-t8-170-lm-w-pro-max-lumens-3400lm-no-flick\\\/#primaryimage\",\"url\":\"https:\\\/\\\/starlediluminacion.com\\\/wp-content\\\/uploads\\\/2022\\\/08\\\/tubo-led-20w-cristal-120cm-t8-160-lmw-max-lumens-3200lm-factorled.jpg\",\"contentUrl\":\"https:\\\/\\\/starlediluminacion.com\\\/wp-content\\\/uploads\\\/2022\\\/08\\\/tubo-led-20w-cristal-120cm-t8-160-lmw-max-lumens-3200lm-factorled.jpg\",\"width\":1000,\"height\":1000},{\"@type\":\"BreadcrumbList\",\"@id\":\"https:\\\/\\\/starlediluminacion.com\\\/producto\\\/pack-10-tubo-led-20w-cristal-120cm-t8-170-lm-w-pro-max-lumens-3400lm-no-flick\\\/#breadcrumb\",\"itemListElement\":[{\"@type\":\"ListItem\",\"position\":1,\"name\":\"Portada\",\"item\":\"https:\\\/\\\/starlediluminacion.com\\\/\"},{\"@type\":\"ListItem\",\"position\":2,\"name\":\"Shop\",\"item\":\"https:\\\/\\\/starlediluminacion.com\\\/shop-2\\\/\"},{\"@type\":\"ListItem\",\"position\":3,\"name\":\"PACK 10 &#8211; Tubo LED 20W Cristal 120cm T8 &#8211; 170 Lm\\\/W &#8211; PRO MAX LUMENS &#8211; 3400Lm &#8211; NO FLICK\"}]},{\"@type\":\"WebSite\",\"@id\":\"https:\\\/\\\/starlediluminacion.com\\\/#website\",\"url\":\"https:\\\/\\\/starlediluminacion.com\\\/\",\"name\":\"STARLED Iluminacion\",\"description\":\"\",\"potentialAction\":[{\"@type\":\"SearchAction\",\"target\":{\"@type\":\"EntryPoint\",\"urlTemplate\":\"https:\\\/\\\/starlediluminacion.com\\\/?s={search_term_string}\"},\"query-input\":{\"@type\":\"PropertyValueSpecification\",\"valueRequired\":true,\"valueName\":\"search_term_string\"}}],\"inLanguage\":\"pt-PT\"}]}<\/script>\n<!-- \/ Yoast SEO plugin. -->","yoast_head_json":{"title":"PACK 10 - Tubo LED 20W Cristal 120cm T8 - 170 Lm\/W - PRO MAX LUMENS - 3400Lm - NO FLICK - STARLED Iluminacion","robots":{"index":"index","follow":"follow","max-snippet":"max-snippet:-1","max-image-preview":"max-image-preview:large","max-video-preview":"max-video-preview:-1"},"canonical":"https:\/\/starlediluminacion.com\/pt\/product\/pack-10-tubo-led-20w-cristal-120cm-t8-170-lm-w-pro-max-lumens-3400lm-no-flick\/","og_locale":"pt_PT","og_type":"article","og_title":"PACK 10 - Tubo LED 20W Cristal 120cm T8 - 170 Lm\/W - PRO MAX LUMENS - 3400Lm - NO FLICK - STARLED Iluminacion","og_description":"Entrega en 24\/48 horas Garant\u00eda asegurada 10 unidad(es) por Masterbox  TEMPERATURA DE COLOR: 4000K\/5700K","og_url":"https:\/\/starlediluminacion.com\/pt\/product\/pack-10-tubo-led-20w-cristal-120cm-t8-170-lm-w-pro-max-lumens-3400lm-no-flick\/","og_site_name":"STARLED Iluminacion","article_modified_time":"2022-12-18T11:00:38+00:00","og_image":[{"width":1000,"height":1000,"url":"https:\/\/starlediluminacion.com\/wp-content\/uploads\/2022\/08\/tubo-led-20w-cristal-120cm-t8-160-lmw-max-lumens-3200lm-factorled.jpg","type":"image\/jpeg"}],"twitter_card":"summary_large_image","twitter_misc":{"Tempo estimado de leitura":"2 minutos"},"schema":{"@context":"https:\/\/schema.org","@graph":[{"@type":"WebPage","@id":"https:\/\/starlediluminacion.com\/producto\/pack-10-tubo-led-20w-cristal-120cm-t8-170-lm-w-pro-max-lumens-3400lm-no-flick\/","url":"https:\/\/starlediluminacion.com\/producto\/pack-10-tubo-led-20w-cristal-120cm-t8-170-lm-w-pro-max-lumens-3400lm-no-flick\/","name":"PACK 10 - Tubo LED 20W Cristal 120cm T8 - 170 Lm\/W - PRO MAX LUMENS - 3400Lm - NO FLICK - STARLED Iluminacion","isPartOf":{"@id":"https:\/\/starlediluminacion.com\/#website"},"primaryImageOfPage":{"@id":"https:\/\/starlediluminacion.com\/producto\/pack-10-tubo-led-20w-cristal-120cm-t8-170-lm-w-pro-max-lumens-3400lm-no-flick\/#primaryimage"},"image":{"@id":"https:\/\/starlediluminacion.com\/producto\/pack-10-tubo-led-20w-cristal-120cm-t8-170-lm-w-pro-max-lumens-3400lm-no-flick\/#primaryimage"},"thumbnailUrl":"https:\/\/starlediluminacion.com\/wp-content\/uploads\/2022\/08\/tubo-led-20w-cristal-120cm-t8-160-lmw-max-lumens-3200lm-factorled.jpg","datePublished":"2022-08-03T18:16:28+00:00","dateModified":"2022-12-18T11:00:38+00:00","breadcrumb":{"@id":"https:\/\/starlediluminacion.com\/producto\/pack-10-tubo-led-20w-cristal-120cm-t8-170-lm-w-pro-max-lumens-3400lm-no-flick\/#breadcrumb"},"inLanguage":"pt-PT","potentialAction":[{"@type":"ReadAction","target":["https:\/\/starlediluminacion.com\/producto\/pack-10-tubo-led-20w-cristal-120cm-t8-170-lm-w-pro-max-lumens-3400lm-no-flick\/"]}]},{"@type":"ImageObject","inLanguage":"pt-PT","@id":"https:\/\/starlediluminacion.com\/producto\/pack-10-tubo-led-20w-cristal-120cm-t8-170-lm-w-pro-max-lumens-3400lm-no-flick\/#primaryimage","url":"https:\/\/starlediluminacion.com\/wp-content\/uploads\/2022\/08\/tubo-led-20w-cristal-120cm-t8-160-lmw-max-lumens-3200lm-factorled.jpg","contentUrl":"https:\/\/starlediluminacion.com\/wp-content\/uploads\/2022\/08\/tubo-led-20w-cristal-120cm-t8-160-lmw-max-lumens-3200lm-factorled.jpg","width":1000,"height":1000},{"@type":"BreadcrumbList","@id":"https:\/\/starlediluminacion.com\/producto\/pack-10-tubo-led-20w-cristal-120cm-t8-170-lm-w-pro-max-lumens-3400lm-no-flick\/#breadcrumb","itemListElement":[{"@type":"ListItem","position":1,"name":"Portada","item":"https:\/\/starlediluminacion.com\/"},{"@type":"ListItem","position":2,"name":"Shop","item":"https:\/\/starlediluminacion.com\/shop-2\/"},{"@type":"ListItem","position":3,"name":"PACK 10 &#8211; Tubo LED 20W Cristal 120cm T8 &#8211; 170 Lm\/W &#8211; PRO MAX LUMENS &#8211; 3400Lm &#8211; NO FLICK"}]},{"@type":"WebSite","@id":"https:\/\/starlediluminacion.com\/#website","url":"https:\/\/starlediluminacion.com\/","name":"STARLED Iluminacion","description":"","potentialAction":[{"@type":"SearchAction","target":{"@type":"EntryPoint","urlTemplate":"https:\/\/starlediluminacion.com\/?s={search_term_string}"},"query-input":{"@type":"PropertyValueSpecification","valueRequired":true,"valueName":"search_term_string"}}],"inLanguage":"pt-PT"}]}},"_links":{"self":[{"href":"https:\/\/starlediluminacion.com\/pt\/wp-json\/wp\/v3\/product\/2346","targetHints":{"allow":["GET"]}}],"collection":[{"href":"https:\/\/starlediluminacion.com\/pt\/wp-json\/wp\/v3\/product"}],"about":[{"href":"https:\/\/starlediluminacion.com\/pt\/wp-json\/wp\/v2\/types\/product"}],"wp:featuredmedia":[{"embeddable":true,"href":"https:\/\/starlediluminacion.com\/pt\/wp-json\/wp\/v2\/media\/2354"}],"wp:attachment":[{"href":"https:\/\/starlediluminacion.com\/pt\/wp-json\/wp\/v2\/media?parent=2346"}],"wp:term":[{"taxonomy":"product_cat","embeddable":true,"href":"https:\/\/starlediluminacion.com\/pt\/wp-json\/wp\/v2\/product_cat?post=2346"},{"taxonomy":"product_tag","embeddable":true,"href":"https:\/\/starlediluminacion.com\/pt\/wp-json\/wp\/v2\/product_tag?post=2346"}],"curies":[{"name":"wp","href":"https:\/\/api.w.org\/{rel}","templated":true}]}}