{"id":2161,"date":"2022-08-02T20:33:26","date_gmt":"2022-08-02T20:33:26","guid":{"rendered":"https:\/\/starlediluminacion.com\/?post_type=product&#038;p=2161"},"modified":"2022-09-03T12:51:50","modified_gmt":"2022-09-03T12:51:50","slug":"aro-redondo-slim-orientable-para-dicroica-led-gu10-mr16","status":"publish","type":"product","link":"https:\/\/starlediluminacion.com\/pt\/product\/aro-redondo-slim-orientable-para-dicroica-led-gu10-mr16\/","title":{"rendered":"<p>Anel Redondo Fino Ajust\u00e1vel para Far\u00f3is de LED GU10 MR16<\/p>"},"content":{"rendered":"<p><label>REFER\u00caNCIA: <span style=\"font-size: 16px;\">SL<\/span><span class=\"editable\" style=\"font-size: 16px;\">90629-WHITE<\/span><\/label><p><strong>Buraco<\/strong>&nbsp;con acabados blanco, negro y niquel satinado, dise&ntilde;o elegante y exclusivo. Se aconseja su uso para las l&aacute;mparas&nbsp;<strong>dichroics<\/strong>&nbsp;<strong>GU10<\/strong>&nbsp;o&nbsp;<strong>MR16<\/strong>. \u00c9 perfeito para um novo local de constru\u00e7\u00e3o ou para mudar as luzes da ribalta.<\/p><h1>Aro redondo para dicroica LED GU10 MR16 &ndash; Aluminio<\/h1><p><strong>Anel de encastrar<\/strong>&nbsp;para&nbsp;<strong>LED dicr\u00f3ico<\/strong>ambos&nbsp;<strong>MR16<\/strong>&nbsp;como&nbsp;<strong>GU10<\/strong>Foi concebido para obter uma decora\u00e7\u00e3o atractiva e refinada. Gra\u00e7as \u00e0 sua forma ajust\u00e1vel, \u00e9 poss\u00edvel criar atmosferas muito exclusivas.<\/p><p>Todo su material esta fabricado en aluminio con acabados en color blanco, negro y niquel satinado, lo que hace de este aro un producto muy resistente por lo que&nbsp;tiene una gran durabilidad, lo convierte en un&nbsp;<strong>anel de a\u00e7o inoxid\u00e1vel<\/strong>.<\/p><p>\u00c9 ideal para espa\u00e7os dom\u00e9sticos tais como cozinhas, casas de banho, alpendres e tamb\u00e9m em escrit\u00f3rios, hipermercados, ou qualquer \u00e1rea de eventos onde seja necess\u00e1rio recriar atmosferas seleccionadas.<\/p><h3 class=\"page-product-heading\">DADOS T\u00c9CNICOS<\/h3><div class=\"col-xs-12 col-md-6\">\n<table class=\"table table-data-sheet 1\">\n<tbody>\n<tr class=\"odd\">\n<td valign=\"middle\" width=\"32\"><\/td>\n<td valign=\"middle\">REFER\u00caNCIA :<\/td>\n<td valign=\"middle\"><label><span style=\"font-size: 16px;\">SL<\/span><span class=\"editable\" style=\"font-size: 16px;\">90629-WHITE<\/span><\/label><\/td>\n<\/tr>\n<tr class=\"even\">\n<td valign=\"middle\" width=\"32\"><\/td>\n<td valign=\"middle\">Material de constru\u00e7\u00e3o:<\/td>\n<td valign=\"middle\">A\u00e7o<\/td>\n<\/tr>\n<tr class=\"odd\">\n<td valign=\"middle\" width=\"32\"><\/td>\n<td valign=\"middle\">Certificados:<\/td>\n<td valign=\"middle\">CE - ROHS<\/td>\n<\/tr>\n<tr class=\"even\">\n<td valign=\"middle\" width=\"32\"><\/td>\n<td valign=\"middle\">Classifica\u00e7\u00e3o IP:<\/td>\n<td valign=\"middle\">IP20<\/td>\n<\/tr>\n<\/tbody>\n<\/table>\n<\/div><div class=\"col-xs-12 col-md-6 2\">\n<table class=\"table table-data-sheet 2\">\n<tbody>\n<tr class=\"odd\">\n<td valign=\"middle\" width=\"32\"><\/td>\n<td valign=\"middle\">Dimens\u00f5es (mm):<\/td>\n<td valign=\"middle\">90xH28mm<\/td>\n<\/tr>\n<tr class=\"even\">\n<td valign=\"middle\" width=\"32\"><\/td>\n<td valign=\"middle\">Corte de tecto (mm):<\/td>\n<td valign=\"middle\">\u00d875mm<\/td>\n<\/tr>\n<tr class=\"odd\">\n<td valign=\"middle\" width=\"32\"><\/td>\n<td valign=\"middle\">Anos de garantia:<\/td>\n<td valign=\"middle\">2<\/td>\n<\/tr>\n<\/tbody>\n<\/table>\n<\/div><\/p>","protected":false},"excerpt":{"rendered":"<div class=\"col-md-12\"><i class=\"fa fa-truck\"><\/i>&nbsp;<span class=\"text-muted textprop\">Entrega em 24\/48 horas<\/span><div class=\"col-md-12\"><i class=\"fa fa-exchange\"><\/i>&nbsp;<span class=\"text-muted textprop\">Garantia do segurado<\/span><\/div><div class=\"col-md-12\"><i class=\"fa fa-box\"><\/i>&nbsp;<span class=\"text-muted textprop\">200 unidade(s) por Masterbox<\/span><\/div><\/div>","protected":false},"featured_media":2166,"template":"","meta":{"site-sidebar-layout":"default","site-content-layout":"default","ast-global-header-display":"","ast-main-header-display":"","ast-hfb-above-header-display":"","ast-hfb-below-header-display":"","ast-hfb-mobile-header-display":"","site-post-title":"","ast-breadcrumbs-content":"","ast-featured-img":"","footer-sml-layout":"","theme-transparent-header-meta":"default","adv-header-id-meta":"","stick-header-meta":"","header-above-stick-meta":"","header-main-stick-meta":"","header-below-stick-meta":""},"product_cat":[62,23],"product_tag":[],"class_list":["post-2161","product","type-product","status-publish","has-post-thumbnail","hentry","product_cat-accesorios-lamparas-led","product_cat-bombillas-y-lamparas-led"],"_links":{"self":[{"href":"https:\/\/starlediluminacion.com\/pt\/wp-json\/wp\/v3\/product\/2161","targetHints":{"allow":["GET"]}}],"collection":[{"href":"https:\/\/starlediluminacion.com\/pt\/wp-json\/wp\/v3\/product"}],"about":[{"href":"https:\/\/starlediluminacion.com\/pt\/wp-json\/wp\/v2\/types\/product"}],"wp:featuredmedia":[{"embeddable":true,"href":"https:\/\/starlediluminacion.com\/pt\/wp-json\/wp\/v2\/media\/2166"}],"wp:attachment":[{"href":"https:\/\/starlediluminacion.com\/pt\/wp-json\/wp\/v2\/media?parent=2161"}],"wp:term":[{"taxonomy":"product_cat","embeddable":true,"href":"https:\/\/starlediluminacion.com\/pt\/wp-json\/wp\/v2\/product_cat?post=2161"},{"taxonomy":"product_tag","embeddable":true,"href":"https:\/\/starlediluminacion.com\/pt\/wp-json\/wp\/v2\/product_tag?post=2161"}],"curies":[{"name":"wp","href":"https:\/\/api.w.org\/{rel}","templated":true}]}}