{"id":2037,"date":"2022-08-02T19:06:23","date_gmt":"2022-08-02T19:06:23","guid":{"rendered":"https:\/\/starlediluminacion.com\/?post_type=product&#038;p=2037"},"modified":"2022-09-03T12:35:33","modified_gmt":"2022-09-03T12:35:33","slug":"lampara-led-sumergible-18w-dc12v-ip68-acero-inoxidable-316","status":"publish","type":"product","link":"https:\/\/starlediluminacion.com\/pt\/product\/lampara-led-sumergible-18w-dc12v-ip68-acero-inoxidable-316\/","title":{"rendered":"<p>L\u00e2mpada Submers\u00edvel LED 18W - DC12V - IP68 - A\u00e7o Inoxid\u00e1vel 316<\/p>"},"content":{"rendered":"<p><label>REFER\u00caNCIA: SL<span style=\"font-size: 16px;\">POOL6<\/span><\/label><p><strong>L\u00e2mpada LED 18W submers\u00edvel<\/strong>&nbsp;concebido para substituir o&nbsp;<strong>projectores<\/strong>&nbsp;halog\u00e9neos no&nbsp;<strong>piscinas<\/strong>. O projetor possui um grau de prote\u00e7\u00e3o contra o acesso de part\u00edculas, poeiras ou l\u00edquidos de&nbsp;<strong>IP68<\/strong>Neste caso, pode funcionar durante uma imers\u00e3o completa e cont\u00ednua. A\u00e7o inoxid\u00e1vel 316<strong>. - IK10- RESISTENTE AO CHOQUE.<\/strong><\/p><h1>L\u00e2mpada subaqu\u00e1tica LED DC12V - 18W - IP68- A\u00e7o inoxid\u00e1vel 316<\/h1><p>O&nbsp;<strong>Destaque para a piscina<\/strong>&nbsp;a partir de&nbsp;<strong>18w<\/strong>&nbsp;caracteriza-se pela sua lente \u00f3tica soldada por fric\u00e7\u00e3o, especialmente desenvolvida para a ilumina\u00e7\u00e3o subaqu\u00e1tica, que distribui a luz de forma homog\u00e9nea e excelente pela piscina sem encandear os banhistas, tornando a l\u00e2mpada uma luz fi\u00e1vel e eficaz para o seu funcionamento.<\/p><p>Com corpo em a\u00e7o inoxid\u00e1vel 316 de alta resist\u00eancia e veda\u00e7\u00e3o&nbsp;<strong>IP68<\/strong>&nbsp;.<\/p><p>Inclui um comprimento de 2 m.<\/p><p>O a\u00e7o inoxid\u00e1vel tipo 316 \u00e9 um a\u00e7o inoxid\u00e1vel austen\u00edtico cromo-n\u00edquel que cont\u00e9m molibd\u00e9nio. Esta adi\u00e7\u00e3o aumenta a resist\u00eancia \u00e0 corros\u00e3o do a\u00e7o.<\/p><p><strong>Um dos problemas que surgem frequentemente com as lumin\u00e1rias de pl\u00e1stico montadas \u00e0 superf\u00edcie \u00e9 o facto de terem tend\u00eancia a partir-se debaixo de \u00e1gua nas piscinas; como produto IK10 feito de a\u00e7o, este problema de quebra devido a pancadas \u00e9 resolvido.<\/strong>.<\/p><p>Necessita de alimenta\u00e7\u00e3o&nbsp;<strong>DC12V<\/strong>&nbsp;n\u00e3o inclu\u00eddo.<\/p><p><strong>Tecnologia LED de alta tecnologia<\/strong>&nbsp;que oferecem uma excelente ilumina\u00e7\u00e3o e uma economia de at\u00e9 90% de consumo de eletricidade.<\/p><p>Oferecem uma atmosfera luminosa extraordin\u00e1ria, sendo a escolha perfeita para substituir as tradicionais l\u00e2mpadas incandescentes em piscinas, fontes ou similares. Podem tamb\u00e9m ser utilizadas para iluminar aqu\u00e1rios e espa\u00e7os onde exista humidade.<\/p><ul>\n<li>Efici\u00eancia energ\u00e9tica superior a qualquer l\u00e2mpada incandescente de halog\u00e9neo tradicional.<\/li>\n<li>Feixe de luz isento de raios UV e IR.<\/li>\n<li>Baixa temperatura de funcionamento.<\/li>\n<\/ul><h2>Aplica\u00e7\u00f5es da L\u00e2mpada Subaqu\u00e1tica LED DC12V - 18W - IP68<\/h2><ul>\n<li>Piscinas<\/li>\n<li>Jacuzzi<\/li>\n<li>Lagoas<\/li>\n<li>Fontes<\/li>\n<li>Aqu\u00e1rios<\/li>\n<\/ul><div class=\"product-information\">\n<div class=\"tab-content\">\n<div id=\"product-features-tab-content\" class=\"product-features-tab-content tab-pane active\">\n<h3 class=\"page-product-heading\">DADOS T\u00c9CNICOS<\/h3>\n<div class=\"col-xs-12 col-md-6\">\n<table class=\"table table-data-sheet 1\">\n<tbody>\n<tr class=\"odd\">\n<td valign=\"middle\" width=\"32\"><\/td>\n<td valign=\"middle\">REFER\u00caNCIA :<\/td>\n<td valign=\"middle\">SLPOOL6<\/td>\n<\/tr>\n<tr class=\"even\">\n<td valign=\"middle\" width=\"32\"><\/td>\n<td valign=\"middle\">Pot\u00eancia nominal :<\/td>\n<td valign=\"middle\">18w<\/td>\n<\/tr>\n<tr class=\"odd\">\n<td valign=\"middle\" width=\"32\"><\/td>\n<td valign=\"middle\">Tens\u00e3o Nominal:<\/td>\n<td valign=\"middle\">12V DC<\/td>\n<\/tr>\n<tr class=\"even\">\n<td valign=\"middle\" width=\"32\"><\/td>\n<td valign=\"middle\">Temperatura ligeira:<\/td>\n<td valign=\"middle\">4000K<\/td>\n<\/tr>\n<tr class=\"odd\">\n<td valign=\"middle\" width=\"32\"><\/td>\n<td valign=\"middle\">CRI - Colour Rendering Index:<\/td>\n<td valign=\"middle\">80<\/td>\n<\/tr>\n<tr class=\"even\">\n<td valign=\"middle\" width=\"32\"><\/td>\n<td valign=\"middle\">Material de constru\u00e7\u00e3o:<\/td>\n<td valign=\"middle\">A\u00e7o + PMMA<\/td>\n<\/tr>\n<tr class=\"odd\">\n<td valign=\"middle\" width=\"32\"><\/td>\n<td valign=\"middle\">Luminosidade-Lm:<\/td>\n<td valign=\"middle\">1800<\/td>\n<\/tr>\n<tr class=\"even\">\n<td valign=\"middle\" width=\"32\"><\/td>\n<td valign=\"middle\">Tipo de LEDs:<\/td>\n<td valign=\"middle\">SMD (6x3W)<\/td>\n<\/tr>\n<tr class=\"odd\">\n<td valign=\"middle\" width=\"32\"><\/td>\n<td valign=\"middle\">\u00c2ngulo de abertura (\u00ba):<\/td>\n<td valign=\"middle\">120\u00b0<\/td>\n<\/tr>\n<tr class=\"even\">\n<td valign=\"middle\" width=\"32\"><\/td>\n<td valign=\"middle\">Efici\u00eancia dos d\u00edodos LED (Lm\/W):<\/td>\n<td valign=\"middle\">140 Lm\/W<\/td>\n<\/tr>\n<\/tbody>\n<\/table>\n<\/div>\n<div class=\"col-xs-12 col-md-6 2\">\n<table class=\"table table-data-sheet 2\">\n<tbody>\n<tr class=\"odd\">\n<td valign=\"middle\" width=\"32\"><\/td>\n<td valign=\"middle\">Efic\u00e1cia luminosa (Lm\/W):<\/td>\n<td valign=\"middle\">100 Lm\/W<\/td>\n<\/tr>\n<tr class=\"even\">\n<td valign=\"middle\" width=\"32\"><\/td>\n<td valign=\"middle\">Certificados:<\/td>\n<td valign=\"middle\">CE - ROHS<\/td>\n<\/tr>\n<tr class=\"odd\">\n<td valign=\"middle\" width=\"32\"><\/td>\n<td valign=\"middle\">Classifica\u00e7\u00e3o IP:<\/td>\n<td valign=\"middle\">IP68-Exterior<\/td>\n<\/tr>\n<tr class=\"even\">\n<td valign=\"middle\" width=\"32\"><\/td>\n<td valign=\"middle\">Dimens\u00f5es (mm):<\/td>\n<td valign=\"middle\">\u00d8135x21mm<\/td>\n<\/tr>\n<tr class=\"odd\">\n<td valign=\"middle\" width=\"32\"><\/td>\n<td valign=\"middle\">Informa\u00e7\u00e3o adicional:<\/td>\n<td valign=\"middle\">Inclui cabo de 2m<\/td>\n<\/tr>\n<tr class=\"even\">\n<td valign=\"middle\" width=\"32\"><\/td>\n<td valign=\"middle\">Protec\u00e7\u00e3o contra impactos (IK):<\/td>\n<td valign=\"middle\">IK10<\/td>\n<\/tr>\n<tr class=\"odd\">\n<td valign=\"middle\" width=\"32\"><\/td>\n<td valign=\"middle\">Classe energ\u00e9tica (2021-EU-2019\/2015):<\/td>\n<td valign=\"middle\">A+<\/td>\n<\/tr>\n<tr class=\"even\">\n<td valign=\"middle\" width=\"32\"><\/td>\n<td valign=\"middle\">Classe energ\u00e9tica (2023 - EU-2019\/2015):<\/td>\n<td valign=\"middle\">F<\/td>\n<\/tr>\n<tr class=\"odd\">\n<td valign=\"middle\" width=\"32\"><\/td>\n<td valign=\"middle\">Anos de garantia:<\/td>\n<td valign=\"middle\">3<\/td>\n<\/tr>\n<\/tbody>\n<\/table>\n<\/div>\n<\/div>\n<\/div>\n<\/div><div data-retailrocket-markup-block=\"5e2051b697a528049cb3f087\" data-product-id=\"14310,14340\" data-language=\"es\" data-currency=\"ESP_1\">\n<div class=\"rr-widget rr-widget-5e2051b697a528049cb3f087\" data-algorithm=\"related\" data-algorithm-argument=\"14310,14340\" data-template-param-number-of-items=\"18\" data-template-param-item-image-width=\"187\" data-template-param-item-image-height=\"187\" data-on-pre-render=\"retailrocket['factorled5e2051b697a528049cb3f087'].preRenderFn(this, data, renderFn)\" data-on-post-render=\"retailrocket['factorled5e2051b697a528049cb3f087'].postRenderFn(this)\" data-template-container-id=\"widget-template-5e2051b697a528049cb3f087\" data-s=\"5e2051b697a528049cb3f087\" data-language=\"es\" data-currency=\"ESP_1\" data-header-text-es=\"Productos relacionados\" data-header-text-pt=\"Produtos relacionados\" data-header-text-fr=\"Produits connexes\" data-header-text-en=\"Related products\" data-header-text-de=\"Verwandte Produkte\" data-header-text-it=\"Prodotti correlati\" data-header-text-da=\"Relaterede produkter\" data-header-text-no=\"Relaterte produkter\" data-header-text-se=\"Relaterade produkter\" data-header-text-fi=\"Liittyv&auml;t tuotteet\" data-widget-applied=\"true\"><\/div>\n<\/div><section id=\"accessories\" class=\"page-product-box\">\n<h3 class=\"page-product-heading\"><\/h3>\n<\/section><\/p>","protected":false},"excerpt":{"rendered":"<div class=\"col-md-12\"><i class=\"fa fa-truck\"><\/i>&nbsp;<span class=\"text-muted textprop\">Entrega em 24\/48 horas<\/span><div class=\"col-md-12\"><i class=\"fa fa-exchange\"><\/i>&nbsp;<span class=\"text-muted textprop\">Garantia do segurado<\/span><\/div><div class=\"col-md-12\"><i class=\"fa fa-box\"><\/i>&nbsp;<span class=\"text-muted textprop\">36 unidade(s) por Masterbox<\/span><\/div><div><strong>TEMPERATURA DE COR: 4000K\/6000K<\/strong><\/div><\/div>","protected":false},"featured_media":2049,"template":"","meta":{"site-sidebar-layout":"default","site-content-layout":"default","ast-global-header-display":"","ast-main-header-display":"","ast-hfb-above-header-display":"","ast-hfb-below-header-display":"","ast-hfb-mobile-header-display":"","site-post-title":"","ast-breadcrumbs-content":"","ast-featured-img":"","footer-sml-layout":"","theme-transparent-header-meta":"default","adv-header-id-meta":"","stick-header-meta":"","header-above-stick-meta":"","header-main-stick-meta":"","header-below-stick-meta":""},"product_cat":[15,23],"product_tag":[],"class_list":["post-2037","product","type-product","status-publish","has-post-thumbnail","hentry","product_cat-bombillas-led-par","product_cat-bombillas-y-lamparas-led"],"_links":{"self":[{"href":"https:\/\/starlediluminacion.com\/pt\/wp-json\/wp\/v3\/product\/2037","targetHints":{"allow":["GET"]}}],"collection":[{"href":"https:\/\/starlediluminacion.com\/pt\/wp-json\/wp\/v3\/product"}],"about":[{"href":"https:\/\/starlediluminacion.com\/pt\/wp-json\/wp\/v2\/types\/product"}],"wp:featuredmedia":[{"embeddable":true,"href":"https:\/\/starlediluminacion.com\/pt\/wp-json\/wp\/v2\/media\/2049"}],"wp:attachment":[{"href":"https:\/\/starlediluminacion.com\/pt\/wp-json\/wp\/v2\/media?parent=2037"}],"wp:term":[{"taxonomy":"product_cat","embeddable":true,"href":"https:\/\/starlediluminacion.com\/pt\/wp-json\/wp\/v2\/product_cat?post=2037"},{"taxonomy":"product_tag","embeddable":true,"href":"https:\/\/starlediluminacion.com\/pt\/wp-json\/wp\/v2\/product_tag?post=2037"}],"curies":[{"name":"wp","href":"https:\/\/api.w.org\/{rel}","templated":true}]}}