{"id":1981,"date":"2022-08-01T21:46:05","date_gmt":"2022-08-01T21:46:05","guid":{"rendered":"https:\/\/starlediluminacion.com\/?post_type=product&#038;p=1981"},"modified":"2022-08-27T16:10:14","modified_gmt":"2022-08-27T16:10:14","slug":"lampara-led-ar111-14w-45o-g53","status":"publish","type":"product","link":"https:\/\/starlediluminacion.com\/pt\/product\/lampara-led-ar111-14w-45o-g53\/","title":{"rendered":"<p>L\u00e2mpada LED AR111 14W 45\u00ba G53<\/p>"},"content":{"rendered":"<p><label>REFER\u00caNCIA: SL<span style=\"font-size: 16px;\">4700<\/span><\/label><p>O&nbsp;<strong>L\u00e2mpada LED AR111 12V 14W<\/strong>&nbsp;\u00e9 a alternativa eficiente e de alta qualidade \u00e0s l\u00e2mpadas de halog\u00e9neo de 85W. Destaca-se pela poupan\u00e7a de energia que proporciona e pela&nbsp;<strong>excelente qualidade<\/strong>&nbsp;da sua luz. Integrando a mais avan\u00e7ada tecnologia LED, beneficia de uma&nbsp;<strong>longa vida \u00fatil<\/strong>&nbsp;e n\u00e3o necessita de manuten\u00e7\u00e3o<\/p><h1>L\u00e2mpada LED AR111 14W 45\u00ba G53<\/h1><p>O nosso&nbsp;<strong>L\u00e2mpada LED AR111<\/strong>&nbsp;a partir de&nbsp;<strong>14w&nbsp;<\/strong>A poupan\u00e7a de energia de at\u00e9 80% torna-o um produto muito amigo do ambiente, oferecendo um arranque imediato e uma longa vida \u00fatil.<\/p><p>Os seus d\u00edodos SMD<strong>&nbsp;<\/strong>As l\u00e2mpadas s\u00e3o equivalentes ao brilho de uma l\u00e2mpada convencional de cerca de 85W. Isto resulta num&nbsp;<strong>poupan\u00e7a de energia<\/strong>&nbsp;do 80%. A luz exposta \u00e9 distribu\u00edda num&nbsp;<strong>\u00c2ngulo de 45\u00ba<\/strong>&nbsp;e tem um \u00edndice de&nbsp;<strong>reprodu\u00e7\u00e3o crom\u00e1tica de +80<\/strong>A qualidade da luz que o nosso sistema de ilumina\u00e7\u00e3o proporciona&nbsp;<strong>L\u00e2mpada LED AR111<\/strong>&nbsp;a partir de&nbsp;<strong>14w<\/strong>&nbsp;com&nbsp;<strong>IP20<\/strong>.<\/p><p>Para al\u00e9m da efici\u00eancia energ\u00e9tica, este tipo de ilumina\u00e7\u00e3o destaca-se pela sua&nbsp;<strong>longa dura\u00e7\u00e3o<\/strong>&nbsp;estimado em 30.000 horas.<\/p><p>Entre as suas vantagens, destacamos o seu excelente desempenho LED e o seu elevado \u00edndice de restitui\u00e7\u00e3o de cor, que permite uma reprodu\u00e7\u00e3o fiel das cores. Por estas raz\u00f5es, \u00e9 uma l\u00e2mpada ideal para utiliza\u00e7\u00e3o em espa\u00e7os comerciais, como lojas, restaurantes ou hot\u00e9is.<\/p><h2>Usos da L\u00e2mpada AR111 14W 45\u00ba G53 LED AR111<\/h2><ul>\n<li>Sal\u00f5es<\/li>\n<li>Testers<\/li>\n<li>Restaurantes<\/li>\n<li>Lojas<\/li>\n<li>Hot\u00e9is<\/li>\n<\/ul><h3 class=\"page-product-heading\">DADOS T\u00c9CNICOS<\/h3><div class=\"col-xs-12 col-md-6\">\n<table class=\"table table-data-sheet 1\">\n<tbody>\n<tr class=\"odd\">\n<td valign=\"middle\" width=\"32\"><\/td>\n<td valign=\"middle\">REFER\u00caNCIA :<\/td>\n<td valign=\"middle\">SL4700<\/td>\n<\/tr>\n<tr class=\"even\">\n<td valign=\"middle\" width=\"32\"><\/td>\n<td valign=\"middle\">Pot\u00eancia nominal :<\/td>\n<td valign=\"middle\">14W<\/td>\n<\/tr>\n<tr class=\"odd\">\n<td valign=\"middle\" width=\"32\"><\/td>\n<td valign=\"middle\">Tens\u00e3o Nominal:<\/td>\n<td valign=\"middle\">12V DC<\/td>\n<\/tr>\n<tr class=\"even\">\n<td valign=\"middle\" width=\"32\"><\/td>\n<td valign=\"middle\">Temperatura ligeira:<\/td>\n<td valign=\"middle\">2800K-4000K<\/td>\n<\/tr>\n<tr class=\"odd\">\n<td valign=\"middle\" width=\"32\"><\/td>\n<td valign=\"middle\">CRI - Colour Rendering Index:<\/td>\n<td valign=\"middle\">80<\/td>\n<\/tr>\n<tr class=\"even\">\n<td valign=\"middle\" width=\"32\"><\/td>\n<td valign=\"middle\">Material de constru\u00e7\u00e3o:<\/td>\n<td valign=\"middle\">Policarbonato<\/td>\n<\/tr>\n<tr class=\"odd\">\n<td valign=\"middle\" width=\"32\"><\/td>\n<td valign=\"middle\">Luminosidade-Lm:<\/td>\n<td valign=\"middle\">1022Lm<\/td>\n<\/tr>\n<tr class=\"even\">\n<td valign=\"middle\" width=\"32\"><\/td>\n<td valign=\"middle\">Tipo de LEDs:<\/td>\n<td valign=\"middle\">SMD<\/td>\n<\/tr>\n<tr class=\"odd\">\n<td valign=\"middle\" width=\"32\"><\/td>\n<td valign=\"middle\">\u00c2ngulo de abertura (\u00ba):<\/td>\n<td valign=\"middle\">45\u00ba<\/td>\n<\/tr>\n<tr class=\"even\">\n<td valign=\"middle\" width=\"32\"><\/td>\n<td valign=\"middle\">Efici\u00eancia dos d\u00edodos LED (Lm\/W):<\/td>\n<td valign=\"middle\">100LmW<\/td>\n<\/tr>\n<tr class=\"odd\">\n<td valign=\"middle\" width=\"32\"><\/td>\n<td valign=\"middle\">Efic\u00e1cia luminosa (Lm\/W):<\/td>\n<td valign=\"middle\">75Lm\/W<\/td>\n<\/tr>\n<tr class=\"even\">\n<td valign=\"middle\" width=\"32\"><\/td>\n<td valign=\"middle\">Arbusto:<\/td>\n<td valign=\"middle\">AR111<\/td>\n<\/tr>\n<\/tbody>\n<\/table>\n<\/div><div class=\"col-xs-12 col-md-6 2\">\n<table class=\"table table-data-sheet 2\">\n<tbody>\n<tr class=\"odd\">\n<td valign=\"middle\" width=\"32\"><\/td>\n<td valign=\"middle\">Certificados:<\/td>\n<td valign=\"middle\">CE - ROHS<\/td>\n<\/tr>\n<tr class=\"even\">\n<td valign=\"middle\" width=\"32\"><\/td>\n<td valign=\"middle\">Classifica\u00e7\u00e3o IP:<\/td>\n<td valign=\"middle\">IP20<\/td>\n<\/tr>\n<tr class=\"odd\">\n<td valign=\"middle\" width=\"32\"><\/td>\n<td valign=\"middle\">D\u00edodo LED de vida estimada (H):<\/td>\n<td valign=\"middle\">35.000<\/td>\n<\/tr>\n<tr class=\"even\">\n<td valign=\"middle\" width=\"32\"><\/td>\n<td valign=\"middle\">Dimens\u00f5es (mm):<\/td>\n<td valign=\"middle\">\u00d8110mm * 67mm<\/td>\n<\/tr>\n<tr class=\"odd\">\n<td valign=\"middle\" width=\"32\"><\/td>\n<td valign=\"middle\">Frequ\u00eancia de trabalho (Hz):<\/td>\n<td valign=\"middle\">50\/60Hz<\/td>\n<\/tr>\n<tr class=\"even\">\n<td valign=\"middle\" width=\"32\"><\/td>\n<td valign=\"middle\">Gama de temperaturas (\u00baC):<\/td>\n<td valign=\"middle\">-20\u00b0C ~ +55\u00b0C<\/td>\n<\/tr>\n<tr class=\"odd\">\n<td valign=\"middle\" width=\"32\"><\/td>\n<td valign=\"middle\">Ciclos de Igni\u00e7\u00e3o:<\/td>\n<td valign=\"middle\">100.000<\/td>\n<\/tr>\n<tr class=\"even\">\n<td valign=\"middle\" width=\"32\"><\/td>\n<td valign=\"middle\">Tempo de arranque (s):<\/td>\n<td valign=\"middle\">0,2s<\/td>\n<\/tr>\n<tr class=\"odd\">\n<td valign=\"middle\" width=\"32\"><\/td>\n<td valign=\"middle\">Condutor inclu\u00eddo:<\/td>\n<td valign=\"middle\">SIM<\/td>\n<\/tr>\n<tr class=\"even\">\n<td valign=\"middle\" width=\"32\"><\/td>\n<td valign=\"middle\">Classe energ\u00e9tica (2021-EU-2019\/2015):<\/td>\n<td valign=\"middle\">A+<\/td>\n<\/tr>\n<tr class=\"odd\">\n<td valign=\"middle\" width=\"32\"><\/td>\n<td valign=\"middle\">Anos de garantia:<\/td>\n<td valign=\"middle\">2<\/td>\n<\/tr>\n<\/tbody>\n<\/table>\n<\/div><\/p>","protected":false},"excerpt":{"rendered":"<div class=\"col-md-12\"><i class=\"fa fa-truck\"><\/i>&nbsp;<span class=\"text-muted textprop\">Entrega em 24\/48 horas<\/span><div class=\"col-md-12\"><i class=\"fa fa-exchange\"><\/i>&nbsp;<span class=\"text-muted textprop\">Garantia do segurado<\/span><\/div><div class=\"col-md-12\"><i class=\"fa fa-box\"><\/i>&nbsp;<span class=\"text-muted textprop\">50 unidade(s) por Masterbox<\/span><\/div><div><strong>TEMPERATURA DE COR: 2700K\/4000K<\/strong><\/div><\/div>","protected":false},"featured_media":1987,"template":"","meta":{"site-sidebar-layout":"default","site-content-layout":"default","ast-global-header-display":"","ast-main-header-display":"","ast-hfb-above-header-display":"","ast-hfb-below-header-display":"","ast-hfb-mobile-header-display":"","site-post-title":"","ast-breadcrumbs-content":"","ast-featured-img":"","footer-sml-layout":"","theme-transparent-header-meta":"default","adv-header-id-meta":"","stick-header-meta":"","header-above-stick-meta":"","header-main-stick-meta":"","header-below-stick-meta":""},"product_cat":[61,23],"product_tag":[],"class_list":["post-1981","product","type-product","status-publish","has-post-thumbnail","hentry","product_cat-bombillas-led-ar111","product_cat-bombillas-y-lamparas-led"],"_links":{"self":[{"href":"https:\/\/starlediluminacion.com\/pt\/wp-json\/wp\/v3\/product\/1981","targetHints":{"allow":["GET"]}}],"collection":[{"href":"https:\/\/starlediluminacion.com\/pt\/wp-json\/wp\/v3\/product"}],"about":[{"href":"https:\/\/starlediluminacion.com\/pt\/wp-json\/wp\/v2\/types\/product"}],"wp:featuredmedia":[{"embeddable":true,"href":"https:\/\/starlediluminacion.com\/pt\/wp-json\/wp\/v2\/media\/1987"}],"wp:attachment":[{"href":"https:\/\/starlediluminacion.com\/pt\/wp-json\/wp\/v2\/media?parent=1981"}],"wp:term":[{"taxonomy":"product_cat","embeddable":true,"href":"https:\/\/starlediluminacion.com\/pt\/wp-json\/wp\/v2\/product_cat?post=1981"},{"taxonomy":"product_tag","embeddable":true,"href":"https:\/\/starlediluminacion.com\/pt\/wp-json\/wp\/v2\/product_tag?post=1981"}],"curies":[{"name":"wp","href":"https:\/\/api.w.org\/{rel}","templated":true}]}}