{"id":1924,"date":"2022-08-01T21:11:51","date_gmt":"2022-08-01T21:11:51","guid":{"rendered":"https:\/\/starlediluminacion.com\/?post_type=product&#038;p=1924"},"modified":"2022-08-27T16:05:33","modified_gmt":"2022-08-27T16:05:33","slug":"dicroica-led-5w-gu10-rgbcct-smart-wifi-control-remoto-regulable","status":"publish","type":"product","link":"https:\/\/starlediluminacion.com\/pt\/product\/dicroica-led-5w-gu10-rgbcct-smart-wifi-control-remote-controlado-ajustavel\/","title":{"rendered":"<p>5W GU10 RGB+CCT + SMART Wifi + Comando Remoto + Baliza LED Regul\u00e1vel 5W GU10 RGB+CCT + SMART Wifi + Comando Remoto + Regul\u00e1vel<\/p>"},"content":{"rendered":"<p><label><label>REFER\u00caNCIA: <span style=\"font-size: 16px;\">SL<\/span><span class=\"editable\" style=\"font-size: 16px;\">IWSMGU10<\/span><\/label><\/label><p><strong>WIFI SMART LED 5W dicr\u00f3ica + CONTROLO REMOTO&nbsp;<\/strong>GU10 tem fun\u00e7\u00e3o de sele\u00e7\u00e3o de cor&nbsp;<strong>RGB + Branco.<\/strong> \u00c9 facilmente programado atrav\u00e9s da nossa aplica\u00e7\u00e3o IWIIK gratuita e\/ou vocalmente com o Google Home e o Alexa. Com diferentes tonalidades de cor e brilho, pode criar atmosferas \u00fanicas. E se quiser apenas control\u00e1-lo com o controlo remoto, tamb\u00e9m o pode fazer.<strong>50xH56mm<\/strong><\/p><h1>5W GU10 RGB+CCT + SMART Wifi + Comando Remoto + Baliza LED Regul\u00e1vel 5W GU10 RGB+CCT + SMART Wifi + Comando Remoto + Regul\u00e1vel<\/h1><p>A nossa Dicroica 5W LED SMART WIFI+ REMOTE CONTROL, oferece a possibilidade de ajustar a cor de cada d\u00edodo (RGB) assim como a luminosidade e a sua temperatura de cor, sendo poss\u00edvel ajustar desde cores quentes (2700K) a cores mais frias (6500K) adaptando-se assim \u00e0s necessidades de todos os utilizadores. Agrupe-o com outros dispositivos SMART e crie momentos \u00fanicos em sua casa.<\/p><h2>Configura\u00e7\u00e3o LED Dicr\u00f3ica 5W GU10 RGB+CCT:<\/h2><ul>\n<li>Ligar a l\u00e2mpada \u00e0 rede.<\/li>\n<li>Ligar e desligar repetidamente 3 vezes<\/li>\n<li>O bulbo deve come\u00e7ar a piscar.<\/li>\n<li>Se a l\u00e2mpada n\u00e3o piscar, esperar 10 segundos e repetir a sequ\u00eancia de novo.<\/li>\n<li>A partir de agora, pode lig\u00e1-lo ao APP.<\/li>\n<\/ul><p>A l\u00e2mpada com casquilho GU10 tamb\u00e9m pode ser controlada com o controlo remoto por infravermelhos incorporado, sem necessidade de o ligar \u00e0 rede WIFI.<\/p><p>Tem um total de&nbsp;<strong>compatibilidade<\/strong>&nbsp; com&nbsp;<strong>Amazon Alexa, Google Home e Smart life<\/strong>&nbsp;bem como os sistemas operativos IO e Android. A sua implementa\u00e7\u00e3o \u00e9 muito simples e intuitiva atrav\u00e9s da nossa aplica\u00e7\u00e3o gratuita IWIIK ou TUYA.<\/p><p>Transforme a sua casa numa casa inteligente gra\u00e7as aos produtos Smart WIFI IWIIK que pode encontrar na nossa loja online.<\/p><h3 class=\"page-product-heading\">DADOS T\u00c9CNICOS<\/h3><div class=\"col-xs-12 col-md-6\">\n<table class=\"table table-data-sheet 1\">\n<tbody>\n<tr class=\"odd\">\n<td valign=\"middle\" width=\"32\"><\/td>\n<td valign=\"middle\">REFER\u00caNCIA :<\/td>\n<td valign=\"middle\">SLIWSMGU10<\/td>\n<\/tr>\n<tr class=\"even\">\n<td valign=\"middle\" width=\"32\"><\/td>\n<td valign=\"middle\">Pot\u00eancia nominal :<\/td>\n<td valign=\"middle\">5w<\/td>\n<\/tr>\n<tr class=\"odd\">\n<td valign=\"middle\" width=\"32\"><\/td>\n<td valign=\"middle\">Tens\u00e3o Nominal:<\/td>\n<td valign=\"middle\">220-240V<\/td>\n<\/tr>\n<tr class=\"even\">\n<td valign=\"middle\" width=\"32\"><\/td>\n<td valign=\"middle\">Temperatura ligeira:<\/td>\n<td valign=\"middle\">RGB + CCT<\/td>\n<\/tr>\n<tr class=\"odd\">\n<td valign=\"middle\" width=\"32\"><\/td>\n<td valign=\"middle\">CRI - Colour Rendering Index:<\/td>\n<td valign=\"middle\">80<\/td>\n<\/tr>\n<tr class=\"even\">\n<td valign=\"middle\" width=\"32\"><\/td>\n<td valign=\"middle\">Material de constru\u00e7\u00e3o:<\/td>\n<td valign=\"middle\">Alum\u00ednio +PC<\/td>\n<\/tr>\n<tr class=\"odd\">\n<td valign=\"middle\" width=\"32\"><\/td>\n<td valign=\"middle\">Luminosidade-Lm:<\/td>\n<td valign=\"middle\">400<\/td>\n<\/tr>\n<tr class=\"even\">\n<td valign=\"middle\" width=\"32\"><\/td>\n<td valign=\"middle\">Tipo de LEDs:<\/td>\n<td valign=\"middle\">SMD<\/td>\n<\/tr>\n<tr class=\"odd\">\n<td valign=\"middle\" width=\"32\"><\/td>\n<td valign=\"middle\">\u00c2ngulo de abertura (\u00ba):<\/td>\n<td valign=\"middle\">120\u00b0<\/td>\n<\/tr>\n<tr class=\"even\">\n<td valign=\"middle\" width=\"32\"><\/td>\n<td valign=\"middle\">Efici\u00eancia dos d\u00edodos LED (Lm\/W):<\/td>\n<td valign=\"middle\">120Lm\/W<\/td>\n<\/tr>\n<tr class=\"odd\">\n<td valign=\"middle\" width=\"32\"><\/td>\n<td valign=\"middle\">Efic\u00e1cia luminosa (Lm\/W):<\/td>\n<td valign=\"middle\">80 Lm\/W<\/td>\n<\/tr>\n<\/tbody>\n<\/table>\n<\/div><div class=\"col-xs-12 col-md-6 2\">\n<table class=\"table table-data-sheet 2\">\n<tbody>\n<tr class=\"odd\">\n<td valign=\"middle\" width=\"32\"><\/td>\n<td valign=\"middle\">Arbusto:<\/td>\n<td valign=\"middle\">GU10<\/td>\n<\/tr>\n<tr class=\"even\">\n<td valign=\"middle\" width=\"32\"><\/td>\n<td valign=\"middle\">Certificados:<\/td>\n<td valign=\"middle\">CE - ROHS<\/td>\n<\/tr>\n<tr class=\"odd\">\n<td valign=\"middle\" width=\"32\"><\/td>\n<td valign=\"middle\">D\u00edodo LED de vida estimada (H):<\/td>\n<td valign=\"middle\">30.000<\/td>\n<\/tr>\n<tr class=\"even\">\n<td valign=\"middle\" width=\"32\"><\/td>\n<td valign=\"middle\">Dimens\u00f5es (mm):<\/td>\n<td valign=\"middle\">\u00d850xH56mm<\/td>\n<\/tr>\n<tr class=\"odd\">\n<td valign=\"middle\" width=\"32\"><\/td>\n<td valign=\"middle\">Frequ\u00eancia de trabalho (Hz):<\/td>\n<td valign=\"middle\">50\/60Hz<\/td>\n<\/tr>\n<tr class=\"even\">\n<td valign=\"middle\" width=\"32\"><\/td>\n<td valign=\"middle\">Gama de temperaturas (\u00baC):<\/td>\n<td valign=\"middle\">-20\u00b0C ~ +55\u00b0C<\/td>\n<\/tr>\n<tr class=\"odd\">\n<td valign=\"middle\" width=\"32\"><\/td>\n<td valign=\"middle\">Tempo de arranque (s):<\/td>\n<td valign=\"middle\">0,2s<\/td>\n<\/tr>\n<tr class=\"even\">\n<td valign=\"middle\" width=\"32\"><\/td>\n<td valign=\"middle\">Modos de controlo:<\/td>\n<td valign=\"middle\">CONTROLO REMOTO + WIFI<\/td>\n<\/tr>\n<tr class=\"odd\">\n<td valign=\"middle\" width=\"32\"><\/td>\n<td valign=\"middle\">Classe energ\u00e9tica (2021-EU-2019\/2015):<\/td>\n<td valign=\"middle\">A+<\/td>\n<\/tr>\n<tr class=\"even\">\n<td valign=\"middle\" width=\"32\"><\/td>\n<td valign=\"middle\">Anos de garantia:<\/td>\n<td valign=\"middle\">2<\/td>\n<\/tr>\n<\/tbody>\n<\/table>\n<\/div><\/p>","protected":false},"excerpt":{"rendered":"<div class=\"col-md-12\">&nbsp;<span class=\"text-muted textprop\">Entrega em 24\/48 horas<\/span><div class=\"col-md-12\"><i class=\"fa fa-exchange\"><\/i>&nbsp;<span class=\"text-muted textprop\">Garantia do segurado<\/span><\/div><div class=\"col-md-12\"><i class=\"fa fa-box\"><\/i>&nbsp;<span class=\"text-muted textprop\">200 unidade(s) por Masterbox<\/span><\/div><div class=\"col-md-12\"><\/div><\/div>","protected":false},"featured_media":1925,"template":"","meta":{"site-sidebar-layout":"default","site-content-layout":"default","ast-global-header-display":"","ast-main-header-display":"","ast-hfb-above-header-display":"","ast-hfb-below-header-display":"","ast-hfb-mobile-header-display":"","site-post-title":"","ast-breadcrumbs-content":"","ast-featured-img":"","footer-sml-layout":"","theme-transparent-header-meta":"default","adv-header-id-meta":"","stick-header-meta":"","header-above-stick-meta":"","header-main-stick-meta":"","header-below-stick-meta":""},"product_cat":[48,23,39],"product_tag":[],"class_list":["post-1924","product","type-product","status-publish","has-post-thumbnail","hentry","product_cat-bombillas-led-gu10-mr16-g4","product_cat-bombillas-y-lamparas-led","product_cat-smart-led-domotica"],"yoast_head":"<!-- This site is optimized with the Yoast SEO plugin v27.4 - https:\/\/yoast.com\/product\/yoast-seo-wordpress\/ -->\n<title>Dicroica LED 5W GU10 RGB+CCT + SMART Wifi + Control Remoto + Regulable - STARLED Iluminacion<\/title>\n<meta name=\"robots\" content=\"index, follow, max-snippet:-1, max-image-preview:large, max-video-preview:-1\" \/>\n<link rel=\"canonical\" href=\"https:\/\/starlediluminacion.com\/pt\/product\/dicroica-led-5w-gu10-rgbcct-smart-wifi-control-remote-controlado-ajustavel\/\" \/>\n<meta property=\"og:locale\" content=\"pt_PT\" \/>\n<meta property=\"og:type\" content=\"article\" \/>\n<meta property=\"og:title\" content=\"Dicroica LED 5W GU10 RGB+CCT + SMART Wifi + Control Remoto + Regulable - STARLED Iluminacion\" \/>\n<meta property=\"og:description\" content=\"\u00a0Entrega en 24\/48 horas \u00a0Garant\u00eda asegurada \u00a0200 unidad(es) por Masterbox\" \/>\n<meta property=\"og:url\" content=\"https:\/\/starlediluminacion.com\/pt\/product\/dicroica-led-5w-gu10-rgbcct-smart-wifi-control-remote-controlado-ajustavel\/\" \/>\n<meta property=\"og:site_name\" content=\"STARLED Iluminacion\" \/>\n<meta property=\"article:modified_time\" content=\"2022-08-27T16:05:33+00:00\" \/>\n<meta property=\"og:image\" content=\"https:\/\/starlediluminacion.com\/wp-content\/uploads\/2022\/08\/dicroica-led-5w-gu10-rgbcct-smart-wifi-control-remoto-regulable-factorled-1.jpg\" \/>\n\t<meta property=\"og:image:width\" content=\"1000\" \/>\n\t<meta property=\"og:image:height\" content=\"1000\" \/>\n\t<meta property=\"og:image:type\" content=\"image\/jpeg\" \/>\n<meta name=\"twitter:card\" content=\"summary_large_image\" \/>\n<meta name=\"twitter:label1\" content=\"Tempo estimado de leitura\" \/>\n\t<meta name=\"twitter:data1\" content=\"2 minutos\" \/>\n<script type=\"application\/ld+json\" class=\"yoast-schema-graph\">{\"@context\":\"https:\\\/\\\/schema.org\",\"@graph\":[{\"@type\":\"WebPage\",\"@id\":\"https:\\\/\\\/starlediluminacion.com\\\/pt\\\/product\\\/dicroica-led-5w-gu10-rgbcct-smart-wifi-control-remote-controlado-ajustavel\\\/\",\"url\":\"https:\\\/\\\/starlediluminacion.com\\\/pt\\\/product\\\/dicroica-led-5w-gu10-rgbcct-smart-wifi-control-remote-controlado-ajustavel\\\/\",\"name\":\"Dicroica LED 5W GU10 RGB+CCT + SMART Wifi + Control Remoto + Regulable - STARLED Iluminacion\",\"isPartOf\":{\"@id\":\"https:\\\/\\\/starlediluminacion.com\\\/#website\"},\"primaryImageOfPage\":{\"@id\":\"https:\\\/\\\/starlediluminacion.com\\\/pt\\\/product\\\/dicroica-led-5w-gu10-rgbcct-smart-wifi-control-remote-controlado-ajustavel\\\/#primaryimage\"},\"image\":{\"@id\":\"https:\\\/\\\/starlediluminacion.com\\\/pt\\\/product\\\/dicroica-led-5w-gu10-rgbcct-smart-wifi-control-remote-controlado-ajustavel\\\/#primaryimage\"},\"thumbnailUrl\":\"https:\\\/\\\/starlediluminacion.com\\\/wp-content\\\/uploads\\\/2022\\\/08\\\/dicroica-led-5w-gu10-rgbcct-smart-wifi-control-remoto-regulable-factorled-1.jpg\",\"datePublished\":\"2022-08-01T21:11:51+00:00\",\"dateModified\":\"2022-08-27T16:05:33+00:00\",\"breadcrumb\":{\"@id\":\"https:\\\/\\\/starlediluminacion.com\\\/pt\\\/product\\\/dicroica-led-5w-gu10-rgbcct-smart-wifi-control-remote-controlado-ajustavel\\\/#breadcrumb\"},\"inLanguage\":\"pt-PT\",\"potentialAction\":[{\"@type\":\"ReadAction\",\"target\":[\"https:\\\/\\\/starlediluminacion.com\\\/pt\\\/product\\\/dicroica-led-5w-gu10-rgbcct-smart-wifi-control-remote-controlado-ajustavel\\\/\"]}]},{\"@type\":\"ImageObject\",\"inLanguage\":\"pt-PT\",\"@id\":\"https:\\\/\\\/starlediluminacion.com\\\/pt\\\/product\\\/dicroica-led-5w-gu10-rgbcct-smart-wifi-control-remote-controlado-ajustavel\\\/#primaryimage\",\"url\":\"https:\\\/\\\/starlediluminacion.com\\\/wp-content\\\/uploads\\\/2022\\\/08\\\/dicroica-led-5w-gu10-rgbcct-smart-wifi-control-remoto-regulable-factorled-1.jpg\",\"contentUrl\":\"https:\\\/\\\/starlediluminacion.com\\\/wp-content\\\/uploads\\\/2022\\\/08\\\/dicroica-led-5w-gu10-rgbcct-smart-wifi-control-remoto-regulable-factorled-1.jpg\",\"width\":1000,\"height\":1000},{\"@type\":\"BreadcrumbList\",\"@id\":\"https:\\\/\\\/starlediluminacion.com\\\/pt\\\/product\\\/dicroica-led-5w-gu10-rgbcct-smart-wifi-control-remote-controlado-ajustavel\\\/#breadcrumb\",\"itemListElement\":[{\"@type\":\"ListItem\",\"position\":1,\"name\":\"Portada\",\"item\":\"https:\\\/\\\/starlediluminacion.com\\\/\"},{\"@type\":\"ListItem\",\"position\":2,\"name\":\"Shop\",\"item\":\"https:\\\/\\\/starlediluminacion.com\\\/shop-2\\\/\"},{\"@type\":\"ListItem\",\"position\":3,\"name\":\"Dicroica LED 5W GU10 RGB+CCT + SMART Wifi + Control Remoto + Regulable\"}]},{\"@type\":\"WebSite\",\"@id\":\"https:\\\/\\\/starlediluminacion.com\\\/#website\",\"url\":\"https:\\\/\\\/starlediluminacion.com\\\/\",\"name\":\"STARLED Iluminacion\",\"description\":\"\",\"potentialAction\":[{\"@type\":\"SearchAction\",\"target\":{\"@type\":\"EntryPoint\",\"urlTemplate\":\"https:\\\/\\\/starlediluminacion.com\\\/?s={search_term_string}\"},\"query-input\":{\"@type\":\"PropertyValueSpecification\",\"valueRequired\":true,\"valueName\":\"search_term_string\"}}],\"inLanguage\":\"pt-PT\"}]}<\/script>\n<!-- \/ Yoast SEO plugin. -->","yoast_head_json":{"title":"Dicroica LED 5W GU10 RGB+CCT + SMART Wifi + Control Remoto + Regulable - STARLED Iluminacion","robots":{"index":"index","follow":"follow","max-snippet":"max-snippet:-1","max-image-preview":"max-image-preview:large","max-video-preview":"max-video-preview:-1"},"canonical":"https:\/\/starlediluminacion.com\/pt\/product\/dicroica-led-5w-gu10-rgbcct-smart-wifi-control-remote-controlado-ajustavel\/","og_locale":"pt_PT","og_type":"article","og_title":"Dicroica LED 5W GU10 RGB+CCT + SMART Wifi + Control Remoto + Regulable - STARLED Iluminacion","og_description":"\u00a0Entrega en 24\/48 horas \u00a0Garant\u00eda asegurada \u00a0200 unidad(es) por Masterbox","og_url":"https:\/\/starlediluminacion.com\/pt\/product\/dicroica-led-5w-gu10-rgbcct-smart-wifi-control-remote-controlado-ajustavel\/","og_site_name":"STARLED Iluminacion","article_modified_time":"2022-08-27T16:05:33+00:00","og_image":[{"width":1000,"height":1000,"url":"https:\/\/starlediluminacion.com\/wp-content\/uploads\/2022\/08\/dicroica-led-5w-gu10-rgbcct-smart-wifi-control-remoto-regulable-factorled-1.jpg","type":"image\/jpeg"}],"twitter_card":"summary_large_image","twitter_misc":{"Tempo estimado de leitura":"2 minutos"},"schema":{"@context":"https:\/\/schema.org","@graph":[{"@type":"WebPage","@id":"https:\/\/starlediluminacion.com\/pt\/product\/dicroica-led-5w-gu10-rgbcct-smart-wifi-control-remote-controlado-ajustavel\/","url":"https:\/\/starlediluminacion.com\/pt\/product\/dicroica-led-5w-gu10-rgbcct-smart-wifi-control-remote-controlado-ajustavel\/","name":"Dicroica LED 5W GU10 RGB+CCT + SMART Wifi + Control Remoto + Regulable - STARLED Iluminacion","isPartOf":{"@id":"https:\/\/starlediluminacion.com\/#website"},"primaryImageOfPage":{"@id":"https:\/\/starlediluminacion.com\/pt\/product\/dicroica-led-5w-gu10-rgbcct-smart-wifi-control-remote-controlado-ajustavel\/#primaryimage"},"image":{"@id":"https:\/\/starlediluminacion.com\/pt\/product\/dicroica-led-5w-gu10-rgbcct-smart-wifi-control-remote-controlado-ajustavel\/#primaryimage"},"thumbnailUrl":"https:\/\/starlediluminacion.com\/wp-content\/uploads\/2022\/08\/dicroica-led-5w-gu10-rgbcct-smart-wifi-control-remoto-regulable-factorled-1.jpg","datePublished":"2022-08-01T21:11:51+00:00","dateModified":"2022-08-27T16:05:33+00:00","breadcrumb":{"@id":"https:\/\/starlediluminacion.com\/pt\/product\/dicroica-led-5w-gu10-rgbcct-smart-wifi-control-remote-controlado-ajustavel\/#breadcrumb"},"inLanguage":"pt-PT","potentialAction":[{"@type":"ReadAction","target":["https:\/\/starlediluminacion.com\/pt\/product\/dicroica-led-5w-gu10-rgbcct-smart-wifi-control-remote-controlado-ajustavel\/"]}]},{"@type":"ImageObject","inLanguage":"pt-PT","@id":"https:\/\/starlediluminacion.com\/pt\/product\/dicroica-led-5w-gu10-rgbcct-smart-wifi-control-remote-controlado-ajustavel\/#primaryimage","url":"https:\/\/starlediluminacion.com\/wp-content\/uploads\/2022\/08\/dicroica-led-5w-gu10-rgbcct-smart-wifi-control-remoto-regulable-factorled-1.jpg","contentUrl":"https:\/\/starlediluminacion.com\/wp-content\/uploads\/2022\/08\/dicroica-led-5w-gu10-rgbcct-smart-wifi-control-remoto-regulable-factorled-1.jpg","width":1000,"height":1000},{"@type":"BreadcrumbList","@id":"https:\/\/starlediluminacion.com\/pt\/product\/dicroica-led-5w-gu10-rgbcct-smart-wifi-control-remote-controlado-ajustavel\/#breadcrumb","itemListElement":[{"@type":"ListItem","position":1,"name":"Portada","item":"https:\/\/starlediluminacion.com\/"},{"@type":"ListItem","position":2,"name":"Shop","item":"https:\/\/starlediluminacion.com\/shop-2\/"},{"@type":"ListItem","position":3,"name":"Dicroica LED 5W GU10 RGB+CCT + SMART Wifi + Control Remoto + Regulable"}]},{"@type":"WebSite","@id":"https:\/\/starlediluminacion.com\/#website","url":"https:\/\/starlediluminacion.com\/","name":"STARLED Iluminacion","description":"","potentialAction":[{"@type":"SearchAction","target":{"@type":"EntryPoint","urlTemplate":"https:\/\/starlediluminacion.com\/?s={search_term_string}"},"query-input":{"@type":"PropertyValueSpecification","valueRequired":true,"valueName":"search_term_string"}}],"inLanguage":"pt-PT"}]}},"_links":{"self":[{"href":"https:\/\/starlediluminacion.com\/pt\/wp-json\/wp\/v3\/product\/1924","targetHints":{"allow":["GET"]}}],"collection":[{"href":"https:\/\/starlediluminacion.com\/pt\/wp-json\/wp\/v3\/product"}],"about":[{"href":"https:\/\/starlediluminacion.com\/pt\/wp-json\/wp\/v2\/types\/product"}],"wp:featuredmedia":[{"embeddable":true,"href":"https:\/\/starlediluminacion.com\/pt\/wp-json\/wp\/v2\/media\/1925"}],"wp:attachment":[{"href":"https:\/\/starlediluminacion.com\/pt\/wp-json\/wp\/v2\/media?parent=1924"}],"wp:term":[{"taxonomy":"product_cat","embeddable":true,"href":"https:\/\/starlediluminacion.com\/pt\/wp-json\/wp\/v2\/product_cat?post=1924"},{"taxonomy":"product_tag","embeddable":true,"href":"https:\/\/starlediluminacion.com\/pt\/wp-json\/wp\/v2\/product_tag?post=1924"}],"curies":[{"name":"wp","href":"https:\/\/api.w.org\/{rel}","templated":true}]}}