{"id":1859,"date":"2022-08-01T19:58:27","date_gmt":"2022-08-01T19:58:27","guid":{"rendered":"https:\/\/starlediluminacion.com\/?post_type=product&#038;p=1859"},"modified":"2022-08-27T15:46:25","modified_gmt":"2022-08-27T15:46:25","slug":"bombilla-led-de-filamento-4w-e27-g45","status":"publish","type":"product","link":"https:\/\/starlediluminacion.com\/pt\/product\/bombilla-led-de-filamento-4w-e27-g45\/","title":{"rendered":"<p>L\u00e2mpada de filamento LED 4W E27 G45<\/p>"},"content":{"rendered":"<p><label>REFER\u00caNCIA: SL<span style=\"font-size: 16px;\">B8002<\/span><\/label><p>O nosso&nbsp;<strong>L\u00e2mpada LED<\/strong>&nbsp;a partir de&nbsp;<strong>Filamento<\/strong>Caracteriza-se por ser muito decorativo, uma vez que oferece uma luz quente e \u00e9 ideal para a ilumina\u00e7\u00e3o de locais de lazer, interiores, \u00e1reas cl\u00e1ssicas.&nbsp;<strong>G45<\/strong>&nbsp;a partir de&nbsp;<strong>4w<\/strong>&nbsp;pode ser instalado em qualquer tipo de l\u00e2mpada devido ao seu pequeno tamanho, uma vez que tem 45mm de di\u00e2metro.<\/p><h1 dir=\"ltr\">L\u00e2mpada de filamento LED 4W E27 G45<\/h1><p dir=\"ltr\">Est\u00e1 em&nbsp;<strong>L\u00e2mpada LED<\/strong>&nbsp;a partir de&nbsp;<strong>Filamento<\/strong>&nbsp;a partir de<strong>&nbsp;4W<\/strong>&nbsp;A sua elevada pot\u00eancia fornece uma luz quente de at\u00e9 400 l\u00famenes, a sua elevada efic\u00e1cia luminosa torna-o amigo do ambiente gra\u00e7as ao&nbsp;<strong>LED<\/strong>.<\/p><p dir=\"ltr\">A forma desta l\u00e2mpada permite a distribui\u00e7\u00e3o uniforme da luz, evitando a forma\u00e7\u00e3o de sombras devido ao \u00e2ngulo da l\u00e2mpada.&nbsp;<strong>360\u00b0<\/strong>&nbsp;proporcionando assim uma luz branca decorativa e elegante.<\/p><p dir=\"ltr\">Com este tipo de l\u00e2mpada, podemos&nbsp;<strong>poupar at\u00e9 90%<\/strong>&nbsp;no nosso&nbsp;<strong>consumo<\/strong>&nbsp;e manuten\u00e7\u00e3o ao contr\u00e1rio das l\u00e2mpadas incandescentes, podemos contribuir para o ambiente, uma vez que estas l\u00e2mpadas n\u00e3o s\u00e3o compostas de materiais nocivos. Al\u00e9m disso, este modelo \u00e9 um substituto perfeito para as l\u00e2mpadas incandescentes.<\/p><h2>Usos da l\u00e2mpada de 4W E27 G45 Filamento LED<\/h2><ul>\n<li>Ilumina\u00e7\u00e3o decorativa<\/li>\n<li>Restaurantes<\/li>\n<li>Hot\u00e9is<\/li>\n<li>Quarto<\/li>\n<li>Candeeiros de secret\u00e1ria ou de cabeceira<\/li>\n<li>Salas de estar<\/li>\n<li>Chillout<\/li>\n<\/ul><h3 class=\"page-product-heading\">DADOS T\u00c9CNICOS<\/h3><div class=\"col-xs-12 col-md-6\">\n<table class=\"table table-data-sheet 1\">\n<tbody>\n<tr class=\"odd\">\n<td valign=\"middle\" width=\"32\"><\/td>\n<td valign=\"middle\">REFER\u00caNCIA :<\/td>\n<td valign=\"middle\">SLB8002<\/td>\n<\/tr>\n<tr class=\"even\">\n<td valign=\"middle\" width=\"32\"><\/td>\n<td valign=\"middle\">Pot\u00eancia nominal :<\/td>\n<td valign=\"middle\">4W<\/td>\n<\/tr>\n<tr class=\"odd\">\n<td valign=\"middle\" width=\"32\"><\/td>\n<td valign=\"middle\">Tens\u00e3o Nominal:<\/td>\n<td valign=\"middle\">220-240V<\/td>\n<\/tr>\n<tr class=\"even\">\n<td valign=\"middle\" width=\"32\"><\/td>\n<td valign=\"middle\">Temperatura ligeira:<\/td>\n<td valign=\"middle\">2700K<\/td>\n<\/tr>\n<tr class=\"odd\">\n<td valign=\"middle\" width=\"32\"><\/td>\n<td valign=\"middle\">Material de constru\u00e7\u00e3o:<\/td>\n<td valign=\"middle\">Vidro<\/td>\n<\/tr>\n<tr class=\"even\">\n<td valign=\"middle\" width=\"32\"><\/td>\n<td valign=\"middle\">Luminosidade-Lm:<\/td>\n<td valign=\"middle\">480<\/td>\n<\/tr>\n<tr class=\"odd\">\n<td valign=\"middle\" width=\"32\"><\/td>\n<td valign=\"middle\">\u00c2ngulo de abertura (\u00ba):<\/td>\n<td valign=\"middle\">360\u00ba<\/td>\n<\/tr>\n<tr class=\"even\">\n<td valign=\"middle\" width=\"32\"><\/td>\n<td valign=\"middle\">Efici\u00eancia dos d\u00edodos LED (Lm\/W):<\/td>\n<td valign=\"middle\">125 Lm\/W<\/td>\n<\/tr>\n<tr class=\"odd\">\n<td valign=\"middle\" width=\"32\"><\/td>\n<td valign=\"middle\">Efic\u00e1cia luminosa (Lm\/W):<\/td>\n<td valign=\"middle\">120 Lm\/W<\/td>\n<\/tr>\n<\/tbody>\n<\/table>\n<\/div><div class=\"col-xs-12 col-md-6 2\">\n<table class=\"table table-data-sheet 2\">\n<tbody>\n<tr class=\"odd\">\n<td valign=\"middle\" width=\"32\"><\/td>\n<td valign=\"middle\">Arbusto:<\/td>\n<td valign=\"middle\">E27<\/td>\n<\/tr>\n<tr class=\"even\">\n<td valign=\"middle\" width=\"32\"><\/td>\n<td valign=\"middle\">Classifica\u00e7\u00e3o IP:<\/td>\n<td valign=\"middle\">IP20<\/td>\n<\/tr>\n<tr class=\"odd\">\n<td valign=\"middle\" width=\"32\"><\/td>\n<td valign=\"middle\">Dimens\u00f5es (mm):<\/td>\n<td valign=\"middle\">\u00d845\u00d773 mm<\/td>\n<\/tr>\n<tr class=\"even\">\n<td valign=\"middle\" width=\"32\"><\/td>\n<td valign=\"middle\">Frequ\u00eancia de trabalho (Hz):<\/td>\n<td valign=\"middle\">50\/60Hz<\/td>\n<\/tr>\n<tr class=\"odd\">\n<td valign=\"middle\" width=\"32\"><\/td>\n<td valign=\"middle\">Gama de temperaturas (\u00baC):<\/td>\n<td valign=\"middle\">-20\u00b0C ~ +55\u00b0C<\/td>\n<\/tr>\n<tr class=\"even\">\n<td valign=\"middle\" width=\"32\"><\/td>\n<td valign=\"middle\">Ciclos de Igni\u00e7\u00e3o:<\/td>\n<td valign=\"middle\">100.000<\/td>\n<\/tr>\n<tr class=\"odd\">\n<td valign=\"middle\" width=\"32\"><\/td>\n<td valign=\"middle\">Tempo de arranque (s):<\/td>\n<td valign=\"middle\">0,2s<\/td>\n<\/tr>\n<tr class=\"even\">\n<td valign=\"middle\" width=\"32\"><\/td>\n<td valign=\"middle\">Classe energ\u00e9tica (2021-EU-2019\/2015):<\/td>\n<td valign=\"middle\">A+<\/td>\n<\/tr>\n<tr class=\"odd\">\n<td valign=\"middle\" width=\"32\"><\/td>\n<td valign=\"middle\">Anos de garantia:<\/td>\n<td valign=\"middle\">2<\/td>\n<\/tr>\n<\/tbody>\n<\/table>\n<\/div><\/p>","protected":false},"excerpt":{"rendered":"<div class=\"col-md-12\"><i class=\"fa fa-truck\"><\/i>&nbsp;<span class=\"text-muted textprop\">Entrega em 24\/48 horas<\/span><div class=\"col-md-12\"><i class=\"fa fa-exchange\"><\/i>&nbsp;<span class=\"text-muted textprop\">Garantia do segurado<\/span><\/div><div class=\"col-md-12\"><i class=\"fa fa-box\"><\/i>&nbsp;<span class=\"text-muted textprop\">200 unidade(s) por Masterbox<\/span><\/div><div><strong>TEMPERATURA DE COR: 2700K<\/strong><\/div><\/div>","protected":false},"featured_media":1862,"template":"","meta":{"site-sidebar-layout":"default","site-content-layout":"default","ast-global-header-display":"","ast-main-header-display":"","ast-hfb-above-header-display":"","ast-hfb-below-header-display":"","ast-hfb-mobile-header-display":"","site-post-title":"","ast-breadcrumbs-content":"","ast-featured-img":"","footer-sml-layout":"","theme-transparent-header-meta":"default","adv-header-id-meta":"","stick-header-meta":"","header-above-stick-meta":"","header-main-stick-meta":"","header-below-stick-meta":""},"product_cat":[46,23],"product_tag":[],"class_list":["post-1859","product","type-product","status-publish","has-post-thumbnail","hentry","product_cat-bombillas-led-e27","product_cat-bombillas-y-lamparas-led"],"_links":{"self":[{"href":"https:\/\/starlediluminacion.com\/pt\/wp-json\/wp\/v3\/product\/1859","targetHints":{"allow":["GET"]}}],"collection":[{"href":"https:\/\/starlediluminacion.com\/pt\/wp-json\/wp\/v3\/product"}],"about":[{"href":"https:\/\/starlediluminacion.com\/pt\/wp-json\/wp\/v2\/types\/product"}],"wp:featuredmedia":[{"embeddable":true,"href":"https:\/\/starlediluminacion.com\/pt\/wp-json\/wp\/v2\/media\/1862"}],"wp:attachment":[{"href":"https:\/\/starlediluminacion.com\/pt\/wp-json\/wp\/v2\/media?parent=1859"}],"wp:term":[{"taxonomy":"product_cat","embeddable":true,"href":"https:\/\/starlediluminacion.com\/pt\/wp-json\/wp\/v2\/product_cat?post=1859"},{"taxonomy":"product_tag","embeddable":true,"href":"https:\/\/starlediluminacion.com\/pt\/wp-json\/wp\/v2\/product_tag?post=1859"}],"curies":[{"name":"wp","href":"https:\/\/api.w.org\/{rel}","templated":true}]}}