{"id":1827,"date":"2022-08-01T19:34:56","date_gmt":"2022-08-01T19:34:56","guid":{"rendered":"https:\/\/starlediluminacion.com\/?post_type=product&#038;p=1827"},"modified":"2022-08-27T15:43:20","modified_gmt":"2022-08-27T15:43:20","slug":"bombilla-led-10w-smart-wifi-rgbcct-a60-regulable-e27","status":"publish","type":"product","link":"https:\/\/starlediluminacion.com\/pt\/product\/bulb-led-10w-smart-wifi-rgbcct-a60-d-dimmable-e27\/","title":{"rendered":"<p>L\u00e2mpada LED SMART Wifi RGB+CCT de 10W - A60 Regul\u00e1vel - E27<\/p>"},"content":{"rendered":"<p><label>REFER\u00caNCIA:<span style=\"font-size: 16px;\"> SL<\/span><span class=\"editable\" style=\"font-size: 16px;\">IWSMA60<\/span><\/label><p>O&nbsp;<strong>L\u00e2mpada SMART Wifi de 10W LED<\/strong>&nbsp;A60 para bucha&nbsp;<strong>E27<\/strong>A fun\u00e7\u00e3o de selec\u00e7\u00e3o de cor est\u00e1 dispon\u00edvel&nbsp;<strong>RGB + Branco<\/strong>O control\u00e1vel via aplica\u00e7\u00e3o m\u00f3vel atrav\u00e9s de liga\u00e7\u00e3o WIFI ou via&nbsp;<strong>Google Home e Alexa<\/strong>.<\/p><h1>L\u00e2mpada SMART Wifi RGB+CCT 10W L\u00e2mpada SMART Wifi RGB+CCT 10W<\/h1><p>O&nbsp;<strong>L\u00e2mpada LED SMART WIFI de 10W<\/strong>Este dispositivo oferece a possibilidade de ajustar tanto a cor de cada d\u00edodo (<strong>RGB<\/strong>) bem como o seu brilho e temperatura de cor, sendo poss\u00edvel ajust\u00e1-la das cores quentes (2700K) \u00e0s cores mais frias (6500K), adaptando-a \u00e0s necessidades de todos os utilizadores. Agrupe-o com outros dispositivos SMART e crie momentos \u00fanicos na sua casa.<\/p><h2>Configura\u00e7\u00e3o L\u00e2mpada LED 10W SMART Wifi RGB+CCT:<\/h2><ul>\n<li>Ligar a l\u00e2mpada \u00e0 rede.<\/li>\n<li>Ligar e desligar repetidamente 3 vezes<\/li>\n<li>O bulbo deve come\u00e7ar a piscar.<\/li>\n<li>Se a l\u00e2mpada n\u00e3o piscar, esperar 10 segundos e repetir a sequ\u00eancia de novo.<\/li>\n<li>A partir de agora, pode lig\u00e1-lo ao APP.<\/li>\n<\/ul><p>Tem um total de&nbsp;<strong>compatibilidade<\/strong>&nbsp; com&nbsp;<strong>Amazon Alexa, Google Home e Smart life<\/strong>&nbsp;bem como os sistemas operativos IO e Android. A sua implementa\u00e7\u00e3o \u00e9 muito simples e intuitiva atrav\u00e9s da nossa aplica\u00e7\u00e3o gratuita IWIIK ou TUYA.<\/p><p>Transforme a sua casa numa casa inteligente gra\u00e7as aos produtos&nbsp;<strong>WIFI IWIIK inteligente<\/strong>&nbsp;que pode encontrar na nossa loja online.<\/p><h3 class=\"page-product-heading\">DADOS T\u00c9CNICOS<\/h3><div class=\"col-xs-12 col-md-6\">\n<table class=\"table table-data-sheet 1\">\n<tbody>\n<tr class=\"odd\">\n<td valign=\"middle\" width=\"32\"><\/td>\n<td valign=\"middle\">REFER\u00caNCIA :<\/td>\n<td valign=\"middle\">SLIWSMA60<\/td>\n<\/tr>\n<tr class=\"even\">\n<td valign=\"middle\" width=\"32\"><\/td>\n<td valign=\"middle\">Pot\u00eancia nominal :<\/td>\n<td valign=\"middle\">10W<\/td>\n<\/tr>\n<tr class=\"odd\">\n<td valign=\"middle\" width=\"32\"><\/td>\n<td valign=\"middle\">Tens\u00e3o Nominal:<\/td>\n<td valign=\"middle\">220V-240V<\/td>\n<\/tr>\n<tr class=\"even\">\n<td valign=\"middle\" width=\"32\"><\/td>\n<td valign=\"middle\">Temperatura ligeira:<\/td>\n<td valign=\"middle\">RGB+CCT<\/td>\n<\/tr>\n<tr class=\"odd\">\n<td valign=\"middle\" width=\"32\"><\/td>\n<td valign=\"middle\">CRI - Colour Rendering Index:<\/td>\n<td valign=\"middle\">85<\/td>\n<\/tr>\n<tr class=\"even\">\n<td valign=\"middle\" width=\"32\"><\/td>\n<td valign=\"middle\">Material de constru\u00e7\u00e3o:<\/td>\n<td valign=\"middle\">Alum\u00ednio +PC<\/td>\n<\/tr>\n<tr class=\"odd\">\n<td valign=\"middle\" width=\"32\"><\/td>\n<td valign=\"middle\">Luminosidade-Lm:<\/td>\n<td valign=\"middle\">806<\/td>\n<\/tr>\n<tr class=\"even\">\n<td valign=\"middle\" width=\"32\"><\/td>\n<td valign=\"middle\">Tipo de LEDs:<\/td>\n<td valign=\"middle\">SMD<\/td>\n<\/tr>\n<tr class=\"odd\">\n<td valign=\"middle\" width=\"32\"><\/td>\n<td valign=\"middle\">\u00c2ngulo de abertura (\u00ba):<\/td>\n<td valign=\"middle\">300\u00ba<\/td>\n<\/tr>\n<tr class=\"even\">\n<td valign=\"middle\" width=\"32\"><\/td>\n<td valign=\"middle\">Efici\u00eancia dos d\u00edodos LED (Lm\/W):<\/td>\n<td valign=\"middle\">120Lm\/W<\/td>\n<\/tr>\n<tr class=\"odd\">\n<td valign=\"middle\" width=\"32\"><\/td>\n<td valign=\"middle\">Efic\u00e1cia luminosa (Lm\/W):<\/td>\n<td valign=\"middle\">80 Lm\/W<\/td>\n<\/tr>\n<tr class=\"even\">\n<td valign=\"middle\" width=\"32\"><\/td>\n<td valign=\"middle\">Dimit\u00e1vel:<\/td>\n<td valign=\"middle\">SIM<\/td>\n<\/tr>\n<\/tbody>\n<\/table>\n<\/div><div class=\"col-xs-12 col-md-6 2\">\n<table class=\"table table-data-sheet 2\">\n<tbody>\n<tr class=\"odd\">\n<td valign=\"middle\" width=\"32\"><\/td>\n<td valign=\"middle\">Arbusto:<\/td>\n<td valign=\"middle\">E27<\/td>\n<\/tr>\n<tr class=\"even\">\n<td valign=\"middle\" width=\"32\"><\/td>\n<td valign=\"middle\">Certificados:<\/td>\n<td valign=\"middle\">CE - ROHS<\/td>\n<\/tr>\n<tr class=\"odd\">\n<td valign=\"middle\" width=\"32\"><\/td>\n<td valign=\"middle\">Classifica\u00e7\u00e3o IP:<\/td>\n<td valign=\"middle\">IP20<\/td>\n<\/tr>\n<tr class=\"even\">\n<td valign=\"middle\" width=\"32\"><\/td>\n<td valign=\"middle\">D\u00edodo LED de vida estimada (H):<\/td>\n<td valign=\"middle\">30.000<\/td>\n<\/tr>\n<tr class=\"odd\">\n<td valign=\"middle\" width=\"32\"><\/td>\n<td valign=\"middle\">Dimens\u00f5es (mm):<\/td>\n<td valign=\"middle\">\u00d860\u00d7120 mm<\/td>\n<\/tr>\n<tr class=\"even\">\n<td valign=\"middle\" width=\"32\"><\/td>\n<td valign=\"middle\">Frequ\u00eancia de trabalho (Hz):<\/td>\n<td valign=\"middle\">50\/60Hz<\/td>\n<\/tr>\n<tr class=\"odd\">\n<td valign=\"middle\" width=\"32\"><\/td>\n<td valign=\"middle\">Gama de temperaturas (\u00baC):<\/td>\n<td valign=\"middle\">-20\u00b0C ~ +55\u00b0C<\/td>\n<\/tr>\n<tr class=\"even\">\n<td valign=\"middle\" width=\"32\"><\/td>\n<td valign=\"middle\">Tempo de arranque (s):<\/td>\n<td valign=\"middle\">0,2s<\/td>\n<\/tr>\n<tr class=\"odd\">\n<td valign=\"middle\" width=\"32\"><\/td>\n<td valign=\"middle\">Modos de controlo:<\/td>\n<td valign=\"middle\">WIFI<\/td>\n<\/tr>\n<tr class=\"even\">\n<td valign=\"middle\" width=\"32\"><\/td>\n<td valign=\"middle\">Classe energ\u00e9tica (2021-EU-2019\/2015):<\/td>\n<td valign=\"middle\">A+<\/td>\n<\/tr>\n<tr class=\"odd\">\n<td valign=\"middle\" width=\"32\"><\/td>\n<td valign=\"middle\">Anos de garantia:<\/td>\n<td valign=\"middle\">2<\/td>\n<\/tr>\n<\/tbody>\n<\/table>\n<\/div><\/p>","protected":false},"excerpt":{"rendered":"<div class=\"col-md-12\"><i class=\"fa fa-truck\"><\/i>&nbsp;<span class=\"text-muted textprop\">Entrega em 24\/48 horas<\/span><div class=\"col-md-12\"><i class=\"fa fa-exchange\"><\/i>&nbsp;<span class=\"text-muted textprop\">Garantia do segurado<\/span><\/div><div class=\"col-md-12\"><i class=\"fa fa-box\"><\/i>&nbsp;<span class=\"text-muted textprop\">100 unidade(s) por Masterbox<\/span><\/div><\/div>","protected":false},"featured_media":1836,"template":"","meta":{"site-sidebar-layout":"default","site-content-layout":"default","ast-global-header-display":"","ast-main-header-display":"","ast-hfb-above-header-display":"","ast-hfb-below-header-display":"","ast-hfb-mobile-header-display":"","site-post-title":"","ast-breadcrumbs-content":"","ast-featured-img":"","footer-sml-layout":"","theme-transparent-header-meta":"default","adv-header-id-meta":"","stick-header-meta":"","header-above-stick-meta":"","header-main-stick-meta":"","header-below-stick-meta":""},"product_cat":[46,23,39],"product_tag":[],"class_list":["post-1827","product","type-product","status-publish","has-post-thumbnail","hentry","product_cat-bombillas-led-e27","product_cat-bombillas-y-lamparas-led","product_cat-smart-led-domotica"],"_links":{"self":[{"href":"https:\/\/starlediluminacion.com\/pt\/wp-json\/wp\/v3\/product\/1827","targetHints":{"allow":["GET"]}}],"collection":[{"href":"https:\/\/starlediluminacion.com\/pt\/wp-json\/wp\/v3\/product"}],"about":[{"href":"https:\/\/starlediluminacion.com\/pt\/wp-json\/wp\/v2\/types\/product"}],"wp:featuredmedia":[{"embeddable":true,"href":"https:\/\/starlediluminacion.com\/pt\/wp-json\/wp\/v2\/media\/1836"}],"wp:attachment":[{"href":"https:\/\/starlediluminacion.com\/pt\/wp-json\/wp\/v2\/media?parent=1827"}],"wp:term":[{"taxonomy":"product_cat","embeddable":true,"href":"https:\/\/starlediluminacion.com\/pt\/wp-json\/wp\/v2\/product_cat?post=1827"},{"taxonomy":"product_tag","embeddable":true,"href":"https:\/\/starlediluminacion.com\/pt\/wp-json\/wp\/v2\/product_tag?post=1827"}],"curies":[{"name":"wp","href":"https:\/\/api.w.org\/{rel}","templated":true}]}}