{"id":1758,"date":"2022-08-01T18:24:15","date_gmt":"2022-08-01T18:24:15","guid":{"rendered":"https:\/\/starlediluminacion.com\/?post_type=product&#038;p=1758"},"modified":"2022-08-27T15:40:26","modified_gmt":"2022-08-27T15:40:26","slug":"bombilla-led-12w-e27-a60-180o-osram-chip-duris-e-2835","status":"publish","type":"product","link":"https:\/\/starlediluminacion.com\/pt\/product\/bombilla-led-12w-e27-a60-180o-osram-chip-duris-e-2835\/","title":{"rendered":"<p>L\u00e2mpada LED 12W E27 A60 180\u00ba - OSRAM CHIP DURIS E 2835<\/p>"},"content":{"rendered":"<p><label>REFER\u00caNCIA: SL<span style=\"font-size: 16px;\">B7506OSR<\/span><\/label><p>Nova gera\u00e7\u00e3o de&nbsp;<strong>L\u00e2mpadas LED 12W<\/strong>&nbsp;<strong>E27<\/strong>&nbsp;com d\u00edodo SMD 2835 com&nbsp;<strong>Chip<\/strong><strong>&nbsp;OSRAM<\/strong><strong>&nbsp;150Lm\/W&nbsp;<\/strong>a partir de<strong>&nbsp;Alta Luminosidade<\/strong>&nbsp;e com&nbsp;<strong>Condutor<\/strong><strong>&nbsp;sem Flick<\/strong>. A l\u00e2mpada tem&nbsp;<strong>3 anos de garantia<\/strong>. Poupan\u00e7a de at\u00e9 80% em substitui\u00e7\u00e3o dos halog\u00e9neos tradicionais, oferecendo um grande feixe de luz com a sua&nbsp;<strong>Abertura de 180\u00ba<\/strong>&nbsp;e de alta qualidade.<\/p><h1>L\u00e2mpada LED 12W E27 A60 180\u00ba - OSRAM CHIP DURIS E 2835<\/h1><p>O nosso&nbsp;<strong>Bombilla&nbsp;LED E27 de 12W<\/strong>&nbsp;A poupan\u00e7a de energia de at\u00e9 80% torna-o um produto muito amigo do ambiente, oferecendo um arranque imediato e uma longa vida \u00fatil.<\/p><p>Os seus d\u00edodos SMD 2835 de<strong>&nbsp;Chip OSRAM de Alta Luminosidade<\/strong>&nbsp;As l\u00e2mpadas s\u00e3o equivalentes ao brilho de uma l\u00e2mpada convencional de cerca de 105W. Isto resulta numa poupan\u00e7a de energia de 80%. A luz exposta \u00e9 distribu\u00edda por um&nbsp;<strong>\u00c2ngulo de 180\u00ba<\/strong>&nbsp;e tem um \u00edndice de restitui\u00e7\u00e3o de cor de +80, indicativo da qualidade da luz fornecida pelo nosso&nbsp;<strong>L\u00e2mpada LED E27 A60&nbsp;<\/strong>a partir de<strong>&nbsp;12W.<\/strong><\/p><p>Para al\u00e9m da efici\u00eancia energ\u00e9tica, este tipo de ilumina\u00e7\u00e3o destaca-se pela sua&nbsp;<strong>longa dura\u00e7\u00e3o<\/strong>&nbsp;com uma dura\u00e7\u00e3o estimada de 25.000 horas. Este facto deve-se \u00e0 qualidade dos materiais utilizados, como o alum\u00ednio e o policarbonato.<\/p><p>Refresque a ilumina\u00e7\u00e3o de qualquer espa\u00e7o com a&nbsp;<strong>l&aacute;mpara LED E27&nbsp;A60 12W<\/strong>&nbsp;na nossa loja online de ilumina\u00e7\u00e3o.<\/p><p>&nbsp;<\/p><h2>Usos de la&nbsp;Bombilla LED 12W E27 A60 180&ordm; &ndash; OSRAM CHIP DURIS E 2835<\/h2><ul>\n<li>Lojas de fotografia<\/li>\n<li>Cabinas fotogr\u00e1ficas<\/li>\n<li>Casa<\/li>\n<li>Galerias de design<\/li>\n<li>Candeeiros de secret\u00e1ria, de mesa, pendentes ou de ch\u00e3o<\/li>\n<\/ul><h3 class=\"page-product-heading\">DADOS T\u00c9CNICOS<\/h3><div class=\"col-xs-12 col-md-6\">\n<table class=\"table table-data-sheet 1\">\n<tbody>\n<tr class=\"odd\">\n<td valign=\"middle\" width=\"32\"><\/td>\n<td valign=\"middle\">REFER\u00caNCIA :<\/td>\n<td valign=\"middle\"><label>SL<span style=\"font-size: 16px;\">B7506OSR<\/span><\/label><\/td>\n<\/tr>\n<tr class=\"even\">\n<td valign=\"middle\" width=\"32\"><\/td>\n<td valign=\"middle\">Pot\u00eancia nominal :<\/td>\n<td valign=\"middle\">12w<\/td>\n<\/tr>\n<tr class=\"odd\">\n<td valign=\"middle\" width=\"32\"><\/td>\n<td valign=\"middle\">Tens\u00e3o Nominal:<\/td>\n<td valign=\"middle\">220-240V<\/td>\n<\/tr>\n<tr class=\"even\">\n<td valign=\"middle\" width=\"32\"><\/td>\n<td valign=\"middle\">Temperatura ligeira:<\/td>\n<td valign=\"middle\">3000K - 4000K - 6000K<\/td>\n<\/tr>\n<tr class=\"odd\">\n<td valign=\"middle\" width=\"32\"><\/td>\n<td valign=\"middle\">CRI - Colour Rendering Index:<\/td>\n<td valign=\"middle\">80<\/td>\n<\/tr>\n<tr class=\"even\">\n<td valign=\"middle\" width=\"32\"><\/td>\n<td valign=\"middle\">Material de constru\u00e7\u00e3o:<\/td>\n<td valign=\"middle\">Alum\u00ednio +PC<\/td>\n<\/tr>\n<tr class=\"odd\">\n<td valign=\"middle\" width=\"32\"><\/td>\n<td valign=\"middle\">Luminosidade-Lm:<\/td>\n<td valign=\"middle\">1200<\/td>\n<\/tr>\n<tr class=\"even\">\n<td valign=\"middle\" width=\"32\"><\/td>\n<td valign=\"middle\">Tipo de LEDs:<\/td>\n<td valign=\"middle\">SMD 2835 OSRAM CHIP<\/td>\n<\/tr>\n<tr class=\"odd\">\n<td valign=\"middle\" width=\"32\"><\/td>\n<td valign=\"middle\">\u00c2ngulo de abertura (\u00ba):<\/td>\n<td valign=\"middle\">180\u00ba<\/td>\n<\/tr>\n<tr class=\"even\">\n<td valign=\"middle\" width=\"32\"><\/td>\n<td valign=\"middle\">Efici\u00eancia dos d\u00edodos LED (Lm\/W):<\/td>\n<td valign=\"middle\">150Lm\/W<\/td>\n<\/tr>\n<tr class=\"odd\">\n<td valign=\"middle\" width=\"32\"><\/td>\n<td valign=\"middle\">Efic\u00e1cia luminosa (Lm\/W):<\/td>\n<td valign=\"middle\">100 Lm\/W<\/td>\n<\/tr>\n<\/tbody>\n<\/table>\n<\/div><div class=\"col-xs-12 col-md-6 2\">\n<table class=\"table table-data-sheet 2\">\n<tbody>\n<tr class=\"odd\">\n<td valign=\"middle\" width=\"32\"><\/td>\n<td valign=\"middle\">Arbusto:<\/td>\n<td valign=\"middle\">E27<\/td>\n<\/tr>\n<tr class=\"even\">\n<td valign=\"middle\" width=\"32\"><\/td>\n<td valign=\"middle\">Certificados:<\/td>\n<td valign=\"middle\">CE - ROHS<\/td>\n<\/tr>\n<tr class=\"odd\">\n<td valign=\"middle\" width=\"32\"><\/td>\n<td valign=\"middle\">Classifica\u00e7\u00e3o IP:<\/td>\n<td valign=\"middle\">IP20<\/td>\n<\/tr>\n<tr class=\"even\">\n<td valign=\"middle\" width=\"32\"><\/td>\n<td valign=\"middle\">D\u00edodo LED de vida estimada (H):<\/td>\n<td valign=\"middle\">25.000<\/td>\n<\/tr>\n<tr class=\"odd\">\n<td valign=\"middle\" width=\"32\"><\/td>\n<td valign=\"middle\">Frequ\u00eancia de trabalho (Hz):<\/td>\n<td valign=\"middle\">50\/60Hz<\/td>\n<\/tr>\n<tr class=\"even\">\n<td valign=\"middle\" width=\"32\"><\/td>\n<td valign=\"middle\">Gama de temperaturas (\u00baC):<\/td>\n<td valign=\"middle\">-10\u00ba + 45\u00ba -10\u00ba + 45\u00ba -10\u00ba + 45\u00ba -10\u00ba + 45\u00ba -10\u00ba + 45\u00ba -10\u00ba + 45\u00ba<\/td>\n<\/tr>\n<tr class=\"odd\">\n<td valign=\"middle\" width=\"32\"><\/td>\n<td valign=\"middle\">Ciclos de Igni\u00e7\u00e3o:<\/td>\n<td valign=\"middle\">100.000<\/td>\n<\/tr>\n<tr class=\"even\">\n<td valign=\"middle\" width=\"32\"><\/td>\n<td valign=\"middle\">Tempo de arranque (s):<\/td>\n<td valign=\"middle\">0,2s<\/td>\n<\/tr>\n<tr class=\"odd\">\n<td valign=\"middle\" width=\"32\"><\/td>\n<td valign=\"middle\">Informa\u00e7\u00e3o adicional:<\/td>\n<td valign=\"middle\">Sem Flick<\/td>\n<\/tr>\n<tr class=\"even\">\n<td valign=\"middle\" width=\"32\"><\/td>\n<td valign=\"middle\">Classe energ\u00e9tica (2021-EU-2019\/2015):<\/td>\n<td valign=\"middle\">A+<\/td>\n<\/tr>\n<tr class=\"odd\">\n<td valign=\"middle\" width=\"32\"><\/td>\n<td valign=\"middle\">Anos de garantia:<\/td>\n<td valign=\"middle\">3<\/td>\n<\/tr>\n<\/tbody>\n<\/table>\n<\/div><\/p>","protected":false},"excerpt":{"rendered":"<div class=\"col-md-12\"><span class=\"text-muted textprop\">Entrega em 24\/48 horas<\/span><div class=\"col-md-12\"><i class=\"fa fa-exchange\"><\/i>&nbsp;<span class=\"text-muted textprop\">Garantia do segurado<\/span><\/div><div class=\"col-md-12\"><i class=\"fa fa-box\"><\/i>&nbsp;<span class=\"text-muted textprop\">100 unidade(s) por Masterbox<\/span><\/div><div><strong>TEMPERATURA DE COR: 3000K\/4000K\/6000K<\/strong><\/div><\/div>","protected":false},"featured_media":1760,"template":"","meta":{"site-sidebar-layout":"default","site-content-layout":"default","ast-global-header-display":"","ast-main-header-display":"","ast-hfb-above-header-display":"","ast-hfb-below-header-display":"","ast-hfb-mobile-header-display":"","site-post-title":"","ast-breadcrumbs-content":"","ast-featured-img":"","footer-sml-layout":"","theme-transparent-header-meta":"default","adv-header-id-meta":"","stick-header-meta":"","header-above-stick-meta":"","header-main-stick-meta":"","header-below-stick-meta":""},"product_cat":[46,23],"product_tag":[],"class_list":["post-1758","product","type-product","status-publish","has-post-thumbnail","hentry","product_cat-bombillas-led-e27","product_cat-bombillas-y-lamparas-led"],"_links":{"self":[{"href":"https:\/\/starlediluminacion.com\/pt\/wp-json\/wp\/v3\/product\/1758","targetHints":{"allow":["GET"]}}],"collection":[{"href":"https:\/\/starlediluminacion.com\/pt\/wp-json\/wp\/v3\/product"}],"about":[{"href":"https:\/\/starlediluminacion.com\/pt\/wp-json\/wp\/v2\/types\/product"}],"wp:featuredmedia":[{"embeddable":true,"href":"https:\/\/starlediluminacion.com\/pt\/wp-json\/wp\/v2\/media\/1760"}],"wp:attachment":[{"href":"https:\/\/starlediluminacion.com\/pt\/wp-json\/wp\/v2\/media?parent=1758"}],"wp:term":[{"taxonomy":"product_cat","embeddable":true,"href":"https:\/\/starlediluminacion.com\/pt\/wp-json\/wp\/v2\/product_cat?post=1758"},{"taxonomy":"product_tag","embeddable":true,"href":"https:\/\/starlediluminacion.com\/pt\/wp-json\/wp\/v2\/product_tag?post=1758"}],"curies":[{"name":"wp","href":"https:\/\/api.w.org\/{rel}","templated":true}]}}