{"id":1587,"date":"2022-07-31T19:03:37","date_gmt":"2022-07-31T19:03:37","guid":{"rendered":"https:\/\/starlediluminacion.com\/?post_type=product&#038;p=1587"},"modified":"2022-08-23T15:31:55","modified_gmt":"2022-08-23T15:31:55","slug":"paneles-led","status":"publish","type":"product","link":"https:\/\/starlediluminacion.com\/pt\/product\/paineis-led-paneis-2\/","title":{"rendered":"<p>Anel redondo ajust\u00e1vel para LED dicr\u00f3ico GU10 MR16 - \u00d885mm - Alum\u00ednio<\/p>"},"content":{"rendered":"<div class=\"pb-left-column col-xs-12 col-md-5\">\n<div class=\"hidden-xs parrafo\">\n<p><strong>REFER\u00caNCIA: SL90720<\/strong><\/p>\n<p><strong>Buraco<\/strong>&nbsp;<strong>circular - \u00d885mm&nbsp;<\/strong>feito de alum\u00ednio com um acabamento&nbsp;<strong>branco<\/strong>design elegante e exclusivo. O anel \u00e9 concebido para ser utilizado com l\u00e2mpadas dicr\u00f3icas LED.&nbsp;<strong>GU10<\/strong>&nbsp;o&nbsp;<strong>MR16<\/strong>. \u00c9 perfeito para um novo local de constru\u00e7\u00e3o ou para mudar as luzes da ribalta. \u00c9 fabricado para instala\u00e7\u00e3o em zonas h\u00famidas, uma vez que \u00e9 resistente a qualquer ambiente exterior.<\/p>\n<\/div>\n<div id=\"views_block-1\" class=\"clearfix\">\n<div id=\"thumbs_list\">\n<p>&nbsp;<\/p>\n<\/div>\n<\/div>\n<div class=\"pb-right-column col-xs-12 col-md-7\">\n<div class=\"product-info-line\">\n<h1>Anel fixo para l\u00e2mpada dicr\u00f3ica circular branca GU10-MR16 - \u00d885mm - Alum\u00ednio<\/h1>\n<p><strong>Anel de encastrar&nbsp;<\/strong>colorido<strong>&nbsp;branco<\/strong>&nbsp;para&nbsp;<strong>LED dicr\u00f3ico<\/strong>ambos&nbsp;<strong>MR16<\/strong>&nbsp;como&nbsp;<strong>GU10<\/strong>foi concebida para obter uma decora\u00e7\u00e3o atractiva e refinada, gra\u00e7as \u00e0 sua forma.&nbsp;<strong>circular<\/strong>&nbsp;podem ser criadas atmosferas muito exclusivas.<\/p>\n<p>Todo o seu material \u00e9 feito de alum\u00ednio com um acabamento branco, o que faz deste aro um produto muito resistente, pelo que tem uma grande durabilidade, o que o torna um produto muito dur\u00e1vel.&nbsp;<strong>anel de a\u00e7o inoxid\u00e1vel<\/strong>.<\/p>\n<p>&nbsp;<\/p>\n<h2>Aplica\u00e7\u00f5es de Anel Fixo para L\u00e2mpada Dicroica Circular Branco GU10-MR16 - \u00d885mm - Alum\u00ednio<\/h2>\n<ul>\n<li>Cozinha<\/li>\n<li>Banho<\/li>\n<li>Varandas<\/li>\n<li>Escrit\u00f3rios<\/li>\n<li>Hipermercados<\/li>\n<\/ul>\n<p>\u00c9 ideal para qualquer \u00e1rea de eventos onde seja necess\u00e1rio recriar atmosferas seleccionadas. \u00c9 tamb\u00e9m capaz de resistir a espa\u00e7os exteriores gra\u00e7as ao seu material.<\/p>\n<p>Na FactorLED asseguramos que os nossos produtos t\u00eam garantia de QUALIDADE e oferecemos todos os elementos necess\u00e1rios para DISTRIBUI\u00c7\u00c3O, IMPORTA\u00c7\u00c3O ou VENDA INTEGRAL, incluindo a ficha de dados t\u00e9cnicos de cada produto LED.<\/p>\n<p><strong>DADOS T\u00c9CNICOS<\/strong><\/p>\n<\/div>\n<div class=\"col-xs-12 col-md-6\">\n<table class=\"table table-data-sheet 1\">\n<tbody>\n<tr class=\"odd\">\n<td valign=\"middle\" width=\"32\"><\/td>\n<td valign=\"middle\">REFER\u00caNCIA :<\/td>\n<td valign=\"middle\">SL90720<\/td>\n<\/tr>\n<tr class=\"even\">\n<td valign=\"middle\" width=\"32\"><\/td>\n<td valign=\"middle\">Material de constru\u00e7\u00e3o:<\/td>\n<td valign=\"middle\">Alum\u00ednio<\/td>\n<\/tr>\n<tr class=\"odd\">\n<td valign=\"middle\" width=\"32\"><\/td>\n<td valign=\"middle\">Certificados:<\/td>\n<td valign=\"middle\">CE<\/td>\n<\/tr>\n<\/tbody>\n<\/table>\n<\/div>\n<div class=\"col-xs-12 col-md-6 2\">\n<table class=\"table table-data-sheet 2\">\n<tbody>\n<tr class=\"odd\">\n<td valign=\"middle\" width=\"32\"><\/td>\n<td valign=\"middle\">Classifica\u00e7\u00e3o IP:<\/td>\n<td valign=\"middle\">IP20<\/td>\n<\/tr>\n<tr class=\"even\">\n<td valign=\"middle\" width=\"32\"><\/td>\n<td valign=\"middle\">Dimens\u00f5es (mm):<\/td>\n<td valign=\"middle\">\u00d885mm x H40mm<\/td>\n<\/tr>\n<tr class=\"odd\">\n<td valign=\"middle\" width=\"32\"><\/td>\n<td valign=\"middle\">Corte de tecto (mm):<\/td>\n<td valign=\"middle\">\u00d877mm<\/td>\n<\/tr>\n<\/tbody>\n<\/table>\n<\/div>\n<div class=\"col-md-6\">\n<div class=\"extra-right\">\n<div class=\"product-oa-features oa-features clearfix\"><\/div>\n<\/div>\n<\/div>\n<\/div><\/div>","protected":false},"excerpt":{"rendered":"<div class=\"col-md-12\">\n<div class=\"col-md-12\"><i class=\"fa fa-truck\"><\/i>&nbsp;<span class=\"text-muted textprop\">Entrega em 24\/48 horas<\/span><\/div>\n<div class=\"col-md-12\"><i class=\"fa fa-exchange\"><\/i>&nbsp;<span class=\"text-muted textprop\">15 dias para devolu\u00e7\u00f5es<\/span><\/div>\n<div class=\"col-md-12\"><i class=\"fa fa-box\"><\/i>&nbsp;<span class=\"text-muted textprop\">100 unidade(s) por Masterbox<\/span><\/div>\n<\/div>","protected":false},"featured_media":1589,"template":"","meta":{"site-sidebar-layout":"default","site-content-layout":"default","ast-global-header-display":"","ast-main-header-display":"","ast-hfb-above-header-display":"","ast-hfb-below-header-display":"","ast-hfb-mobile-header-display":"","site-post-title":"","ast-breadcrumbs-content":"","ast-featured-img":"","footer-sml-layout":"","theme-transparent-header-meta":"default","adv-header-id-meta":"","stick-header-meta":"","header-above-stick-meta":"","header-main-stick-meta":"","header-below-stick-meta":""},"product_cat":[62,23],"product_tag":[],"class_list":["post-1587","product","type-product","status-publish","has-post-thumbnail","hentry","product_cat-accesorios-lamparas-led","product_cat-bombillas-y-lamparas-led"],"_links":{"self":[{"href":"https:\/\/starlediluminacion.com\/pt\/wp-json\/wp\/v3\/product\/1587","targetHints":{"allow":["GET"]}}],"collection":[{"href":"https:\/\/starlediluminacion.com\/pt\/wp-json\/wp\/v3\/product"}],"about":[{"href":"https:\/\/starlediluminacion.com\/pt\/wp-json\/wp\/v2\/types\/product"}],"wp:featuredmedia":[{"embeddable":true,"href":"https:\/\/starlediluminacion.com\/pt\/wp-json\/wp\/v2\/media\/1589"}],"wp:attachment":[{"href":"https:\/\/starlediluminacion.com\/pt\/wp-json\/wp\/v2\/media?parent=1587"}],"wp:term":[{"taxonomy":"product_cat","embeddable":true,"href":"https:\/\/starlediluminacion.com\/pt\/wp-json\/wp\/v2\/product_cat?post=1587"},{"taxonomy":"product_tag","embeddable":true,"href":"https:\/\/starlediluminacion.com\/pt\/wp-json\/wp\/v2\/product_tag?post=1587"}],"curies":[{"name":"wp","href":"https:\/\/api.w.org\/{rel}","templated":true}]}}