{"id":15712,"date":"2025-03-16T21:33:18","date_gmt":"2025-03-16T21:33:18","guid":{"rendered":"https:\/\/starlediluminacion.com\/?post_type=product&#038;p=15712"},"modified":"2025-06-01T08:23:43","modified_gmt":"2025-06-01T08:23:43","slug":"foco-de-carril-led-10w-monofasico-emmen-blanco-osram-chip-duris-e-2835","status":"publish","type":"product","link":"https:\/\/starlediluminacion.com\/pt\/product\/lampada-de-led-de-faixa-10w-monofasica-emmen-branco-osram-chip-duris-e-2835-2\/","title":{"rendered":"<p>Projetor LED de calha 10W monof\u00e1sico - EMMEN WHITE - OSRAM CHIP DURIS E 2835<\/p>"},"content":{"rendered":"<h1>Foco de Carril MONOF&Aacute;SICO EMMEN BLANCO 10W con BOMBILLA GU10<p>l&nbsp;<strong>Projetor de calha monof\u00e1sico para l\u00e2mpadas GU10<\/strong>&nbsp;\u00e9 uma solu\u00e7\u00e3o de ilumina\u00e7\u00e3o elegante e funcional, concebida para cobrir uma vasta gama de necessidades em ambientes comerciais, culturais e profissionais. Fabricado em ferro de alta qualidade, este projetor combina resist\u00eancia e leveza com um design minimalista que se integra perfeitamente em qualquer espa\u00e7o.<\/p><p><strong>Principais carater\u00edsticas<\/strong><\/p><ul>\n<li><strong>Incluye bombilla GU10:<\/strong>&nbsp;Ofrece la flexibilidad de elegir la temperatura&nbsp;m&aacute;s adecuada seg&uacute;n las necesidades del usuario. Puedes optar por luz c&aacute;lida, neutra o fr&iacute;a para personalizar la atm&oacute;sfera.<\/li>\n<li><strong>\u00c2ngulo de luz vari\u00e1vel:<\/strong>&nbsp;Dispon\u00edvel em modelos com diferentes \u00e2ngulos de abertura para se adequar a v\u00e1rias aplica\u00e7\u00f5es de ilumina\u00e7\u00e3o. Desde \u00e2ngulos estreitos para real\u00e7ar pormenores espec\u00edficos a \u00e2ngulos mais amplos para uma ilumina\u00e7\u00e3o geral uniforme.<\/li>\n<li><strong>Orienta\u00e7\u00e3o ajust\u00e1vel:<\/strong>&nbsp;Este projetor \u00e9 totalmente regul\u00e1vel, permitindo orientar a luz em qualquer dire\u00e7\u00e3o. Isto \u00e9 especialmente \u00fatil para alterar a ilumina\u00e7\u00e3o de acordo com as necessidades do espa\u00e7o ou dos produtos em exposi\u00e7\u00e3o.<\/li>\n<li><strong>Instala\u00e7\u00e3o f\u00e1cil:<\/strong>&nbsp;O seu design monof\u00e1sico e a sua estrutura leve facilitam a instala\u00e7\u00e3o e a manuten\u00e7\u00e3o, tornando-o ideal para projectos de ilumina\u00e7\u00e3o modernos e funcionais.<\/li>\n<\/ul><h2>Usos y Aplicaciones del Foco de Carril EMMEN NEGRO &ndash; Monof&aacute;sico | 10W<\/h2><p>Este foco de carril LED es la opci&oacute;n ideal para una gran variedad de espacios y usos:<\/p><ul>\n<li><strong>Tiendas y escaparates<\/strong>: Destaca productos y exhibiciones con una luz n&iacute;tida y bien distribuida.<\/li>\n<li><strong>Galer&iacute;as de arte y museos<\/strong>: Su alto CRI permite una reproducci&oacute;n fiel de los colores en pinturas y objetos de exhibici&oacute;n.<\/li>\n<li><strong>Restaurantes y cafeter&iacute;as<\/strong>: Crea ambientes acogedores y elegantes con una iluminaci&oacute;n bien dirigida.<\/li>\n<li><strong>Hogares y oficinas<\/strong>: Perfecto para salones, cocinas o &aacute;reas de trabajo donde se necesite una iluminaci&oacute;n eficiente y moderna.<\/li>\n<li><strong>Hoteles y espacios comerciales<\/strong>: Mejora la est&eacute;tica y funcionalidad en pasillos, recepciones y salas de reuniones.<\/li>\n<\/ul><h3><strong>Benef\u00edcios adicionais<\/strong><\/h3><ul>\n<li><strong>Estilo moderno:<\/strong>&nbsp;O seu design discreto e elegante torna-o um complemento ideal para qualquer projeto arquitet\u00f3nico.<\/li>\n<li><strong>Durabilidade:<\/strong>&nbsp;Fabricado em alum\u00ednio, garante uma resist\u00eancia ao desgaste e uma longa vida \u00fatil.<\/li>\n<li><strong>Flexibilidade nos projectos de ilumina\u00e7\u00e3o:<\/strong>&nbsp;Pode ser utilizado para criar ambientes acolhedores e ilumina\u00e7\u00e3o t\u00e9cnica de alto desempenho.<\/li>\n<\/ul><h3 class=\"h6\">Folha de dados do produto<\/h3><dl class=\"data-sheet\">\n<dt class=\"name\"><img loading=\"lazy\" decoding=\"async\" src=\"https:\/\/www.factorled.com\/modules\/oa_features\/img\/2-default.jpg\" width=\"32\" height=\"32\">&nbsp;REFER\u00caNCIA<\/dt>\n<dd class=\"value\">TKMW10W<\/dd>\n<dt class=\"name\"><img loading=\"lazy\" decoding=\"async\" src=\"https:\/\/www.factorled.com\/modules\/oa_features\/img\/3-default.jpg\" width=\"32\" height=\"32\">&nbsp;Pot\u00eancia nominal<\/dt>\n<dd class=\"value\">10W<\/dd>\n<dt class=\"name\"><img loading=\"lazy\" decoding=\"async\" src=\"https:\/\/www.factorled.com\/modules\/oa_features\/img\/4-default.jpg\" width=\"32\" height=\"32\">&nbsp;Tens\u00e3o nominal<\/dt>\n<dd class=\"value\">220-240V<\/dd>\n<dt class=\"name\"><img loading=\"lazy\" decoding=\"async\" src=\"https:\/\/www.factorled.com\/modules\/oa_features\/img\/5-default.jpg\" width=\"32\" height=\"32\">&nbsp;Temperatura da luz<\/dt>\n<dd class=\"value\">2700K - 4000K - 5700K<\/dd>\n<dt class=\"name\"><img loading=\"lazy\" decoding=\"async\" src=\"https:\/\/www.factorled.com\/modules\/oa_features\/img\/6-default.jpg\" width=\"32\" height=\"32\">&nbsp;CRI - \u00cdndice de restitui\u00e7\u00e3o de cor<\/dt>\n<dd class=\"value\">80<\/dd>\n<dt class=\"name\"><img loading=\"lazy\" decoding=\"async\" src=\"https:\/\/www.factorled.com\/modules\/oa_features\/img\/25-default.jpg\" width=\"32\" height=\"32\">&nbsp;Material de constru\u00e7\u00e3o<\/dt>\n<dd class=\"value\">Hieroo + PC + Cristal<\/dd>\n<dt class=\"name\"><img loading=\"lazy\" decoding=\"async\" src=\"https:\/\/www.factorled.com\/modules\/oa_features\/img\/8-default.jpg\" width=\"32\" height=\"32\">&nbsp;Luminosidade-Lm<\/dt>\n<dd class=\"value\">1100<\/dd>\n<dt class=\"name\"><img loading=\"lazy\" decoding=\"async\" src=\"https:\/\/www.factorled.com\/modules\/oa_features\/img\/9-default.jpg\" width=\"32\" height=\"32\">&nbsp;Tipo de LEDs<\/dt>\n<dd class=\"value\">SMD 2835 OSRAM CHIP<\/dd>\n<dt class=\"name\"><img loading=\"lazy\" decoding=\"async\" src=\"https:\/\/www.factorled.com\/modules\/oa_features\/img\/10-default.jpg\" width=\"32\" height=\"32\">&nbsp;\u00c2ngulo de abertura (\u00ba)<\/dt>\n<dd class=\"value\">24\u00ba<\/dd>\n<dt class=\"name\"><img loading=\"lazy\" decoding=\"async\" src=\"https:\/\/www.factorled.com\/modules\/oa_features\/img\/12-default.jpg\" width=\"32\" height=\"32\">&nbsp;Efici\u00eancia do d\u00edodo LED (Lm\/W)<\/dt>\n<dd class=\"value\">120Lm\/W<\/dd>\n<dt class=\"name\"><img loading=\"lazy\" decoding=\"async\" src=\"https:\/\/www.factorled.com\/modules\/oa_features\/img\/13-default.jpg\" width=\"32\" height=\"32\">&nbsp;Efic\u00e1cia luminosa (Lm\/W)<\/dt>\n<dd class=\"value\">110 Lm\/W<\/dd>\n<dt class=\"name\"><img loading=\"lazy\" decoding=\"async\" src=\"https:\/\/www.factorled.com\/modules\/oa_features\/img\/15-default.jpg\" width=\"32\" height=\"32\">&nbsp;Certificados<\/dt>\n<dd class=\"value\">CE, CMIM, RoHS<\/dd>\n<dt class=\"name\"><img loading=\"lazy\" decoding=\"async\" src=\"https:\/\/www.factorled.com\/modules\/oa_features\/img\/16-default.jpg\" width=\"32\" height=\"32\">&nbsp;Classifica\u00e7\u00e3o IP<\/dt>\n<dd class=\"value\">IP20<\/dd>\n<dt class=\"name\"><img loading=\"lazy\" decoding=\"async\" src=\"https:\/\/www.factorled.com\/modules\/oa_features\/img\/17-default.jpg\" width=\"32\" height=\"32\">&nbsp;Vida \u00fatil estimada D\u00edodo LED (H)<\/dt>\n<dd class=\"value\">30.000<\/dd>\n<dt class=\"name\"><img loading=\"lazy\" decoding=\"async\" src=\"https:\/\/www.factorled.com\/modules\/oa_features\/img\/21-default.jpg\" width=\"32\" height=\"32\">&nbsp;Frequ\u00eancia de trabalho (Hz)<\/dt>\n<dd class=\"value\">50\/60Hz<\/dd>\n<dt class=\"name\"><img loading=\"lazy\" decoding=\"async\" src=\"https:\/\/www.factorled.com\/modules\/oa_features\/img\/22-default.jpg\" width=\"32\" height=\"32\">&nbsp;Gama de temperaturas (\u00baC)<\/dt>\n<dd class=\"value\">-20\u00ba ~ +40\u00ba.<\/dd>\n<dt class=\"name\"><img loading=\"lazy\" decoding=\"async\" src=\"https:\/\/www.factorled.com\/modules\/oa_features\/img\/23-default.jpg\" width=\"32\" height=\"32\">&nbsp;Ciclos de igni\u00e7\u00e3o<\/dt>\n<dd class=\"value\">12500<\/dd>\n<dt class=\"name\"><img loading=\"lazy\" decoding=\"async\" src=\"https:\/\/www.factorled.com\/modules\/oa_features\/img\/24-default.jpg\" width=\"32\" height=\"32\">&nbsp;Tempo de arranque (s)<\/dt>\n<dd class=\"value\">0,2s<\/dd>\n<dt class=\"name\"><img loading=\"lazy\" decoding=\"async\" src=\"https:\/\/www.factorled.com\/modules\/oa_features\/img\/7-default.jpg\" width=\"32\" height=\"32\">&nbsp;Classe energ\u00e9tica (2021-UE-2019\/2015)<\/dt>\n<dd class=\"value\">A+<\/dd>\n<dt class=\"name\"><img loading=\"lazy\" decoding=\"async\" src=\"https:\/\/www.factorled.com\/modules\/oa_features\/img\/75-default.jpg\" width=\"32\" height=\"32\">&nbsp;Anos de garantia<\/dt>\n<dd class=\"value\">3<\/dd>\n<dt class=\"name\"><img loading=\"lazy\" decoding=\"async\" src=\"https:\/\/www.factorled.com\/modules\/oa_features\/img\/103-default.jpg\" width=\"32\" height=\"32\">&nbsp;Cor da carro\u00e7aria<\/dt>\n<dd class=\"value\">Branco<\/dd>\n<dt class=\"name\"><img loading=\"lazy\" decoding=\"async\" src=\"https:\/\/www.factorled.com\/modules\/oa_features\/img\/104-default.jpg\" width=\"32\" height=\"32\">&nbsp;Acabamento<\/dt>\n<dd class=\"value\">Mate<\/dd>\n<\/dl><\/h1>","protected":false},"excerpt":{"rendered":"<div class=\"product-reference\"><strong><label class=\"label\">Refer\u00eancia:<\/label> SLTKMW10W-91138<\/strong>\n<div><\/div>\n<div class=\"product-description-short\">\n<div id=\"product-description-short-3853\">\n<p><strong>Projetor de calha monof\u00e1sico com l\u00e2mpada GU10 inclu\u00edda, fabricado em ferro,<\/strong>&nbsp;combina versatilidade e design funcional. A sua f\u00e1cil instala\u00e7\u00e3o e capacidade regul\u00e1vel permitem orientar a luz em qualquer dire\u00e7\u00e3o, ideal para adaptar a ilumina\u00e7\u00e3o \u00e0s suas necessidades. Ideal para cantos de leitura, montras ou apresenta\u00e7\u00f5es de produtos.<\/p>\n<p><strong>Uma solu\u00e7\u00e3o pr\u00e1tica e elegante para real\u00e7ar os seus espa\u00e7os!<\/strong><\/p>\n<p><strong>Temperatura de cor: 2700K\/4000K\/5700K<\/strong><\/p>\n<\/div>\n<\/div><\/div>","protected":false},"featured_media":15718,"template":"","meta":{"site-sidebar-layout":"default","site-content-layout":"default","ast-global-header-display":"","ast-main-header-display":"","ast-hfb-above-header-display":"","ast-hfb-below-header-display":"","ast-hfb-mobile-header-display":"","site-post-title":"","ast-breadcrumbs-content":"","ast-featured-img":"","footer-sml-layout":"","theme-transparent-header-meta":"default","adv-header-id-meta":"","stick-header-meta":"","header-above-stick-meta":"","header-main-stick-meta":"","header-below-stick-meta":""},"product_cat":[32,76],"product_tag":[],"class_list":["post-15712","product","type-product","status-publish","has-post-thumbnail","hentry","product_cat-iluminacion-comercial-para-tienda","product_cat-iluminacion-led-carril"],"_links":{"self":[{"href":"https:\/\/starlediluminacion.com\/pt\/wp-json\/wp\/v3\/product\/15712","targetHints":{"allow":["GET"]}}],"collection":[{"href":"https:\/\/starlediluminacion.com\/pt\/wp-json\/wp\/v3\/product"}],"about":[{"href":"https:\/\/starlediluminacion.com\/pt\/wp-json\/wp\/v2\/types\/product"}],"wp:featuredmedia":[{"embeddable":true,"href":"https:\/\/starlediluminacion.com\/pt\/wp-json\/wp\/v2\/media\/15718"}],"wp:attachment":[{"href":"https:\/\/starlediluminacion.com\/pt\/wp-json\/wp\/v2\/media?parent=15712"}],"wp:term":[{"taxonomy":"product_cat","embeddable":true,"href":"https:\/\/starlediluminacion.com\/pt\/wp-json\/wp\/v2\/product_cat?post=15712"},{"taxonomy":"product_tag","embeddable":true,"href":"https:\/\/starlediluminacion.com\/pt\/wp-json\/wp\/v2\/product_tag?post=15712"}],"curies":[{"name":"wp","href":"https:\/\/api.w.org\/{rel}","templated":true}]}}