{"id":14827,"date":"2024-10-27T10:14:07","date_gmt":"2024-10-27T10:14:07","guid":{"rendered":"https:\/\/starlediluminacion.com\/?post_type=product&#038;p=14827"},"modified":"2025-03-16T11:19:56","modified_gmt":"2025-03-16T11:19:56","slug":"campana-industrial-led-150w-100w-80w-ufo-france-cct-samsung-chip-2835-200lm-w-zhaga-plug-and-play-angulo-60o-90o","status":"publish","type":"product","link":"https:\/\/starlediluminacion.com\/pt\/product\/campana-industrial-led-150w-100w-80w-ufo-france-cct-samsung-chip-2835-200lm-w-zhaga-plug-and-play-angulo-60o-90o\/","title":{"rendered":"<p>LED industrial 150W-100W-80W - UFO FRANCE - CCT - SAMSUNG CHIP 2835 200Lm\/W - ZHAGA PLUG AND PLAY - \u00c2ngulo 60\u00ba-90\u00ba<\/p>"},"content":{"rendered":"<h1>Campana Industrial LED 150W-100W-80W &ndash; UFO FRANCE &ndash;&nbsp; CCT &ndash; SAMSUNG CHIP 2835 200Lm\/W &ndash;&nbsp; ZHAGA PLUG AND PLAY &ndash; &Aacute;ngulo 60&ordm;-90&ordm;<p>&nbsp;<\/p><p>O&nbsp;<strong>Camp\u00e2nula industrial LED UFO FRAN\u00c7A<\/strong>&nbsp;\u00e9 uma solu\u00e7\u00e3o de ilumina\u00e7\u00e3o de alto desempenho concebida para ambientes industriais exigentes. Destaca-se pela combina\u00e7\u00e3o de pot\u00eancia, versatilidade e durabilidade, sendo a escolha ideal para quem procura maximizar a efici\u00eancia energ\u00e9tica e otimizar a qualidade da ilumina\u00e7\u00e3o em grandes espa\u00e7os como f\u00e1bricas, armaz\u00e9ns, centros de distribui\u00e7\u00e3o e aeroportos. Cada uma das suas principais carater\u00edsticas e os principais benef\u00edcios que a tornam numa das melhores op\u00e7\u00f5es no mercado da ilumina\u00e7\u00e3o industrial s\u00e3o detalhados abaixo:<\/p><h3><strong>Pot\u00eancia ajust\u00e1vel<\/strong><\/h3><p>O&nbsp;<strong>Camp\u00e2nula industrial LED UFO FRAN\u00c7A<\/strong>&nbsp;ofrece una caracter&iacute;stica distintiva que permite a los usuarios ajustar la potencia lum&iacute;nica de acuerdo a sus necesidades espec&iacute;ficas. Gracias a su selector de potencia, es posible configurar la iluminaci&oacute;n en 150W, 100W o 80W. Esto brinda flexibilidad para adaptarse a diferentes ambientes y requisitos de luz, permitiendo un uso eficiente tanto en &aacute;reas que requieren alta visibilidad como en aquellos espacios donde una iluminaci&oacute;n m&aacute;s suave es suficiente.<\/p><h3><strong>Interruptor Zhaga (PNP) e protocolos de controlo<\/strong><\/h3><p>Este dispositivo \u00e9 totalmente compat\u00edvel com&nbsp;<strong>Interruptor Zhaga PNP (plug and play)<\/strong>e uma vasta gama de protocolos de controlo, incluindo&nbsp;<strong>DALI<\/strong>,&nbsp;<strong>1-10V<\/strong>,&nbsp;<strong>ZigBee, sensor PIR, RADAR<\/strong>&nbsp;e sensores crepusculares, o que facilita a sua integra\u00e7\u00e3o em sistemas de ilumina\u00e7\u00e3o inteligentes e automatizados. Esta compatibilidade permite regular e otimizar o consumo de energia, implementar a telegest\u00e3o e permitir um controlo inteligente e adaptativo da luz, optimizando a sua utiliza\u00e7\u00e3o em fun\u00e7\u00e3o das necessidades de produ\u00e7\u00e3o ou mesmo da hora do dia.<\/p><h3><strong>Temperatura de cor ajust\u00e1vel (CCT)<\/strong><\/h3><p>&nbsp;<\/p><p>A possibilidade de ajustar o&nbsp;<strong>temperatura da cor<\/strong>&nbsp;oferece uma personaliza\u00e7\u00e3o adicional, permitindo a escolha de diferentes tonalidades de luz (mais quente ou mais fria) em fun\u00e7\u00e3o das condi\u00e7\u00f5es ambientais ou das tarefas que est\u00e3o a ser executadas. Isto cria um ambiente de trabalho mais confort\u00e1vel e adaptado \u00e0s necessidades do utilizador, ajudando a melhorar o desempenho no local de trabalho.<\/p><h3><strong>Efici\u00eancia e tecnologia de ponta<\/strong><\/h3><p>A camp\u00e2nula est\u00e1 equipada com&nbsp;<strong>Chips Samsung 2835<\/strong>A elevada efic\u00e1cia luminosa do&nbsp;<strong>200Lm\/w<\/strong>. Isto resulta numa ilumina\u00e7\u00e3o potente e brilhante, o que, por sua vez, reduz significativamente o consumo de energia. A efici\u00eancia destes chips permite poupar nos custos de eletricidade sem comprometer a qualidade da ilumina\u00e7\u00e3o, o que \u00e9 crucial em espa\u00e7os industriais onde s\u00e3o necess\u00e1rias longas horas de funcionamento di\u00e1rio.<\/p><h3><strong>\u00c2ngulo de abertura ajust\u00e1vel<\/strong><\/h3><p>Outra grande vantagem \u00e9 a possibilidade de ajustar o \u00e2ngulo de abertura da luz entre&nbsp;<strong>60\u00ba e 90\u00ba.<\/strong>. Isto permite que a luz seja direcionada com precis\u00e3o, melhorando a visibilidade e minimizando a forma\u00e7\u00e3o de sombras em \u00e1reas de trabalho cr\u00edticas. Esta flexibilidade garante que a ilumina\u00e7\u00e3o \u00e9 funcional e eficiente, especialmente em ambientes onde \u00e9 necess\u00e1ria uma elevada precis\u00e3o visual.<\/p><h3><strong>Durabilidade e resist\u00eancia garantidas<\/strong><\/h3><p>Com uma classifica\u00e7\u00e3o&nbsp;<strong>IP65<\/strong>O exaustor LED \u00e9 resistente ao p\u00f3 e \u00e0 \u00e1gua, o que o torna uma escolha ideal para ambientes industriais onde as condi\u00e7\u00f5es podem ser adversas, como f\u00e1bricas e locais de produ\u00e7\u00e3o. A sua constru\u00e7\u00e3o robusta garante uma vida \u00fatil longa e um funcionamento ininterrupto, mesmo nos ambientes mais exigentes. Al\u00e9m disso, possui uma&nbsp;<strong>Garantia de 5 anos<\/strong>Isto garante um investimento fi\u00e1vel a longo prazo.<\/p><h3><strong>Condutor de alta qualidade<\/strong><\/h3><p>O&nbsp;<strong>motorista SOSEN<\/strong>incorporado nesta cobertura \u00e9 reconhecido pela sua fiabilidade e efici\u00eancia. Este componente garante um desempenho est\u00e1vel e duradouro da lumin\u00e1ria, evitando falhas comuns que tendem a aparecer ao longo do tempo em sistemas de ilumina\u00e7\u00e3o de qualidade inferior.<\/p><h3><strong>Principais vantagens do Zhaga Plug and Play Switch<\/strong><\/h3><p>O&nbsp;<strong>Interruptor Zhaga PNP<\/strong>&nbsp;permite uma f\u00e1cil instala\u00e7\u00e3o e normaliza\u00e7\u00e3o para uma integra\u00e7\u00e3o perfeita de sensores e tecnologias inteligentes. As lumin\u00e1rias com este sistema s\u00e3o altamente escal\u00e1veis e permitem uma gest\u00e3o eficiente da energia, facilitando a adapta\u00e7\u00e3o \u00e0 evolu\u00e7\u00e3o das necessidades ou ao crescimento dos sistemas de ilumina\u00e7\u00e3o sem exigir modifica\u00e7\u00f5es complexas.<\/p><h3><strong>Principais benef\u00edcios<\/strong><\/h3><ul>\n<li><strong>Efici\u00eancia energ\u00e9tica excecional:<\/strong>&nbsp;Gra\u00e7as ao seu design e tecnologia, este exaustor reduz significativamente os custos de eletricidade, proporcionando uma ilumina\u00e7\u00e3o clara e brilhante com baixo consumo de energia.<\/li>\n<li><strong>Longa vida \u00fatil:<\/strong>&nbsp;A constru\u00e7\u00e3o robusta e os componentes de alta qualidade garantem uma longa vida \u00fatil com um m\u00ednimo de manuten\u00e7\u00e3o, reduzindo os custos de funcionamento ao longo do tempo.<\/li>\n<li><strong>Instala\u00e7\u00e3o flex\u00edvel:<\/strong>&nbsp;O seu design vers\u00e1til permite uma instala\u00e7\u00e3o f\u00e1cil em v\u00e1rias configura\u00e7\u00f5es e estruturas, facilitando a sua integra\u00e7\u00e3o em v\u00e1rios tipos de ambientes industriais.<\/li>\n<li><strong>Controlo inteligente:<\/strong>&nbsp;Compat\u00edvel com sistemas de gest\u00e3o de edif\u00edcios (BMS) e com sensores e protocolos avan\u00e7ados, tais como&nbsp;<strong>Zhaga<\/strong>,&nbsp;<strong>DALI<\/strong>&nbsp;y&nbsp;<strong>ZigBee<\/strong>O novo sistema oferece a possibilidade de controlo remoto, manuten\u00e7\u00e3o preditiva e otimiza\u00e7\u00e3o do consumo de energia.<\/li>\n<\/ul><h3><strong>Aplica\u00e7\u00f5es recomendadas<\/strong><\/h3><p>O&nbsp;<strong>Camp\u00e2nula industrial LED UFO FRAN\u00c7A<\/strong>&nbsp;\u00e9 ideal para uma grande variedade de aplica\u00e7\u00f5es industriais e comerciais, tais como:<\/p><ul>\n<li><strong>Armaz\u00e9ns e centros de distribui\u00e7\u00e3o<\/strong>onde \u00e9 necess\u00e1ria uma ilumina\u00e7\u00e3o potente e constante.<\/li>\n<li><strong>F\u00e1bricas e instala\u00e7\u00f5es de produ\u00e7\u00e3o<\/strong>que requerem luz de alta qualidade para tarefas precisas.<\/li>\n<li><strong>Centros de montagem<\/strong>onde uma boa visibilidade \u00e9 essencial para o controlo de qualidade.<\/li>\n<li><strong>Aeroportos<\/strong>onde as \u00e1reas de grande atividade exigem uma ilumina\u00e7\u00e3o fi\u00e1vel e duradoura.<\/li>\n<li><strong>Controlo inteligente e gest\u00e3o remota<\/strong>Os sistemas de ilumina\u00e7\u00e3o podem ser automaticamente adaptados \u00e0s necessidades dos utilizadores.<\/li>\n<\/ul><h3><strong>Nota importante<\/strong><\/h3><p>Para tirar o m\u00e1ximo partido das funcionalidades do sistema&nbsp;<strong>Zhaga<\/strong>&nbsp;e compatibilidade com&nbsp;<strong>DALI<\/strong>,&nbsp;<strong>1-10V<\/strong>&nbsp;e outros protocolos, \u00e9 necess\u00e1rio adquirir separadamente acess\u00f3rios compat\u00edveis, uma vez que estes n\u00e3o est\u00e3o inclu\u00eddos de s\u00e9rie.<\/p><p>Em suma, o&nbsp;<strong>Camp\u00e2nula industrial LED UFO FRAN\u00c7A<\/strong>&nbsp;combina efici\u00eancia, tecnologia avan\u00e7ada, durabilidade e flexibilidade, oferecendo uma solu\u00e7\u00e3o de ilumina\u00e7\u00e3o industrial inteligente e potente que pode ser adaptada \u00e0s necessidades de qualquer espa\u00e7o de trabalho.<\/p><p>&nbsp;<\/p><p>A hotte industrial UFO FRANCE LED \u00e9 a solu\u00e7\u00e3o ideal para um ambiente de trabalho mais luminoso, seguro e eficiente. Encomende hoje e experimente a diferen\u00e7a que uma ilumina\u00e7\u00e3o de alta qualidade pode fazer.<\/p><h3 class=\"h6\">Folha de dados do produto<\/h3><dl class=\"data-sheet\">\n<dt class=\"name\"><img loading=\"lazy\" decoding=\"async\" src=\"https:\/\/www.factorled.com\/modules\/oa_features\/img\/2-default.jpg\" width=\"32\" height=\"32\">&nbsp;REFER\u00caNCIA<\/dt>\n<dd class=\"value\">HB150W-CCT- 91292<\/dd>\n<dt class=\"name\"><img loading=\"lazy\" decoding=\"async\" src=\"https:\/\/www.factorled.com\/modules\/oa_features\/img\/3-default.jpg\" width=\"32\" height=\"32\">&nbsp;Pot\u00eancia nominal<\/dt>\n<dd class=\"value\">150W-100W-80W<\/dd>\n<dt class=\"name\"><img loading=\"lazy\" decoding=\"async\" src=\"https:\/\/www.factorled.com\/modules\/oa_features\/img\/4-default.jpg\" width=\"32\" height=\"32\">&nbsp;Tens\u00e3o nominal<\/dt>\n<dd class=\"value\">220-240 V AC<\/dd>\n<dt class=\"name\"><img loading=\"lazy\" decoding=\"async\" src=\"https:\/\/www.factorled.com\/modules\/oa_features\/img\/5-default.jpg\" width=\"32\" height=\"32\">&nbsp;Temperatura da luz<\/dt>\n<dd class=\"value\">COR SELECCION\u00c1VEL: 3000K-4000K-6000K<\/dd>\n<dt class=\"name\"><img loading=\"lazy\" decoding=\"async\" src=\"https:\/\/www.factorled.com\/modules\/oa_features\/img\/6-default.jpg\" width=\"32\" height=\"32\">&nbsp;CRI - \u00cdndice de restitui\u00e7\u00e3o de cor<\/dt>\n<dd class=\"value\">82<\/dd>\n<dt class=\"name\"><img loading=\"lazy\" decoding=\"async\" src=\"https:\/\/www.factorled.com\/modules\/oa_features\/img\/8-default.jpg\" width=\"32\" height=\"32\">&nbsp;Luminosidade-Lm<\/dt>\n<dd class=\"value\">21000Lm<\/dd>\n<dt class=\"name\"><img loading=\"lazy\" decoding=\"async\" src=\"https:\/\/www.factorled.com\/modules\/oa_features\/img\/9-default.jpg\" width=\"32\" height=\"32\">&nbsp;Tipo de LEDs<\/dt>\n<dd class=\"value\">CHIP SAMSUNG 2835<\/dd>\n<dt class=\"name\"><img loading=\"lazy\" decoding=\"async\" src=\"https:\/\/www.factorled.com\/modules\/oa_features\/img\/10-default.jpg\" width=\"32\" height=\"32\">&nbsp;\u00c2ngulo de abertura (\u00ba)<\/dt>\n<dd class=\"value\">60\u00ba - 90\u00ba - 60\u00ba - 90<\/dd>\n<dt class=\"name\"><img loading=\"lazy\" decoding=\"async\" src=\"https:\/\/www.factorled.com\/modules\/oa_features\/img\/12-default.jpg\" width=\"32\" height=\"32\">&nbsp;Efici\u00eancia do d\u00edodo LED (Lm\/W)<\/dt>\n<dd class=\"value\">200 Lm\/W<\/dd>\n<dt class=\"name\"><img loading=\"lazy\" decoding=\"async\" src=\"https:\/\/www.factorled.com\/modules\/oa_features\/img\/13-default.jpg\" width=\"32\" height=\"32\">&nbsp;Efic\u00e1cia luminosa (Lm\/W)<\/dt>\n<dd class=\"value\">150 Lm\/W<\/dd>\n<dt class=\"name\"><img loading=\"lazy\" decoding=\"async\" src=\"https:\/\/www.factorled.com\/modules\/oa_features\/img\/11-default.jpg\" width=\"32\" height=\"32\">&nbsp;Dimension\u00e1vel<\/dt>\n<dd class=\"value\">REGUL\u00c1VEL 1-10V, DALI<\/dd>\n<dt class=\"name\"><img loading=\"lazy\" decoding=\"async\" src=\"https:\/\/www.factorled.com\/modules\/oa_features\/img\/15-default.jpg\" width=\"32\" height=\"32\">&nbsp;Certificados<\/dt>\n<dd class=\"value\">CE - ROHS<\/dd>\n<dt class=\"name\"><img loading=\"lazy\" decoding=\"async\" src=\"https:\/\/www.factorled.com\/modules\/oa_features\/img\/16-default.jpg\" width=\"32\" height=\"32\">&nbsp;Classifica\u00e7\u00e3o IP<\/dt>\n<dd class=\"value\">IP65-Outdoor<\/dd>\n<dt class=\"name\"><img loading=\"lazy\" decoding=\"async\" src=\"https:\/\/www.factorled.com\/modules\/oa_features\/img\/17-default.jpg\" width=\"32\" height=\"32\">&nbsp;Vida \u00fatil estimada D\u00edodo LED (H)<\/dt>\n<dd class=\"value\">50.000<\/dd>\n<dt class=\"name\"><img loading=\"lazy\" decoding=\"async\" src=\"https:\/\/www.factorled.com\/modules\/oa_features\/img\/18-default.jpg\" width=\"32\" height=\"32\">&nbsp;Dimens\u00f5es (mm)<\/dt>\n<dd class=\"value\">&Oslash;290 * H116mm<\/dd>\n<dt class=\"name\"><img loading=\"lazy\" decoding=\"async\" src=\"https:\/\/www.factorled.com\/modules\/oa_features\/img\/20-default.jpg\" width=\"32\" height=\"32\">&nbsp;Fator de pot\u00eancia (PF)<\/dt>\n<dd class=\"value\">0.9<\/dd>\n<dt class=\"name\"><img loading=\"lazy\" decoding=\"async\" src=\"https:\/\/www.factorled.com\/modules\/oa_features\/img\/26-default.jpg\" width=\"32\" height=\"32\">&nbsp;Informa\u00e7\u00f5es adicionais<\/dt>\n<dd class=\"value\">Cabina: 0,5 m<\/dd>\n<dt class=\"name\"><img loading=\"lazy\" decoding=\"async\" src=\"https:\/\/www.factorled.com\/modules\/oa_features\/img\/31-default.jpg\" width=\"32\" height=\"32\">&nbsp;Protetor de sobretens\u00e3o<\/dt>\n<dd class=\"value\">6K<\/dd>\n<dt class=\"name\"><img loading=\"lazy\" decoding=\"async\" src=\"https:\/\/www.factorled.com\/modules\/oa_features\/img\/73-default.jpg\" width=\"32\" height=\"32\">&nbsp;Prote\u00e7\u00e3o contra impactos (IK)<\/dt>\n<dd class=\"value\">IK08<\/dd>\n<dt class=\"name\"><img loading=\"lazy\" decoding=\"async\" src=\"https:\/\/www.factorled.com\/modules\/oa_features\/img\/74-default.jpg\" width=\"32\" height=\"32\">&nbsp;Condutor inclu\u00eddo<\/dt>\n<dd class=\"value\">SOSEN DRIVER<\/dd>\n<dt class=\"name\"><img loading=\"lazy\" decoding=\"async\" src=\"https:\/\/www.factorled.com\/modules\/oa_features\/img\/101-default.jpg\" width=\"32\" height=\"32\">&nbsp;Classe energ\u00e9tica (2023 - UE-2019\/2015)<\/dt>\n<dd class=\"value\">C<\/dd>\n<dt class=\"name\"><img loading=\"lazy\" decoding=\"async\" src=\"https:\/\/www.factorled.com\/modules\/oa_features\/img\/75-default.jpg\" width=\"32\" height=\"32\">&nbsp;Anos de garantia<\/dt>\n<dd class=\"value\">5<\/dd>\n<\/dl><\/h1>","protected":false},"excerpt":{"rendered":"<div class=\"product-reference\"><strong><label class=\"label\">Refer\u00eancia:<\/label> SLHB150W-CCT- 91292<\/strong>\n<div><\/div>\n<div class=\"product-description-short\">\n<div id=\"product-description-short-3638\">\n<p>O&nbsp;<strong>Camp\u00e2nula industrial LED UFO FRAN\u00c7A<\/strong>&nbsp;\u00e9 uma solu\u00e7\u00e3o de ilumina\u00e7\u00e3o altamente eficiente com&nbsp;<strong>pot\u00eancia regul\u00e1vel<\/strong>&nbsp;(150W, 100W, 80W) para otimizar o consumo de energia. Inclui tecnologia&nbsp;<strong>CCT<\/strong>&nbsp;para alterar a temperatura da cor de acordo com as suas necessidades, e est\u00e1 equipado com a fun\u00e7\u00e3o&nbsp;<strong>SAMSUNG 2835<\/strong>&nbsp;de 200Lm\/W, garantindo uma elevada luminosidade. Oferece op\u00e7\u00f5es de \u00e2ngulo de abertura ajust\u00e1veis entre&nbsp;<strong>60\u00ba ou 90\u00ba.<\/strong>&nbsp;e tem um conetor&nbsp;<strong>ZHAGA PNP<\/strong>&nbsp;compat\u00edvel com&nbsp;<strong>Regula\u00e7\u00e3o DALI, controlo 1-10V, ZigBee e sensor de movimento.<\/strong>&nbsp;Inclui&nbsp;<strong>5 anos de garantia<\/strong>garantindo durabilidade e fiabilidade.<\/p>\n<\/div>\n<\/div><\/div>","protected":false},"featured_media":14841,"template":"","meta":{"site-sidebar-layout":"default","site-content-layout":"default","ast-global-header-display":"","ast-main-header-display":"","ast-hfb-above-header-display":"","ast-hfb-below-header-display":"","ast-hfb-mobile-header-display":"","site-post-title":"","ast-breadcrumbs-content":"","ast-featured-img":"","footer-sml-layout":"","theme-transparent-header-meta":"default","adv-header-id-meta":"","stick-header-meta":"","header-above-stick-meta":"","header-main-stick-meta":"","header-below-stick-meta":""},"product_cat":[100,29],"product_tag":[],"class_list":["post-14827","product","type-product","status-publish","has-post-thumbnail","hentry","product_cat-campanas-industriales-pro-led-ufo","product_cat-iluminacion-industrial-led"],"_links":{"self":[{"href":"https:\/\/starlediluminacion.com\/pt\/wp-json\/wp\/v3\/product\/14827","targetHints":{"allow":["GET"]}}],"collection":[{"href":"https:\/\/starlediluminacion.com\/pt\/wp-json\/wp\/v3\/product"}],"about":[{"href":"https:\/\/starlediluminacion.com\/pt\/wp-json\/wp\/v2\/types\/product"}],"wp:featuredmedia":[{"embeddable":true,"href":"https:\/\/starlediluminacion.com\/pt\/wp-json\/wp\/v2\/media\/14841"}],"wp:attachment":[{"href":"https:\/\/starlediluminacion.com\/pt\/wp-json\/wp\/v2\/media?parent=14827"}],"wp:term":[{"taxonomy":"product_cat","embeddable":true,"href":"https:\/\/starlediluminacion.com\/pt\/wp-json\/wp\/v2\/product_cat?post=14827"},{"taxonomy":"product_tag","embeddable":true,"href":"https:\/\/starlediluminacion.com\/pt\/wp-json\/wp\/v2\/product_tag?post=14827"}],"curies":[{"name":"wp","href":"https:\/\/api.w.org\/{rel}","templated":true}]}}