{"id":14727,"date":"2024-10-27T09:42:48","date_gmt":"2024-10-27T09:42:48","guid":{"rendered":"https:\/\/starlediluminacion.com\/?post_type=product&#038;p=14727"},"modified":"2025-03-16T11:18:27","modified_gmt":"2025-03-16T11:18:27","slug":"moldura-rodapie-de-poliestireno-frontal-para-tira-led-2-metros","status":"publish","type":"product","link":"https:\/\/starlediluminacion.com\/pt\/product\/moldura-rodapie-de-poliestireno-frontal-para-tira-led-2-metros\/","title":{"rendered":"<p>Moldura Rodapi&eacute; de Poliestireno &ndash; Frontal &ndash; para tira LED &ndash; 2 Metros<\/p>"},"content":{"rendered":"<h1>Moldura de poliestireno - para fita LED - 2 Metros<p>O&nbsp;<strong>Moldagem de poliestireno<\/strong>&nbsp;foi especialmente concebido para incorporar perfis de alum\u00ednio com fitas LED, oferecendo uma solu\u00e7\u00e3o decorativa que transforma qualquer espa\u00e7o atrav\u00e9s de uma&nbsp;<strong>ilumina\u00e7\u00e3o indireta e decorativa<\/strong>. Este produto permite-lhe criar&nbsp;<strong>efeitos espectaculares<\/strong>&nbsp;na decora\u00e7\u00e3o de interiores, acrescentando n\u00e3o s\u00f3 luz, mas tamb\u00e9m eleg\u00e2ncia e dinamismo. Ao integrar perfis de ilumina\u00e7\u00e3o no seu interior, esta moldura transforma tectos e paredes em verdadeiras obras de arte, integrando formas lineares com um suave brilho de luz.<\/p><p>A moldura oferece infinitas possibilidades criativas, permitindo a cria\u00e7\u00e3o de composi\u00e7\u00f5es que acrescentam&nbsp;<strong>uma dimens\u00e3o adicional<\/strong>&nbsp;para a decora\u00e7\u00e3o de interiores. Seja numa sala de estar, num quarto, num restaurante ou num espa\u00e7o comercial, a ilumina\u00e7\u00e3o indireta proporcionada por esta moldura confere um toque moderno e sofisticado a qualquer ambiente. Com um pouco de criatividade, \u00e9 poss\u00edvel transformar at\u00e9 os espa\u00e7os mais simples em ambientes acolhedores e visualmente deslumbrantes.<\/p><p>Para garantir a otimiza\u00e7\u00e3o&nbsp;<strong>dissipa\u00e7\u00e3o de calor<\/strong>Recomenda-se a sua instala\u00e7\u00e3o em conjunto com um perfil de alum\u00ednio. Isto n\u00e3o s\u00f3 melhora a durabilidade da instala\u00e7\u00e3o, como tamb\u00e9m maximiza a efici\u00eancia da fita LED, mantendo uma temperatura adequada.<\/p><h3>Caracter\u00edsticas:<\/h3><ul>\n<li><strong>Material<\/strong>Poliestireno extrudido de alta densidade (XPS), conhecido pela sua estrutura r\u00edgida, termopl\u00e1stica e de c\u00e9lulas fechadas.<\/li>\n<li><strong>Elevada resist\u00eancia mec\u00e2nica<\/strong>A homogeneidade das suas c\u00e9lulas confere-lhe uma rigidez estrutural not\u00e1vel, garantindo uma elevada resist\u00eancia aos choques e \u00e0 press\u00e3o.<\/li>\n<li><strong>Durabilidade excecional<\/strong>A combina\u00e7\u00e3o de elevada resist\u00eancia mec\u00e2nica e baixa absor\u00e7\u00e3o de \u00e1gua torna o XPS extremamente dur\u00e1vel e fi\u00e1vel em ambientes interiores.<\/li>\n<li><strong>Leve e robusto<\/strong>Apesar da sua robustez, o material \u00e9 f\u00e1cil de manusear e instalar.<\/li>\n<li><strong>Acabamento personaliz\u00e1vel<\/strong>Pode ser pintada com diferentes tipos de tintas, como as tintas de base nitro, acr\u00edlica ou aquosa, permitindo personalizar a moldura de acordo com as necessidades decorativas do espa\u00e7o.<\/li>\n<li><strong>Ecol\u00f3gico<\/strong>Sem solventes e CFC, o que o torna um produto amigo do ambiente.<\/li>\n<li><strong>Cor original<\/strong>A moldura \u00e9 entregue na sua cor original, o que permite a sua total personaliza\u00e7\u00e3o ao gosto do utilizador.<\/li>\n<\/ul><p><strong>Nota<\/strong>: O&nbsp;<strong>moldagem<\/strong>&nbsp;\u00e9 entregue sem a fita LED e os acess\u00f3rios, incluindo apenas o produto principal pronto a ser personalizado e instalado.<\/p><p>Com esta moldagem de poliestireno de alta qualidade, pode criar ambientes \u00fanicos e personalizados que d\u00e3o um toque de design moderno e elegante a qualquer espa\u00e7o.<\/p><h3>Este produto adapta-se a uma grande variedade de ambientes, combinando design e funcionalidade para melhorar a experi\u00eancia visual de qualquer espa\u00e7o interior.<\/h3><div class=\"flex max-w-full flex-col flex-grow\">\n<div class=\"min-h-8 text-message flex w-full flex-col items-end gap-2 whitespace-normal break-words [.text-message+&amp;]:mt-5\">\n<div class=\"flex w-full flex-col gap-1 empty:hidden first:pt-[3px]\">\n<div class=\"markdown prose w-full break-words dark:prose-invert light\">\n<ul>\n<li><strong>Hot\u00e9is<\/strong>Perfeito para criar ambientes acolhedores e elegantes em \u00e1reas comuns, corredores, recep\u00e7\u00f5es ou salas, dando um toque moderno e sofisticado com ilumina\u00e7\u00e3o indireta.<\/li>\n<li><strong>Bibliotecas<\/strong>Proporciona uma ilumina\u00e7\u00e3o suave e decorativa que melhora o ambiente de leitura sem ser intrusiva, ideal para real\u00e7ar \u00e1reas espec\u00edficas como estantes ou cantos de leitura.<\/li>\n<li><strong>Bares<\/strong>Os efeitos de luz indireta criam uma atmosfera acolhedora e din\u00e2mica, criando espa\u00e7os \u00edntimos e atractivos para os clientes.<\/li>\n<li><strong>In\u00edcio<\/strong>Ideal para decorar tectos, paredes ou qualquer espa\u00e7o da casa, transformando salas de estar, quartos ou salas de jantar em ambientes mais acolhedores e personalizados.<\/li>\n<li><strong>Lojas<\/strong>Excelente para destacar produtos ou \u00e1reas-chave em lojas e montras, proporcionando uma ilumina\u00e7\u00e3o est\u00e9tica que melhora a apresenta\u00e7\u00e3o do produto.<\/li>\n<li><strong>Restaurantes<\/strong>A ilumina\u00e7\u00e3o pode ser ajustada de acordo com a ocasi\u00e3o, trazendo eleg\u00e2ncia e calor \u00e0s \u00e1reas de jantar ou de estar atrav\u00e9s de uma ilumina\u00e7\u00e3o decorativa eficiente.<\/li>\n<\/ul>\n<h3 class=\"h6\">Folha de dados do produto<\/h3>\n<dl class=\"data-sheet\">\n<dt class=\"name\"><img loading=\"lazy\" decoding=\"async\" src=\"https:\/\/www.factorled.com\/modules\/oa_features\/img\/2-default.jpg\" width=\"32\" height=\"32\">&nbsp;REFER\u00caNCIA<\/dt>\n<dd class=\"value\">PM-10140<\/dd>\n<dt class=\"name\"><img loading=\"lazy\" decoding=\"async\" src=\"https:\/\/www.factorled.com\/modules\/oa_features\/img\/25-default.jpg\" width=\"32\" height=\"32\">&nbsp;Material de constru\u00e7\u00e3o<\/dt>\n<dd class=\"value\">Poliestireno extrudido<\/dd>\n<dt class=\"name\"><img loading=\"lazy\" decoding=\"async\" src=\"https:\/\/www.factorled.com\/modules\/oa_features\/img\/15-default.jpg\" width=\"32\" height=\"32\">&nbsp;Certificados<\/dt>\n<dd class=\"value\">CE - ROHS<\/dd>\n<dt class=\"name\"><img loading=\"lazy\" decoding=\"async\" src=\"https:\/\/www.factorled.com\/modules\/oa_features\/img\/18-default.jpg\" width=\"32\" height=\"32\">&nbsp;Dimens\u00f5es (mm)<\/dt>\n<dd class=\"value\">2000x120x18mm<\/dd>\n<dt class=\"name\"><img loading=\"lazy\" decoding=\"async\" src=\"https:\/\/www.factorled.com\/modules\/oa_features\/img\/75-default.jpg\" width=\"32\" height=\"32\">&nbsp;Anos de garantia<\/dt>\n<dd class=\"value\">3<\/dd>\n<\/dl>\n<\/div>\n<\/div>\n<\/div>\n<\/div><\/h1>","protected":false},"excerpt":{"rendered":"<div class=\"product-reference\"><strong><label class=\"label\">Refer\u00eancia:<\/label> SLLPM-10140<\/strong>\n<div><\/div>\n<div class=\"product-description-short\">\n<div id=\"product-description-short-3756\">\n<p>Descobrir o&nbsp;<strong>Moldura de poliestireno para fita LED 2m<\/strong>uma solu\u00e7\u00e3o decorativa de alta qualidade que transforma qualquer espa\u00e7o com uma ilumina\u00e7\u00e3o indireta e difusa. Fabricado em poliestireno extrudido, \u00e9 resistente ao choque e \u00e0 \u00e1gua, o que o torna ideal para rodap\u00e9s e molduras de teto. O seu design permite uma instala\u00e7\u00e3o r\u00e1pida e f\u00e1cil, para al\u00e9m de ser leve e de ser cortado para se adaptar a qualquer tamanho. Perfeito para criar efeitos decorativos e luminosos espectaculares, \u00e9 tamb\u00e9m f\u00e1cil de pintar, garantindo um acabamento personalizado e elegante.<\/p>\n<p><em>Fita LED e acess\u00f3rios n\u00e3o inclu\u00eddos.<\/em><\/p>\n<\/div>\n<\/div><\/div>","protected":false},"featured_media":14730,"template":"","meta":{"site-sidebar-layout":"default","site-content-layout":"default","ast-global-header-display":"","ast-main-header-display":"","ast-hfb-above-header-display":"","ast-hfb-below-header-display":"","ast-hfb-mobile-header-display":"","site-post-title":"","ast-breadcrumbs-content":"","ast-featured-img":"","footer-sml-layout":"","theme-transparent-header-meta":"default","adv-header-id-meta":"","stick-header-meta":"","header-above-stick-meta":"","header-main-stick-meta":"","header-below-stick-meta":""},"product_cat":[92,45],"product_tag":[],"class_list":["post-14727","product","type-product","status-publish","has-post-thumbnail","hentry","product_cat-accesorios-tiras-led","product_cat-tiras-led-y-neon-flexible"],"_links":{"self":[{"href":"https:\/\/starlediluminacion.com\/pt\/wp-json\/wp\/v3\/product\/14727","targetHints":{"allow":["GET"]}}],"collection":[{"href":"https:\/\/starlediluminacion.com\/pt\/wp-json\/wp\/v3\/product"}],"about":[{"href":"https:\/\/starlediluminacion.com\/pt\/wp-json\/wp\/v2\/types\/product"}],"wp:featuredmedia":[{"embeddable":true,"href":"https:\/\/starlediluminacion.com\/pt\/wp-json\/wp\/v2\/media\/14730"}],"wp:attachment":[{"href":"https:\/\/starlediluminacion.com\/pt\/wp-json\/wp\/v2\/media?parent=14727"}],"wp:term":[{"taxonomy":"product_cat","embeddable":true,"href":"https:\/\/starlediluminacion.com\/pt\/wp-json\/wp\/v2\/product_cat?post=14727"},{"taxonomy":"product_tag","embeddable":true,"href":"https:\/\/starlediluminacion.com\/pt\/wp-json\/wp\/v2\/product_tag?post=14727"}],"curies":[{"name":"wp","href":"https:\/\/api.w.org\/{rel}","templated":true}]}}