{"id":14334,"date":"2024-10-20T14:44:17","date_gmt":"2024-10-20T14:44:17","guid":{"rendered":"https:\/\/starlediluminacion.com\/?post_type=product&#038;p=14334"},"modified":"2025-01-05T14:54:12","modified_gmt":"2025-01-05T14:54:12","slug":"foco-led-rgb-3000k-8w-110o-gu10-con-mando-a-distancia","status":"publish","type":"product","link":"https:\/\/starlediluminacion.com\/pt\/product\/foco-led-rgb-3000k-8w-110o-gu10-con-mando-a-distancia\/","title":{"rendered":"<p>Foco LED RGB+ 3000K &ndash; 8W 110&ordm; GU10 con Mando a Distancia<\/p>"},"content":{"rendered":"<p><span>O&nbsp;<\/span><strong><span>bombilla LED 8W RGB+ 3000K&nbsp;<\/span><\/strong><span>&nbsp;GU10 es la soluci&oacute;n ideal para quienes buscan flexibilidad y creatividad en la iluminaci&oacute;n de sus espacios interiores. Este producto combina lo mejor de ambos mundos: la posibilidad de elegir entre una amplia gama de colores RGB para crear el ambiente de cualquier espacio con el color exacto que desees, y la funcionalidad de una luz blanca c&aacute;lida de 3000K que ofrece un ambiente acogedor y relajante.<\/span><p><strong><span>Principais carater\u00edsticas<\/span><\/strong><\/p><ol>\n<li><strong><span>Ilumina\u00e7\u00e3o personaliz\u00e1vel<\/span><\/strong><span>&nbsp;&ndash; Con la bombilla LED 8W RGB+ 3000K GU10 podr&aacute;s seleccionar entre 16 millones de colores RGB. Desde tonos vibrantes y en&eacute;rgicos hasta tonalidades suaves y relajantes, esta bombilla te permite personalizar la iluminaci&oacute;n de cada espacio de tu hogar. Adem&aacute;s, su luz blanca c&aacute;lida 3000K es perfecta para crear un ambiente acogedor, ideal para momentos de relax.<\/span><\/li>\n<li><strong><span>Controlo remoto<\/span><\/strong><span>&nbsp;A l\u00e2mpada est\u00e1 equipada com um controlo remoto para facilitar a sua utiliza\u00e7\u00e3o. Com este controlo remoto, pode ajustar a cor, a intensidade da luz e alternar entre diferentes modos de ilumina\u00e7\u00e3o sem ter de sair do seu lugar. Isto n\u00e3o s\u00f3 aumenta a comodidade, como tamb\u00e9m lhe d\u00e1 mais flexibilidade para criar o ambiente perfeito para qualquer ocasi\u00e3o.<\/span><\/li>\n<li><strong><span>Efici\u00eancia energ\u00e9tica e longa dura\u00e7\u00e3o<\/span><\/strong><span>&nbsp;: con una potencia de 8 W, esta bombilla LED ofrece una notable eficiencia energ&eacute;tica en comparaci&oacute;n con las bombillas incandescentes tradicionales. Adem&aacute;s, su larga vida &uacute;til garantiza que podr&aacute; disfrutar de una iluminaci&oacute;n vibrante y de alta calidad durante muchos a&ntilde;os sin preocuparse por los reemplazos frecuentes.<\/span><\/li>\n<li><strong><span>Versatilidade na decora\u00e7\u00e3o<\/span><\/strong><span>&nbsp;: Gracias a su capacidad de combinar luz RGB y luz blanca c&aacute;lida, esta bombilla es ideal para una gran variedad de aplicaciones. Desde crear ambientes festivos en el sal&oacute;n o el comedor hasta una iluminaci&oacute;n relajante en el dormitorio, esta bombilla es perfecta para cualquier ambiente. Su dise&ntilde;o est&aacute;ndar GU10 tambi&eacute;n garantiza una f&aacute;cil instalaci&oacute;n en la mayor&iacute;a de l&aacute;mparas y luminarias.<\/span><\/li>\n<li><strong><span>Modos de ilumina\u00e7\u00e3o avan\u00e7ados<\/span><\/strong><span>&nbsp;A l\u00e2mpada LED oferece v\u00e1rios modos pr\u00e9-definidos que podem ser selecionados atrav\u00e9s do controlo remoto. Estes modos incluem transi\u00e7\u00f5es de cor suaves, intermit\u00eancia r\u00edtmica e um modo de luz fixa. Al\u00e9m disso, pode ajustar o brilho da luz para se adaptar a diferentes necessidades e situa\u00e7\u00f5es, quer se trate de uma luz fraca para a noite ou de uma luz brilhante para actividades que exijam concentra\u00e7\u00e3o.<\/span><\/li>\n<\/ol><p><strong><span>Aplica\u00e7\u00f5es recomendadas<\/span><\/strong><\/p><ul>\n<li><strong><span>Casas modernas:<\/span><\/strong><span>&nbsp;Perfeito para salas de estar, quartos e salas de jantar, onde pode ajustar a ilumina\u00e7\u00e3o para criar o ambiente ideal para a ocasi\u00e3o.<\/span><\/li>\n<li><strong><span>Escrit\u00f3rios criativos:<\/span><\/strong><span>&nbsp;ideal para espa\u00e7os de trabalho onde a inspira\u00e7\u00e3o e a criatividade s\u00e3o fundamentais. Mude as cores para manter a motiva\u00e7\u00e3o e a energia ao longo do dia.<\/span><\/li>\n<li><strong><span>Espa\u00e7os comerciais e boutiques:<\/span><\/strong><span>&nbsp;Utilize-a para destacar produtos espec\u00edficos ou criar ambientes \u00fanicos que atraiam os clientes.<\/span><\/li>\n<li><strong><span>Eventos especiais:<\/span><\/strong><span>&nbsp;Esta l\u00e2mpada \u00e9 perfeita para criar o ambiente certo em festas, reuni\u00f5es familiares e outros eventos sociais.<\/span><\/li>\n<\/ul><h3 class=\"h6\"><span>Ficha de dados<\/span><\/h3><dl class=\"data-sheet\">\n<dt class=\"name\"><img loading=\"lazy\" decoding=\"async\" src=\"https:\/\/www.factorled.com\/modules\/oa_features\/img\/2-default.jpg\" width=\"32\" height=\"32\"><span>REFER\u00caNCIA<\/span><\/dt>\n<dd class=\"value\"><span>GU10-RGB-92034<\/span><\/dd>\n<dt class=\"name\"><img loading=\"lazy\" decoding=\"async\" src=\"https:\/\/www.factorled.com\/modules\/oa_features\/img\/3-default.jpg\" width=\"32\" height=\"32\"><span>Pot\u00eancia nominal<\/span><\/dt>\n<dd class=\"value\"><span>8 semanas<\/span><\/dd>\n<dt class=\"name\"><img loading=\"lazy\" decoding=\"async\" src=\"https:\/\/www.factorled.com\/modules\/oa_features\/img\/4-default.jpg\" width=\"32\" height=\"32\"><span>Tens\u00e3o nominal<\/span><\/dt>\n<dd class=\"value\"><span>220-265v<\/span><\/dd>\n<dt class=\"name\"><img loading=\"lazy\" decoding=\"async\" src=\"https:\/\/www.factorled.com\/modules\/oa_features\/img\/5-default.jpg\" width=\"32\" height=\"32\"><span>Cor<\/span><\/dt>\n<dd class=\"value\"><span>RGB+3000K<\/span><\/dd>\n<dt class=\"name\"><img loading=\"lazy\" decoding=\"async\" src=\"https:\/\/www.factorled.com\/modules\/oa_features\/img\/6-default.jpg\" width=\"32\" height=\"32\"><span>CRI - \u00cdndice de restitui\u00e7\u00e3o de cor<\/span><\/dt>\n<dd class=\"value\"><span>80<\/span><\/dd>\n<dt class=\"name\"><img loading=\"lazy\" decoding=\"async\" src=\"https:\/\/www.factorled.com\/modules\/oa_features\/img\/25-default.jpg\" width=\"32\" height=\"32\"><span>Material de constru\u00e7\u00e3o<\/span><\/dt>\n<dd class=\"value\"><span>Termopl\u00e1stico retardador de chama<\/span><\/dd>\n<dt class=\"name\"><img loading=\"lazy\" decoding=\"async\" src=\"https:\/\/www.factorled.com\/modules\/oa_features\/img\/8-default.jpg\" width=\"32\" height=\"32\"><span>Luminosidade-Lm<\/span><\/dt>\n<dd class=\"value\"><span>700<\/span><\/dd>\n<dt class=\"name\"><img loading=\"lazy\" decoding=\"async\" src=\"https:\/\/www.factorled.com\/modules\/oa_features\/img\/9-default.jpg\" width=\"32\" height=\"32\"><span>N\u00famero e tipo de LEDs<\/span><\/dt>\n<dd class=\"value\"><span>SMD<\/span><\/dd>\n<dt class=\"name\"><img loading=\"lazy\" decoding=\"async\" src=\"https:\/\/www.factorled.com\/modules\/oa_features\/img\/10-default.jpg\" width=\"32\" height=\"32\"><span>\u00c2ngulo do feixe (\u00b0)<\/span><\/dt>\n<dd class=\"value\"><span>110\u00ba<\/span><\/dd>\n<dt class=\"name\"><img loading=\"lazy\" decoding=\"async\" src=\"https:\/\/www.factorled.com\/modules\/oa_features\/img\/12-default.jpg\" width=\"32\" height=\"32\"><span>D\u00edodo luminoso LED (Lm\/W)<\/span><\/dt>\n<dd class=\"value\"><span>110 lumens\/W<\/span><\/dd>\n<dt class=\"name\"><img loading=\"lazy\" decoding=\"async\" src=\"https:\/\/www.factorled.com\/modules\/oa_features\/img\/13-default.jpg\" width=\"32\" height=\"32\"><span>Efici\u00eancia luminosa (Lm\/W)<\/span><\/dt>\n<dd class=\"value\"><span>70 lm\/W<\/span><\/dd>\n<dt class=\"name\"><img loading=\"lazy\" decoding=\"async\" src=\"https:\/\/www.factorled.com\/modules\/oa_features\/img\/11-default.jpg\" width=\"32\" height=\"32\"><span>Ajust\u00e1vel<\/span><\/dt>\n<dd class=\"value\"><span>SIM<\/span><\/dd>\n<dt class=\"name\"><img loading=\"lazy\" decoding=\"async\" src=\"https:\/\/www.factorled.com\/modules\/oa_features\/img\/14-default.jpg\" width=\"32\" height=\"32\"><span>Base<\/span><\/dt>\n<dd class=\"value\"><span>GU10<\/span><\/dd>\n<dt class=\"name\"><img loading=\"lazy\" decoding=\"async\" src=\"https:\/\/www.factorled.com\/modules\/oa_features\/img\/15-default.jpg\" width=\"32\" height=\"32\"><span>Certifica\u00e7\u00f5es<\/span><\/dt>\n<dd class=\"value\"><span>CE-ROHS<\/span><\/dd>\n<dt class=\"name\"><img loading=\"lazy\" decoding=\"async\" src=\"https:\/\/www.factorled.com\/modules\/oa_features\/img\/16-default.jpg\" width=\"32\" height=\"32\"><span>Propriedade intelectual<\/span><\/dt>\n<dd class=\"value\"><span>IP20<\/span><\/dd>\n<dt class=\"name\"><img loading=\"lazy\" decoding=\"async\" src=\"https:\/\/www.factorled.com\/modules\/oa_features\/img\/18-default.jpg\" width=\"32\" height=\"32\"><span>Dimens\u00f5es (mm)<\/span><\/dt>\n<dd class=\"value\"><span>\u00d860\u00d7110 mm<\/span><\/dd>\n<dt class=\"name\"><img loading=\"lazy\" decoding=\"async\" src=\"https:\/\/www.factorled.com\/modules\/oa_features\/img\/21-default.jpg\" width=\"32\" height=\"32\"><span>Frequ\u00eancia (Hz)<\/span><\/dt>\n<dd class=\"value\"><span>50\/60 Hz<\/span><\/dd>\n<dt class=\"name\"><img loading=\"lazy\" decoding=\"async\" src=\"https:\/\/www.factorled.com\/modules\/oa_features\/img\/22-default.jpg\" width=\"32\" height=\"32\"><span>Gama de temperaturas (\u00baC)<\/span><\/dt>\n<dd class=\"value\"><span>-20 \u00b0C ~ +55 \u00b0C<\/span><\/dd>\n<dt class=\"name\"><img loading=\"lazy\" decoding=\"async\" src=\"https:\/\/www.factorled.com\/modules\/oa_features\/img\/23-default.jpg\" width=\"32\" height=\"32\"><span>Ciclo ligado\/desligado<\/span><\/dt>\n<dd class=\"value\"><span>100.000<\/span><\/dd>\n<dt class=\"name\"><img loading=\"lazy\" decoding=\"async\" src=\"https:\/\/www.factorled.com\/modules\/oa_features\/img\/24-default.jpg\" width=\"32\" height=\"32\"><span>Hora(s) de in\u00edcio<\/span><\/dt>\n<dd class=\"value\"><span>0,2 s<\/span><\/dd>\n<dt class=\"name\"><img loading=\"lazy\" decoding=\"async\" src=\"https:\/\/www.factorled.com\/modules\/oa_features\/img\/26-default.jpg\" width=\"32\" height=\"32\"><span>Outras informa\u00e7\u00f5es<\/span><\/dt>\n<dd class=\"value\"><span>Pilha inclu\u00edda<\/span><\/dd>\n<dt class=\"name\"><img loading=\"lazy\" decoding=\"async\" src=\"https:\/\/www.factorled.com\/modules\/oa_features\/img\/37-default.jpg\" width=\"32\" height=\"32\"><span>Modos de controlo<\/span><\/dt>\n<dd class=\"value\"><span>Infravermelhos<\/span><\/dd>\n<dt class=\"name\"><img loading=\"lazy\" decoding=\"async\" src=\"https:\/\/www.factorled.com\/modules\/oa_features\/img\/7-default.jpg\" width=\"32\" height=\"32\"><span>Classifica\u00e7\u00e3o energ\u00e9tica (2021-EU-2019\/2015)<\/span><\/dt>\n<dd class=\"value\"><span>A+<\/span><\/dd>\n<dt class=\"name\"><img loading=\"lazy\" decoding=\"async\" src=\"https:\/\/www.factorled.com\/modules\/oa_features\/img\/75-default.jpg\" width=\"32\" height=\"32\"><span>Anos de garantia<\/span><\/dt>\n<dd class=\"value\"><span>3<\/span><\/dd>\n<dt class=\"name\"><img loading=\"lazy\" decoding=\"async\" src=\"https:\/\/www.factorled.com\/modules\/oa_features\/img\/77-default.jpg\" width=\"32\" height=\"32\"><span>Alcance (m)<\/span><\/dt>\n<dd class=\"value\"><span>8 metros<\/span><\/dd>\n<\/dl><\/p>","protected":false},"excerpt":{"rendered":"<div class=\"product-reference\"><strong><label class=\"label\">Refer\u00eancia:<\/label> SLGU10-RGB-92034<\/strong>\n<div><\/div>\n<div class=\"product-description-short\">\n<div id=\"product-description-short-3660\">\n<p><b><span>Projetor LED&nbsp;<\/span><\/b><strong><span>&nbsp;8W RGB+3000K GU10.<\/span><\/strong><span>&nbsp;Este vers&aacute;til foco combina colores RGB con luz blanca c&aacute;lida para ofrecerte una iluminaci&oacute;n personalizada a tu gusto. Incluye un mando a distancia para un manejo f&aacute;cil y c&oacute;modo, permiti&eacute;ndote ajustar el ambiente de cualquier estancia seg&uacute;n tus necesidades. Perfecto para decorar y realzar interiores, este foco de 8W te permite crear la atm&oacute;sfera ideal con estilo y eficiencia. &iexcl;A&ntilde;ade un toque de color y calidez a tu hogar hoy mismo!<\/span><\/p>\n<\/div>\n<\/div><\/div>","protected":false},"featured_media":14338,"template":"","meta":{"site-sidebar-layout":"default","site-content-layout":"default","ast-global-header-display":"","ast-main-header-display":"","ast-hfb-above-header-display":"","ast-hfb-below-header-display":"","ast-hfb-mobile-header-display":"","site-post-title":"","ast-breadcrumbs-content":"","ast-featured-img":"","footer-sml-layout":"","theme-transparent-header-meta":"default","adv-header-id-meta":"","stick-header-meta":"","header-above-stick-meta":"","header-main-stick-meta":"","header-below-stick-meta":""},"product_cat":[23],"product_tag":[],"class_list":["post-14334","product","type-product","status-publish","has-post-thumbnail","hentry","product_cat-bombillas-y-lamparas-led"],"_links":{"self":[{"href":"https:\/\/starlediluminacion.com\/pt\/wp-json\/wp\/v3\/product\/14334","targetHints":{"allow":["GET"]}}],"collection":[{"href":"https:\/\/starlediluminacion.com\/pt\/wp-json\/wp\/v3\/product"}],"about":[{"href":"https:\/\/starlediluminacion.com\/pt\/wp-json\/wp\/v2\/types\/product"}],"wp:featuredmedia":[{"embeddable":true,"href":"https:\/\/starlediluminacion.com\/pt\/wp-json\/wp\/v2\/media\/14338"}],"wp:attachment":[{"href":"https:\/\/starlediluminacion.com\/pt\/wp-json\/wp\/v2\/media?parent=14334"}],"wp:term":[{"taxonomy":"product_cat","embeddable":true,"href":"https:\/\/starlediluminacion.com\/pt\/wp-json\/wp\/v2\/product_cat?post=14334"},{"taxonomy":"product_tag","embeddable":true,"href":"https:\/\/starlediluminacion.com\/pt\/wp-json\/wp\/v2\/product_tag?post=14334"}],"curies":[{"name":"wp","href":"https:\/\/api.w.org\/{rel}","templated":true}]}}