{"id":14220,"date":"2024-10-20T13:49:11","date_gmt":"2024-10-20T13:49:11","guid":{"rendered":"https:\/\/starlediluminacion.com\/?post_type=product&#038;p=14220"},"modified":"2025-01-05T14:52:38","modified_gmt":"2025-01-05T14:52:38","slug":"neon-led-flexible-24v-13w-m-bobina-50m-6x12mm-naranja","status":"publish","type":"product","link":"https:\/\/starlediluminacion.com\/pt\/product\/neon-led-flexible-24v-13w-m-bobina-50m-6x12mm-naranja\/","title":{"rendered":"<p>Ne&oacute;n LED Flexible 24V &ndash; 13W\/m &ndash; Bobina 50m &ndash; 6x12mm &ndash; Naranja<\/p>"},"content":{"rendered":"<h1><span>Ne&oacute;n LED Flexible 24V &ndash; 13W\/m &ndash; Bobina 50m &ndash; 6x12mm &ndash; Naranja<\/span><p>&nbsp;<\/p><p><span>O&nbsp;&nbsp;<\/span><strong><span>N\u00e9on LED flex\u00edvel 24V<\/span><\/strong><span>&nbsp;&nbsp;\u00e9 uma escolha moderna e eficiente para ilumina\u00e7\u00e3o interior e exterior, oferecendo uma qualidade de luz superior e uma vasta gama de possibilidades de design. Este produto \u00e9 apresentado numa bobina de&nbsp;&nbsp;<\/span><strong><span>50 metros<\/span><\/strong><span>&nbsp;&nbsp;de comprimento, com um di\u00e2metro de&nbsp;&nbsp;<\/span><strong><span>6x12mm<\/span><\/strong><span>&nbsp;&nbsp;e uma densidade de 120 d\u00edodos SMD2835 por metro.<\/span><\/p><p><span>Uma das carater\u00edsticas mais not\u00e1veis do n\u00e9on LED flex\u00edvel de 24V \u00e9 a sua capacidade de corte, o que significa que pode ser utilizado numa vasta gama de aplica\u00e7\u00f5es.&nbsp;&nbsp;<\/span><strong><span>corte de 1 em 1 cm<\/span><\/strong><span>&nbsp;&nbsp;sem danificar a integridade da bobina. Isto permite uma personaliza\u00e7\u00e3o completa da ilumina\u00e7\u00e3o e facilidade de instala\u00e7\u00e3o. Al\u00e9m disso, a flexibilidade deste produto permite uma grande variedade de formas e desenhos para se adequar a qualquer projeto.<\/span><\/p><p><strong><span>Ilumina\u00e7\u00e3o<\/span><\/strong><span>&nbsp;O LED \u00e9 altamente&nbsp;&nbsp;<\/span><strong><span>eficaz e duradouro<\/span><\/strong><span>&nbsp;e este n\u00e9on LED flex\u00edvel de 24 V. Com um consumo de energia de apenas 13&nbsp;<\/span><strong><span>&nbsp;watts por metro,<\/span><\/strong><span>&nbsp;este produto \u00e9 uma op\u00e7\u00e3o econ\u00f3mica e sustent\u00e1vel para quem procura uma solu\u00e7\u00e3o de ilumina\u00e7\u00e3o de alta qualidade e energeticamente eficiente. Al\u00e9m disso, a vida \u00fatil deste produto \u00e9 longa, o que significa que pode ser utilizado durante muito tempo sem necessidade de substitui\u00e7\u00e3o.<\/span><\/p><p><span>Outra vantagem do n\u00e9on LED flex\u00edvel 24V \u00e9 a sua&nbsp;&nbsp;<\/span><strong><span>resist\u00eancia<\/span><\/strong><span>&nbsp;&nbsp;ao ar livre e&nbsp;&nbsp;<\/span><strong><span>\u00e1gua<\/span><\/strong><span>&nbsp;o que o torna ideal para&nbsp;&nbsp;<\/span><strong><span>a sua utiliza\u00e7\u00e3o<\/span><\/strong><span>&nbsp;&nbsp;tanto no interior como no exterior&nbsp;&nbsp;<\/span><strong><span>ao ar livre<\/span><\/strong><span>&nbsp;. Este produto pode resistir a condi\u00e7\u00f5es climat\u00e9ricas extremas, como chuva, neve e sol, o que o torna uma excelente escolha para iluminar fachadas, jardins, p\u00e1tios e outros espa\u00e7os exteriores.&nbsp;<\/span><\/p><p><span>A flexibilidade deste produto permite a sua instala\u00e7\u00e3o em qualquer lugar, desde paredes a tectos e colunas.<\/span><\/p><p><span>O silicone utilizado nas nossas tiras de n\u00e9on LED \u00e9 silicone de envasamento. O silicone de envasamento utilizado nas fitas de LED foi concebido para resistir aos raios UV, \u00e0s temperaturas elevadas e \u00e0s altera\u00e7\u00f5es clim\u00e1ticas s\u00fabitas que podem afetar negativamente o desempenho das fitas de LED.<\/span><\/p><p><span>O&nbsp;&nbsp;<\/span><strong><span>Fitas de n\u00e9on LED 24V<\/span><\/strong><span>&nbsp;&nbsp;As tiras de LED s\u00e3o alimentadas por uma fonte de alimenta\u00e7\u00e3o que converte a energia da rede (85\/265V) em corrente cont\u00ednua de 24V, que \u00e9 utilizada para alimentar as tiras de LED. \u00c9 importante certificar-se de que o transformador ou a fonte de alimenta\u00e7\u00e3o tem capacidade suficiente para alimentar o n\u00famero de metros de fita LED que pretende utilizar, uma vez que uma pot\u00eancia insuficiente do transformador pode levar a um mau funcionamento e \u00e0 deteriora\u00e7\u00e3o da vida \u00fatil do n\u00e9on LED.<\/span><\/p><p><span>Por exemplo, se tiver um&nbsp;<strong>Fita de n\u00e9on LED&nbsp;<\/strong><\/span><strong><span>24V<\/span><\/strong><span>&nbsp;e 13 W\/m, que consome 13 watts por metro, pode calcular a carga total da instala\u00e7\u00e3o multiplicando os metros de fita LED que pretende instalar pelos watts por metro (13W\/m). Assim, se pretender instalar 20 metros de fita LED, a carga total ser\u00e1 de 160 watts. Por conseguinte, deve escolher uma fonte de alimenta\u00e7\u00e3o ou transformador que possa suportar uma carga m\u00ednima de 160 watts. \u00c9 importante certificar-se de que a fonte de alimenta\u00e7\u00e3o ou o transformador tem capacidade suficiente para suportar a carga da instala\u00e7\u00e3o, caso contr\u00e1rio, pode provocar falhas ou mesmo a rutura das tiras LED.<\/span><\/p><p><span>Em suma, o n\u00e9on LED flex\u00edvel de 24V \u00e9 uma solu\u00e7\u00e3o de ilumina\u00e7\u00e3o moderna, eficiente e duradoura que oferece uma vasta gama de possibilidades de design e personaliza\u00e7\u00e3o. Com o seu comprimento curto, flexibilidade, resist\u00eancia \u00e0s intemp\u00e9ries e \u00e0 \u00e1gua e facilidade de instala\u00e7\u00e3o, este produto \u00e9 ideal para qualquer projeto de ilumina\u00e7\u00e3o interior ou exterior. Para al\u00e9m disso, a sua&nbsp;&nbsp;<\/span><strong><span>baixo consumo de energia<\/span><\/strong><span>&nbsp;&nbsp;e a sua longa dura\u00e7\u00e3o fazem dela uma escolha sustent\u00e1vel e econ\u00f3mica para quem procura uma solu\u00e7\u00e3o de ilumina\u00e7\u00e3o de alta qualidade.<\/span><\/p><p>&nbsp;<\/p><h2><span>Alguns dos locais mais comuns onde o nosso n\u00e9on LED de 24V pode ser montado incluem<\/span><\/h2><p>&nbsp;<\/p><ul>\n<li><span>Sinaliza\u00e7\u00e3o exterior para empresas: o n\u00e9on LED \u00e9 utilizado para criar sinais de n\u00e9on personalizados para sinaliza\u00e7\u00e3o exterior de empresas, como lojas, restaurantes e bares.<\/span><\/li>\n<li><span>Decora\u00e7\u00e3o de interiores: o n\u00e9on LED \u00e9 perfeito para criar efeitos de ilumina\u00e7\u00e3o decorativa em interiores, como em discotecas, bares e casas.<\/span><\/li>\n<li><span>Ilumina\u00e7\u00e3o arquitet\u00f3nica: O n\u00e9on LED \u00e9 utilizado na ilumina\u00e7\u00e3o arquitet\u00f3nica para criar efeitos de ilumina\u00e7\u00e3o \u00fanicos em edif\u00edcios e estruturas.<\/span><\/li>\n<li><span>Publicidade: O n\u00e9on LED \u00e9 utilizado na publicidade para criar sinais apelativos e atractivos em espa\u00e7os publicit\u00e1rios, como pain\u00e9is e cartazes.<\/span><\/li>\n<\/ul><h3 class=\"h6\"><span>Ficha de dados<\/span><\/h3><dl class=\"data-sheet\">\n<dt class=\"name\"><img loading=\"lazy\" decoding=\"async\" src=\"https:\/\/www.factorled.com\/modules\/oa_features\/img\/2-default.jpg\" width=\"32\" height=\"32\"><span>REFER\u00caNCIA<\/span><\/dt>\n<dd class=\"value\"><span>NARANJA92011<\/span><\/dd>\n<dt class=\"name\"><img loading=\"lazy\" decoding=\"async\" src=\"https:\/\/www.factorled.com\/modules\/oa_features\/img\/3-default.jpg\" width=\"32\" height=\"32\"><span>Pot\u00eancia nominal<\/span><\/dt>\n<dd class=\"value\"><span>13W<\/span><\/dd>\n<dt class=\"name\"><img loading=\"lazy\" decoding=\"async\" src=\"https:\/\/www.factorled.com\/modules\/oa_features\/img\/4-default.jpg\" width=\"32\" height=\"32\"><span>Tens\u00e3o nominal<\/span><\/dt>\n<dd class=\"value\"><span>24 V CC<\/span><\/dd>\n<dt class=\"name\"><img loading=\"lazy\" decoding=\"async\" src=\"https:\/\/www.factorled.com\/modules\/oa_features\/img\/6-default.jpg\" width=\"32\" height=\"32\"><span>CRI - \u00cdndice de restitui\u00e7\u00e3o de cor<\/span><\/dt>\n<dd class=\"value\"><span>80<\/span><\/dd>\n<dt class=\"name\"><img loading=\"lazy\" decoding=\"async\" src=\"https:\/\/www.factorled.com\/modules\/oa_features\/img\/25-default.jpg\" width=\"32\" height=\"32\"><span>Material de constru\u00e7\u00e3o<\/span><\/dt>\n<dd class=\"value\"><span>Silicone<\/span><\/dd>\n<dt class=\"name\"><img loading=\"lazy\" decoding=\"async\" src=\"https:\/\/www.factorled.com\/modules\/oa_features\/img\/8-default.jpg\" width=\"32\" height=\"32\"><span>Luminosidade-Lm<\/span><\/dt>\n<dd class=\"value\"><span>900<\/span><\/dd>\n<dt class=\"name\"><img loading=\"lazy\" decoding=\"async\" src=\"https:\/\/www.factorled.com\/modules\/oa_features\/img\/9-default.jpg\" width=\"32\" height=\"32\"><span>N\u00famero e tipo de LEDs<\/span><\/dt>\n<dd class=\"value\"><span>SMD2835<\/span><\/dd>\n<dt class=\"name\"><img loading=\"lazy\" decoding=\"async\" src=\"https:\/\/www.factorled.com\/modules\/oa_features\/img\/10-default.jpg\" width=\"32\" height=\"32\"><span>\u00c2ngulo do feixe (\u00b0)<\/span><\/dt>\n<dd class=\"value\"><span>150\u00ba<\/span><\/dd>\n<dt class=\"name\"><img loading=\"lazy\" decoding=\"async\" src=\"https:\/\/www.factorled.com\/modules\/oa_features\/img\/12-default.jpg\" width=\"32\" height=\"32\"><span>D\u00edodo luminoso LED (Lm\/W)<\/span><\/dt>\n<dd class=\"value\"><span>120 lm\/W<\/span><\/dd>\n<dt class=\"name\"><img loading=\"lazy\" decoding=\"async\" src=\"https:\/\/www.factorled.com\/modules\/oa_features\/img\/13-default.jpg\" width=\"32\" height=\"32\"><span>Efici\u00eancia luminosa (Lm\/W)<\/span><\/dt>\n<dd class=\"value\"><span>90 lm\/W<\/span><\/dd>\n<dt class=\"name\"><img loading=\"lazy\" decoding=\"async\" src=\"https:\/\/www.factorled.com\/modules\/oa_features\/img\/11-default.jpg\" width=\"32\" height=\"32\"><span>Ajust\u00e1vel<\/span><\/dt>\n<dd class=\"value\"><span>SIM<\/span><\/dd>\n<dt class=\"name\"><img loading=\"lazy\" decoding=\"async\" src=\"https:\/\/www.factorled.com\/modules\/oa_features\/img\/15-default.jpg\" width=\"32\" height=\"32\"><span>Certifica\u00e7\u00f5es<\/span><\/dt>\n<dd class=\"value\"><span>CE-ROHS<\/span><\/dd>\n<dt class=\"name\"><img loading=\"lazy\" decoding=\"async\" src=\"https:\/\/www.factorled.com\/modules\/oa_features\/img\/16-default.jpg\" width=\"32\" height=\"32\"><span>Propriedade intelectual<\/span><\/dt>\n<dd class=\"value\"><span>IP65-Outdoor<\/span><\/dd>\n<dt class=\"name\"><img loading=\"lazy\" decoding=\"async\" src=\"https:\/\/www.factorled.com\/modules\/oa_features\/img\/17-default.jpg\" width=\"32\" height=\"32\"><span>Esperan\u00e7a de vida do d\u00edodo (H)<\/span><\/dt>\n<dd class=\"value\"><span>30.000<\/span><\/dd>\n<dt class=\"name\"><img loading=\"lazy\" decoding=\"async\" src=\"https:\/\/www.factorled.com\/modules\/oa_features\/img\/22-default.jpg\" width=\"32\" height=\"32\"><span>Gama de temperaturas (\u00baC)<\/span><\/dt>\n<dd class=\"value\"><span>-20 \u00b0C ~ +55 \u00b0C<\/span><\/dd>\n<dt class=\"name\"><img loading=\"lazy\" decoding=\"async\" src=\"https:\/\/www.factorled.com\/modules\/oa_features\/img\/23-default.jpg\" width=\"32\" height=\"32\"><span>Ciclo ligado\/desligado<\/span><\/dt>\n<dd class=\"value\"><span>100.000<\/span><\/dd>\n<dt class=\"name\"><img loading=\"lazy\" decoding=\"async\" src=\"https:\/\/www.factorled.com\/modules\/oa_features\/img\/7-default.jpg\" width=\"32\" height=\"32\"><span>Classifica\u00e7\u00e3o energ\u00e9tica (2021-EU-2019\/2015)<\/span><\/dt>\n<dd class=\"value\"><span>A+<\/span><\/dd>\n<dt class=\"name\"><img loading=\"lazy\" decoding=\"async\" src=\"https:\/\/www.factorled.com\/modules\/oa_features\/img\/101-default.jpg\" width=\"32\" height=\"32\"><span>Classifica\u00e7\u00e3o energ\u00e9tica (2023 - UE-2019\/2015)<\/span><\/dt>\n<dd class=\"value\"><span>F<\/span><\/dd>\n<dt class=\"name\"><img loading=\"lazy\" decoding=\"async\" src=\"https:\/\/www.factorled.com\/modules\/oa_features\/img\/75-default.jpg\" width=\"32\" height=\"32\"><span>Anos de garantia<\/span><\/dt>\n<dd class=\"value\"><span>3<\/span><\/dd>\n<\/dl><\/h1>","protected":false},"excerpt":{"rendered":"<div class=\"product-reference\"><strong><label class=\"label\">Refer\u00eancia:<\/label> SLNARANJA92011<\/strong>\n<div><\/div>\n<div class=\"product-description-short\">\n<div id=\"product-description-short-3678\">\n<p><strong><span>O n\u00e9on LED flex\u00edvel numa bobina de 50m a 24V e 13W\/m \u00e9 ideal para sinaliza\u00e7\u00e3o e decora\u00e7\u00e3o de grande impacto.<\/span><\/strong><span>&nbsp;&nbsp;Com 120 d\u00edodos SMD 2835 por metro, oferece uma luminosidade excecional que n\u00e3o se desvanece gra\u00e7as \u00e0 sua constru\u00e7\u00e3o em silicone de alta qualidade e resistente ao amarelecimento. Corta a cada 1 cm e a sua flexibilidade \u00fanica permite-lhe ser dobrada em qualquer forma que necessite. Com prote\u00e7\u00e3o IP65, \u00e9 perfeito para utiliza\u00e7\u00e3o no interior e no exterior - d\u00ea vida aos seus projectos com este n\u00e9on LED de elevado desempenho!<\/span><\/p>\n<\/div>\n<\/div><\/div>","protected":false},"featured_media":14232,"template":"","meta":{"site-sidebar-layout":"default","site-content-layout":"default","ast-global-header-display":"","ast-main-header-display":"","ast-hfb-above-header-display":"","ast-hfb-below-header-display":"","ast-hfb-mobile-header-display":"","site-post-title":"","ast-breadcrumbs-content":"","ast-featured-img":"","footer-sml-layout":"","theme-transparent-header-meta":"default","adv-header-id-meta":"","stick-header-meta":"","header-above-stick-meta":"","header-main-stick-meta":"","header-below-stick-meta":""},"product_cat":[108,45],"product_tag":[],"class_list":["post-14220","product","type-product","status-publish","has-post-thumbnail","hentry","product_cat-neon-led-flexible-24v","product_cat-tiras-led-y-neon-flexible"],"yoast_head":"<!-- This site is optimized with the Yoast SEO plugin v27.4 - https:\/\/yoast.com\/product\/yoast-seo-wordpress\/ -->\n<title>Ne\u00f3n LED Flexible 24V - 13W\/m - Bobina 50m - 6x12mm - Naranja - STARLED Iluminacion<\/title>\n<meta name=\"robots\" content=\"index, follow, max-snippet:-1, max-image-preview:large, max-video-preview:-1\" \/>\n<link rel=\"canonical\" href=\"https:\/\/starlediluminacion.com\/pt\/product\/neon-led-flexible-24v-13w-m-bobina-50m-6x12mm-naranja\/\" \/>\n<meta property=\"og:locale\" content=\"pt_PT\" \/>\n<meta property=\"og:type\" content=\"article\" \/>\n<meta property=\"og:title\" content=\"Ne\u00f3n LED Flexible 24V - 13W\/m - Bobina 50m - 6x12mm - Naranja - STARLED Iluminacion\" \/>\n<meta property=\"og:description\" content=\"Referencia: SLNARANJA92011      El Ne\u00f3n LED flexible en bobina de 50m a 24V y 13W\/m es ideal para se\u00f1al\u00e9tica y decoraci\u00f3n impactantes.\u00a0\u00a0Con 120 diodos SMD 2835 por metro, ofrece una luminosidad excepcional que no se desvanece gracias a su construcci\u00f3n en silicona de alta calidad, resistente al amarilleo. Se corta cada 1cm y su flexibilidad \u00fanica permite doblarlo en cualquier forma que necesites. Con protecci\u00f3n IP65, es perfecto tanto para uso interior como exterior. \u00a1Da vida a tus proyectos con este Ne\u00f3n LED de alto rendimiento!\" \/>\n<meta property=\"og:url\" content=\"https:\/\/starlediluminacion.com\/pt\/product\/neon-led-flexible-24v-13w-m-bobina-50m-6x12mm-naranja\/\" \/>\n<meta property=\"og:site_name\" content=\"STARLED Iluminacion\" \/>\n<meta property=\"article:modified_time\" content=\"2025-01-05T14:52:38+00:00\" \/>\n<meta property=\"og:image\" content=\"https:\/\/starlediluminacion.com\/wp-content\/uploads\/2024\/10\/flexible-led-neon-24v-13wm-reel-50m-6x12mm-blue-13.jpg\" \/>\n\t<meta property=\"og:image:width\" content=\"744\" \/>\n\t<meta property=\"og:image:height\" content=\"800\" \/>\n\t<meta property=\"og:image:type\" content=\"image\/jpeg\" \/>\n<meta name=\"twitter:card\" content=\"summary_large_image\" \/>\n<meta name=\"twitter:label1\" content=\"Tempo estimado de leitura\" \/>\n\t<meta name=\"twitter:data1\" content=\"4 minutos\" \/>\n<script type=\"application\/ld+json\" class=\"yoast-schema-graph\">{\"@context\":\"https:\\\/\\\/schema.org\",\"@graph\":[{\"@type\":\"WebPage\",\"@id\":\"https:\\\/\\\/starlediluminacion.com\\\/producto\\\/neon-led-flexible-24v-13w-m-bobina-50m-6x12mm-naranja\\\/\",\"url\":\"https:\\\/\\\/starlediluminacion.com\\\/producto\\\/neon-led-flexible-24v-13w-m-bobina-50m-6x12mm-naranja\\\/\",\"name\":\"Ne\u00f3n LED Flexible 24V - 13W\\\/m - Bobina 50m - 6x12mm - Naranja - STARLED Iluminacion\",\"isPartOf\":{\"@id\":\"https:\\\/\\\/starlediluminacion.com\\\/#website\"},\"primaryImageOfPage\":{\"@id\":\"https:\\\/\\\/starlediluminacion.com\\\/producto\\\/neon-led-flexible-24v-13w-m-bobina-50m-6x12mm-naranja\\\/#primaryimage\"},\"image\":{\"@id\":\"https:\\\/\\\/starlediluminacion.com\\\/producto\\\/neon-led-flexible-24v-13w-m-bobina-50m-6x12mm-naranja\\\/#primaryimage\"},\"thumbnailUrl\":\"https:\\\/\\\/starlediluminacion.com\\\/wp-content\\\/uploads\\\/2024\\\/10\\\/flexible-led-neon-24v-13wm-reel-50m-6x12mm-blue-13.jpg\",\"datePublished\":\"2024-10-20T13:49:11+00:00\",\"dateModified\":\"2025-01-05T14:52:38+00:00\",\"breadcrumb\":{\"@id\":\"https:\\\/\\\/starlediluminacion.com\\\/producto\\\/neon-led-flexible-24v-13w-m-bobina-50m-6x12mm-naranja\\\/#breadcrumb\"},\"inLanguage\":\"pt-PT\",\"potentialAction\":[{\"@type\":\"ReadAction\",\"target\":[\"https:\\\/\\\/starlediluminacion.com\\\/producto\\\/neon-led-flexible-24v-13w-m-bobina-50m-6x12mm-naranja\\\/\"]}]},{\"@type\":\"ImageObject\",\"inLanguage\":\"pt-PT\",\"@id\":\"https:\\\/\\\/starlediluminacion.com\\\/producto\\\/neon-led-flexible-24v-13w-m-bobina-50m-6x12mm-naranja\\\/#primaryimage\",\"url\":\"https:\\\/\\\/starlediluminacion.com\\\/wp-content\\\/uploads\\\/2024\\\/10\\\/flexible-led-neon-24v-13wm-reel-50m-6x12mm-blue-13.jpg\",\"contentUrl\":\"https:\\\/\\\/starlediluminacion.com\\\/wp-content\\\/uploads\\\/2024\\\/10\\\/flexible-led-neon-24v-13wm-reel-50m-6x12mm-blue-13.jpg\",\"width\":744,\"height\":800},{\"@type\":\"BreadcrumbList\",\"@id\":\"https:\\\/\\\/starlediluminacion.com\\\/producto\\\/neon-led-flexible-24v-13w-m-bobina-50m-6x12mm-naranja\\\/#breadcrumb\",\"itemListElement\":[{\"@type\":\"ListItem\",\"position\":1,\"name\":\"Portada\",\"item\":\"https:\\\/\\\/starlediluminacion.com\\\/\"},{\"@type\":\"ListItem\",\"position\":2,\"name\":\"Shop\",\"item\":\"https:\\\/\\\/starlediluminacion.com\\\/shop-2\\\/\"},{\"@type\":\"ListItem\",\"position\":3,\"name\":\"Ne\u00f3n LED Flexible 24V &#8211; 13W\\\/m &#8211; Bobina 50m &#8211; 6x12mm &#8211; Naranja\"}]},{\"@type\":\"WebSite\",\"@id\":\"https:\\\/\\\/starlediluminacion.com\\\/#website\",\"url\":\"https:\\\/\\\/starlediluminacion.com\\\/\",\"name\":\"STARLED Iluminacion\",\"description\":\"\",\"potentialAction\":[{\"@type\":\"SearchAction\",\"target\":{\"@type\":\"EntryPoint\",\"urlTemplate\":\"https:\\\/\\\/starlediluminacion.com\\\/?s={search_term_string}\"},\"query-input\":{\"@type\":\"PropertyValueSpecification\",\"valueRequired\":true,\"valueName\":\"search_term_string\"}}],\"inLanguage\":\"pt-PT\"}]}<\/script>\n<!-- \/ Yoast SEO plugin. -->","yoast_head_json":{"title":"Ne\u00f3n LED Flexible 24V - 13W\/m - Bobina 50m - 6x12mm - Naranja - STARLED Iluminacion","robots":{"index":"index","follow":"follow","max-snippet":"max-snippet:-1","max-image-preview":"max-image-preview:large","max-video-preview":"max-video-preview:-1"},"canonical":"https:\/\/starlediluminacion.com\/pt\/product\/neon-led-flexible-24v-13w-m-bobina-50m-6x12mm-naranja\/","og_locale":"pt_PT","og_type":"article","og_title":"Ne\u00f3n LED Flexible 24V - 13W\/m - Bobina 50m - 6x12mm - Naranja - STARLED Iluminacion","og_description":"Referencia: SLNARANJA92011      El Ne\u00f3n LED flexible en bobina de 50m a 24V y 13W\/m es ideal para se\u00f1al\u00e9tica y decoraci\u00f3n impactantes.\u00a0\u00a0Con 120 diodos SMD 2835 por metro, ofrece una luminosidad excepcional que no se desvanece gracias a su construcci\u00f3n en silicona de alta calidad, resistente al amarilleo. Se corta cada 1cm y su flexibilidad \u00fanica permite doblarlo en cualquier forma que necesites. Con protecci\u00f3n IP65, es perfecto tanto para uso interior como exterior. \u00a1Da vida a tus proyectos con este Ne\u00f3n LED de alto rendimiento!","og_url":"https:\/\/starlediluminacion.com\/pt\/product\/neon-led-flexible-24v-13w-m-bobina-50m-6x12mm-naranja\/","og_site_name":"STARLED Iluminacion","article_modified_time":"2025-01-05T14:52:38+00:00","og_image":[{"width":744,"height":800,"url":"https:\/\/starlediluminacion.com\/wp-content\/uploads\/2024\/10\/flexible-led-neon-24v-13wm-reel-50m-6x12mm-blue-13.jpg","type":"image\/jpeg"}],"twitter_card":"summary_large_image","twitter_misc":{"Tempo estimado de leitura":"4 minutos"},"schema":{"@context":"https:\/\/schema.org","@graph":[{"@type":"WebPage","@id":"https:\/\/starlediluminacion.com\/producto\/neon-led-flexible-24v-13w-m-bobina-50m-6x12mm-naranja\/","url":"https:\/\/starlediluminacion.com\/producto\/neon-led-flexible-24v-13w-m-bobina-50m-6x12mm-naranja\/","name":"Ne\u00f3n LED Flexible 24V - 13W\/m - Bobina 50m - 6x12mm - Naranja - STARLED Iluminacion","isPartOf":{"@id":"https:\/\/starlediluminacion.com\/#website"},"primaryImageOfPage":{"@id":"https:\/\/starlediluminacion.com\/producto\/neon-led-flexible-24v-13w-m-bobina-50m-6x12mm-naranja\/#primaryimage"},"image":{"@id":"https:\/\/starlediluminacion.com\/producto\/neon-led-flexible-24v-13w-m-bobina-50m-6x12mm-naranja\/#primaryimage"},"thumbnailUrl":"https:\/\/starlediluminacion.com\/wp-content\/uploads\/2024\/10\/flexible-led-neon-24v-13wm-reel-50m-6x12mm-blue-13.jpg","datePublished":"2024-10-20T13:49:11+00:00","dateModified":"2025-01-05T14:52:38+00:00","breadcrumb":{"@id":"https:\/\/starlediluminacion.com\/producto\/neon-led-flexible-24v-13w-m-bobina-50m-6x12mm-naranja\/#breadcrumb"},"inLanguage":"pt-PT","potentialAction":[{"@type":"ReadAction","target":["https:\/\/starlediluminacion.com\/producto\/neon-led-flexible-24v-13w-m-bobina-50m-6x12mm-naranja\/"]}]},{"@type":"ImageObject","inLanguage":"pt-PT","@id":"https:\/\/starlediluminacion.com\/producto\/neon-led-flexible-24v-13w-m-bobina-50m-6x12mm-naranja\/#primaryimage","url":"https:\/\/starlediluminacion.com\/wp-content\/uploads\/2024\/10\/flexible-led-neon-24v-13wm-reel-50m-6x12mm-blue-13.jpg","contentUrl":"https:\/\/starlediluminacion.com\/wp-content\/uploads\/2024\/10\/flexible-led-neon-24v-13wm-reel-50m-6x12mm-blue-13.jpg","width":744,"height":800},{"@type":"BreadcrumbList","@id":"https:\/\/starlediluminacion.com\/producto\/neon-led-flexible-24v-13w-m-bobina-50m-6x12mm-naranja\/#breadcrumb","itemListElement":[{"@type":"ListItem","position":1,"name":"Portada","item":"https:\/\/starlediluminacion.com\/"},{"@type":"ListItem","position":2,"name":"Shop","item":"https:\/\/starlediluminacion.com\/shop-2\/"},{"@type":"ListItem","position":3,"name":"Ne\u00f3n LED Flexible 24V &#8211; 13W\/m &#8211; Bobina 50m &#8211; 6x12mm &#8211; Naranja"}]},{"@type":"WebSite","@id":"https:\/\/starlediluminacion.com\/#website","url":"https:\/\/starlediluminacion.com\/","name":"STARLED Iluminacion","description":"","potentialAction":[{"@type":"SearchAction","target":{"@type":"EntryPoint","urlTemplate":"https:\/\/starlediluminacion.com\/?s={search_term_string}"},"query-input":{"@type":"PropertyValueSpecification","valueRequired":true,"valueName":"search_term_string"}}],"inLanguage":"pt-PT"}]}},"_links":{"self":[{"href":"https:\/\/starlediluminacion.com\/pt\/wp-json\/wp\/v3\/product\/14220","targetHints":{"allow":["GET"]}}],"collection":[{"href":"https:\/\/starlediluminacion.com\/pt\/wp-json\/wp\/v3\/product"}],"about":[{"href":"https:\/\/starlediluminacion.com\/pt\/wp-json\/wp\/v2\/types\/product"}],"wp:featuredmedia":[{"embeddable":true,"href":"https:\/\/starlediluminacion.com\/pt\/wp-json\/wp\/v2\/media\/14232"}],"wp:attachment":[{"href":"https:\/\/starlediluminacion.com\/pt\/wp-json\/wp\/v2\/media?parent=14220"}],"wp:term":[{"taxonomy":"product_cat","embeddable":true,"href":"https:\/\/starlediluminacion.com\/pt\/wp-json\/wp\/v2\/product_cat?post=14220"},{"taxonomy":"product_tag","embeddable":true,"href":"https:\/\/starlediluminacion.com\/pt\/wp-json\/wp\/v2\/product_tag?post=14220"}],"curies":[{"name":"wp","href":"https:\/\/api.w.org\/{rel}","templated":true}]}}