{"id":14156,"date":"2024-09-15T11:35:27","date_gmt":"2024-09-15T11:35:27","guid":{"rendered":"https:\/\/starlediluminacion.com\/?post_type=product&#038;p=14156"},"modified":"2025-01-05T14:51:55","modified_gmt":"2025-01-05T14:51:55","slug":"lampara-colgante-rattan-laos-para-led-e27","status":"publish","type":"product","link":"https:\/\/starlediluminacion.com\/pt\/product\/lampada-pendente-rattan-laos-lampadas-para-led-e27-2\/","title":{"rendered":"<p>Candeeiro suspenso - RATTAN LAOS - Para LED E27<\/p>"},"content":{"rendered":"<h1>Candeeiro suspenso - RATTAN LAOS - para LED E27<p>&nbsp;<\/p><p>Descobrir o&nbsp;<strong>Candeeiro suspenso de rotim para LED E27<\/strong>O candeeiro de p\u00e9 \u00e9 a escolha perfeita para transformar qualquer espa\u00e7o com o seu design natural e elegante. Este candeeiro \u00e9 ideal para quem pretende dar um toque decorativo \u00fanico e acolhedor \u00e0 sua casa ou empresa, sem sacrificar a funcionalidade e a efici\u00eancia da ilumina\u00e7\u00e3o moderna.<\/p><p>A l\u00e2mpada&nbsp;<strong>\u00e9 feito de rotim<\/strong>um material natural composto por folhas finas de palmeiras trepadeiras, geralmente da \u00c1sia, que s\u00e3o entrela\u00e7adas para formar uma estrutura \u00fanica e distinta. Esta t\u00e9cnica de constru\u00e7\u00e3o n\u00e3o s\u00f3 melhora o seu aspeto est\u00e9tico, como tamb\u00e9m lhe confere uma durabilidade excecional.<\/p><p><strong>Caracter\u00edsticas not\u00e1veis:<\/strong><\/p><p><strong>- Design elegante e minimalista:<\/strong>&nbsp;O candeeiro suspenso de rotim destaca-se pelo seu design sofisticado e minimalista, que se integra perfeitamente numa grande variedade de estilos de decora\u00e7\u00e3o, do moderno ao bo\u00e9mio. As suas linhas simples e a estrutura em rotim conferem um ar de calor e naturalidade, tornando este candeeiro um elemento decorativo fundamental em qualquer divis\u00e3o.<\/p><p><strong>- Materiais de alta qualidade:<\/strong>&nbsp;Feito de folhas finas de rotim, este candeeiro n\u00e3o s\u00f3 oferece um aspeto est\u00e9tico \u00fanico, como tamb\u00e9m garante durabilidade e resist\u00eancia. Conhecida pela sua flexibilidade e resist\u00eancia, a rotim proporciona uma estrutura s\u00f3lida, ao mesmo tempo que permite a passagem da luz, criando um ambiente suave e relaxante.<\/p><p><strong>- Compatibilidade com l\u00e2mpadas LED E27:<\/strong>&nbsp;Concebida para ser compat\u00edvel com as l\u00e2mpadas LED E27, esta l\u00e2mpada oferece-lhe a possibilidade de escolher a temperatura de cor e a intensidade da luz que melhor se adapta \u00e0s suas necessidades. As l\u00e2mpadas LED n\u00e3o s\u00f3 s\u00e3o mais eficientes em termos energ\u00e9ticos, como tamb\u00e9m oferecem uma vida \u00fatil mais longa, contribuindo para poupar na sua fatura de eletricidade e reduzir o seu impacto ambiental.<\/p><p><strong>- Instala\u00e7\u00e3o f\u00e1cil:<\/strong>&nbsp;Concebido para ser pr\u00e1tico e funcional, o candeeiro suspenso de rotim \u00e9 f\u00e1cil de instalar. \u00c9 fornecido com todos os componentes necess\u00e1rios para a montagem, permitindo-lhe desfrutar da sua nova ilumina\u00e7\u00e3o numa quest\u00e3o de minutos, sem complica\u00e7\u00f5es.<\/p><p><strong>-Ambiente agrad\u00e1vel:<\/strong>A textura do rattan permite uma difus\u00e3o suave da luz, criando espa\u00e7os acolhedores e sofisticados.<\/p><p><strong>- Sustentabilidade:<\/strong>&nbsp;Feito de materiais naturais e compat\u00edvel com l\u00e2mpadas LED, este candeeiro \u00e9 uma op\u00e7\u00e3o amiga do ambiente.<\/p><p><strong>-Versatilidade:<\/strong>&nbsp;\u00c9 adequado para uma grande variedade de utiliza\u00e7\u00f5es, tanto em casa como em ambientes comerciais.<\/p><p>&nbsp;<\/p><h2>Utiliza\u00e7\u00f5es e aplica\u00e7\u00f5es do candeeiro suspenso RATTAN LAOS<\/h2><p><strong>- Espa\u00e7os residenciais:<\/strong>&nbsp;Ideal para salas de estar, salas de jantar, quartos ou qualquer outro espa\u00e7o da sua casa onde pretenda criar um ambiente acolhedor e elegante. O seu design vers\u00e1til adapta-se perfeitamente a espa\u00e7os pequenos e grandes, dando-lhe um toque de distin\u00e7\u00e3o.<\/p><p><strong>- Aplica\u00e7\u00f5es comerciais:<\/strong>&nbsp;Perfeito para restaurantes, caf\u00e9s, boutiques ou salas de espera que procuram uma ilumina\u00e7\u00e3o que seja simultaneamente funcional e decorativa. O candeeiro suspenso de rotim n\u00e3o s\u00f3 ilumina, como tamb\u00e9m se torna um ponto focal que pode melhorar a experi\u00eancia dos seus clientes e acrescentar valor est\u00e9tico ao seu neg\u00f3cio.<\/p><p><strong>- Decora\u00e7\u00e3o de eventos:<\/strong>&nbsp;Este candeeiro \u00e9 uma excelente escolha para a decora\u00e7\u00e3o de eventos especiais, como casamentos, jantares ao ar livre ou festas tem\u00e1ticas. O seu estilo natural e acolhedor ajuda a criar atmosferas inesquec\u00edveis, que captam a aten\u00e7\u00e3o de todos os participantes.<\/p><p>&nbsp;<\/p><p><em>* L\u00e2mpada N\u00c3O INCLU\u00cdDA<\/em><\/p><h3 class=\"h6\">Folha de dados do produto<\/h3><dl class=\"data-sheet\">\n<dt class=\"name\"><img loading=\"lazy\" decoding=\"async\" src=\"https:\/\/www.factorled.com\/modules\/oa_features\/img\/2-default.jpg\" width=\"32\" height=\"32\">&nbsp;REFER\u00caNCIA<\/dt>\n<dd class=\"value\">RPD92096<\/dd>\n<dt class=\"name\"><img loading=\"lazy\" decoding=\"async\" src=\"https:\/\/www.factorled.com\/modules\/oa_features\/img\/4-default.jpg\" width=\"32\" height=\"32\">&nbsp;Tens\u00e3o nominal<\/dt>\n<dd class=\"value\">AC110-240V<\/dd>\n<dt class=\"name\"><img loading=\"lazy\" decoding=\"async\" src=\"https:\/\/www.factorled.com\/modules\/oa_features\/img\/14-default.jpg\" width=\"32\" height=\"32\">&nbsp;Tampa<\/dt>\n<dd class=\"value\">E27<\/dd>\n<dt class=\"name\"><img loading=\"lazy\" decoding=\"async\" src=\"https:\/\/www.factorled.com\/modules\/oa_features\/img\/15-default.jpg\" width=\"32\" height=\"32\">&nbsp;Certificados<\/dt>\n<dd class=\"value\">CE - ROHS<\/dd>\n<dt class=\"name\"><img loading=\"lazy\" decoding=\"async\" src=\"https:\/\/www.factorled.com\/modules\/oa_features\/img\/16-default.jpg\" width=\"32\" height=\"32\">&nbsp;Classifica\u00e7\u00e3o IP<\/dt>\n<dd class=\"value\">IP20<\/dd>\n<dt class=\"name\"><img loading=\"lazy\" decoding=\"async\" src=\"https:\/\/www.factorled.com\/modules\/oa_features\/img\/18-default.jpg\" width=\"32\" height=\"32\">&nbsp;Medidas (Mm)<\/dt>\n<dd class=\"value\">\u00d8450 x H600 mm<\/dd>\n<dt class=\"name\"><img loading=\"lazy\" decoding=\"async\" src=\"https:\/\/www.factorled.com\/modules\/oa_features\/img\/21-default.jpg\" width=\"32\" height=\"32\">&nbsp;Frequ\u00eancia de trabalho (Hz)<\/dt>\n<dd class=\"value\">50\/60Hz<\/dd>\n<dt class=\"name\"><img loading=\"lazy\" decoding=\"async\" src=\"https:\/\/www.factorled.com\/modules\/oa_features\/img\/75-default.jpg\" width=\"32\" height=\"32\">&nbsp;Anos de garantia<\/dt>\n<dd class=\"value\">3<\/dd>\n<dt class=\"name\"><img loading=\"lazy\" decoding=\"async\" src=\"https:\/\/www.factorled.com\/modules\/oa_features\/img\/107-default.jpg\" width=\"32\" height=\"32\">&nbsp;Material da carro\u00e7aria<\/dt>\n<dd class=\"value\">RATTAN<\/dd>\n<dt class=\"name\"><img loading=\"lazy\" decoding=\"async\" src=\"https:\/\/www.factorled.com\/modules\/oa_features\/img\/128-default.jpg\" width=\"32\" height=\"32\">&nbsp;L\u00e2mpada inclu\u00edda<\/dt>\n<dd class=\"value\">N\u00e3o<\/dd>\n<\/dl><\/h1>","protected":false},"excerpt":{"rendered":"<div class=\"product-reference\"><strong><label class=\"label\">Refer\u00eancia:<\/label> SLRPD92096<\/strong>\n<div><\/div>\n<div class=\"product-description-short\">\n<div id=\"product-description-short-3616\">\n<p><strong>Candeeiro suspenso de vime para LED E27,<\/strong>&nbsp;D\u00ea um toque de distin\u00e7\u00e3o e calor \u00e0 sua casa com este candeeiro suspenso de rotim.&nbsp;<strong>O seu design natural e elegante<\/strong>&nbsp;integra-se perfeitamente nos estilos moderno e minimalista, criando um ambiente acolhedor e sofisticado em qualquer espa\u00e7o. Ideal para quem procura uma ilumina\u00e7\u00e3o funcional com um toque decorativo \u00fanico, transforme o seu espa\u00e7o com estilo e luz!<\/p>\n<\/div>\n<\/div><\/div>","protected":false},"featured_media":14163,"template":"","meta":{"site-sidebar-layout":"default","site-content-layout":"default","ast-global-header-display":"","ast-main-header-display":"","ast-hfb-above-header-display":"","ast-hfb-below-header-display":"","ast-hfb-mobile-header-display":"","site-post-title":"","ast-breadcrumbs-content":"","ast-featured-img":"","footer-sml-layout":"","theme-transparent-header-meta":"default","adv-header-id-meta":"","stick-header-meta":"","header-above-stick-meta":"","header-main-stick-meta":"","header-below-stick-meta":""},"product_cat":[36,66],"product_tag":[],"class_list":["post-14156","product","type-product","status-publish","has-post-thumbnail","hentry","product_cat-apliques-led-y-decoracion","product_cat-lamparas-colgantes-led"],"_links":{"self":[{"href":"https:\/\/starlediluminacion.com\/pt\/wp-json\/wp\/v3\/product\/14156","targetHints":{"allow":["GET"]}}],"collection":[{"href":"https:\/\/starlediluminacion.com\/pt\/wp-json\/wp\/v3\/product"}],"about":[{"href":"https:\/\/starlediluminacion.com\/pt\/wp-json\/wp\/v2\/types\/product"}],"wp:featuredmedia":[{"embeddable":true,"href":"https:\/\/starlediluminacion.com\/pt\/wp-json\/wp\/v2\/media\/14163"}],"wp:attachment":[{"href":"https:\/\/starlediluminacion.com\/pt\/wp-json\/wp\/v2\/media?parent=14156"}],"wp:term":[{"taxonomy":"product_cat","embeddable":true,"href":"https:\/\/starlediluminacion.com\/pt\/wp-json\/wp\/v2\/product_cat?post=14156"},{"taxonomy":"product_tag","embeddable":true,"href":"https:\/\/starlediluminacion.com\/pt\/wp-json\/wp\/v2\/product_tag?post=14156"}],"curies":[{"name":"wp","href":"https:\/\/api.w.org\/{rel}","templated":true}]}}