{"id":14001,"date":"2024-09-15T10:33:52","date_gmt":"2024-09-15T10:33:52","guid":{"rendered":"https:\/\/starlediluminacion.com\/?post_type=product&#038;p=14001"},"modified":"2025-01-05T14:49:49","modified_gmt":"2025-01-05T14:49:49","slug":"foco-proyector-exterior-led-50w-avant-pro-osram-chip-duris-e-2835-5-anos-4","status":"publish","type":"product","link":"https:\/\/starlediluminacion.com\/pt\/product\/foco-proyector-exterior-led-50w-avant-pro-osram-chip-duris-e-2835-5-anos-4\/","title":{"rendered":"<p>Projetor de exterior LED 50W - Avant Pro - OSRAM CHIP DURIS E 2835 - 5 anos<\/p>"},"content":{"rendered":"<h1>Projetor de exterior LED 50W - Avant Pro - Chip Osram OSRAM CHIP DURIS E 2835 - 5 anos de garantia<p>Prepare-se para experimentar a pr\u00f3xima gera\u00e7\u00e3o de ilumina\u00e7\u00e3o com a&nbsp;<strong>Projetor LED para exterior<\/strong>&nbsp;-&nbsp;<strong>Avant Pro<\/strong>! Este impressionante projetor de \u00faltima gera\u00e7\u00e3o redefine completamente a sua perce\u00e7\u00e3o de luminosidade e efici\u00eancia energ\u00e9tica. Concebido com precis\u00e3o e equipado com tecnologia de ponta, este produto \u00e9 a escolha perfeita para quem procura uma ilumina\u00e7\u00e3o exterior excecional.<\/p><p>No centro deste projetor est\u00e1 o famoso&nbsp;<strong>OSRAM DURIS E 2835 chip<\/strong>um marco na inova\u00e7\u00e3o tecnol\u00f3gica. Gra\u00e7as \u00e0 sua tecnologia de ponta \u00fanica, este chip proporciona um desempenho excecional que desafia os limites de luminosidade convencionais. Com uma espantosa efici\u00eancia de 185 l\u00famenes por watt (Lm\/W), este projetor emite uma luz deslumbrantemente brilhante e n\u00edtida que ilumina todos os cantos do seu ambiente exterior com uma nitidez impressionante.<\/p><p>A versatilidade encontra a durabilidade no design do projetor de exterior Avant Pro - LED. Fabricado com precis\u00e3o utilizando uma combina\u00e7\u00e3o de alum\u00ednio de alta qualidade e policarbonato resistente, este projetor foi concebido para resistir aos rigores do tempo e do clima, garantindo um desempenho consistente durante anos. A sua classifica\u00e7\u00e3o&nbsp;<strong>IK10<\/strong>&nbsp;protege-o contra impactos e danos acidentais, assegurando um investimento a longo prazo em ilumina\u00e7\u00e3o sem preocupa\u00e7\u00f5es.<\/p><p>A instala\u00e7\u00e3o nunca foi t\u00e3o simples e segura. Equipado com um conetor&nbsp;<strong>IP67<\/strong>Este projetor liga-se \u00e0 rede el\u00e9ctrica de forma r\u00e1pida e eficaz, sem comprometer a integridade do sistema. Quer se trate de iluminar jardins, fachadas, parques infantis ou espa\u00e7os comerciais, este projetor oferece uma solu\u00e7\u00e3o de ilumina\u00e7\u00e3o que se adapta perfeitamente \u00e0s suas necessidades.<\/p><p>E n\u00e3o \u00e9 tudo, a confian\u00e7a \u00e9 garantida! Com um&nbsp;<strong>Garantia de 5 anos<\/strong>Com o Avant Pro, pode ter a certeza de que est\u00e1 a investir num produto que n\u00e3o s\u00f3 ilumina o seu ambiente, como tamb\u00e9m ilumina a sua paz de esp\u00edrito. O projetor de exterior LED Avant Pro \u00e9 muito mais do que um simples projetor; \u00e9 uma afirma\u00e7\u00e3o de excel\u00eancia, durabilidade e desempenho inigual\u00e1vel.<\/p><p>Al\u00e9m disso, a sua fun\u00e7\u00e3o de ligar\/desligar instant\u00e2nea proporciona-lhe uma ilumina\u00e7\u00e3o imediata sem tempo de espera. Quer seja para eventos especiais, instala\u00e7\u00f5es comerciais ou utiliza\u00e7\u00e3o dom\u00e9stica, n\u00e3o ter\u00e1 de se preocupar em esperar que as luzes se acendam gradualmente. Basta premir o interrutor e desfrutar instantaneamente de uma ilumina\u00e7\u00e3o brilhante.<\/p><p>A prote\u00e7\u00e3o IP65 deste projetor torna-o adequado tanto para utiliza\u00e7\u00e3o no interior como no exterior. Gra\u00e7as ao seu grau de prote\u00e7\u00e3o, \u00e9 capaz de resistir a condi\u00e7\u00f5es climat\u00e9ricas adversas, como chuva, neve ou poeira. Assim, independentemente de precisar dele para iluminar um jardim, uma fachada ou um espa\u00e7o comercial, este projetor foi concebido para resistir e continuar a ter um desempenho \u00f3timo.<\/p><p>O nosso projetor \u00e9 IK10! Resist\u00eancia m\u00e1xima aos choques e \u00e0s condi\u00e7\u00f5es climat\u00e9ricas!<\/p><p>&nbsp;<\/p><p>O centro das aten\u00e7\u00f5es&nbsp;<strong>LED OSRAM CHIP<\/strong>&nbsp;\u00e9 vers\u00e1til e pode ser utilizado numa grande variedade de aplica\u00e7\u00f5es. Alguns dos locais onde este projetor pode ser utilizado incluem:<\/p><ul>\n<li>Ilumina\u00e7\u00e3o arquitet\u00f3nica: Pode ser utilizada para real\u00e7ar e aumentar a beleza de edif\u00edcios, monumentos, pontes e outros elementos arquitect\u00f3nicos.<\/li>\n<li>Ilumina\u00e7\u00e3o publicit\u00e1ria: Ideal para iluminar pain\u00e9is publicit\u00e1rios, cartazes, letreiros e pain\u00e9is publicit\u00e1rios, ajudando a captar a aten\u00e7\u00e3o do p\u00fablico e a destacar a informa\u00e7\u00e3o.<\/li>\n<li>Ilumina\u00e7\u00e3o decorativa: Pode ser utilizada para criar efeitos de ilumina\u00e7\u00e3o decorativa em eventos, jardins, parques, pra\u00e7as, \u00e1reas de descanso e outros espa\u00e7os exteriores.<\/li>\n<li>Ilumina\u00e7\u00e3o de espa\u00e7os comerciais: \u00c9 perfeita para destacar produtos em expositores, montras, galerias comerciais e lojas, atraindo a aten\u00e7\u00e3o dos clientes para os produtos ou servi\u00e7os oferecidos.<\/li>\n<li>Ilumina\u00e7\u00e3o residencial: Pode ser utilizada em p\u00e1tios, jardins, terra\u00e7os e \u00e1reas exteriores das habita\u00e7\u00f5es, proporcionando uma ilumina\u00e7\u00e3o eficiente e segura para as actividades nocturnas.<\/li>\n<li>Ilumina\u00e7\u00e3o industrial: \u00c9 adequada para iluminar \u00e1reas de trabalho em f\u00e1bricas, armaz\u00e9ns, oficinas e espa\u00e7os industriais, melhorando a visibilidade e a seguran\u00e7a no trabalho.<\/li>\n<li>Ilumina\u00e7\u00e3o de seguran\u00e7a: Pode ser utilizada em sistemas de ilumina\u00e7\u00e3o de seguran\u00e7a para \u00e1reas exteriores ou interiores, proporcionando uma ilumina\u00e7\u00e3o clara e brilhante para detetar potenciais perigos.<\/li>\n<\/ul><p>&nbsp;<\/p><p>O projetor LED com chip da Osram \u00e9 uma escolha excecional para quem procura qualidade, desempenho e efici\u00eancia na ilumina\u00e7\u00e3o. O seu design de vanguarda, a sua capacidade de reduzir o consumo de energia e a sua versatilidade para utiliza\u00e7\u00e3o no interior e no exterior fazem dele a escolha ideal para iluminar os seus projectos de arquitetura, publicidade e decora\u00e7\u00e3o. N\u00e3o se contente com menos, escolha a ilumina\u00e7\u00e3o de ponta com o projetor LED Avant Pro.<\/p><h3 class=\"h6\">Folha de dados do produto<\/h3><dl class=\"data-sheet\">\n<dt class=\"name\"><img loading=\"lazy\" decoding=\"async\" src=\"https:\/\/www.factorled.com\/modules\/oa_features\/img\/2-default.jpg\" width=\"32\" height=\"32\">&nbsp;REFER\u00caNCIA<\/dt>\n<dd class=\"value\">FLOSR50W<\/dd>\n<dt class=\"name\"><img loading=\"lazy\" decoding=\"async\" src=\"https:\/\/www.factorled.com\/modules\/oa_features\/img\/3-default.jpg\" width=\"32\" height=\"32\">&nbsp;Pot\u00eancia nominal<\/dt>\n<dd class=\"value\">50w<\/dd>\n<dt class=\"name\"><img loading=\"lazy\" decoding=\"async\" src=\"https:\/\/www.factorled.com\/modules\/oa_features\/img\/4-default.jpg\" width=\"32\" height=\"32\">&nbsp;Tens\u00e3o nominal<\/dt>\n<dd class=\"value\">180-265V<\/dd>\n<dt class=\"name\"><img loading=\"lazy\" decoding=\"async\" src=\"https:\/\/www.factorled.com\/modules\/oa_features\/img\/5-default.jpg\" width=\"32\" height=\"32\">&nbsp;Temperatura da luz<\/dt>\n<dd class=\"value\">4000K-5700K<\/dd>\n<dt class=\"name\"><img loading=\"lazy\" decoding=\"async\" src=\"https:\/\/www.factorled.com\/modules\/oa_features\/img\/6-default.jpg\" width=\"32\" height=\"32\">&nbsp;CRI - \u00cdndice de restitui\u00e7\u00e3o de cor<\/dt>\n<dd class=\"value\">80<\/dd>\n<dt class=\"name\"><img loading=\"lazy\" decoding=\"async\" src=\"https:\/\/www.factorled.com\/modules\/oa_features\/img\/25-default.jpg\" width=\"32\" height=\"32\">&nbsp;Material de constru\u00e7\u00e3o<\/dt>\n<dd class=\"value\">Alum\u00ednio +PC<\/dd>\n<dt class=\"name\"><img loading=\"lazy\" decoding=\"async\" src=\"https:\/\/www.factorled.com\/modules\/oa_features\/img\/8-default.jpg\" width=\"32\" height=\"32\">&nbsp;Luminosidade-Lm<\/dt>\n<dd class=\"value\">5750<\/dd>\n<dt class=\"name\"><img loading=\"lazy\" decoding=\"async\" src=\"https:\/\/www.factorled.com\/modules\/oa_features\/img\/9-default.jpg\" width=\"32\" height=\"32\">&nbsp;Tipo de LED<\/dt>\n<dd class=\"value\">SMD 2835 OSRAM CHIP<\/dd>\n<dt class=\"name\"><img loading=\"lazy\" decoding=\"async\" src=\"https:\/\/www.factorled.com\/modules\/oa_features\/img\/10-default.jpg\" width=\"32\" height=\"32\">&nbsp;\u00c2ngulo de abertura (\u00ba)<\/dt>\n<dd class=\"value\">90\u00b0<\/dd>\n<dt class=\"name\"><img loading=\"lazy\" decoding=\"async\" src=\"https:\/\/www.factorled.com\/modules\/oa_features\/img\/12-default.jpg\" width=\"32\" height=\"32\">&nbsp;Efici\u00eancia do d\u00edodo LED (Lm\/W)<\/dt>\n<dd class=\"value\">140 Lm\/W<\/dd>\n<dt class=\"name\"><img loading=\"lazy\" decoding=\"async\" src=\"https:\/\/www.factorled.com\/modules\/oa_features\/img\/13-default.jpg\" width=\"32\" height=\"32\">&nbsp;Efic\u00e1cia luminosa (Lm\/W)<\/dt>\n<dd class=\"value\">115 Lm\/W<\/dd>\n<dt class=\"name\"><img loading=\"lazy\" decoding=\"async\" src=\"https:\/\/www.factorled.com\/modules\/oa_features\/img\/15-default.jpg\" width=\"32\" height=\"32\">&nbsp;Certificados<\/dt>\n<dd class=\"value\">CE - ROHS<\/dd>\n<dt class=\"name\"><img loading=\"lazy\" decoding=\"async\" src=\"https:\/\/www.factorled.com\/modules\/oa_features\/img\/16-default.jpg\" width=\"32\" height=\"32\">&nbsp;Classifica\u00e7\u00e3o IP<\/dt>\n<dd class=\"value\">IP65-Outdoor<\/dd>\n<dt class=\"name\"><img loading=\"lazy\" decoding=\"async\" src=\"https:\/\/www.factorled.com\/modules\/oa_features\/img\/17-default.jpg\" width=\"32\" height=\"32\">&nbsp;Vida \u00fatil estimada D\u00edodo LED (H)<\/dt>\n<dd class=\"value\">50.000<\/dd>\n<dt class=\"name\"><img loading=\"lazy\" decoding=\"async\" src=\"https:\/\/www.factorled.com\/modules\/oa_features\/img\/18-default.jpg\" width=\"32\" height=\"32\">&nbsp;Medidas (Mm)<\/dt>\n<dd class=\"value\">193x167x26<\/dd>\n<dt class=\"name\"><img loading=\"lazy\" decoding=\"async\" src=\"https:\/\/www.factorled.com\/modules\/oa_features\/img\/20-default.jpg\" width=\"32\" height=\"32\">&nbsp;Fator de pot\u00eancia (PF)<\/dt>\n<dd class=\"value\">0.95<\/dd>\n<dt class=\"name\"><img loading=\"lazy\" decoding=\"async\" src=\"https:\/\/www.factorled.com\/modules\/oa_features\/img\/21-default.jpg\" width=\"32\" height=\"32\">&nbsp;Frequ\u00eancia de trabalho (Hz)<\/dt>\n<dd class=\"value\">50\/60Hz<\/dd>\n<dt class=\"name\"><img loading=\"lazy\" decoding=\"async\" src=\"https:\/\/www.factorled.com\/modules\/oa_features\/img\/22-default.jpg\" width=\"32\" height=\"32\">&nbsp;Gama de temperaturas (\u00baC)<\/dt>\n<dd class=\"value\">-20\u00b0C ~ +55\u00b0C<\/dd>\n<dt class=\"name\"><img loading=\"lazy\" decoding=\"async\" src=\"https:\/\/www.factorled.com\/modules\/oa_features\/img\/23-default.jpg\" width=\"32\" height=\"32\">&nbsp;Ciclos de igni\u00e7\u00e3o<\/dt>\n<dd class=\"value\">100.000<\/dd>\n<dt class=\"name\"><img loading=\"lazy\" decoding=\"async\" src=\"https:\/\/www.factorled.com\/modules\/oa_features\/img\/24-default.jpg\" width=\"32\" height=\"32\">&nbsp;Tempo de arranque (S)<\/dt>\n<dd class=\"value\">0,2s<\/dd>\n<dt class=\"name\"><img loading=\"lazy\" decoding=\"async\" src=\"https:\/\/www.factorled.com\/modules\/oa_features\/img\/26-default.jpg\" width=\"32\" height=\"32\">&nbsp;Informa\u00e7\u00f5es adicionais<\/dt>\n<dd class=\"value\">ALTA LUMINOSIDADE<\/dd>\n<dt class=\"name\"><img loading=\"lazy\" decoding=\"async\" src=\"https:\/\/www.factorled.com\/modules\/oa_features\/img\/73-default.jpg\" width=\"32\" height=\"32\">&nbsp;Prote\u00e7\u00e3o contra impactos (IK)<\/dt>\n<dd class=\"value\">IK10<\/dd>\n<dt class=\"name\"><img loading=\"lazy\" decoding=\"async\" src=\"https:\/\/www.factorled.com\/modules\/oa_features\/img\/7-default.jpg\" width=\"32\" height=\"32\">&nbsp;Classe energ\u00e9tica (2021-UE-2019\/2015)<\/dt>\n<dd class=\"value\">A+<\/dd>\n<dt class=\"name\"><img loading=\"lazy\" decoding=\"async\" src=\"https:\/\/www.factorled.com\/modules\/oa_features\/img\/101-default.jpg\" width=\"32\" height=\"32\">&nbsp;Classe energ\u00e9tica (2023 - UE-2019\/2015)<\/dt>\n<dd class=\"value\">E<\/dd>\n<dt class=\"name\"><img loading=\"lazy\" decoding=\"async\" src=\"https:\/\/www.factorled.com\/modules\/oa_features\/img\/75-default.jpg\" width=\"32\" height=\"32\">&nbsp;Anos de garantia<\/dt>\n<dd class=\"value\">5<\/dd>\n<\/dl><\/h1>","protected":false},"excerpt":{"rendered":"<div class=\"product-reference\"><strong><label class=\"label\">Refer\u00eancia:<\/label> SLFLOSR50W-NW-91931<\/strong>\n<div><\/div>\n<div class=\"product-description-short\">\n<div id=\"product-description-short-2986\">\n<p>Descobrir o&nbsp;<strong>nova gera\u00e7\u00e3o de projectores LED 50W da s\u00e9rie Avant Pro,<\/strong>&nbsp;um avan\u00e7o tecnol\u00f3gico em&nbsp;<strong>Alta Efici\u00eancia<\/strong>. Equipada com um chip OSRAM DURIS E 2835, oferece um brilho surpreendente de at\u00e9<strong>&nbsp;185 Lm\/W.<\/strong>&nbsp;Agora com uma fonte de alimenta\u00e7\u00e3o interna, este projetor n\u00e3o s\u00f3 melhora o seu desempenho, como tamb\u00e9m prolonga a sua vida \u00fatil.&nbsp;<strong>Incorpora um conetor r\u00e1pido IP65, que pode ser acionado com uma m\u00e3o,<\/strong>&nbsp;e a sua conce\u00e7\u00e3o robusta&nbsp;<strong>IK10 e a sua classifica\u00e7\u00e3o IP65<\/strong>&nbsp;torna-o resistente ao p\u00f3 e \u00e0 \u00e1gua, garantindo durabilidade e fiabilidade em qualquer ambiente. Ideal para quem procura qualidade e efici\u00eancia na ilumina\u00e7\u00e3o... N\u00e3o hesite mais e adquira o OSRAM Chip Spotlight, encomende agora e receba-o rapidamente, e ele tamb\u00e9m vem com&nbsp;<strong>5 ANOS DE GARANTIA!&nbsp;<\/strong><\/p>\n<p><strong>Temperatura de cor: 2700K \/ 4000K \/ 5700K<\/strong><\/p>\n<\/div>\n<\/div><\/div>","protected":false},"featured_media":14015,"template":"","meta":{"site-sidebar-layout":"default","site-content-layout":"default","ast-global-header-display":"","ast-main-header-display":"","ast-hfb-above-header-display":"","ast-hfb-below-header-display":"","ast-hfb-mobile-header-display":"","site-post-title":"","ast-breadcrumbs-content":"","ast-featured-img":"","footer-sml-layout":"","theme-transparent-header-meta":"default","adv-header-id-meta":"","stick-header-meta":"","header-above-stick-meta":"","header-main-stick-meta":"","header-below-stick-meta":""},"product_cat":[81,28],"product_tag":[],"class_list":["post-14001","product","type-product","status-publish","has-post-thumbnail","hentry","product_cat-foco-proyector-serie-avant","product_cat-proyectores-led-exterior-y-jardin"],"yoast_head":"<!-- This site is optimized with the Yoast SEO plugin v27.4 - https:\/\/yoast.com\/product\/yoast-seo-wordpress\/ -->\n<title>Foco Proyector Exterior LED 50W - Avant Pro - OSRAM CHIP DURIS E 2835 - 5 A\u00f1os - STARLED Iluminacion<\/title>\n<meta name=\"robots\" content=\"index, follow, max-snippet:-1, max-image-preview:large, max-video-preview:-1\" \/>\n<link rel=\"canonical\" href=\"https:\/\/starlediluminacion.com\/pt\/product\/foco-proyector-exterior-led-50w-avant-pro-osram-chip-duris-e-2835-5-anos-4\/\" \/>\n<meta property=\"og:locale\" content=\"pt_PT\" \/>\n<meta property=\"og:type\" content=\"article\" \/>\n<meta property=\"og:title\" content=\"Foco Proyector Exterior LED 50W - Avant Pro - OSRAM CHIP DURIS E 2835 - 5 A\u00f1os - STARLED Iluminacion\" \/>\n<meta property=\"og:description\" content=\"Referencia: SLFLOSR50W-NW-91931      Descubre la\u00a0nueva generaci\u00f3n de focos proyectores LED Serie Avant Pro 50W,\u00a0un avance tecnol\u00f3gico en\u00a0High Efficiency. Equipado con un chip OSRAM DURIS E 2835, ofrece una asombrosa luminosidad de hasta\u00a0185 Lm\/W.\u00a0Ahora con una fuente de alimentaci\u00f3n interna, este foco no solo mejora su rendimiento, sino que tambi\u00e9n extiende su vida \u00fatil.\u00a0Incorpora un conector r\u00e1pido IP65, manejable con una sola mano,\u00a0y su dise\u00f1o robusto\u00a0IK10 y su grado IP65\u00a0lo hace resistente al polvo y al agua, asegurando durabilidad y fiabilidad en cualquier entorno. Ideal para quienes buscan calidad y eficiencia en iluminaci\u00f3n.. No lo dudes m\u00e1s y hazte con el\u00a0Foco OSRAM Chip, p\u00eddelo ahora y rec\u00edbelo r\u00e1pido, y adem\u00e1s tiene\u00a05 A\u00d1OS de GARANT\u00cdA!\u00a0  Temperatura de Color:\u00a0 2700K \/ 4000K \/ 5700K\" \/>\n<meta property=\"og:url\" content=\"https:\/\/starlediluminacion.com\/pt\/product\/foco-proyector-exterior-led-50w-avant-pro-osram-chip-duris-e-2835-5-anos-4\/\" \/>\n<meta property=\"og:site_name\" content=\"STARLED Iluminacion\" \/>\n<meta property=\"article:modified_time\" content=\"2025-01-05T14:49:49+00:00\" \/>\n<meta property=\"og:image\" content=\"https:\/\/starlediluminacion.com\/wp-content\/uploads\/2024\/09\/foco-proyector-exterior-led-50w-avant-pro-osram-chip-duris-e-2835-5-anos-15.jpg\" \/>\n\t<meta property=\"og:image:width\" content=\"744\" \/>\n\t<meta property=\"og:image:height\" content=\"800\" \/>\n\t<meta property=\"og:image:type\" content=\"image\/jpeg\" \/>\n<meta name=\"twitter:card\" content=\"summary_large_image\" \/>\n<meta name=\"twitter:label1\" content=\"Tempo estimado de leitura\" \/>\n\t<meta name=\"twitter:data1\" content=\"5 minutos\" \/>\n<script type=\"application\/ld+json\" class=\"yoast-schema-graph\">{\"@context\":\"https:\\\/\\\/schema.org\",\"@graph\":[{\"@type\":\"WebPage\",\"@id\":\"https:\\\/\\\/starlediluminacion.com\\\/producto\\\/foco-proyector-exterior-led-50w-avant-pro-osram-chip-duris-e-2835-5-anos-4\\\/\",\"url\":\"https:\\\/\\\/starlediluminacion.com\\\/producto\\\/foco-proyector-exterior-led-50w-avant-pro-osram-chip-duris-e-2835-5-anos-4\\\/\",\"name\":\"Foco Proyector Exterior LED 50W - Avant Pro - OSRAM CHIP DURIS E 2835 - 5 A\u00f1os - STARLED Iluminacion\",\"isPartOf\":{\"@id\":\"https:\\\/\\\/starlediluminacion.com\\\/#website\"},\"primaryImageOfPage\":{\"@id\":\"https:\\\/\\\/starlediluminacion.com\\\/producto\\\/foco-proyector-exterior-led-50w-avant-pro-osram-chip-duris-e-2835-5-anos-4\\\/#primaryimage\"},\"image\":{\"@id\":\"https:\\\/\\\/starlediluminacion.com\\\/producto\\\/foco-proyector-exterior-led-50w-avant-pro-osram-chip-duris-e-2835-5-anos-4\\\/#primaryimage\"},\"thumbnailUrl\":\"https:\\\/\\\/starlediluminacion.com\\\/wp-content\\\/uploads\\\/2024\\\/09\\\/foco-proyector-exterior-led-50w-avant-pro-osram-chip-duris-e-2835-5-anos-15.jpg\",\"datePublished\":\"2024-09-15T10:33:52+00:00\",\"dateModified\":\"2025-01-05T14:49:49+00:00\",\"breadcrumb\":{\"@id\":\"https:\\\/\\\/starlediluminacion.com\\\/producto\\\/foco-proyector-exterior-led-50w-avant-pro-osram-chip-duris-e-2835-5-anos-4\\\/#breadcrumb\"},\"inLanguage\":\"pt-PT\",\"potentialAction\":[{\"@type\":\"ReadAction\",\"target\":[\"https:\\\/\\\/starlediluminacion.com\\\/producto\\\/foco-proyector-exterior-led-50w-avant-pro-osram-chip-duris-e-2835-5-anos-4\\\/\"]}]},{\"@type\":\"ImageObject\",\"inLanguage\":\"pt-PT\",\"@id\":\"https:\\\/\\\/starlediluminacion.com\\\/producto\\\/foco-proyector-exterior-led-50w-avant-pro-osram-chip-duris-e-2835-5-anos-4\\\/#primaryimage\",\"url\":\"https:\\\/\\\/starlediluminacion.com\\\/wp-content\\\/uploads\\\/2024\\\/09\\\/foco-proyector-exterior-led-50w-avant-pro-osram-chip-duris-e-2835-5-anos-15.jpg\",\"contentUrl\":\"https:\\\/\\\/starlediluminacion.com\\\/wp-content\\\/uploads\\\/2024\\\/09\\\/foco-proyector-exterior-led-50w-avant-pro-osram-chip-duris-e-2835-5-anos-15.jpg\",\"width\":744,\"height\":800},{\"@type\":\"BreadcrumbList\",\"@id\":\"https:\\\/\\\/starlediluminacion.com\\\/producto\\\/foco-proyector-exterior-led-50w-avant-pro-osram-chip-duris-e-2835-5-anos-4\\\/#breadcrumb\",\"itemListElement\":[{\"@type\":\"ListItem\",\"position\":1,\"name\":\"Portada\",\"item\":\"https:\\\/\\\/starlediluminacion.com\\\/\"},{\"@type\":\"ListItem\",\"position\":2,\"name\":\"Shop\",\"item\":\"https:\\\/\\\/starlediluminacion.com\\\/shop-2\\\/\"},{\"@type\":\"ListItem\",\"position\":3,\"name\":\"Foco Proyector Exterior LED 50W &#8211; Avant Pro &#8211; OSRAM CHIP DURIS E 2835 &#8211; 5 A\u00f1os\"}]},{\"@type\":\"WebSite\",\"@id\":\"https:\\\/\\\/starlediluminacion.com\\\/#website\",\"url\":\"https:\\\/\\\/starlediluminacion.com\\\/\",\"name\":\"STARLED Iluminacion\",\"description\":\"\",\"potentialAction\":[{\"@type\":\"SearchAction\",\"target\":{\"@type\":\"EntryPoint\",\"urlTemplate\":\"https:\\\/\\\/starlediluminacion.com\\\/?s={search_term_string}\"},\"query-input\":{\"@type\":\"PropertyValueSpecification\",\"valueRequired\":true,\"valueName\":\"search_term_string\"}}],\"inLanguage\":\"pt-PT\"}]}<\/script>\n<!-- \/ Yoast SEO plugin. -->","yoast_head_json":{"title":"Foco Proyector Exterior LED 50W - Avant Pro - OSRAM CHIP DURIS E 2835 - 5 A\u00f1os - STARLED Iluminacion","robots":{"index":"index","follow":"follow","max-snippet":"max-snippet:-1","max-image-preview":"max-image-preview:large","max-video-preview":"max-video-preview:-1"},"canonical":"https:\/\/starlediluminacion.com\/pt\/product\/foco-proyector-exterior-led-50w-avant-pro-osram-chip-duris-e-2835-5-anos-4\/","og_locale":"pt_PT","og_type":"article","og_title":"Foco Proyector Exterior LED 50W - Avant Pro - OSRAM CHIP DURIS E 2835 - 5 A\u00f1os - STARLED Iluminacion","og_description":"Referencia: SLFLOSR50W-NW-91931      Descubre la\u00a0nueva generaci\u00f3n de focos proyectores LED Serie Avant Pro 50W,\u00a0un avance tecnol\u00f3gico en\u00a0High Efficiency. Equipado con un chip OSRAM DURIS E 2835, ofrece una asombrosa luminosidad de hasta\u00a0185 Lm\/W.\u00a0Ahora con una fuente de alimentaci\u00f3n interna, este foco no solo mejora su rendimiento, sino que tambi\u00e9n extiende su vida \u00fatil.\u00a0Incorpora un conector r\u00e1pido IP65, manejable con una sola mano,\u00a0y su dise\u00f1o robusto\u00a0IK10 y su grado IP65\u00a0lo hace resistente al polvo y al agua, asegurando durabilidad y fiabilidad en cualquier entorno. Ideal para quienes buscan calidad y eficiencia en iluminaci\u00f3n.. No lo dudes m\u00e1s y hazte con el\u00a0Foco OSRAM Chip, p\u00eddelo ahora y rec\u00edbelo r\u00e1pido, y adem\u00e1s tiene\u00a05 A\u00d1OS de GARANT\u00cdA!\u00a0  Temperatura de Color:\u00a0 2700K \/ 4000K \/ 5700K","og_url":"https:\/\/starlediluminacion.com\/pt\/product\/foco-proyector-exterior-led-50w-avant-pro-osram-chip-duris-e-2835-5-anos-4\/","og_site_name":"STARLED Iluminacion","article_modified_time":"2025-01-05T14:49:49+00:00","og_image":[{"width":744,"height":800,"url":"https:\/\/starlediluminacion.com\/wp-content\/uploads\/2024\/09\/foco-proyector-exterior-led-50w-avant-pro-osram-chip-duris-e-2835-5-anos-15.jpg","type":"image\/jpeg"}],"twitter_card":"summary_large_image","twitter_misc":{"Tempo estimado de leitura":"5 minutos"},"schema":{"@context":"https:\/\/schema.org","@graph":[{"@type":"WebPage","@id":"https:\/\/starlediluminacion.com\/producto\/foco-proyector-exterior-led-50w-avant-pro-osram-chip-duris-e-2835-5-anos-4\/","url":"https:\/\/starlediluminacion.com\/producto\/foco-proyector-exterior-led-50w-avant-pro-osram-chip-duris-e-2835-5-anos-4\/","name":"Foco Proyector Exterior LED 50W - Avant Pro - OSRAM CHIP DURIS E 2835 - 5 A\u00f1os - STARLED Iluminacion","isPartOf":{"@id":"https:\/\/starlediluminacion.com\/#website"},"primaryImageOfPage":{"@id":"https:\/\/starlediluminacion.com\/producto\/foco-proyector-exterior-led-50w-avant-pro-osram-chip-duris-e-2835-5-anos-4\/#primaryimage"},"image":{"@id":"https:\/\/starlediluminacion.com\/producto\/foco-proyector-exterior-led-50w-avant-pro-osram-chip-duris-e-2835-5-anos-4\/#primaryimage"},"thumbnailUrl":"https:\/\/starlediluminacion.com\/wp-content\/uploads\/2024\/09\/foco-proyector-exterior-led-50w-avant-pro-osram-chip-duris-e-2835-5-anos-15.jpg","datePublished":"2024-09-15T10:33:52+00:00","dateModified":"2025-01-05T14:49:49+00:00","breadcrumb":{"@id":"https:\/\/starlediluminacion.com\/producto\/foco-proyector-exterior-led-50w-avant-pro-osram-chip-duris-e-2835-5-anos-4\/#breadcrumb"},"inLanguage":"pt-PT","potentialAction":[{"@type":"ReadAction","target":["https:\/\/starlediluminacion.com\/producto\/foco-proyector-exterior-led-50w-avant-pro-osram-chip-duris-e-2835-5-anos-4\/"]}]},{"@type":"ImageObject","inLanguage":"pt-PT","@id":"https:\/\/starlediluminacion.com\/producto\/foco-proyector-exterior-led-50w-avant-pro-osram-chip-duris-e-2835-5-anos-4\/#primaryimage","url":"https:\/\/starlediluminacion.com\/wp-content\/uploads\/2024\/09\/foco-proyector-exterior-led-50w-avant-pro-osram-chip-duris-e-2835-5-anos-15.jpg","contentUrl":"https:\/\/starlediluminacion.com\/wp-content\/uploads\/2024\/09\/foco-proyector-exterior-led-50w-avant-pro-osram-chip-duris-e-2835-5-anos-15.jpg","width":744,"height":800},{"@type":"BreadcrumbList","@id":"https:\/\/starlediluminacion.com\/producto\/foco-proyector-exterior-led-50w-avant-pro-osram-chip-duris-e-2835-5-anos-4\/#breadcrumb","itemListElement":[{"@type":"ListItem","position":1,"name":"Portada","item":"https:\/\/starlediluminacion.com\/"},{"@type":"ListItem","position":2,"name":"Shop","item":"https:\/\/starlediluminacion.com\/shop-2\/"},{"@type":"ListItem","position":3,"name":"Foco Proyector Exterior LED 50W &#8211; Avant Pro &#8211; OSRAM CHIP DURIS E 2835 &#8211; 5 A\u00f1os"}]},{"@type":"WebSite","@id":"https:\/\/starlediluminacion.com\/#website","url":"https:\/\/starlediluminacion.com\/","name":"STARLED Iluminacion","description":"","potentialAction":[{"@type":"SearchAction","target":{"@type":"EntryPoint","urlTemplate":"https:\/\/starlediluminacion.com\/?s={search_term_string}"},"query-input":{"@type":"PropertyValueSpecification","valueRequired":true,"valueName":"search_term_string"}}],"inLanguage":"pt-PT"}]}},"_links":{"self":[{"href":"https:\/\/starlediluminacion.com\/pt\/wp-json\/wp\/v3\/product\/14001","targetHints":{"allow":["GET"]}}],"collection":[{"href":"https:\/\/starlediluminacion.com\/pt\/wp-json\/wp\/v3\/product"}],"about":[{"href":"https:\/\/starlediluminacion.com\/pt\/wp-json\/wp\/v2\/types\/product"}],"wp:featuredmedia":[{"embeddable":true,"href":"https:\/\/starlediluminacion.com\/pt\/wp-json\/wp\/v2\/media\/14015"}],"wp:attachment":[{"href":"https:\/\/starlediluminacion.com\/pt\/wp-json\/wp\/v2\/media?parent=14001"}],"wp:term":[{"taxonomy":"product_cat","embeddable":true,"href":"https:\/\/starlediluminacion.com\/pt\/wp-json\/wp\/v2\/product_cat?post=14001"},{"taxonomy":"product_tag","embeddable":true,"href":"https:\/\/starlediluminacion.com\/pt\/wp-json\/wp\/v2\/product_tag?post=14001"}],"curies":[{"name":"wp","href":"https:\/\/api.w.org\/{rel}","templated":true}]}}