{"id":13861,"date":"2024-09-15T08:23:36","date_gmt":"2024-09-15T08:23:36","guid":{"rendered":"https:\/\/starlediluminacion.com\/?post_type=product&#038;p=13861"},"modified":"2025-01-05T14:47:47","modified_gmt":"2025-01-05T14:47:47","slug":"placa-slim-led-circular-10w-acero-inox-cct-osram-chip-duris-e-2835","status":"publish","type":"product","link":"https:\/\/starlediluminacion.com\/pt\/product\/placa-circular-fina-com-leds-10w-acero-inox-cct-osram-chip-duris-e-2835-2\/","title":{"rendered":"<p>Painel LED Circular Fino 10W A\u00e7o Inoxid\u00e1vel - CCT - OSRAM CHIP DURIS E 2835<\/p>"},"content":{"rendered":"<h1>Painel LED Circular Fino 10W A\u00e7o Inoxid\u00e1vel - CCT - OSRAM CHIP DURIS E 2835<p>Descubra a nossa linha inovadora de&nbsp;<strong>Pain\u00e9is LED de encastrar<\/strong>&nbsp;Fino com tecnologia&nbsp;<strong>CCT<\/strong>Concebido para oferecer versatilidade e qualidade na ilumina\u00e7\u00e3o dos seus espa\u00e7os.&nbsp;<strong>Com op\u00e7\u00f5es de sele\u00e7\u00e3o de cor entre 2700K, 4000K e 5700K,<\/strong>&nbsp;esta placa \u00e9 a escolha perfeita para satisfazer as suas necessidades espec\u00edficas de ilumina\u00e7\u00e3o.<\/p><p>Equipado com o famoso&nbsp;<strong>Fichas OSRAM DURIS E 2835,<\/strong>&nbsp;esta placa garante uma luminosidade excecional que iluminar\u00e1 os seus ambientes de forma uniforme e eficaz. O seu amplo \u00e2ngulo de abertura de 120\u00ba proporciona uma distribui\u00e7\u00e3o uniforme da luz, perfeita para qualquer tipo de estabelecimento comercial, seja em resid\u00eancias, escrit\u00f3rios ou lojas.<\/p><p>O melhor de tudo \u00e9 que tem um design moderno e atrativo que se integra perfeitamente em qualquer ambiente. Al\u00e9m disso, possui um controlador NO FLICK, o que significa que n\u00e3o ir\u00e1 sentir uma cintila\u00e7\u00e3o irritante, e um \u00edndice de restitui\u00e7\u00e3o de cores de&nbsp;<strong>(CRI) de +85,<\/strong>&nbsp;que garante cores mais naturais e uma ilumina\u00e7\u00e3o de qualidade.<\/p><p>Com o nosso&nbsp;<strong>Lumin\u00e1ria embutida LED<\/strong>&nbsp;Slim CCT, desfrutar\u00e1 de uma ilumina\u00e7\u00e3o eficiente, vers\u00e1til e de alta qualidade que se adapta \u00e0s suas necessidades e d\u00e1 um toque de estilo aos seus espa\u00e7os.<\/p><h2 dir=\"ltr\">Usos de la Placa Empotrable Slim LED Circular 10W&nbsp;&ndash; OSRAM CHIP<\/h2><ul>\n<li>Centros de lazer<\/li>\n<li>Lojas<\/li>\n<li>Centros comerciais<\/li>\n<li>Hot\u00e9is<\/li>\n<li>Restaurantes<\/li>\n<li>In\u00edcio<\/li>\n<\/ul><h3 class=\"h6\">Folha de dados do produto<\/h3><dl class=\"data-sheet\">\n<dt class=\"name\"><img loading=\"lazy\" decoding=\"async\" src=\"https:\/\/www.factorled.com\/modules\/oa_features\/img\/2-default.jpg\" width=\"32\" height=\"32\">&nbsp;REFER\u00caNCIA<\/dt>\n<dd class=\"value\">PLRNP10WOSR-3CCT-91876<\/dd>\n<dt class=\"name\"><img loading=\"lazy\" decoding=\"async\" src=\"https:\/\/www.factorled.com\/modules\/oa_features\/img\/3-default.jpg\" width=\"32\" height=\"32\">&nbsp;Pot\u00eancia nominal<\/dt>\n<dd class=\"value\">10W<\/dd>\n<dt class=\"name\"><img loading=\"lazy\" decoding=\"async\" src=\"https:\/\/www.factorled.com\/modules\/oa_features\/img\/4-default.jpg\" width=\"32\" height=\"32\">&nbsp;Tens\u00e3o nominal<\/dt>\n<dd class=\"value\">85V-265V<\/dd>\n<dt class=\"name\"><img loading=\"lazy\" decoding=\"async\" src=\"https:\/\/www.factorled.com\/modules\/oa_features\/img\/5-default.jpg\" width=\"32\" height=\"32\">&nbsp;Temperatura da luz<\/dt>\n<dd class=\"value\">2700K - 4000K - 5700K<\/dd>\n<dt class=\"name\"><img loading=\"lazy\" decoding=\"async\" src=\"https:\/\/www.factorled.com\/modules\/oa_features\/img\/6-default.jpg\" width=\"32\" height=\"32\">&nbsp;CRI - \u00cdndice de restitui\u00e7\u00e3o de cor<\/dt>\n<dd class=\"value\">85<\/dd>\n<dt class=\"name\"><img loading=\"lazy\" decoding=\"async\" src=\"https:\/\/www.factorled.com\/modules\/oa_features\/img\/25-default.jpg\" width=\"32\" height=\"32\">&nbsp;Material de constru\u00e7\u00e3o<\/dt>\n<dd class=\"value\">A\u00e7o + ABS<\/dd>\n<dt class=\"name\"><img loading=\"lazy\" decoding=\"async\" src=\"https:\/\/www.factorled.com\/modules\/oa_features\/img\/25-default.jpg\" width=\"32\" height=\"32\">&nbsp;Material de constru\u00e7\u00e3o<\/dt>\n<dd class=\"value\">Alum\u00ednio +PC<\/dd>\n<dt class=\"name\"><img loading=\"lazy\" decoding=\"async\" src=\"https:\/\/www.factorled.com\/modules\/oa_features\/img\/8-default.jpg\" width=\"32\" height=\"32\">&nbsp;Luminosidade-Lm<\/dt>\n<dd class=\"value\">1000<\/dd>\n<dt class=\"name\"><img loading=\"lazy\" decoding=\"async\" src=\"https:\/\/www.factorled.com\/modules\/oa_features\/img\/9-default.jpg\" width=\"32\" height=\"32\">&nbsp;Tipo de LED<\/dt>\n<dd class=\"value\">SMD 2835 OSRAM CHIP<\/dd>\n<dt class=\"name\"><img loading=\"lazy\" decoding=\"async\" src=\"https:\/\/www.factorled.com\/modules\/oa_features\/img\/10-default.jpg\" width=\"32\" height=\"32\">&nbsp;\u00c2ngulo de abertura (\u00ba)<\/dt>\n<dd class=\"value\">120\u00ba<\/dd>\n<dt class=\"name\"><img loading=\"lazy\" decoding=\"async\" src=\"https:\/\/www.factorled.com\/modules\/oa_features\/img\/12-default.jpg\" width=\"32\" height=\"32\">&nbsp;Efici\u00eancia do d\u00edodo LED (Lm\/W)<\/dt>\n<dd class=\"value\">140 Lm\/W<\/dd>\n<dt class=\"name\"><img loading=\"lazy\" decoding=\"async\" src=\"https:\/\/www.factorled.com\/modules\/oa_features\/img\/13-default.jpg\" width=\"32\" height=\"32\">&nbsp;Efic\u00e1cia luminosa (Lm\/W)<\/dt>\n<dd class=\"value\">100Lm\/W<\/dd>\n<dt class=\"name\"><img loading=\"lazy\" decoding=\"async\" src=\"https:\/\/www.factorled.com\/modules\/oa_features\/img\/11-default.jpg\" width=\"32\" height=\"32\">&nbsp;Dimension\u00e1vel<\/dt>\n<dd class=\"value\">N\u00c3O<\/dd>\n<dt class=\"name\"><img loading=\"lazy\" decoding=\"async\" src=\"https:\/\/www.factorled.com\/modules\/oa_features\/img\/15-default.jpg\" width=\"32\" height=\"32\">&nbsp;Certificados<\/dt>\n<dd class=\"value\">CE - ROHS<\/dd>\n<dt class=\"name\"><img loading=\"lazy\" decoding=\"async\" src=\"https:\/\/www.factorled.com\/modules\/oa_features\/img\/16-default.jpg\" width=\"32\" height=\"32\">&nbsp;Classifica\u00e7\u00e3o IP<\/dt>\n<dd class=\"value\">IP20<\/dd>\n<dt class=\"name\"><img loading=\"lazy\" decoding=\"async\" src=\"https:\/\/www.factorled.com\/modules\/oa_features\/img\/17-default.jpg\" width=\"32\" height=\"32\">&nbsp;Vida \u00fatil estimada D\u00edodo LED (H)<\/dt>\n<dd class=\"value\">40.000<\/dd>\n<dt class=\"name\"><img loading=\"lazy\" decoding=\"async\" src=\"https:\/\/www.factorled.com\/modules\/oa_features\/img\/18-default.jpg\" width=\"32\" height=\"32\">&nbsp;Medidas (Mm)<\/dt>\n<dd class=\"value\">\u00d8120x22mm<\/dd>\n<dt class=\"name\"><img loading=\"lazy\" decoding=\"async\" src=\"https:\/\/www.factorled.com\/modules\/oa_features\/img\/21-default.jpg\" width=\"32\" height=\"32\">&nbsp;Frequ\u00eancia de trabalho (Hz)<\/dt>\n<dd class=\"value\">50\/60Hz<\/dd>\n<dt class=\"name\"><img loading=\"lazy\" decoding=\"async\" src=\"https:\/\/www.factorled.com\/modules\/oa_features\/img\/22-default.jpg\" width=\"32\" height=\"32\">&nbsp;Gama de temperaturas (\u00baC)<\/dt>\n<dd class=\"value\">-20\u00b0C ~ +55\u00b0C<\/dd>\n<dt class=\"name\"><img loading=\"lazy\" decoding=\"async\" src=\"https:\/\/www.factorled.com\/modules\/oa_features\/img\/23-default.jpg\" width=\"32\" height=\"32\">&nbsp;Ciclos de igni\u00e7\u00e3o<\/dt>\n<dd class=\"value\">100.000<\/dd>\n<dt class=\"name\"><img loading=\"lazy\" decoding=\"async\" src=\"https:\/\/www.factorled.com\/modules\/oa_features\/img\/24-default.jpg\" width=\"32\" height=\"32\">&nbsp;Tempo de arranque (S)<\/dt>\n<dd class=\"value\">0,2s<\/dd>\n<dt class=\"name\"><img loading=\"lazy\" decoding=\"async\" src=\"https:\/\/www.factorled.com\/modules\/oa_features\/img\/27-default.jpg\" width=\"32\" height=\"32\">&nbsp;Corte no teto (Mm)<\/dt>\n<dd class=\"value\">\u00d8110mm<\/dd>\n<dt class=\"name\"><img loading=\"lazy\" decoding=\"async\" src=\"https:\/\/www.factorled.com\/modules\/oa_features\/img\/74-default.jpg\" width=\"32\" height=\"32\">&nbsp;Motorista inclu\u00eddo<\/dt>\n<dd class=\"value\">SEM CINTILADOR - SEM CINTILA\u00c7\u00c3O<\/dd>\n<dt class=\"name\"><img loading=\"lazy\" decoding=\"async\" src=\"https:\/\/www.factorled.com\/modules\/oa_features\/img\/7-default.jpg\" width=\"32\" height=\"32\">&nbsp;Classe energ\u00e9tica (2021-UE-2019\/2015)<\/dt>\n<dd class=\"value\">A+<\/dd>\n<dt class=\"name\"><img loading=\"lazy\" decoding=\"async\" src=\"https:\/\/www.factorled.com\/modules\/oa_features\/img\/101-default.jpg\" width=\"32\" height=\"32\">&nbsp;Classe energ\u00e9tica (2023 - UE-2019\/2015)<\/dt>\n<dd class=\"value\">F<\/dd>\n<dt class=\"name\"><img loading=\"lazy\" decoding=\"async\" src=\"https:\/\/www.factorled.com\/modules\/oa_features\/img\/75-default.jpg\" width=\"32\" height=\"32\">&nbsp;Anos de garantia<\/dt>\n<dd class=\"value\">3<\/dd>\n<\/dl><\/h1>","protected":false},"excerpt":{"rendered":"<div class=\"product-reference\"><strong><label class=\"label\">Refer\u00eancia:<\/label> SLPLRNP10WOSR-3CCT-91876<\/strong>\n<div><\/div>\n<div class=\"product-description-short\">\n<div id=\"product-description-short-3630\">\n<p>Descubra a nossa nova gama de&nbsp;<strong>Pain\u00e9is LED finos de encastrar - a\u00e7o inoxid\u00e1vel -&nbsp;<\/strong>com tecnologia<strong>&nbsp;CCT,<\/strong>&nbsp;a solu\u00e7\u00e3o perfeita para uma ilumina\u00e7\u00e3o vers\u00e1til e de qualidade. Com op\u00e7\u00f5es de cor entre&nbsp;<strong>2700K, 4000K e 5700K<\/strong>este&nbsp;<strong>lumin\u00e1ria embutida circular<\/strong>&nbsp;a partir de&nbsp;<strong>10W&nbsp;<\/strong>equipado com&nbsp;<strong>OSRAM DURIS E 2835<\/strong>&nbsp;oferece uma luminosidade excecional para qualquer ambiente comercial.<\/p>\n<p>O seu design moderno, \u00e2ngulo de abertura de 120\u00ba e&nbsp;<strong>condutor NO FLICK<\/strong>&nbsp;garanta uma ilumina\u00e7\u00e3o uniforme, sem cintila\u00e7\u00e3o e com cores naturais - fa\u00e7a sobressair os seus espa\u00e7os com este downlight LED de qualidade!<\/p>\n<\/div>\n<\/div><\/div>","protected":false},"featured_media":13869,"template":"","meta":{"site-sidebar-layout":"default","site-content-layout":"default","ast-global-header-display":"","ast-main-header-display":"","ast-hfb-above-header-display":"","ast-hfb-below-header-display":"","ast-hfb-mobile-header-display":"","site-post-title":"","ast-breadcrumbs-content":"","ast-featured-img":"","footer-sml-layout":"","theme-transparent-header-meta":"default","adv-header-id-meta":"","stick-header-meta":"","header-above-stick-meta":"","header-main-stick-meta":"","header-below-stick-meta":""},"product_cat":[68,27],"product_tag":[],"class_list":["post-13861","product","type-product","status-publish","has-post-thumbnail","hentry","product_cat-downlight-extraplano-slim-led","product_cat-downlight-plafones-y-placas-led"],"yoast_head":"<!-- This site is optimized with the Yoast SEO plugin v27.4 - https:\/\/yoast.com\/product\/yoast-seo-wordpress\/ -->\n<title>Placa Slim LED Circular 10W Acero Inox - CCT - OSRAM CHIP DURIS E 2835 - STARLED Iluminacion<\/title>\n<meta name=\"robots\" content=\"index, follow, max-snippet:-1, max-image-preview:large, max-video-preview:-1\" \/>\n<link rel=\"canonical\" href=\"https:\/\/starlediluminacion.com\/pt\/product\/placa-circular-fina-com-leds-10w-acero-inox-cct-osram-chip-duris-e-2835-2\/\" \/>\n<meta property=\"og:locale\" content=\"pt_PT\" \/>\n<meta property=\"og:type\" content=\"article\" \/>\n<meta property=\"og:title\" content=\"Placa Slim LED Circular 10W Acero Inox - CCT - OSRAM CHIP DURIS E 2835 - STARLED Iluminacion\" \/>\n<meta property=\"og:description\" content=\"Referencia: SLPLRNP10WOSR-3CCT-91876      Descubre nuestra nueva gama de\u00a0Placas Empotrables LED Slim - Acero inox -\u00a0con tecnolog\u00eda\u00a0CCT,\u00a0la soluci\u00f3n perfecta para una iluminaci\u00f3n vers\u00e1til y de calidad. Con opciones de color entre\u00a02700K, 4000K y 5700K, este\u00a0downlight circular\u00a0de\u00a010W\u00a0equipada con\u00a0OSRAM DURIS E 2835\u00a0ofrece una luminosidad excepcional para cualquier entorno comercial.  Su dise\u00f1o moderno, \u00e1ngulo de apertura de 120\u00ba y\u00a0driver NO FLICK\u00a0garantizan una iluminaci\u00f3n uniforme, sin parpadeos y con colores naturales. \u00a1Haz que tus espacios destaquen con esta Placa Empotrable LED de calidad!\" \/>\n<meta property=\"og:url\" content=\"https:\/\/starlediluminacion.com\/pt\/product\/placa-circular-fina-com-leds-10w-acero-inox-cct-osram-chip-duris-e-2835-2\/\" \/>\n<meta property=\"og:site_name\" content=\"STARLED Iluminacion\" \/>\n<meta property=\"article:modified_time\" content=\"2025-01-05T14:47:47+00:00\" \/>\n<meta property=\"og:image\" content=\"https:\/\/starlediluminacion.com\/wp-content\/uploads\/2024\/09\/placa-slim-led-circular-10w-acero-inox-cct-osram-chip-duris-e-2835.jpg\" \/>\n\t<meta property=\"og:image:width\" content=\"744\" \/>\n\t<meta property=\"og:image:height\" content=\"800\" \/>\n\t<meta property=\"og:image:type\" content=\"image\/jpeg\" \/>\n<meta name=\"twitter:card\" content=\"summary_large_image\" \/>\n<meta name=\"twitter:label1\" content=\"Tempo estimado de leitura\" \/>\n\t<meta name=\"twitter:data1\" content=\"2 minutos\" \/>\n<script type=\"application\/ld+json\" class=\"yoast-schema-graph\">{\"@context\":\"https:\\\/\\\/schema.org\",\"@graph\":[{\"@type\":\"WebPage\",\"@id\":\"https:\\\/\\\/starlediluminacion.com\\\/pt\\\/product\\\/placa-circular-fina-com-leds-10w-acero-inox-cct-osram-chip-duris-e-2835-2\\\/\",\"url\":\"https:\\\/\\\/starlediluminacion.com\\\/pt\\\/product\\\/placa-circular-fina-com-leds-10w-acero-inox-cct-osram-chip-duris-e-2835-2\\\/\",\"name\":\"Placa Slim LED Circular 10W Acero Inox - CCT - OSRAM CHIP DURIS E 2835 - STARLED Iluminacion\",\"isPartOf\":{\"@id\":\"https:\\\/\\\/starlediluminacion.com\\\/#website\"},\"primaryImageOfPage\":{\"@id\":\"https:\\\/\\\/starlediluminacion.com\\\/pt\\\/product\\\/placa-circular-fina-com-leds-10w-acero-inox-cct-osram-chip-duris-e-2835-2\\\/#primaryimage\"},\"image\":{\"@id\":\"https:\\\/\\\/starlediluminacion.com\\\/pt\\\/product\\\/placa-circular-fina-com-leds-10w-acero-inox-cct-osram-chip-duris-e-2835-2\\\/#primaryimage\"},\"thumbnailUrl\":\"https:\\\/\\\/starlediluminacion.com\\\/wp-content\\\/uploads\\\/2024\\\/09\\\/placa-slim-led-circular-10w-acero-inox-cct-osram-chip-duris-e-2835.jpg\",\"datePublished\":\"2024-09-15T08:23:36+00:00\",\"dateModified\":\"2025-01-05T14:47:47+00:00\",\"breadcrumb\":{\"@id\":\"https:\\\/\\\/starlediluminacion.com\\\/pt\\\/product\\\/placa-circular-fina-com-leds-10w-acero-inox-cct-osram-chip-duris-e-2835-2\\\/#breadcrumb\"},\"inLanguage\":\"pt-PT\",\"potentialAction\":[{\"@type\":\"ReadAction\",\"target\":[\"https:\\\/\\\/starlediluminacion.com\\\/pt\\\/product\\\/placa-circular-fina-com-leds-10w-acero-inox-cct-osram-chip-duris-e-2835-2\\\/\"]}]},{\"@type\":\"ImageObject\",\"inLanguage\":\"pt-PT\",\"@id\":\"https:\\\/\\\/starlediluminacion.com\\\/pt\\\/product\\\/placa-circular-fina-com-leds-10w-acero-inox-cct-osram-chip-duris-e-2835-2\\\/#primaryimage\",\"url\":\"https:\\\/\\\/starlediluminacion.com\\\/wp-content\\\/uploads\\\/2024\\\/09\\\/placa-slim-led-circular-10w-acero-inox-cct-osram-chip-duris-e-2835.jpg\",\"contentUrl\":\"https:\\\/\\\/starlediluminacion.com\\\/wp-content\\\/uploads\\\/2024\\\/09\\\/placa-slim-led-circular-10w-acero-inox-cct-osram-chip-duris-e-2835.jpg\",\"width\":744,\"height\":800},{\"@type\":\"BreadcrumbList\",\"@id\":\"https:\\\/\\\/starlediluminacion.com\\\/pt\\\/product\\\/placa-circular-fina-com-leds-10w-acero-inox-cct-osram-chip-duris-e-2835-2\\\/#breadcrumb\",\"itemListElement\":[{\"@type\":\"ListItem\",\"position\":1,\"name\":\"Portada\",\"item\":\"https:\\\/\\\/starlediluminacion.com\\\/\"},{\"@type\":\"ListItem\",\"position\":2,\"name\":\"Shop\",\"item\":\"https:\\\/\\\/starlediluminacion.com\\\/shop-2\\\/\"},{\"@type\":\"ListItem\",\"position\":3,\"name\":\"Placa Slim LED Circular 10W Acero Inox &#8211; CCT &#8211; OSRAM CHIP DURIS E 2835\"}]},{\"@type\":\"WebSite\",\"@id\":\"https:\\\/\\\/starlediluminacion.com\\\/#website\",\"url\":\"https:\\\/\\\/starlediluminacion.com\\\/\",\"name\":\"STARLED Iluminacion\",\"description\":\"\",\"potentialAction\":[{\"@type\":\"SearchAction\",\"target\":{\"@type\":\"EntryPoint\",\"urlTemplate\":\"https:\\\/\\\/starlediluminacion.com\\\/?s={search_term_string}\"},\"query-input\":{\"@type\":\"PropertyValueSpecification\",\"valueRequired\":true,\"valueName\":\"search_term_string\"}}],\"inLanguage\":\"pt-PT\"}]}<\/script>\n<!-- \/ Yoast SEO plugin. -->","yoast_head_json":{"title":"Placa Slim LED Circular 10W Acero Inox - CCT - OSRAM CHIP DURIS E 2835 - STARLED Iluminacion","robots":{"index":"index","follow":"follow","max-snippet":"max-snippet:-1","max-image-preview":"max-image-preview:large","max-video-preview":"max-video-preview:-1"},"canonical":"https:\/\/starlediluminacion.com\/pt\/product\/placa-circular-fina-com-leds-10w-acero-inox-cct-osram-chip-duris-e-2835-2\/","og_locale":"pt_PT","og_type":"article","og_title":"Placa Slim LED Circular 10W Acero Inox - CCT - OSRAM CHIP DURIS E 2835 - STARLED Iluminacion","og_description":"Referencia: SLPLRNP10WOSR-3CCT-91876      Descubre nuestra nueva gama de\u00a0Placas Empotrables LED Slim - Acero inox -\u00a0con tecnolog\u00eda\u00a0CCT,\u00a0la soluci\u00f3n perfecta para una iluminaci\u00f3n vers\u00e1til y de calidad. Con opciones de color entre\u00a02700K, 4000K y 5700K, este\u00a0downlight circular\u00a0de\u00a010W\u00a0equipada con\u00a0OSRAM DURIS E 2835\u00a0ofrece una luminosidad excepcional para cualquier entorno comercial.  Su dise\u00f1o moderno, \u00e1ngulo de apertura de 120\u00ba y\u00a0driver NO FLICK\u00a0garantizan una iluminaci\u00f3n uniforme, sin parpadeos y con colores naturales. \u00a1Haz que tus espacios destaquen con esta Placa Empotrable LED de calidad!","og_url":"https:\/\/starlediluminacion.com\/pt\/product\/placa-circular-fina-com-leds-10w-acero-inox-cct-osram-chip-duris-e-2835-2\/","og_site_name":"STARLED Iluminacion","article_modified_time":"2025-01-05T14:47:47+00:00","og_image":[{"width":744,"height":800,"url":"https:\/\/starlediluminacion.com\/wp-content\/uploads\/2024\/09\/placa-slim-led-circular-10w-acero-inox-cct-osram-chip-duris-e-2835.jpg","type":"image\/jpeg"}],"twitter_card":"summary_large_image","twitter_misc":{"Tempo estimado de leitura":"2 minutos"},"schema":{"@context":"https:\/\/schema.org","@graph":[{"@type":"WebPage","@id":"https:\/\/starlediluminacion.com\/pt\/product\/placa-circular-fina-com-leds-10w-acero-inox-cct-osram-chip-duris-e-2835-2\/","url":"https:\/\/starlediluminacion.com\/pt\/product\/placa-circular-fina-com-leds-10w-acero-inox-cct-osram-chip-duris-e-2835-2\/","name":"Placa Slim LED Circular 10W Acero Inox - CCT - OSRAM CHIP DURIS E 2835 - STARLED Iluminacion","isPartOf":{"@id":"https:\/\/starlediluminacion.com\/#website"},"primaryImageOfPage":{"@id":"https:\/\/starlediluminacion.com\/pt\/product\/placa-circular-fina-com-leds-10w-acero-inox-cct-osram-chip-duris-e-2835-2\/#primaryimage"},"image":{"@id":"https:\/\/starlediluminacion.com\/pt\/product\/placa-circular-fina-com-leds-10w-acero-inox-cct-osram-chip-duris-e-2835-2\/#primaryimage"},"thumbnailUrl":"https:\/\/starlediluminacion.com\/wp-content\/uploads\/2024\/09\/placa-slim-led-circular-10w-acero-inox-cct-osram-chip-duris-e-2835.jpg","datePublished":"2024-09-15T08:23:36+00:00","dateModified":"2025-01-05T14:47:47+00:00","breadcrumb":{"@id":"https:\/\/starlediluminacion.com\/pt\/product\/placa-circular-fina-com-leds-10w-acero-inox-cct-osram-chip-duris-e-2835-2\/#breadcrumb"},"inLanguage":"pt-PT","potentialAction":[{"@type":"ReadAction","target":["https:\/\/starlediluminacion.com\/pt\/product\/placa-circular-fina-com-leds-10w-acero-inox-cct-osram-chip-duris-e-2835-2\/"]}]},{"@type":"ImageObject","inLanguage":"pt-PT","@id":"https:\/\/starlediluminacion.com\/pt\/product\/placa-circular-fina-com-leds-10w-acero-inox-cct-osram-chip-duris-e-2835-2\/#primaryimage","url":"https:\/\/starlediluminacion.com\/wp-content\/uploads\/2024\/09\/placa-slim-led-circular-10w-acero-inox-cct-osram-chip-duris-e-2835.jpg","contentUrl":"https:\/\/starlediluminacion.com\/wp-content\/uploads\/2024\/09\/placa-slim-led-circular-10w-acero-inox-cct-osram-chip-duris-e-2835.jpg","width":744,"height":800},{"@type":"BreadcrumbList","@id":"https:\/\/starlediluminacion.com\/pt\/product\/placa-circular-fina-com-leds-10w-acero-inox-cct-osram-chip-duris-e-2835-2\/#breadcrumb","itemListElement":[{"@type":"ListItem","position":1,"name":"Portada","item":"https:\/\/starlediluminacion.com\/"},{"@type":"ListItem","position":2,"name":"Shop","item":"https:\/\/starlediluminacion.com\/shop-2\/"},{"@type":"ListItem","position":3,"name":"Placa Slim LED Circular 10W Acero Inox &#8211; CCT &#8211; OSRAM CHIP DURIS E 2835"}]},{"@type":"WebSite","@id":"https:\/\/starlediluminacion.com\/#website","url":"https:\/\/starlediluminacion.com\/","name":"STARLED Iluminacion","description":"","potentialAction":[{"@type":"SearchAction","target":{"@type":"EntryPoint","urlTemplate":"https:\/\/starlediluminacion.com\/?s={search_term_string}"},"query-input":{"@type":"PropertyValueSpecification","valueRequired":true,"valueName":"search_term_string"}}],"inLanguage":"pt-PT"}]}},"_links":{"self":[{"href":"https:\/\/starlediluminacion.com\/pt\/wp-json\/wp\/v3\/product\/13861","targetHints":{"allow":["GET"]}}],"collection":[{"href":"https:\/\/starlediluminacion.com\/pt\/wp-json\/wp\/v3\/product"}],"about":[{"href":"https:\/\/starlediluminacion.com\/pt\/wp-json\/wp\/v2\/types\/product"}],"wp:featuredmedia":[{"embeddable":true,"href":"https:\/\/starlediluminacion.com\/pt\/wp-json\/wp\/v2\/media\/13869"}],"wp:attachment":[{"href":"https:\/\/starlediluminacion.com\/pt\/wp-json\/wp\/v2\/media?parent=13861"}],"wp:term":[{"taxonomy":"product_cat","embeddable":true,"href":"https:\/\/starlediluminacion.com\/pt\/wp-json\/wp\/v2\/product_cat?post=13861"},{"taxonomy":"product_tag","embeddable":true,"href":"https:\/\/starlediluminacion.com\/pt\/wp-json\/wp\/v2\/product_tag?post=13861"}],"curies":[{"name":"wp","href":"https:\/\/api.w.org\/{rel}","templated":true}]}}