{"id":13759,"date":"2024-08-04T10:43:00","date_gmt":"2024-08-04T10:43:00","guid":{"rendered":"https:\/\/starlediluminacion.com\/?post_type=product&#038;p=13759"},"modified":"2025-01-05T14:46:18","modified_gmt":"2025-01-05T14:46:18","slug":"pack-controladora-led-cct-rgb-12-24v-panel-control-remoto-24ghz","status":"publish","type":"product","link":"https:\/\/starlediluminacion.com\/pt\/product\/pack-controlador-led-controlador-cct-rgb-12-24v-painel-remoto-controlo-24ghz-2\/","title":{"rendered":"<p>Pack Controlador LED CCT - RGB - 12-24V + Painel de Controlo Remoto - 2,4GHz<\/p>"},"content":{"rendered":"<h1>Pack Controlador LED CCT - RGB - 12-24V + Controlo Remoto - 2,4GHz<p>&nbsp;<\/p><p>O pacote de controlador de 2,4 GHz (12-24 V) + controlo remoto de 2,4 GHz \u00e9 uma solu\u00e7\u00e3o avan\u00e7ada e vers\u00e1til concebida para maximizar o controlo e a personaliza\u00e7\u00e3o das suas fitas LED. Este pacote inclui um controlador que funciona na gama de 12-24 V e um controlo remoto que funciona a 2,4 GHz, proporcionando uma experi\u00eancia de utiliza\u00e7\u00e3o intuitiva e eficaz.<\/p><p>Uma das carater\u00edsticas excepcionais deste pacote \u00e9 a sua capacidade de alternar entre tr\u00eas modos de sa\u00edda diferentes: RGB, RGBW e RGB+CCT. Isto pode ser feito facilmente com o toque de um bot\u00e3o, permitindo-lhe adaptar a ilumina\u00e7\u00e3o a v\u00e1rias necessidades e prefer\u00eancias com o toque de um bot\u00e3o. Quer esteja \u00e0 procura da vibra\u00e7\u00e3o das cores RGB, da adi\u00e7\u00e3o de branco em RGBW ou da capacidade de ajustar a temperatura da cor em RGB+CCT, este controlador tem a flexibilidade para se adaptar a qualquer situa\u00e7\u00e3o.<\/p><p>&nbsp;<\/p><p><strong>Principais carater\u00edsticas<\/strong><\/p><p><strong>Modos de sa\u00edda vari\u00e1veis:<\/strong>&nbsp;Alternar entre RGB, RGBW e RGB+CCT com um bot\u00e3o.<\/p><p><strong>2. Controlo individual do LED:<\/strong>&nbsp;Ajusta a velocidade, o brilho, a dire\u00e7\u00e3o, o comprimento e os modos din\u00e2micos.<\/p><p><strong>3. Anima\u00e7\u00f5es inteligentes:<\/strong>&nbsp;Transi\u00e7\u00f5es suaves e atractivas quando se liga ou desliga.<\/p><p><strong>4. Personaliza\u00e7\u00e3o pormenorizada:<\/strong>&nbsp;Cores e pix\u00e9is ajust\u00e1veis para efeitos espec\u00edficos.<\/p><p><strong>5. F\u00e1cil instala\u00e7\u00e3o:<\/strong>&nbsp;Liga\u00e7\u00e3o instant\u00e2nea sem ferramentas.<\/p><p><strong>6. Controlo remoto de longo alcance:<\/strong>&nbsp;At\u00e9 30 metros de dist\u00e2ncia de controlo.<\/p><p>&nbsp;<\/p><p><strong>7. Ajustes de brilho e temperatura de cor:<\/strong>&nbsp;Ilumina\u00e7\u00e3o adapt\u00e1vel e personaliz\u00e1vel.<\/p><p>&nbsp;<\/p><p><strong>Anima\u00e7\u00f5es inteligentes e personaliza\u00e7\u00e3o<\/strong><\/p><p>Desfrute de anima\u00e7\u00f5es inteligentes ao ligar ou desligar as luzes, dando um toque profissional e sofisticado ao seu espa\u00e7o. A capacidade de personalizar cores e pontos de pixel permite-lhe obter efeitos de ilumina\u00e7\u00e3o detalhados e complexos, perfeitos para projectos de ilumina\u00e7\u00e3o criativos e profissionais.<\/p><p>A cablagem deste controlador \u00e9 instant\u00e2nea e n\u00e3o requer ferramentas, o que facilita a sua instala\u00e7\u00e3o e configura\u00e7\u00e3o. Al\u00e9m disso, o controlo remoto tem um alcance de at\u00e9 30 metros, dando-lhe a liberdade de ajustar a sua ilumina\u00e7\u00e3o a partir de qualquer lugar dentro deste alcance.<\/p><p>&nbsp;<\/p><p><strong>Defini\u00e7\u00f5es de brilho e temperatura de cor<\/strong><\/p><p>O controlador oferece ajustes precisos do brilho e da temperatura da cor, permitindo-lhe adaptar a ilumina\u00e7\u00e3o a qualquer situa\u00e7\u00e3o ou estado de esp\u00edrito. Quer seja para criar uma atmosfera acolhedora em casa ou para iluminar eficazmente um espa\u00e7o comercial, este pacote fornece as ferramentas necess\u00e1rias para o conseguir.<\/p><p>&nbsp;<\/p><p><strong>Aplica\u00e7\u00f5es e utiliza\u00e7\u00f5es<\/strong><\/p><p>Este pacote \u00e9 ideal para uma vasta gama de aplica\u00e7\u00f5es, desde projectos de ilumina\u00e7\u00e3o criativos em casa at\u00e9 instala\u00e7\u00f5es profissionais em ambientes comerciais e de entretenimento. \u00c9 perfeito para quem procura qualidade, controlo e criatividade nos seus sistemas de ilumina\u00e7\u00e3o LED. Quer seja para eventos especiais, instala\u00e7\u00f5es art\u00edsticas ou para melhorar o ambiente de qualquer espa\u00e7o, o Pack Controlador Digital de 2,4 GHz (12-24 V) + Controlo Remoto de 2,4 GHz garante resultados excepcionais e vers\u00e1teis.<\/p><h3 class=\"h6\">Folha de dados do produto<\/h3><dl class=\"data-sheet\">\n<dt class=\"name\"><img loading=\"lazy\" decoding=\"async\" src=\"https:\/\/www.factorled.com\/modules\/oa_features\/img\/2-default.jpg\" width=\"32\" height=\"32\">&nbsp;REFER\u00caNCIA<\/dt>\n<dd class=\"value\">PACK-E3-RF-B4<\/dd>\n<dt class=\"name\"><img loading=\"lazy\" decoding=\"async\" src=\"https:\/\/www.factorled.com\/modules\/oa_features\/img\/4-default.jpg\" width=\"32\" height=\"32\">&nbsp;Tens\u00e3o nominal<\/dt>\n<dd class=\"value\">E3-RF: 12-24V - B4:3V<\/dd>\n<dt class=\"name\"><img loading=\"lazy\" decoding=\"async\" src=\"https:\/\/www.factorled.com\/modules\/oa_features\/img\/5-default.jpg\" width=\"32\" height=\"32\">&nbsp;Temperatura da luz<\/dt>\n<dd class=\"value\">RGB \/ RGBW \/ RGB+CCT<\/dd>\n<dt class=\"name\"><img loading=\"lazy\" decoding=\"async\" src=\"https:\/\/www.factorled.com\/modules\/oa_features\/img\/18-default.jpg\" width=\"32\" height=\"32\">&nbsp;Medidas (Mm)<\/dt>\n<dd class=\"value\">E3-RF: 100 x 40 x H17,6mm FUT092: 138 x 56 x 20mm<\/dd>\n<dt class=\"name\"><img loading=\"lazy\" decoding=\"async\" src=\"https:\/\/www.factorled.com\/modules\/oa_features\/img\/21-default.jpg\" width=\"32\" height=\"32\">&nbsp;Frequ\u00eancia de trabalho (Hz)<\/dt>\n<dd class=\"value\">2,4 GHz<\/dd>\n<dt class=\"name\"><img loading=\"lazy\" decoding=\"async\" src=\"https:\/\/www.factorled.com\/modules\/oa_features\/img\/22-default.jpg\" width=\"32\" height=\"32\">&nbsp;Gama de temperaturas (\u00baC)<\/dt>\n<dd class=\"value\">-10\u00baC - 40\u00baC<\/dd>\n<dt class=\"name\"><img loading=\"lazy\" decoding=\"async\" src=\"https:\/\/www.factorled.com\/modules\/oa_features\/img\/77-default.jpg\" width=\"32\" height=\"32\">&nbsp;Alcance (M)<\/dt>\n<dd class=\"value\">30m<\/dd>\n<\/dl><\/h1>","protected":false},"excerpt":{"rendered":"<div class=\"product-reference\"><strong><label class=\"label\">Refer\u00eancia:<\/label> SLPACK-E3-RF-B4<\/strong>\n<div><\/div>\n<div class=\"product-description-short\">\n<div id=\"product-description-short-3610\">\n<p>O&nbsp;<strong>Conjunto de controlador de 2,4 GHz (12-24 V) + controlo remoto de 2,4 GHz<\/strong>&nbsp;Permite alternar entre 3 modos de sa\u00edda&nbsp;<strong>(RGB \/ RGBW \/ RGB+CCT)<\/strong>&nbsp;por meio de um bot\u00e3o de press\u00e3o. Controle cada LED individualmente, ajustando a velocidade, o brilho, a dire\u00e7\u00e3o, a dura\u00e7\u00e3o e os modos din\u00e2micos. Desfrute de anima\u00e7\u00f5es inteligentes e personalize as cores e os pix\u00e9is para obter efeitos detalhados. A liga\u00e7\u00e3o \u00e9 instant\u00e2nea e sem ferramentas, com uma dist\u00e2ncia de controlo at\u00e9 30 m. Oferece brilho e temperatura de cor ajust\u00e1veis.<\/p>\n<p>&nbsp;<\/p>\n<\/div>\n<\/div><\/div>","protected":false},"featured_media":13768,"template":"","meta":{"site-sidebar-layout":"default","site-content-layout":"default","ast-global-header-display":"","ast-main-header-display":"","ast-hfb-above-header-display":"","ast-hfb-below-header-display":"","ast-hfb-mobile-header-display":"","site-post-title":"","ast-breadcrumbs-content":"","ast-featured-img":"","footer-sml-layout":"","theme-transparent-header-meta":"default","adv-header-id-meta":"","stick-header-meta":"","header-above-stick-meta":"","header-main-stick-meta":"","header-below-stick-meta":""},"product_cat":[93,45],"product_tag":[],"class_list":["post-13759","product","type-product","status-publish","has-post-thumbnail","hentry","product_cat-controladoras-tiras-led","product_cat-tiras-led-y-neon-flexible"],"_links":{"self":[{"href":"https:\/\/starlediluminacion.com\/pt\/wp-json\/wp\/v3\/product\/13759","targetHints":{"allow":["GET"]}}],"collection":[{"href":"https:\/\/starlediluminacion.com\/pt\/wp-json\/wp\/v3\/product"}],"about":[{"href":"https:\/\/starlediluminacion.com\/pt\/wp-json\/wp\/v2\/types\/product"}],"wp:featuredmedia":[{"embeddable":true,"href":"https:\/\/starlediluminacion.com\/pt\/wp-json\/wp\/v2\/media\/13768"}],"wp:attachment":[{"href":"https:\/\/starlediluminacion.com\/pt\/wp-json\/wp\/v2\/media?parent=13759"}],"wp:term":[{"taxonomy":"product_cat","embeddable":true,"href":"https:\/\/starlediluminacion.com\/pt\/wp-json\/wp\/v2\/product_cat?post=13759"},{"taxonomy":"product_tag","embeddable":true,"href":"https:\/\/starlediluminacion.com\/pt\/wp-json\/wp\/v2\/product_tag?post=13759"}],"curies":[{"name":"wp","href":"https:\/\/api.w.org\/{rel}","templated":true}]}}