{"id":13708,"date":"2024-08-04T10:20:52","date_gmt":"2024-08-04T10:20:52","guid":{"rendered":"https:\/\/starlediluminacion.com\/?post_type=product&#038;p=13708"},"modified":"2024-10-27T10:26:29","modified_gmt":"2024-10-27T10:26:29","slug":"empotrable-led-7w-circular-ip65-cct-sensor-de-movimiento-pir-standard-en1363-1","status":"publish","type":"product","link":"https:\/\/starlediluminacion.com\/pt\/product\/empotrable-led-7w-circular-ip65-cct-sensor-de-movimiento-pir-standard-en1363-1\/","title":{"rendered":"<p>Empotrable LED 7W &ndash; Circular &ndash; IP65 &ndash; CCT &ndash; Sensor De Movimiento PIR &ndash; Standard EN1363-1<\/p>"},"content":{"rendered":"<h1>Empotrable LED 7W &ndash; Circular &ndash; IP65 &ndash; CCT &ndash; Sensor de movimiento PIR &ndash; Especial Ba&ntilde;os &ndash; Exterior<p>&iexcl;Descubre&nbsp;<strong>el Foco Empotrable LED Circular IP65,<\/strong>&nbsp;tu aliado perfecto para una iluminaci&oacute;n resistente al polvo y agua! Este foco de 7W de potencia viene equipado con un detector de presencia PIR programable, ofreciendo una soluci&oacute;n lum&iacute;nica eficiente y pr&aacute;ctica para una variedad de espacios. Su&nbsp;<strong>tecnolog&iacute;a CCT<\/strong>&nbsp;te permite elegir entre tres tonos de luz diferentes (3000K, 4000K y 6000K), adapt&aacute;ndose a tus preferencias y creando la atm&oacute;sfera perfecta para cada ocasi&oacute;n.<\/p><p><strong>Equipado con un detector de presencia PIR<\/strong>&nbsp;programable, este foco te ofrece la flexibilidad de ajustar sus par&aacute;metros seg&uacute;n las necesidades espec&iacute;ficas de tu espacio. Desde el tiempo de encendido, que puede ser programado de 1 a 15 minutos, hasta la luminosidad, que se puede ajustar en un rango de 0 a 3000 Luxes, este foco se adapta perfectamente a cualquier situaci&oacute;n.<\/p><p>Con un &aacute;ngulo de apertura de 60&ordm;, este foco es ideal para resaltar puntos espec&iacute;ficos en cualquier ambiente, ya sea en terrazas, cocinas, ba&ntilde;os, pasillos, salones o probadores. Adem&aacute;s, su dise&ntilde;o circular y su acabado frontal en blanco garantizan una integraci&oacute;n perfecta con cualquier estilo de decoraci&oacute;n.<\/p><p>Este foco empotrable no solo ofrece una iluminaci&oacute;n de alta calidad, sino que tambi&eacute;n&nbsp;<strong>cumple con el est&aacute;ndar brit&aacute;nico BS476-21<\/strong>&nbsp;en cuanto a inflamabilidad. Esto significa que ha sido sometido a rigurosas pruebas para determinar su capacidad para resistir la propagaci&oacute;n del fuego, proporcionando una mayor seguridad en cualquier entorno.<\/p><p>El Foco Empotrable LED Circular IP65 es la elecci&oacute;n perfecta para crear ambientes acogedores y seguros en cualquier lugar. &iexcl;Aprovecha todas sus caracter&iacute;sticas para transformar tus espacios con estilo y eficiencia!<\/p><h2>Usos Empotrable LED 7W &ndash; Circular &ndash; IP65 &ndash; CCT &ndash; Sensor de movimiento PIR &ndash; Especial Ba&ntilde;os<\/h2><ul>\n<li>Terraza<\/li>\n<li>Cozinhas<\/li>\n<li>Retretes<\/li>\n<li>Corredores<\/li>\n<li>Sal\u00f5es<\/li>\n<li>Testers<\/li>\n<\/ul><h3 class=\"h6\">Folha de dados do produto<\/h3><dl class=\"data-sheet\">\n<dt class=\"name\"><img loading=\"lazy\" decoding=\"async\" src=\"https:\/\/www.factorled.com\/modules\/oa_features\/img\/2-default.jpg\" width=\"32\" height=\"32\">&nbsp;REFER\u00caNCIA<\/dt>\n<dd class=\"value\">DL7WSEN-CCT- 91291<\/dd>\n<dt class=\"name\"><img loading=\"lazy\" decoding=\"async\" src=\"https:\/\/www.factorled.com\/modules\/oa_features\/img\/3-default.jpg\" width=\"32\" height=\"32\">&nbsp;Pot\u00eancia nominal<\/dt>\n<dd class=\"value\">7W<\/dd>\n<dt class=\"name\"><img loading=\"lazy\" decoding=\"async\" src=\"https:\/\/www.factorled.com\/modules\/oa_features\/img\/4-default.jpg\" width=\"32\" height=\"32\">&nbsp;Tens\u00e3o nominal<\/dt>\n<dd class=\"value\">220-240v<\/dd>\n<dt class=\"name\"><img loading=\"lazy\" decoding=\"async\" src=\"https:\/\/www.factorled.com\/modules\/oa_features\/img\/5-default.jpg\" width=\"32\" height=\"32\">&nbsp;Temperatura da luz<\/dt>\n<dd class=\"value\">COR SELECCION\u00c1VEL: 3000K-4000K-6000K<\/dd>\n<dt class=\"name\"><img loading=\"lazy\" decoding=\"async\" src=\"https:\/\/www.factorled.com\/modules\/oa_features\/img\/6-default.jpg\" width=\"32\" height=\"32\">&nbsp;CRI - \u00cdndice de restitui\u00e7\u00e3o de cor<\/dt>\n<dd class=\"value\">80<\/dd>\n<dt class=\"name\"><img loading=\"lazy\" decoding=\"async\" src=\"https:\/\/www.factorled.com\/modules\/oa_features\/img\/25-default.jpg\" width=\"32\" height=\"32\">&nbsp;Material de constru\u00e7\u00e3o<\/dt>\n<dd class=\"value\">Alum&iacute;nio + Policarbonato (anti-radiaci&oacute;n UV)<\/dd>\n<dt class=\"name\"><img loading=\"lazy\" decoding=\"async\" src=\"https:\/\/www.factorled.com\/modules\/oa_features\/img\/8-default.jpg\" width=\"32\" height=\"32\">&nbsp;Luminosidade-Lm<\/dt>\n<dd class=\"value\">700Lm<\/dd>\n<dt class=\"name\"><img loading=\"lazy\" decoding=\"async\" src=\"https:\/\/www.factorled.com\/modules\/oa_features\/img\/9-default.jpg\" width=\"32\" height=\"32\">&nbsp;Tipo de LED<\/dt>\n<dd class=\"value\">COB<\/dd>\n<dt class=\"name\"><img loading=\"lazy\" decoding=\"async\" src=\"https:\/\/www.factorled.com\/modules\/oa_features\/img\/10-default.jpg\" width=\"32\" height=\"32\">&nbsp;\u00c2ngulo de abertura (\u00ba)<\/dt>\n<dd class=\"value\">60\u00ba<\/dd>\n<dt class=\"name\"><img loading=\"lazy\" decoding=\"async\" src=\"https:\/\/www.factorled.com\/modules\/oa_features\/img\/12-default.jpg\" width=\"32\" height=\"32\">&nbsp;Efici\u00eancia do d\u00edodo LED (Lm\/W)<\/dt>\n<dd class=\"value\">130Lm\/W<\/dd>\n<dt class=\"name\"><img loading=\"lazy\" decoding=\"async\" src=\"https:\/\/www.factorled.com\/modules\/oa_features\/img\/13-default.jpg\" width=\"32\" height=\"32\">&nbsp;Efic\u00e1cia luminosa (Lm\/W)<\/dt>\n<dd class=\"value\">110 Lm\/W<\/dd>\n<dt class=\"name\"><img loading=\"lazy\" decoding=\"async\" src=\"https:\/\/www.factorled.com\/modules\/oa_features\/img\/15-default.jpg\" width=\"32\" height=\"32\">&nbsp;Certificados<\/dt>\n<dd class=\"value\">CE - ROHS<\/dd>\n<dt class=\"name\"><img loading=\"lazy\" decoding=\"async\" src=\"https:\/\/www.factorled.com\/modules\/oa_features\/img\/16-default.jpg\" width=\"32\" height=\"32\">&nbsp;Classifica\u00e7\u00e3o IP<\/dt>\n<dd class=\"value\">IP65-Outdoor<\/dd>\n<dt class=\"name\"><img loading=\"lazy\" decoding=\"async\" src=\"https:\/\/www.factorled.com\/modules\/oa_features\/img\/17-default.jpg\" width=\"32\" height=\"32\">&nbsp;Vida \u00fatil estimada D\u00edodo LED (H)<\/dt>\n<dd class=\"value\">50.000<\/dd>\n<dt class=\"name\"><img loading=\"lazy\" decoding=\"async\" src=\"https:\/\/www.factorled.com\/modules\/oa_features\/img\/18-default.jpg\" width=\"32\" height=\"32\">&nbsp;Medidas (Mm)<\/dt>\n<dd class=\"value\">&Oslash;88xH49mm<\/dd>\n<dt class=\"name\"><img loading=\"lazy\" decoding=\"async\" src=\"https:\/\/www.factorled.com\/modules\/oa_features\/img\/21-default.jpg\" width=\"32\" height=\"32\">&nbsp;Frequ\u00eancia de trabalho (Hz)<\/dt>\n<dd class=\"value\">50\/60Hz<\/dd>\n<dt class=\"name\"><img loading=\"lazy\" decoding=\"async\" src=\"https:\/\/www.factorled.com\/modules\/oa_features\/img\/22-default.jpg\" width=\"32\" height=\"32\">&nbsp;Gama de temperaturas (\u00baC)<\/dt>\n<dd class=\"value\">-20\u00baC ~ +40\u00baC<\/dd>\n<dt class=\"name\"><img loading=\"lazy\" decoding=\"async\" src=\"https:\/\/www.factorled.com\/modules\/oa_features\/img\/23-default.jpg\" width=\"32\" height=\"32\">&nbsp;Ciclos de igni\u00e7\u00e3o<\/dt>\n<dd class=\"value\">100.000<\/dd>\n<dt class=\"name\"><img loading=\"lazy\" decoding=\"async\" src=\"https:\/\/www.factorled.com\/modules\/oa_features\/img\/24-default.jpg\" width=\"32\" height=\"32\">&nbsp;Tempo de arranque (S)<\/dt>\n<dd class=\"value\">0,2s<\/dd>\n<dt class=\"name\"><img loading=\"lazy\" decoding=\"async\" src=\"https:\/\/www.factorled.com\/modules\/oa_features\/img\/26-default.jpg\" width=\"32\" height=\"32\">&nbsp;Informa\u00e7\u00f5es adicionais<\/dt>\n<dd class=\"value\">FIRE RATING: BS476-21 30\/60\/90 minutes<\/dd>\n<dt class=\"name\"><img loading=\"lazy\" decoding=\"async\" src=\"https:\/\/www.factorled.com\/modules\/oa_features\/img\/27-default.jpg\" width=\"32\" height=\"32\">&nbsp;Corte no teto (Mm)<\/dt>\n<dd class=\"value\">\u00d8 70mm<\/dd>\n<dt class=\"name\"><img loading=\"lazy\" decoding=\"async\" src=\"https:\/\/www.factorled.com\/modules\/oa_features\/img\/73-default.jpg\" width=\"32\" height=\"32\">&nbsp;Prote\u00e7\u00e3o contra impactos (IK)<\/dt>\n<dd class=\"value\">IK05<\/dd>\n<dt class=\"name\"><img loading=\"lazy\" decoding=\"async\" src=\"https:\/\/www.factorled.com\/modules\/oa_features\/img\/74-default.jpg\" width=\"32\" height=\"32\">&nbsp;Motorista inclu\u00eddo<\/dt>\n<dd class=\"value\">SIM<\/dd>\n<dt class=\"name\"><img loading=\"lazy\" decoding=\"async\" src=\"https:\/\/www.factorled.com\/modules\/oa_features\/img\/7-default.jpg\" width=\"32\" height=\"32\">&nbsp;Classe energ\u00e9tica (2021-UE-2019\/2015)<\/dt>\n<dd class=\"value\">A+<\/dd>\n<dt class=\"name\"><img loading=\"lazy\" decoding=\"async\" src=\"https:\/\/www.factorled.com\/modules\/oa_features\/img\/101-default.jpg\" width=\"32\" height=\"32\">&nbsp;Classe energ\u00e9tica (2023 - UE-2019\/2015)<\/dt>\n<dd class=\"value\">F<\/dd>\n<dt class=\"name\"><img loading=\"lazy\" decoding=\"async\" src=\"https:\/\/www.factorled.com\/modules\/oa_features\/img\/75-default.jpg\" width=\"32\" height=\"32\">&nbsp;Anos de garantia<\/dt>\n<dd class=\"value\">5<\/dd>\n<\/dl><\/h1>","protected":false},"excerpt":{"rendered":"<div class=\"product-reference\"><strong><label class=\"label\">Refer\u00eancia:<\/label> SLDL7WSEN-CCT- 91291<\/strong>\n<div><\/div>\n<div class=\"product-description-short\">\n<div id=\"product-description-short-3420\">\n<p>Descubre el&nbsp;<strong>Foco Empotrable LED Circular IP65<\/strong>, tu aliado ideal para una iluminaci&oacute;n resistente al agua. Con&nbsp;<strong>7W<\/strong>&nbsp;de potencia y un&nbsp;<strong>detector de presencia PIR programable,<\/strong>&nbsp;este foco ofrece una soluci&oacute;n lum&iacute;nica eficiente y pr&aacute;ctica. Su tecnolog&iacute;a&nbsp;<strong>CCT<\/strong>&nbsp;te permite elegir entre tres tonos de luz: 3000K, 4000K y 6000K, adapt&aacute;ndose a tus preferencias. Adem&aacute;s, con un &aacute;ngulo de apertura de 60&ordm;, es perfecto para destacar puntos espec&iacute;ficos en cualquier ambiente.&nbsp;<strong>Acabado frontal en blanco<\/strong>&nbsp;para una integraci&oacute;n perfecta con tu estilo. &iexcl;Haz de tu espacio un lugar iluminado y seguro con este foco empotrable LED!<\/p>\n<\/div>\n<\/div><\/div>","protected":false},"featured_media":13718,"template":"","meta":{"site-sidebar-layout":"default","site-content-layout":"default","ast-global-header-display":"","ast-main-header-display":"","ast-hfb-above-header-display":"","ast-hfb-below-header-display":"","ast-hfb-mobile-header-display":"","site-post-title":"","ast-breadcrumbs-content":"","ast-featured-img":"","footer-sml-layout":"","theme-transparent-header-meta":"default","adv-header-id-meta":"","stick-header-meta":"","header-above-stick-meta":"","header-main-stick-meta":"","header-below-stick-meta":""},"product_cat":[27,70],"product_tag":[],"class_list":["post-13708","product","type-product","status-publish","has-post-thumbnail","hentry","product_cat-downlight-plafones-y-placas-led","product_cat-focos-downlight-led"],"yoast_head":"<!-- This site is optimized with the Yoast SEO plugin v27.4 - https:\/\/yoast.com\/product\/yoast-seo-wordpress\/ -->\n<title>Empotrable LED 7W - Circular - IP65 - CCT - Sensor De Movimiento PIR - Standard EN1363-1 - STARLED Iluminacion<\/title>\n<meta name=\"robots\" content=\"index, follow, max-snippet:-1, max-image-preview:large, max-video-preview:-1\" \/>\n<link rel=\"canonical\" href=\"https:\/\/starlediluminacion.com\/pt\/product\/empotrable-led-7w-circular-ip65-cct-sensor-de-movimiento-pir-standard-en1363-1\/\" \/>\n<meta property=\"og:locale\" content=\"pt_PT\" \/>\n<meta property=\"og:type\" content=\"article\" \/>\n<meta property=\"og:title\" content=\"Empotrable LED 7W - Circular - IP65 - CCT - Sensor De Movimiento PIR - Standard EN1363-1 - STARLED Iluminacion\" \/>\n<meta property=\"og:description\" content=\"Referencia: SLDL7WSEN-CCT- 91291      Descubre el\u00a0Foco Empotrable LED Circular IP65, tu aliado ideal para una iluminaci\u00f3n resistente al agua. Con\u00a07W\u00a0de potencia y un\u00a0detector de presencia PIR programable,\u00a0este foco ofrece una soluci\u00f3n lum\u00ednica eficiente y pr\u00e1ctica. Su tecnolog\u00eda\u00a0CCT\u00a0te permite elegir entre tres tonos de luz: 3000K, 4000K y 6000K, adapt\u00e1ndose a tus preferencias. Adem\u00e1s, con un \u00e1ngulo de apertura de 60\u00ba, es perfecto para destacar puntos espec\u00edficos en cualquier ambiente.\u00a0Acabado frontal en blanco\u00a0para una integraci\u00f3n perfecta con tu estilo. \u00a1Haz de tu espacio un lugar iluminado y seguro con este foco empotrable LED!\" \/>\n<meta property=\"og:url\" content=\"https:\/\/starlediluminacion.com\/pt\/product\/empotrable-led-7w-circular-ip65-cct-sensor-de-movimiento-pir-standard-en1363-1\/\" \/>\n<meta property=\"og:site_name\" content=\"STARLED Iluminacion\" \/>\n<meta property=\"article:modified_time\" content=\"2024-10-27T10:26:29+00:00\" \/>\n<meta property=\"og:image\" content=\"https:\/\/starlediluminacion.com\/wp-content\/uploads\/2024\/08\/empotrable-led-7w-circular-ip65-cct-sensor-de-movimiento-pir-standard-en-1363-1.jpg\" \/>\n\t<meta property=\"og:image:width\" content=\"744\" \/>\n\t<meta property=\"og:image:height\" content=\"800\" \/>\n\t<meta property=\"og:image:type\" content=\"image\/jpeg\" \/>\n<meta name=\"twitter:card\" content=\"summary_large_image\" \/>\n<meta name=\"twitter:label1\" content=\"Tempo estimado de leitura\" \/>\n\t<meta name=\"twitter:data1\" content=\"2 minutos\" \/>\n<script type=\"application\/ld+json\" class=\"yoast-schema-graph\">{\"@context\":\"https:\\\/\\\/schema.org\",\"@graph\":[{\"@type\":\"WebPage\",\"@id\":\"https:\\\/\\\/starlediluminacion.com\\\/producto\\\/empotrable-led-7w-circular-ip65-cct-sensor-de-movimiento-pir-standard-en1363-1\\\/\",\"url\":\"https:\\\/\\\/starlediluminacion.com\\\/producto\\\/empotrable-led-7w-circular-ip65-cct-sensor-de-movimiento-pir-standard-en1363-1\\\/\",\"name\":\"Empotrable LED 7W - Circular - IP65 - CCT - Sensor De Movimiento PIR - Standard EN1363-1 - STARLED Iluminacion\",\"isPartOf\":{\"@id\":\"https:\\\/\\\/starlediluminacion.com\\\/#website\"},\"primaryImageOfPage\":{\"@id\":\"https:\\\/\\\/starlediluminacion.com\\\/producto\\\/empotrable-led-7w-circular-ip65-cct-sensor-de-movimiento-pir-standard-en1363-1\\\/#primaryimage\"},\"image\":{\"@id\":\"https:\\\/\\\/starlediluminacion.com\\\/producto\\\/empotrable-led-7w-circular-ip65-cct-sensor-de-movimiento-pir-standard-en1363-1\\\/#primaryimage\"},\"thumbnailUrl\":\"https:\\\/\\\/starlediluminacion.com\\\/wp-content\\\/uploads\\\/2024\\\/08\\\/empotrable-led-7w-circular-ip65-cct-sensor-de-movimiento-pir-standard-en-1363-1.jpg\",\"datePublished\":\"2024-08-04T10:20:52+00:00\",\"dateModified\":\"2024-10-27T10:26:29+00:00\",\"breadcrumb\":{\"@id\":\"https:\\\/\\\/starlediluminacion.com\\\/producto\\\/empotrable-led-7w-circular-ip65-cct-sensor-de-movimiento-pir-standard-en1363-1\\\/#breadcrumb\"},\"inLanguage\":\"pt-PT\",\"potentialAction\":[{\"@type\":\"ReadAction\",\"target\":[\"https:\\\/\\\/starlediluminacion.com\\\/producto\\\/empotrable-led-7w-circular-ip65-cct-sensor-de-movimiento-pir-standard-en1363-1\\\/\"]}]},{\"@type\":\"ImageObject\",\"inLanguage\":\"pt-PT\",\"@id\":\"https:\\\/\\\/starlediluminacion.com\\\/producto\\\/empotrable-led-7w-circular-ip65-cct-sensor-de-movimiento-pir-standard-en1363-1\\\/#primaryimage\",\"url\":\"https:\\\/\\\/starlediluminacion.com\\\/wp-content\\\/uploads\\\/2024\\\/08\\\/empotrable-led-7w-circular-ip65-cct-sensor-de-movimiento-pir-standard-en-1363-1.jpg\",\"contentUrl\":\"https:\\\/\\\/starlediluminacion.com\\\/wp-content\\\/uploads\\\/2024\\\/08\\\/empotrable-led-7w-circular-ip65-cct-sensor-de-movimiento-pir-standard-en-1363-1.jpg\",\"width\":744,\"height\":800},{\"@type\":\"BreadcrumbList\",\"@id\":\"https:\\\/\\\/starlediluminacion.com\\\/producto\\\/empotrable-led-7w-circular-ip65-cct-sensor-de-movimiento-pir-standard-en1363-1\\\/#breadcrumb\",\"itemListElement\":[{\"@type\":\"ListItem\",\"position\":1,\"name\":\"Portada\",\"item\":\"https:\\\/\\\/starlediluminacion.com\\\/\"},{\"@type\":\"ListItem\",\"position\":2,\"name\":\"Shop\",\"item\":\"https:\\\/\\\/starlediluminacion.com\\\/shop-2\\\/\"},{\"@type\":\"ListItem\",\"position\":3,\"name\":\"Empotrable LED 7W &#8211; Circular &#8211; IP65 &#8211; CCT &#8211; Sensor De Movimiento PIR &#8211; Standard EN1363-1\"}]},{\"@type\":\"WebSite\",\"@id\":\"https:\\\/\\\/starlediluminacion.com\\\/#website\",\"url\":\"https:\\\/\\\/starlediluminacion.com\\\/\",\"name\":\"STARLED Iluminacion\",\"description\":\"\",\"potentialAction\":[{\"@type\":\"SearchAction\",\"target\":{\"@type\":\"EntryPoint\",\"urlTemplate\":\"https:\\\/\\\/starlediluminacion.com\\\/?s={search_term_string}\"},\"query-input\":{\"@type\":\"PropertyValueSpecification\",\"valueRequired\":true,\"valueName\":\"search_term_string\"}}],\"inLanguage\":\"pt-PT\"}]}<\/script>\n<!-- \/ Yoast SEO plugin. -->","yoast_head_json":{"title":"Empotrable LED 7W - Circular - IP65 - CCT - Sensor De Movimiento PIR - Standard EN1363-1 - STARLED Iluminacion","robots":{"index":"index","follow":"follow","max-snippet":"max-snippet:-1","max-image-preview":"max-image-preview:large","max-video-preview":"max-video-preview:-1"},"canonical":"https:\/\/starlediluminacion.com\/pt\/product\/empotrable-led-7w-circular-ip65-cct-sensor-de-movimiento-pir-standard-en1363-1\/","og_locale":"pt_PT","og_type":"article","og_title":"Empotrable LED 7W - Circular - IP65 - CCT - Sensor De Movimiento PIR - Standard EN1363-1 - STARLED Iluminacion","og_description":"Referencia: SLDL7WSEN-CCT- 91291      Descubre el\u00a0Foco Empotrable LED Circular IP65, tu aliado ideal para una iluminaci\u00f3n resistente al agua. Con\u00a07W\u00a0de potencia y un\u00a0detector de presencia PIR programable,\u00a0este foco ofrece una soluci\u00f3n lum\u00ednica eficiente y pr\u00e1ctica. Su tecnolog\u00eda\u00a0CCT\u00a0te permite elegir entre tres tonos de luz: 3000K, 4000K y 6000K, adapt\u00e1ndose a tus preferencias. Adem\u00e1s, con un \u00e1ngulo de apertura de 60\u00ba, es perfecto para destacar puntos espec\u00edficos en cualquier ambiente.\u00a0Acabado frontal en blanco\u00a0para una integraci\u00f3n perfecta con tu estilo. \u00a1Haz de tu espacio un lugar iluminado y seguro con este foco empotrable LED!","og_url":"https:\/\/starlediluminacion.com\/pt\/product\/empotrable-led-7w-circular-ip65-cct-sensor-de-movimiento-pir-standard-en1363-1\/","og_site_name":"STARLED Iluminacion","article_modified_time":"2024-10-27T10:26:29+00:00","og_image":[{"width":744,"height":800,"url":"https:\/\/starlediluminacion.com\/wp-content\/uploads\/2024\/08\/empotrable-led-7w-circular-ip65-cct-sensor-de-movimiento-pir-standard-en-1363-1.jpg","type":"image\/jpeg"}],"twitter_card":"summary_large_image","twitter_misc":{"Tempo estimado de leitura":"2 minutos"},"schema":{"@context":"https:\/\/schema.org","@graph":[{"@type":"WebPage","@id":"https:\/\/starlediluminacion.com\/producto\/empotrable-led-7w-circular-ip65-cct-sensor-de-movimiento-pir-standard-en1363-1\/","url":"https:\/\/starlediluminacion.com\/producto\/empotrable-led-7w-circular-ip65-cct-sensor-de-movimiento-pir-standard-en1363-1\/","name":"Empotrable LED 7W - Circular - IP65 - CCT - Sensor De Movimiento PIR - Standard EN1363-1 - STARLED Iluminacion","isPartOf":{"@id":"https:\/\/starlediluminacion.com\/#website"},"primaryImageOfPage":{"@id":"https:\/\/starlediluminacion.com\/producto\/empotrable-led-7w-circular-ip65-cct-sensor-de-movimiento-pir-standard-en1363-1\/#primaryimage"},"image":{"@id":"https:\/\/starlediluminacion.com\/producto\/empotrable-led-7w-circular-ip65-cct-sensor-de-movimiento-pir-standard-en1363-1\/#primaryimage"},"thumbnailUrl":"https:\/\/starlediluminacion.com\/wp-content\/uploads\/2024\/08\/empotrable-led-7w-circular-ip65-cct-sensor-de-movimiento-pir-standard-en-1363-1.jpg","datePublished":"2024-08-04T10:20:52+00:00","dateModified":"2024-10-27T10:26:29+00:00","breadcrumb":{"@id":"https:\/\/starlediluminacion.com\/producto\/empotrable-led-7w-circular-ip65-cct-sensor-de-movimiento-pir-standard-en1363-1\/#breadcrumb"},"inLanguage":"pt-PT","potentialAction":[{"@type":"ReadAction","target":["https:\/\/starlediluminacion.com\/producto\/empotrable-led-7w-circular-ip65-cct-sensor-de-movimiento-pir-standard-en1363-1\/"]}]},{"@type":"ImageObject","inLanguage":"pt-PT","@id":"https:\/\/starlediluminacion.com\/producto\/empotrable-led-7w-circular-ip65-cct-sensor-de-movimiento-pir-standard-en1363-1\/#primaryimage","url":"https:\/\/starlediluminacion.com\/wp-content\/uploads\/2024\/08\/empotrable-led-7w-circular-ip65-cct-sensor-de-movimiento-pir-standard-en-1363-1.jpg","contentUrl":"https:\/\/starlediluminacion.com\/wp-content\/uploads\/2024\/08\/empotrable-led-7w-circular-ip65-cct-sensor-de-movimiento-pir-standard-en-1363-1.jpg","width":744,"height":800},{"@type":"BreadcrumbList","@id":"https:\/\/starlediluminacion.com\/producto\/empotrable-led-7w-circular-ip65-cct-sensor-de-movimiento-pir-standard-en1363-1\/#breadcrumb","itemListElement":[{"@type":"ListItem","position":1,"name":"Portada","item":"https:\/\/starlediluminacion.com\/"},{"@type":"ListItem","position":2,"name":"Shop","item":"https:\/\/starlediluminacion.com\/shop-2\/"},{"@type":"ListItem","position":3,"name":"Empotrable LED 7W &#8211; Circular &#8211; IP65 &#8211; CCT &#8211; Sensor De Movimiento PIR &#8211; Standard EN1363-1"}]},{"@type":"WebSite","@id":"https:\/\/starlediluminacion.com\/#website","url":"https:\/\/starlediluminacion.com\/","name":"STARLED Iluminacion","description":"","potentialAction":[{"@type":"SearchAction","target":{"@type":"EntryPoint","urlTemplate":"https:\/\/starlediluminacion.com\/?s={search_term_string}"},"query-input":{"@type":"PropertyValueSpecification","valueRequired":true,"valueName":"search_term_string"}}],"inLanguage":"pt-PT"}]}},"_links":{"self":[{"href":"https:\/\/starlediluminacion.com\/pt\/wp-json\/wp\/v3\/product\/13708","targetHints":{"allow":["GET"]}}],"collection":[{"href":"https:\/\/starlediluminacion.com\/pt\/wp-json\/wp\/v3\/product"}],"about":[{"href":"https:\/\/starlediluminacion.com\/pt\/wp-json\/wp\/v2\/types\/product"}],"wp:featuredmedia":[{"embeddable":true,"href":"https:\/\/starlediluminacion.com\/pt\/wp-json\/wp\/v2\/media\/13718"}],"wp:attachment":[{"href":"https:\/\/starlediluminacion.com\/pt\/wp-json\/wp\/v2\/media?parent=13708"}],"wp:term":[{"taxonomy":"product_cat","embeddable":true,"href":"https:\/\/starlediluminacion.com\/pt\/wp-json\/wp\/v2\/product_cat?post=13708"},{"taxonomy":"product_tag","embeddable":true,"href":"https:\/\/starlediluminacion.com\/pt\/wp-json\/wp\/v2\/product_tag?post=13708"}],"curies":[{"name":"wp","href":"https:\/\/api.w.org\/{rel}","templated":true}]}}