{"id":13644,"date":"2024-08-04T09:41:16","date_gmt":"2024-08-04T09:41:16","guid":{"rendered":"https:\/\/starlediluminacion.com\/?post_type=product&#038;p=13644"},"modified":"2025-10-18T08:09:21","modified_gmt":"2025-10-18T08:09:21","slug":"campana-led-150w-170lm-w-ufo-new-italy-philips-xitanium-1-10v-dim","status":"publish","type":"product","link":"https:\/\/starlediluminacion.com\/pt\/product\/campana-led-150w-170lm-w-ufo-new-italy-philips-xitanium-1-10v-dim\/","title":{"rendered":"<p>camp\u00e2nula led 150w -170lm\/w- ufo new italy xitanium - 1-10v dim<\/p>"},"content":{"rendered":"<h1><strong>camp\u00e2nula industrial led 150w ufo it\u00e1lia xitanium regul\u00e1vel<\/strong><p>bem-vindo ao futuro da ilumina\u00e7\u00e3o com o extraordin\u00e1rio&nbsp;<strong>camp\u00e2nula de led 150w 170lm\/w ufo new italy xitanium - 1-10v regul\u00e1vel!<\/strong>&nbsp;deixe-me lev\u00e1-lo numa viagem emocionante para descobrir todas as maravilhas que este produto de \u00faltima gera\u00e7\u00e3o tem para oferecer.<\/p><p>imagine um espa\u00e7o banhado por uma luz poderosa e brilhante, onde todos os cantos s\u00e3o iluminados com um brilho excecional. com o cap\u00f4&nbsp;<strong>led 150w ufo new italy xitanium<\/strong>Equipado com a tecnologia smd3030, cada watt \u00e9 transformado em 170 l\u00famenes deslumbrantes, proporcionando uma ilumina\u00e7\u00e3o intensa e eficiente que ultrapassa de longe as solu\u00e7\u00f5es tradicionais.<\/p><p>preocupado com o consumo de energia? j\u00e1 n\u00e3o! com uma impressionante produ\u00e7\u00e3o de 170 l\u00famenes por watt, este exaustor de leds \u00e9 l\u00edder em efici\u00eancia energ\u00e9tica, permitindo-lhe poupar nas suas contas de eletricidade sem sacrificar a qualidade da luz. n\u00e3o s\u00f3 estar\u00e1 a reduzir a sua pegada de carbono, como tamb\u00e9m estar\u00e1 a cuidar da sua carteira.<\/p><p><strong>la campana led 150w 170lm\/w ufo nova it\u00e1lia xitanium<\/strong>&nbsp;foi concebido para resistir aos desafios do ambiente. com a sua classifica\u00e7\u00e3o de prote\u00e7\u00e3o ip65, este capuz \u00e9 totalmente resistente ao p\u00f3 e \u00e0 \u00e1gua, garantindo um desempenho impec\u00e1vel mesmo em condi\u00e7\u00f5es meteorol\u00f3gicas adversas. por isso, pode ter a certeza de que brilhar\u00e1 intensamente no interior ou no exterior, independentemente das condi\u00e7\u00f5es meteorol\u00f3gicas!<\/p><p>para al\u00e9m da sua&nbsp;<strong>prote\u00e7\u00e3o contra o p\u00f3 e a \u00e1gua<\/strong>Este exaustor LED tem uma elevada resist\u00eancia ao choque.&nbsp;<strong>ik09.<\/strong>&nbsp;Assim, em ambientes industriais, armaz\u00e9ns ou em qualquer lugar onde a prote\u00e7\u00e3o seja vital, este exaustor \u00e9 a escolha perfeita.<\/p><p>para garantir uma ilumina\u00e7\u00e3o est\u00e1vel e sem cintila\u00e7\u00e3o, o&nbsp;<strong>driver xitanium no flick<\/strong>&nbsp;n\u00e3o s\u00f3 protege os seus olhos de cintila\u00e7\u00f5es inc\u00f3modas, como tamb\u00e9m prolonga a vida \u00fatil da lumin\u00e1ria, garantindo anos de desempenho fi\u00e1vel e sem preocupa\u00e7\u00f5es.<\/p><p>sabemos que a qualidade \u00e9 fundamental para si, e \u00e9 por isso que apoiamos este exaustor de leds com uma&nbsp;<strong>6 anos de garantia.<\/strong>&nbsp;Estamos confiantes na durabilidade e no desempenho excecional deste produto e queremos que tenha total tranquilidade ao escolh\u00ea-lo como a sua solu\u00e7\u00e3o de ilumina\u00e7\u00e3o.<\/p><p>o exaustor LED 150w ufo new italy xitanium - 1-10v regul\u00e1vel \u00e9 mais do que uma simples lumin\u00e1ria, \u00e9 uma pe\u00e7a de inova\u00e7\u00e3o que elevar\u00e1 a ilumina\u00e7\u00e3o do seu espa\u00e7o a novos patamares. com a sua efici\u00eancia l\u00edder na sua classe, prote\u00e7\u00e3o contra os elementos, resist\u00eancia ao choque e design sem cintila\u00e7\u00e3o, este exaustor LED foi concebido para exceder as suas expectativas e proporcionar-lhe uma experi\u00eancia de ilumina\u00e7\u00e3o excecional. prepare-se para uma nova era de ilumina\u00e7\u00e3o brilhante e eficiente com tecnologia de ponta!<\/p><h2><\/h2><p>a hotte led 150w 170lm\/w ufo new italy xitanium - 1-10v dimmable pode ser utilizada numa grande variedade de ambientes e aplica\u00e7\u00f5es devido ao seu potente desempenho, durabilidade e efici\u00eancia. alguns dos locais onde este produto pode ser utilizado incluem:<\/p><ul>\n<li>Armaz\u00e9ns e centros de distribui\u00e7\u00e3o: a ilumina\u00e7\u00e3o LED de alta pot\u00eancia \u00e9 ideal para iluminar grandes \u00e1reas de armazenamento e facilitar a identifica\u00e7\u00e3o e a sele\u00e7\u00e3o de produtos.<\/li>\n<\/ul><ul>\n<li>-Instala\u00e7\u00f5es industriais e f\u00e1bricas: a resist\u00eancia ao p\u00f3, \u00e0 \u00e1gua e aos choques torna este exaustor LED perfeito para ambientes industriais onde as condi\u00e7\u00f5es podem ser adversas.<\/li>\n<\/ul><ul>\n<li>-gin\u00e1sios e centros desportivos: a elevada intensidade luminosa proporciona uma ilumina\u00e7\u00e3o adequada \u00e0s actividades desportivas e \u00e0s zonas de treino.<\/li>\n<\/ul><ul>\n<li>-Grandes superf\u00edcies comerciais: podem ser utilizadas em lojas de retalho, supermercados ou centros comerciais para criar uma ilumina\u00e7\u00e3o brilhante e atractiva para os clientes.<\/li>\n<li>Parques de estacionamento e \u00e1reas exteriores: a sua prote\u00e7\u00e3o ip65 torna-a adequada para a ilumina\u00e7\u00e3o de espa\u00e7os exteriores como parques de estacionamento, p\u00e1tios e \u00e1reas de carga e descarga.<\/li>\n<\/ul><ul>\n<li>-Locais de produ\u00e7\u00e3o e montagem: a qualidade da luz e a prote\u00e7\u00e3o contra a cintila\u00e7\u00e3o garantem uma ilumina\u00e7\u00e3o confort\u00e1vel e segura para os trabalhadores.<\/li>\n<\/ul><ul>\n<li>instala\u00e7\u00f5es desportivas ao ar livre: podem ser utilizadas em campos de t\u00e9nis, campos de futebol, etc., para proporcionar uma ilumina\u00e7\u00e3o eficiente durante os eventos desportivos noturnos.<\/li>\n<\/ul><ul>\n<li>Salas de exposi\u00e7\u00e3o e museus: o seu design elegante e a qualidade da luz tornam-no ideal para valorizar produtos e exposi\u00e7\u00f5es em salas de exposi\u00e7\u00e3o e espa\u00e7os museol\u00f3gicos.<\/li>\n<\/ul><p>estes s\u00e3o apenas alguns exemplos de utiliza\u00e7\u00e3o da can\u00f3pia de 150w 170lm\/w ufo new italy xitanium - 1-10v dimmable led canopy, mas a sua versatilidade e elevado desempenho permitem a sua aplica\u00e7\u00e3o em muitos outros ambientes onde \u00e9 necess\u00e1ria uma ilumina\u00e7\u00e3o potente, eficiente e de elevada qualidade.<\/p><h3 class=\"h6\">ficha t\u00e9cnica do produto<\/h3><dl class=\"data-sheet\">\n<dt class=\"name\"><img loading=\"lazy\" decoding=\"async\" src=\"https:\/\/www.factorled.com\/modules\/oa_features\/img\/2-default.jpg\" width=\"32\" height=\"32\">&nbsp;refer\u00eancia<\/dt>\n<dd class=\"value\">hbphl150w<\/dd>\n<dt class=\"name\"><img loading=\"lazy\" decoding=\"async\" src=\"https:\/\/www.factorled.com\/modules\/oa_features\/img\/3-default.jpg\" width=\"32\" height=\"32\">&nbsp;pot\u00eancia nominal<\/dt>\n<dd class=\"value\">150w<\/dd>\n<dt class=\"name\"><img loading=\"lazy\" decoding=\"async\" src=\"https:\/\/www.factorled.com\/modules\/oa_features\/img\/4-default.jpg\" width=\"32\" height=\"32\">&nbsp;tens\u00e3o nominal<\/dt>\n<dd class=\"value\">220v-240v<\/dd>\n<dt class=\"name\"><img loading=\"lazy\" decoding=\"async\" src=\"https:\/\/www.factorled.com\/modules\/oa_features\/img\/5-default.jpg\" width=\"32\" height=\"32\">&nbsp;temperatura da luz<\/dt>\n<dd class=\"value\">4000k-5700k<\/dd>\n<dt class=\"name\"><img loading=\"lazy\" decoding=\"async\" src=\"https:\/\/www.factorled.com\/modules\/oa_features\/img\/6-default.jpg\" width=\"32\" height=\"32\">&nbsp;cri - \u00edndice de restitui\u00e7\u00e3o de cor<\/dt>\n<dd class=\"value\">70<\/dd>\n<dt class=\"name\"><img loading=\"lazy\" decoding=\"async\" src=\"https:\/\/www.factorled.com\/modules\/oa_features\/img\/25-default.jpg\" width=\"32\" height=\"32\">&nbsp;material de constru\u00e7\u00e3o<\/dt>\n<dd class=\"value\">alum\u00ednio +pmma<\/dd>\n<dt class=\"name\"><img loading=\"lazy\" decoding=\"async\" src=\"https:\/\/www.factorled.com\/modules\/oa_features\/img\/8-default.jpg\" width=\"32\" height=\"32\">&nbsp;luminosidade-lm<\/dt>\n<dd class=\"value\">34000lm<\/dd>\n<dt class=\"name\"><img loading=\"lazy\" decoding=\"async\" src=\"https:\/\/www.factorled.com\/modules\/oa_features\/img\/9-default.jpg\" width=\"32\" height=\"32\">&nbsp;tipo de leds<\/dt>\n<dd class=\"value\">smd 3030<\/dd>\n<dt class=\"name\"><img loading=\"lazy\" decoding=\"async\" src=\"https:\/\/www.factorled.com\/modules\/oa_features\/img\/10-default.jpg\" width=\"32\" height=\"32\">&nbsp;\u00e2ngulo de abertura (\u00ba)<\/dt>\n<dd class=\"value\">90\u00b0<\/dd>\n<dt class=\"name\"><img loading=\"lazy\" decoding=\"async\" src=\"https:\/\/www.factorled.com\/modules\/oa_features\/img\/12-default.jpg\" width=\"32\" height=\"32\">&nbsp;efic\u00e1cia do d\u00edodo LED (lm\/w)<\/dt>\n<dd class=\"value\">200lm\/w<\/dd>\n<dt class=\"name\"><img loading=\"lazy\" decoding=\"async\" src=\"https:\/\/www.factorled.com\/modules\/oa_features\/img\/13-default.jpg\" width=\"32\" height=\"32\">&nbsp;efic\u00e1cia luminosa (lm\/w)<\/dt>\n<dd class=\"value\">170lm\/w<\/dd>\n<dt class=\"name\"><img loading=\"lazy\" decoding=\"async\" src=\"https:\/\/www.factorled.com\/modules\/oa_features\/img\/11-default.jpg\" width=\"32\" height=\"32\">&nbsp;regul\u00e1vel<\/dt>\n<dd class=\"value\">1-10v<\/dd>\n<dt class=\"name\"><img loading=\"lazy\" decoding=\"async\" src=\"https:\/\/www.factorled.com\/modules\/oa_features\/img\/15-default.jpg\" width=\"32\" height=\"32\">&nbsp;certificados<\/dt>\n<dd class=\"value\">ce - rohs<\/dd>\n<dt class=\"name\"><img loading=\"lazy\" decoding=\"async\" src=\"https:\/\/www.factorled.com\/modules\/oa_features\/img\/16-default.jpg\" width=\"32\" height=\"32\">&nbsp;grau de ip<\/dt>\n<dd class=\"value\">ip65-externo<\/dd>\n<dt class=\"name\"><img loading=\"lazy\" decoding=\"async\" src=\"https:\/\/www.factorled.com\/modules\/oa_features\/img\/17-default.jpg\" width=\"32\" height=\"32\">&nbsp;vida \u00fatil estimada do d\u00edodo de led (h)<\/dt>\n<dd class=\"value\">50.000<\/dd>\n<dt class=\"name\"><img loading=\"lazy\" decoding=\"async\" src=\"https:\/\/www.factorled.com\/modules\/oa_features\/img\/18-default.jpg\" width=\"32\" height=\"32\">&nbsp;dimens\u00f5es (mm)<\/dt>\n<dd class=\"value\">\u00f8360xh145mm<\/dd>\n<dt class=\"name\"><img loading=\"lazy\" decoding=\"async\" src=\"https:\/\/www.factorled.com\/modules\/oa_features\/img\/20-default.jpg\" width=\"32\" height=\"32\">&nbsp;fator de pot\u00eancia (pf)<\/dt>\n<dd class=\"value\">0.99<\/dd>\n<dt class=\"name\"><img loading=\"lazy\" decoding=\"async\" src=\"https:\/\/www.factorled.com\/modules\/oa_features\/img\/21-default.jpg\" width=\"32\" height=\"32\">&nbsp;frequ\u00eancia de trabalho (hz)<\/dt>\n<dd class=\"value\">50\/60hz<\/dd>\n<dt class=\"name\"><img loading=\"lazy\" decoding=\"async\" src=\"https:\/\/www.factorled.com\/modules\/oa_features\/img\/22-default.jpg\" width=\"32\" height=\"32\">&nbsp;intervalo de temperatura (\u00bac)<\/dt>\n<dd class=\"value\">+45\u00bac ~ -30\u00bac<\/dd>\n<dt class=\"name\"><img loading=\"lazy\" decoding=\"async\" src=\"https:\/\/www.factorled.com\/modules\/oa_features\/img\/23-default.jpg\" width=\"32\" height=\"32\">&nbsp;ciclos de igni\u00e7\u00e3o<\/dt>\n<dd class=\"value\">100.000<\/dd>\n<dt class=\"name\"><img loading=\"lazy\" decoding=\"async\" src=\"https:\/\/www.factorled.com\/modules\/oa_features\/img\/24-default.jpg\" width=\"32\" height=\"32\">&nbsp;tempo de arranque (s)<\/dt>\n<dd class=\"value\">0,2s<\/dd>\n<dt class=\"name\"><img loading=\"lazy\" decoding=\"async\" src=\"https:\/\/www.factorled.com\/modules\/oa_features\/img\/73-default.jpg\" width=\"32\" height=\"32\">&nbsp;prote\u00e7\u00e3o contra impactos (ik)<\/dt>\n<dd class=\"value\">ik09<\/dd>\n<dt class=\"name\"><img loading=\"lazy\" decoding=\"async\" src=\"https:\/\/www.factorled.com\/modules\/oa_features\/img\/74-default.jpg\" width=\"32\" height=\"32\">&nbsp;condutor inclu\u00eddo<\/dt>\n<dd class=\"value\">driver no flicker - sem cintila\u00e7\u00e3o<\/dd>\n<dt class=\"name\"><img loading=\"lazy\" decoding=\"async\" src=\"https:\/\/www.factorled.com\/modules\/oa_features\/img\/7-default.jpg\" width=\"32\" height=\"32\">&nbsp;classe energ\u00e9tica (2021-EU-2019\/2015)<\/dt>\n<dd class=\"value\">a++<\/dd>\n<dt class=\"name\"><img loading=\"lazy\" decoding=\"async\" src=\"https:\/\/www.factorled.com\/modules\/oa_features\/img\/101-default.jpg\" width=\"32\" height=\"32\">&nbsp;classe energ\u00e9tica (2023 - ue-2019\/2015)<\/dt>\n<dd class=\"value\">c<\/dd>\n<dt class=\"name\"><img loading=\"lazy\" decoding=\"async\" src=\"https:\/\/www.factorled.com\/modules\/oa_features\/img\/75-default.jpg\" width=\"32\" height=\"32\">&nbsp;anos de garantia<\/dt>\n<dd class=\"value\">6<\/dd>\n<\/dl><\/h1>","protected":false},"excerpt":{"rendered":"<div class=\"product-reference\"><strong><label class=\"label\">Refer\u00eancia:<\/label> SLNEW-HBPHL150W-CW-91783<\/strong><div><\/div><div class=\"product-description-short\">\n<div id=\"product-description-short-3063\">\n<p>Transforme o seu espa\u00e7o num ambiente luminoso e eficiente com a nossa&nbsp;<strong>L\u00e2mpada LED 150W 170LM\/W UFO NOVA IT\u00c1LIA PHILIPS XITANIUM - 1-10V Regul\u00e1vel L\u00e2mpada LED 150W 170LM\/W UFO NOVA IT\u00c1LIA PHILIPS XITANIUM - 1-10V Regul\u00e1vel!<\/strong><\/p>\n<p>Este exaustor revolucion\u00e1rio combina tecnologia de ponta com a qualidade premium da Philips, garantindo um desempenho excecional e uma durabilidade inigual\u00e1vel. A potente ilumina\u00e7\u00e3o LED de 150 W garante uma intensidade luminosa excecional de 170 l\u00famenes por watt.<\/p>\n<p>O seu&nbsp;<strong>Desenho de OVNI<\/strong>&nbsp;moderno e elegante, adapta-se perfeitamente a qualquer ambiente.  Al\u00e9m disso, o sistema de regula\u00e7\u00e3o de 1-10V permite-lhe poupar eletricidade e ajustar a intensidade da luz de acordo com as suas necessidades.&nbsp;<strong>6 anos de garantia.&nbsp;<\/strong><\/p>\n<p><strong>Temperatura de cor: 4000K\/5700K<\/strong><\/p>\n<\/div>\n<\/div><\/div>","protected":false},"featured_media":0,"template":"","meta":{"site-sidebar-layout":"default","site-content-layout":"default","ast-global-header-display":"","ast-main-header-display":"","ast-hfb-above-header-display":"","ast-hfb-below-header-display":"","ast-hfb-mobile-header-display":"","site-post-title":"","ast-breadcrumbs-content":"","ast-featured-img":"","footer-sml-layout":"","theme-transparent-header-meta":"default","adv-header-id-meta":"","stick-header-meta":"","header-above-stick-meta":"","header-main-stick-meta":"","header-below-stick-meta":""},"product_cat":[100,29],"product_tag":[],"class_list":["post-13644","product","type-product","status-publish","hentry","product_cat-campanas-industriales-pro-led-ufo","product_cat-iluminacion-industrial-led"],"yoast_head":"<!-- This site is optimized with the Yoast SEO plugin v27.4 - https:\/\/yoast.com\/product\/yoast-seo-wordpress\/ -->\n<title>campana led 150w -170lm\/w- ufo new italy xitanium - 1-10v dim - STARLED Iluminacion<\/title>\n<meta name=\"robots\" content=\"index, follow, max-snippet:-1, max-image-preview:large, max-video-preview:-1\" \/>\n<link rel=\"canonical\" href=\"https:\/\/starlediluminacion.com\/pt\/product\/campana-led-150w-170lm-w-ufo-new-italy-philips-xitanium-1-10v-dim\/\" \/>\n<meta property=\"og:locale\" content=\"pt_PT\" \/>\n<meta property=\"og:type\" content=\"article\" \/>\n<meta property=\"og:title\" content=\"campana led 150w -170lm\/w- ufo new italy xitanium - 1-10v dim - STARLED Iluminacion\" \/>\n<meta property=\"og:description\" content=\"Referencia: SLNEW-HBPHL150W-CW-91783     \u00a1Convierte tu espacio en un ambiente brillante y eficiente con nuestra\u00a0Campana LED 150W\u00a0170LM\/W UFO NEW ITALY PHILIPS XITANIUM - 1-10V Dimmable!  Esta campana revolucionaria combina tecnolog\u00eda de vanguardia con la calidad premium de Philips, asegurando un rendimiento excepcional y una durabilidad sin igual. La potente iluminaci\u00f3n LED de 150W\u00a0garantiza una intensidad luminosa excepcional de 170 l\u00famenes por vatio.  Su\u00a0dise\u00f1o UFO\u00a0moderno y elegante se adapta perfectamente a cualquier entorno.\u00a0 Adem\u00e1s, el sistema de atenuaci\u00f3n 1-10V te permite ahorrar electricidad y\u00a0 ajustar la intensidad de la luz seg\u00fan tus necesidades.\u00a06 a\u00f1os de Garant\u00eda.\u00a0  Temperatura de Color: 4000K\/5700K\" \/>\n<meta property=\"og:url\" content=\"https:\/\/starlediluminacion.com\/pt\/product\/campana-led-150w-170lm-w-ufo-new-italy-philips-xitanium-1-10v-dim\/\" \/>\n<meta property=\"og:site_name\" content=\"STARLED Iluminacion\" \/>\n<meta property=\"article:modified_time\" content=\"2025-10-18T08:09:21+00:00\" \/>\n<meta property=\"og:image\" content=\"https:\/\/www.factorled.com\/modules\/oa_features\/img\/2-default.jpg\" \/>\n<meta name=\"twitter:card\" content=\"summary_large_image\" \/>\n<meta name=\"twitter:label1\" content=\"Tempo estimado de leitura\" \/>\n\t<meta name=\"twitter:data1\" content=\"5 minutos\" \/>\n<script type=\"application\/ld+json\" class=\"yoast-schema-graph\">{\"@context\":\"https:\\\/\\\/schema.org\",\"@graph\":[{\"@type\":\"WebPage\",\"@id\":\"https:\\\/\\\/starlediluminacion.com\\\/producto\\\/campana-led-150w-170lm-w-ufo-new-italy-philips-xitanium-1-10v-dim\\\/\",\"url\":\"https:\\\/\\\/starlediluminacion.com\\\/producto\\\/campana-led-150w-170lm-w-ufo-new-italy-philips-xitanium-1-10v-dim\\\/\",\"name\":\"campana led 150w -170lm\\\/w- ufo new italy xitanium - 1-10v dim - STARLED Iluminacion\",\"isPartOf\":{\"@id\":\"https:\\\/\\\/starlediluminacion.com\\\/#website\"},\"primaryImageOfPage\":{\"@id\":\"https:\\\/\\\/starlediluminacion.com\\\/producto\\\/campana-led-150w-170lm-w-ufo-new-italy-philips-xitanium-1-10v-dim\\\/#primaryimage\"},\"image\":{\"@id\":\"https:\\\/\\\/starlediluminacion.com\\\/producto\\\/campana-led-150w-170lm-w-ufo-new-italy-philips-xitanium-1-10v-dim\\\/#primaryimage\"},\"thumbnailUrl\":\"https:\\\/\\\/www.factorled.com\\\/modules\\\/oa_features\\\/img\\\/2-default.jpg\",\"datePublished\":\"2024-08-04T09:41:16+00:00\",\"dateModified\":\"2025-10-18T08:09:21+00:00\",\"breadcrumb\":{\"@id\":\"https:\\\/\\\/starlediluminacion.com\\\/producto\\\/campana-led-150w-170lm-w-ufo-new-italy-philips-xitanium-1-10v-dim\\\/#breadcrumb\"},\"inLanguage\":\"pt-PT\",\"potentialAction\":[{\"@type\":\"ReadAction\",\"target\":[\"https:\\\/\\\/starlediluminacion.com\\\/producto\\\/campana-led-150w-170lm-w-ufo-new-italy-philips-xitanium-1-10v-dim\\\/\"]}]},{\"@type\":\"ImageObject\",\"inLanguage\":\"pt-PT\",\"@id\":\"https:\\\/\\\/starlediluminacion.com\\\/producto\\\/campana-led-150w-170lm-w-ufo-new-italy-philips-xitanium-1-10v-dim\\\/#primaryimage\",\"url\":\"https:\\\/\\\/www.factorled.com\\\/modules\\\/oa_features\\\/img\\\/2-default.jpg\",\"contentUrl\":\"https:\\\/\\\/www.factorled.com\\\/modules\\\/oa_features\\\/img\\\/2-default.jpg\"},{\"@type\":\"BreadcrumbList\",\"@id\":\"https:\\\/\\\/starlediluminacion.com\\\/producto\\\/campana-led-150w-170lm-w-ufo-new-italy-philips-xitanium-1-10v-dim\\\/#breadcrumb\",\"itemListElement\":[{\"@type\":\"ListItem\",\"position\":1,\"name\":\"Portada\",\"item\":\"https:\\\/\\\/starlediluminacion.com\\\/\"},{\"@type\":\"ListItem\",\"position\":2,\"name\":\"Shop\",\"item\":\"https:\\\/\\\/starlediluminacion.com\\\/shop-2\\\/\"},{\"@type\":\"ListItem\",\"position\":3,\"name\":\"campana led 150w -170lm\\\/w- ufo new italy xitanium &#8211; 1-10v dim\"}]},{\"@type\":\"WebSite\",\"@id\":\"https:\\\/\\\/starlediluminacion.com\\\/#website\",\"url\":\"https:\\\/\\\/starlediluminacion.com\\\/\",\"name\":\"STARLED Iluminacion\",\"description\":\"\",\"potentialAction\":[{\"@type\":\"SearchAction\",\"target\":{\"@type\":\"EntryPoint\",\"urlTemplate\":\"https:\\\/\\\/starlediluminacion.com\\\/?s={search_term_string}\"},\"query-input\":{\"@type\":\"PropertyValueSpecification\",\"valueRequired\":true,\"valueName\":\"search_term_string\"}}],\"inLanguage\":\"pt-PT\"}]}<\/script>\n<!-- \/ Yoast SEO plugin. -->","yoast_head_json":{"title":"campana led 150w -170lm\/w- ufo new italy xitanium - 1-10v dim - STARLED Iluminacion","robots":{"index":"index","follow":"follow","max-snippet":"max-snippet:-1","max-image-preview":"max-image-preview:large","max-video-preview":"max-video-preview:-1"},"canonical":"https:\/\/starlediluminacion.com\/pt\/product\/campana-led-150w-170lm-w-ufo-new-italy-philips-xitanium-1-10v-dim\/","og_locale":"pt_PT","og_type":"article","og_title":"campana led 150w -170lm\/w- ufo new italy xitanium - 1-10v dim - STARLED Iluminacion","og_description":"Referencia: SLNEW-HBPHL150W-CW-91783     \u00a1Convierte tu espacio en un ambiente brillante y eficiente con nuestra\u00a0Campana LED 150W\u00a0170LM\/W UFO NEW ITALY PHILIPS XITANIUM - 1-10V Dimmable!  Esta campana revolucionaria combina tecnolog\u00eda de vanguardia con la calidad premium de Philips, asegurando un rendimiento excepcional y una durabilidad sin igual. La potente iluminaci\u00f3n LED de 150W\u00a0garantiza una intensidad luminosa excepcional de 170 l\u00famenes por vatio.  Su\u00a0dise\u00f1o UFO\u00a0moderno y elegante se adapta perfectamente a cualquier entorno.\u00a0 Adem\u00e1s, el sistema de atenuaci\u00f3n 1-10V te permite ahorrar electricidad y\u00a0 ajustar la intensidad de la luz seg\u00fan tus necesidades.\u00a06 a\u00f1os de Garant\u00eda.\u00a0  Temperatura de Color: 4000K\/5700K","og_url":"https:\/\/starlediluminacion.com\/pt\/product\/campana-led-150w-170lm-w-ufo-new-italy-philips-xitanium-1-10v-dim\/","og_site_name":"STARLED Iluminacion","article_modified_time":"2025-10-18T08:09:21+00:00","og_image":[{"url":"https:\/\/www.factorled.com\/modules\/oa_features\/img\/2-default.jpg","type":"","width":"","height":""}],"twitter_card":"summary_large_image","twitter_misc":{"Tempo estimado de leitura":"5 minutos"},"schema":{"@context":"https:\/\/schema.org","@graph":[{"@type":"WebPage","@id":"https:\/\/starlediluminacion.com\/producto\/campana-led-150w-170lm-w-ufo-new-italy-philips-xitanium-1-10v-dim\/","url":"https:\/\/starlediluminacion.com\/producto\/campana-led-150w-170lm-w-ufo-new-italy-philips-xitanium-1-10v-dim\/","name":"campana led 150w -170lm\/w- ufo new italy xitanium - 1-10v dim - STARLED Iluminacion","isPartOf":{"@id":"https:\/\/starlediluminacion.com\/#website"},"primaryImageOfPage":{"@id":"https:\/\/starlediluminacion.com\/producto\/campana-led-150w-170lm-w-ufo-new-italy-philips-xitanium-1-10v-dim\/#primaryimage"},"image":{"@id":"https:\/\/starlediluminacion.com\/producto\/campana-led-150w-170lm-w-ufo-new-italy-philips-xitanium-1-10v-dim\/#primaryimage"},"thumbnailUrl":"https:\/\/www.factorled.com\/modules\/oa_features\/img\/2-default.jpg","datePublished":"2024-08-04T09:41:16+00:00","dateModified":"2025-10-18T08:09:21+00:00","breadcrumb":{"@id":"https:\/\/starlediluminacion.com\/producto\/campana-led-150w-170lm-w-ufo-new-italy-philips-xitanium-1-10v-dim\/#breadcrumb"},"inLanguage":"pt-PT","potentialAction":[{"@type":"ReadAction","target":["https:\/\/starlediluminacion.com\/producto\/campana-led-150w-170lm-w-ufo-new-italy-philips-xitanium-1-10v-dim\/"]}]},{"@type":"ImageObject","inLanguage":"pt-PT","@id":"https:\/\/starlediluminacion.com\/producto\/campana-led-150w-170lm-w-ufo-new-italy-philips-xitanium-1-10v-dim\/#primaryimage","url":"https:\/\/www.factorled.com\/modules\/oa_features\/img\/2-default.jpg","contentUrl":"https:\/\/www.factorled.com\/modules\/oa_features\/img\/2-default.jpg"},{"@type":"BreadcrumbList","@id":"https:\/\/starlediluminacion.com\/producto\/campana-led-150w-170lm-w-ufo-new-italy-philips-xitanium-1-10v-dim\/#breadcrumb","itemListElement":[{"@type":"ListItem","position":1,"name":"Portada","item":"https:\/\/starlediluminacion.com\/"},{"@type":"ListItem","position":2,"name":"Shop","item":"https:\/\/starlediluminacion.com\/shop-2\/"},{"@type":"ListItem","position":3,"name":"campana led 150w -170lm\/w- ufo new italy xitanium &#8211; 1-10v dim"}]},{"@type":"WebSite","@id":"https:\/\/starlediluminacion.com\/#website","url":"https:\/\/starlediluminacion.com\/","name":"STARLED Iluminacion","description":"","potentialAction":[{"@type":"SearchAction","target":{"@type":"EntryPoint","urlTemplate":"https:\/\/starlediluminacion.com\/?s={search_term_string}"},"query-input":{"@type":"PropertyValueSpecification","valueRequired":true,"valueName":"search_term_string"}}],"inLanguage":"pt-PT"}]}},"_links":{"self":[{"href":"https:\/\/starlediluminacion.com\/pt\/wp-json\/wp\/v3\/product\/13644","targetHints":{"allow":["GET"]}}],"collection":[{"href":"https:\/\/starlediluminacion.com\/pt\/wp-json\/wp\/v3\/product"}],"about":[{"href":"https:\/\/starlediluminacion.com\/pt\/wp-json\/wp\/v2\/types\/product"}],"wp:attachment":[{"href":"https:\/\/starlediluminacion.com\/pt\/wp-json\/wp\/v2\/media?parent=13644"}],"wp:term":[{"taxonomy":"product_cat","embeddable":true,"href":"https:\/\/starlediluminacion.com\/pt\/wp-json\/wp\/v2\/product_cat?post=13644"},{"taxonomy":"product_tag","embeddable":true,"href":"https:\/\/starlediluminacion.com\/pt\/wp-json\/wp\/v2\/product_tag?post=13644"}],"curies":[{"name":"wp","href":"https:\/\/api.w.org\/{rel}","templated":true}]}}