{"id":13570,"date":"2024-07-07T11:52:58","date_gmt":"2024-07-07T11:52:58","guid":{"rendered":"https:\/\/starlediluminacion.com\/?post_type=product&#038;p=13570"},"modified":"2024-10-27T10:24:37","modified_gmt":"2024-10-27T10:24:37","slug":"foco-proyector-led-100w-action-pro-osram-chip-duris-e2835","status":"publish","type":"product","link":"https:\/\/starlediluminacion.com\/pt\/product\/projetor-led-100w-acao-pro-osram-chip-duris-e2835\/","title":{"rendered":"<p>Projetor LED 100W - ACTION PRO - OSRAM CHIP DURIS E2835<\/p>"},"content":{"rendered":"<h1>Projetor LED 100W - ACTION PRO - OSRAM CHIP DURIS E2835<p>O&nbsp;<strong>Holofote LED<\/strong>&nbsp;-&nbsp;<b>AC\u00c7\u00c3O PRO&nbsp;<\/b>-&nbsp;<strong>CHIP OSRAM DURIS E2835<\/strong>- \u00e9 uma lumin\u00e1ria impressionante feita de materiais de alta qualidade, como o alum\u00ednio e o vidro, que garantem durabilidade e resist\u00eancia. Com a sua pot\u00eancia de 100W&nbsp;<strong>,<\/strong>&nbsp;este projetor LED oferece uma ilumina\u00e7\u00e3o potente e eficiente, perfeita para uma vasta gama de aplica\u00e7\u00f5es.<\/p><p>Uma das caracter\u00edsticas not\u00e1veis deste projetor \u00e9 o d\u00edodo Osram Duris SMD2835 de alta qualidade, que assegura um desempenho \u00f3timo e uma reprodu\u00e7\u00e3o de cores precisa com um \u00edndice de reprodu\u00e7\u00e3o de cores (CRI) superior a 80. Isto significa que as cores s\u00e3o reproduzidas de forma vibrante e fiel \u00e0 vida, proporcionando uma experi\u00eancia visual excecional.<\/p><p>Para al\u00e9m da sua pot\u00eancia luminosa, o&nbsp;<strong>Projetor LED de 100W<\/strong>&nbsp; - O ACTION PRO distingue-se tamb\u00e9m pela sua versatilidade em termos de local de utiliza\u00e7\u00e3o. Gra\u00e7as \u00e0 sua classifica\u00e7\u00e3o&nbsp;<strong>IP65<\/strong>Com o seu design \u00e0 prova de \u00e1gua e de poeiras, este projetor \u00e9 a escolha ideal para aplica\u00e7\u00f5es interiores e exteriores. Quer seja para iluminar um jardim, uma fachada, uma montra ou qualquer outro espa\u00e7o, este projetor est\u00e1 pronto para enfrentar os desafios do ambiente exterior sem comprometer o desempenho.<\/p><p>O revestimento de tinta ep\u00f3xi cozida de alta resist\u00eancia deste projetor n\u00e3o s\u00f3 d\u00e1 uma apar\u00eancia elegante, como tamb\u00e9m proporciona uma prote\u00e7\u00e3o adicional contra a corros\u00e3o e os agentes atmosf\u00e9ricos, garantindo uma longa vida \u00fatil e uma apar\u00eancia impec\u00e1vel, mesmo em condi\u00e7\u00f5es ambientais adversas.<\/p><p>&nbsp;<\/p><p>O projetor LED de 100W - ACTION PRO - OSRAM CHIP DURIS E2835- IP65 caracteriza-se pela sua f\u00e1cil instala\u00e7\u00e3o, o que o torna uma escolha conveniente para utilizadores de todos os n\u00edveis de experi\u00eancia.  Gra\u00e7as ao seu design bem pensado e estrutura compacta, este projetor LED pode ser instalado r\u00e1pida e facilmente em diferentes ambientes. \u00c9 fornecido com todos os componentes necess\u00e1rios, tais como cabos e suportes, para facilitar o processo de instala\u00e7\u00e3o.<\/p><p>&nbsp;<\/p><p>O&nbsp;<strong>Holofote LED<\/strong>&nbsp;-&nbsp;<b>AC\u00c7\u00c3O PRO&nbsp;<\/b>-&nbsp;<strong>CHIP OSRAM DURIS E2835-<\/strong>&nbsp;<strong>IP65<\/strong>&nbsp;tem uma vasta gama de utiliza\u00e7\u00f5es devido \u00e0 sua pot\u00eancia, durabilidade e resist\u00eancia aos elementos. Algumas das utiliza\u00e7\u00f5es mais comuns para este projetor incluem:<\/p><ul>\n<li>Ilumina\u00e7\u00e3o exterior: Gra\u00e7as \u00e0 sua classifica\u00e7\u00e3o IP65, este projetor \u00e9 perfeito para iluminar \u00e1reas exteriores como jardins, p\u00e1tios, fachadas de edif\u00edcios, parques, parques de estacionamento e muito mais. Proporciona uma ilumina\u00e7\u00e3o brilhante e uniforme que aumenta a seguran\u00e7a, a est\u00e9tica e a visibilidade em ambientes exteriores.<\/li>\n<li>Ilumina\u00e7\u00e3o de seguran\u00e7a: O projetor LED de 100 W \u00e9 ideal para aumentar a seguran\u00e7a em \u00e1reas de alto risco, como entradas, corredores escuros ou garagens. A sua luz potente ilumina eficazmente os espa\u00e7os, dissuadindo os intrusos e proporcionando paz de esp\u00edrito.<\/li>\n<li>Ilumina\u00e7\u00e3o para eventos e espect\u00e1culos: Devido \u00e0 sua capacidade de criar uma ilumina\u00e7\u00e3o intensa e focada, este projetor \u00e9 normalmente utilizado para eventos ao ar livre, concertos, festivais, exposi\u00e7\u00f5es e espect\u00e1culos em palco. Proporciona uma ilumina\u00e7\u00e3o marcante que real\u00e7a elementos espec\u00edficos e cria um ambiente din\u00e2mico.<\/li>\n<li>Ilumina\u00e7\u00e3o de montras e expositores: O projetor LED de 100 W \u00e9 uma escolha popular para destacar produtos, expositores e vitrinas em lojas, museus e galerias. A sua luz brilhante e focada real\u00e7a os detalhes e cria um impacto visual para captar a aten\u00e7\u00e3o dos espectadores.<\/li>\n<li>Ilumina\u00e7\u00e3o interior: Embora especialmente concebido para utiliza\u00e7\u00e3o no exterior, este projetor tamb\u00e9m pode ser utilizado no interior para iluminar \u00e1reas espec\u00edficas, como salas de exposi\u00e7\u00e3o, corredores, sal\u00f5es de eventos e muito mais.<\/li>\n<\/ul><h3 class=\"h6\">Folha de dados do produto<\/h3><dl class=\"data-sheet\">\n<dt class=\"name\"><img loading=\"lazy\" decoding=\"async\" src=\"https:\/\/www.factorled.com\/modules\/oa_features\/img\/2-default.jpg\" width=\"32\" height=\"32\">&nbsp;REFER\u00caNCIA<\/dt>\n<dd class=\"value\">FLACT100W<\/dd>\n<dt class=\"name\"><img loading=\"lazy\" decoding=\"async\" src=\"https:\/\/www.factorled.com\/modules\/oa_features\/img\/3-default.jpg\" width=\"32\" height=\"32\">&nbsp;Pot\u00eancia nominal<\/dt>\n<dd class=\"value\">100w<\/dd>\n<dt class=\"name\"><img loading=\"lazy\" decoding=\"async\" src=\"https:\/\/www.factorled.com\/modules\/oa_features\/img\/4-default.jpg\" width=\"32\" height=\"32\">&nbsp;Tens\u00e3o nominal<\/dt>\n<dd class=\"value\">220-240V<\/dd>\n<dt class=\"name\"><img loading=\"lazy\" decoding=\"async\" src=\"https:\/\/www.factorled.com\/modules\/oa_features\/img\/5-default.jpg\" width=\"32\" height=\"32\">&nbsp;Temperatura da luz<\/dt>\n<dd class=\"value\">4000K - 5700K<\/dd>\n<dt class=\"name\"><img loading=\"lazy\" decoding=\"async\" src=\"https:\/\/www.factorled.com\/modules\/oa_features\/img\/6-default.jpg\" width=\"32\" height=\"32\">&nbsp;CRI - \u00cdndice de restitui\u00e7\u00e3o de cor<\/dt>\n<dd class=\"value\">80<\/dd>\n<dt class=\"name\"><img loading=\"lazy\" decoding=\"async\" src=\"https:\/\/www.factorled.com\/modules\/oa_features\/img\/25-default.jpg\" width=\"32\" height=\"32\">&nbsp;Material de constru\u00e7\u00e3o<\/dt>\n<dd class=\"value\">Alum\u00ednio + Vidro<\/dd>\n<dt class=\"name\"><img loading=\"lazy\" decoding=\"async\" src=\"https:\/\/www.factorled.com\/modules\/oa_features\/img\/8-default.jpg\" width=\"32\" height=\"32\">&nbsp;Luminosidade-Lm<\/dt>\n<dd class=\"value\">11000<\/dd>\n<dt class=\"name\"><img loading=\"lazy\" decoding=\"async\" src=\"https:\/\/www.factorled.com\/modules\/oa_features\/img\/9-default.jpg\" width=\"32\" height=\"32\">&nbsp;Tipo de LED<\/dt>\n<dd class=\"value\">SMD 2835 OSRAM CHIP<\/dd>\n<dt class=\"name\"><img loading=\"lazy\" decoding=\"async\" src=\"https:\/\/www.factorled.com\/modules\/oa_features\/img\/10-default.jpg\" width=\"32\" height=\"32\">&nbsp;\u00c2ngulo de abertura (\u00ba)<\/dt>\n<dd class=\"value\">120\u00ba<\/dd>\n<dt class=\"name\"><img loading=\"lazy\" decoding=\"async\" src=\"https:\/\/www.factorled.com\/modules\/oa_features\/img\/12-default.jpg\" width=\"32\" height=\"32\">&nbsp;Efici\u00eancia do d\u00edodo LED (Lm\/W)<\/dt>\n<dd class=\"value\">140 Lm\/W<\/dd>\n<dt class=\"name\"><img loading=\"lazy\" decoding=\"async\" src=\"https:\/\/www.factorled.com\/modules\/oa_features\/img\/13-default.jpg\" width=\"32\" height=\"32\">&nbsp;Efic\u00e1cia luminosa (Lm\/W)<\/dt>\n<dd class=\"value\">110 Lm\/W<\/dd>\n<dt class=\"name\"><img loading=\"lazy\" decoding=\"async\" src=\"https:\/\/www.factorled.com\/modules\/oa_features\/img\/15-default.jpg\" width=\"32\" height=\"32\">&nbsp;Certificados<\/dt>\n<dd class=\"value\">CE - ROHS<\/dd>\n<dt class=\"name\"><img loading=\"lazy\" decoding=\"async\" src=\"https:\/\/www.factorled.com\/modules\/oa_features\/img\/16-default.jpg\" width=\"32\" height=\"32\">&nbsp;Classifica\u00e7\u00e3o IP<\/dt>\n<dd class=\"value\">IP65-Outdoor<\/dd>\n<dt class=\"name\"><img loading=\"lazy\" decoding=\"async\" src=\"https:\/\/www.factorled.com\/modules\/oa_features\/img\/17-default.jpg\" width=\"32\" height=\"32\">&nbsp;Vida \u00fatil estimada D\u00edodo LED (H)<\/dt>\n<dd class=\"value\">25000h<\/dd>\n<dt class=\"name\"><img loading=\"lazy\" decoding=\"async\" src=\"https:\/\/www.factorled.com\/modules\/oa_features\/img\/18-default.jpg\" width=\"32\" height=\"32\">&nbsp;Medidas (Mm)<\/dt>\n<dd class=\"value\">243x203x34mm<\/dd>\n<dt class=\"name\"><img loading=\"lazy\" decoding=\"async\" src=\"https:\/\/www.factorled.com\/modules\/oa_features\/img\/20-default.jpg\" width=\"32\" height=\"32\">&nbsp;Fator de pot\u00eancia (PF)<\/dt>\n<dd class=\"value\">0.98<\/dd>\n<dt class=\"name\"><img loading=\"lazy\" decoding=\"async\" src=\"https:\/\/www.factorled.com\/modules\/oa_features\/img\/21-default.jpg\" width=\"32\" height=\"32\">&nbsp;Frequ\u00eancia de trabalho (Hz)<\/dt>\n<dd class=\"value\">50\/60Hz<\/dd>\n<dt class=\"name\"><img loading=\"lazy\" decoding=\"async\" src=\"https:\/\/www.factorled.com\/modules\/oa_features\/img\/22-default.jpg\" width=\"32\" height=\"32\">&nbsp;Gama de temperaturas (\u00baC)<\/dt>\n<dd class=\"value\">-20\u00b0C ~ +55\u00b0C<\/dd>\n<dt class=\"name\"><img loading=\"lazy\" decoding=\"async\" src=\"https:\/\/www.factorled.com\/modules\/oa_features\/img\/23-default.jpg\" width=\"32\" height=\"32\">&nbsp;Ciclos de igni\u00e7\u00e3o<\/dt>\n<dd class=\"value\">100.000<\/dd>\n<dt class=\"name\"><img loading=\"lazy\" decoding=\"async\" src=\"https:\/\/www.factorled.com\/modules\/oa_features\/img\/24-default.jpg\" width=\"32\" height=\"32\">&nbsp;Tempo de arranque (S)<\/dt>\n<dd class=\"value\">0,2s<\/dd>\n<dt class=\"name\"><img loading=\"lazy\" decoding=\"async\" src=\"https:\/\/www.factorled.com\/modules\/oa_features\/img\/26-default.jpg\" width=\"32\" height=\"32\">&nbsp;Informa\u00e7\u00f5es adicionais<\/dt>\n<dd class=\"value\">Protetor de sobretens\u00e3o 2K<\/dd>\n<dt class=\"name\"><img loading=\"lazy\" decoding=\"async\" src=\"https:\/\/www.factorled.com\/modules\/oa_features\/img\/73-default.jpg\" width=\"32\" height=\"32\">&nbsp;Prote\u00e7\u00e3o contra impactos (IK)<\/dt>\n<dd class=\"value\">IK07<\/dd>\n<dt class=\"name\"><img loading=\"lazy\" decoding=\"async\" src=\"https:\/\/www.factorled.com\/modules\/oa_features\/img\/7-default.jpg\" width=\"32\" height=\"32\">&nbsp;Classe energ\u00e9tica (2021-UE-2019\/2015)<\/dt>\n<dd class=\"value\">A+<\/dd>\n<dt class=\"name\"><img loading=\"lazy\" decoding=\"async\" src=\"https:\/\/www.factorled.com\/modules\/oa_features\/img\/101-default.jpg\" width=\"32\" height=\"32\">&nbsp;Classe energ\u00e9tica (2023 - UE-2019\/2015)<\/dt>\n<dd class=\"value\">E<\/dd>\n<dt class=\"name\"><img loading=\"lazy\" decoding=\"async\" src=\"https:\/\/www.factorled.com\/modules\/oa_features\/img\/75-default.jpg\" width=\"32\" height=\"32\">&nbsp;Anos de garantia<\/dt>\n<dd class=\"value\">3<\/dd>\n<\/dl><\/h1>","protected":false},"excerpt":{"rendered":"<div class=\"product-reference\"><strong><label class=\"label\">Refer\u00eancia:<\/label> SLFLACT100W-CW-91922<\/strong>\n<div><\/div>\n<div class=\"product-description-short\">\n<div id=\"product-description-short-3448\">\n<p><strong>Projetor LED de 100W<\/strong>&nbsp;<b>- ACTION PRO - OSRAM CHIP DURIS E2835- IP65<\/b>A escolha perfeita para uma ilumina\u00e7\u00e3o potente e duradoura. Este projetor LED de 100W, equipado com a tecnologia de ponta OSRAM CHIP DURIS E2835, proporciona uma ilumina\u00e7\u00e3o brilhante e eficiente. Com a sua classifica\u00e7\u00e3o IP65, \u00e9 resistente \u00e0 \u00e1gua e ao p\u00f3, tornando-o ideal para utiliza\u00e7\u00e3o em interiores e exteriores. Experimente a qualidade e o desempenho excepcionais deste projetor l\u00edder na sua classe!<\/p>\n<p><strong>Temperatura de cor: 4000K\/5700K<\/strong><\/p>\n<\/div>\n<\/div><\/div>","protected":false},"featured_media":13576,"template":"","meta":{"site-sidebar-layout":"default","site-content-layout":"default","ast-global-header-display":"","ast-main-header-display":"","ast-hfb-above-header-display":"","ast-hfb-below-header-display":"","ast-hfb-mobile-header-display":"","site-post-title":"","ast-breadcrumbs-content":"","ast-featured-img":"","footer-sml-layout":"","theme-transparent-header-meta":"default","adv-header-id-meta":"","stick-header-meta":"","header-above-stick-meta":"","header-main-stick-meta":"","header-below-stick-meta":""},"product_cat":[109,28],"product_tag":[],"class_list":["post-13570","product","type-product","status-publish","has-post-thumbnail","hentry","product_cat-foco-proyector-led-action","product_cat-proyectores-led-exterior-y-jardin"],"yoast_head":"<!-- This site is optimized with the Yoast SEO plugin v27.4 - https:\/\/yoast.com\/product\/yoast-seo-wordpress\/ -->\n<title>Foco Proyector LED 100W - ACTION PRO - OSRAM CHIP DURIS E2835 - STARLED Iluminacion<\/title>\n<meta name=\"robots\" content=\"index, follow, max-snippet:-1, max-image-preview:large, max-video-preview:-1\" \/>\n<link rel=\"canonical\" href=\"https:\/\/starlediluminacion.com\/pt\/product\/projetor-led-100w-acao-pro-osram-chip-duris-e2835\/\" \/>\n<meta property=\"og:locale\" content=\"pt_PT\" \/>\n<meta property=\"og:type\" content=\"article\" \/>\n<meta property=\"og:title\" content=\"Foco Proyector LED 100W - ACTION PRO - OSRAM CHIP DURIS E2835 - STARLED Iluminacion\" \/>\n<meta property=\"og:description\" content=\"Referencia: SLFLACT100W-CW-91922      Foco Proyector LED 100W\u00a0- ACTION PRO - OSRAM CHIP DURIS E2835- IP65: La elecci\u00f3n perfecta para iluminaci\u00f3n potente y duradera. Este proyector LED de 100W\u00a0, equipado con la tecnolog\u00eda de vanguardia de OSRAM CHIP DURIS E2835, ofrece una iluminaci\u00f3n brillante y eficiente. Con su clasificaci\u00f3n IP65, es resistente al agua y al polvo, lo que lo hace ideal tanto para uso interior como exterior.\u00a0\u00a1Experimenta la calidad y rendimiento excepcionales de este foco proyector l\u00edder en su categor\u00eda!  Temperatura de Color: 4000K\/5700K\" \/>\n<meta property=\"og:url\" content=\"https:\/\/starlediluminacion.com\/pt\/product\/projetor-led-100w-acao-pro-osram-chip-duris-e2835\/\" \/>\n<meta property=\"og:site_name\" content=\"STARLED Iluminacion\" \/>\n<meta property=\"article:modified_time\" content=\"2024-10-27T10:24:37+00:00\" \/>\n<meta property=\"og:image\" content=\"https:\/\/starlediluminacion.com\/wp-content\/uploads\/2024\/07\/foco-proyector-led-10w-infinity-osram-chip-duris-e2835.jpg\" \/>\n\t<meta property=\"og:image:width\" content=\"744\" \/>\n\t<meta property=\"og:image:height\" content=\"800\" \/>\n\t<meta property=\"og:image:type\" content=\"image\/jpeg\" \/>\n<meta name=\"twitter:card\" content=\"summary_large_image\" \/>\n<meta name=\"twitter:label1\" content=\"Tempo estimado de leitura\" \/>\n\t<meta name=\"twitter:data1\" content=\"4 minutos\" \/>\n<script type=\"application\/ld+json\" class=\"yoast-schema-graph\">{\"@context\":\"https:\\\/\\\/schema.org\",\"@graph\":[{\"@type\":\"WebPage\",\"@id\":\"https:\\\/\\\/starlediluminacion.com\\\/producto\\\/foco-proyector-led-100w-action-pro-osram-chip-duris-e2835\\\/\",\"url\":\"https:\\\/\\\/starlediluminacion.com\\\/producto\\\/foco-proyector-led-100w-action-pro-osram-chip-duris-e2835\\\/\",\"name\":\"Foco Proyector LED 100W - ACTION PRO - OSRAM CHIP DURIS E2835 - STARLED Iluminacion\",\"isPartOf\":{\"@id\":\"https:\\\/\\\/starlediluminacion.com\\\/#website\"},\"primaryImageOfPage\":{\"@id\":\"https:\\\/\\\/starlediluminacion.com\\\/producto\\\/foco-proyector-led-100w-action-pro-osram-chip-duris-e2835\\\/#primaryimage\"},\"image\":{\"@id\":\"https:\\\/\\\/starlediluminacion.com\\\/producto\\\/foco-proyector-led-100w-action-pro-osram-chip-duris-e2835\\\/#primaryimage\"},\"thumbnailUrl\":\"https:\\\/\\\/starlediluminacion.com\\\/wp-content\\\/uploads\\\/2024\\\/07\\\/foco-proyector-led-10w-infinity-osram-chip-duris-e2835.jpg\",\"datePublished\":\"2024-07-07T11:52:58+00:00\",\"dateModified\":\"2024-10-27T10:24:37+00:00\",\"breadcrumb\":{\"@id\":\"https:\\\/\\\/starlediluminacion.com\\\/producto\\\/foco-proyector-led-100w-action-pro-osram-chip-duris-e2835\\\/#breadcrumb\"},\"inLanguage\":\"pt-PT\",\"potentialAction\":[{\"@type\":\"ReadAction\",\"target\":[\"https:\\\/\\\/starlediluminacion.com\\\/producto\\\/foco-proyector-led-100w-action-pro-osram-chip-duris-e2835\\\/\"]}]},{\"@type\":\"ImageObject\",\"inLanguage\":\"pt-PT\",\"@id\":\"https:\\\/\\\/starlediluminacion.com\\\/producto\\\/foco-proyector-led-100w-action-pro-osram-chip-duris-e2835\\\/#primaryimage\",\"url\":\"https:\\\/\\\/starlediluminacion.com\\\/wp-content\\\/uploads\\\/2024\\\/07\\\/foco-proyector-led-10w-infinity-osram-chip-duris-e2835.jpg\",\"contentUrl\":\"https:\\\/\\\/starlediluminacion.com\\\/wp-content\\\/uploads\\\/2024\\\/07\\\/foco-proyector-led-10w-infinity-osram-chip-duris-e2835.jpg\",\"width\":744,\"height\":800},{\"@type\":\"BreadcrumbList\",\"@id\":\"https:\\\/\\\/starlediluminacion.com\\\/producto\\\/foco-proyector-led-100w-action-pro-osram-chip-duris-e2835\\\/#breadcrumb\",\"itemListElement\":[{\"@type\":\"ListItem\",\"position\":1,\"name\":\"Portada\",\"item\":\"https:\\\/\\\/starlediluminacion.com\\\/\"},{\"@type\":\"ListItem\",\"position\":2,\"name\":\"Shop\",\"item\":\"https:\\\/\\\/starlediluminacion.com\\\/shop-2\\\/\"},{\"@type\":\"ListItem\",\"position\":3,\"name\":\"Foco Proyector LED 100W &#8211; ACTION PRO &#8211; OSRAM CHIP DURIS E2835\"}]},{\"@type\":\"WebSite\",\"@id\":\"https:\\\/\\\/starlediluminacion.com\\\/#website\",\"url\":\"https:\\\/\\\/starlediluminacion.com\\\/\",\"name\":\"STARLED Iluminacion\",\"description\":\"\",\"potentialAction\":[{\"@type\":\"SearchAction\",\"target\":{\"@type\":\"EntryPoint\",\"urlTemplate\":\"https:\\\/\\\/starlediluminacion.com\\\/?s={search_term_string}\"},\"query-input\":{\"@type\":\"PropertyValueSpecification\",\"valueRequired\":true,\"valueName\":\"search_term_string\"}}],\"inLanguage\":\"pt-PT\"}]}<\/script>\n<!-- \/ Yoast SEO plugin. -->","yoast_head_json":{"title":"Foco Proyector LED 100W - ACTION PRO - OSRAM CHIP DURIS E2835 - STARLED Iluminacion","robots":{"index":"index","follow":"follow","max-snippet":"max-snippet:-1","max-image-preview":"max-image-preview:large","max-video-preview":"max-video-preview:-1"},"canonical":"https:\/\/starlediluminacion.com\/pt\/product\/projetor-led-100w-acao-pro-osram-chip-duris-e2835\/","og_locale":"pt_PT","og_type":"article","og_title":"Foco Proyector LED 100W - ACTION PRO - OSRAM CHIP DURIS E2835 - STARLED Iluminacion","og_description":"Referencia: SLFLACT100W-CW-91922      Foco Proyector LED 100W\u00a0- ACTION PRO - OSRAM CHIP DURIS E2835- IP65: La elecci\u00f3n perfecta para iluminaci\u00f3n potente y duradera. Este proyector LED de 100W\u00a0, equipado con la tecnolog\u00eda de vanguardia de OSRAM CHIP DURIS E2835, ofrece una iluminaci\u00f3n brillante y eficiente. Con su clasificaci\u00f3n IP65, es resistente al agua y al polvo, lo que lo hace ideal tanto para uso interior como exterior.\u00a0\u00a1Experimenta la calidad y rendimiento excepcionales de este foco proyector l\u00edder en su categor\u00eda!  Temperatura de Color: 4000K\/5700K","og_url":"https:\/\/starlediluminacion.com\/pt\/product\/projetor-led-100w-acao-pro-osram-chip-duris-e2835\/","og_site_name":"STARLED Iluminacion","article_modified_time":"2024-10-27T10:24:37+00:00","og_image":[{"width":744,"height":800,"url":"https:\/\/starlediluminacion.com\/wp-content\/uploads\/2024\/07\/foco-proyector-led-10w-infinity-osram-chip-duris-e2835.jpg","type":"image\/jpeg"}],"twitter_card":"summary_large_image","twitter_misc":{"Tempo estimado de leitura":"4 minutos"},"schema":{"@context":"https:\/\/schema.org","@graph":[{"@type":"WebPage","@id":"https:\/\/starlediluminacion.com\/producto\/foco-proyector-led-100w-action-pro-osram-chip-duris-e2835\/","url":"https:\/\/starlediluminacion.com\/producto\/foco-proyector-led-100w-action-pro-osram-chip-duris-e2835\/","name":"Foco Proyector LED 100W - ACTION PRO - OSRAM CHIP DURIS E2835 - STARLED Iluminacion","isPartOf":{"@id":"https:\/\/starlediluminacion.com\/#website"},"primaryImageOfPage":{"@id":"https:\/\/starlediluminacion.com\/producto\/foco-proyector-led-100w-action-pro-osram-chip-duris-e2835\/#primaryimage"},"image":{"@id":"https:\/\/starlediluminacion.com\/producto\/foco-proyector-led-100w-action-pro-osram-chip-duris-e2835\/#primaryimage"},"thumbnailUrl":"https:\/\/starlediluminacion.com\/wp-content\/uploads\/2024\/07\/foco-proyector-led-10w-infinity-osram-chip-duris-e2835.jpg","datePublished":"2024-07-07T11:52:58+00:00","dateModified":"2024-10-27T10:24:37+00:00","breadcrumb":{"@id":"https:\/\/starlediluminacion.com\/producto\/foco-proyector-led-100w-action-pro-osram-chip-duris-e2835\/#breadcrumb"},"inLanguage":"pt-PT","potentialAction":[{"@type":"ReadAction","target":["https:\/\/starlediluminacion.com\/producto\/foco-proyector-led-100w-action-pro-osram-chip-duris-e2835\/"]}]},{"@type":"ImageObject","inLanguage":"pt-PT","@id":"https:\/\/starlediluminacion.com\/producto\/foco-proyector-led-100w-action-pro-osram-chip-duris-e2835\/#primaryimage","url":"https:\/\/starlediluminacion.com\/wp-content\/uploads\/2024\/07\/foco-proyector-led-10w-infinity-osram-chip-duris-e2835.jpg","contentUrl":"https:\/\/starlediluminacion.com\/wp-content\/uploads\/2024\/07\/foco-proyector-led-10w-infinity-osram-chip-duris-e2835.jpg","width":744,"height":800},{"@type":"BreadcrumbList","@id":"https:\/\/starlediluminacion.com\/producto\/foco-proyector-led-100w-action-pro-osram-chip-duris-e2835\/#breadcrumb","itemListElement":[{"@type":"ListItem","position":1,"name":"Portada","item":"https:\/\/starlediluminacion.com\/"},{"@type":"ListItem","position":2,"name":"Shop","item":"https:\/\/starlediluminacion.com\/shop-2\/"},{"@type":"ListItem","position":3,"name":"Foco Proyector LED 100W &#8211; ACTION PRO &#8211; OSRAM CHIP DURIS E2835"}]},{"@type":"WebSite","@id":"https:\/\/starlediluminacion.com\/#website","url":"https:\/\/starlediluminacion.com\/","name":"STARLED Iluminacion","description":"","potentialAction":[{"@type":"SearchAction","target":{"@type":"EntryPoint","urlTemplate":"https:\/\/starlediluminacion.com\/?s={search_term_string}"},"query-input":{"@type":"PropertyValueSpecification","valueRequired":true,"valueName":"search_term_string"}}],"inLanguage":"pt-PT"}]}},"_links":{"self":[{"href":"https:\/\/starlediluminacion.com\/pt\/wp-json\/wp\/v3\/product\/13570","targetHints":{"allow":["GET"]}}],"collection":[{"href":"https:\/\/starlediluminacion.com\/pt\/wp-json\/wp\/v3\/product"}],"about":[{"href":"https:\/\/starlediluminacion.com\/pt\/wp-json\/wp\/v2\/types\/product"}],"wp:featuredmedia":[{"embeddable":true,"href":"https:\/\/starlediluminacion.com\/pt\/wp-json\/wp\/v2\/media\/13576"}],"wp:attachment":[{"href":"https:\/\/starlediluminacion.com\/pt\/wp-json\/wp\/v2\/media?parent=13570"}],"wp:term":[{"taxonomy":"product_cat","embeddable":true,"href":"https:\/\/starlediluminacion.com\/pt\/wp-json\/wp\/v2\/product_cat?post=13570"},{"taxonomy":"product_tag","embeddable":true,"href":"https:\/\/starlediluminacion.com\/pt\/wp-json\/wp\/v2\/product_tag?post=13570"}],"curies":[{"name":"wp","href":"https:\/\/api.w.org\/{rel}","templated":true}]}}