{"id":13374,"date":"2024-07-07T10:49:16","date_gmt":"2024-07-07T10:49:16","guid":{"rendered":"https:\/\/starlediluminacion.com\/?post_type=product&#038;p=13374"},"modified":"2024-10-27T10:27:56","modified_gmt":"2024-10-27T10:27:56","slug":"controladora-dual-mini-rf-2-4g-monocolor","status":"publish","type":"product","link":"https:\/\/starlediluminacion.com\/pt\/product\/controlador-dual-mini-rf-2-4g-monocolor\/","title":{"rendered":"<p>Controlador Dual Mini RF 2.4G Dual - Cor \u00fanica<\/p>"},"content":{"rendered":"<h1><b>Controlador Dual Mini RF 2.4G Dual - Cor \u00fanica<\/b><p>O controlador Dual Mini RF 4-Zone 12A \u00e9 uma solu\u00e7\u00e3o vers\u00e1til e eficiente para o controlo de ilumina\u00e7\u00e3o monocrom\u00e1tica e multi-zona. Concebido para oferecer um controlo preciso e simples, este controlador permite-lhe gerir at\u00e9 quatro zonas de ilumina\u00e7\u00e3o independentes, ideais para aplica\u00e7\u00f5es residenciais e comerciais.<\/p><p><strong>Principais carater\u00edsticas:<\/strong><\/p><ul>\n<li><strong>Controlo de 4 zonas:<\/strong>&nbsp;Permite que quatro \u00e1reas de ilumina\u00e7\u00e3o diferentes sejam geridas de forma independente, proporcionando flexibilidade e personaliza\u00e7\u00e3o na configura\u00e7\u00e3o da ilumina\u00e7\u00e3o.<\/li>\n<li><strong>12 Amperes de capacidade:<\/strong>&nbsp;Suporta uma corrente m\u00e1xima de 12A, tornando-o adequado para instala\u00e7\u00f5es com maiores exig\u00eancias de pot\u00eancia.<\/li>\n<li><strong>Compatibilidade com uma \u00fanica cor:<\/strong>&nbsp;Especificamente concebido para controlar tiras de LED de uma s\u00f3 cor, proporcionando uma ilumina\u00e7\u00e3o uniforme e est\u00e1vel.<\/li>\n<li><strong>Tecnologia RF (radiofrequ\u00eancia):<\/strong>&nbsp;Facilita o controlo sem fios das luzes atrav\u00e9s do controlo remoto RF, proporcionando comodidade e facilidade de utiliza\u00e7\u00e3o.<\/li>\n<li><strong>Dimens\u00f5es compactas:<\/strong>&nbsp;O seu tamanho reduzido permite uma instala\u00e7\u00e3o discreta e f\u00e1cil numa variedade de ambientes.<\/li>\n<li><strong>Elevada efici\u00eancia e fiabilidade:<\/strong>&nbsp;Fabricado com componentes de alta qualidade para garantir um desempenho duradouro e eficiente.<\/li>\n<\/ul><h3 class=\"h6\">Folha de dados do produto<\/h3><dl class=\"data-sheet\">\n<dt class=\"name\"><img loading=\"lazy\" decoding=\"async\" src=\"https:\/\/www.factorled.com\/modules\/oa_features\/img\/2-default.jpg\" width=\"32\" height=\"32\">&nbsp;REFER\u00caNCIA<\/dt>\n<dd class=\"value\">92055-FUT036S<\/dd>\n<dt class=\"name\"><img loading=\"lazy\" decoding=\"async\" src=\"https:\/\/www.factorled.com\/modules\/oa_features\/img\/3-default.jpg\" width=\"32\" height=\"32\">&nbsp;Pot\u00eancia nominal<\/dt>\n<dd class=\"value\">12V: 144W - 24V-288W<\/dd>\n<dt class=\"name\"><img loading=\"lazy\" decoding=\"async\" src=\"https:\/\/www.factorled.com\/modules\/oa_features\/img\/4-default.jpg\" width=\"32\" height=\"32\">&nbsp;Tens\u00e3o nominal<\/dt>\n<dd class=\"value\">DC 12-24V<\/dd>\n<dt class=\"name\"><img loading=\"lazy\" decoding=\"async\" src=\"https:\/\/www.factorled.com\/modules\/oa_features\/img\/5-default.jpg\" width=\"32\" height=\"32\">&nbsp;Temperatura da luz<\/dt>\n<dd class=\"value\">Cor \u00fanica<\/dd>\n<dt class=\"name\"><img loading=\"lazy\" decoding=\"async\" src=\"https:\/\/www.factorled.com\/modules\/oa_features\/img\/25-default.jpg\" width=\"32\" height=\"32\">&nbsp;Material de constru\u00e7\u00e3o<\/dt>\n<dd class=\"value\">Termopl\u00e1stico<\/dd>\n<dt class=\"name\"><img loading=\"lazy\" decoding=\"async\" src=\"https:\/\/www.factorled.com\/modules\/oa_features\/img\/15-default.jpg\" width=\"32\" height=\"32\">&nbsp;Certificados<\/dt>\n<dd class=\"value\">CE - ROHS<\/dd>\n<dt class=\"name\"><img loading=\"lazy\" decoding=\"async\" src=\"https:\/\/www.factorled.com\/modules\/oa_features\/img\/16-default.jpg\" width=\"32\" height=\"32\">&nbsp;Classifica\u00e7\u00e3o IP<\/dt>\n<dd class=\"value\">IP20<\/dd>\n<dt class=\"name\"><img loading=\"lazy\" decoding=\"async\" src=\"https:\/\/www.factorled.com\/modules\/oa_features\/img\/18-default.jpg\" width=\"32\" height=\"32\">&nbsp;Medidas (Mm)<\/dt>\n<dd class=\"value\">17x36x74,5 mm<\/dd>\n<dt class=\"name\"><img loading=\"lazy\" decoding=\"async\" src=\"https:\/\/www.factorled.com\/modules\/oa_features\/img\/21-default.jpg\" width=\"32\" height=\"32\">&nbsp;Frequ\u00eancia de trabalho (Hz)<\/dt>\n<dd class=\"value\">2.4Ghz<\/dd>\n<dt class=\"name\"><img loading=\"lazy\" decoding=\"async\" src=\"https:\/\/www.factorled.com\/modules\/oa_features\/img\/75-default.jpg\" width=\"32\" height=\"32\">&nbsp;Anos de garantia<\/dt>\n<dd class=\"value\">3<\/dd>\n<dt class=\"name\"><img loading=\"lazy\" decoding=\"async\" src=\"https:\/\/www.factorled.com\/modules\/oa_features\/img\/77-default.jpg\" width=\"32\" height=\"32\">&nbsp;Alcance (M)<\/dt>\n<dd class=\"value\">30m<\/dd>\n<\/dl><\/h1>","protected":false},"excerpt":{"rendered":"<div class=\"product-reference\"><strong><label class=\"label\">Refer\u00eancia:<\/label> SL92055-FUT036S<\/strong>\n<div><\/div>\n<div class=\"product-description-short\">\n<div id=\"product-description-short-3591\">\n<p>O controlador Dual Mini RF 4-Zone 12A Dual \u00e9 uma solu\u00e7\u00e3o compacta e eficiente para controlar luzes LED de uma s\u00f3 cor em at\u00e9 quatro zonas independentes. Com uma capacidade de 12 amperes e tecnologia de radiofrequ\u00eancia, permite uma opera\u00e7\u00e3o simples e precisa atrav\u00e9s de controlo remoto. Ideal para aplica\u00e7\u00f5es residenciais e comerciais, oferece uma instala\u00e7\u00e3o discreta e um desempenho fi\u00e1vel para a ilumina\u00e7\u00e3o de casas, lojas, escrit\u00f3rios, restaurantes e hot\u00e9is.<\/p>\n<\/div>\n<\/div><\/div>","protected":false},"featured_media":13375,"template":"","meta":{"site-sidebar-layout":"default","site-content-layout":"default","ast-global-header-display":"","ast-main-header-display":"","ast-hfb-above-header-display":"","ast-hfb-below-header-display":"","ast-hfb-mobile-header-display":"","site-post-title":"","ast-breadcrumbs-content":"","ast-featured-img":"","footer-sml-layout":"","theme-transparent-header-meta":"default","adv-header-id-meta":"","stick-header-meta":"","header-above-stick-meta":"","header-main-stick-meta":"","header-below-stick-meta":""},"product_cat":[93,45],"product_tag":[],"class_list":["post-13374","product","type-product","status-publish","has-post-thumbnail","hentry","product_cat-controladoras-tiras-led","product_cat-tiras-led-y-neon-flexible"],"yoast_head":"<!-- This site is optimized with the Yoast SEO plugin v27.4 - https:\/\/yoast.com\/product\/yoast-seo-wordpress\/ -->\n<title>Controladora Dual Mini RF 2.4G - Monocolor - STARLED Iluminacion<\/title>\n<meta name=\"robots\" content=\"index, follow, max-snippet:-1, max-image-preview:large, max-video-preview:-1\" \/>\n<link rel=\"canonical\" href=\"https:\/\/starlediluminacion.com\/pt\/product\/controlador-dual-mini-rf-2-4g-monocolor\/\" \/>\n<meta property=\"og:locale\" content=\"pt_PT\" \/>\n<meta property=\"og:type\" content=\"article\" \/>\n<meta property=\"og:title\" content=\"Controladora Dual Mini RF 2.4G - Monocolor - STARLED Iluminacion\" \/>\n<meta property=\"og:description\" content=\"Referencia: SL92055-FUT036S      La Controladora Dual Mini RF 4 Zonas 12A es una soluci\u00f3n compacta y eficiente para controlar luces LED monocolor en hasta cuatro zonas independientes. Con una capacidad de 12 amperios y tecnolog\u00eda de radiofrecuencia, permite un manejo sencillo y preciso mediante un mando a distancia. Ideal para aplicaciones residenciales y comerciales, ofrece una instalaci\u00f3n discreta y un rendimiento fiable para iluminar hogares, tiendas, oficinas, restaurantes y hoteles.\" \/>\n<meta property=\"og:url\" content=\"https:\/\/starlediluminacion.com\/pt\/product\/controlador-dual-mini-rf-2-4g-monocolor\/\" \/>\n<meta property=\"og:site_name\" content=\"STARLED Iluminacion\" \/>\n<meta property=\"article:modified_time\" content=\"2024-10-27T10:27:56+00:00\" \/>\n<meta property=\"og:image\" content=\"https:\/\/starlediluminacion.com\/wp-content\/uploads\/2024\/07\/controladora-cct-dual-mini-rf-4-zonas-12a-mando-a-distancia-2-1.jpg\" \/>\n\t<meta property=\"og:image:width\" content=\"744\" \/>\n\t<meta property=\"og:image:height\" content=\"800\" \/>\n\t<meta property=\"og:image:type\" content=\"image\/jpeg\" \/>\n<meta name=\"twitter:card\" content=\"summary_large_image\" \/>\n<meta name=\"twitter:label1\" content=\"Tempo estimado de leitura\" \/>\n\t<meta name=\"twitter:data1\" content=\"1 minuto\" \/>\n<script type=\"application\/ld+json\" class=\"yoast-schema-graph\">{\"@context\":\"https:\\\/\\\/schema.org\",\"@graph\":[{\"@type\":\"WebPage\",\"@id\":\"https:\\\/\\\/starlediluminacion.com\\\/producto\\\/controladora-dual-mini-rf-2-4g-monocolor\\\/\",\"url\":\"https:\\\/\\\/starlediluminacion.com\\\/producto\\\/controladora-dual-mini-rf-2-4g-monocolor\\\/\",\"name\":\"Controladora Dual Mini RF 2.4G - Monocolor - STARLED Iluminacion\",\"isPartOf\":{\"@id\":\"https:\\\/\\\/starlediluminacion.com\\\/#website\"},\"primaryImageOfPage\":{\"@id\":\"https:\\\/\\\/starlediluminacion.com\\\/producto\\\/controladora-dual-mini-rf-2-4g-monocolor\\\/#primaryimage\"},\"image\":{\"@id\":\"https:\\\/\\\/starlediluminacion.com\\\/producto\\\/controladora-dual-mini-rf-2-4g-monocolor\\\/#primaryimage\"},\"thumbnailUrl\":\"https:\\\/\\\/starlediluminacion.com\\\/wp-content\\\/uploads\\\/2024\\\/07\\\/controladora-cct-dual-mini-rf-4-zonas-12a-mando-a-distancia-2-1.jpg\",\"datePublished\":\"2024-07-07T10:49:16+00:00\",\"dateModified\":\"2024-10-27T10:27:56+00:00\",\"breadcrumb\":{\"@id\":\"https:\\\/\\\/starlediluminacion.com\\\/producto\\\/controladora-dual-mini-rf-2-4g-monocolor\\\/#breadcrumb\"},\"inLanguage\":\"pt-PT\",\"potentialAction\":[{\"@type\":\"ReadAction\",\"target\":[\"https:\\\/\\\/starlediluminacion.com\\\/producto\\\/controladora-dual-mini-rf-2-4g-monocolor\\\/\"]}]},{\"@type\":\"ImageObject\",\"inLanguage\":\"pt-PT\",\"@id\":\"https:\\\/\\\/starlediluminacion.com\\\/producto\\\/controladora-dual-mini-rf-2-4g-monocolor\\\/#primaryimage\",\"url\":\"https:\\\/\\\/starlediluminacion.com\\\/wp-content\\\/uploads\\\/2024\\\/07\\\/controladora-cct-dual-mini-rf-4-zonas-12a-mando-a-distancia-2-1.jpg\",\"contentUrl\":\"https:\\\/\\\/starlediluminacion.com\\\/wp-content\\\/uploads\\\/2024\\\/07\\\/controladora-cct-dual-mini-rf-4-zonas-12a-mando-a-distancia-2-1.jpg\",\"width\":744,\"height\":800},{\"@type\":\"BreadcrumbList\",\"@id\":\"https:\\\/\\\/starlediluminacion.com\\\/producto\\\/controladora-dual-mini-rf-2-4g-monocolor\\\/#breadcrumb\",\"itemListElement\":[{\"@type\":\"ListItem\",\"position\":1,\"name\":\"Portada\",\"item\":\"https:\\\/\\\/starlediluminacion.com\\\/\"},{\"@type\":\"ListItem\",\"position\":2,\"name\":\"Shop\",\"item\":\"https:\\\/\\\/starlediluminacion.com\\\/shop-2\\\/\"},{\"@type\":\"ListItem\",\"position\":3,\"name\":\"Controladora Dual Mini RF 2.4G &#8211; Monocolor\"}]},{\"@type\":\"WebSite\",\"@id\":\"https:\\\/\\\/starlediluminacion.com\\\/#website\",\"url\":\"https:\\\/\\\/starlediluminacion.com\\\/\",\"name\":\"STARLED Iluminacion\",\"description\":\"\",\"potentialAction\":[{\"@type\":\"SearchAction\",\"target\":{\"@type\":\"EntryPoint\",\"urlTemplate\":\"https:\\\/\\\/starlediluminacion.com\\\/?s={search_term_string}\"},\"query-input\":{\"@type\":\"PropertyValueSpecification\",\"valueRequired\":true,\"valueName\":\"search_term_string\"}}],\"inLanguage\":\"pt-PT\"}]}<\/script>\n<!-- \/ Yoast SEO plugin. -->","yoast_head_json":{"title":"Controladora Dual Mini RF 2.4G - Monocolor - STARLED Iluminacion","robots":{"index":"index","follow":"follow","max-snippet":"max-snippet:-1","max-image-preview":"max-image-preview:large","max-video-preview":"max-video-preview:-1"},"canonical":"https:\/\/starlediluminacion.com\/pt\/product\/controlador-dual-mini-rf-2-4g-monocolor\/","og_locale":"pt_PT","og_type":"article","og_title":"Controladora Dual Mini RF 2.4G - Monocolor - STARLED Iluminacion","og_description":"Referencia: SL92055-FUT036S      La Controladora Dual Mini RF 4 Zonas 12A es una soluci\u00f3n compacta y eficiente para controlar luces LED monocolor en hasta cuatro zonas independientes. Con una capacidad de 12 amperios y tecnolog\u00eda de radiofrecuencia, permite un manejo sencillo y preciso mediante un mando a distancia. Ideal para aplicaciones residenciales y comerciales, ofrece una instalaci\u00f3n discreta y un rendimiento fiable para iluminar hogares, tiendas, oficinas, restaurantes y hoteles.","og_url":"https:\/\/starlediluminacion.com\/pt\/product\/controlador-dual-mini-rf-2-4g-monocolor\/","og_site_name":"STARLED Iluminacion","article_modified_time":"2024-10-27T10:27:56+00:00","og_image":[{"width":744,"height":800,"url":"https:\/\/starlediluminacion.com\/wp-content\/uploads\/2024\/07\/controladora-cct-dual-mini-rf-4-zonas-12a-mando-a-distancia-2-1.jpg","type":"image\/jpeg"}],"twitter_card":"summary_large_image","twitter_misc":{"Tempo estimado de leitura":"1 minuto"},"schema":{"@context":"https:\/\/schema.org","@graph":[{"@type":"WebPage","@id":"https:\/\/starlediluminacion.com\/producto\/controladora-dual-mini-rf-2-4g-monocolor\/","url":"https:\/\/starlediluminacion.com\/producto\/controladora-dual-mini-rf-2-4g-monocolor\/","name":"Controladora Dual Mini RF 2.4G - Monocolor - STARLED Iluminacion","isPartOf":{"@id":"https:\/\/starlediluminacion.com\/#website"},"primaryImageOfPage":{"@id":"https:\/\/starlediluminacion.com\/producto\/controladora-dual-mini-rf-2-4g-monocolor\/#primaryimage"},"image":{"@id":"https:\/\/starlediluminacion.com\/producto\/controladora-dual-mini-rf-2-4g-monocolor\/#primaryimage"},"thumbnailUrl":"https:\/\/starlediluminacion.com\/wp-content\/uploads\/2024\/07\/controladora-cct-dual-mini-rf-4-zonas-12a-mando-a-distancia-2-1.jpg","datePublished":"2024-07-07T10:49:16+00:00","dateModified":"2024-10-27T10:27:56+00:00","breadcrumb":{"@id":"https:\/\/starlediluminacion.com\/producto\/controladora-dual-mini-rf-2-4g-monocolor\/#breadcrumb"},"inLanguage":"pt-PT","potentialAction":[{"@type":"ReadAction","target":["https:\/\/starlediluminacion.com\/producto\/controladora-dual-mini-rf-2-4g-monocolor\/"]}]},{"@type":"ImageObject","inLanguage":"pt-PT","@id":"https:\/\/starlediluminacion.com\/producto\/controladora-dual-mini-rf-2-4g-monocolor\/#primaryimage","url":"https:\/\/starlediluminacion.com\/wp-content\/uploads\/2024\/07\/controladora-cct-dual-mini-rf-4-zonas-12a-mando-a-distancia-2-1.jpg","contentUrl":"https:\/\/starlediluminacion.com\/wp-content\/uploads\/2024\/07\/controladora-cct-dual-mini-rf-4-zonas-12a-mando-a-distancia-2-1.jpg","width":744,"height":800},{"@type":"BreadcrumbList","@id":"https:\/\/starlediluminacion.com\/producto\/controladora-dual-mini-rf-2-4g-monocolor\/#breadcrumb","itemListElement":[{"@type":"ListItem","position":1,"name":"Portada","item":"https:\/\/starlediluminacion.com\/"},{"@type":"ListItem","position":2,"name":"Shop","item":"https:\/\/starlediluminacion.com\/shop-2\/"},{"@type":"ListItem","position":3,"name":"Controladora Dual Mini RF 2.4G &#8211; Monocolor"}]},{"@type":"WebSite","@id":"https:\/\/starlediluminacion.com\/#website","url":"https:\/\/starlediluminacion.com\/","name":"STARLED Iluminacion","description":"","potentialAction":[{"@type":"SearchAction","target":{"@type":"EntryPoint","urlTemplate":"https:\/\/starlediluminacion.com\/?s={search_term_string}"},"query-input":{"@type":"PropertyValueSpecification","valueRequired":true,"valueName":"search_term_string"}}],"inLanguage":"pt-PT"}]}},"_links":{"self":[{"href":"https:\/\/starlediluminacion.com\/pt\/wp-json\/wp\/v3\/product\/13374","targetHints":{"allow":["GET"]}}],"collection":[{"href":"https:\/\/starlediluminacion.com\/pt\/wp-json\/wp\/v3\/product"}],"about":[{"href":"https:\/\/starlediluminacion.com\/pt\/wp-json\/wp\/v2\/types\/product"}],"wp:featuredmedia":[{"embeddable":true,"href":"https:\/\/starlediluminacion.com\/pt\/wp-json\/wp\/v2\/media\/13375"}],"wp:attachment":[{"href":"https:\/\/starlediluminacion.com\/pt\/wp-json\/wp\/v2\/media?parent=13374"}],"wp:term":[{"taxonomy":"product_cat","embeddable":true,"href":"https:\/\/starlediluminacion.com\/pt\/wp-json\/wp\/v2\/product_cat?post=13374"},{"taxonomy":"product_tag","embeddable":true,"href":"https:\/\/starlediluminacion.com\/pt\/wp-json\/wp\/v2\/product_tag?post=13374"}],"curies":[{"name":"wp","href":"https:\/\/api.w.org\/{rel}","templated":true}]}}