{"id":13299,"date":"2024-07-07T10:19:32","date_gmt":"2024-07-07T10:19:32","guid":{"rendered":"https:\/\/starlediluminacion.com\/?post_type=product&#038;p=13299"},"modified":"2024-09-15T11:50:31","modified_gmt":"2024-09-15T11:50:31","slug":"clip-de-montaje-para-tira-de-led-10mm-ip20-ip65","status":"publish","type":"product","link":"https:\/\/starlediluminacion.com\/pt\/product\/clip-de-montaje-para-tira-de-led-10mm-ip20-ip65\/","title":{"rendered":"<p>Clipe de montagem para fita LED 10mm IP20 - IP65<\/p>"},"content":{"rendered":"<h1>Clipe de montagem para fita LED de 10 mm IP20 - IP65<p>&nbsp;<\/p><p>Facilite a instala\u00e7\u00e3o das suas tiras de LED com este pr\u00e1tico clipe de montagem, concebido especificamente para tiras de LED de 10 mm com classifica\u00e7\u00e3o IP20 IP65. Ideal para aplica\u00e7\u00f5es interiores e exteriores, este clip assegura uma fixa\u00e7\u00e3o firme e duradoura \u00e0 parede com um \u00fanico parafuso. O seu design simples permite uma instala\u00e7\u00e3o r\u00e1pida e sem complica\u00e7\u00f5es, garantindo que as suas tiras de LED permanecem no lugar e mant\u00eam um aspeto limpo e profissional. Perfeito para projectos de ilumina\u00e7\u00e3o em casas, escrit\u00f3rios e qualquer espa\u00e7o onde seja necess\u00e1ria uma ilumina\u00e7\u00e3o eficiente e esteticamente agrad\u00e1vel.<\/p><p>&nbsp;<\/p><h2>Caracter\u00edsticas:<\/h2><p>- Compat\u00edvel com tiras de LED de 10 mm<\/p><p>- Fixa\u00e7\u00e3o segura com um \u00fanico parafuso<\/p><p>- Material dur\u00e1vel e resistente<\/p><p>- F\u00e1cil de instalar e utilizar<\/p><h3 class=\"h6\">Folha de dados do produto<\/h3><dl class=\"data-sheet\">\n<dt class=\"name\"><img loading=\"lazy\" decoding=\"async\" src=\"https:\/\/www.factorled.com\/modules\/oa_features\/img\/2-default.jpg\" width=\"32\" height=\"32\">&nbsp;REFER\u00caNCIA<\/dt>\n<dd class=\"value\">91907<\/dd>\n<dt class=\"name\"><img loading=\"lazy\" decoding=\"async\" src=\"https:\/\/www.factorled.com\/modules\/oa_features\/img\/25-default.jpg\" width=\"32\" height=\"32\">&nbsp;Material de constru\u00e7\u00e3o<\/dt>\n<dd class=\"value\">ABS<\/dd>\n<dt class=\"name\"><img loading=\"lazy\" decoding=\"async\" src=\"https:\/\/www.factorled.com\/modules\/oa_features\/img\/15-default.jpg\" width=\"32\" height=\"32\">&nbsp;Certificados<\/dt>\n<dd class=\"value\">CE - ROHS<\/dd>\n<dt class=\"name\"><img loading=\"lazy\" decoding=\"async\" src=\"https:\/\/www.factorled.com\/modules\/oa_features\/img\/16-default.jpg\" width=\"32\" height=\"32\">&nbsp;Classifica\u00e7\u00e3o IP<\/dt>\n<dd class=\"value\">IP20 - IP65<\/dd>\n<dt class=\"name\"><img loading=\"lazy\" decoding=\"async\" src=\"https:\/\/www.factorled.com\/modules\/oa_features\/img\/18-default.jpg\" width=\"32\" height=\"32\">&nbsp;Medidas (Mm)<\/dt>\n<dd class=\"value\">15mm x 11mm x H3,5mm<\/dd>\n<\/dl><\/h1>","protected":false},"excerpt":{"rendered":"<div class=\"product-reference\"><strong><label class=\"label\">Refer\u00eancia:<\/label> SL91907-10MM<\/strong>\n<div><\/div>\n<div class=\"product-description-short\">\n<div id=\"product-description-short-3573\">\n<p>Simplifique a instala\u00e7\u00e3o das suas tiras de LED com o nosso clip de montagem IP20 - IP65 de 10 mm! Este pr\u00e1tico acess\u00f3rio permite uma fixa\u00e7\u00e3o r\u00e1pida e segura na parede com apenas um parafuso. Ideal para qualquer projeto de ilumina\u00e7\u00e3o interior, d\u00e1-lhe um acabamento profissional e arrumado, transformando os seus espa\u00e7os com facilidade e estilo!<\/p>\n<\/div>\n<\/div><\/div>","protected":false},"featured_media":13301,"template":"","meta":{"site-sidebar-layout":"default","site-content-layout":"default","ast-global-header-display":"","ast-main-header-display":"","ast-hfb-above-header-display":"","ast-hfb-below-header-display":"","ast-hfb-mobile-header-display":"","site-post-title":"","ast-breadcrumbs-content":"","ast-featured-img":"","footer-sml-layout":"","theme-transparent-header-meta":"default","adv-header-id-meta":"","stick-header-meta":"","header-above-stick-meta":"","header-main-stick-meta":"","header-below-stick-meta":""},"product_cat":[92,45],"product_tag":[],"class_list":["post-13299","product","type-product","status-publish","has-post-thumbnail","hentry","product_cat-accesorios-tiras-led","product_cat-tiras-led-y-neon-flexible"],"_links":{"self":[{"href":"https:\/\/starlediluminacion.com\/pt\/wp-json\/wp\/v3\/product\/13299","targetHints":{"allow":["GET"]}}],"collection":[{"href":"https:\/\/starlediluminacion.com\/pt\/wp-json\/wp\/v3\/product"}],"about":[{"href":"https:\/\/starlediluminacion.com\/pt\/wp-json\/wp\/v2\/types\/product"}],"wp:featuredmedia":[{"embeddable":true,"href":"https:\/\/starlediluminacion.com\/pt\/wp-json\/wp\/v2\/media\/13301"}],"wp:attachment":[{"href":"https:\/\/starlediluminacion.com\/pt\/wp-json\/wp\/v2\/media?parent=13299"}],"wp:term":[{"taxonomy":"product_cat","embeddable":true,"href":"https:\/\/starlediluminacion.com\/pt\/wp-json\/wp\/v2\/product_cat?post=13299"},{"taxonomy":"product_tag","embeddable":true,"href":"https:\/\/starlediluminacion.com\/pt\/wp-json\/wp\/v2\/product_tag?post=13299"}],"curies":[{"name":"wp","href":"https:\/\/api.w.org\/{rel}","templated":true}]}}