{"id":13183,"date":"2024-06-16T13:58:31","date_gmt":"2024-06-16T13:58:31","guid":{"rendered":"https:\/\/starlediluminacion.com\/?post_type=product&#038;p=13183"},"modified":"2024-10-27T10:20:18","modified_gmt":"2024-10-27T10:20:18","slug":"ventilador-led-de-techo-creta-negro-30w-6cct-ip20-50cm","status":"publish","type":"product","link":"https:\/\/starlediluminacion.com\/pt\/product\/ventilador-led-de-techo-creta-negro-30w-6cct-ip20-50cm\/","title":{"rendered":"<p>CRETA Ventilador de teto LED preto CRETA - 30W 6CCT - IP20 - 50cm<\/p>"},"content":{"rendered":"<h1>Ventilador LED de techo CRETA Negro &ndash; 30W 6CCT &ndash; IP20 &ndash; 50cm<p>Explorar o nosso&nbsp;<strong>Ventilador de teto moderno e minimalista<\/strong>Perfeito para real\u00e7ar qualquer estilo decorativo, quer seja no interior ou no exterior! Esta ventoinha foi concebida para se adaptar perfeitamente a qualquer espa\u00e7o. Funciona com um&nbsp;<strong>tens\u00e3o de entrada 230V<\/strong>&nbsp;<strong>e \u00e9 alimentado por um motor de 20W\/BLDC, garantindo um desempenho eficiente e duradouro.<\/strong><\/p><p>Constru\u00eddo com&nbsp;<strong>5 p\u00e1s da ventoinha em ABS transparente<\/strong>Esta ventoinha funciona silenciosamente, com um&nbsp;<strong>n\u00edvel de ru\u00eddo t\u00e3o baixo quanto 50 dB no m\u00e1ximo<\/strong>. Para al\u00e9m disso, o seu sistema de ilumina\u00e7\u00e3o integrado&nbsp;<strong>oferece uma pot\u00eancia de 30W, com uma sa\u00edda de luz de 3000lm, op\u00e7\u00e3o de temperatura de cor selecion\u00e1vel (CCT),<\/strong>&nbsp;e um \u00edndice de restitui\u00e7\u00e3o de cor (CRI) de 80, garantindo uma ilumina\u00e7\u00e3o brilhante e de alta qualidade.<\/p><p>Com o controlo remoto inclu\u00eddo, pode ajustar facilmente a velocidade da ventoinha, que&nbsp;<strong>oferece 6 mudan\u00e7as diferentes com uma velocidade m\u00e1xima de 850 RPM.<\/strong>&nbsp;Com certifica\u00e7\u00e3o ETL, esta ventoinha cumpre os mais elevados padr\u00f5es de qualidade e seguran\u00e7a. Descubra a combina\u00e7\u00e3o perfeita de estilo, desempenho e funcionalidade com a nossa ventoinha de teto!<\/p><h3>Dados t\u00e9cnicos<\/h3><p><b>Especifica\u00e7\u00f5es da luz:&nbsp;<\/b>30w 2600lm\u00b110%\/CRI80 3CCT<br>\n<b><br>\nCor do corpo:<\/b>&nbsp;Branco<\/p><p><strong>Cor da l\u00e2mina:<\/strong>&nbsp;Branco<\/p><p><b>Inclina\u00e7\u00e3o m\u00e1xima do telhado<\/b>&nbsp;25\u00ba<\/p><p><strong>N.\u00ba de l\u00e2minas:<\/strong>&nbsp;5<\/p><p><strong>Dados de controlo:<\/strong>&nbsp;850 RPM, controlo remoto de 6 velocidades<\/p><p><strong>Acabamento:<\/strong>&nbsp;Mate<\/p><p><strong>IP:<\/strong>&nbsp;44<\/p><p><strong>Material:<\/strong>&nbsp;ABS<\/p><p><strong>Classe:<\/strong>&nbsp;Classe I<\/p><p><strong>Material da l\u00e2mina:<\/strong>&nbsp;ABS<\/p><p><strong>Tens\u00e3o:<\/strong>&nbsp;AC 220-240 V<\/p><p><strong>Tipo de motor:<\/strong>&nbsp;BLDC<\/p><p><strong>Frequ\u00eancia:<\/strong>&nbsp;50-60 Hz<\/p><p><strong>Di\u00e2metro da ventoinha:<\/strong>&nbsp;30 polegadas, 500 mm<\/p><p><strong>Garantia do motor:<\/strong>&nbsp;3 anos<\/p><p><strong>Comando:<\/strong>&nbsp;Sim<\/p><p>Esta ventoinha de teto moderna e vers\u00e1til \u00e9 adequada para uma variedade de utiliza\u00e7\u00f5es e aplica\u00e7\u00f5es em diferentes ambientes. Algumas delas incluem:<\/p><p><strong>1. casa:<\/strong>&nbsp;Perfeito para salas de estar, quartos, cozinhas ou outras \u00e1reas da casa onde se pretende uma combina\u00e7\u00e3o de ventila\u00e7\u00e3o e ilumina\u00e7\u00e3o elegante.<\/p><p><strong>2. Espa\u00e7os comerciais:<\/strong>&nbsp;Ideal para restaurantes, lojas de retalho, escrit\u00f3rios e espa\u00e7os comerciais onde se procura um design contempor\u00e2neo e funcional para melhorar o conforto e a est\u00e9tica do espa\u00e7o.<\/p><p><strong>3. Exteriores cobertos:<\/strong>&nbsp;Pode ser instalado em \u00e1reas de conv\u00e9s, alpendres ou \u00e1reas de entretenimento ao ar livre protegidas dos elementos, proporcionando uma brisa refrescante e uma ilumina\u00e7\u00e3o suave.<\/p><p><strong>4) Zonas de espera:<\/strong>&nbsp;Em ambientes como salas de espera de hot\u00e9is, cl\u00ednicas ou consult\u00f3rios m\u00e9dicos, este ventilador pode melhorar o conforto do cliente, proporcionando uma ilumina\u00e7\u00e3o agrad\u00e1vel.<\/p><p><strong>5. Restaurantes e caf\u00e9s ao ar livre:<\/strong>&nbsp;Para \u00e1reas de refei\u00e7\u00f5es ao ar livre ou p\u00e1tios de restaurantes e caf\u00e9s, esta ventoinha de teto pode ajudar a manter os clientes frescos e confort\u00e1veis enquanto desfrutam das suas refei\u00e7\u00f5es.<\/p><p><strong>6) \u00c1reas de trabalho:<\/strong>&nbsp;Em espa\u00e7os de trabalho como est\u00fadios de arte, oficinas ou garagens, esta ventoinha pode fornecer ventila\u00e7\u00e3o adicional juntamente com uma ilumina\u00e7\u00e3o eficaz para tarefas pormenorizadas.<\/p><p>&nbsp;<\/p><p>Em suma, a ventoinha de teto oferece versatilidade e funcionalidade numa variedade de ambientes, melhorando o conforto e a est\u00e9tica do espa\u00e7o. A embalagem inclui um aparelho cuidadosamente embalado em pl\u00e1stico bolha para garantir a sua seguran\u00e7a durante o transporte.<\/p><h3 class=\"h6\">Folha de dados do produto<\/h3><dl class=\"data-sheet\">\n<dt class=\"name\"><img loading=\"lazy\" decoding=\"async\" src=\"https:\/\/www.factorled.com\/modules\/oa_features\/img\/2-default.jpg\" width=\"32\" height=\"32\">&nbsp;REFER\u00caNCIA<\/dt>\n<dd class=\"value\">FNB30W-6CCT-91910<\/dd>\n<dt class=\"name\"><img loading=\"lazy\" decoding=\"async\" src=\"https:\/\/www.factorled.com\/modules\/oa_features\/img\/3-default.jpg\" width=\"32\" height=\"32\">&nbsp;Pot\u00eancia nominal<\/dt>\n<dd class=\"value\">30<\/dd>\n<dt class=\"name\"><img loading=\"lazy\" decoding=\"async\" src=\"https:\/\/www.factorled.com\/modules\/oa_features\/img\/4-default.jpg\" width=\"32\" height=\"32\">&nbsp;Tens\u00e3o nominal<\/dt>\n<dd class=\"value\">AC 220-240V<\/dd>\n<dt class=\"name\"><img loading=\"lazy\" decoding=\"async\" src=\"https:\/\/www.factorled.com\/modules\/oa_features\/img\/5-default.jpg\" width=\"32\" height=\"32\">&nbsp;Temperatura da luz<\/dt>\n<dd class=\"value\">COR SELECCION\u00c1VEL: 3000K-4000K-6000K<\/dd>\n<dt class=\"name\"><img loading=\"lazy\" decoding=\"async\" src=\"https:\/\/www.factorled.com\/modules\/oa_features\/img\/6-default.jpg\" width=\"32\" height=\"32\">&nbsp;CRI - \u00cdndice de restitui\u00e7\u00e3o de cor<\/dt>\n<dd class=\"value\">80<\/dd>\n<dt class=\"name\"><img loading=\"lazy\" decoding=\"async\" src=\"https:\/\/www.factorled.com\/modules\/oa_features\/img\/8-default.jpg\" width=\"32\" height=\"32\">&nbsp;Luminosidade-Lm<\/dt>\n<dd class=\"value\">3000<\/dd>\n<dt class=\"name\"><img loading=\"lazy\" decoding=\"async\" src=\"https:\/\/www.factorled.com\/modules\/oa_features\/img\/13-default.jpg\" width=\"32\" height=\"32\">&nbsp;Efic\u00e1cia luminosa (Lm\/W)<\/dt>\n<dd class=\"value\">110 Lm\/W<\/dd>\n<dt class=\"name\"><img loading=\"lazy\" decoding=\"async\" src=\"https:\/\/www.factorled.com\/modules\/oa_features\/img\/15-default.jpg\" width=\"32\" height=\"32\">&nbsp;Certificados<\/dt>\n<dd class=\"value\">ETL<\/dd>\n<dt class=\"name\"><img loading=\"lazy\" decoding=\"async\" src=\"https:\/\/www.factorled.com\/modules\/oa_features\/img\/16-default.jpg\" width=\"32\" height=\"32\">&nbsp;Classifica\u00e7\u00e3o IP<\/dt>\n<dd class=\"value\">IP20<\/dd>\n<dt class=\"name\"><img loading=\"lazy\" decoding=\"async\" src=\"https:\/\/www.factorled.com\/modules\/oa_features\/img\/17-default.jpg\" width=\"32\" height=\"32\">&nbsp;Vida \u00fatil estimada D\u00edodo LED (H)<\/dt>\n<dd class=\"value\">30.000<\/dd>\n<dt class=\"name\"><img loading=\"lazy\" decoding=\"async\" src=\"https:\/\/www.factorled.com\/modules\/oa_features\/img\/18-default.jpg\" width=\"32\" height=\"32\">&nbsp;Medidas (Mm)<\/dt>\n<dd class=\"value\">500xH150mm<\/dd>\n<dt class=\"name\"><img loading=\"lazy\" decoding=\"async\" src=\"https:\/\/www.factorled.com\/modules\/oa_features\/img\/21-default.jpg\" width=\"32\" height=\"32\">&nbsp;Frequ\u00eancia de trabalho (Hz)<\/dt>\n<dd class=\"value\">50\/60Hz<\/dd>\n<dt class=\"name\"><img loading=\"lazy\" decoding=\"async\" src=\"https:\/\/www.factorled.com\/modules\/oa_features\/img\/22-default.jpg\" width=\"32\" height=\"32\">&nbsp;Gama de temperaturas (\u00baC)<\/dt>\n<dd class=\"value\">+45\u00baC ~ -30\u00baC<\/dd>\n<dt class=\"name\"><img loading=\"lazy\" decoding=\"async\" src=\"https:\/\/www.factorled.com\/modules\/oa_features\/img\/37-default.jpg\" width=\"32\" height=\"32\">&nbsp;Modos de controlo<\/dt>\n<dd class=\"value\">CONTROLO REMOTO<\/dd>\n<dt class=\"name\"><img loading=\"lazy\" decoding=\"async\" src=\"https:\/\/www.factorled.com\/modules\/oa_features\/img\/75-default.jpg\" width=\"32\" height=\"32\">&nbsp;Anos de garantia<\/dt>\n<dd class=\"value\">3<\/dd>\n<dt class=\"name\"><img loading=\"lazy\" decoding=\"async\" src=\"https:\/\/www.factorled.com\/modules\/oa_features\/img\/103-default.jpg\" width=\"32\" height=\"32\">&nbsp;Cor da carro\u00e7aria<\/dt>\n<dd class=\"value\">Preto<\/dd>\n<dt class=\"name\"><img loading=\"lazy\" decoding=\"async\" src=\"https:\/\/www.factorled.com\/modules\/oa_features\/img\/105-default.jpg\" width=\"32\" height=\"32\">&nbsp;Cor da l\u00e2mina<\/dt>\n<dd class=\"value\">Transparente<\/dd>\n<dt class=\"name\"><img loading=\"lazy\" decoding=\"async\" src=\"https:\/\/www.factorled.com\/modules\/oa_features\/img\/106-default.jpg\" width=\"32\" height=\"32\">&nbsp;Material da l\u00e2mina<\/dt>\n<dd class=\"value\">ABS<\/dd>\n<dt class=\"name\"><img loading=\"lazy\" decoding=\"async\" src=\"https:\/\/www.factorled.com\/modules\/oa_features\/img\/108-default.jpg\" width=\"32\" height=\"32\">&nbsp;N\u00famero de l\u00e2minas<\/dt>\n<dd class=\"value\">3<\/dd>\n<dt class=\"name\"><img loading=\"lazy\" decoding=\"async\" src=\"https:\/\/www.factorled.com\/modules\/oa_features\/img\/112-default.jpg\" width=\"32\" height=\"32\">&nbsp;Tipo de motor<\/dt>\n<dd class=\"value\">DC<\/dd>\n<dt class=\"name\"><img loading=\"lazy\" decoding=\"async\" src=\"https:\/\/www.factorled.com\/modules\/oa_features\/img\/116-default.jpg\" width=\"32\" height=\"32\">&nbsp;Inclina\u00e7\u00e3o m\u00e1xima do telhado<\/dt>\n<dd class=\"value\">25\u00ba<\/dd>\n<dt class=\"name\"><img loading=\"lazy\" decoding=\"async\" src=\"https:\/\/www.factorled.com\/modules\/oa_features\/img\/119-default.jpg\" width=\"32\" height=\"32\">&nbsp;RPM<\/dt>\n<dd class=\"value\">850 RPM<\/dd>\n<dt class=\"name\"><img loading=\"lazy\" decoding=\"async\" src=\"https:\/\/www.factorled.com\/modules\/oa_features\/img\/121-default.jpg\" width=\"32\" height=\"32\">&nbsp;N\u00edvel de ru\u00eddo<\/dt>\n<dd class=\"value\">50 Db<\/dd>\n<\/dl><\/h1>","protected":false},"excerpt":{"rendered":"<div class=\"product-reference\"><strong><label class=\"label\">Refer\u00eancia:<\/label> SLFNB30W-6CCT-91910<\/strong>\n<div><\/div>\n<div class=\"product-description-short\">\n<div id=\"product-description-short-3540\">\n<p>Descubra o nosso&nbsp;<strong>Ventilador de teto com um design moderno e minimalista,<\/strong>&nbsp;ideal para complementar qualquer estilo decorativo, no interior ou no exterior! Equipado com um potente&nbsp;<strong>Motor 20W\/BLDC<\/strong>controlo remoto de&nbsp;<strong>6 velocidades<\/strong>&nbsp;e funcionamento silencioso, emitindo apenas 50dB de ru\u00eddo.<\/p>\n<p>Tem tamb\u00e9m um&nbsp;<strong>l\u00e2mpada<\/strong>&nbsp;a partir de&nbsp;<strong>30W<\/strong>&nbsp;que oferece um&nbsp;<strong>temperatura de cor selecion\u00e1vel (6CCT)<\/strong>&nbsp;e um \u00edndice de restitui\u00e7\u00e3o de cores (CRI) superior a 80.<\/p>\n<\/div>\n<\/div><\/div>","protected":false},"featured_media":13189,"template":"","meta":{"site-sidebar-layout":"default","site-content-layout":"default","ast-global-header-display":"","ast-main-header-display":"","ast-hfb-above-header-display":"","ast-hfb-below-header-display":"","ast-hfb-mobile-header-display":"","site-post-title":"","ast-breadcrumbs-content":"","ast-featured-img":"","footer-sml-layout":"","theme-transparent-header-meta":"default","adv-header-id-meta":"","stick-header-meta":"","header-above-stick-meta":"","header-main-stick-meta":"","header-below-stick-meta":""},"product_cat":[36,67],"product_tag":[],"class_list":["post-13183","product","type-product","status-publish","has-post-thumbnail","hentry","product_cat-apliques-led-y-decoracion","product_cat-ventiladores-techo-led"],"_links":{"self":[{"href":"https:\/\/starlediluminacion.com\/pt\/wp-json\/wp\/v3\/product\/13183","targetHints":{"allow":["GET"]}}],"collection":[{"href":"https:\/\/starlediluminacion.com\/pt\/wp-json\/wp\/v3\/product"}],"about":[{"href":"https:\/\/starlediluminacion.com\/pt\/wp-json\/wp\/v2\/types\/product"}],"wp:featuredmedia":[{"embeddable":true,"href":"https:\/\/starlediluminacion.com\/pt\/wp-json\/wp\/v2\/media\/13189"}],"wp:attachment":[{"href":"https:\/\/starlediluminacion.com\/pt\/wp-json\/wp\/v2\/media?parent=13183"}],"wp:term":[{"taxonomy":"product_cat","embeddable":true,"href":"https:\/\/starlediluminacion.com\/pt\/wp-json\/wp\/v2\/product_cat?post=13183"},{"taxonomy":"product_tag","embeddable":true,"href":"https:\/\/starlediluminacion.com\/pt\/wp-json\/wp\/v2\/product_tag?post=13183"}],"curies":[{"name":"wp","href":"https:\/\/api.w.org\/{rel}","templated":true}]}}