{"id":12894,"date":"2024-05-05T09:51:09","date_gmt":"2024-05-05T09:51:09","guid":{"rendered":"https:\/\/starlediluminacion.com\/?post_type=product&#038;p=12894"},"modified":"2024-05-05T09:54:26","modified_gmt":"2024-05-05T09:54:26","slug":"empotrable-led-7w-circular-negro-orientable-ugr19-cct-color-seleccionable","status":"publish","type":"product","link":"https:\/\/starlediluminacion.com\/pt\/product\/leds-7w-circular-preto-preto-orientavel-ugr19-cct-cor-selecionavel\/","title":{"rendered":"<p>LED de encastrar 7W Circular Preto - Ajust\u00e1vel - UGR19 - CCT Cor Selecion\u00e1vel<\/p>"},"content":{"rendered":"<h1>LED de encastrar 7W Circular Preto - Ajust\u00e1vel - UGR19 - CCT<p>Imagine a perfei\u00e7\u00e3o da ilumina\u00e7\u00e3o: o&nbsp;<strong>LED de encastrar 7W circular preto<\/strong>&nbsp;\u00e9 muito mais do que uma simples lumin\u00e1ria; \u00e9 uma obra-prima da tecnologia de ilumina\u00e7\u00e3o. Quando a descobrir, nunca mais vai querer voltar \u00e0 ilumina\u00e7\u00e3o convencional.<\/p><p>&nbsp;<\/p><p>Baixo encandeamento: Baixo UGR.<\/p><p>Uma lumin\u00e1ria com&nbsp;<strong>UGR<\/strong>&nbsp;(Classifica\u00e7\u00e3o Unificada de Encandeamento) de&nbsp;<strong>19<\/strong>&nbsp;ou inferior, oferece uma s\u00e9rie de vantagens em ambientes onde s\u00e3o necess\u00e1rias uma ilumina\u00e7\u00e3o e uma ilumina\u00e7\u00e3o adequadas.&nbsp;<strong>redu\u00e7\u00e3o do encandeamento<\/strong>. O UGR \u00e9 um par\u00e2metro que avalia o desconforto visual causado pelo encandeamento num ambiente luminoso.<\/p><p>Isto significa que a ilumina\u00e7\u00e3o \u00e9 mais suave e menos inc\u00f3moda para as pessoas que trabalham, estudam ou se encontram no espa\u00e7o iluminado. Um ambiente com menos encandeamento melhora o conforto visual e reduz a fadiga ocular. Isto significa que a ilumina\u00e7\u00e3o \u00e9 mais suave e menos inc\u00f3moda para as pessoas que trabalham, estudam ou se encontram no espa\u00e7o iluminado. Um ambiente com menos encandeamento melhora o conforto visual e reduz a fadiga ocular. Ao reduzir o encandeamento, \u00e9 poss\u00edvel obter uma ilumina\u00e7\u00e3o mais eficiente, uma vez que pode ser utilizada menos ilumina\u00e7\u00e3o geral ou de realce para obter o mesmo n\u00edvel de visibilidade. Este facto pode contribuir para uma redu\u00e7\u00e3o do consumo de energia e, consequentemente, dos custos energ\u00e9ticos.<\/p><p>A ilumina\u00e7\u00e3o de baixo UGR cria um ambiente mais agrad\u00e1vel e acolhedor, o que pode ter um impacto positivo no bem-estar e na produtividade das pessoas nesse espa\u00e7o. Um ambiente mais confort\u00e1vel e atrativo pode aumentar a satisfa\u00e7\u00e3o dos utilizadores.<\/p><p>&nbsp;<\/p><p>Brilho adapt\u00e1vel:<\/p><p>Uma das carater\u00edsticas mais espantosas deste candeeiro de embutir LED \u00e9 a sua capacidade de alterar a cor da luz a seu gosto. Gra\u00e7as ao seu interrutor inovador na parte de tr\u00e1s da lumin\u00e1ria, pode selecionar entre<strong>&nbsp;tr\u00eas op\u00e7\u00f5es de cor: branco quente, neutro ou branco frio<\/strong>Quer criar um ambiente acolhedor na sua sala de estar? Precisa de uma luz brilhante e concentrada no seu espa\u00e7o de trabalho? Talvez algo interm\u00e9dio para uma divis\u00e3o vers\u00e1til? O branco neutro \u00e9 a escolha perfeita - o controlo \u00e9 total!<\/p><p>Efici\u00eancia energ\u00e9tica excecional:<\/p><p>Com um&nbsp;<strong>pot\u00eancia<\/strong>&nbsp;de apenas&nbsp;<strong>7W<\/strong>este&nbsp;<strong>LED embutido<\/strong>&nbsp;\u00e9 uma fonte de energia eficiente. Apesar do seu baixo consumo de energia, proporciona uma ilumina\u00e7\u00e3o brilhante e n\u00edtida com um&nbsp;<strong>\u00c2ngulo de luz de 60 graus<\/strong>. Adeus aos elevados custos de eletricidade e ol\u00e1 a uma fatura energ\u00e9tica mais amiga do ambiente.<\/p><p>Ajust\u00e1vel:<\/p><p>O nosso Downlight LED n\u00e3o \u00e9 apenas mais um no mercado. O seu design<strong>&nbsp;endere\u00e7\u00e1vel<\/strong>&nbsp;permite-lhe direcionar a luz exatamente para onde precisa dela,&nbsp;<strong>Rota\u00e7\u00e3o de 360\u00ba<\/strong>&nbsp;e tem um&nbsp;<strong>24\u00ba de rota\u00e7\u00e3o<\/strong>&nbsp;para a ajustar de acordo com as necessidades de cada espa\u00e7o. Acabaram-se as sombras inc\u00f3modas e as zonas mal iluminadas - crie o ambiente perfeito, bastando para isso ajustar a dire\u00e7\u00e3o da luz!<\/p><p>Durabilidade inigual\u00e1vel:<\/p><p>Fabricada em policarbonato (PC), esta lumin\u00e1ria embutida LED \u00e9 resistente e duradoura. A sua constru\u00e7\u00e3o de alta qualidade garante que durar\u00e1 muitos anos sem perder o seu esplendor. Acabaram-se as preocupa\u00e7\u00f5es com a substitui\u00e7\u00e3o frequente de l\u00e2mpadas ou lumin\u00e1rias.<\/p><p>Instala\u00e7\u00e3o simples:<\/p><p>A instala\u00e7\u00e3o desta lumin\u00e1ria embutida LED \u00e9 uma brincadeira de crian\u00e7as. \u00c9 fornecido com todas as instru\u00e7\u00f5es e pe\u00e7as necess\u00e1rias, para que possa t\u00ea-lo pronto a funcionar em minutos, sem necessidade de contratar um eletricista.<\/p><p>&nbsp;<\/p><h2>Utiliza\u00e7\u00f5es do LED de encastrar 7W Circular Preto - Ajust\u00e1vel - UGR19 - CCT<\/h2><p>O&nbsp;<strong>LED de encastrar 7W circular preto<\/strong>&nbsp;\u00e9 t\u00e3o vers\u00e1til quanto potente. Pode ser utilizado numa grande variedade de ambientes:<\/p><ul>\n<li>Em sua casa: embeleze a sua sala de estar, cozinha, quarto ou qualquer outro espa\u00e7o com esta lumin\u00e1ria elegante e funcional. Ajuste a cor da luz para criar o ambiente perfeito em qualquer altura.<\/li>\n<li>No seu escrit\u00f3rio: Aumente a sua produtividade e crie um ambiente de trabalho ideal com luz branca brilhante na sua secret\u00e1ria ou \u00e1rea de trabalho.<\/li>\n<li>Em lojas e estabelecimentos comerciais: destaque os seus produtos e atraia clientes com uma ilumina\u00e7\u00e3o clara e atractiva.<\/li>\n<li>Em restaurantes e bares: Crie um ambiente acolhedor ou animado, consoante a ocasi\u00e3o, tudo com uma \u00fanica luz LED embutida.<\/li>\n<li>Em espa\u00e7os comerciais: Quer se trate de uma sala de exposi\u00e7\u00f5es, de uma galeria de arte ou de qualquer outro local, esta lumin\u00e1ria dar\u00e1 um toque especial ao seu espa\u00e7o.<\/li>\n<\/ul><p>Em suma, o&nbsp;<strong>LED 7W para encastrar<\/strong>&nbsp;<strong>Circular Preto<\/strong>&nbsp;com&nbsp;<strong>CCT<\/strong>&nbsp;\u00e9 o companheiro de ilumina\u00e7\u00e3o perfeito que lhe proporciona controlo, efici\u00eancia e durabilidade. D\u00ea um toque de estilo ao seu ambiente e experimente a ilumina\u00e7\u00e3o da pr\u00f3xima gera\u00e7\u00e3o - n\u00e3o espere mais para tornar sua esta maravilha da tecnologia de ilumina\u00e7\u00e3o! Transforme os seus espa\u00e7os e crie o ambiente perfeito com apenas um clique.<\/p><h3 class=\"h6\">Folha de dados do produto<\/h3><dl class=\"data-sheet\">\n<dt class=\"name\"><img loading=\"lazy\" decoding=\"async\" src=\"https:\/\/www.factorled.com\/modules\/oa_features\/img\/2-default.jpg\" width=\"32\" height=\"32\">&nbsp;REFER\u00caNCIA<\/dt>\n<dd class=\"value\">LSPL7W-CCT-91270<\/dd>\n<dt class=\"name\"><img loading=\"lazy\" decoding=\"async\" src=\"https:\/\/www.factorled.com\/modules\/oa_features\/img\/3-default.jpg\" width=\"32\" height=\"32\">&nbsp;Pot\u00eancia nominal<\/dt>\n<dd class=\"value\">7W<\/dd>\n<dt class=\"name\"><img loading=\"lazy\" decoding=\"async\" src=\"https:\/\/www.factorled.com\/modules\/oa_features\/img\/4-default.jpg\" width=\"32\" height=\"32\">&nbsp;Tens\u00e3o nominal<\/dt>\n<dd class=\"value\">220-240V<\/dd>\n<dt class=\"name\"><img loading=\"lazy\" decoding=\"async\" src=\"https:\/\/www.factorled.com\/modules\/oa_features\/img\/5-default.jpg\" width=\"32\" height=\"32\">&nbsp;Temperatura da luz<\/dt>\n<dd class=\"value\">3000K - 4200K - 6500K<\/dd>\n<dt class=\"name\"><img loading=\"lazy\" decoding=\"async\" src=\"https:\/\/www.factorled.com\/modules\/oa_features\/img\/6-default.jpg\" width=\"32\" height=\"32\">&nbsp;CRI - \u00cdndice de restitui\u00e7\u00e3o de cor<\/dt>\n<dd class=\"value\">80<\/dd>\n<dt class=\"name\"><img loading=\"lazy\" decoding=\"async\" src=\"https:\/\/www.factorled.com\/modules\/oa_features\/img\/25-default.jpg\" width=\"32\" height=\"32\">&nbsp;Material de constru\u00e7\u00e3o<\/dt>\n<dd class=\"value\">Termopl\u00e1stico<\/dd>\n<dt class=\"name\"><img loading=\"lazy\" decoding=\"async\" src=\"https:\/\/www.factorled.com\/modules\/oa_features\/img\/8-default.jpg\" width=\"32\" height=\"32\">&nbsp;Luminosidade-Lm<\/dt>\n<dd class=\"value\">700<\/dd>\n<dt class=\"name\"><img loading=\"lazy\" decoding=\"async\" src=\"https:\/\/www.factorled.com\/modules\/oa_features\/img\/9-default.jpg\" width=\"32\" height=\"32\">&nbsp;Tipo de LED<\/dt>\n<dd class=\"value\">SMD 4014<\/dd>\n<dt class=\"name\"><img loading=\"lazy\" decoding=\"async\" src=\"https:\/\/www.factorled.com\/modules\/oa_features\/img\/10-default.jpg\" width=\"32\" height=\"32\">&nbsp;\u00c2ngulo de abertura (\u00ba)<\/dt>\n<dd class=\"value\">60\u00ba<\/dd>\n<dt class=\"name\"><img loading=\"lazy\" decoding=\"async\" src=\"https:\/\/www.factorled.com\/modules\/oa_features\/img\/11-default.jpg\" width=\"32\" height=\"32\">&nbsp;Dimension\u00e1vel<\/dt>\n<dd class=\"value\">N\u00e3o<\/dd>\n<dt class=\"name\"><img loading=\"lazy\" decoding=\"async\" src=\"https:\/\/www.factorled.com\/modules\/oa_features\/img\/11-default.jpg\" width=\"32\" height=\"32\">&nbsp;Dimension\u00e1vel<\/dt>\n<dd class=\"value\">N\u00e3o<\/dd>\n<dt class=\"name\"><img loading=\"lazy\" decoding=\"async\" src=\"https:\/\/www.factorled.com\/modules\/oa_features\/img\/15-default.jpg\" width=\"32\" height=\"32\">&nbsp;Certificados<\/dt>\n<dd class=\"value\">CE - ROHS<\/dd>\n<dt class=\"name\"><img loading=\"lazy\" decoding=\"async\" src=\"https:\/\/www.factorled.com\/modules\/oa_features\/img\/16-default.jpg\" width=\"32\" height=\"32\">&nbsp;Classifica\u00e7\u00e3o IP<\/dt>\n<dd class=\"value\">IP40<\/dd>\n<dt class=\"name\"><img loading=\"lazy\" decoding=\"async\" src=\"https:\/\/www.factorled.com\/modules\/oa_features\/img\/17-default.jpg\" width=\"32\" height=\"32\">&nbsp;Vida \u00fatil estimada D\u00edodo LED (H)<\/dt>\n<dd class=\"value\">25000<\/dd>\n<dt class=\"name\"><img loading=\"lazy\" decoding=\"async\" src=\"https:\/\/www.factorled.com\/modules\/oa_features\/img\/18-default.jpg\" width=\"32\" height=\"32\">&nbsp;Medidas (Mm)<\/dt>\n<dd class=\"value\">\u00d890xH44,5mm<\/dd>\n<dt class=\"name\"><img loading=\"lazy\" decoding=\"async\" src=\"https:\/\/www.factorled.com\/modules\/oa_features\/img\/21-default.jpg\" width=\"32\" height=\"32\">&nbsp;Frequ\u00eancia de trabalho (Hz)<\/dt>\n<dd class=\"value\">50\/60Hz<\/dd>\n<dt class=\"name\"><img loading=\"lazy\" decoding=\"async\" src=\"https:\/\/www.factorled.com\/modules\/oa_features\/img\/22-default.jpg\" width=\"32\" height=\"32\">&nbsp;Gama de temperaturas (\u00baC)<\/dt>\n<dd class=\"value\">-25\u00baC ~ +45\u00baC<\/dd>\n<dt class=\"name\"><img loading=\"lazy\" decoding=\"async\" src=\"https:\/\/www.factorled.com\/modules\/oa_features\/img\/23-default.jpg\" width=\"32\" height=\"32\">&nbsp;Ciclos de igni\u00e7\u00e3o<\/dt>\n<dd class=\"value\">100.000<\/dd>\n<dt class=\"name\"><img loading=\"lazy\" decoding=\"async\" src=\"https:\/\/www.factorled.com\/modules\/oa_features\/img\/24-default.jpg\" width=\"32\" height=\"32\">&nbsp;Tempo de arranque (S)<\/dt>\n<dd class=\"value\">0,2s<\/dd>\n<dt class=\"name\"><img loading=\"lazy\" decoding=\"async\" src=\"https:\/\/www.factorled.com\/modules\/oa_features\/img\/27-default.jpg\" width=\"32\" height=\"32\">&nbsp;Corte no teto (Mm)<\/dt>\n<dd class=\"value\">\u00d8 70mm<\/dd>\n<dt class=\"name\"><img loading=\"lazy\" decoding=\"async\" src=\"https:\/\/www.factorled.com\/modules\/oa_features\/img\/72-default.jpg\" width=\"32\" height=\"32\">&nbsp;\u00cdndice de encandeamento (UGR)<\/dt>\n<dd class=\"value\">19<\/dd>\n<dt class=\"name\"><img loading=\"lazy\" decoding=\"async\" src=\"https:\/\/www.factorled.com\/modules\/oa_features\/img\/74-default.jpg\" width=\"32\" height=\"32\">&nbsp;Motorista inclu\u00eddo<\/dt>\n<dd class=\"value\">SIM<\/dd>\n<dt class=\"name\"><img loading=\"lazy\" decoding=\"async\" src=\"https:\/\/www.factorled.com\/modules\/oa_features\/img\/7-default.jpg\" width=\"32\" height=\"32\">&nbsp;Classe energ\u00e9tica (2021-UE-2019\/2015)<\/dt>\n<dd class=\"value\">A+<\/dd>\n<dt class=\"name\"><img loading=\"lazy\" decoding=\"async\" src=\"https:\/\/www.factorled.com\/modules\/oa_features\/img\/101-default.jpg\" width=\"32\" height=\"32\">&nbsp;Classe energ\u00e9tica (2023 - UE-2019\/2015)<\/dt>\n<dd class=\"value\">G<\/dd>\n<dt class=\"name\"><img loading=\"lazy\" decoding=\"async\" src=\"https:\/\/www.factorled.com\/modules\/oa_features\/img\/75-default.jpg\" width=\"32\" height=\"32\">&nbsp;Anos de garantia<\/dt>\n<dd class=\"value\">3<\/dd>\n<\/dl><\/h1>","protected":false},"excerpt":{"rendered":"<div class=\"product-reference\"><label class=\"label\">Refer\u00eancia:<\/label> SLLSPL7W-CCT-91270\n<div><\/div>\n<div class=\"product-description-short\">\n<div id=\"product-description-short-3020\">\n<p><strong>Projetor de encastrar preto - UGR19 - LED Circular<\/strong>&nbsp;<strong>orient\u00e1veis&nbsp;<\/strong>com&nbsp;<strong>7W&nbsp;<\/strong>poder. Com um \u00e2ngulo de abertura de<strong>&nbsp;60\u00ba<\/strong>A ilumina\u00e7\u00e3o \u00e9 mais direta para focar a luz em pontos espec\u00edficos. Destaca-se pelo facto de poder<strong>&nbsp;rodar 360\u00ba e rodar 24\u00ba.<\/strong>&nbsp;iluminando qualquer espa\u00e7o de interesse.<\/p>\n<p>Tecnologia&nbsp;<strong>CCT<\/strong>o&nbsp;<strong>luz<\/strong>&nbsp;branco pode ser seleccionado em&nbsp;<strong>3000K, 4000K e 6000K<\/strong>. F\u00e1cil montagem e instala\u00e7\u00e3o.<\/p>\n<p><i class=\"fa fa-truck\"><\/i>&nbsp;<span class=\"text-muted textprop\">Entrega em 24\/48 horas<\/span><\/p>\n<\/div>\n<\/div><\/div>","protected":false},"featured_media":12899,"template":"","meta":{"site-sidebar-layout":"default","site-content-layout":"default","ast-global-header-display":"","ast-main-header-display":"","ast-hfb-above-header-display":"","ast-hfb-below-header-display":"","ast-hfb-mobile-header-display":"","site-post-title":"","ast-breadcrumbs-content":"","ast-featured-img":"","footer-sml-layout":"","theme-transparent-header-meta":"default","adv-header-id-meta":"","stick-header-meta":"","header-above-stick-meta":"","header-main-stick-meta":"","header-below-stick-meta":""},"product_cat":[27,70],"product_tag":[],"class_list":["post-12894","product","type-product","status-publish","has-post-thumbnail","hentry","product_cat-downlight-plafones-y-placas-led","product_cat-focos-downlight-led"],"yoast_head":"<!-- This site is optimized with the Yoast SEO plugin v27.4 - https:\/\/yoast.com\/product\/yoast-seo-wordpress\/ -->\n<title>Empotrable LED 7W Circular Negro - Orientable - UGR19 - CCT Color Seleccionable - STARLED Iluminacion<\/title>\n<meta name=\"robots\" content=\"index, follow, max-snippet:-1, max-image-preview:large, max-video-preview:-1\" \/>\n<link rel=\"canonical\" href=\"https:\/\/starlediluminacion.com\/pt\/product\/leds-7w-circular-preto-preto-orientavel-ugr19-cct-cor-selecionavel\/\" \/>\n<meta property=\"og:locale\" content=\"pt_PT\" \/>\n<meta property=\"og:type\" content=\"article\" \/>\n<meta property=\"og:title\" content=\"Empotrable LED 7W Circular Negro - Orientable - UGR19 - CCT Color Seleccionable - STARLED Iluminacion\" \/>\n<meta property=\"og:description\" content=\"Referencia: SLLSPL7W-CCT-91270      Foco Negro empotrable\u00a0- UGR19 - LED Circular\u00a0orientable\u00a0con\u00a07W\u00a0de potencia. Con un \u00e1ngulo de apertura de\u00a060\u00ba, por lo que la iluminaci\u00f3n es m\u00e1s directa para centrar la luz un puntos espec\u00edficos. Destaca por que puede\u00a0girar 360\u00ba y rotar 24\u00ba\u00a0consiguiendo dar una iluminaci\u00f3n a cualquier espacio que interese.  Tecnolog\u00eda\u00a0CCT, la\u00a0luz\u00a0blanca se puede seleccionar en\u00a03000K, 4000K y 6000K. F\u00e1cil montaje e instalaci\u00f3n.  \u00a0Entrega en 24\/48 horas\" \/>\n<meta property=\"og:url\" content=\"https:\/\/starlediluminacion.com\/pt\/product\/leds-7w-circular-preto-preto-orientavel-ugr19-cct-cor-selecionavel\/\" \/>\n<meta property=\"og:site_name\" content=\"STARLED Iluminacion\" \/>\n<meta property=\"article:modified_time\" content=\"2024-05-05T09:54:26+00:00\" \/>\n<meta property=\"og:image\" content=\"https:\/\/starlediluminacion.com\/wp-content\/uploads\/2024\/05\/empotrable-led-7w-circular-negro-orientable-ugr19-cct-color-seleccionable.jpg\" \/>\n\t<meta property=\"og:image:width\" content=\"744\" \/>\n\t<meta property=\"og:image:height\" content=\"800\" \/>\n\t<meta property=\"og:image:type\" content=\"image\/jpeg\" \/>\n<meta name=\"twitter:card\" content=\"summary_large_image\" \/>\n<meta name=\"twitter:label1\" content=\"Tempo estimado de leitura\" \/>\n\t<meta name=\"twitter:data1\" content=\"5 minutos\" \/>\n<script type=\"application\/ld+json\" class=\"yoast-schema-graph\">{\"@context\":\"https:\\\/\\\/schema.org\",\"@graph\":[{\"@type\":\"WebPage\",\"@id\":\"https:\\\/\\\/starlediluminacion.com\\\/producto\\\/empotrable-led-7w-circular-negro-orientable-ugr19-cct-color-seleccionable\\\/\",\"url\":\"https:\\\/\\\/starlediluminacion.com\\\/producto\\\/empotrable-led-7w-circular-negro-orientable-ugr19-cct-color-seleccionable\\\/\",\"name\":\"Empotrable LED 7W Circular Negro - Orientable - UGR19 - CCT Color Seleccionable - STARLED Iluminacion\",\"isPartOf\":{\"@id\":\"https:\\\/\\\/starlediluminacion.com\\\/#website\"},\"primaryImageOfPage\":{\"@id\":\"https:\\\/\\\/starlediluminacion.com\\\/producto\\\/empotrable-led-7w-circular-negro-orientable-ugr19-cct-color-seleccionable\\\/#primaryimage\"},\"image\":{\"@id\":\"https:\\\/\\\/starlediluminacion.com\\\/producto\\\/empotrable-led-7w-circular-negro-orientable-ugr19-cct-color-seleccionable\\\/#primaryimage\"},\"thumbnailUrl\":\"https:\\\/\\\/starlediluminacion.com\\\/wp-content\\\/uploads\\\/2024\\\/05\\\/empotrable-led-7w-circular-negro-orientable-ugr19-cct-color-seleccionable.jpg\",\"datePublished\":\"2024-05-05T09:51:09+00:00\",\"dateModified\":\"2024-05-05T09:54:26+00:00\",\"breadcrumb\":{\"@id\":\"https:\\\/\\\/starlediluminacion.com\\\/producto\\\/empotrable-led-7w-circular-negro-orientable-ugr19-cct-color-seleccionable\\\/#breadcrumb\"},\"inLanguage\":\"pt-PT\",\"potentialAction\":[{\"@type\":\"ReadAction\",\"target\":[\"https:\\\/\\\/starlediluminacion.com\\\/producto\\\/empotrable-led-7w-circular-negro-orientable-ugr19-cct-color-seleccionable\\\/\"]}]},{\"@type\":\"ImageObject\",\"inLanguage\":\"pt-PT\",\"@id\":\"https:\\\/\\\/starlediluminacion.com\\\/producto\\\/empotrable-led-7w-circular-negro-orientable-ugr19-cct-color-seleccionable\\\/#primaryimage\",\"url\":\"https:\\\/\\\/starlediluminacion.com\\\/wp-content\\\/uploads\\\/2024\\\/05\\\/empotrable-led-7w-circular-negro-orientable-ugr19-cct-color-seleccionable.jpg\",\"contentUrl\":\"https:\\\/\\\/starlediluminacion.com\\\/wp-content\\\/uploads\\\/2024\\\/05\\\/empotrable-led-7w-circular-negro-orientable-ugr19-cct-color-seleccionable.jpg\",\"width\":744,\"height\":800},{\"@type\":\"BreadcrumbList\",\"@id\":\"https:\\\/\\\/starlediluminacion.com\\\/producto\\\/empotrable-led-7w-circular-negro-orientable-ugr19-cct-color-seleccionable\\\/#breadcrumb\",\"itemListElement\":[{\"@type\":\"ListItem\",\"position\":1,\"name\":\"Portada\",\"item\":\"https:\\\/\\\/starlediluminacion.com\\\/\"},{\"@type\":\"ListItem\",\"position\":2,\"name\":\"Shop\",\"item\":\"https:\\\/\\\/starlediluminacion.com\\\/shop-2\\\/\"},{\"@type\":\"ListItem\",\"position\":3,\"name\":\"Empotrable LED 7W Circular Negro &#8211; Orientable &#8211; UGR19 &#8211; CCT Color Seleccionable\"}]},{\"@type\":\"WebSite\",\"@id\":\"https:\\\/\\\/starlediluminacion.com\\\/#website\",\"url\":\"https:\\\/\\\/starlediluminacion.com\\\/\",\"name\":\"STARLED Iluminacion\",\"description\":\"\",\"potentialAction\":[{\"@type\":\"SearchAction\",\"target\":{\"@type\":\"EntryPoint\",\"urlTemplate\":\"https:\\\/\\\/starlediluminacion.com\\\/?s={search_term_string}\"},\"query-input\":{\"@type\":\"PropertyValueSpecification\",\"valueRequired\":true,\"valueName\":\"search_term_string\"}}],\"inLanguage\":\"pt-PT\"}]}<\/script>\n<!-- \/ Yoast SEO plugin. -->","yoast_head_json":{"title":"Empotrable LED 7W Circular Negro - Orientable - UGR19 - CCT Color Seleccionable - STARLED Iluminacion","robots":{"index":"index","follow":"follow","max-snippet":"max-snippet:-1","max-image-preview":"max-image-preview:large","max-video-preview":"max-video-preview:-1"},"canonical":"https:\/\/starlediluminacion.com\/pt\/product\/leds-7w-circular-preto-preto-orientavel-ugr19-cct-cor-selecionavel\/","og_locale":"pt_PT","og_type":"article","og_title":"Empotrable LED 7W Circular Negro - Orientable - UGR19 - CCT Color Seleccionable - STARLED Iluminacion","og_description":"Referencia: SLLSPL7W-CCT-91270      Foco Negro empotrable\u00a0- UGR19 - LED Circular\u00a0orientable\u00a0con\u00a07W\u00a0de potencia. Con un \u00e1ngulo de apertura de\u00a060\u00ba, por lo que la iluminaci\u00f3n es m\u00e1s directa para centrar la luz un puntos espec\u00edficos. Destaca por que puede\u00a0girar 360\u00ba y rotar 24\u00ba\u00a0consiguiendo dar una iluminaci\u00f3n a cualquier espacio que interese.  Tecnolog\u00eda\u00a0CCT, la\u00a0luz\u00a0blanca se puede seleccionar en\u00a03000K, 4000K y 6000K. F\u00e1cil montaje e instalaci\u00f3n.  \u00a0Entrega en 24\/48 horas","og_url":"https:\/\/starlediluminacion.com\/pt\/product\/leds-7w-circular-preto-preto-orientavel-ugr19-cct-cor-selecionavel\/","og_site_name":"STARLED Iluminacion","article_modified_time":"2024-05-05T09:54:26+00:00","og_image":[{"width":744,"height":800,"url":"https:\/\/starlediluminacion.com\/wp-content\/uploads\/2024\/05\/empotrable-led-7w-circular-negro-orientable-ugr19-cct-color-seleccionable.jpg","type":"image\/jpeg"}],"twitter_card":"summary_large_image","twitter_misc":{"Tempo estimado de leitura":"5 minutos"},"schema":{"@context":"https:\/\/schema.org","@graph":[{"@type":"WebPage","@id":"https:\/\/starlediluminacion.com\/producto\/empotrable-led-7w-circular-negro-orientable-ugr19-cct-color-seleccionable\/","url":"https:\/\/starlediluminacion.com\/producto\/empotrable-led-7w-circular-negro-orientable-ugr19-cct-color-seleccionable\/","name":"Empotrable LED 7W Circular Negro - Orientable - UGR19 - CCT Color Seleccionable - STARLED Iluminacion","isPartOf":{"@id":"https:\/\/starlediluminacion.com\/#website"},"primaryImageOfPage":{"@id":"https:\/\/starlediluminacion.com\/producto\/empotrable-led-7w-circular-negro-orientable-ugr19-cct-color-seleccionable\/#primaryimage"},"image":{"@id":"https:\/\/starlediluminacion.com\/producto\/empotrable-led-7w-circular-negro-orientable-ugr19-cct-color-seleccionable\/#primaryimage"},"thumbnailUrl":"https:\/\/starlediluminacion.com\/wp-content\/uploads\/2024\/05\/empotrable-led-7w-circular-negro-orientable-ugr19-cct-color-seleccionable.jpg","datePublished":"2024-05-05T09:51:09+00:00","dateModified":"2024-05-05T09:54:26+00:00","breadcrumb":{"@id":"https:\/\/starlediluminacion.com\/producto\/empotrable-led-7w-circular-negro-orientable-ugr19-cct-color-seleccionable\/#breadcrumb"},"inLanguage":"pt-PT","potentialAction":[{"@type":"ReadAction","target":["https:\/\/starlediluminacion.com\/producto\/empotrable-led-7w-circular-negro-orientable-ugr19-cct-color-seleccionable\/"]}]},{"@type":"ImageObject","inLanguage":"pt-PT","@id":"https:\/\/starlediluminacion.com\/producto\/empotrable-led-7w-circular-negro-orientable-ugr19-cct-color-seleccionable\/#primaryimage","url":"https:\/\/starlediluminacion.com\/wp-content\/uploads\/2024\/05\/empotrable-led-7w-circular-negro-orientable-ugr19-cct-color-seleccionable.jpg","contentUrl":"https:\/\/starlediluminacion.com\/wp-content\/uploads\/2024\/05\/empotrable-led-7w-circular-negro-orientable-ugr19-cct-color-seleccionable.jpg","width":744,"height":800},{"@type":"BreadcrumbList","@id":"https:\/\/starlediluminacion.com\/producto\/empotrable-led-7w-circular-negro-orientable-ugr19-cct-color-seleccionable\/#breadcrumb","itemListElement":[{"@type":"ListItem","position":1,"name":"Portada","item":"https:\/\/starlediluminacion.com\/"},{"@type":"ListItem","position":2,"name":"Shop","item":"https:\/\/starlediluminacion.com\/shop-2\/"},{"@type":"ListItem","position":3,"name":"Empotrable LED 7W Circular Negro &#8211; Orientable &#8211; UGR19 &#8211; CCT Color Seleccionable"}]},{"@type":"WebSite","@id":"https:\/\/starlediluminacion.com\/#website","url":"https:\/\/starlediluminacion.com\/","name":"STARLED Iluminacion","description":"","potentialAction":[{"@type":"SearchAction","target":{"@type":"EntryPoint","urlTemplate":"https:\/\/starlediluminacion.com\/?s={search_term_string}"},"query-input":{"@type":"PropertyValueSpecification","valueRequired":true,"valueName":"search_term_string"}}],"inLanguage":"pt-PT"}]}},"_links":{"self":[{"href":"https:\/\/starlediluminacion.com\/pt\/wp-json\/wp\/v3\/product\/12894","targetHints":{"allow":["GET"]}}],"collection":[{"href":"https:\/\/starlediluminacion.com\/pt\/wp-json\/wp\/v3\/product"}],"about":[{"href":"https:\/\/starlediluminacion.com\/pt\/wp-json\/wp\/v2\/types\/product"}],"wp:featuredmedia":[{"embeddable":true,"href":"https:\/\/starlediluminacion.com\/pt\/wp-json\/wp\/v2\/media\/12899"}],"wp:attachment":[{"href":"https:\/\/starlediluminacion.com\/pt\/wp-json\/wp\/v2\/media?parent=12894"}],"wp:term":[{"taxonomy":"product_cat","embeddable":true,"href":"https:\/\/starlediluminacion.com\/pt\/wp-json\/wp\/v2\/product_cat?post=12894"},{"taxonomy":"product_tag","embeddable":true,"href":"https:\/\/starlediluminacion.com\/pt\/wp-json\/wp\/v2\/product_tag?post=12894"}],"curies":[{"name":"wp","href":"https:\/\/api.w.org\/{rel}","templated":true}]}}