{"id":12817,"date":"2024-05-01T08:37:02","date_gmt":"2024-05-01T08:37:02","guid":{"rendered":"https:\/\/starlediluminacion.com\/?post_type=product&#038;p=12817"},"modified":"2024-09-15T11:47:22","modified_gmt":"2024-09-15T11:47:22","slug":"farola-led-100w-halley-bridgelux-chip-150lm-w-con-sensor-crepuscular","status":"publish","type":"product","link":"https:\/\/starlediluminacion.com\/pt\/product\/farola-led-100w-halley-bridgelux-chip-150lm-w-con-sensor-crepuscular\/","title":{"rendered":"<p>Luz de rua LED 100W HALLEY BRIDGELUX Chip HALLEY BRIDGELUX 150lm\/W - Com sensor crepuscular<\/p>"},"content":{"rendered":"<h1>Farola LED 100W HALLEY BRIDGELUX Chip 150lm\/W &ndash; Sensor Crepuscular<p><strong>Farola LED HALLEY de 100W con sensor crepuscular,<\/strong>&nbsp;que se enciende y apaga autom&aacute;ticamente seg&uacute;n el nivel de luz natural. Este sensor permite encender la iluminaci&oacute;n autom&aacute;ticamente, tanto en zona interior como en exterior, al anochecer y desconectarla autom&aacute;tica al amanecer. Esto permite que tu instalaci&oacute;n sepa si est&aacute; sin luz en el exterior y poder as&iacute; automatizar en mayor medida la iluminaci&oacute;n de tu instalaci&oacute;n. El rango de regulaci&oacute;n de sensibilidad que admite comprende desde los 6 Lux hasta 50 luxes.<\/p><p>&nbsp;<\/p><p><strong>Funcionamento:<\/strong><\/p><p>El sensor detecta el momento de la puesta de sol o anochecer (reducci&oacute;n del nivel de luz) y provee de alimentaci&oacute;n (fase 220Vac) en la salida para conectar las l&aacute;mparas LED. De forma id&eacute;ntica, el amanecer interrumpe la conexi&oacute;n en la salida de la corriente el&eacute;ctrica con la consiguiente desconexi&oacute;n de las l&aacute;mparas LED.<\/p><p>Este producto est&aacute; dise&ntilde;ado con circuitos electr&oacute;nicos con sensor de fotodiodo y se proporciona un pararrayos (MOV). Su respuesta m&aacute;s r&aacute;pida con retraso de tiempo de 3-20 segundos ofrece una funci&oacute;n f&aacute;cil de probar.<\/p><p>&nbsp;<\/p><p>Equipada con&nbsp;<strong>diodos SMD 3030 Bridgelux<\/strong>&nbsp;de alta luminosidad, ofrece una iluminaci&oacute;n potente y uniforme en espacios exteriores de alumbrado p&uacute;blico. Con certificaci&oacute;n ENEC 05, garantiza calidad y seguridad. Aporta eficiencia y fiabilidad a tus proyectos de iluminaci&oacute;n exterior con HALLEY.<\/p><p>Destaca su gran resistencia a los golpes, con grado IK10.<\/p><p>&nbsp;<\/p><p>Adem&aacute;s, gracias a su protecci&oacute;n IP66 est&aacute; protegida ante cualquier cambio climatol&oacute;gico, sin afectar su funci&oacute;n de alumbrado.<\/p><p>&nbsp;<\/p><p>La luminaria LED HALLEY de alumbrado p&uacute;blico le permitir&aacute; mantener una buena iluminaci&oacute;n con un consumo contenido. El coste de explotaci&oacute;n es m&aacute;s bajo al no tener arrancadores ni electr&oacute;nica que sustituir.<\/p><p>&nbsp;<\/p><p>Construida para una larga vida &uacute;til de m&aacute;s de 50.000 horas, la farola LED 100W HALLEY dispone de 5 a&ntilde;os de garant&iacute;a por su alimentador de alta calidad, durabilidad y dise&ntilde;o.<\/p><p>&nbsp;<\/p><p>Dispone de conector orientable redondo de 60 mm de di&aacute;metro, con fijaci&oacute;n de 2 tornillos de presi&oacute;n a la columna.<\/p><p>&nbsp;<\/p><h2>Usos de la Farola LED 100W HALLEY BRIDGELUX Chip 150lm\/W &ndash; Sensor Crepuscular:<\/h2><p>&ndash; Alumbrado p&uacute;blico<\/p><p>&ndash; Jardines y caminos<\/p><p>&ndash; Parques y plazas<\/p><p>&ndash; Polideportivo<\/p><p>&ndash; Aparcamientos<\/p><h3 class=\"h6\">Folha de dados do produto<\/h3><dl class=\"data-sheet\">\n<dt class=\"name\"><img loading=\"lazy\" decoding=\"async\" src=\"https:\/\/www.factorled.com\/modules\/oa_features\/img\/2-default.jpg\" width=\"32\" height=\"32\">&nbsp;REFER\u00caNCIA<\/dt>\n<dd class=\"value\">SP3100W-SENSOR<\/dd>\n<dt class=\"name\"><img loading=\"lazy\" decoding=\"async\" src=\"https:\/\/www.factorled.com\/modules\/oa_features\/img\/3-default.jpg\" width=\"32\" height=\"32\">&nbsp;Pot\u00eancia nominal<\/dt>\n<dd class=\"value\">100w<\/dd>\n<dt class=\"name\"><img loading=\"lazy\" decoding=\"async\" src=\"https:\/\/www.factorled.com\/modules\/oa_features\/img\/4-default.jpg\" width=\"32\" height=\"32\">&nbsp;Tens\u00e3o nominal<\/dt>\n<dd class=\"value\">85-265V<\/dd>\n<dt class=\"name\"><img loading=\"lazy\" decoding=\"async\" src=\"https:\/\/www.factorled.com\/modules\/oa_features\/img\/5-default.jpg\" width=\"32\" height=\"32\">&nbsp;Temperatura da luz<\/dt>\n<dd class=\"value\">3000K - 4000K<\/dd>\n<dt class=\"name\"><img loading=\"lazy\" decoding=\"async\" src=\"https:\/\/www.factorled.com\/modules\/oa_features\/img\/6-default.jpg\" width=\"32\" height=\"32\">&nbsp;CRI - \u00cdndice de restitui\u00e7\u00e3o de cor<\/dt>\n<dd class=\"value\">70<\/dd>\n<dt class=\"name\"><img loading=\"lazy\" decoding=\"async\" src=\"https:\/\/www.factorled.com\/modules\/oa_features\/img\/25-default.jpg\" width=\"32\" height=\"32\">&nbsp;Material de constru\u00e7\u00e3o<\/dt>\n<dd class=\"value\">Alum\u00ednio<\/dd>\n<dt class=\"name\"><img loading=\"lazy\" decoding=\"async\" src=\"https:\/\/www.factorled.com\/modules\/oa_features\/img\/8-default.jpg\" width=\"32\" height=\"32\">&nbsp;Luminosidade-Lm<\/dt>\n<dd class=\"value\">15000Lm<\/dd>\n<dt class=\"name\"><img loading=\"lazy\" decoding=\"async\" src=\"https:\/\/www.factorled.com\/modules\/oa_features\/img\/9-default.jpg\" width=\"32\" height=\"32\">&nbsp;Tipo de LED<\/dt>\n<dd class=\"value\">SMD3030 Bridgelux<\/dd>\n<dt class=\"name\"><img loading=\"lazy\" decoding=\"async\" src=\"https:\/\/www.factorled.com\/modules\/oa_features\/img\/10-default.jpg\" width=\"32\" height=\"32\">&nbsp;\u00c2ngulo de abertura (\u00ba)<\/dt>\n<dd class=\"value\">150\u00ba x 90\u00ba.<\/dd>\n<dt class=\"name\"><img loading=\"lazy\" decoding=\"async\" src=\"https:\/\/www.factorled.com\/modules\/oa_features\/img\/12-default.jpg\" width=\"32\" height=\"32\">&nbsp;Efici\u00eancia do d\u00edodo LED (Lm\/W)<\/dt>\n<dd class=\"value\">160 Lm\/w<\/dd>\n<dt class=\"name\"><img loading=\"lazy\" decoding=\"async\" src=\"https:\/\/www.factorled.com\/modules\/oa_features\/img\/13-default.jpg\" width=\"32\" height=\"32\">&nbsp;Efic\u00e1cia luminosa (Lm\/W)<\/dt>\n<dd class=\"value\">150 Lm\/W<\/dd>\n<dt class=\"name\"><img loading=\"lazy\" decoding=\"async\" src=\"https:\/\/www.factorled.com\/modules\/oa_features\/img\/15-default.jpg\" width=\"32\" height=\"32\">&nbsp;Certificados<\/dt>\n<dd class=\"value\">CE-RoSH-T\u00dcV-ENEC<\/dd>\n<dt class=\"name\"><img loading=\"lazy\" decoding=\"async\" src=\"https:\/\/www.factorled.com\/modules\/oa_features\/img\/16-default.jpg\" width=\"32\" height=\"32\">&nbsp;Classifica\u00e7\u00e3o IP<\/dt>\n<dd class=\"value\">IP66<\/dd>\n<dt class=\"name\"><img loading=\"lazy\" decoding=\"async\" src=\"https:\/\/www.factorled.com\/modules\/oa_features\/img\/18-default.jpg\" width=\"32\" height=\"32\">&nbsp;Medidas (Mm)<\/dt>\n<dd class=\"value\">623mmx200mm - Furo do tubo 63\u00d8mm<\/dd>\n<dt class=\"name\"><img loading=\"lazy\" decoding=\"async\" src=\"https:\/\/www.factorled.com\/modules\/oa_features\/img\/20-default.jpg\" width=\"32\" height=\"32\">&nbsp;Fator de pot\u00eancia (PF)<\/dt>\n<dd class=\"value\">0,95<\/dd>\n<dt class=\"name\"><img loading=\"lazy\" decoding=\"async\" src=\"https:\/\/www.factorled.com\/modules\/oa_features\/img\/21-default.jpg\" width=\"32\" height=\"32\">&nbsp;Frequ\u00eancia de trabalho (Hz)<\/dt>\n<dd class=\"value\">50\/60Hz<\/dd>\n<dt class=\"name\"><img loading=\"lazy\" decoding=\"async\" src=\"https:\/\/www.factorled.com\/modules\/oa_features\/img\/22-default.jpg\" width=\"32\" height=\"32\">&nbsp;Gama de temperaturas (\u00baC)<\/dt>\n<dd class=\"value\">-20\u00b0C ~ +55\u00b0C<\/dd>\n<dt class=\"name\"><img loading=\"lazy\" decoding=\"async\" src=\"https:\/\/www.factorled.com\/modules\/oa_features\/img\/24-default.jpg\" width=\"32\" height=\"32\">&nbsp;Tempo de arranque (S)<\/dt>\n<dd class=\"value\">0,2s<\/dd>\n<dt class=\"name\"><img loading=\"lazy\" decoding=\"async\" src=\"https:\/\/www.factorled.com\/modules\/oa_features\/img\/73-default.jpg\" width=\"32\" height=\"32\">&nbsp;Prote\u00e7\u00e3o contra impactos (IK)<\/dt>\n<dd class=\"value\">IK10<\/dd>\n<dt class=\"name\"><img loading=\"lazy\" decoding=\"async\" src=\"https:\/\/www.factorled.com\/modules\/oa_features\/img\/74-default.jpg\" width=\"32\" height=\"32\">&nbsp;Motorista inclu\u00eddo<\/dt>\n<dd class=\"value\">EDISON<\/dd>\n<dt class=\"name\"><img loading=\"lazy\" decoding=\"async\" src=\"https:\/\/www.factorled.com\/modules\/oa_features\/img\/7-default.jpg\" width=\"32\" height=\"32\">&nbsp;Classe energ\u00e9tica (2021-UE-2019\/2015)<\/dt>\n<dd class=\"value\">A<\/dd>\n<dt class=\"name\"><img loading=\"lazy\" decoding=\"async\" src=\"https:\/\/www.factorled.com\/modules\/oa_features\/img\/101-default.jpg\" width=\"32\" height=\"32\">&nbsp;Classe energ\u00e9tica (2023 - UE-2019\/2015)<\/dt>\n<dd class=\"value\">C<\/dd>\n<dt class=\"name\"><img loading=\"lazy\" decoding=\"async\" src=\"https:\/\/www.factorled.com\/modules\/oa_features\/img\/75-default.jpg\" width=\"32\" height=\"32\">&nbsp;Anos de garantia<\/dt>\n<dd class=\"value\">5<\/dd>\n<dt class=\"name\"><img loading=\"lazy\" decoding=\"async\" src=\"https:\/\/www.factorled.com\/modules\/oa_features\/img\/76-default.jpg\" width=\"32\" height=\"32\">&nbsp;Acess\u00f3rios e complementos<\/dt>\n<dd class=\"value\">Sensor Crepuscular<\/dd>\n<\/dl><\/h1>","protected":false},"excerpt":{"rendered":"<div class=\"product-reference\"><strong><label class=\"label\">Refer\u00eancia:<\/label> SLSP3100W-SENSOR-4K<\/strong>\n<div><\/div>\n<div class=\"product-description-short\">\n<div id=\"product-description-short-3532\">\n<p>Descobrir o&nbsp;<strong>Farola LED HALLEY de 100W con sensor crepuscular,<\/strong>&nbsp;que se enciende y apaga autom&aacute;ticamente seg&uacute;n el nivel de luz natural. Equipada con diodos&nbsp;<strong>SMD 3030 Bridgelux<\/strong>&nbsp;de alta luminosidad, ofrece una iluminaci&oacute;n potente y uniforme en espacios exteriores de alumbrado p&uacute;blico. Con certificaci&oacute;n&nbsp;<strong>ENEC 05<\/strong>, garantiza calidad y seguridad. Aporta eficiencia y fiabilidad a tus proyectos de iluminaci&oacute;n exterior con HALLEY.<\/p>\n<h3>El tiempo de fabricaci&oacute;n es de 5 a 7 d&iacute;as laborables.<\/h3>\n<p>&nbsp;<\/p>\n<p><strong>Temperatura de cor: 3000K\/4000K<\/strong><\/p>\n<p>&nbsp;<\/p>\n<\/div>\n<\/div><\/div>","protected":false},"featured_media":12832,"template":"","meta":{"site-sidebar-layout":"default","site-content-layout":"default","ast-global-header-display":"","ast-main-header-display":"","ast-hfb-above-header-display":"","ast-hfb-below-header-display":"","ast-hfb-mobile-header-display":"","site-post-title":"","ast-breadcrumbs-content":"","ast-featured-img":"","footer-sml-layout":"","theme-transparent-header-meta":"default","adv-header-id-meta":"","stick-header-meta":"","header-above-stick-meta":"","header-main-stick-meta":"","header-below-stick-meta":""},"product_cat":[95,30],"product_tag":[],"class_list":["post-12817","product","type-product","status-publish","has-post-thumbnail","hentry","product_cat-farolas-led-urbanas","product_cat-iluminacion-publica-y-vial"],"_links":{"self":[{"href":"https:\/\/starlediluminacion.com\/pt\/wp-json\/wp\/v3\/product\/12817","targetHints":{"allow":["GET"]}}],"collection":[{"href":"https:\/\/starlediluminacion.com\/pt\/wp-json\/wp\/v3\/product"}],"about":[{"href":"https:\/\/starlediluminacion.com\/pt\/wp-json\/wp\/v2\/types\/product"}],"wp:featuredmedia":[{"embeddable":true,"href":"https:\/\/starlediluminacion.com\/pt\/wp-json\/wp\/v2\/media\/12832"}],"wp:attachment":[{"href":"https:\/\/starlediluminacion.com\/pt\/wp-json\/wp\/v2\/media?parent=12817"}],"wp:term":[{"taxonomy":"product_cat","embeddable":true,"href":"https:\/\/starlediluminacion.com\/pt\/wp-json\/wp\/v2\/product_cat?post=12817"},{"taxonomy":"product_tag","embeddable":true,"href":"https:\/\/starlediluminacion.com\/pt\/wp-json\/wp\/v2\/product_tag?post=12817"}],"curies":[{"name":"wp","href":"https:\/\/api.w.org\/{rel}","templated":true}]}}